{"id":7986,"date":"2025-06-12T02:15:43","date_gmt":"2025-06-12T02:15:43","guid":{"rendered":"https:\/\/sinoextrud.com\/product\/black-extruded-aluminum-heat-sink-profiles\/"},"modified":"2025-06-24T06:22:45","modified_gmt":"2025-06-24T06:22:45","slug":"fekete-extrudalt-aluminium-hutoborda-profilok","status":"publish","type":"product","link":"https:\/\/sinoextrud.com\/hu\/product\/black-extruded-aluminum-heat-sink-profiles\/","title":{"rendered":"Fekete extrud\u00e1lt alum\u00ednium h\u0171t\u0151borda profilok"},"content":{"rendered":"<h2>Term\u00e9kek r\u00e9szletei<\/h2>\n<table class=\"custom-table\">\n<tbody>\n<tr>\n<td> Oszt\u00e1ly:<\/td>\n<td> 6063 -t5<\/td>\n<\/tr>\n<tr>\n<td> Technika:<\/td>\n<td> Fekete extrud\u00e1lt alum\u00ednium h\u0171t\u0151borda profilok<\/td>\n<\/tr>\n<tr>\n<td> Lelkiismeretesen:<\/td>\n<td> T3 - T8<\/td>\n<\/tr>\n<tr>\n<td> Megmunk\u00e1l\u00e1si szolg\u00e1ltat\u00e1sok:<\/td>\n<td> F\u00far\u00e1s, csavaroz\u00e1s, szegecsel\u00e9s, \u00f6sszeszerel\u00e9s stb.<\/td>\n<\/tr>\n<tr>\n<td> V\u00e9djegy:<\/td>\n<td> Sinoextrud Sinoextrud Sinoextrud <\/td>\n<\/tr>\n<tr>\n<td> T\u00edpus:<\/td>\n<td> Fekete extrud\u00e1lt alum\u00ednium h\u0171t\u0151borda profilok<\/td>\n<\/tr>\n<tr>\n<td> Alak:<\/td>\n<td> K\u00e9sz\u00fclt az \u00fcgyfelek tervei szerint<\/td>\n<\/tr>\n<tr>\n<td> Fel\u00fcletkezel\u00e9s:<\/td>\n<td> Mill Finish elox\u00e1lt csiszolt<\/td>\n<\/tr>\n<tr>\n<td> Hossz\u00fas\u00e1g:<\/td>\n<td> 1m \u00e9s 9m k\u00f6z\u00f6tt hosszonk\u00e9nt<\/td>\n<\/tr>\n<tr>\n<td> Sz\u00ednek:<\/td>\n<td> Ez\u00fcst Fekete<\/td>\n<\/tr>\n<tr>\n<td> HS-k\u00f3d:<\/td>\n<td> 76042990<\/td>\n<\/tr>\n<\/tbody>\n<\/table>\n<h2>Gy\u00e1rt\u00f3 b\u00e1zisunk<\/h2>\n<h3>Gy\u00e1ri panor\u00e1ma<\/h3>\n<p><img decoding=\"async\" src=\"\/wp-content\/uploads\/factory-01.webp\"\/><\/p>\n<h3>Alum\u00ednium r\u00fadgy\u00e1rt\u00f3 m\u0171hely<\/h3>\n<p><img decoding=\"async\" src=\"\/wp-content\/uploads\/factory-02.webp\"\/><\/p>\n<p><img decoding=\"async\" src=\"\/wp-content\/uploads\/factory-03.webp\"\/><\/p>\n<h3>Pen\u00e9sz rakt\u00e1r<\/h3>\n<p><img decoding=\"async\" src=\"\/wp-content\/uploads\/factory-04.webp\"\/><\/p>\n<h3>43 alum\u00ednium extrud\u00e1l\u00f3 vonal (500-5500 tonna)<\/h3>\n<p><img decoding=\"async\" src=\"\/wp-content\/uploads\/factory-05.webp\"\/><\/p>\n<p><img decoding=\"async\" src=\"\/wp-content\/uploads\/factory-06.webp\"\/><\/p>\n<p><img decoding=\"async\" src=\"\/wp-content\/uploads\/factory-07.webp\"\/><\/p>\n<h3>Porfest\u0151 m\u0171hely<\/h3>\n<p><img decoding=\"async\" src=\"\/wp-content\/uploads\/factory-09.webp\"\/><\/p>\n<h3>Anodiz\u00e1l\u00f3 m\u0171hely<\/h3>\n<p><img decoding=\"async\" src=\"\/wp-content\/uploads\/factory-10.webp\"\/><\/p>\n<h3>M\u00e9ly feldolgoz\u00e1si m\u0171hely<\/h3>\n<p><img decoding=\"async\" src=\"\/wp-content\/uploads\/factory-11.webp\"\/><\/p>\n<h3>CNC prec\u00edzi\u00f3s megmunk\u00e1l\u00f3 m\u0171hely<\/h3>\n<p><img decoding=\"async\" src=\"\/wp-content\/uploads\/factory-11.5.webp\"\/><\/p>\n<h3>K\u00e9szterm\u00e9k \u00e9s export rakt\u00e1r<\/h3>\n<p><img decoding=\"async\" src=\"\/wp-content\/uploads\/factory-12.webp\"\/><\/p>\n<p><img decoding=\"async\" src=\"\/wp-content\/uploads\/factory-13.webp\"\/><\/p>\n<p><img decoding=\"async\" src=\"\/wp-content\/uploads\/factory-14.webp\"\/><\/p>\n<h2>GYIK<\/h2>\n<p><p><b>1.Mi teszi a fekete extrud\u00e1lt alum\u00ednium h\u0171t\u0151borda profilokat ide\u00e1lisv\u00e1 az elektronikus alkatr\u00e9szek h\u0171t\u00e9s\u00e9re? <\/b><\/p>\n<p> Ezek a profilok hat\u00e9kony h\u0151elvezet\u00e9st biztos\u00edtanak, megel\u0151zve a t\u00falmeleged\u00e9st \u00e9s optim\u00e1lis teljes\u00edtm\u00e9nyt biztos\u00edtva az elektronikus alkatr\u00e9szek sz\u00e1m\u00e1ra.<br \/>\n<\/p><br \/>\n<br \/>\n<p><b>2.Can fekete extrud\u00e1lt alum\u00ednium h\u0171t\u0151borda profilok testreszabhat\u00f3ak? <\/b><\/p>\n<p> Igen, a profilok m\u00e9retben, alakban \u00e9s kialak\u00edt\u00e1sban testre szabhat\u00f3k, hogy megfeleljenek a k\u00fcl\u00f6nb\u00f6z\u0151 alkalmaz\u00e1sok egyedi h\u0171t\u00e9si ig\u00e9nyeinek.<br \/>\n<\/p><br \/>\n<br \/>\n<p><b>3.How tart\u00f3sak a fekete extrud\u00e1lt alum\u00ednium h\u0171t\u0151borda profilok? <\/b><\/p>\n<p> Az elox\u00e1lt alum\u00ednium korr\u00f3zi\u00f3\u00e1ll\u00f3 tulajdons\u00e1gai biztos\u00edtj\u00e1k, hogy ezek a h\u0171t\u0151bord\u00e1k rendk\u00edv\u00fcl tart\u00f3sak \u00e9s hossz\u00fa t\u00e1von megb\u00edzhat\u00f3an m\u0171k\u00f6dnek.<br \/>\n<\/p><br \/>\n<br \/>\n<p><b>4.Mik az el\u0151nyei a fekete extrud\u00e1lt alum\u00ednium h\u0171t\u0151borda profilok haszn\u00e1lat\u00e1nak? <\/b><\/p>\n<p> Kiv\u00e1l\u00f3 h\u0151kezel\u00e9ssel, k\u00f6nny\u0171 kialak\u00edt\u00e1ssal \u00e9s korr\u00f3zi\u00f3\u00e1ll\u00f3s\u00e1ggal rendelkeznek, \u00edgy ide\u00e1lisak az elektronikus alkatr\u00e9szek h\u0171t\u00e9s\u00e9re.<br \/>\n<\/p><br \/>\n<br \/>\n<p><b>5.How a fekete elox\u00e1lt fel\u00fclet fokozza a fekete extrud\u00e1lt alum\u00ednium h\u0171t\u0151borda profilokat? <\/b><\/p>\n<p> A fekete elox\u00e1lt fel\u00fclet jav\u00edtja a h\u0151elvezet\u00e9s hat\u00e9konys\u00e1g\u00e1t, mik\u00f6zben tov\u00e1bbi v\u00e9delmet ny\u00fajt a korr\u00f3zi\u00f3 \u00e9s a kop\u00e1s ellen.<br \/>\n<\/p><br \/>\n<br \/>\n<p><b>6.Are fekete extrud\u00e1lt alum\u00ednium h\u0171t\u0151borda profilok k\u00f6nnyen telep\u00edthet\u0151? <\/b><\/p>\n<p> Igen, ezeket a profilokat \u00fagy tervezt\u00e9k, hogy k\u00f6nnyen felszerelhet\u0151ek legyenek, cs\u00f6kkentve az \u00f6sszeszerel\u00e9si id\u0151t \u00e9s jav\u00edtva a h\u0171t\u00e9si megold\u00e1sok hat\u00e9konys\u00e1g\u00e1t.<br \/>\n<\/p><br \/>\n<br \/>\n<p><b>7.Is fekete extrud\u00e1lt alum\u00ednium h\u0171t\u0151borda profilok k\u00f6rnyezetbar\u00e1t? <\/b><\/p>\n<p> Igen, az alum\u00ednium teljesen \u00fajrahasznos\u00edthat\u00f3, \u00edgy ezek a h\u0171t\u0151borda profilok k\u00f6rnyezetbar\u00e1t megold\u00e1st jelentenek a h\u0151kezel\u00e9shez.<br \/>\n<\/p><br \/><\/p>","protected":false},"featured_media":7985,"template":"","categories":[54],"class_list":["post-7986","product","type-product","status-publish","has-post-thumbnail","hentry","category-industrial-aluminum-profiles"],"meta_box":{"hilight_text_group":{"product_hilight_text":"<ul>\r\r\n  <li>Black extruded aluminum heat sink profiles designed for efficient thermal management<\/li>\r\r\n  <li>Corrosion-resistant and durable, ensuring long-lasting performance in various environments<\/li>\r\r\n  <li>Customizable designs and sizes to meet specific cooling requirements for electronic components<\/li>\r\r\n  <li>Excellent heat dissipation properties, preventing overheating and improving system reliability<\/li>\r\r\n  <li>Lightweight yet strong, offering superior performance without adding unnecessary weight<\/li>\r\r\n  <li>Stylish black anodized finish for enhanced appearance and added protection<\/li>\r\r\n  <li>Environmentally friendly, as aluminum is 100% recyclable<\/li>\r\r\n<\/ul>","product_chanpin_blog":"<ul>\r\r\n<li><a href=\"https:\/\/sinoextrud.com\/t-slot-v-slot-differences\/\" target=\"_blank\">t slot vs v slot<\/a><\/li>\r\r\n<li><a href=\"https:\/\/sinoextrud.com\/what-is-4040-aluminium-extrud\/\" target=\"_blank\">4040 aluminium extrusion<\/a><\/li>\r\r\n<li><a href=\"https:\/\/sinoextrud.com\/what-is-4040-aluminium-extrud\/\" target=\"_blank\">aluminum extrusions for industrial racks<\/a><\/li>\r\r\n<li><a href=\"https:\/\/sinoextrud.com\/powder-coating-aluminium-process\/\" target=\"_blank\">powder coating aluminium<\/a><\/li>\r\r\n<li><a href=\"https:\/\/sinoextrud.com\/what-is-an-aluminium-strip-ceiling\/\" target=\"_blank\">aluminium strip ceiling<\/a><\/li>\r\r\n<li><a href=\"https:\/\/sinoextrud.com\/what-is-a-heat-sink\/\" target=\"_blank\">what is a heat sink<\/a><\/li>\r\r\n<\/ul>","product_chanpin_chanpin":"<li><a href=\"https:\/\/sinoextrud.com\/product\/aluminum-wall-washer-aluminum-heat-sink-profiles-wit\/\" target=\"_blank\">Aluminum Wall Washer Aluminum Heat Sink Profiles Wit<\/a><\/li>\r\n<li><a href=\"https:\/\/sinoextrud.com\/product\/aluminum-wood-grain-handrail\/\" target=\"_blank\">Aluminum Wood Grain Handrail<\/a><\/li>\r\n<li><a href=\"https:\/\/sinoextrud.com\/product\/aluminum-z-section-extrusions\/\" target=\"_blank\">Aluminum Z Section Extrusions<\/a><\/li>\r\n<li><a href=\"https:\/\/sinoextrud.com\/product\/anodized-matt-and-various-color-extruded-construction-aluminium-profile\/\" target=\"_blank\">Anodized Matt And Various Color Extruded Construction Aluminium Profile<\/a><\/li>\r\n<li><a href=\"https:\/\/sinoextrud.com\/product\/black-extruded-aluminum-heat-sink-profiles\/\" target=\"_blank\">Black Extruded Aluminum Heat Sink Profiles<\/a><\/li>\r\n<li><a href=\"https:\/\/sinoextrud.com\/product\/cnc-machined-6063-heavy-duty-industrial-part\/\" target=\"_blank\">CNC Machined 6063 Heavy-duty Industrial Part<\/a><\/li>\r\n<li><a href=\"https:\/\/sinoextrud.com\/product\/extrusion-led-aluminum-channel\/\" target=\"_blank\">Extrusion Led Aluminum Channel<\/a><\/li>\r\n<li><a href=\"https:\/\/sinoextrud.com\/product\/hard-anodized-aluminum-profile\/\" target=\"_blank\">Hard Anodized Aluminum Profile<\/a><\/li>\r\n<li><a href=\"https:\/\/sinoextrud.com\/product\/cutting-extruded-aluminum-for-led\/\" target=\"_blank\">Cutting Extruded Aluminum For LED<\/a><\/li>\r\n<li><a href=\"https:\/\/sinoextrud.com\/product\/aluminium-extrusion-wood-grain-outdoor-louver-aluminum-profile\/\" target=\"_blank\">Aluminium Extrusion Wood Grain Outdoor Louver Aluminum Profile<\/a><\/li>\r\n<li><a href=\"https:\/\/sinoextrud.com\/product\/aluminum-glass-frame-extrusion\/\" target=\"_blank\">Aluminum Glass Frame Extrusion<\/a><\/li>"},"feature_list":[]},"_links":{"self":[{"href":"https:\/\/sinoextrud.com\/hu\/wp-json\/wp\/v2\/product\/7986","targetHints":{"allow":["GET"]}}],"collection":[{"href":"https:\/\/sinoextrud.com\/hu\/wp-json\/wp\/v2\/product"}],"about":[{"href":"https:\/\/sinoextrud.com\/hu\/wp-json\/wp\/v2\/types\/product"}],"wp:featuredmedia":[{"embeddable":true,"href":"https:\/\/sinoextrud.com\/hu\/wp-json\/wp\/v2\/media\/7985"}],"wp:attachment":[{"href":"https:\/\/sinoextrud.com\/hu\/wp-json\/wp\/v2\/media?parent=7986"}],"wp:term":[{"taxonomy":"category","embeddable":true,"href":"https:\/\/sinoextrud.com\/hu\/wp-json\/wp\/v2\/categories?post=7986"}],"curies":[{"name":"wp","href":"https:\/\/api.w.org\/{rel}","templated":true}]}}