{"id":7978,"date":"2025-06-12T02:08:08","date_gmt":"2025-06-12T02:08:08","guid":{"rendered":"https:\/\/sinoextrud.com\/product\/aluminum-wall-washer-aluminum-heat-sink-profiles-wit\/"},"modified":"2025-06-24T06:22:42","modified_gmt":"2025-06-24T06:22:42","slug":"aluminium-fali-alatet-aluminium-hutoborda-profilok-wit","status":"publish","type":"product","link":"https:\/\/sinoextrud.com\/hu\/product\/aluminum-wall-washer-aluminum-heat-sink-profiles-wit\/","title":{"rendered":"Alum\u00ednium falmos\u00f3 alum\u00ednium h\u0171t\u0151borda profilok Wit"},"content":{"rendered":"<h2>Term\u00e9kek r\u00e9szletei<\/h2>\n<table class=\"custom-table\">\n<colgroup>\n<col>\n<col><\/colgroup>\n<tbody>\n<tr>\n<td> <\/td>\n<td>Alum\u00ednium falmos\u00f3 alum\u00ednium h\u0171t\u0151borda profilok Wit<\/td>\n<\/tr>\n<tr>\n<td>Anyag<\/td>\n<td>6063-T5 vagy m\u00e1s egyedi anyag<\/td>\n<\/tr>\n<tr>\n<td>Shape<\/td>\n<td>Egyedi form\u00e1k<\/td>\n<\/tr>\n<tr>\n<td>Vastags\u00e1g<\/td>\n<td>0.7mm-10mm<\/td>\n<\/tr>\n<tr>\n<td>M\u00e9ret<\/td>\n<td>Az \u00fcgyf\u00e9l \u00e1ltal biztos\u00edtott rajz vagy minta szerint<\/td>\n<\/tr>\n<tr>\n<td>A prec\u00edzi\u00f3s v\u00e1g\u00e1s t\u0171r\u00e9se<\/td>\n<td> \u22641m : \u00b10.25mm<br \/> 1m&lt; : \u22642m, \u00b10.35mm<br \/> \u22652m : \u00b10.50mm<\/td>\n<\/tr>\n<tr>\n<td>A f\u00far\u00e1s toleranci\u00e1ja<\/td>\n<td>\u00b10.15~0.20mm<\/td>\n<\/tr>\n<tr>\n<td>A k\u00f6z\u00f6ns\u00e9ges v\u00e1g\u00e1s t\u0171r\u00e9se<\/td>\n<td>\u00b110 ~ 0mm<\/td>\n<\/tr>\n<tr>\n<td>Hossz\u00fas\u00e1g<\/td>\n<td>\u00c1ltal\u00e1ban 1-9M, m\u00e1s hossz t\u00e1rgyalhat\u00f3<\/td>\n<\/tr>\n<tr>\n<td>Tipikus alkalmaz\u00e1sok<\/td>\n<td>Ipar, g\u00e9p, elektronika stb.<\/td>\n<\/tr>\n<tr>\n<td>Egy\u00e9ni t\u00edpus<\/td>\n<td>Az \u00fcgyf\u00e9l \u00e1ltal biztos\u00edtott rajz vagy minta rendelkez\u00e9sre \u00e1ll<\/td>\n<\/tr>\n<tr>\n<td>M\u00e9ly folyamat<\/td>\n<td>CNC mar\u00e1s, f\u00far\u00e1s, lyukaszt\u00e1s, f\u00far\u00e1s, csapol\u00e1s, hajl\u00edt\u00e1s, hegeszt\u00e9s stb.<\/td>\n<\/tr>\n<tr>\n<td>M\u00e1rka<\/td>\n<td>Sinoextrud, Sinoextrud,, egyedi v\u00e9djegy avalaible<\/td>\n<\/tr>\n<tr>\n<td>Fel\u00fcletkezel\u00e9s<\/td>\n<td>Malom k\u00e9sz, elox\u00e1lt, porsz\u00f3rt stb.<\/td>\n<\/tr>\n<tr>\n<td>Sz\u00ednes<\/td>\n<td>Ez\u00fcst, fekete stb.<\/td>\n<\/tr>\n<tr>\n<td>MOQ<\/td>\n<td>200KG<\/td>\n<\/tr>\n<tr>\n<td>Min\u0151s\u00e9gi szabv\u00e1ny<\/td>\n<td>K\u00f6z\u00e9p- \u00e9s magas min\u0151s\u00e9gi szint<\/td>\n<\/tr>\n<tr>\n<td>Tan\u00fas\u00edtv\u00e1nyok<\/td>\n<td>ISO9001, ISO4001, CQM, SGS, CE, BV stb.<\/td>\n<\/tr>\n<tr>\n<td>Gy\u00e1ri termel\u00e9si k\u00e9pess\u00e9g<\/td>\n<td>3000 tonna havonta<\/td>\n<\/tr>\n<tr>\n<td>Sz\u00e1rmaz\u00e1si hely<\/td>\n<td>Guangdong,K\u00edna<\/td>\n<\/tr>\n<\/tbody>\n<\/table>\n<h2>Gy\u00e1rt\u00f3 b\u00e1zisunk<\/h2>\n<h3>Gy\u00e1ri panor\u00e1ma<\/h3>\n<p><img decoding=\"async\" src=\"\/wp-content\/uploads\/factory-01.webp\"\/><\/p>\n<h3>Alum\u00ednium r\u00fadgy\u00e1rt\u00f3 m\u0171hely<\/h3>\n<p><img decoding=\"async\" src=\"\/wp-content\/uploads\/factory-02.webp\"\/><\/p>\n<p><img decoding=\"async\" src=\"\/wp-content\/uploads\/factory-03.webp\"\/><\/p>\n<h3>Pen\u00e9sz rakt\u00e1r<\/h3>\n<p><img decoding=\"async\" src=\"\/wp-content\/uploads\/factory-04.webp\"\/><\/p>\n<h3>43 alum\u00ednium extrud\u00e1l\u00f3 vonal (500-5500 tonna)<\/h3>\n<p><img decoding=\"async\" src=\"\/wp-content\/uploads\/factory-05.webp\"\/><\/p>\n<p><img decoding=\"async\" src=\"\/wp-content\/uploads\/factory-06.webp\"\/><\/p>\n<p><img decoding=\"async\" src=\"\/wp-content\/uploads\/factory-07.webp\"\/><\/p>\n<h3>Porfest\u0151 m\u0171hely<\/h3>\n<p><img decoding=\"async\" src=\"\/wp-content\/uploads\/factory-09.webp\"\/><\/p>\n<h3>Anodiz\u00e1l\u00f3 m\u0171hely<\/h3>\n<p><img decoding=\"async\" src=\"\/wp-content\/uploads\/factory-10.webp\"\/><\/p>\n<h3>M\u00e9ly feldolgoz\u00e1si m\u0171hely<\/h3>\n<p><img decoding=\"async\" src=\"\/wp-content\/uploads\/factory-11.webp\"\/><\/p>\n<h3>CNC prec\u00edzi\u00f3s megmunk\u00e1l\u00f3 m\u0171hely<\/h3>\n<p><img decoding=\"async\" src=\"\/wp-content\/uploads\/factory-11.5.webp\"\/><\/p>\n<h3>K\u00e9szterm\u00e9k \u00e9s export rakt\u00e1r<\/h3>\n<p><img decoding=\"async\" src=\"\/wp-content\/uploads\/factory-12.webp\"\/><\/p>\n<p><img decoding=\"async\" src=\"\/wp-content\/uploads\/factory-13.webp\"\/><\/p>\n<p><img decoding=\"async\" src=\"\/wp-content\/uploads\/factory-14.webp\"\/><\/p>\n<h2>GYIK<\/h2>\n<p><p><b>1.Mire haszn\u00e1lj\u00e1k az alum\u00ednium fali al\u00e1t\u00e9tes h\u0171t\u0151borda profilokat? <\/b><\/p>\n<p>Az alum\u00ednium fali al\u00e1t\u00e9tes h\u0171t\u0151borda profilokat vil\u00e1g\u00edt\u00e1si rendszerekben haszn\u00e1lj\u00e1k a h\u0151 hat\u00e9kony kezel\u00e9s\u00e9re \u00e9s a LED-es l\u00e1mp\u00e1k optim\u00e1lis teljes\u00edtm\u00e9ny\u00e9nek biztos\u00edt\u00e1s\u00e1ra, k\u00fcl\u00f6n\u00f6sen k\u00fclt\u00e9ri \u00e9s \u00e9p\u00edt\u00e9szeti alkalmaz\u00e1sokban.<br \/>\n<\/p><br \/>\n<br \/>\n<p><b>2.Mi\u00e9rt az alum\u00edniumot r\u00e9szes\u00edtik el\u0151nyben a falmos\u00f3 h\u0171t\u0151bord\u00e1k eset\u00e9ben? <\/b><\/p>\n<p>Az alum\u00ednium k\u00f6nny\u0171, er\u0151s, korr\u00f3zi\u00f3\u00e1ll\u00f3 \u00e9s kiv\u00e1l\u00f3 h\u0151vezet\u0151, \u00edgy ide\u00e1lis a vil\u00e1g\u00edt\u00e1si rendszerek h\u0151ig\u00e9ny\u00e9nek kezel\u00e9s\u00e9re, ugyanakkor k\u00f6nnyen kezelhet\u0151 \u00e9s telep\u00edthet\u0151.<br \/>\n<\/p><br \/>\n<br \/>\n<p><b>3.Milyen el\u0151ny\u00f6kkel j\u00e1r az elox\u00e1lt fel\u00fclet az alum\u00ednium fali al\u00e1t\u00e9tprofilok sz\u00e1m\u00e1ra? <\/b><\/p>\n<p>Az elox\u00e1lt fel\u00fclet fokozza a korr\u00f3zi\u00f3\u00e1ll\u00f3s\u00e1got \u00e9s a tart\u00f3ss\u00e1got, hossz\u00fa t\u00e1v\u00fa teljes\u00edtm\u00e9nyt biztos\u00edtva a zord k\u00f6rnyezetben, \u00e9s v\u00e9di a profilokat a kop\u00e1st\u00f3l \u00e9s a k\u00f6rnyezeti hat\u00e1sokt\u00f3l.<br \/>\n<\/p><br \/>\n<br \/>\n<p><b>4.Can alum\u00ednium falmos\u00f3 h\u0171t\u0151borda profilok testre szabhat\u00f3ak az adott vil\u00e1g\u00edt\u00e1si projektekhez? <\/b><\/p>\n<p>Igen, ezek a profilok m\u00e9ret\u00fck, alakjuk \u00e9s kialak\u00edt\u00e1suk tekintet\u00e9ben testre szabhat\u00f3k, hogy megfeleljenek a k\u00fcl\u00f6nb\u00f6z\u0151 vil\u00e1g\u00edt\u00e1si projektek \u00e9s alkalmaz\u00e1sok egyedi ig\u00e9nyeinek.<br \/>\n<\/p><br \/>\n<br \/>\n<p><b>5.Hogyan jav\u00edtja a vil\u00e1g\u00edt\u00e1si rendszerek hat\u00e9konys\u00e1g\u00e1t az alum\u00edniumprofilok h\u0151elnyel\u0151k\u00e9nt val\u00f3 haszn\u00e1lata? <\/b><\/p>\n<p>A h\u0151 hat\u00e9kony elvezet\u00e9s\u00e9vel az alum\u00edniumprofilok megakad\u00e1lyozz\u00e1k a t\u00falmeleged\u00e9st, biztos\u00edtva, hogy a vil\u00e1g\u00edt\u00e1si rendszerek hat\u00e9konyak \u00e9s stabilak maradjanak, \u00e9s meghosszabb\u00edts\u00e1k a haszn\u00e1lt LED-ek \u00e9lettartam\u00e1t.<br \/>\n<\/p><br \/>\n<br \/>\n<p><b>6.Alkalmasak-e az alum\u00ednium falmos\u00f3 profilok belt\u00e9ri \u00e9s k\u00fclt\u00e9ri vil\u00e1g\u00edt\u00e1shoz egyar\u00e1nt? <\/b><\/p>\n<p>Igen, az alum\u00ednium fali al\u00e1t\u00e9tprofilokat \u00fagy tervezt\u00e9k, hogy tart\u00f3sak \u00e9s korr\u00f3zi\u00f3\u00e1ll\u00f3ak legyenek, \u00edgy alkalmasak mind belt\u00e9ri, mind k\u00fclt\u00e9ri vil\u00e1g\u00edt\u00e1si alkalmaz\u00e1sokhoz, bele\u00e9rtve az \u00e9p\u00edt\u00e9szeti vil\u00e1g\u00edt\u00e1st is.<br \/>\n<\/p><br \/>\n<br \/>\n<p><b>7.K\u00f6rnyezetbar\u00e1t-e az alum\u00ednium a vil\u00e1g\u00edt\u00e1si rendszerekben val\u00f3 felhaszn\u00e1l\u00e1s szempontj\u00e1b\u00f3l? <\/b><\/p>\n<p>Igen, az alum\u00ednium 100% \u00fajrahasznos\u00edthat\u00f3, \u00edgy k\u00f6rnyezetbar\u00e1t v\u00e1laszt\u00e1s a fenntarthat\u00f3s\u00e1got t\u00e1mogat\u00f3 \u00e9s a k\u00f6rnyezeti hat\u00e1sok cs\u00f6kkent\u00e9s\u00e9hez hozz\u00e1j\u00e1rul\u00f3 vil\u00e1g\u00edt\u00e1si rendszerekhez.<br \/>\n<\/p><br \/><\/p>","protected":false},"featured_media":7977,"template":"","categories":[54],"class_list":["post-7978","product","type-product","status-publish","has-post-thumbnail","hentry","category-industrial-aluminum-profiles"],"meta_box":{"hilight_text_group":{"product_hilight_text":"<ul>\r\r\n  <li>Aluminum wall washer profiles with integrated heat sinks provide efficient cooling and improved thermal management for outdoor and indoor lighting systems.<\/li>\r\r\n  <li>Corrosion-resistant anodized aluminum ensures long-lasting performance, even in harsh weather conditions or high-humidity environments.<\/li>\r\r\n  <li>Lightweight yet durable, these profiles offer excellent structural integrity while ensuring easy handling and installation.<\/li>\r\r\n  <li>Customizable sizes and designs, allowing flexibility for different lighting applications and seamless integration into various architectural projects.<\/li>\r\r\n  <li>Energy-efficient cooling design helps prevent overheating, enhancing the performance and lifespan of wall washer lighting systems.<\/li>\r\r\n  <li>Eco-friendly and recyclable, supporting sustainable lighting solutions while minimizing environmental impact.<\/li>\r\r\n  <li>Ideal for both residential and commercial applications, providing powerful, uniform lighting effects for architectural facades, gardens, and outdoor spaces.<\/li>\r\r\n<\/ul>","product_chanpin_blog":"<ul>\r\r\n<li><a href=\"https:\/\/sinoextrud.com\/t-slot-v-slot-differences\/\" target=\"_blank\">t slot vs v slot<\/a><\/li>\r\r\n<li><a href=\"https:\/\/sinoextrud.com\/what-is-4040-aluminium-extrud\/\" target=\"_blank\">4040 aluminium extrusion<\/a><\/li>\r\r\n<li><a href=\"https:\/\/sinoextrud.com\/what-is-4040-aluminium-extrud\/\" target=\"_blank\">aluminum extrusions for industrial racks<\/a><\/li>\r\r\n<li><a href=\"https:\/\/sinoextrud.com\/powder-coating-aluminium-process\/\" target=\"_blank\">powder coating aluminium<\/a><\/li>\r\r\n<li><a href=\"https:\/\/sinoextrud.com\/what-is-an-aluminium-strip-ceiling\/\" target=\"_blank\">aluminium strip ceiling<\/a><\/li>\r\r\n<li><a href=\"https:\/\/sinoextrud.com\/what-is-a-heat-sink\/\" target=\"_blank\">what is a heat sink<\/a><\/li>\r\r\n<\/ul>","product_chanpin_chanpin":"<li><a href=\"https:\/\/sinoextrud.com\/product\/aluminum-profile-t-slot-led-frame\/\" target=\"_blank\">Aluminum Profile T Slot Led Frame<\/a><\/li>\r\n<li><a href=\"https:\/\/sinoextrud.com\/product\/aluminum-profile-t-slot\/\" target=\"_blank\">Aluminum Profile T Slot<\/a><\/li>\r\n<li><a href=\"https:\/\/sinoextrud.com\/product\/aluminum-profiles-led-strip-lighting\/\" target=\"_blank\">Aluminum Profiles Led Strip Lighting<\/a><\/li>\r\n<li><a href=\"https:\/\/sinoextrud.com\/product\/aluminum-shutter-profile\/\" target=\"_blank\">Aluminum Shutter Profile<\/a><\/li>\r\n<li><a href=\"https:\/\/sinoextrud.com\/product\/aluminum-wall-washer-aluminum-heat-sink-profiles-wit\/\" target=\"_blank\">Aluminum Wall Washer Aluminum Heat Sink Profiles Wit<\/a><\/li>\r\n<li><a href=\"https:\/\/sinoextrud.com\/product\/aluminum-wood-grain-handrail\/\" target=\"_blank\">Aluminum Wood Grain Handrail<\/a><\/li>\r\n<li><a href=\"https:\/\/sinoextrud.com\/product\/aluminum-z-section-extrusions\/\" target=\"_blank\">Aluminum Z Section Extrusions<\/a><\/li>\r\n<li><a href=\"https:\/\/sinoextrud.com\/product\/anodized-matt-and-various-color-extruded-construction-aluminium-profile\/\" target=\"_blank\">Anodized Matt And Various Color Extruded Construction Aluminium Profile<\/a><\/li>\r\n<li><a href=\"https:\/\/sinoextrud.com\/product\/black-extruded-aluminum-heat-sink-profiles\/\" target=\"_blank\">Black Extruded Aluminum Heat Sink Profiles<\/a><\/li>\r\n<li><a href=\"https:\/\/sinoextrud.com\/product\/customized-aluminium-heavy-duty-door-hinge\/\" target=\"_blank\">Customized Aluminium Heavy Duty Door Hinge<\/a><\/li>\r\n<li><a href=\"https:\/\/sinoextrud.com\/product\/10-series-golden-aluminum-extrusion-profiles\/\" target=\"_blank\">10 Series Golden Aluminum Extrusion Profiles<\/a><\/li>"},"feature_list":[]},"_links":{"self":[{"href":"https:\/\/sinoextrud.com\/hu\/wp-json\/wp\/v2\/product\/7978","targetHints":{"allow":["GET"]}}],"collection":[{"href":"https:\/\/sinoextrud.com\/hu\/wp-json\/wp\/v2\/product"}],"about":[{"href":"https:\/\/sinoextrud.com\/hu\/wp-json\/wp\/v2\/types\/product"}],"wp:featuredmedia":[{"embeddable":true,"href":"https:\/\/sinoextrud.com\/hu\/wp-json\/wp\/v2\/media\/7977"}],"wp:attachment":[{"href":"https:\/\/sinoextrud.com\/hu\/wp-json\/wp\/v2\/media?parent=7978"}],"wp:term":[{"taxonomy":"category","embeddable":true,"href":"https:\/\/sinoextrud.com\/hu\/wp-json\/wp\/v2\/categories?post=7978"}],"curies":[{"name":"wp","href":"https:\/\/api.w.org\/{rel}","templated":true}]}}