{"id":7960,"date":"2025-06-12T01:46:40","date_gmt":"2025-06-12T01:46:40","guid":{"rendered":"https:\/\/sinoextrud.com\/product\/aluminum-profile-for-workstation-desk\/"},"modified":"2025-06-24T06:14:22","modified_gmt":"2025-06-24T06:14:22","slug":"aluminium-profil-a-munkaallomas-asztalahoz","status":"publish","type":"product","link":"https:\/\/sinoextrud.com\/hu\/product\/aluminum-profile-for-workstation-desk\/","title":{"rendered":"Alum\u00ednium profil a munka\u00e1llom\u00e1s asztal\u00e1hoz"},"content":{"rendered":"<h2>Term\u00e9kek r\u00e9szletei<\/h2>\n<table class=\"custom-table\">\n<tbody>\n<tr>\n<td> Modell NO.:<\/td>\n<td> Alum\u00ednium profil a munka\u00e1llom\u00e1s asztal\u00e1hoz<\/td>\n<\/tr>\n<tr>\n<td> Oszt\u00e1ly:<\/td>\n<td> 6000-es sorozat<\/td>\n<\/tr>\n<tr>\n<td> Technika:<\/td>\n<td> Extrud\u00e1lt<\/td>\n<\/tr>\n<tr>\n<td> Lelkiismeretesen:<\/td>\n<td> 6061\/6063 \u00f6tv\u00f6zet, T3 - T8<\/td>\n<\/tr>\n<tr>\n<td> M\u00e9retek:<\/td>\n<td> egyedi rajz\/ nyitott t\u00e9telek<\/td>\n<\/tr>\n<tr>\n<td> Megmunk\u00e1l\u00e1si szolg\u00e1ltat\u00e1sok:<\/td>\n<td> F\u00far\u00e1s, csavaroz\u00e1s, szegecsel\u00e9s, \u00f6sszeszerel\u00e9s stb.<\/td>\n<\/tr>\n<tr>\n<td> Specifik\u00e1ci\u00f3:<\/td>\n<td> SGS, Rohs, ISO<\/td>\n<\/tr>\n<tr>\n<td> HS-k\u00f3d:<\/td>\n<td> 7604210000<\/td>\n<\/tr>\n<tr>\n<td> Fel\u00fcletkezel\u00e9s:<\/td>\n<td> Malom kivitelben, elox\u00e1lt ez\u00fcst\/fekete, porbevonat, stb.<\/td>\n<\/tr>\n<tr>\n<td> Hossz\u00fas\u00e1g:<\/td>\n<td> 1 \u00e9s 9 m\u00e9ter k\u00f6z\u00f6tt. Ez lehet v\u00e1gni, mint a k\u00fcl\u00f6nleges ig\u00e9nyekSz\u00ednek:<\/td>\n<\/tr>\n<tr>\n<td> Sz\u00ednek:<\/td>\n<td> Made as Provided Sz\u00ednsz\u00e1m<\/td>\n<\/tr>\n<tr>\n<td> Eredet:<\/td>\n<td> Foshan<\/td>\n<\/tr>\n<\/tbody>\n<\/table>\n<h2>Gy\u00e1rt\u00f3 b\u00e1zisunk<\/h2>\n<h3>Gy\u00e1ri panor\u00e1ma<\/h3>\n<p><img decoding=\"async\" src=\"\/wp-content\/uploads\/factory-01.webp\"\/><\/p>\n<h3>Alum\u00ednium r\u00fadgy\u00e1rt\u00f3 m\u0171hely<\/h3>\n<p><img decoding=\"async\" src=\"\/wp-content\/uploads\/factory-02.webp\"\/><\/p>\n<\/p>\n<p><img decoding=\"async\" src=\"\/wp-content\/uploads\/factory-03.webp\"\/><\/p>\n<h3>Pen\u00e9sz rakt\u00e1r<\/h3>\n<p><img decoding=\"async\" src=\"\/wp-content\/uploads\/factory-04.webp\"\/><\/p>\n<h3>43 alum\u00ednium extrud\u00e1l\u00f3 vonal (500-5500 tonna)<\/h3>\n<p><img decoding=\"async\" src=\"\/wp-content\/uploads\/factory-05.webp\"\/><\/p>\n<p><img decoding=\"async\" src=\"\/wp-content\/uploads\/factory-06.webp\"\/><\/p>\n<p><img decoding=\"async\" src=\"\/wp-content\/uploads\/factory-07.webp\"\/><\/p>\n<h3>Porfest\u0151 m\u0171hely<\/h3>\n<p><img decoding=\"async\" src=\"\/wp-content\/uploads\/factory-09.webp\"\/><\/p>\n<h3>Anodiz\u00e1l\u00f3 m\u0171hely<\/h3>\n<p><img decoding=\"async\" src=\"\/wp-content\/uploads\/factory-10.webp\"\/><\/p>\n<h3>M\u00e9ly feldolgoz\u00e1si m\u0171hely<\/h3>\n<p><img decoding=\"async\" src=\"\/wp-content\/uploads\/factory-11.webp\"\/><\/p>\n<h3>CNC prec\u00edzi\u00f3s megmunk\u00e1l\u00f3 m\u0171hely<\/h3>\n<p><img decoding=\"async\" src=\"\/wp-content\/uploads\/factory-11.5.webp\"\/><\/p>\n<h3>K\u00e9szterm\u00e9k \u00e9s export rakt\u00e1r<\/h3>\n<p><img decoding=\"async\" src=\"\/wp-content\/uploads\/factory-12.webp\"\/><\/p>\n<p><img decoding=\"async\" src=\"\/wp-content\/uploads\/factory-13.webp\"\/><\/p>\n<p><img decoding=\"async\" src=\"\/wp-content\/uploads\/factory-14.webp\"\/><\/p>\n<h2>GYIK<\/h2>\n<p><b>1.Mi az alum\u00ednium profil a munka\u00e1llom\u00e1s asztalhoz?<\/b><\/p>\n<p>Az alum\u00ednium profil a munka\u00e1llom\u00e1s asztalhoz testreszabott \u00e9s tart\u00f3s munka\u00e1llom\u00e1sok l\u00e9trehoz\u00e1s\u00e1ra szolg\u00e1l, rugalmass\u00e1got \u00e9s szil\u00e1rds\u00e1got k\u00edn\u00e1lva a k\u00fcl\u00f6nb\u00f6z\u0151 irodai k\u00f6rnyezetekhez.\n<\/p>\n<p><\/p>\n<p><b>2.Mi\u00e9rt j\u00f3 v\u00e1laszt\u00e1s az alum\u00ednium a munka\u00e1llom\u00e1s asztali keretekhez?<\/b><\/p>\n<p>Az alum\u00ednium k\u00f6nny\u0171, er\u0151s \u00e9s korr\u00f3zi\u00f3\u00e1ll\u00f3, \u00edgy ide\u00e1lis a munka\u00e1llom\u00e1s asztali kereteihez, amelyeknek egyszerre kell tart\u00f3snak \u00e9s k\u00f6nnyen kezelhet\u0151nek lenni\u00fck.\n<\/p>\n<p><\/p>\n<p><b>3.Can a design alum\u00ednium profilok munka\u00e1llom\u00e1s asztalok testreszabhat\u00f3?<\/b><\/p>\n<p>Igen, az alum\u00ednium profilok a munka\u00e1llom\u00e1s asztalokhoz testre szabhat\u00f3k, hogy megfeleljenek az adott m\u00e9ret, alak \u00e9s funkcionalit\u00e1s k\u00f6vetelm\u00e9nyeinek, \u00edgy rugalmasan alkalmazkodnak a k\u00fcl\u00f6nb\u00f6z\u0151 munkater\u00fcleti ig\u00e9nyekhez.\n<\/p>\n<p><\/p>\n<p><b>4.Hogyan j\u00e1rul hozz\u00e1 az alum\u00ednium profil a munka\u00e1llom\u00e1s asztal\u00e1hoz az ergon\u00f3mi\u00e1hoz?<\/b><\/p>\n<p>Az alum\u00ednium profilok testreszabhat\u00f3 kialak\u00edt\u00e1sa lehet\u0151v\u00e9 teszi az ergonomikus asztali be\u00e1ll\u00edt\u00e1sok be\u00e1ll\u00edt\u00e1s\u00e1t, el\u0151seg\u00edtve a felhaszn\u00e1l\u00f3k k\u00e9nyelm\u00e9t \u00e9s termel\u00e9kenys\u00e9g\u00e9t.\n<\/p>\n<p><\/p>\n<p><b>5.Bonyolult az alum\u00ednium profilok telep\u00edt\u00e9se a munka\u00e1llom\u00e1s asztalokhoz?<\/b><\/p>\n<p>Nem, az alum\u00edniumprofilok modul\u00e1ris fel\u00e9p\u00edt\u00e9se egyszer\u0171v\u00e9 \u00e9s gyorsabb\u00e1 teszi a telep\u00edt\u00e9st, id\u0151t takar\u00edt meg \u00e9s cs\u00f6kkenti a munka\u00e1llom\u00e1sok \u00f6sszeszerel\u00e9s\u00e9nek munkaer\u0151k\u00f6lts\u00e9g\u00e9t.\n<\/p>\n<p><\/p>\n<p><b>6.How hossz\u00fa ideig tart az alum\u00ednium profil a munka\u00e1llom\u00e1s asztalhoz?<\/b><\/p>\n<p>Tart\u00f3s \u00e9s korr\u00f3zi\u00f3\u00e1ll\u00f3 tulajdons\u00e1gainak k\u00f6sz\u00f6nhet\u0151en az Alum\u00ednium profil a munka\u00e1llom\u00e1s asztalhoz hossz\u00fa t\u00e1v\u00fa megb\u00edzhat\u00f3s\u00e1got \u00e9s teljes\u00edtm\u00e9nyt biztos\u00edt irodai k\u00f6rnyezetben.\n<\/p>\n<p><\/p>\n<p><b>7.Milyen tartoz\u00e9kok haszn\u00e1lhat\u00f3k az alum\u00ednium profil a munka\u00e1llom\u00e1s asztalhoz?<\/b><\/p>\n<p>Az alum\u00ednium profilokba sz\u00e1mos tartoz\u00e9k, p\u00e9ld\u00e1ul k\u00e1belrendez\u0151 rendszerek, monitorkarok \u00e9s t\u00e1rol\u00e1si megold\u00e1sok integr\u00e1lhat\u00f3k a munkater\u00fclet szervez\u00e9s\u00e9nek \u00e9s funkcionalit\u00e1s\u00e1nak jav\u00edt\u00e1sa \u00e9rdek\u00e9ben.\n<\/p>\n<p><\/p>","protected":false},"featured_media":7959,"template":"","categories":[54],"class_list":["post-7960","product","type-product","status-publish","has-post-thumbnail","hentry","category-industrial-aluminum-profiles"],"meta_box":{"hilight_text_group":{"product_hilight_text":"<li>Aluminum Profile for Workstation Desk offers a robust and flexible framework for customized office solutions.<\/li>\r\r\n<li>Durable, lightweight aluminum construction ensures a long-lasting, easy-to-assemble workstation.<\/li>\r\r\n<li>Corrosion-resistant material ensures the workstation desk maintains its appearance and strength over time.<\/li>\r\r\n<li>Customizable design allows for easy adjustments to meet specific ergonomic and workspace needs.<\/li>\r\r\n<li>Compatible with a wide range of accessories for added functionality and organizational solutions.<\/li>","product_chanpin_blog":"<ul>\r\r\n<li><a href=\"https:\/\/sinoextrud.com\/t-slot-v-slot-differences\/\" target=\"_blank\">t slot vs v slot<\/a><\/li>\r\r\n<li><a href=\"https:\/\/sinoextrud.com\/what-is-4040-aluminium-extrud\/\" target=\"_blank\">4040 aluminium extrusion<\/a><\/li>\r\r\n<li><a href=\"https:\/\/sinoextrud.com\/what-is-4040-aluminium-extrud\/\" target=\"_blank\">aluminum extrusions for industrial racks<\/a><\/li>\r\r\n<li><a href=\"https:\/\/sinoextrud.com\/powder-coating-aluminium-process\/\" target=\"_blank\">powder coating aluminium<\/a><\/li>\r\r\n<li><a href=\"https:\/\/sinoextrud.com\/what-is-an-aluminium-strip-ceiling\/\" target=\"_blank\">aluminium strip ceiling<\/a><\/li>\r\r\n<li><a href=\"https:\/\/sinoextrud.com\/what-is-a-heat-sink\/\" target=\"_blank\">what is a heat sink<\/a><\/li>\r\r\n<\/ul>","product_chanpin_chanpin":"<li><a href=\"https:\/\/sinoextrud.com\/product\/aluminum-heat-sink-extrusion-profiles\/\" target=\"_blank\">Aluminum Heat Sink Extrusion Profiles<\/a><\/li>\r\n<li><a href=\"https:\/\/sinoextrud.com\/product\/aluminum-industrial-profile-6082-alloy-with-precision-cnc-cutting-length-during-1-m-to-3-meter\/\" target=\"_blank\">aluminum industrial profile 6082 alloy with precision cnc cutting length during 1 m to 3 meter<\/a><\/li>\r\n<li><a href=\"https:\/\/sinoextrud.com\/product\/aluminum-profile-for-clean-room-circle-shape\/\" target=\"_blank\">Aluminum Profile For Clean Room Circle Shape<\/a><\/li>\r\n<li><a href=\"https:\/\/sinoextrud.com\/product\/aluminum-profile-for-solar-panel\/\" target=\"_blank\">Aluminum Profile For Solar Panel<\/a><\/li>\r\n<li><a href=\"https:\/\/sinoextrud.com\/product\/aluminum-profile-for-workstation-desk\/\" target=\"_blank\">Aluminum Profile For Workstation Desk<\/a><\/li>\r\n<li><a href=\"https:\/\/sinoextrud.com\/product\/aluminum-profile-led-light-strip-bar\/\" target=\"_blank\">Aluminum Profile LED Light Strip Bar<\/a><\/li>\r\n<li><a href=\"https:\/\/sinoextrud.com\/product\/aluminum-profile-solar-panel-structure\/\" target=\"_blank\">Aluminum Profile Solar Panel Structure<\/a><\/li>\r\n<li><a href=\"https:\/\/sinoextrud.com\/product\/aluminum-profile-solar\/\" target=\"_blank\">Aluminum Profile Solar<\/a><\/li>\r\n<li><a href=\"https:\/\/sinoextrud.com\/product\/aluminum-profile-system\/\" target=\"_blank\">Aluminum Profile System<\/a><\/li>\r\n<li><a href=\"https:\/\/sinoextrud.com\/product\/oem-aluminum-extrusion-profile-for-windows-and-doors\/\" target=\"_blank\">OEM Aluminum Extrusion Profile for Windows and Doors<\/a><\/li>\r\n<li><a href=\"https:\/\/sinoextrud.com\/product\/aluminum-u-profile\/\" target=\"_blank\">Aluminum U Profile<\/a><\/li>"},"feature_list":[]},"_links":{"self":[{"href":"https:\/\/sinoextrud.com\/hu\/wp-json\/wp\/v2\/product\/7960","targetHints":{"allow":["GET"]}}],"collection":[{"href":"https:\/\/sinoextrud.com\/hu\/wp-json\/wp\/v2\/product"}],"about":[{"href":"https:\/\/sinoextrud.com\/hu\/wp-json\/wp\/v2\/types\/product"}],"wp:featuredmedia":[{"embeddable":true,"href":"https:\/\/sinoextrud.com\/hu\/wp-json\/wp\/v2\/media\/7959"}],"wp:attachment":[{"href":"https:\/\/sinoextrud.com\/hu\/wp-json\/wp\/v2\/media?parent=7960"}],"wp:term":[{"taxonomy":"category","embeddable":true,"href":"https:\/\/sinoextrud.com\/hu\/wp-json\/wp\/v2\/categories?post=7960"}],"curies":[{"name":"wp","href":"https:\/\/api.w.org\/{rel}","templated":true}]}}