{"id":7958,"date":"2025-06-12T01:45:17","date_gmt":"2025-06-12T01:45:17","guid":{"rendered":"https:\/\/sinoextrud.com\/product\/aluminum-profile-for-solar-panel\/"},"modified":"2025-06-24T06:14:20","modified_gmt":"2025-06-24T06:14:20","slug":"aluminium-profil-napelemhez","status":"publish","type":"product","link":"https:\/\/sinoextrud.com\/hu\/product\/aluminum-profile-for-solar-panel\/","title":{"rendered":"Alum\u00ednium profil napelemes panelhez"},"content":{"rendered":"<h2>Term\u00e9kek r\u00e9szletei<\/h2>\n<table class=\"custom-table\">\n<tbody>\n<tr>\n<td> <\/td>\n<td>Alum\u00ednium profil napelemes panelhez<\/td>\n<\/tr>\n<tr>\n<td>Anyag<\/td>\n<td>6063-T5<\/td>\n<\/tr>\n<tr>\n<td>Alak&amp;m\u00e9ret<\/td>\n<td>Az \u00fcgyf\u00e9l rajza szerint<\/td>\n<\/tr>\n<tr>\n<td>Vastags\u00e1g<\/td>\n<td>0.7mm-10mm<\/td>\n<\/tr>\n<tr>\n<td>Hossz\u00fas\u00e1g<\/td>\n<td>\u00c1ltal\u00e1ban 1-9M, k\u00fcl\u00f6nleges hossz\u00fas\u00e1g el\u00e9rhet\u0151<\/td>\n<\/tr>\n<tr>\n<td>Tipikus alkalmaz\u00e1sok<\/td>\n<td>Napelem vagy m\u00e1s keret<\/td>\n<\/tr>\n<tr>\n<td>Egy\u00e9ni t\u00edpus<\/td>\n<td>Az \u00fcgyf\u00e9l \u00e1ltal biztos\u00edtott rajz vagy minta<\/td>\n<\/tr>\n<tr>\n<td>M\u00e9ly folyamat<\/td>\n<td>CNC mar\u00e1s, f\u00far\u00e1s, lyukaszt\u00e1s, f\u00far\u00e1s, csapol\u00e1s, hajl\u00edt\u00e1s, hegeszt\u00e9s stb.<\/td>\n<\/tr>\n<tr>\n<td>M\u00e1rka<\/td>\n<td>Sinoextrud, Sinoextrud,, egyedi v\u00e9djegy avalaible<\/td>\n<\/tr>\n<tr>\n<td>Fel\u00fclet k\u00e9sz<\/td>\n<td>Malom k\u00e9sz, fa szemcs\u00e9s, elox\u00e1lt, porsz\u00f3rt stb.<\/td>\n<\/tr>\n<tr>\n<td>Sz\u00ednes<\/td>\n<td>Ez\u00fcst, fekete, pezsg\u0151 stb.<\/td>\n<\/tr>\n<tr>\n<td>MOQ<\/td>\n<td>200Kgs<\/td>\n<\/tr>\n<tr>\n<td>Min\u0151s\u00e9gi szabv\u00e1ny<\/td>\n<td>Magas min\u0151s\u00e9gi szint<\/td>\n<\/tr>\n<tr>\n<td>Tan\u00fas\u00edtv\u00e1nyok<\/td>\n<td>ISO9001, ISO4001, CQM, SGS, CE, BV stb.<\/td>\n<\/tr>\n<tr>\n<td>Kapacit\u00e1s<\/td>\n<td>15 000 tonna havonta<\/td>\n<\/tr>\n<\/tbody>\n<\/table>\n<h2>Gy\u00e1rt\u00f3 b\u00e1zisunk<\/h2>\n<h3>Gy\u00e1ri panor\u00e1ma<\/h3>\n<p><img decoding=\"async\" src=\"\/wp-content\/uploads\/factory-01.webp\"\/><\/p>\n<h3>Alum\u00ednium r\u00fadgy\u00e1rt\u00f3 m\u0171hely<\/h3>\n<p><img decoding=\"async\" src=\"\/wp-content\/uploads\/factory-02.webp\"\/><\/p>\n<p><img decoding=\"async\" src=\"\/wp-content\/uploads\/factory-03.webp\"\/><\/p>\n<h3>Pen\u00e9sz rakt\u00e1r<\/h3>\n<p><img decoding=\"async\" src=\"\/wp-content\/uploads\/factory-04.webp\"\/><\/p>\n<h3>43 alum\u00ednium extrud\u00e1l\u00f3 vonal (500-5500 tonna)<\/h3>\n<p><img decoding=\"async\" src=\"\/wp-content\/uploads\/factory-05.webp\"\/><\/p>\n<p><img decoding=\"async\" src=\"\/wp-content\/uploads\/factory-06.webp\"\/><\/p>\n<p><img decoding=\"async\" src=\"\/wp-content\/uploads\/factory-07.webp\"\/><\/p>\n<h3>Porfest\u0151 m\u0171hely<\/h3>\n<p><img decoding=\"async\" src=\"\/wp-content\/uploads\/factory-09.webp\"\/><\/p>\n<h3>Anodiz\u00e1l\u00f3 m\u0171hely<\/h3>\n<p><img decoding=\"async\" src=\"\/wp-content\/uploads\/factory-10.webp\"\/><\/p>\n<h3>M\u00e9ly feldolgoz\u00e1si m\u0171hely<\/h3>\n<p><img decoding=\"async\" src=\"\/wp-content\/uploads\/factory-11.webp\"\/><\/p>\n<h3>CNC prec\u00edzi\u00f3s megmunk\u00e1l\u00f3 m\u0171hely<\/h3>\n<p><img decoding=\"async\" src=\"\/wp-content\/uploads\/factory-11.5.webp\"\/><\/p>\n<h3>K\u00e9szterm\u00e9k \u00e9s export rakt\u00e1r<\/h3>\n<p><img decoding=\"async\" src=\"\/wp-content\/uploads\/factory-12.webp\"\/><\/p>\n<p><img decoding=\"async\" src=\"\/wp-content\/uploads\/factory-13.webp\"\/><\/p>\n<p><img decoding=\"async\" src=\"\/wp-content\/uploads\/factory-14.webp\"\/><\/p>\n<h2>GYIK<\/h2>\n<p><p><b>1.Mire haszn\u00e1lj\u00e1k a napelemes alum\u00ednium profilokat? <\/b><\/p>\n<p>A napelemekhez haszn\u00e1lt alum\u00edniumprofilok er\u0151s, tart\u00f3s keretek l\u00e9trehoz\u00e1s\u00e1ra szolg\u00e1lnak, amelyek a napelemeket t\u00e1mogatj\u00e1k \u00e9s r\u00f6gz\u00edtik a berendez\u00e9sekben, biztos\u00edtva azok stabilit\u00e1s\u00e1t \u00e9s megfelel\u0151 igaz\u00edt\u00e1s\u00e1t.<br \/>\n<\/p><br \/>\n<br \/>\n<p><b>2.Mi\u00e9rt el\u0151ny\u00f6s az alum\u00ednium a napelemes profilokhoz? <\/b><\/p>\n<p>Az alum\u00ednium k\u00f6nny\u0171, er\u0151s, korr\u00f3zi\u00f3\u00e1ll\u00f3 \u00e9s kiv\u00e1l\u00f3 tart\u00f3ss\u00e1got biztos\u00edt, \u00edgy ide\u00e1lis a napelemek biztons\u00e1gos, hossz\u00fa \u00e9lettartam\u00fa kereteinek \u00e9p\u00edt\u00e9s\u00e9hez.<br \/>\n<\/p><br \/>\n<br \/>\n<p><b>3.Milyen el\u0151ny\u00f6kkel j\u00e1r az elox\u00e1lt fel\u00fclet a napelemes alum\u00edniumprofilok sz\u00e1m\u00e1ra? <\/b><\/p>\n<p>Az elox\u00e1lt fel\u00fclet n\u00f6veli a korr\u00f3zi\u00f3\u00e1ll\u00f3s\u00e1got, \u00edgy az alum\u00edniumprofilok tart\u00f3sabbak \u00e9s k\u00e9pesek ellen\u00e1llni a k\u00fclt\u00e9ri id\u0151j\u00e1r\u00e1si k\u00f6r\u00fclm\u00e9nyeknek an\u00e9lk\u00fcl, hogy romlan\u00e1nak.<br \/>\n<\/p><br \/>\n<br \/>\n<p><b>4.Can alum\u00ednium profilok napelemek testre szabhat\u00f3? <\/b><\/p>\n<p>Igen, az alum\u00edniumprofilok testre szabhat\u00f3k a napelemek egyedi m\u00e9ret\u00e9hez, form\u00e1j\u00e1hoz \u00e9s r\u00f6gz\u00edt\u00e9si k\u00f6vetelm\u00e9nyeihez, rugalmass\u00e1got k\u00edn\u00e1lva a k\u00fcl\u00f6nb\u00f6z\u0151 napenergia-projektek sz\u00e1m\u00e1ra.<br \/>\n<\/p><br \/>\n<br \/>\n<p><b>5.Hogyan jav\u00edtja az alum\u00ednium korr\u00f3zi\u00f3\u00e1ll\u00f3s\u00e1ga a napelemes telep\u00edt\u00e9seket? <\/b><\/p>\n<p>A korr\u00f3zi\u00f3\u00e1ll\u00f3s\u00e1g biztos\u00edtja, hogy az alum\u00edniumprofilok hossz\u00fa t\u00e1von meg\u0151rizz\u00e9k szerkezeti integrit\u00e1sukat, m\u00e9g akkor is, ha olyan k\u00fclt\u00e9ri elemeknek vannak kit\u00e9ve, mint az es\u0151, a p\u00e1ratartalom \u00e9s az UV-sugarak.<br \/>\n<\/p><br \/>\n<br \/>\n<p><b>6.Alkalmasak-e a napelemek alum\u00edniumprofiljai mind a lakoss\u00e1gi, mind a kereskedelmi l\u00e9tes\u00edtm\u00e9nyekhez? <\/b><\/p>\n<p>Igen, az alum\u00edniumprofilok sokoldal\u00faak \u00e9s alkalmasak mind a lakoss\u00e1gi, mind a kereskedelmi c\u00e9l\u00fa napelemes berendez\u00e9sekhez, megb\u00edzhat\u00f3 \u00e9s rugalmas megold\u00e1st k\u00edn\u00e1lva a k\u00fcl\u00f6nb\u00f6z\u0151 energiarendszerekhez.<br \/>\n<\/p><br \/>\n<br \/>\n<p><b>7.Az alum\u00ednium k\u00f6rnyezetbar\u00e1t v\u00e1laszt\u00e1s a napelemprofilok sz\u00e1m\u00e1ra? <\/b><\/p>\n<p>Igen, az alum\u00ednium 100% \u00fajrahasznos\u00edthat\u00f3, \u00edgy k\u00f6rnyezetbar\u00e1t anyag, amely t\u00e1mogatja a fenntarthat\u00f3 energiamegold\u00e1sokat, mik\u00f6zben cs\u00f6kkenti a napelemes rendszerek anyaghullad\u00e9k\u00e1t.<br \/>\n<\/p><br \/><\/p>","protected":false},"featured_media":7957,"template":"","categories":[54],"class_list":["post-7958","product","type-product","status-publish","has-post-thumbnail","hentry","category-industrial-aluminum-profiles"],"meta_box":{"hilight_text_group":{"product_hilight_text":"<ul>\r\r\n  <li>Aluminum profiles for solar panels provide strong, durable, and lightweight frames for supporting and securing solar panels in various installations.<\/li>\r\r\n  <li>Corrosion-resistant anodized finish ensures long-term performance, even in outdoor environments exposed to weather conditions.<\/li>\r\r\n  <li>Customizable sizes and designs to meet specific solar panel installation needs, providing flexibility for different applications.<\/li>\r\r\n  <li>Highly resistant to environmental factors, including UV rays and extreme temperatures, ensuring the longevity and reliability of the solar panel structure.<\/li>\r\r\n  <li>Efficient and easy-to-install system, reducing installation time and labor costs in solar energy projects.<\/li>\r\r\n  <li>Eco-friendly and recyclable, supporting sustainable energy solutions while minimizing environmental impact.<\/li>\r\r\n  <li>Cost-effective solution for solar panel mounting, reducing the need for additional structural materials and ensuring a secure installation.<\/li>\r\r\n<\/ul>","product_chanpin_blog":"<ul>\r\r\n<li><a href=\"https:\/\/sinoextrud.com\/t-slot-v-slot-differences\/\" target=\"_blank\">t slot vs v slot<\/a><\/li>\r\r\n<li><a href=\"https:\/\/sinoextrud.com\/what-is-4040-aluminium-extrud\/\" target=\"_blank\">4040 aluminium extrusion<\/a><\/li>\r\r\n<li><a href=\"https:\/\/sinoextrud.com\/what-is-4040-aluminium-extrud\/\" target=\"_blank\">aluminum extrusions for industrial racks<\/a><\/li>\r\r\n<li><a href=\"https:\/\/sinoextrud.com\/powder-coating-aluminium-process\/\" target=\"_blank\">powder coating aluminium<\/a><\/li>\r\r\n<li><a href=\"https:\/\/sinoextrud.com\/what-is-an-aluminium-strip-ceiling\/\" target=\"_blank\">aluminium strip ceiling<\/a><\/li>\r\r\n<li><a href=\"https:\/\/sinoextrud.com\/what-is-a-heat-sink\/\" target=\"_blank\">what is a heat sink<\/a><\/li>\r\r\n<\/ul>","product_chanpin_chanpin":"<li><a href=\"https:\/\/sinoextrud.com\/product\/aluminum-glass-channel\/\" target=\"_blank\">Aluminum Glass Channel<\/a><\/li>\r\n<li><a href=\"https:\/\/sinoextrud.com\/product\/aluminum-heat-sink-extrusion-profiles\/\" target=\"_blank\">Aluminum Heat Sink Extrusion Profiles<\/a><\/li>\r\n<li><a href=\"https:\/\/sinoextrud.com\/product\/aluminum-industrial-profile-6082-alloy-with-precision-cnc-cutting-length-during-1-m-to-3-meter\/\" target=\"_blank\">aluminum industrial profile 6082 alloy with precision cnc cutting length during 1 m to 3 meter<\/a><\/li>\r\n<li><a href=\"https:\/\/sinoextrud.com\/product\/aluminum-profile-for-clean-room-circle-shape\/\" target=\"_blank\">Aluminum Profile For Clean Room Circle Shape<\/a><\/li>\r\n<li><a href=\"https:\/\/sinoextrud.com\/product\/aluminum-profile-for-solar-panel\/\" target=\"_blank\">Aluminum Profile For Solar Panel<\/a><\/li>\r\n<li><a href=\"https:\/\/sinoextrud.com\/product\/aluminum-profile-for-workstation-desk\/\" target=\"_blank\">Aluminum Profile For Workstation Desk<\/a><\/li>\r\n<li><a href=\"https:\/\/sinoextrud.com\/product\/aluminum-profile-led-light-strip-bar\/\" target=\"_blank\">Aluminum Profile LED Light Strip Bar<\/a><\/li>\r\n<li><a href=\"https:\/\/sinoextrud.com\/product\/aluminum-profile-solar-panel-structure\/\" target=\"_blank\">Aluminum Profile Solar Panel Structure<\/a><\/li>\r\n<li><a href=\"https:\/\/sinoextrud.com\/product\/aluminum-profile-solar\/\" target=\"_blank\">Aluminum Profile Solar<\/a><\/li>\r\n<li><a href=\"https:\/\/sinoextrud.com\/product\/anodized-aluminum-frame-profile-brushed-photo-aluminum-frame-modern-decorative-industrial-frame-profile\/\" target=\"_blank\">Anodized Aluminum Frame Profile Brushed Photo Aluminum Frame Modern Decorative Industrial Frame Profile<\/a><\/li>\r\n<li><a href=\"https:\/\/sinoextrud.com\/product\/aluminium-c-profile\/\" target=\"_blank\">Aluminium C Profile<\/a><\/li>"},"feature_list":[]},"_links":{"self":[{"href":"https:\/\/sinoextrud.com\/hu\/wp-json\/wp\/v2\/product\/7958","targetHints":{"allow":["GET"]}}],"collection":[{"href":"https:\/\/sinoextrud.com\/hu\/wp-json\/wp\/v2\/product"}],"about":[{"href":"https:\/\/sinoextrud.com\/hu\/wp-json\/wp\/v2\/types\/product"}],"wp:featuredmedia":[{"embeddable":true,"href":"https:\/\/sinoextrud.com\/hu\/wp-json\/wp\/v2\/media\/7957"}],"wp:attachment":[{"href":"https:\/\/sinoextrud.com\/hu\/wp-json\/wp\/v2\/media?parent=7958"}],"wp:term":[{"taxonomy":"category","embeddable":true,"href":"https:\/\/sinoextrud.com\/hu\/wp-json\/wp\/v2\/categories?post=7958"}],"curies":[{"name":"wp","href":"https:\/\/api.w.org\/{rel}","templated":true}]}}