{"id":7948,"date":"2025-06-11T07:41:21","date_gmt":"2025-06-11T07:41:21","guid":{"rendered":"https:\/\/sinoextrud.com\/product\/aluminum-heat-sink-extrusion-profiles\/"},"modified":"2025-06-24T06:14:15","modified_gmt":"2025-06-24T06:14:15","slug":"aluminium-hutoborda-extrudalt-profilok","status":"publish","type":"product","link":"https:\/\/sinoextrud.com\/hu\/product\/aluminum-heat-sink-extrusion-profiles\/","title":{"rendered":"Alum\u00ednium h\u0171t\u0151borda extrud\u00e1lt profilok"},"content":{"rendered":"<h2>Term\u00e9kek r\u00e9szletei<\/h2>\n<table class=\"custom-table\">\n<tbody>\n<tr>\n<td> T\u00e9tel neve:<\/td>\n<td> Alum\u00ednium h\u0171t\u0151borda extrud\u00e1lt profilok<\/td>\n<td> Alkalmaz\u00e1s:<\/td>\n<td> \u00daj energiaforr\u00e1sokkal m\u0171k\u00f6d\u0151 j\u00e1rm\u0171vek, g\u00e9pek, elektromos k\u00e9sz\u00fcl\u00e9kek, LED vil\u00e1g\u00edt\u00e1s, teljes\u00edtm\u00e9nyelektronika, aut\u00f3ipar vagy b\u00e1rmely m\u00e1s ipar\u00e1gban.<\/td>\n<\/tr>\n<tr>\n<td> Oszt\u00e1ly:<\/td>\n<td> 6000-es sorozat<\/td>\n<td> Tolerancia:<\/td>\n<td> \u00b10,5%<\/td>\n<\/tr>\n<tr>\n<td> Funkci\u00f3:<\/td>\n<td> H\u0151elvezet\u00e9s \u00e9s energiatakar\u00e9koss\u00e1g<\/td>\n<td> Alak:<\/td>\n<td> Napraforg\u00f3 vagy testreszabott<\/td>\n<\/tr>\n<tr>\n<td> \u00d6tv\u00f6zet vagy sem:<\/td>\n<td> Az \u00f6tv\u00f6zet<\/td>\n<td> Jellemz\u0151:<\/td>\n<td> Sz\u00e9p megjelen\u00e9s, k\u00f6nny\u0171 s\u00faly, j\u00f3 h\u0151elvezet\u00e9si funkci\u00f3, j\u00f3 energiatakar\u00e9koss\u00e1gi hat\u00e1s<\/td>\n<\/tr>\n<tr>\n<td> Szabv\u00e1nyos:<\/td>\n<td> K\u00f6zepes \u00e9s magas min\u0151s\u00e9g<\/td>\n<td> Garancia:<\/td>\n<td> \u00fcgyf\u00e9ltan\u00fas\u00edtv\u00e1ny, mint p\u00e9ld\u00e1ul BV, Soncap, ISO<\/td>\n<\/tr>\n<tr>\n<td> MOQ:<\/td>\n<td> 200KGS minden egyes t\u00e9tel \u00e9s minden sz\u00edn eset\u00e9ben<\/td>\n<td> Exporthossz\u00fas\u00e1g:<\/td>\n<td> 5.8m a 20ft , 5.9m \/6.0m a 40'GP eset\u00e9ben<\/td>\n<\/tr>\n<tr>\n<td> Sz\u00e1ll\u00edt\u00e1si id\u0151:<\/td>\n<td> 15-21nap a let\u00e9t be\u00e9rkez\u00e9se ut\u00e1n<\/td>\n<td> Havi teljes\u00edtm\u00e9ny:<\/td>\n<td> 15,000tonna<\/td>\n<\/tr>\n<tr>\n<td> Csomagol\u00e1si r\u00e9szletek:<\/td>\n<td> Bel\u00fcl: csomagolt v\u00e9d\u0151f\u00f3lia minden egyes darabhoz a v\u00e9delem \u00e9rdek\u00e9ben.<br \/>\nK\u00edv\u00fclr\u0151l: a fel\u00fclet\u00e9n v\u00edz\u00e1ll\u00f3 k\u00e9zm\u0171ves pap\u00edrral csomagolva.<\/td>\n<td> Kik\u00f6t\u0151:<\/td>\n<td> ShenZhen, Guangzhou, Foshan<\/td>\n<\/tr>\n<tr>\n<td> Ell\u00e1t\u00e1si k\u00e9pess\u00e9g:<\/td>\n<td> 15,000 Ton \/ tonna havonta Ipari alum\u00ednium profil<\/td>\n<td> Feldolgoz\u00f3 szolg\u00e1ltat\u00e1s:<\/td>\n<td> Hajl\u00edt\u00e1s, tekercsel\u00e9s, hegeszt\u00e9s, lyukaszt\u00e1s, v\u00e1g\u00e1s<\/td>\n<\/tr>\n<\/tbody>\n<\/table>\n<h2>Gy\u00e1rt\u00f3 b\u00e1zisunk<\/h2>\n<h3>Gy\u00e1ri panor\u00e1ma<\/h3>\n<p><img decoding=\"async\" src=\"\/wp-content\/uploads\/factory-01.webp\"\/><\/p>\n<h3>Alum\u00ednium r\u00fadgy\u00e1rt\u00f3 m\u0171hely<\/h3>\n<p><img decoding=\"async\" src=\"\/wp-content\/uploads\/factory-02.webp\"\/><\/p>\n<\/p>\n<p><img decoding=\"async\" src=\"\/wp-content\/uploads\/factory-03.webp\"\/><\/p>\n<h3>Pen\u00e9sz rakt\u00e1r<\/h3>\n<p><img decoding=\"async\" src=\"\/wp-content\/uploads\/factory-04.webp\"\/><\/p>\n<h3>43 alum\u00ednium extrud\u00e1l\u00f3 vonal (500-5500 tonna)<\/h3>\n<p><img decoding=\"async\" src=\"\/wp-content\/uploads\/factory-05.webp\"\/><\/p>\n<p><img decoding=\"async\" src=\"\/wp-content\/uploads\/factory-06.webp\"\/><\/p>\n<p><img decoding=\"async\" src=\"\/wp-content\/uploads\/factory-07.webp\"\/><\/p>\n<h3>Porfest\u0151 m\u0171hely<\/h3>\n<p><img decoding=\"async\" src=\"\/wp-content\/uploads\/factory-09.webp\"\/><\/p>\n<h3>Anodiz\u00e1l\u00f3 m\u0171hely<\/h3>\n<p><img decoding=\"async\" src=\"\/wp-content\/uploads\/factory-10.webp\"\/><\/p>\n<h3>M\u00e9ly feldolgoz\u00e1si m\u0171hely<\/h3>\n<p><img decoding=\"async\" src=\"\/wp-content\/uploads\/factory-11.webp\"\/><\/p>\n<h3>CNC prec\u00edzi\u00f3s megmunk\u00e1l\u00f3 m\u0171hely<\/h3>\n<p><img decoding=\"async\" src=\"\/wp-content\/uploads\/factory-11.5.webp\"\/><\/p>\n<h3>K\u00e9szterm\u00e9k \u00e9s export rakt\u00e1r<\/h3>\n<p><img decoding=\"async\" src=\"\/wp-content\/uploads\/factory-12.webp\"\/><\/p>\n<p><img decoding=\"async\" src=\"\/wp-content\/uploads\/factory-13.webp\"\/><\/p>\n<p><img decoding=\"async\" src=\"\/wp-content\/uploads\/factory-14.webp\"\/><\/p>\n<h2>GYIK<\/h2>\n<p><b>1. mire haszn\u00e1lj\u00e1k az alum\u00ednium h\u0171t\u0151borda extrud\u00e1lt profilokat? <\/b><\/p>\n<p>Az alum\u00ednium h\u0171t\u0151borda extrud\u00e1lt profilokat az elektronikai alkatr\u00e9szek h\u0151elvezet\u00e9s\u00e9nek hat\u00e9konys\u00e1g\u00e1ra haszn\u00e1lj\u00e1k, a t\u00falmeleged\u00e9s megakad\u00e1lyoz\u00e1s\u00e1val jav\u00edtva az eszk\u00f6z\u00f6k teljes\u00edtm\u00e9ny\u00e9t \u00e9s \u00e9lettartam\u00e1t.\n<\/p>\n<p><\/p>\n<p><b>2.Mi\u00e9rt haszn\u00e1lj\u00e1k az alum\u00edniumot a h\u0171t\u0151borda profilokhoz? <\/b><\/p>\n<p>Az alum\u00ednium nagy vezet\u0151k\u00e9pess\u00e9g\u0171, k\u00f6nny\u0171 \u00e9s korr\u00f3zi\u00f3\u00e1ll\u00f3 anyag, \u00edgy ide\u00e1lis a hat\u00e9kony h\u0151elvezet\u00e9shez, \u00e9s hossz\u00fa t\u00e1v\u00fa teljes\u00edtm\u00e9nyt biztos\u00edt a h\u0151kezel\u00e9si alkalmaz\u00e1sokban.\n<\/p>\n<p><\/p>\n<p><b>3.Hogyan jav\u00edtja az alum\u00ednium h\u0171t\u0151borda profilok kialak\u00edt\u00e1sa a h\u0151elvezet\u00e9st? <\/b><\/p>\n<p>Az alum\u00ednium h\u0171t\u0151borda profilok extrud\u00e1lt kialak\u00edt\u00e1sa n\u00f6veli a h\u0151\u00e1tad\u00e1si fel\u00fcletet, \u00edgy optim\u00e1lis h\u0151elvezet\u00e9st biztos\u00edt, \u00e9s megakad\u00e1lyozza az alkatr\u00e9szek t\u00falmeleged\u00e9s\u00e9t.\n<\/p>\n<p><\/p>\n<p><b>4.Can alum\u00ednium h\u0171t\u0151borda extrud\u00e1lt profilok testreszabhat\u00f3ak az adott alkalmaz\u00e1sokhoz? <\/b><\/p>\n<p>Igen, az alum\u00ednium h\u0171t\u0151borda profilok alakja, m\u00e9rete \u00e9s kialak\u00edt\u00e1sa testre szabhat\u00f3, hogy megfeleljenek a k\u00fcl\u00f6nb\u00f6z\u0151 elektronikus \u00e9s ipari alkalmaz\u00e1sok speci\u00e1lis h\u0171t\u00e9si ig\u00e9nyeinek.\n<\/p>\n<p><\/p>\n<p><b>5.Hogyan jav\u00edtja az alum\u00ednium h\u0171t\u0151borda haszn\u00e1lata az elektronikus eszk\u00f6z\u00f6k teljes\u00edtm\u00e9ny\u00e9t? <\/b><\/p>\n<p>Az alum\u00ednium h\u0171t\u0151borda haszn\u00e1lata seg\u00edt fenntartani az elektronikus alkatr\u00e9szek optim\u00e1lis h\u0151m\u00e9rs\u00e9klet\u00e9t, jav\u00edtja az energiahat\u00e9konys\u00e1got, a teljes\u00edtm\u00e9nyt \u00e9s megakad\u00e1lyozza a t\u00falmeleged\u00e9sb\u0151l ered\u0151 esetleges k\u00e1rokat.\n<\/p>\n<p><\/p>\n<p><b>6.Alkalmasak-e az alum\u00ednium h\u0171t\u0151borda profilok nagy teljes\u00edtm\u00e9ny\u0171 alkalmaz\u00e1sokhoz? <\/b><\/p>\n<p>Igen, az alum\u00ednium h\u0171t\u0151borda profilokat \u00fagy tervezt\u00e9k, hogy nagy h\u0151terhel\u00e9st b\u00edrjanak, \u00edgy alkalmasak nagy teljes\u00edtm\u00e9ny\u0171 alkalmaz\u00e1sokhoz, p\u00e9ld\u00e1ul sz\u00e1m\u00edt\u00f3g\u00e9pekhez, LED-ekhez \u00e9s t\u00e1pegys\u00e9gekhez.\n<\/p>\n<p><\/p>\n<p><b>7.Is alum\u00ednium k\u00f6rnyezetbar\u00e1t? <\/b><\/p>\n<p>Igen, az alum\u00ednium 100% \u00fajrahasznos\u00edthat\u00f3, \u00edgy az alum\u00ednium h\u0171t\u0151borda profilok k\u00f6rnyezetbar\u00e1t v\u00e1laszt\u00e1s, amely t\u00e1mogatja a fenntarthat\u00f3 gy\u00e1rt\u00e1si gyakorlatokat az elektronikai iparban.\n<\/p>\n<p><\/p>","protected":false},"featured_media":7947,"template":"","categories":[54],"class_list":["post-7948","product","type-product","status-publish","has-post-thumbnail","hentry","category-industrial-aluminum-profiles"],"meta_box":{"hilight_text_group":{"product_hilight_text":"<ul>\r\r\n  <li>Aluminum heat sink extrusion profiles provide excellent thermal conductivity, ensuring efficient heat dissipation for electronic components.<\/li>\r\r\n  <li>Customizable shapes and sizes allow for tailored solutions that meet specific cooling requirements in industrial and consumer electronics.<\/li>\r\r\n  <li>Durable and corrosion-resistant, these profiles are ideal for both indoor and outdoor applications, maintaining long-term performance.<\/li>\r\r\n  <li>Lightweight yet strong, providing an optimal balance of heat management and structural integrity in electronic systems.<\/li>\r\r\n  <li>Efficient design helps prevent overheating, improving the performance and lifespan of sensitive electronic components.<\/li>\r\r\n  <li>Cost-effective solution for thermal management, reducing the need for additional cooling systems or complex mechanisms.<\/li>\r\r\n  <li>Eco-friendly and recyclable, contributing to sustainable practices in electronic manufacturing and reducing waste.<\/li>\r\r\n<\/ul>","product_chanpin_blog":"<ul>\r\r\n<li><a href=\"https:\/\/sinoextrud.com\/t-slot-v-slot-differences\/\" target=\"_blank\">t slot vs v slot<\/a><\/li>\r\r\n<li><a href=\"https:\/\/sinoextrud.com\/what-is-4040-aluminium-extrud\/\" target=\"_blank\">4040 aluminium extrusion<\/a><\/li>\r\r\n<li><a href=\"https:\/\/sinoextrud.com\/what-is-4040-aluminium-extrud\/\" target=\"_blank\">aluminum extrusions for industrial racks<\/a><\/li>\r\r\n<li><a href=\"https:\/\/sinoextrud.com\/powder-coating-aluminium-process\/\" target=\"_blank\">powder coating aluminium<\/a><\/li>\r\r\n<li><a href=\"https:\/\/sinoextrud.com\/what-is-an-aluminium-strip-ceiling\/\" target=\"_blank\">aluminium strip ceiling<\/a><\/li>\r\r\n<li><a href=\"https:\/\/sinoextrud.com\/what-is-a-heat-sink\/\" target=\"_blank\">what is a heat sink<\/a><\/li>\r\r\n<\/ul>","product_chanpin_chanpin":"<li><a href=\"https:\/\/sinoextrud.com\/product\/aluminum-extrusion-housing\/\" target=\"_blank\">Aluminum Extrusion Housing<\/a><\/li>\r\n<li><a href=\"https:\/\/sinoextrud.com\/product\/aluminum-extrusion-profiles-products\/\" target=\"_blank\">Aluminum Extrusion Profiles Products<\/a><\/li>\r\n<li><a href=\"https:\/\/sinoextrud.com\/product\/aluminum-extrusion-rail\/\" target=\"_blank\">Aluminum Extrusion Rail<\/a><\/li>\r\n<li><a href=\"https:\/\/sinoextrud.com\/product\/aluminum-glass-channel\/\" target=\"_blank\">Aluminum Glass Channel<\/a><\/li>\r\n<li><a href=\"https:\/\/sinoextrud.com\/product\/aluminum-heat-sink-extrusion-profiles\/\" target=\"_blank\">Aluminum Heat Sink Extrusion Profiles<\/a><\/li>\r\n<li><a href=\"https:\/\/sinoextrud.com\/product\/aluminum-industrial-profile-6082-alloy-with-precision-cnc-cutting-length-during-1-m-to-3-meter\/\" target=\"_blank\">aluminum industrial profile 6082 alloy with precision cnc cutting length during 1 m to 3 meter<\/a><\/li>\r\n<li><a href=\"https:\/\/sinoextrud.com\/product\/aluminum-profile-for-clean-room-circle-shape\/\" target=\"_blank\">Aluminum Profile For Clean Room Circle Shape<\/a><\/li>\r\n<li><a href=\"https:\/\/sinoextrud.com\/product\/aluminum-profile-for-solar-panel\/\" target=\"_blank\">Aluminum Profile For Solar Panel<\/a><\/li>\r\n<li><a href=\"https:\/\/sinoextrud.com\/product\/aluminum-profile-for-workstation-desk\/\" target=\"_blank\">Aluminum Profile For Workstation Desk<\/a><\/li>\r\n<li><a href=\"https:\/\/sinoextrud.com\/product\/newest-stable-extruded-aluminum-u-channel-profile-frameless-glass-railing-system-with-balustrade-handrail-fittings\/\" target=\"_blank\">Newest Stable Extruded Aluminum U Channel Profile Frameless Glass Railing System With Balustrade Handrail Fittings<\/a><\/li>\r\n<li><a href=\"https:\/\/sinoextrud.com\/product\/powder-coated-and-anodized-aluminium-profile-for-electric-frame-motor-housing-and-aluminum-enclosure\/\" target=\"_blank\">Powder coated and Anodized aluminium profile for electric frame motor housing and aluminum enclosure<\/a><\/li>"},"feature_list":[]},"_links":{"self":[{"href":"https:\/\/sinoextrud.com\/hu\/wp-json\/wp\/v2\/product\/7948","targetHints":{"allow":["GET"]}}],"collection":[{"href":"https:\/\/sinoextrud.com\/hu\/wp-json\/wp\/v2\/product"}],"about":[{"href":"https:\/\/sinoextrud.com\/hu\/wp-json\/wp\/v2\/types\/product"}],"wp:featuredmedia":[{"embeddable":true,"href":"https:\/\/sinoextrud.com\/hu\/wp-json\/wp\/v2\/media\/7947"}],"wp:attachment":[{"href":"https:\/\/sinoextrud.com\/hu\/wp-json\/wp\/v2\/media?parent=7948"}],"wp:term":[{"taxonomy":"category","embeddable":true,"href":"https:\/\/sinoextrud.com\/hu\/wp-json\/wp\/v2\/categories?post=7948"}],"curies":[{"name":"wp","href":"https:\/\/api.w.org\/{rel}","templated":true}]}}