{"id":7924,"date":"2025-06-11T07:11:44","date_gmt":"2025-06-11T07:11:44","guid":{"rendered":"https:\/\/sinoextrud.com\/product\/aluminium-solar-frame-profile\/"},"modified":"2025-06-24T06:14:07","modified_gmt":"2025-06-24T06:14:07","slug":"aluminium-napelemes-keretprofil","status":"publish","type":"product","link":"https:\/\/sinoextrud.com\/hu\/product\/aluminium-solar-frame-profile\/","title":{"rendered":"Alum\u00ednium napelemes keretprofil"},"content":{"rendered":"<h2>Term\u00e9kek r\u00e9szletei<\/h2>\n<table class=\"custom-table\">\n<tr>\n<td class=\"label\">Term\u00e9k neve:<\/td>\n<td>Alum\u00ednium napelemes keretprofil<\/td>\n<\/tr>\n<tr>\n<td class=\"label\">\u00dczleti t\u00edpus:<\/td>\n<td>Gy\u00e1rt\u00f3<\/td>\n<\/tr>\n<tr>\n<td class=\"label\">Extrud\u00e1l\u00f3 vonal:<\/td>\n<td>7 extrud\u00e1l\u00f3 vonal \u00e9s a havi termel\u00e9s el\u00e9rheti a 15 000 tonn\u00e1t.<\/td>\n<\/tr>\n<tr>\n<td class=\"label\">Gy\u00e1rt\u00f3sor:<\/td>\n<td>1 elox\u00e1lt vonal, 1 porsz\u00f3r\u00e1sos vonal, 1 faanyagsoros vonal.<\/td>\n<\/tr>\n<tr>\n<td class=\"label\">Term\u00e9kkapacit\u00e1s:<\/td>\n<td>Az anodiz\u00e1l\u00f3 elektrofor\u00e9zis havi teljes\u00edtm\u00e9nye 15 000 tonna.<\/td>\n<\/tr>\n<tr>\n<td class=\"label\">\u00f6tv\u00f6zet:<\/td>\n<td>6063\/6061\/6005\/6060\/7005. (K\u00fcl\u00f6nleges \u00f6tv\u00f6zet is k\u00e9sz\u00fclhet az \u00d6n ig\u00e9nyei szerint.)<\/td>\n<\/tr>\n<tr>\n<td class=\"label\">Lelkiismeretesen:<\/td>\n<td>T5\/T6\/T4<\/td>\n<\/tr>\n<tr>\n<td class=\"label\">Szabv\u00e1nyos:<\/td>\n<td>K\u00edna GB nagy pontoss\u00e1g\u00fa szabv\u00e1ny.<\/td>\n<\/tr>\n<tr>\n<td class=\"label\">Vastags\u00e1g:<\/td>\n<td>Az \u00d6n ig\u00e9nyei alapj\u00e1n.<\/td>\n<\/tr>\n<tr>\n<td class=\"label\">Hossz\u00fas\u00e1g:<\/td>\n<td>Az 5,8 m hossz\u00fas\u00e1g alkalmas rakod\u00e1sra \u00e9s sz\u00e1ll\u00edt\u00e1sra. \u00c9s b\u00e1rmilyen hossz\u00fas\u00e1got el\u0151\u00e1ll\u00edthatunk.<\/td>\n<\/tr>\n<tr>\n<td class=\"label\">MOQ:<\/td>\n<td>\u00c1ltal\u00e1ban 2 tonna. \u00c1ltal\u00e1ban 10~12 tonna 1*20GP \u00e9s 20~23 tonna 1*40HQ eset\u00e9n.<\/td>\n<\/tr>\n<tr>\n<td class=\"label\">Fel\u00fcletkezel\u00e9s:<\/td>\n<td>Mar\u00e1sol\u00e1s, elox\u00e1l\u00e1s, porsz\u00f3r\u00e1s, porfest\u00e9s, fa szemcs\u00e9s\u00edt\u00e9s, pol\u00edroz\u00e1s, kef\u00e9z\u00e9s, elektrofor\u00e9zis.<\/td>\n<\/tr>\n<tr>\n<td class=\"label\">Color We Can Do:<\/td>\n<td>Ez\u00fcst, fekete, feh\u00e9r, bronz, pezsg\u0151, z\u00f6ld, sz\u00fcrke, aranys\u00e1rga, nikkel, vagy szem\u00e9lyre szabott.<\/td>\n<\/tr>\n<tr>\n<td class=\"label\">Filmvastags\u00e1g:<\/td>\n<td>Elox\u00e1lt:<br \/>\nTestreszabott. Norm\u00e1l vastags\u00e1g: \u22658 um.<\/td>\n<\/tr>\n<tr>\n<td class=\"label\">Porbevonat:<\/td>\n<td>Testreszabott. Norm\u00e1l vastags\u00e1g: 40-120 um.<\/td>\n<\/tr>\n<tr>\n<td class=\"label\">Elektrofor\u00e9zis komplex film:<\/td>\n<td>Norm\u00e1l vastags\u00e1g: 16 um.<\/td>\n<\/tr>\n<tr>\n<td class=\"label\">Fa szemcs\u00e9k:<\/td>\n<td>Testreszabott. Norm\u00e1l vastags\u00e1g: 60-120 um.<\/td>\n<\/tr>\n<tr>\n<td class=\"label\">Fa szemcs\u00e9s anyag:<\/td>\n<td>a). Import\u00e1lt olasz MENPHIS transzfernyomtat\u00f3pap\u00edr.<br \/>\nb). Kiv\u00e1l\u00f3 min\u0151s\u00e9g\u0171 k\u00ednai transzfernyomtat\u00f3 pap\u00edr m\u00e1rka.<br \/>\nc). K\u00fcl\u00f6nb\u00f6z\u0151 \u00e1rak.<\/td>\n<\/tr>\n<tr>\n<td class=\"label\">K\u00e9miai \u00f6sszet\u00e9tel \u00e9s teljes\u00edtm\u00e9ny:<\/td>\n<td>V\u00e9grehajt\u00e1s \u00e9s megfelel a k\u00ednai GB nagy pontoss\u00e1g\u00fa szintj\u00e9nek.<\/td>\n<\/tr>\n<tr>\n<td class=\"label\">Megmunk\u00e1l\u00e1s:<\/td>\n<td>V\u00e1g\u00e1s, lyukaszt\u00e1s, f\u00far\u00e1s, hajl\u00edt\u00e1s, hegeszt\u00e9s, malom, CNC stb.<\/td>\n<\/tr>\n<tr>\n<td class=\"label\">Csomagol\u00e1s:<\/td>\n<td>M\u0171anyag f\u00f3lia \u00e9s er\u0151pap\u00edr. Sz\u00fcks\u00e9g eset\u00e9n az egyes profildarabok v\u00e9d\u0151f\u00f3li\u00e1ja is rendben van.<\/td>\n<\/tr>\n<tr>\n<td class=\"label\">Sz\u00e1ll\u00edt\u00e1si kik\u00f6t\u0151:<\/td>\n<td>Guangzhou, Foshan, Shenzhen<\/td>\n<\/tr>\n<tr>\n<td class=\"label\">OEM:<\/td>\n<td>El\u00e9rhet\u0151.<\/td>\n<\/tr>\n<\/table>\n<h2>Gy\u00e1rt\u00f3 b\u00e1zisunk<\/h2>\n<h3>Gy\u00e1ri panor\u00e1ma<\/h3>\n<p><img decoding=\"async\" src=\"\/wp-content\/uploads\/factory-01.webp\"\/><\/p>\n<h3>Alum\u00ednium r\u00fadgy\u00e1rt\u00f3 m\u0171hely<\/h3>\n<p><img decoding=\"async\" src=\"\/wp-content\/uploads\/factory-02.webp\"\/><\/p>\n<\/p>\n<p><img decoding=\"async\" src=\"\/wp-content\/uploads\/factory-03.webp\"\/><\/p>\n<h3>Pen\u00e9sz rakt\u00e1r<\/h3>\n<p><img decoding=\"async\" src=\"\/wp-content\/uploads\/factory-04.webp\"\/><\/p>\n<h3>43 alum\u00ednium extrud\u00e1l\u00f3 vonal (500-5500 tonna)<\/h3>\n<p><img decoding=\"async\" src=\"\/wp-content\/uploads\/factory-05.webp\"\/><\/p>\n<p><img decoding=\"async\" src=\"\/wp-content\/uploads\/factory-06.webp\"\/><\/p>\n<p><img decoding=\"async\" src=\"\/wp-content\/uploads\/factory-07.webp\"\/><\/p>\n<h3>Porfest\u0151 m\u0171hely<\/h3>\n<p><img decoding=\"async\" src=\"\/wp-content\/uploads\/factory-09.webp\"\/><\/p>\n<h3>Anodiz\u00e1l\u00f3 m\u0171hely<\/h3>\n<p><img decoding=\"async\" src=\"\/wp-content\/uploads\/factory-10.webp\"\/><\/p>\n<h3>M\u00e9ly feldolgoz\u00e1si m\u0171hely<\/h3>\n<p><img decoding=\"async\" src=\"\/wp-content\/uploads\/factory-11.webp\"\/><\/p>\n<h3>CNC prec\u00edzi\u00f3s megmunk\u00e1l\u00f3 m\u0171hely<\/h3>\n<p><img decoding=\"async\" src=\"\/wp-content\/uploads\/factory-11.5.webp\"\/><\/p>\n<h3>K\u00e9szterm\u00e9k \u00e9s export rakt\u00e1r<\/h3>\n<p><img decoding=\"async\" src=\"\/wp-content\/uploads\/factory-12.webp\"\/><\/p>\n<p><img decoding=\"async\" src=\"\/wp-content\/uploads\/factory-13.webp\"\/><\/p>\n<p><img decoding=\"async\" src=\"\/wp-content\/uploads\/factory-14.webp\"\/><\/p>\n<h2>GYIK<\/h2>\n<p><b>1.Mi teszi az alum\u00ednium napelemkeret-profilt ide\u00e1lisv\u00e1 a napelemek r\u00f6gz\u00edt\u00e9s\u00e9hez? <\/b><\/p>\n<p> Az alum\u00ednium napelemkeret-profilok er\u0151s, korr\u00f3zi\u00f3\u00e1ll\u00f3 tart\u00e1st biztos\u00edtanak, \u00edgy t\u00f6k\u00e9letesen alkalmasak a napelemek biztons\u00e1gos r\u00f6gz\u00edt\u00e9s\u00e9re, mik\u00f6zben hossz\u00fa t\u00e1v\u00fa tart\u00f3ss\u00e1got biztos\u00edtanak.\n<\/p>\n<p><\/p>\n<p><b>2.Can alum\u00ednium napelemes keretprofil testreszabhat\u00f3? <\/b><\/p>\n<p> Igen, ezek a profilok m\u00e9retben, alakban \u00e9s kialak\u00edt\u00e1sban testre szabhat\u00f3k, hogy megfeleljenek a napelemes telep\u00edt\u00e9si projektek egyedi k\u00f6vetelm\u00e9nyeinek.\n<\/p>\n<p><\/p>\n<p><b>3.Mennyire tart\u00f3s az alum\u00ednium napelemes keretprofil? <\/b><\/p>\n<p> Az alum\u00ednium napelemes keretprofilok korr\u00f3zi\u00f3\u00e1ll\u00f3 tulajdons\u00e1gaiknak k\u00f6sz\u00f6nhet\u0151en rendk\u00edv\u00fcl tart\u00f3sak, \u00e9s megb\u00edzhat\u00f3 teljes\u00edtm\u00e9nyt biztos\u00edtanak mind a belt\u00e9ri, mind a k\u00fclt\u00e9ri napenergia-alkalmaz\u00e1sokban.\n<\/p>\n<p><\/p>\n<p><b>4.Milyen ipar\u00e1gak sz\u00e1m\u00e1ra el\u0151ny\u00f6s az alum\u00ednium napelemes keretprofil haszn\u00e1lata? <\/b><\/p>\n<p> A meg\u00fajul\u00f3 energiaszektorban m\u0171k\u00f6d\u0151 ipar\u00e1gak, k\u00f6zt\u00fck a napelemek telep\u00edt\u0151i, a gy\u00e1rt\u00f3k \u00e9s az energiaszolg\u00e1ltat\u00f3k profit\u00e1lnak e profilok erej\u00e9b\u0151l \u00e9s hat\u00e9konys\u00e1g\u00e1b\u00f3l.\n<\/p>\n<p><\/p>\n<p><b>5.Az alum\u00ednium napelemes keretprofil k\u00f6nnyen telep\u00edthet\u0151? <\/b><\/p>\n<p> Igen, ezeket a profilokat egyszer\u0171 telep\u00edt\u00e9sre tervezt\u00e9k, cs\u00f6kkentve a napelemek felszerel\u00e9si folyamat\u00e1nak be\u00e1ll\u00edt\u00e1si idej\u00e9t \u00e9s a munkad\u00edjakat.\n<\/p>\n<p><\/p>\n<p><b>6.Hogyan jav\u00edtja az alum\u00ednium napelemes keretprofil a napelemek hat\u00e9konys\u00e1g\u00e1t? <\/b><\/p>\n<p> A keretprofil biztons\u00e1gos tart\u00e1st \u00e9s jobb h\u0151elvezet\u00e9st biztos\u00edt, \u00edgy a napelemek optim\u00e1lis h\u0151m\u00e9rs\u00e9kleten m\u0171k\u00f6dnek a maxim\u00e1lis energiatermel\u00e9s \u00e9rdek\u00e9ben.\n<\/p>\n<p><\/p>\n<p><b>7.Az alum\u00ednium napelemes keretprofil k\u00f6rnyezetbar\u00e1t? <\/b><\/p>\n<p> Igen, az alum\u00ednium teljes m\u00e9rt\u00e9kben \u00fajrahasznos\u00edthat\u00f3, \u00edgy k\u00f6rnyezetbar\u00e1t megold\u00e1s a fenntarthat\u00f3 napelemtart\u00f3 megold\u00e1sokhoz.\n<\/p>\n<p><\/p>","protected":false},"featured_media":7923,"template":"","categories":[54],"class_list":["post-7924","product","type-product","status-publish","has-post-thumbnail","hentry","category-industrial-aluminum-profiles"],"meta_box":{"hilight_text_group":{"product_hilight_text":"<li>Durable aluminium solar frame profile designed for mounting and securing solar panels<\/li>\r\r\n<li>Corrosion-resistant, ensuring longevity and reliability in all weather conditions<\/li>\r\r\n<li>Lightweight yet strong, offering a stable and secure foundation for solar panel installations<\/li>\r\r\n<li>Customizable sizes and designs to fit various solar panel mounting systems and configurations<\/li>\r\r\n<li>Efficient heat dissipation, improving the overall performance and lifespan of solar panels<\/li>\r\r\n<li>Easy to install and adjust, reducing setup time and labor costs during installation<\/li>\r\r\n<li>Environmentally friendly, as aluminium is fully recyclable and contributes to sustainable energy solutions<\/li>","product_chanpin_blog":"<ul>\r\r\n<li><a href=\"https:\/\/sinoextrud.com\/t-slot-v-slot-differences\/\" target=\"_blank\">t slot vs v slot<\/a><\/li>\r\r\n<li><a href=\"https:\/\/sinoextrud.com\/what-is-4040-aluminium-extrud\/\" target=\"_blank\">4040 aluminium extrusion<\/a><\/li>\r\r\n<li><a href=\"https:\/\/sinoextrud.com\/what-is-4040-aluminium-extrud\/\" target=\"_blank\">aluminum extrusions for industrial racks<\/a><\/li>\r\r\n<li><a href=\"https:\/\/sinoextrud.com\/powder-coating-aluminium-process\/\" target=\"_blank\">powder coating aluminium<\/a><\/li>\r\r\n<li><a href=\"https:\/\/sinoextrud.com\/what-is-an-aluminium-strip-ceiling\/\" target=\"_blank\">aluminium strip ceiling<\/a><\/li>\r\r\n<li><a href=\"https:\/\/sinoextrud.com\/what-is-a-heat-sink\/\" target=\"_blank\">what is a heat sink<\/a><\/li>\r\r\n<\/ul>","product_chanpin_chanpin":"<li><a href=\"https:\/\/sinoextrud.com\/product\/aluminium-extrusion-profile-for-led-light-strip-heat-sink\/\" target=\"_blank\">Aluminium Extrusion Profile For LED Light Strip Heat Sink<\/a><\/li>\r\n<li><a href=\"https:\/\/sinoextrud.com\/product\/aluminium-industrial-profile\/\" target=\"_blank\">Aluminium Industrial Profile<\/a><\/li>\r\n<li><a href=\"https:\/\/sinoextrud.com\/product\/aluminium-round-tube-aluminium-profile-with-series-3003-3001\/\" target=\"_blank\">Aluminium Round Tube Aluminium Profile With Series 3003 3001<\/a><\/li>\r\n<li><a href=\"https:\/\/sinoextrud.com\/product\/aluminium-slot-profile\/\" target=\"_blank\">Aluminium Slot Profile<\/a><\/li>\r\n<li><a href=\"https:\/\/sinoextrud.com\/product\/aluminium-solar-frame-profile\/\" target=\"_blank\">Aluminium Solar Frame Profile<\/a><\/li>\r\n<li><a href=\"https:\/\/sinoextrud.com\/product\/aluminium-solar-profile\/\" target=\"_blank\">Aluminium Solar Profile<\/a><\/li>\r\n<li><a href=\"https:\/\/sinoextrud.com\/product\/aluminium-t-extrusion\/\" target=\"_blank\">Aluminium T Extrusion<\/a><\/li>\r\n<li><a href=\"https:\/\/sinoextrud.com\/product\/aluminium-t-track-extrusions\/\" target=\"_blank\">Aluminium T Track Extrusions<\/a><\/li>\r\n<li><a href=\"https:\/\/sinoextrud.com\/product\/aluminum-electronic-enclosure-heatsink\/\" target=\"_blank\">Aluminum Electronic Enclosure heatsink<\/a><\/li>\r\n<li><a href=\"https:\/\/sinoextrud.com\/product\/aluminum-profile-for-kitchen-cabinet-accesory-manufacture-price\/\" target=\"_blank\">Aluminum Profile For Kitchen Cabinet Accesory Manufacture Price<\/a><\/li>\r\n<li><a href=\"https:\/\/sinoextrud.com\/product\/y-section-aluminium-extrusion\/\" target=\"_blank\">Y Section Aluminium Extrusion<\/a><\/li>"},"feature_list":[]},"_links":{"self":[{"href":"https:\/\/sinoextrud.com\/hu\/wp-json\/wp\/v2\/product\/7924","targetHints":{"allow":["GET"]}}],"collection":[{"href":"https:\/\/sinoextrud.com\/hu\/wp-json\/wp\/v2\/product"}],"about":[{"href":"https:\/\/sinoextrud.com\/hu\/wp-json\/wp\/v2\/types\/product"}],"wp:featuredmedia":[{"embeddable":true,"href":"https:\/\/sinoextrud.com\/hu\/wp-json\/wp\/v2\/media\/7923"}],"wp:attachment":[{"href":"https:\/\/sinoextrud.com\/hu\/wp-json\/wp\/v2\/media?parent=7924"}],"wp:term":[{"taxonomy":"category","embeddable":true,"href":"https:\/\/sinoextrud.com\/hu\/wp-json\/wp\/v2\/categories?post=7924"}],"curies":[{"name":"wp","href":"https:\/\/api.w.org\/{rel}","templated":true}]}}