{"id":7916,"date":"2025-06-11T06:58:14","date_gmt":"2025-06-11T06:58:14","guid":{"rendered":"https:\/\/sinoextrud.com\/product\/aluminium-industrial-profile\/"},"modified":"2025-06-24T06:14:05","modified_gmt":"2025-06-24T06:14:05","slug":"aluminium-ipari-profil","status":"publish","type":"product","link":"https:\/\/sinoextrud.com\/hu\/product\/aluminium-industrial-profile\/","title":{"rendered":"Alum\u00ednium ipari profil"},"content":{"rendered":"<h2>Term\u00e9kek r\u00e9szletei<\/h2>\n<table class=\"custom-table\">\n<tr>\n<td class=\"label\">Alak:<\/td>\n<td> Testreszabott<\/td>\n<\/tr>\n<tr>\n<td class=\"label\">Lelkiismeretesen:<\/td>\n<td> T3-T8<\/td>\n<\/tr>\n<tr>\n<td class=\"label\">\u00f6tv\u00f6zet:<\/td>\n<td> \u00d6tv\u00f6zet<\/td>\n<\/tr>\n<tr>\n<td class=\"label\">\u00d6tv\u00f6z\u0151 \u00f6sszetev\u0151:<\/td>\n<td> 6063<\/td>\n<\/tr>\n<tr>\n<td class=\"label\">Pol\u00edrozott alum\u00ednium profil:<\/td>\n<td> Mechanikai pol\u00edroz\u00e1s<\/td>\n<\/tr>\n<tr>\n<td class=\"label\">Feldolgoz\u00e1s:<\/td>\n<td> Extrud\u00e1lt min\u0151s\u00e9g<\/td>\n<\/tr>\n<tr>\n<td class=\"label\">Maxim\u00e1lis sz\u00e9less\u00e9g:<\/td>\n<td> 500mm X 500mm<\/td>\n<\/tr>\n<tr>\n<td class=\"label\">Sz\u00e1ll\u00edt\u00e1si csomag:<\/td>\n<td> Borwn pap\u00edr m\u0171anyag f\u00f3li\u00e1val csomagolva<\/td>\n<\/tr>\n<tr>\n<td class=\"label\">Eredet:<\/td>\n<td> Guangdong, K\u00edna (sz\u00e1razf\u00f6ld)<\/td>\n<\/tr>\n<tr>\n<td class=\"label\">T\u00edpus:<\/td>\n<td> Ablak \u00e9s ajt\u00f3 alum\u00ednium profil, dekor\u00e1ci\u00f3s alum\u00ednium profil, h\u0171t\u0151borda alum\u00ednium profil, ipari alum\u00ednium profil, ipari alum\u00ednium profil<\/td>\n<\/tr>\n<tr>\n<td class=\"label\">Oszt\u00e1ly:<\/td>\n<td> 6000-es sorozat<\/td>\n<\/tr>\n<tr>\n<td class=\"label\">Fel\u00fcletkezel\u00e9s:<\/td>\n<td> Elox\u00e1lt, porsz\u00f3rt, fa szemcs\u00e9s, csiszolt stb. vagy testreszabott<\/td>\n<\/tr>\n<tr>\n<td class=\"label\">Tan\u00fas\u00edt\u00e1s:<\/td>\n<td> ISO, SGS<\/td>\n<\/tr>\n<tr>\n<td class=\"label\">Legnth:<\/td>\n<td> 3~8m<\/td>\n<\/tr>\n<tr>\n<td class=\"label\">Standard K\u00edna:<\/td>\n<td> GB5237-2008<\/td>\n<\/tr>\n<tr>\n<td class=\"label\">HS-k\u00f3d:<\/td>\n<td> 7604210000<\/td>\n<\/tr>\n<\/table>\n<h2>Gy\u00e1rt\u00f3 b\u00e1zisunk<\/h2>\n<h3>Gy\u00e1ri panor\u00e1ma<\/h3>\n<p><img decoding=\"async\" src=\"\/wp-content\/uploads\/factory-01.webp\"\/><\/p>\n<h3>Alum\u00ednium r\u00fadgy\u00e1rt\u00f3 m\u0171hely<\/h3>\n<p><img decoding=\"async\" src=\"\/wp-content\/uploads\/factory-02.webp\"\/><\/p>\n<p><img decoding=\"async\" src=\"\/wp-content\/uploads\/factory-03.webp\"\/><\/p>\n<h3>Pen\u00e9sz rakt\u00e1r<\/h3>\n<p><img decoding=\"async\" src=\"\/wp-content\/uploads\/factory-04.webp\"\/><\/p>\n<h3>43 alum\u00ednium extrud\u00e1l\u00f3 vonal (500-5500 tonna)<\/h3>\n<p><img decoding=\"async\" src=\"\/wp-content\/uploads\/factory-05.webp\"\/><\/p>\n<p><img decoding=\"async\" src=\"\/wp-content\/uploads\/factory-06.webp\"\/><\/p>\n<p><img decoding=\"async\" src=\"\/wp-content\/uploads\/factory-07.webp\"\/><\/p>\n<h3>Porfest\u0151 m\u0171hely<\/h3>\n<p><img decoding=\"async\" src=\"\/wp-content\/uploads\/factory-09.webp\"\/><\/p>\n<h3>Anodiz\u00e1l\u00f3 m\u0171hely<\/h3>\n<p><img decoding=\"async\" src=\"\/wp-content\/uploads\/factory-10.webp\"\/><\/p>\n<h3>M\u00e9ly feldolgoz\u00e1si m\u0171hely<\/h3>\n<p><img decoding=\"async\" src=\"\/wp-content\/uploads\/factory-11.webp\"\/><\/p>\n<h3>CNC prec\u00edzi\u00f3s megmunk\u00e1l\u00f3 m\u0171hely<\/h3>\n<p><img decoding=\"async\" src=\"\/wp-content\/uploads\/factory-11.5.webp\"\/><\/p>\n<h3>K\u00e9szterm\u00e9k \u00e9s export rakt\u00e1r<\/h3>\n<p><img decoding=\"async\" src=\"\/wp-content\/uploads\/factory-12.webp\"\/><\/p>\n<p><img decoding=\"async\" src=\"\/wp-content\/uploads\/factory-13.webp\"\/><\/p>\n<p><img decoding=\"async\" src=\"\/wp-content\/uploads\/factory-14.webp\"\/><\/p>\n<h2>GYIK<\/h2>\n<p><p><b>1.Mire haszn\u00e1lj\u00e1k az alum\u00ednium ipari profilokat?<\/b><\/p>\n<p>Az alum\u00ednium ipari profilokat er\u0151s, tart\u00f3s szerkezetek l\u00e9trehoz\u00e1s\u00e1ra haszn\u00e1lj\u00e1k ipari alkalmaz\u00e1sokhoz, p\u00e9ld\u00e1ul g\u00e9pkeretekhez, munka\u00e1llom\u00e1sokhoz \u00e9s tart\u00f3rendszerekhez.<br \/>\n<\/p><br \/>\n<br \/>\n<p><b>2.Mi\u00e9rt v\u00e1lassza az alum\u00ednium ipari profilokat m\u00e1s anyagokkal szemben?<\/b><\/p>\n<p>Az alum\u00ednium k\u00f6nny\u0171, er\u0151s \u00e9s korr\u00f3zi\u00f3\u00e1ll\u00f3, \u00edgy ide\u00e1lis v\u00e1laszt\u00e1s olyan ipari alkalmaz\u00e1sokhoz, ahol a tart\u00f3ss\u00e1g \u00e9s a k\u00f6nny\u0171 kezelhet\u0151s\u00e9g alapvet\u0151 fontoss\u00e1g\u00fa.<br \/>\n<\/p><br \/>\n<br \/>\n<p><b>3.Can alum\u00ednium ipari profilok testreszabhat\u00f3 a k\u00fcl\u00f6nb\u00f6z\u0151 projektekhez?<\/b><\/p>\n<p>Igen, az alum\u00ednium ipari profilok nagym\u00e9rt\u00e9kben testre szabhat\u00f3k, \u00e9s a k\u00fcl\u00f6nb\u00f6z\u0151 ipari projektek egyedi ig\u00e9nyeihez \u00e9s m\u00e9reteihez igaz\u00edthat\u00f3k.<br \/>\n<\/p><br \/>\n<br \/>\n<p><b>4.Hogyan j\u00e1rulnak hozz\u00e1 az alum\u00ednium ipari profilok a k\u00f6lts\u00e9gmegtakar\u00edt\u00e1shoz?<\/b><\/p>\n<p>Az alum\u00ednium ipari profilok k\u00f6nny\u0171 kezelhet\u0151s\u00e9g\u00fcknek, gyors \u00f6sszeszerel\u00e9s\u00fcknek \u00e9s k\u00f6nny\u0171 kialak\u00edt\u00e1suknak k\u00f6sz\u00f6nhet\u0151en cs\u00f6kkentik a munkaer\u0151k\u00f6lts\u00e9geket, \u00edgy k\u00f6lts\u00e9ghat\u00e9konyak a nagyszab\u00e1s\u00fa projektek sz\u00e1m\u00e1ra.<br \/>\n<\/p><br \/>\n<br \/>\n<p><b>5.Alkalmasak-e az alum\u00ednium ipari profilok k\u00fclt\u00e9ri haszn\u00e1latra?<\/b><\/p>\n<p>Igen, korr\u00f3zi\u00f3\u00e1ll\u00f3 tulajdons\u00e1gaiknak k\u00f6sz\u00f6nhet\u0151en az alum\u00ednium ipari profilok j\u00f3l alkalmazhat\u00f3k k\u00fclt\u00e9ri \u00e9s zord k\u00f6rnyezeti k\u00f6r\u00fclm\u00e9nyek k\u00f6z\u00f6tt.<br \/>\n<\/p><br \/>\n<br \/>\n<p><b>6.How er\u0151sek az alum\u00ednium ipari profilok?<\/b><\/p>\n<p>Az alum\u00ednium ipari profilokat \u00fagy tervezt\u00e9k, hogy rendk\u00edv\u00fcl tart\u00f3sak \u00e9s er\u0151sek legyenek, k\u00e9pesek legyenek nagy terhel\u00e9st elviselni, \u00e9s ellen\u00e1lljanak a jelent\u0151s kop\u00e1snak.<br \/>\n<\/p><br \/>\n<br \/>\n<p><b>7.Milyen t\u00edpus\u00fa tartoz\u00e9kok haszn\u00e1lhat\u00f3k az alum\u00ednium ipari profilokhoz?<\/b><\/p>\n<p>Az alum\u00ednium ipari profilokhoz sz\u00e1mos tartoz\u00e9k, p\u00e9ld\u00e1ul csatlakoz\u00f3k, konzolok \u00e9s k\u00f6t\u0151elemek haszn\u00e1lhat\u00f3ak, amelyek n\u00f6velik a szerkezetek rugalmass\u00e1g\u00e1t \u00e9s funkcionalit\u00e1s\u00e1t.<br \/>\n<\/p><br \/><\/p>","protected":false},"featured_media":7915,"template":"","categories":[54],"class_list":["post-7916","product","type-product","status-publish","has-post-thumbnail","hentry","category-industrial-aluminum-profiles"],"meta_box":{"hilight_text_group":{"product_hilight_text":"<li>High-strength aluminum profiles for durable and long-lasting industrial applications.<\/li>\r\r\n<li>Lightweight design ensures easy handling and installation, reducing overall labor costs.<\/li>\r\r\n<li>Corrosion-resistant surface for superior performance in harsh environments.<\/li>\r\r\n<li>Versatile and customizable profiles that can be tailored to specific project requirements.<\/li>\r\r\n<li>Easy integration with a wide range of accessories, enhancing functionality and flexibility.<\/li>","product_chanpin_blog":"<ul>\r\r\n<li><a href=\"https:\/\/sinoextrud.com\/t-slot-v-slot-differences\/\" target=\"_blank\">t slot vs v slot<\/a><\/li>\r\r\n<li><a href=\"https:\/\/sinoextrud.com\/what-is-4040-aluminium-extrud\/\" target=\"_blank\">4040 aluminium extrusion<\/a><\/li>\r\r\n<li><a href=\"https:\/\/sinoextrud.com\/what-is-4040-aluminium-extrud\/\" target=\"_blank\">aluminum extrusions for industrial racks<\/a><\/li>\r\r\n<li><a href=\"https:\/\/sinoextrud.com\/powder-coating-aluminium-process\/\" target=\"_blank\">powder coating aluminium<\/a><\/li>\r\r\n<li><a href=\"https:\/\/sinoextrud.com\/what-is-an-aluminium-strip-ceiling\/\" target=\"_blank\">aluminium strip ceiling<\/a><\/li>\r\r\n<li><a href=\"https:\/\/sinoextrud.com\/what-is-a-heat-sink\/\" target=\"_blank\">what is a heat sink<\/a><\/li>\r\r\n<\/ul>","product_chanpin_chanpin":"<li><a href=\"https:\/\/sinoextrud.com\/product\/aluminium-extrusion-caravan-profiles\/\" target=\"_blank\">Aluminium Extrusion Caravan Profiles<\/a><\/li>\r\n<li><a href=\"https:\/\/sinoextrud.com\/product\/aluminium-extrusion-fittings-for-led\/\" target=\"_blank\">Aluminium Extrusion Fittings For Led<\/a><\/li>\r\n<li><a href=\"https:\/\/sinoextrud.com\/product\/aluminium-extrusion-for-solar-panel-mounting-frame\/\" target=\"_blank\">Aluminium extrusion for solar panel mounting frame<\/a><\/li>\r\n<li><a href=\"https:\/\/sinoextrud.com\/product\/aluminium-extrusion-profile-for-led-light-strip-heat-sink\/\" target=\"_blank\">Aluminium Extrusion Profile For LED Light Strip Heat Sink<\/a><\/li>\r\n<li><a href=\"https:\/\/sinoextrud.com\/product\/aluminium-industrial-profile\/\" target=\"_blank\">Aluminium Industrial Profile<\/a><\/li>\r\n<li><a href=\"https:\/\/sinoextrud.com\/product\/aluminium-round-tube-aluminium-profile-with-series-3003-3001\/\" target=\"_blank\">Aluminium Round Tube Aluminium Profile With Series 3003 3001<\/a><\/li>\r\n<li><a href=\"https:\/\/sinoextrud.com\/product\/aluminium-slot-profile\/\" target=\"_blank\">Aluminium Slot Profile<\/a><\/li>\r\n<li><a href=\"https:\/\/sinoextrud.com\/product\/aluminium-solar-frame-profile\/\" target=\"_blank\">Aluminium Solar Frame Profile<\/a><\/li>\r\n<li><a href=\"https:\/\/sinoextrud.com\/product\/aluminium-solar-profile\/\" target=\"_blank\">Aluminium Solar Profile<\/a><\/li>\r\n<li><a href=\"https:\/\/sinoextrud.com\/product\/combination-ceiling-system\/\" target=\"_blank\">Combination Ceiling System<\/a><\/li>\r\n<li><a href=\"https:\/\/sinoextrud.com\/product\/aluminum-extrusion-l-shaped-angle-aluminum-profile-in-china\/\" target=\"_blank\">Aluminum Extrusion L-shaped Angle Aluminum Profile in China<\/a><\/li>"},"feature_list":[]},"_links":{"self":[{"href":"https:\/\/sinoextrud.com\/hu\/wp-json\/wp\/v2\/product\/7916","targetHints":{"allow":["GET"]}}],"collection":[{"href":"https:\/\/sinoextrud.com\/hu\/wp-json\/wp\/v2\/product"}],"about":[{"href":"https:\/\/sinoextrud.com\/hu\/wp-json\/wp\/v2\/types\/product"}],"wp:featuredmedia":[{"embeddable":true,"href":"https:\/\/sinoextrud.com\/hu\/wp-json\/wp\/v2\/media\/7915"}],"wp:attachment":[{"href":"https:\/\/sinoextrud.com\/hu\/wp-json\/wp\/v2\/media?parent=7916"}],"wp:term":[{"taxonomy":"category","embeddable":true,"href":"https:\/\/sinoextrud.com\/hu\/wp-json\/wp\/v2\/categories?post=7916"}],"curies":[{"name":"wp","href":"https:\/\/api.w.org\/{rel}","templated":true}]}}