{"id":7914,"date":"2025-06-11T06:55:34","date_gmt":"2025-06-11T06:55:34","guid":{"rendered":"https:\/\/sinoextrud.com\/product\/aluminium-extrusion-profile-for-led-light-strip-heat-sink\/"},"modified":"2025-06-24T06:14:04","modified_gmt":"2025-06-24T06:14:04","slug":"aluminium-extrudalt-profil-a-led-fenyszalag-hutoborda-szamara","status":"publish","type":"product","link":"https:\/\/sinoextrud.com\/hu\/product\/aluminium-extrusion-profile-for-led-light-strip-heat-sink\/","title":{"rendered":"Alum\u00ednium extrud\u00e1lt profil a LED-es f\u00e9nyszalag h\u0171t\u0151bord\u00e1hoz"},"content":{"rendered":"<h2>Term\u00e9kek r\u00e9szletei<\/h2>\n<table class=\"custom-table\">\n<tr>\n<td class=\"label\">T\u00e9tel:<\/td>\n<td> alum\u00ednium extrud\u00e1lt profil LED-es f\u00e9nyszalag h\u0171t\u0151bord\u00e1hoz<\/td>\n<\/tr>\n<tr>\n<td class=\"label\">Alak:<\/td>\n<td> az \u00fcgyf\u00e9l rajzai szerint<\/td>\n<\/tr>\n<tr>\n<td class=\"label\">Lelkiismeretesen:<\/td>\n<td> T3-T8<\/td>\n<\/tr>\n<tr>\n<td class=\"label\">\u00f6tv\u00f6zet:<\/td>\n<td> \u00d6tv\u00f6zet<\/td>\n<\/tr>\n<tr>\n<td class=\"label\">OEM tervez\u00e9s\/mint\u00e1k:<\/td>\n<td> \u00dcdv\u00f6z\u00f6lj\u00fck\/elfogadjuk<\/td>\n<\/tr>\n<tr>\n<td class=\"label\">V\u00e9djegy:<\/td>\n<td> Sinoextrud (Sinoextrud) \/ OEM<\/td>\n<\/tr>\n<tr>\n<td class=\"label\">Oszt\u00e1ly:<\/td>\n<td> 6000-es sorozat<\/td>\n<\/tr>\n<tr>\n<td class=\"label\">Tesztjelent\u00e9s:<\/td>\n<td>100% Sz\u00e1ll\u00edt\u00e1s el\u0151tti ellen\u0151rz\u00e9s<\/td>\n<\/tr>\n<tr>\n<td class=\"label\">Sz\u00e1ll\u00edt\u00e1si csomag:<\/td>\n<td>M\u0171anyag v\u00e9d\u0151f\u00f3lia \u00e9s v\u00edz\u00e1ll\u00f3 k\u00e9zm\u0171ves pap\u00edr<\/td>\n<\/tr>\n<tr>\n<td class=\"label\">Eredet:<\/td>\n<td> Foshan, Guangdong, K\u00edna\n <\/td>\n<\/tr>\n<\/table>\n<h2>Gy\u00e1rt\u00f3 b\u00e1zisunk<\/h2>\n<h3>Gy\u00e1ri panor\u00e1ma<\/h3>\n<p><img decoding=\"async\" src=\"\/wp-content\/uploads\/factory-01.webp\"\/><\/p>\n<h3>Alum\u00ednium r\u00fadgy\u00e1rt\u00f3 m\u0171hely<\/h3>\n<p><img decoding=\"async\" src=\"\/wp-content\/uploads\/factory-02.webp\"\/><\/p>\n<p><img decoding=\"async\" src=\"\/wp-content\/uploads\/factory-03.webp\"\/><\/p>\n<h3>Pen\u00e9sz rakt\u00e1r<\/h3>\n<p><img decoding=\"async\" src=\"\/wp-content\/uploads\/factory-04.webp\"\/><\/p>\n<h3>43 alum\u00ednium extrud\u00e1l\u00f3 vonal (500-5500 tonna)<\/h3>\n<p><img decoding=\"async\" src=\"\/wp-content\/uploads\/factory-05.webp\"\/><\/p>\n<p><img decoding=\"async\" src=\"\/wp-content\/uploads\/factory-06.webp\"\/><\/p>\n<p><img decoding=\"async\" src=\"\/wp-content\/uploads\/factory-07.webp\"\/><\/p>\n<h3>Porfest\u0151 m\u0171hely<\/h3>\n<p><img decoding=\"async\" src=\"\/wp-content\/uploads\/factory-09.webp\"\/><\/p>\n<h3>Anodiz\u00e1l\u00f3 m\u0171hely<\/h3>\n<p><img decoding=\"async\" src=\"\/wp-content\/uploads\/factory-10.webp\"\/><\/p>\n<h3>M\u00e9ly feldolgoz\u00e1si m\u0171hely<\/h3>\n<p><img decoding=\"async\" src=\"\/wp-content\/uploads\/factory-11.webp\"\/><\/p>\n<h3>CNC prec\u00edzi\u00f3s megmunk\u00e1l\u00f3 m\u0171hely<\/h3>\n<p><img decoding=\"async\" src=\"\/wp-content\/uploads\/factory-11.5.webp\"\/><\/p>\n<h3>K\u00e9szterm\u00e9k \u00e9s export rakt\u00e1r<\/h3>\n<p><img decoding=\"async\" src=\"\/wp-content\/uploads\/factory-12.webp\"\/><\/p>\n<p><img decoding=\"async\" src=\"\/wp-content\/uploads\/factory-13.webp\"\/><\/p>\n<p><img decoding=\"async\" src=\"\/wp-content\/uploads\/factory-14.webp\"\/><\/p>\n<h2>GYIK<\/h2>\n<p><p><b>1.Mi a c\u00e9lja az alum\u00ednium extrud\u00e1lt profiloknak a LED-es f\u00e9nyszalag h\u0171t\u0151bord\u00e1khoz? <\/b><\/p>\n<p>A LED-es f\u00e9nyszalagok h\u0171t\u0151bord\u00e1inak alum\u00ednium extrud\u00e1lt profiljait \u00fagy tervezt\u00e9k, hogy hat\u00e9konyan elvezess\u00e9k a LED-es szalagok h\u0151j\u00e9t, megakad\u00e1lyozz\u00e1k a t\u00falmeleged\u00e9st, \u00e9s biztos\u00edts\u00e1k optim\u00e1lis teljes\u00edtm\u00e9ny\u00fcket \u00e9s \u00e9lettartamukat.<br \/>\n<\/p><br \/>\n<br \/>\n<p><b>2.Mi\u00e9rt haszn\u00e1lnak alum\u00edniumot h\u0171t\u0151bord\u00e1khoz a LED-es vil\u00e1g\u00edt\u00e1si rendszerekben? <\/b><\/p>\n<p>Az alum\u00ednium kiv\u00e1l\u00f3 h\u0151vezet\u0151, k\u00f6nny\u0171 \u00e9s korr\u00f3zi\u00f3\u00e1ll\u00f3, \u00edgy ide\u00e1lis a h\u0151 hat\u00e9kony kezel\u00e9s\u00e9re a LED-es vil\u00e1g\u00edt\u00e1si rendszerekben.<br \/>\n<\/p><br \/>\n<br \/>\n<p><b>3.Hogyan el\u0151ny\u00f6s az elox\u00e1lt fel\u00fclet az alum\u00ednium extrud\u00e1lt profilok sz\u00e1m\u00e1ra a h\u0171t\u0151bord\u00e1khoz? <\/b><\/p>\n<p>Az elox\u00e1lt fel\u00fclet jav\u00edtja a korr\u00f3zi\u00f3\u00e1ll\u00f3s\u00e1got, a tart\u00f3ss\u00e1got \u00e9s a h\u0151elvezet\u00e9st, \u00edgy az alum\u00edniumprofilok hat\u00e9konyabbak \u00e9s tart\u00f3sabbak lesznek az ig\u00e9nyes k\u00f6rnyezetben.<br \/>\n<\/p><br \/>\n<br \/>\n<p><b>4.Can alum\u00ednium extrud\u00e1lt profilok LED f\u00e9nyszalagok testreszabhat\u00f3? <\/b><\/p>\n<p>Igen, ezek az alum\u00ednium profilok m\u00e9ret\u00fck, alakjuk \u00e9s kialak\u00edt\u00e1suk tekintet\u00e9ben testre szabhat\u00f3k, hogy illeszkedjenek a k\u00fcl\u00f6nb\u00f6z\u0151 LED-es f\u00e9nyszalagokhoz \u00e9s a projekt egyedi k\u00f6vetelm\u00e9nyeihez.<br \/>\n<\/p><br \/>\n<br \/>\n<p><b>5.Hogyan jav\u00edtja az energiahat\u00e9konys\u00e1got az alum\u00ednium extrud\u00e1lt profil haszn\u00e1lata? <\/b><\/p>\n<p>A hat\u00e9kony h\u0151kezel\u00e9s r\u00e9v\u00e9n az alum\u00ednium sajtolt profilok cs\u00f6kkentik a tov\u00e1bbi h\u0171t\u0151rendszerek sz\u00fcks\u00e9gess\u00e9g\u00e9t, jav\u00edtva ezzel a LED-es vil\u00e1g\u00edt\u00e1si rendszer \u00e1ltal\u00e1nos energiahat\u00e9konys\u00e1g\u00e1t.<br \/>\n<\/p><br \/>\n<br \/>\n<p><b>6.A h\u0171t\u0151bord\u00e1k alum\u00ednium extrud\u00e1lt profiljait k\u00f6nny\u0171 telep\u00edteni? <\/b><\/p>\n<p>Igen, ezeket a profilokat \u00fagy tervezt\u00e9k, hogy k\u00f6nnyen integr\u00e1lhat\u00f3k legyenek a megl\u00e9v\u0151 vil\u00e1g\u00edt\u00e1si rendszerbe, egyszer\u0171s\u00edtve a telep\u00edt\u00e9st \u00e9s cs\u00f6kkentve a karbantart\u00e1si ig\u00e9nyeket.<br \/>\n<\/p><br \/>\n<br \/>\n<p><b>7.Az alum\u00ednium k\u00f6rnyezetbar\u00e1t a h\u0171t\u0151borda profilok sz\u00e1m\u00e1ra? <\/b><\/p>\n<p>Igen, az alum\u00ednium 100% \u00fajrahasznos\u00edthat\u00f3, \u00edgy k\u00f6rnyezetbar\u00e1t anyagot jelent a h\u0171t\u0151bord\u00e1k sz\u00e1m\u00e1ra, \u00e9s hozz\u00e1j\u00e1rul a fenntarthat\u00f3 vil\u00e1g\u00edt\u00e1si gyakorlatokhoz.<br \/>\n<\/p><br \/><\/p>","protected":false},"featured_media":7913,"template":"","categories":[54],"class_list":["post-7914","product","type-product","status-publish","has-post-thumbnail","hentry","category-industrial-aluminum-profiles"],"meta_box":{"hilight_text_group":{"product_hilight_text":"<ul>\r\r\n  <li>Aluminum extrusion profile for LED light strip heat sink provides efficient thermal management, preventing overheating and ensuring optimal LED performance.<\/li>\r\r\n  <li>Corrosion-resistant anodized finish enhances durability and extends the lifespan of the LED system, even in challenging environments.<\/li>\r\r\n  <li>Lightweight yet strong, making it easy to handle and install while offering excellent heat dissipation properties for LED lighting applications.<\/li>\r\r\n  <li>Customizable designs and sizes allow for flexibility in fitting various LED light strips, offering tailored solutions for different lighting projects.<\/li>\r\r\n  <li>Energy-efficient cooling design reduces the need for additional cooling systems, improving the overall energy efficiency of the lighting system.<\/li>\r\r\n  <li>Easy integration into existing lighting setups, ensuring quick installation and reducing maintenance needs for LED lighting systems.<\/li>\r\r\n  <li>Eco-friendly and recyclable, supporting sustainable lighting solutions while reducing environmental impact.<\/li>\r\r\n<\/ul>","product_chanpin_blog":"<ul>\r\r\n<li><a href=\"https:\/\/sinoextrud.com\/t-slot-v-slot-differences\/\" target=\"_blank\">t slot vs v slot<\/a><\/li>\r\r\n<li><a href=\"https:\/\/sinoextrud.com\/what-is-4040-aluminium-extrud\/\" target=\"_blank\">4040 aluminium extrusion<\/a><\/li>\r\r\n<li><a href=\"https:\/\/sinoextrud.com\/what-is-4040-aluminium-extrud\/\" target=\"_blank\">aluminum extrusions for industrial racks<\/a><\/li>\r\r\n<li><a href=\"https:\/\/sinoextrud.com\/powder-coating-aluminium-process\/\" target=\"_blank\">powder coating aluminium<\/a><\/li>\r\r\n<li><a href=\"https:\/\/sinoextrud.com\/what-is-an-aluminium-strip-ceiling\/\" target=\"_blank\">aluminium strip ceiling<\/a><\/li>\r\r\n<li><a href=\"https:\/\/sinoextrud.com\/what-is-a-heat-sink\/\" target=\"_blank\">what is a heat sink<\/a><\/li>\r\r\n<\/ul>","product_chanpin_chanpin":"<li><a href=\"https:\/\/sinoextrud.com\/product\/aluminium-c-profile\/\" target=\"_blank\">Aluminium C Profile<\/a><\/li>\r\n<li><a href=\"https:\/\/sinoextrud.com\/product\/aluminium-extrusion-caravan-profiles\/\" target=\"_blank\">Aluminium Extrusion Caravan Profiles<\/a><\/li>\r\n<li><a href=\"https:\/\/sinoextrud.com\/product\/aluminium-extrusion-fittings-for-led\/\" target=\"_blank\">Aluminium Extrusion Fittings For Led<\/a><\/li>\r\n<li><a href=\"https:\/\/sinoextrud.com\/product\/aluminium-extrusion-for-solar-panel-mounting-frame\/\" target=\"_blank\">Aluminium extrusion for solar panel mounting frame<\/a><\/li>\r\n<li><a href=\"https:\/\/sinoextrud.com\/product\/aluminium-extrusion-profile-for-led-light-strip-heat-sink\/\" target=\"_blank\">Aluminium Extrusion Profile For LED Light Strip Heat Sink<\/a><\/li>\r\n<li><a href=\"https:\/\/sinoextrud.com\/product\/aluminium-industrial-profile\/\" target=\"_blank\">Aluminium Industrial Profile<\/a><\/li>\r\n<li><a href=\"https:\/\/sinoextrud.com\/product\/aluminium-round-tube-aluminium-profile-with-series-3003-3001\/\" target=\"_blank\">Aluminium Round Tube Aluminium Profile With Series 3003 3001<\/a><\/li>\r\n<li><a href=\"https:\/\/sinoextrud.com\/product\/aluminium-slot-profile\/\" target=\"_blank\">Aluminium Slot Profile<\/a><\/li>\r\n<li><a href=\"https:\/\/sinoextrud.com\/product\/aluminium-solar-frame-profile\/\" target=\"_blank\">Aluminium Solar Frame Profile<\/a><\/li>\r\n<li><a href=\"https:\/\/sinoextrud.com\/product\/aluminium-angle-profiles\/\" target=\"_blank\">Aluminium Angle Profiles<\/a><\/li>\r\n<li><a href=\"https:\/\/sinoextrud.com\/product\/aluminum-heat-sink-box-shapes-profiles\/\" target=\"_blank\">Aluminum Heat Sink Box  Shapes  Profiles<\/a><\/li>"},"feature_list":[]},"_links":{"self":[{"href":"https:\/\/sinoextrud.com\/hu\/wp-json\/wp\/v2\/product\/7914","targetHints":{"allow":["GET"]}}],"collection":[{"href":"https:\/\/sinoextrud.com\/hu\/wp-json\/wp\/v2\/product"}],"about":[{"href":"https:\/\/sinoextrud.com\/hu\/wp-json\/wp\/v2\/types\/product"}],"wp:featuredmedia":[{"embeddable":true,"href":"https:\/\/sinoextrud.com\/hu\/wp-json\/wp\/v2\/media\/7913"}],"wp:attachment":[{"href":"https:\/\/sinoextrud.com\/hu\/wp-json\/wp\/v2\/media?parent=7914"}],"wp:term":[{"taxonomy":"category","embeddable":true,"href":"https:\/\/sinoextrud.com\/hu\/wp-json\/wp\/v2\/categories?post=7914"}],"curies":[{"name":"wp","href":"https:\/\/api.w.org\/{rel}","templated":true}]}}