{"id":7900,"date":"2025-06-11T06:32:13","date_gmt":"2025-06-11T06:32:13","guid":{"rendered":"https:\/\/sinoextrud.com\/product\/7003-7050-aluminum-profile-mechanical-parts\/"},"modified":"2025-06-24T06:14:03","modified_gmt":"2025-06-24T06:14:03","slug":"7003-7050-aluminium-profil-mechanikus-alkatreszek","status":"publish","type":"product","link":"https:\/\/sinoextrud.com\/hu\/product\/7003-7050-aluminum-profile-mechanical-parts\/","title":{"rendered":"7003 7050 alum\u00ednium profil mechanikus alkatr\u00e9szek"},"content":{"rendered":"<h2>Term\u00e9kek r\u00e9szletei<\/h2>\n<table class=\"custom-table\">\n<tbody>\n<tr>\n<td> <strong>N\u00e9v:<\/strong><\/td>\n<td> <strong>7003 7050 7075 alum\u00ednium profil Mechanikus alkatr\u00e9szek<\/strong><\/td>\n<\/tr>\n<tr>\n<td> <strong>M\u00e1rka:<\/strong><\/td>\n<td> <strong>Sinoextrud \/ Sinoextrud<\/strong><\/td>\n<\/tr>\n<tr>\n<td> <strong>Anyag:<\/strong><\/td>\n<td> <strong>7000-es sorozat<\/strong><\/td>\n<\/tr>\n<tr>\n<td> <strong>Lelkiismeretesen:<\/strong><\/td>\n<td> <strong>T5-T8<\/strong><\/td>\n<\/tr>\n<tr>\n<td> <strong>Hossz\u00fas\u00e1g:<\/strong><\/td>\n<td> <strong>Testreszab\u00e1s<\/strong><\/td>\n<\/tr>\n<tr>\n<td> <strong>Fel\u00fcletkezel\u00e9s:<\/strong><\/td>\n<td> <strong>Elox\u00e1lt, fa szemcs\u00e9k, PVDF bevonat stb.<\/strong><\/td>\n<\/tr>\n<tr>\n<td> <strong>Haszn\u00e1lat:<\/strong><\/td>\n<td> <strong>Ipar\u00e1g,<\/strong>\u00c9p\u00edt\u00e9szet<\/td>\n<\/tr>\n<tr>\n<td> <strong>Sz\u00edn:<\/strong><\/td>\n<td> <strong>Testreszabott<\/strong><\/td>\n<\/tr>\n<tr>\n<td> <strong>Tan\u00fas\u00edt\u00e1s:<\/strong><\/td>\n<td> <strong>ISO9001:2008;ISO14001:2004;SGS<\/strong><\/td>\n<\/tr>\n<tr>\n<td> <strong>Gy\u00e1rt\u00e1s:<\/strong><\/td>\n<td> <strong>V\u00e1g\u00e1s, mar\u00e1s, f\u00far\u00e1s, lyukaszt\u00e1s stb.<\/strong><\/td>\n<\/tr>\n<tr>\n<td> <strong>From:<\/strong><\/td>\n<td> <strong>Foshan, Guangdong, K\u00edna<\/strong><\/td>\n<\/tr>\n<\/tbody>\n<\/table>\n<h2>Gy\u00e1rt\u00f3 b\u00e1zisunk<\/h2>\n<h3>Gy\u00e1ri panor\u00e1ma<\/h3>\n<p><img decoding=\"async\" src=\"\/wp-content\/uploads\/factory-01.webp\"\/><\/p>\n<h3>Alum\u00ednium r\u00fadgy\u00e1rt\u00f3 m\u0171hely<\/h3>\n<p><img decoding=\"async\" src=\"\/wp-content\/uploads\/factory-02.webp\"\/><\/p>\n<p><img decoding=\"async\" src=\"\/wp-content\/uploads\/factory-03.webp\"\/><\/p>\n<h3>Pen\u00e9sz rakt\u00e1r<\/h3>\n<p><img decoding=\"async\" src=\"\/wp-content\/uploads\/factory-04.webp\"\/><\/p>\n<h3>43 alum\u00ednium extrud\u00e1l\u00f3 vonal (500-5500 tonna)<\/h3>\n<p><img decoding=\"async\" src=\"\/wp-content\/uploads\/factory-05.webp\"\/><\/p>\n<p><img decoding=\"async\" src=\"\/wp-content\/uploads\/factory-06.webp\"\/><\/p>\n<p><img decoding=\"async\" src=\"\/wp-content\/uploads\/factory-07.webp\"\/><\/p>\n<h3>Porfest\u0151 m\u0171hely<\/h3>\n<p><img decoding=\"async\" src=\"\/wp-content\/uploads\/factory-09.webp\"\/><\/p>\n<h3>Anodiz\u00e1l\u00f3 m\u0171hely<\/h3>\n<p><img decoding=\"async\" src=\"\/wp-content\/uploads\/factory-10.webp\"\/><\/p>\n<h3>M\u00e9ly feldolgoz\u00e1si m\u0171hely<\/h3>\n<p><img decoding=\"async\" src=\"\/wp-content\/uploads\/factory-11.webp\"\/><\/p>\n<h3>CNC prec\u00edzi\u00f3s megmunk\u00e1l\u00f3 m\u0171hely<\/h3>\n<p><img decoding=\"async\" src=\"\/wp-content\/uploads\/factory-11.5.webp\"\/><\/p>\n<h3>K\u00e9szterm\u00e9k \u00e9s export rakt\u00e1r<\/h3>\n<p><img decoding=\"async\" src=\"\/wp-content\/uploads\/factory-12.webp\"\/><\/p>\n<p><img decoding=\"async\" src=\"\/wp-content\/uploads\/factory-13.webp\"\/><\/p>\n<p><img decoding=\"async\" src=\"\/wp-content\/uploads\/factory-14.webp\"\/><\/p>\n<h2>GYIK<\/h2>\n<p><p><b>1.Mi teszi a 7003 \u00e9s 7050 alum\u00ednium\u00f6tv\u00f6zeteket ide\u00e1lis mechanikai alkatr\u00e9szekhez? <\/b><\/p>\n<p>A 7003 \u00e9s 7050 alum\u00ednium\u00f6tv\u00f6zetek kiv\u00e1l\u00f3 szil\u00e1rds\u00e1got \u00e9s tart\u00f3ss\u00e1got biztos\u00edtanak, \u00edgy t\u00f6k\u00e9letesen alkalmasak olyan mechanikai alkatr\u00e9szekhez, amelyeknek nagy ig\u00e9nybev\u00e9telnek \u00e9s kem\u00e9ny k\u00f6r\u00fclm\u00e9nyeknek kell ellen\u00e1llniuk.<br \/>\n<\/p><br \/>\n<br \/>\n<p><b>2.Milyen el\u0151ny\u00f6kkel j\u00e1r az alum\u00edniumprofilok nagy pontoss\u00e1ga a mechanikai alkalmaz\u00e1sokban? <\/b><\/p>\n<p>A nagy pontoss\u00e1g biztos\u00edtja, hogy az alkatr\u00e9szeket sz\u0171k t\u0171r\u00e9shat\u00e1rok k\u00f6z\u00f6tt gy\u00e1rtj\u00e1k, ami jav\u00edtja a mechanikai alkatr\u00e9szek \u00e1ltal\u00e1nos teljes\u00edtm\u00e9ny\u00e9t \u00e9s megb\u00edzhat\u00f3s\u00e1g\u00e1t.<br \/>\n<\/p><br \/>\n<br \/>\n<p><b>3.A 7003 \u00e9s 7050 alum\u00ednium profilok ellen\u00e1llnak a korr\u00f3zi\u00f3nak? <\/b><\/p>\n<p>Igen, mindk\u00e9t \u00f6tv\u00f6zet rendk\u00edv\u00fcl ellen\u00e1ll\u00f3 a korr\u00f3zi\u00f3val szemben, \u00edgy ide\u00e1lisak a nedvess\u00e9gnek \u00e9s zord k\u00f6rnyezetnek kitett k\u00fclt\u00e9ri \u00e9s ipari alkalmaz\u00e1sokban val\u00f3 haszn\u00e1latra.<br \/>\n<\/p><br \/>\n<br \/>\n<p><b>4.A 7003 \u00e9s 7050 alum\u00ednium profilok testre szabhat\u00f3k az egyedi ig\u00e9nyeknek megfelel\u0151en? <\/b><\/p>\n<p>Igen, ezek az alum\u00edniumprofilok m\u00e9ret, alak \u00e9s kialak\u00edt\u00e1s tekintet\u00e9ben testre szabhat\u00f3k, hogy megfeleljenek az alkalmaz\u00e1sok sz\u00e9les sk\u00e1l\u00e1j\u00e1hoz sz\u00fcks\u00e9ges speci\u00e1lis mechanikai alkatr\u00e9szk\u00f6vetelm\u00e9nyeknek.<br \/>\n<\/p><br \/>\n<br \/>\n<p><b>5.Hogyan v\u00e1lik az alum\u00ednium k\u00f6nny\u0171s\u00e9ge el\u0151ny\u00e9re a mechanikus alkatr\u00e9szeknek? <\/b><\/p>\n<p>Az alum\u00ednium k\u00f6nny\u0171 tulajdons\u00e1gai cs\u00f6kkentik a mechanikus alkatr\u00e9szek \u00f6sszt\u00f6meg\u00e9t, jav\u00edtva a hat\u00e9konys\u00e1got \u00e9s megk\u00f6nny\u00edtve azok kezel\u00e9s\u00e9t, an\u00e9lk\u00fcl, hogy az er\u0151ss\u00e9get vesz\u00e9lyeztetn\u00e9k.<br \/>\n<\/p><br \/>\n<br \/>\n<p><b>6.Mely ipar\u00e1gak sz\u00e1m\u00e1ra el\u0151ny\u00f6s a 7003 \u00e9s 7050 alum\u00ednium\u00f6tv\u00f6zetek haszn\u00e1lata? <\/b><\/p>\n<p>Az olyan ipar\u00e1gak, mint a rep\u00fcl\u0151g\u00e9pipar, az aut\u00f3ipar \u00e9s a feldolgoz\u00f3ipar a 7003 \u00e9s 7050 alum\u00edniumprofilok szil\u00e1rds\u00e1g\u00e1t, korr\u00f3zi\u00f3\u00e1ll\u00f3s\u00e1g\u00e1t \u00e9s k\u00f6nny\u0171s\u00e9g\u00e9t haszn\u00e1lj\u00e1k ki mechanikai alkatr\u00e9szeikben.<br \/>\n<\/p><br \/>\n<br \/>\n<p><b>7.A 7003 \u00e9s 7050 alum\u00ednium profilok k\u00f6rnyezetbar\u00e1tok? <\/b><\/p>\n<p>Igen, az alum\u00ednium teljes m\u00e9rt\u00e9kben \u00fajrahasznos\u00edthat\u00f3, \u00edgy ezek a profilok k\u00f6rnyezetbar\u00e1t v\u00e1laszt\u00e1ss\u00e1 v\u00e1lnak, amely t\u00e1mogatja a gy\u00e1rt\u00e1s fenntarthat\u00f3s\u00e1g\u00e1t \u00e9s cs\u00f6kkenti a k\u00f6rnyezeti hat\u00e1sokat.<br \/>\n<\/p><br \/><\/p>","protected":false},"featured_media":7899,"template":"","categories":[54],"class_list":["post-7900","product","type-product","status-publish","has-post-thumbnail","hentry","category-industrial-aluminum-profiles"],"meta_box":{"hilight_text_group":{"product_hilight_text":"<ul>\r\r\n  <li>7003 and 7050 aluminum alloys offer exceptional strength, making them ideal for demanding mechanical applications.<\/li>\r\r\n  <li>High precision and tight tolerances ensure reliable and accurate mechanical parts for industrial use.<\/li>\r\r\n  <li>Excellent corrosion resistance, extending the lifespan of parts even in harsh and outdoor environments.<\/li>\r\r\n  <li>Lightweight yet strong, providing the perfect balance of durability and portability for mechanical parts.<\/li>\r\r\n  <li>Suitable for a wide range of industries including aerospace, automotive, and manufacturing, offering versatile application options.<\/li>\r\r\n  <li>Customizable profiles and designs to meet specific mechanical part requirements, ensuring flexibility and efficiency in production.<\/li>\r\r\n  <li>Eco-friendly and fully recyclable, contributing to sustainability in manufacturing and reducing environmental impact.<\/li>\r\r\n<\/ul>","product_chanpin_blog":"<ul>\r\r\n<li><a href=\"https:\/\/sinoextrud.com\/t-slot-v-slot-differences\/\" target=\"_blank\">t slot vs v slot<\/a><\/li>\r\r\n<li><a href=\"https:\/\/sinoextrud.com\/what-is-4040-aluminium-extrud\/\" target=\"_blank\">4040 aluminium extrusion<\/a><\/li>\r\r\n<li><a href=\"https:\/\/sinoextrud.com\/what-is-4040-aluminium-extrud\/\" target=\"_blank\">aluminum extrusions for industrial racks<\/a><\/li>\r\r\n<li><a href=\"https:\/\/sinoextrud.com\/powder-coating-aluminium-process\/\" target=\"_blank\">powder coating aluminium<\/a><\/li>\r\r\n<li><a href=\"https:\/\/sinoextrud.com\/what-is-an-aluminium-strip-ceiling\/\" target=\"_blank\">aluminium strip ceiling<\/a><\/li>\r\r\n<li><a href=\"https:\/\/sinoextrud.com\/what-is-a-heat-sink\/\" target=\"_blank\">what is a heat sink<\/a><\/li>\r\r\n<\/ul>","product_chanpin_chanpin":"<li><a href=\"https:\/\/sinoextrud.com\/product\/6063-t5-aluminum-profile-tslot-for-production-line\/\" target=\"_blank\">6063 t5 aluminum profile Tslot for production line<\/a><\/li>\r\n<li><a href=\"https:\/\/sinoextrud.com\/product\/6083-aluminum-profile-aluminum-plate-profile-customization-marine-corrosion-resistant-aluminum-alloy-plate\/\" target=\"_blank\">6083 Aluminum Profile Aluminum Plate Profile Customization Marine Corrosion-resistant Aluminum Alloy Plate<\/a><\/li>\r\n<li><a href=\"https:\/\/sinoextrud.com\/product\/60x60-aluminium-t-slot-frame-profile-extrusion-open-mold-industrial-track-coated-white-matte-v-slot\/\" target=\"_blank\">60\u00c3\u201460 aluminium t-slot frame profile extrusion open mold industrial track coated white matte v slot<\/a><\/li>\r\n<li><a href=\"https:\/\/sinoextrud.com\/product\/7-series-and-1-series-aluminum-beam-profile\/\" target=\"_blank\">7 Series And 1 Series Aluminum Beam Profile<\/a><\/li>\r\n<li><a href=\"https:\/\/sinoextrud.com\/product\/7003-7050-aluminum-profile-mechanical-parts\/\" target=\"_blank\">7003 7050 Aluminum Profile Mechanical Parts<\/a><\/li>\r\n<li><a href=\"https:\/\/sinoextrud.com\/product\/80-x-40-aluminium-extrusion-workshop-pipeline\/\" target=\"_blank\">80 x 40 Aluminium Extrusion Workshop Pipeline<\/a><\/li>\r\n<li><a href=\"https:\/\/sinoextrud.com\/product\/aluminium-6061\/\" target=\"_blank\">Aluminium 6061<\/a><\/li>\r\n<li><a href=\"https:\/\/sinoextrud.com\/product\/aluminium-c-profile\/\" target=\"_blank\">Aluminium C Profile<\/a><\/li>\r\n<li><a href=\"https:\/\/sinoextrud.com\/product\/aluminium-extrusion-caravan-profiles\/\" target=\"_blank\">Aluminium Extrusion Caravan Profiles<\/a><\/li>\r\n<li><a href=\"https:\/\/sinoextrud.com\/product\/industrial-aluminium-extrusions-hollow-pipe-big-dimensions\/\" target=\"_blank\">Industrial Aluminium Extrusions Hollow Pipe Big Dimensions<\/a><\/li>\r\n<li><a href=\"https:\/\/sinoextrud.com\/product\/aluminum-extrusions-stock-shapes\/\" target=\"_blank\">Aluminum Extrusions Stock Shapes<\/a><\/li>"},"feature_list":[]},"_links":{"self":[{"href":"https:\/\/sinoextrud.com\/hu\/wp-json\/wp\/v2\/product\/7900","targetHints":{"allow":["GET"]}}],"collection":[{"href":"https:\/\/sinoextrud.com\/hu\/wp-json\/wp\/v2\/product"}],"about":[{"href":"https:\/\/sinoextrud.com\/hu\/wp-json\/wp\/v2\/types\/product"}],"wp:featuredmedia":[{"embeddable":true,"href":"https:\/\/sinoextrud.com\/hu\/wp-json\/wp\/v2\/media\/7899"}],"wp:attachment":[{"href":"https:\/\/sinoextrud.com\/hu\/wp-json\/wp\/v2\/media?parent=7900"}],"wp:term":[{"taxonomy":"category","embeddable":true,"href":"https:\/\/sinoextrud.com\/hu\/wp-json\/wp\/v2\/categories?post=7900"}],"curies":[{"name":"wp","href":"https:\/\/api.w.org\/{rel}","templated":true}]}}