{"id":7896,"date":"2025-06-11T06:27:44","date_gmt":"2025-06-11T06:27:44","guid":{"rendered":"https:\/\/sinoextrud.com\/product\/60x60-aluminium-t-slot-frame-profile-extrusion-open-mold-industrial-track-coated-white-matte-v-slot\/"},"modified":"2025-06-24T06:14:01","modified_gmt":"2025-06-24T06:14:01","slug":"60x60-aluminium-t-slot-keret-profil-extrudalt-nyitott-penesz-ipari-palya-bevonva-feher-matt-v-slot","status":"publish","type":"product","link":"https:\/\/sinoextrud.com\/hu\/product\/60x60-aluminium-t-slot-frame-profile-extrusion-open-mold-industrial-track-coated-white-matte-v-slot\/","title":{"rendered":"60\u00d760 alum\u00ednium t-ny\u00edl\u00e1s keretprofil extrud\u00e1lt nyitott pen\u00e9sz ipari p\u00e1lya bevonva feh\u00e9r matt v r\u00e9ssel"},"content":{"rendered":"<h2>Term\u00e9kek r\u00e9szletei<\/h2>\n<table class=\"custom-table\">\n<tbody>\n<tr>\n<td> Modell NO.:<\/td>\n<td> 60\u00d760 alum\u00ednium t-ny\u00edl\u00e1s keretprofil extrud\u00e1lt nyitott pen\u00e9sz ipari p\u00e1lya bevonva feh\u00e9r matt v r\u00e9ssel<\/td>\n<\/tr>\n<tr>\n<td> Haszn\u00e1lat:<\/td>\n<td> ipari alum\u00ednium p\u00e1lya<\/td>\n<\/tr>\n<tr>\n<td> Term\u00e9k:<\/td>\n<td> alum\u00ednium profil t-ny\u00edl\u00e1s<\/td>\n<\/tr>\n<tr>\n<td> Tan\u00fas\u00edt\u00e1s:<\/td>\n<td> ISO<\/td>\n<\/tr>\n<tr>\n<td> Vastags\u00e1g:<\/td>\n<td> 1.0mm,1.2,1.3mm<\/td>\n<\/tr>\n<tr>\n<td> V\u00e9djegy:<\/td>\n<td> Sinoextrud\/Sinoextrud<\/td>\n<\/tr>\n<tr>\n<td> Specifik\u00e1ci\u00f3:<\/td>\n<td> Testreszabott\/ Szabv\u00e1nyos<\/td>\n<\/tr>\n<tr>\n<td> HS-k\u00f3d:<\/td>\n<td> 7616999000<\/td>\n<\/tr>\n<tr>\n<td> Anyag:<\/td>\n<td> Alum\u00ednium<\/td>\n<\/tr>\n<tr>\n<td> T\u00edpus:<\/td>\n<td> v ny\u00edl\u00e1s\u00fa alum\u00ednium profil<\/td>\n<\/tr>\n<tr>\n<td> Telep\u00edt\u00e9s:<\/td>\n<td> Kimenet<\/td>\n<\/tr>\n<tr>\n<td> Funkci\u00f3:<\/td>\n<td> ipari alum\u00ednium p\u00e1lya<\/td>\n<\/tr>\n<tr>\n<td> Alak:<\/td>\n<td> N\u00e9gyzet<\/td>\n<\/tr>\n<tr>\n<td> Eredet:<\/td>\n<td> Guangdong, K\u00edna<\/td>\n<\/tr>\n<\/tbody>\n<\/table>\n<h2>Gy\u00e1rt\u00f3 b\u00e1zisunk<\/h2>\n<h3>Gy\u00e1ri panor\u00e1ma<\/h3>\n<p><img decoding=\"async\" src=\"\/wp-content\/uploads\/factory-01.webp\"\/><\/p>\n<h3>Alum\u00ednium r\u00fadgy\u00e1rt\u00f3 m\u0171hely<\/h3>\n<p><img decoding=\"async\" src=\"\/wp-content\/uploads\/factory-02.webp\"\/><\/p>\n<p><img decoding=\"async\" src=\"\/wp-content\/uploads\/factory-03.webp\"\/><\/p>\n<h3>Pen\u00e9sz rakt\u00e1r<\/h3>\n<p><img decoding=\"async\" src=\"\/wp-content\/uploads\/factory-04.webp\"\/><\/p>\n<h3>43 alum\u00ednium extrud\u00e1l\u00f3 vonal (500-5500 tonna)<\/h3>\n<p><img decoding=\"async\" src=\"\/wp-content\/uploads\/factory-05.webp\"\/><\/p>\n<p><img decoding=\"async\" src=\"\/wp-content\/uploads\/factory-06.webp\"\/><\/p>\n<p><img decoding=\"async\" src=\"\/wp-content\/uploads\/factory-07.webp\"\/><\/p>\n<h3>Porfest\u0151 m\u0171hely<\/h3>\n<p><img decoding=\"async\" src=\"\/wp-content\/uploads\/factory-09.webp\"\/><\/p>\n<h3>Anodiz\u00e1l\u00f3 m\u0171hely<\/h3>\n<p><img decoding=\"async\" src=\"\/wp-content\/uploads\/factory-10.webp\"\/><\/p>\n<h3>M\u00e9ly feldolgoz\u00e1si m\u0171hely<\/h3>\n<p><img decoding=\"async\" src=\"\/wp-content\/uploads\/factory-11.webp\"\/><\/p>\n<h3>CNC prec\u00edzi\u00f3s megmunk\u00e1l\u00f3 m\u0171hely<\/h3>\n<p><img decoding=\"async\" src=\"\/wp-content\/uploads\/factory-11.5.webp\"\/><\/p>\n<h3>K\u00e9szterm\u00e9k \u00e9s export rakt\u00e1r<\/h3>\n<p><img decoding=\"async\" src=\"\/wp-content\/uploads\/factory-12.webp\"\/><\/p>\n<p><img decoding=\"async\" src=\"\/wp-content\/uploads\/factory-13.webp\"\/><\/p>\n<p><img decoding=\"async\" src=\"\/wp-content\/uploads\/factory-14.webp\"\/><\/p>\n<h2>GYIK<\/h2>\n<p><p><b>1.Mi az a 60\u00d760-as alum\u00ednium T-ny\u00edl\u00e1s\u00fa keretprofil extrud\u00e1l\u00e1s? <\/b><\/p>\n<p> A 60\u00d760-as alum\u00ednium T-ny\u00edl\u00e1s\u00fa keretprofil sajtolt profil egy 60 mm x 60 mm keresztmetszet\u0171 modul\u00e1ris \u00e9p\u00edt\u0151elem, amelyet egyedi keretek \u00e9s szerkezetek egyszer\u0171 \u00f6sszeszerel\u00e9s\u00e9re terveztek.<br \/>\n<\/p><br \/>\n<br \/>\n<p><b>2.Mi\u00e9rt v\u00e1lassza a feh\u00e9r matt porsz\u00f3rt fel\u00fcletet? <\/b><\/p>\n<p> A feh\u00e9r matt porfest\u00e9k tiszta, modern megjelen\u00e9st biztos\u00edt, \u00e9s megv\u00e9di az alum\u00edniumot a korr\u00f3zi\u00f3t\u00f3l, kop\u00e1st\u00f3l \u00e9s a k\u00f6rnyezeti \u00e1rtalmakt\u00f3l, \u00edgy hossz\u00fa \u00e9lettartamot biztos\u00edt.<br \/>\n<\/p><br \/>\n<br \/>\n<p><b>3.Milyen el\u0151ny\u00f6kkel j\u00e1r a V-ny\u00edl\u00e1sos kialak\u00edt\u00e1s ezeknek az alum\u00edniumprofiloknak? <\/b><\/p>\n<p> A V-ny\u00edl\u00e1sos kialak\u00edt\u00e1s sima line\u00e1ris mozg\u00e1st \u00e9s a mozg\u00f3 alkatr\u00e9szek pontos igaz\u00edt\u00e1s\u00e1t teszi lehet\u0151v\u00e9, \u00edgy ide\u00e1lis olyan alkalmaz\u00e1sokhoz, amelyekhez s\u00ednek vagy cs\u00faszk\u00e1k sz\u00fcks\u00e9gesek.<br \/>\n<\/p><br \/>\n<br \/>\n<p><b>4.Milyen alkalmaz\u00e1sokhoz alkalmasak a 60\u00d760-as alum\u00ednium T-ny\u00edl\u00e1s\u00fa keretek? <\/b><\/p>\n<p> Ezek a profilok t\u00f6k\u00e9letesen alkalmasak munka\u00e1llom\u00e1sok, automatiz\u00e1l\u00e1si keretek, biztons\u00e1gi v\u00e9d\u0151burkolatok \u00e9s szerkezeti tart\u00f3k \u00e9p\u00edt\u00e9s\u00e9re ipari \u00e9s kereskedelmi k\u00f6rnyezetben.<br \/>\n<\/p><br \/>\n<br \/>\n<p><b>5.Lehet-e ezeket a profilokat k\u00fcl\u00f6nb\u00f6z\u0151 projektekhez testre szabni? <\/b><\/p>\n<p> Igen, a profilok egyedi hossz\u00fas\u00e1g\u00fara v\u00e1ghat\u00f3k \u00e9s k\u00fcl\u00f6nb\u00f6z\u0151 tartoz\u00e9kokkal, p\u00e9ld\u00e1ul csatlakoz\u00f3kkal, konzolokkal \u00e9s k\u00f6t\u0151elemekkel kombin\u00e1lhat\u00f3k, hogy megfeleljenek a projekt egyedi k\u00f6vetelm\u00e9nyeinek.<br \/>\n<\/p><br \/>\n<br \/>\n<p><b>6.Alkalmasak-e a 60\u00d760-as alum\u00edniumprofilok nagy ig\u00e9nybev\u00e9tel\u0171 alkalmaz\u00e1sokhoz? <\/b><\/p>\n<p> Igen, a nagy szil\u00e1rds\u00e1g\u00fa alum\u00ednium biztos\u00edtja, hogy ezek a profilok nagy terhel\u00e9st is elb\u00edrnak, \u00edgy ide\u00e1lisak ipari g\u00e9pekhez \u00e9s robusztus szerkezeti fel\u00e9p\u00edtm\u00e9nyekhez.<br \/>\n<\/p><br \/>\n<br \/>\n<p><b>7.Mennyire egyszer\u0171 a T-ny\u00edl\u00e1s\u00fa alum\u00edniumprofilok felhaszn\u00e1l\u00e1s\u00e1val k\u00e9sz\u00fclt szerkezetek \u00f6sszeszerel\u00e9se? <\/b><\/p>\n<p> A modul\u00e1ris kialak\u00edt\u00e1s lehet\u0151v\u00e9 teszi a gyors \u00e9s k\u00f6nny\u0171 \u00f6sszeszerel\u00e9st egyszer\u0171 szersz\u00e1mok \u00e9s szabv\u00e1nyos csatlakoz\u00f3k seg\u00edts\u00e9g\u00e9vel, cs\u00f6kkentve az \u00f6sszeszerel\u00e9si id\u0151t \u00e9s a bonyolults\u00e1got.<br \/>\n<\/p><br \/><\/p>","protected":false},"featured_media":7895,"template":"","categories":[54],"class_list":["post-7896","product","type-product","status-publish","has-post-thumbnail","hentry","category-industrial-aluminum-profiles"],"meta_box":{"hilight_text_group":{"product_hilight_text":"<li>60x60 T-slot design allows for flexible, modular assembly with easy adjustment and reconfiguration.<\/li>\r\r\n<li>White matte powder coating provides a clean, professional finish with added corrosion resistance.<\/li>\r\r\n<li>V-slot grooves enable smooth movement and efficient integration of rails, slides, and other components.<\/li>\r\r\n<li>High-strength aluminium offers durability and stability for industrial and heavy-duty applications.<\/li>\r\r\n<li>Ideal for building custom frames, workstations, automation systems, and machinery enclosures.<\/li>\r\r\n<li>Open mold extrusion offers cost-effective manufacturing with quick lead times for bulk orders.<\/li>\r\r\n<li>Compatible with a wide range of connectors and accessories for seamless assembly.<\/li>","product_chanpin_blog":"<ul>\r\r\n<li><a href=\"https:\/\/sinoextrud.com\/t-slot-v-slot-differences\/\" target=\"_blank\">t slot vs v slot<\/a><\/li>\r\r\n<li><a href=\"https:\/\/sinoextrud.com\/what-is-4040-aluminium-extrud\/\" target=\"_blank\">4040 aluminium extrusion<\/a><\/li>\r\r\n<li><a href=\"https:\/\/sinoextrud.com\/what-is-4040-aluminium-extrud\/\" target=\"_blank\">aluminum extrusions for industrial racks<\/a><\/li>\r\r\n<li><a href=\"https:\/\/sinoextrud.com\/powder-coating-aluminium-process\/\" target=\"_blank\">powder coating aluminium<\/a><\/li>\r\r\n<li><a href=\"https:\/\/sinoextrud.com\/what-is-an-aluminium-strip-ceiling\/\" target=\"_blank\">aluminium strip ceiling<\/a><\/li>\r\r\n<li><a href=\"https:\/\/sinoextrud.com\/what-is-a-heat-sink\/\" target=\"_blank\">what is a heat sink<\/a><\/li>\r\r\n<\/ul>","product_chanpin_chanpin":"<li><a href=\"https:\/\/sinoextrud.com\/product\/2020-aluminum-extrusion-t-slot-aluminum-extrusion\/\" target=\"_blank\">2020 Aluminum Extrusion T Slot Aluminum Extrusion<\/a><\/li>\r\n<li><a href=\"https:\/\/sinoextrud.com\/product\/6063-anodized-road-case-aluminum-extrusions\/\" target=\"_blank\">6063 Anodized Road Case Aluminum Extrusions<\/a><\/li>\r\n<li><a href=\"https:\/\/sinoextrud.com\/product\/6063-t5-aluminum-profile-tslot-for-production-line\/\" target=\"_blank\">6063 t5 aluminum profile Tslot for production line<\/a><\/li>\r\n<li><a href=\"https:\/\/sinoextrud.com\/product\/6083-aluminum-profile-aluminum-plate-profile-customization-marine-corrosion-resistant-aluminum-alloy-plate\/\" target=\"_blank\">6083 Aluminum Profile Aluminum Plate Profile Customization Marine Corrosion-resistant Aluminum Alloy Plate<\/a><\/li>\r\n<li><a href=\"https:\/\/sinoextrud.com\/product\/60x60-aluminium-t-slot-frame-profile-extrusion-open-mold-industrial-track-coated-white-matte-v-slot\/\" target=\"_blank\">60\u00c3\u201460 aluminium t-slot frame profile extrusion open mold industrial track coated white matte v slot<\/a><\/li>\r\n<li><a href=\"https:\/\/sinoextrud.com\/product\/7-series-and-1-series-aluminum-beam-profile\/\" target=\"_blank\">7 Series And 1 Series Aluminum Beam Profile<\/a><\/li>\r\n<li><a href=\"https:\/\/sinoextrud.com\/product\/7003-7050-aluminum-profile-mechanical-parts\/\" target=\"_blank\">7003 7050 Aluminum Profile Mechanical Parts<\/a><\/li>\r\n<li><a href=\"https:\/\/sinoextrud.com\/product\/80-x-40-aluminium-extrusion-workshop-pipeline\/\" target=\"_blank\">80 x 40 Aluminium Extrusion Workshop Pipeline<\/a><\/li>\r\n<li><a href=\"https:\/\/sinoextrud.com\/product\/aluminium-6061\/\" target=\"_blank\">Aluminium 6061<\/a><\/li>\r\n<li><a href=\"https:\/\/sinoextrud.com\/product\/wood-grain-aluminum-box-section\/\" target=\"_blank\">Wood Grain Aluminum Box Section<\/a><\/li>\r\n<li><a href=\"https:\/\/sinoextrud.com\/product\/aluminum-channel\/\" target=\"_blank\">Aluminum Channel<\/a><\/li>"},"feature_list":[]},"_links":{"self":[{"href":"https:\/\/sinoextrud.com\/hu\/wp-json\/wp\/v2\/product\/7896","targetHints":{"allow":["GET"]}}],"collection":[{"href":"https:\/\/sinoextrud.com\/hu\/wp-json\/wp\/v2\/product"}],"about":[{"href":"https:\/\/sinoextrud.com\/hu\/wp-json\/wp\/v2\/types\/product"}],"wp:featuredmedia":[{"embeddable":true,"href":"https:\/\/sinoextrud.com\/hu\/wp-json\/wp\/v2\/media\/7895"}],"wp:attachment":[{"href":"https:\/\/sinoextrud.com\/hu\/wp-json\/wp\/v2\/media?parent=7896"}],"wp:term":[{"taxonomy":"category","embeddable":true,"href":"https:\/\/sinoextrud.com\/hu\/wp-json\/wp\/v2\/categories?post=7896"}],"curies":[{"name":"wp","href":"https:\/\/api.w.org\/{rel}","templated":true}]}}