{"id":7890,"date":"2025-06-11T06:22:47","date_gmt":"2025-06-11T06:22:47","guid":{"rendered":"https:\/\/sinoextrud.com\/product\/6063-anodized-road-case-aluminum-extrusions\/"},"modified":"2025-06-24T06:14:01","modified_gmt":"2025-06-24T06:14:01","slug":"6063-eloxalt-kozuti-tok-aluminium-extrudalt-reszek","status":"publish","type":"product","link":"https:\/\/sinoextrud.com\/hu\/product\/6063-anodized-road-case-aluminum-extrusions\/","title":{"rendered":"6063 elox\u00e1lt k\u00f6z\u00fati tok alum\u00ednium extrud\u00e1l\u00e1s"},"content":{"rendered":"<h2>Term\u00e9kek r\u00e9szletei<\/h2>\n<table class=\"custom-table\">\n<tbody>\n<tr>\n<td> Oszt\u00e1ly:<\/td>\n<td> 6063 -t5<\/td>\n<\/tr>\n<tr>\n<td> Technika:<\/td>\n<td> 6063 elox\u00e1lt k\u00f6z\u00fati tok alum\u00ednium extrud\u00e1l\u00e1s<\/td>\n<\/tr>\n<tr>\n<td> Lelkiismeretesen:<\/td>\n<td> T3 - T8<\/td>\n<\/tr>\n<tr>\n<td> Megmunk\u00e1l\u00e1si szolg\u00e1ltat\u00e1sok:<\/td>\n<td> F\u00far\u00e1s, csavaroz\u00e1s, szegecsel\u00e9s, \u00f6sszeszerel\u00e9s stb.<\/td>\n<\/tr>\n<tr>\n<td> V\u00e9djegy:<\/td>\n<td> Sinoextrud Sinoextrud Sinoextrud <\/td>\n<\/tr>\n<tr>\n<td> T\u00edpus:<\/td>\n<td> 6063 elox\u00e1lt k\u00f6z\u00fati tok alum\u00ednium extrud\u00e1l\u00e1s<\/td>\n<\/tr>\n<tr>\n<td> Alak:<\/td>\n<td> K\u00e9sz\u00fclt az \u00fcgyfelek tervei szerint<\/td>\n<\/tr>\n<tr>\n<td> Fel\u00fcletkezel\u00e9s:<\/td>\n<td> Mill Finish elox\u00e1lt csiszolt<\/td>\n<\/tr>\n<tr>\n<td> Hossz\u00fas\u00e1g:<\/td>\n<td> 1m \u00e9s 9m k\u00f6z\u00f6tt hosszonk\u00e9nt<\/td>\n<\/tr>\n<tr>\n<td> Sz\u00ednek:<\/td>\n<td> Ez\u00fcst Fekete<\/td>\n<\/tr>\n<tr>\n<td> HS-k\u00f3d:<\/td>\n<td> 76042990<\/td>\n<\/tr>\n<\/tbody>\n<\/table>\n<h2>Gy\u00e1rt\u00f3 b\u00e1zisunk<\/h2>\n<h3>Gy\u00e1ri panor\u00e1ma<\/h3>\n<p><img decoding=\"async\" src=\"\/wp-content\/uploads\/factory-01.webp\"\/><\/p>\n<h3>Alum\u00ednium r\u00fadgy\u00e1rt\u00f3 m\u0171hely<\/h3>\n<p><img decoding=\"async\" src=\"\/wp-content\/uploads\/factory-02.webp\"\/><\/p>\n<p><img decoding=\"async\" src=\"\/wp-content\/uploads\/factory-03.webp\"\/><\/p>\n<h3>Pen\u00e9sz rakt\u00e1r<\/h3>\n<p><img decoding=\"async\" src=\"\/wp-content\/uploads\/factory-04.webp\"\/><\/p>\n<h3>43 alum\u00ednium extrud\u00e1l\u00f3 vonal (500-5500 tonna)<\/h3>\n<p><img decoding=\"async\" src=\"\/wp-content\/uploads\/factory-05.webp\"\/><\/p>\n<p><img decoding=\"async\" src=\"\/wp-content\/uploads\/factory-06.webp\"\/><\/p>\n<p><img decoding=\"async\" src=\"\/wp-content\/uploads\/factory-07.webp\"\/><\/p>\n<h3>Porfest\u0151 m\u0171hely<\/h3>\n<p><img decoding=\"async\" src=\"\/wp-content\/uploads\/factory-09.webp\"\/><\/p>\n<h3>Anodiz\u00e1l\u00f3 m\u0171hely<\/h3>\n<p><img decoding=\"async\" src=\"\/wp-content\/uploads\/factory-10.webp\"\/><\/p>\n<h3>M\u00e9ly feldolgoz\u00e1si m\u0171hely<\/h3>\n<p><img decoding=\"async\" src=\"\/wp-content\/uploads\/factory-11.webp\"\/><\/p>\n<h3>CNC prec\u00edzi\u00f3s megmunk\u00e1l\u00f3 m\u0171hely<\/h3>\n<p><img decoding=\"async\" src=\"\/wp-content\/uploads\/factory-11.5.webp\"\/><\/p>\n<h3>K\u00e9szterm\u00e9k \u00e9s export rakt\u00e1r<\/h3>\n<p><img decoding=\"async\" src=\"\/wp-content\/uploads\/factory-12.webp\"\/><\/p>\n<p><img decoding=\"async\" src=\"\/wp-content\/uploads\/factory-13.webp\"\/><\/p>\n<p><img decoding=\"async\" src=\"\/wp-content\/uploads\/factory-14.webp\"\/><\/p>\n<h2>GYIK<\/h2>\n<p><p><b>1.What vannak 6063 elox\u00e1lt Road Case alum\u00ednium extrud\u00e1l\u00e1sok haszn\u00e1lt?<\/b><\/p>\n<p>A 6063 elox\u00e1lt k\u00f6z\u00fati tok alum\u00ednium extrud\u00e1lt alum\u00edniumot \u00e1ltal\u00e1ban tart\u00f3s, k\u00f6nny\u0171 \u00e9s korr\u00f3zi\u00f3\u00e1ll\u00f3 k\u00f6z\u00fati tokok \u00e9p\u00edt\u00e9s\u00e9re haszn\u00e1lj\u00e1k \u00e9rz\u00e9keny berendez\u00e9sek sz\u00e1ll\u00edt\u00e1s\u00e1ra.<br \/>\n<\/p><br \/>\n<br \/>\n<p><b>2.Mi\u00e9rt fontos az elox\u00e1l\u00e1s az alum\u00ednium k\u00f6z\u00fati tok extrud\u00e1l\u00e1sokn\u00e1l?<\/b><\/p>\n<p>Az elox\u00e1l\u00e1s n\u00f6veli az alum\u00ednium korr\u00f3zi\u00f3\u00e1ll\u00f3s\u00e1g\u00e1t \u00e9s jav\u00edtja eszt\u00e9tikai megjelen\u00e9s\u00e9t, \u00edgy ide\u00e1lis a zord k\u00f6rnyezetnek kitett k\u00f6z\u00fati tokokhoz.<br \/>\n<\/p><br \/>\n<br \/>\n<p><b>3.Mik az el\u0151nyei a 6063 alum\u00ednium haszn\u00e1lat\u00e1nak a k\u00f6z\u00fati tok extrud\u00e1l\u00e1s\u00e1ban?<\/b><\/p>\n<p>A 6063-as alum\u00ednium nagy szil\u00e1rds\u00e1g\/t\u00f6meg ar\u00e1nyt k\u00edn\u00e1l, \u00edgy k\u00f6nny\u0171, m\u00e9gis el\u00e9g er\u0151s ahhoz, hogy megv\u00e9dje az \u00e9rz\u00e9keny berendez\u00e9seket sz\u00e1ll\u00edt\u00e1s \u00e9s kezel\u00e9s k\u00f6zben.<br \/>\n<\/p><br \/>\n<br \/>\n<p><b>4.Can 6063 elox\u00e1lt Road Case alum\u00ednium extrud\u00e1l\u00e1s testreszabhat\u00f3?<\/b><\/p>\n<p>Igen, ezek az extrud\u00e1lt term\u00e9kek nagym\u00e9rt\u00e9kben testreszabhat\u00f3k, hogy megfeleljenek a k\u00fcl\u00f6nb\u00f6z\u0151 k\u00f6z\u00fati toktervek egyedi m\u00e9ret-, alak- \u00e9s szil\u00e1rds\u00e1gi k\u00f6vetelm\u00e9nyeinek.<br \/>\n<\/p><br \/>\n<br \/>\n<p><b>5.Hogyan jav\u00edtja az elox\u00e1lt fel\u00fclet a sajtolt term\u00e9kek teljes\u00edtm\u00e9ny\u00e9t?<\/b><\/p>\n<p>Az elox\u00e1lt fel\u00fclet extra v\u00e9delmet ny\u00fajt a korr\u00f3zi\u00f3, a karcol\u00e1sok \u00e9s a kop\u00e1s ellen, ami l\u00e9tfontoss\u00e1g\u00fa a gyakori kezel\u00e9snek \u00e9s a zord k\u00f6r\u00fclm\u00e9nyeknek kitett k\u00f6z\u00fati tokok eset\u00e9ben.<br \/>\n<\/p><br \/>\n<br \/>\n<p><b>6.Are 6063 elox\u00e1lt Road Case alum\u00ednium extrud\u00e1l\u00e1sok alkalmasak a nagy ig\u00e9nybev\u00e9telre?<\/b><\/p>\n<p>Igen, \u00fagy tervezt\u00e9k \u0151ket, hogy ellen\u00e1lljanak a sz\u00e1ll\u00edt\u00e1s \u00e9s a nagy ig\u00e9nybev\u00e9telnek, mik\u00f6zben meg\u0151rzik szerkezeti integrit\u00e1sukat \u00e9s megjelen\u00e9s\u00fcket.<br \/>\n<\/p><br \/>\n<br \/>\n<p><b>7.Milyen ipar\u00e1gak r\u00e9szes\u00fclnek a 6063 elox\u00e1lt k\u00f6z\u00fati tok alum\u00ednium extrud\u00e1l\u00e1sb\u00f3l?<\/b><\/p>\n<p>Az olyan ipar\u00e1gak, mint a sz\u00f3rakoztat\u00f3ipar, az audiovizu\u00e1lis, a katonai \u00e9s a m\u0171sorsz\u00f3r\u00f3 ipar\u00e1gak a 6063 elox\u00e1lt alum\u00ednium extrud\u00e1lt alum\u00ednium tokokra t\u00e1maszkodnak az \u00e9rz\u00e9keny berendez\u00e9sek biztons\u00e1gos, megb\u00edzhat\u00f3 sz\u00e1ll\u00edt\u00e1s\u00e1hoz \u00e9s t\u00e1rol\u00e1s\u00e1hoz.<br \/>\n<\/p><br \/><\/p>","protected":false},"featured_media":7889,"template":"","categories":[54],"class_list":["post-7890","product","type-product","status-publish","has-post-thumbnail","hentry","category-industrial-aluminum-profiles"],"meta_box":{"hilight_text_group":{"product_hilight_text":"<li>6063 aluminum provides excellent strength-to-weight ratio, perfect for road case applications.<\/li>\r\r\n<li>Anodized finish offers enhanced corrosion resistance, ensuring long-lasting durability.<\/li>\r\r\n<li>Customizable extrusion profiles to meet specific design and structural requirements.<\/li>\r\r\n<li>Lightweight and robust construction, ideal for transport and handling of sensitive equipment.<\/li>\r\r\n<li>Precision engineering for high-quality, reliable performance in demanding environments.<\/li>","product_chanpin_blog":"<ul>\r\r\n<li><a href=\"https:\/\/sinoextrud.com\/t-slot-v-slot-differences\/\" target=\"_blank\">t slot vs v slot<\/a><\/li>\r\r\n<li><a href=\"https:\/\/sinoextrud.com\/what-is-4040-aluminium-extrud\/\" target=\"_blank\">4040 aluminium extrusion<\/a><\/li>\r\r\n<li><a href=\"https:\/\/sinoextrud.com\/what-is-4040-aluminium-extrud\/\" target=\"_blank\">aluminum extrusions for industrial racks<\/a><\/li>\r\r\n<li><a href=\"https:\/\/sinoextrud.com\/powder-coating-aluminium-process\/\" target=\"_blank\">powder coating aluminium<\/a><\/li>\r\r\n<li><a href=\"https:\/\/sinoextrud.com\/what-is-an-aluminium-strip-ceiling\/\" target=\"_blank\">aluminium strip ceiling<\/a><\/li>\r\r\n<li><a href=\"https:\/\/sinoextrud.com\/what-is-a-heat-sink\/\" target=\"_blank\">what is a heat sink<\/a><\/li>\r\r\n<\/ul>","product_chanpin_chanpin":"<li><a href=\"https:\/\/sinoextrud.com\/product\/aluminium-shelf-extrusion\/\" target=\"_blank\">Aluminium Shelf Extrusion<\/a><\/li>\r\n<li><a href=\"https:\/\/sinoextrud.com\/product\/metal-extrusion-products\/\" target=\"_blank\">Metal Extrusion Products<\/a><\/li>\r\n<li><a href=\"https:\/\/sinoextrud.com\/product\/t-slot-aluminum-extursion\/\" target=\"_blank\">T-slot Aluminum Extursion<\/a><\/li>\r\n<li><a href=\"https:\/\/sinoextrud.com\/product\/2020-aluminum-extrusion-t-slot-aluminum-extrusion\/\" target=\"_blank\">2020 Aluminum Extrusion T Slot Aluminum Extrusion<\/a><\/li>\r\n<li><a href=\"https:\/\/sinoextrud.com\/product\/6063-anodized-road-case-aluminum-extrusions\/\" target=\"_blank\">6063 Anodized Road Case Aluminum Extrusions<\/a><\/li>\r\n<li><a href=\"https:\/\/sinoextrud.com\/product\/6063-t5-aluminum-profile-tslot-for-production-line\/\" target=\"_blank\">6063 t5 aluminum profile Tslot for production line<\/a><\/li>\r\n<li><a href=\"https:\/\/sinoextrud.com\/product\/6083-aluminum-profile-aluminum-plate-profile-customization-marine-corrosion-resistant-aluminum-alloy-plate\/\" target=\"_blank\">6083 Aluminum Profile Aluminum Plate Profile Customization Marine Corrosion-resistant Aluminum Alloy Plate<\/a><\/li>\r\n<li><a href=\"https:\/\/sinoextrud.com\/product\/60x60-aluminium-t-slot-frame-profile-extrusion-open-mold-industrial-track-coated-white-matte-v-slot\/\" target=\"_blank\">60\u00c3\u201460 aluminium t-slot frame profile extrusion open mold industrial track coated white matte v slot<\/a><\/li>\r\n<li><a href=\"https:\/\/sinoextrud.com\/product\/7-series-and-1-series-aluminum-beam-profile\/\" target=\"_blank\">7 Series And 1 Series Aluminum Beam Profile<\/a><\/li>\r\n<li><a href=\"https:\/\/sinoextrud.com\/product\/6063-cnc-machining-aluminum-extrusion-hinge\/\" target=\"_blank\">6063 CNC Machining Aluminum Extrusion Hinge<\/a><\/li>\r\n<li><a href=\"https:\/\/sinoextrud.com\/product\/l-shape-aluminum-angle-profile\/\" target=\"_blank\">L Shape Aluminum Angle Profile<\/a><\/li>"},"feature_list":[]},"_links":{"self":[{"href":"https:\/\/sinoextrud.com\/hu\/wp-json\/wp\/v2\/product\/7890","targetHints":{"allow":["GET"]}}],"collection":[{"href":"https:\/\/sinoextrud.com\/hu\/wp-json\/wp\/v2\/product"}],"about":[{"href":"https:\/\/sinoextrud.com\/hu\/wp-json\/wp\/v2\/types\/product"}],"wp:featuredmedia":[{"embeddable":true,"href":"https:\/\/sinoextrud.com\/hu\/wp-json\/wp\/v2\/media\/7889"}],"wp:attachment":[{"href":"https:\/\/sinoextrud.com\/hu\/wp-json\/wp\/v2\/media?parent=7890"}],"wp:term":[{"taxonomy":"category","embeddable":true,"href":"https:\/\/sinoextrud.com\/hu\/wp-json\/wp\/v2\/categories?post=7890"}],"curies":[{"name":"wp","href":"https:\/\/api.w.org\/{rel}","templated":true}]}}