{"id":7854,"date":"2025-06-11T02:55:39","date_gmt":"2025-06-11T02:55:39","guid":{"rendered":"https:\/\/sinoextrud.com\/product\/extrusion-aluminum-handrails-profile-powder-coated-white\/"},"modified":"2025-06-24T06:13:50","modified_gmt":"2025-06-24T06:13:50","slug":"extrudalt-aluminium-kapaszkodok-profil-porszort-feher","status":"publish","type":"product","link":"https:\/\/sinoextrud.com\/hu\/product\/extrusion-aluminum-handrails-profile-powder-coated-white\/","title":{"rendered":"Extrud\u00e1lt alum\u00ednium korl\u00e1tok profil porsz\u00f3rt feh\u00e9rrel bevonva"},"content":{"rendered":"<h2>Term\u00e9kek r\u00e9szletei<\/h2>\n<table class=\"custom-table\">\n<tr>\n<td class=\"label\">1. Term\u00e9k neve:<\/td>\n<td> Extrud\u00e1lt alum\u00ednium korl\u00e1tok profil porsz\u00f3rt feh\u00e9rrel bevonva<\/td>\n<\/tr>\n<tr>\n<td class=\"label\">2. Anyag :<\/td>\n<td> Alum\u00ednium \u00f6tv\u00f6zet 6063-T5<\/td>\n<\/tr>\n<tr>\n<td class=\"label\">3. K\u00e9sz:<\/td>\n<td> Nemzeti porsz\u00f3rt feh\u00e9r<\/td>\n<\/tr>\n<tr>\n<td class=\"label\">4. V\u00e9grehajt\u00f3 szabv\u00e1ny:<\/td>\n<td> GB5237-2008<\/td>\n<\/tr>\n<tr>\n<td class=\"label\">5. Tan\u00fas\u00edtv\u00e1nyok:<\/td>\n<td> ISO9001<\/td>\n<\/tr>\n<tr>\n<td class=\"label\">6. Modell:<\/td>\n<td> Ingyenes pen\u00e9sz<\/td>\n<\/tr>\n<\/table>\n<h2>Gy\u00e1rt\u00f3 b\u00e1zisunk<\/h2>\n<h3>Gy\u00e1ri panor\u00e1ma<\/h3>\n<p><img decoding=\"async\" src=\"\/wp-content\/uploads\/factory-01.webp\"\/><\/p>\n<h3>Alum\u00ednium r\u00fadgy\u00e1rt\u00f3 m\u0171hely<\/h3>\n<p><img decoding=\"async\" src=\"\/wp-content\/uploads\/factory-02.webp\"\/><\/p>\n<\/p>\n<p><img decoding=\"async\" src=\"\/wp-content\/uploads\/factory-03.webp\"\/><\/p>\n<h3>Pen\u00e9sz rakt\u00e1r<\/h3>\n<p><img decoding=\"async\" src=\"\/wp-content\/uploads\/factory-04.webp\"\/><\/p>\n<h3>43 alum\u00ednium extrud\u00e1l\u00f3 vonal (500-5500 tonna)<\/h3>\n<p><img decoding=\"async\" src=\"\/wp-content\/uploads\/factory-05.webp\"\/><\/p>\n<p><img decoding=\"async\" src=\"\/wp-content\/uploads\/factory-06.webp\"\/><\/p>\n<p><img decoding=\"async\" src=\"\/wp-content\/uploads\/factory-07.webp\"\/><\/p>\n<h3>Porfest\u0151 m\u0171hely<\/h3>\n<p><img decoding=\"async\" src=\"\/wp-content\/uploads\/factory-09.webp\"\/><\/p>\n<h3>Anodiz\u00e1l\u00f3 m\u0171hely<\/h3>\n<p><img decoding=\"async\" src=\"\/wp-content\/uploads\/factory-10.webp\"\/><\/p>\n<h3>M\u00e9ly feldolgoz\u00e1si m\u0171hely<\/h3>\n<p><img decoding=\"async\" src=\"\/wp-content\/uploads\/factory-11.webp\"\/><\/p>\n<h3>CNC prec\u00edzi\u00f3s megmunk\u00e1l\u00f3 m\u0171hely<\/h3>\n<p><img decoding=\"async\" src=\"\/wp-content\/uploads\/factory-11.5.webp\"\/><\/p>\n<h3>K\u00e9szterm\u00e9k \u00e9s export rakt\u00e1r<\/h3>\n<p><img decoding=\"async\" src=\"\/wp-content\/uploads\/factory-12.webp\"\/><\/p>\n<p><img decoding=\"async\" src=\"\/wp-content\/uploads\/factory-13.webp\"\/><\/p>\n<p><img decoding=\"async\" src=\"\/wp-content\/uploads\/factory-14.webp\"\/><\/p>\n<h2>GYIK<\/h2>\n<p><b>1.Mik az extrud\u00e1lt alum\u00ednium korl\u00e1tok haszn\u00e1lat\u00e1nak el\u0151nyei? <\/b><\/p>\n<p> Az extrud\u00e1lt alum\u00ednium korl\u00e1tok er\u0151s, k\u00f6nny\u0171 tart\u00e1st biztos\u00edtanak, \u00e9s tart\u00f3ss\u00e1guk \u00e9s sokoldal\u00fas\u00e1guk miatt ide\u00e1lisak a modern korl\u00e1trendszerekhez.\n<\/p>\n<p><\/p>\n<p><b>2.Mi\u00e9rt v\u00e1lassza a porsz\u00f3rt feh\u00e9r alum\u00ednium korl\u00e1tokat? <\/b><\/p>\n<p> A porsz\u00f3rt feh\u00e9r alum\u00ednium korl\u00e1tok eleg\u00e1ns, letisztult megjelen\u00e9st \u00e9s kiv\u00e1l\u00f3 id\u0151j\u00e1r\u00e1s- \u00e9s korr\u00f3zi\u00f3\u00e1ll\u00f3s\u00e1got biztos\u00edtanak.\n<\/p>\n<p><\/p>\n<p><b>3.Alkalmasak-e az alum\u00ednium korl\u00e1tprofilok k\u00fclt\u00e9ri haszn\u00e1latra? <\/b><\/p>\n<p> Igen, a porsz\u00f3rt fel\u00fcletnek \u00e9s a korr\u00f3zi\u00f3\u00e1ll\u00f3 tulajdons\u00e1goknak k\u00f6sz\u00f6nhet\u0151en ezek a kapaszkod\u00f3k t\u00f6k\u00e9letesek mind belt\u00e9ri, mind k\u00fclt\u00e9ri k\u00f6rnyezetben.\n<\/p>\n<p><\/p>\n<p><b>4.Can az alum\u00ednium korl\u00e1tok testre szabhat\u00f3ak? <\/b><\/p>\n<p> Igen, egyedi hossz\u00fas\u00e1gokat, profilokat \u00e9s furatmint\u00e1kat k\u00edn\u00e1lunk az \u00d6n \u00e9p\u00edt\u00e9szeti vagy \u00e9p\u00edt\u00e9si ig\u00e9nyeinek megfelel\u0151en.\n<\/p>\n<p><\/p>\n<p><b>5.Hogyan viszonyul az alum\u00ednium az ac\u00e9lhoz a korl\u00e1trendszerek eset\u00e9ben? <\/b><\/p>\n<p> Az alum\u00ednium k\u00f6nnyebb, korr\u00f3zi\u00f3\u00e1ll\u00f3bb \u00e9s kevesebb karbantart\u00e1st ig\u00e9nyel, mint az ac\u00e9l, \u00edgy k\u00f6lts\u00e9ghat\u00e9kony v\u00e1laszt\u00e1s a korl\u00e1tokhoz.\n<\/p>\n<p><\/p>\n<p><b>6.A feh\u00e9r porbevonat tart\u00f3s? <\/b><\/p>\n<p> Igen, a feh\u00e9r porfest\u00e9ket nagy tapad\u00e1ssal viszik fel, \u00e9s a tart\u00f3ss\u00e1g \u00e9rdek\u00e9ben kikem\u00e9ny\u00edtik, \u00edgy hossz\u00fa t\u00e1v\u00fa v\u00e9delmet ny\u00fajt a kop\u00e1s \u00e9s a fakul\u00e1s ellen.\n<\/p>\n<p><\/p>\n<p><b>7.Milyen alkalmaz\u00e1sok ide\u00e1lisak az extrud\u00e1lt alum\u00ednium korl\u00e1tok sz\u00e1m\u00e1ra? <\/b><\/p>\n<p> Ezek a korl\u00e1tok ide\u00e1lisak lak\u00f3\u00e9p\u00fcletek erk\u00e9lyeihez, kereskedelmi \u00e9p\u00fcletekhez, l\u00e9pcs\u0151h\u00e1zakhoz \u00e9s nyilv\u00e1nos j\u00e1rd\u00e1khoz.\n<\/p>\n<p><\/p>","protected":false},"featured_media":7853,"template":"","categories":[54],"class_list":["post-7854","product","type-product","status-publish","has-post-thumbnail","hentry","category-industrial-aluminum-profiles"],"meta_box":{"hilight_text_group":{"product_hilight_text":"<li>Durable aluminum extrusion ensures long-lasting structural support.<\/li>\r\r\n<li>Powder coated white finish offers a clean, modern appearance.<\/li>\r\r\n<li>Corrosion-resistant surface ideal for indoor and outdoor applications.<\/li>\r\r\n<li>Lightweight material allows for easy handling and installation.<\/li>\r\r\n<li>Customizable lengths and profiles to meet specific project needs.<\/li>\r\r\n<li>Low maintenance compared to traditional steel handrails.<\/li>\r\r\n<li>Compatible with various railing systems and fittings.<\/li>","product_chanpin_blog":"<ul>\r\r\n<li><a href=\"https:\/\/sinoextrud.com\/t-slot-v-slot-differences\/\" target=\"_blank\">t slot vs v slot<\/a><\/li>\r\r\n<li><a href=\"https:\/\/sinoextrud.com\/what-is-4040-aluminium-extrud\/\" target=\"_blank\">4040 aluminium extrusion<\/a><\/li>\r\r\n<li><a href=\"https:\/\/sinoextrud.com\/what-is-4040-aluminium-extrud\/\" target=\"_blank\">aluminum extrusions for industrial racks<\/a><\/li>\r\r\n<li><a href=\"https:\/\/sinoextrud.com\/powder-coating-aluminium-process\/\" target=\"_blank\">powder coating aluminium<\/a><\/li>\r\r\n<li><a href=\"https:\/\/sinoextrud.com\/what-is-an-aluminium-strip-ceiling\/\" target=\"_blank\">aluminium strip ceiling<\/a><\/li>\r\r\n<li><a href=\"https:\/\/sinoextrud.com\/what-is-a-heat-sink\/\" target=\"_blank\">what is a heat sink<\/a><\/li>\r\r\n<\/ul>","product_chanpin_chanpin":"<li><a href=\"https:\/\/sinoextrud.com\/product\/aluminum-cabinet-door-extrusion\/\" target=\"_blank\">Aluminum Cabinet Door Extrusion<\/a><\/li>\r\n<li><a href=\"https:\/\/sinoextrud.com\/product\/aluminum-structural-framing-system\/\" target=\"_blank\">Aluminum Structural Framing System<\/a><\/li>\r\n<li><a href=\"https:\/\/sinoextrud.com\/product\/standard-aluminum-shapes\/\" target=\"_blank\">Standard Aluminum Shapes<\/a><\/li>\r\n<li><a href=\"https:\/\/sinoextrud.com\/product\/aluminium-profiles-doors-windows-wood-imitation\/\" target=\"_blank\">Aluminium Profiles Doors Windows Wood Imitation<\/a><\/li>\r\n<li><a href=\"https:\/\/sinoextrud.com\/product\/extrusion-aluminum-handrails-profile-powder-coated-white\/\" target=\"_blank\">Extrusion Aluminum Handrails Profile Powder Coated White<\/a><\/li>\r\n<li><a href=\"https:\/\/sinoextrud.com\/product\/t-slot-aluminium-profile-extrusion-bulk-selling-98-pure-aluminum-price\/\" target=\"_blank\">t-slot aluminium profile extrusion bulk selling 98% pure aluminum price<\/a><\/li>\r\n<li><a href=\"https:\/\/sinoextrud.com\/product\/industrial-aluminium-extrusions-hollow-pipe-big-dimensions\/\" target=\"_blank\">Industrial Aluminium Extrusions Hollow Pipe Big Dimensions<\/a><\/li>\r\n<li><a href=\"https:\/\/sinoextrud.com\/product\/aluminium-profile-extrusion\/\" target=\"_blank\">Aluminium Profile Extrusion<\/a><\/li>\r\n<li><a href=\"https:\/\/sinoextrud.com\/product\/aluminium-decorative-furniture-metal-wall-trim\/\" target=\"_blank\">Aluminium Decorative Furniture Metal Wall Trim<\/a><\/li>\r\n<li><a href=\"https:\/\/sinoextrud.com\/product\/modular-aluminum-profiles-machine-hand-robot-hand-manipulator\/\" target=\"_blank\">Modular Aluminum Profiles Machine Hand Robot Hand Manipulator<\/a><\/li>\r\n<li><a href=\"https:\/\/sinoextrud.com\/product\/the-world-most-popular-6000-series-aluminum-extrusion-profile-louver-shutter-for-adjustable-waterproof-louver-windows\/\" target=\"_blank\">The World Most Popular 6000 Series aluminum extrusion Profile louver shutter For Adjustable Waterproof Louver Windows<\/a><\/li>"},"feature_list":[]},"_links":{"self":[{"href":"https:\/\/sinoextrud.com\/hu\/wp-json\/wp\/v2\/product\/7854","targetHints":{"allow":["GET"]}}],"collection":[{"href":"https:\/\/sinoextrud.com\/hu\/wp-json\/wp\/v2\/product"}],"about":[{"href":"https:\/\/sinoextrud.com\/hu\/wp-json\/wp\/v2\/types\/product"}],"wp:featuredmedia":[{"embeddable":true,"href":"https:\/\/sinoextrud.com\/hu\/wp-json\/wp\/v2\/media\/7853"}],"wp:attachment":[{"href":"https:\/\/sinoextrud.com\/hu\/wp-json\/wp\/v2\/media?parent=7854"}],"wp:term":[{"taxonomy":"category","embeddable":true,"href":"https:\/\/sinoextrud.com\/hu\/wp-json\/wp\/v2\/categories?post=7854"}],"curies":[{"name":"wp","href":"https:\/\/api.w.org\/{rel}","templated":true}]}}