{"id":7851,"date":"2025-06-11T02:45:51","date_gmt":"2025-06-11T02:45:51","guid":{"rendered":"https:\/\/sinoextrud.com\/product\/aluminium-profiles-doors-windows-wood-imitation\/"},"modified":"2025-06-24T06:13:50","modified_gmt":"2025-06-24T06:13:50","slug":"aluminium-profilok-ajtok-ablakok-fa-utanzat","status":"publish","type":"product","link":"https:\/\/sinoextrud.com\/hu\/product\/aluminium-profiles-doors-windows-wood-imitation\/","title":{"rendered":"Alum\u00ednium profilok ajt\u00f3k ablakok fa ut\u00e1nzat"},"content":{"rendered":"<h2>Term\u00e9kek r\u00e9szletei<\/h2>\n<table class=\"custom-table\">\n<tbody>\n<tr>\n<td> T\u00e9tel:<\/td>\n<td> Alum\u00ednium profilok ajt\u00f3k ablakok fa ut\u00e1nzat<\/td>\n<td> Alak:<\/td>\n<td> Custom<\/td>\n<\/tr>\n<tr>\n<td> Lelkiismeretesen:<\/td>\n<td> Custom<\/td>\n<td> \u00f6tv\u00f6zet:<\/td>\n<td> \u00d6tv\u00f6zet<\/td>\n<\/tr>\n<tr>\n<td> \u00d6tv\u00f6z\u0151 \u00f6sszetev\u0151:<\/td>\n<td> 6061<\/td>\n<td> Pol\u00edrozott alum\u00ednium profil:<\/td>\n<td> Custom<\/td>\n<\/tr>\n<tr>\n<td> Folyamat:<\/td>\n<td> Profil+CNC megmunk\u00e1l\u00e1s+Deburrs<\/td>\n<td> Tolerancia:<\/td>\n<td> ISO2768-M<\/td>\n<\/tr>\n<tr>\n<td> M\u0171k\u00f6d\u0151k\u00e9pes hossz:<\/td>\n<td> 5-12000mm<\/td>\n<td> Sz\u00e1ll\u00edt\u00e1si id\u0151:<\/td>\n<td> 7-25 nap<\/td>\n<\/tr>\n<tr>\n<td> V\u00e9djegy:<\/td>\n<td> Custom<\/td>\n<td> Eredet:<\/td>\n<td> GUANGDONG<\/td>\n<\/tr>\n<tr>\n<td> T\u00edpus:<\/td>\n<td> Ablak \u00e9s ajt\u00f3 alum\u00ednium profil, Dekor\u00e1ci\u00f3s alum\u00ednium profil, H\u0151lead\u00f3 alum\u00ednium profil, \u00dcvegfal alum\u00ednium profil, Sz\u00e1ll\u00edt\u00e1si alum\u00ednium profil, Sz\u00e1ll\u00edt\u00f3 alum\u00ednium profil<\/td>\n<td> Oszt\u00e1ly:<\/td>\n<td> 6000-es sorozat<\/td>\n<\/tr>\n<tr>\n<td> Ablak \u00e9s ajt\u00f3 alum\u00ednium profil:<\/td>\n<td> Custom<\/td>\n<td> Fel\u00fcletkezel\u00e9s:<\/td>\n<td> Custom<\/td>\n<\/tr>\n<tr>\n<td> Tan\u00fas\u00edt\u00e1s:<\/td>\n<td> CE, SONCAP, ISO, CIQ, RoHS, TUV, TUV<\/td>\n<td> Szolg\u00e1ltat\u00e1s:<\/td>\n<td> OEM\/ODM<\/td>\n<\/tr>\n<tr>\n<td> Megmunk\u00e1lhat\u00f3 \u00e1tm\u00e9r\u0151:<\/td>\n<td> 5-6000mm<\/td>\n<td> Min\u0151s\u00e9gellen\u0151rz\u00e9s:<\/td>\n<td> ISO9001, SGS<\/td>\n<\/tr>\n<tr>\n<td> Garancia:<\/td>\n<td> 100% Visszat\u00e9r\u00edt\u00e9s vagy csere Nok eset\u00e9n<\/td>\n<td> Sz\u00e1ll\u00edt\u00e1si csomag:<\/td>\n<td> Karton tok vagy poli fadoboz \/ raklap<\/td>\n<\/tr>\n<\/tbody>\n<\/table>\n<h2>Gy\u00e1rt\u00f3 b\u00e1zisunk<\/h2>\n<h3>Gy\u00e1ri panor\u00e1ma<\/h3>\n<p><img decoding=\"async\" src=\"\/wp-content\/uploads\/factory-01.webp\"\/><\/p>\n<h3>Alum\u00ednium r\u00fadgy\u00e1rt\u00f3 m\u0171hely<\/h3>\n<p><img decoding=\"async\" src=\"\/wp-content\/uploads\/factory-02.webp\"\/><\/p>\n<p><img decoding=\"async\" src=\"\/wp-content\/uploads\/factory-03.webp\"\/><\/p>\n<h3>Pen\u00e9sz rakt\u00e1r<\/h3>\n<p><img decoding=\"async\" src=\"\/wp-content\/uploads\/factory-04.webp\"\/><\/p>\n<h3>43 alum\u00ednium extrud\u00e1l\u00f3 vonal (500-5500 tonna)<\/h3>\n<p><img decoding=\"async\" src=\"\/wp-content\/uploads\/factory-05.webp\"\/><\/p>\n<p><img decoding=\"async\" src=\"\/wp-content\/uploads\/factory-06.webp\"\/><\/p>\n<p><img decoding=\"async\" src=\"\/wp-content\/uploads\/factory-07.webp\"\/><\/p>\n<h3>Porfest\u0151 m\u0171hely<\/h3>\n<p><img decoding=\"async\" src=\"\/wp-content\/uploads\/factory-09.webp\"\/><\/p>\n<h3>Anodiz\u00e1l\u00f3 m\u0171hely<\/h3>\n<p><img decoding=\"async\" src=\"\/wp-content\/uploads\/factory-10.webp\"\/><\/p>\n<h3>M\u00e9ly feldolgoz\u00e1si m\u0171hely<\/h3>\n<p><img decoding=\"async\" src=\"\/wp-content\/uploads\/factory-11.webp\"\/><\/p>\n<h3>CNC prec\u00edzi\u00f3s megmunk\u00e1l\u00f3 m\u0171hely<\/h3>\n<p><img decoding=\"async\" src=\"\/wp-content\/uploads\/factory-11.5.webp\"\/><\/p>\n<h3>K\u00e9szterm\u00e9k \u00e9s export rakt\u00e1r<\/h3>\n<p><img decoding=\"async\" src=\"\/wp-content\/uploads\/factory-12.webp\"\/><\/p>\n<p><img decoding=\"async\" src=\"\/wp-content\/uploads\/factory-13.webp\"\/><\/p>\n<p><img decoding=\"async\" src=\"\/wp-content\/uploads\/factory-14.webp\"\/><\/p>\n<h2>GYIK<\/h2>\n<p><p><b>1.Mik azok az alum\u00ednium profilok ajt\u00f3khoz \u00e9s ablakokhoz fa ut\u00e1nzattal?<\/b><\/p>\n<p>Ezek a faanyaggal bevont alum\u00ednium extrud\u00e1l\u00e1sok a fa vizu\u00e1lis vonzerej\u00e9t az alum\u00ednium szil\u00e1rds\u00e1g\u00e1val \u00e9s tart\u00f3ss\u00e1g\u00e1val \u00f6tv\u00f6zik.<br \/>\n<\/p><br \/>\n<br \/>\n<p><b>2.Mi\u00e9rt v\u00e1lassza a fa ut\u00e1nzat\u00fa alum\u00ednium profilokat ajt\u00f3k \u00e9s ablakok sz\u00e1m\u00e1ra?<\/b><\/p>\n<p>A term\u00e9szetes fa megjelen\u00e9s\u00e9t ny\u00fajtj\u00e1k a karbantart\u00e1si probl\u00e9m\u00e1k, p\u00e9ld\u00e1ul a vetemed\u00e9s, a korhad\u00e1s vagy az \u00fajrafest\u00e9s n\u00e9lk\u00fcl.<br \/>\n<\/p><br \/>\n<br \/>\n<p><b>3.Alkalmasak-e az alum\u00ednium fa ut\u00e1nzat\u00fa profilok k\u00fclt\u00e9ri haszn\u00e1latra?<\/b><\/p>\n<p>Igen, a porsz\u00f3rt \u00e9s h\u0151\u00e1tmenetes bevonat kiv\u00e1l\u00f3 id\u0151j\u00e1r\u00e1s\u00e1ll\u00f3s\u00e1got biztos\u00edt, ide\u00e1lis k\u00fcls\u0151 ajt\u00f3k \u00e9s ablakok sz\u00e1m\u00e1ra.<br \/>\n<\/p><br \/>\n<br \/>\n<p><b>4.Sz\u00fcks\u00e9ges-e a fa szemcs\u00e9s alum\u00ednium profilok speci\u00e1lis karbantart\u00e1st ig\u00e9nyelnek?<\/b><\/p>\n<p>Nem, ezek az anyagok kev\u00e9s karbantart\u00e1st ig\u00e9nyelnek - el\u00e9g csak id\u0151nk\u00e9nt enyhe szappannal \u00e9s v\u00edzzel tiszt\u00edtani \u0151ket, hogy mindig \u00fajnak t\u0171njenek.<br \/>\n<\/p><br \/>\n<br \/>\n<p><b>5.Lehet-e testre szabni az alum\u00ednium fa szemcs\u00e9s profilokat?<\/b><\/p>\n<p>Term\u00e9szetesen k\u00fcl\u00f6nb\u00f6z\u0151 faanyagmint\u00e1k, sz\u00ednek, m\u00e9retek \u00e9s profilform\u00e1k \u00e1llnak rendelkez\u00e9sre, hogy illeszkedjenek a k\u00fcl\u00f6nb\u00f6z\u0151 \u00e9p\u00edt\u00e9szeti st\u00edlusokhoz.<br \/>\n<\/p><br \/>\n<br \/>\n<p><b>6.K\u00f6rnyezetbar\u00e1tok-e a fa ut\u00e1nzat\u00fa alum\u00ednium profilok?<\/b><\/p>\n<p>Igen, cs\u00f6kkentik a f\u00e1t\u00f3l val\u00f3 f\u00fcgg\u0151s\u00e9get, teljes m\u00e9rt\u00e9kben \u00fajrahasznos\u00edthat\u00f3ak, \u00e9s \u00e9lettartamuk alatt kevesebb karbantart\u00e1st ig\u00e9nyelnek.<br \/>\n<\/p><br \/>\n<br \/>\n<p><b>7.Tart\u00f3s-e a fa szemcs\u00e9s kivitel az id\u0151 m\u00fal\u00e1s\u00e1val?<\/b><\/p>\n<p>Igen, a modern fel\u00fcletkezel\u00e9si technol\u00f3gi\u00e1k biztos\u00edtj\u00e1k, hogy a fa szemcs\u00e9s fel\u00fclet UV-\u00e1ll\u00f3, karc\u00e1ll\u00f3 \u00e9s hossz\u00fa \u00e9lettartam\u00fa legyen.<br \/>\n<\/p><br \/><\/p>","protected":false},"featured_media":7850,"template":"","categories":[67],"class_list":["post-7851","product","type-product","status-publish","has-post-thumbnail","hentry","category-architectural-aluminium-profile"],"meta_box":{"hilight_text_group":{"product_hilight_text":"<li>Wood grain finish offers the aesthetic appeal of timber with aluminum durability<\/li>\r\r\n<li>Corrosion-resistant and weatherproof for long-term performance<\/li>\r\r\n<li>Low maintenance compared to traditional wooden frames<\/li>\r\r\n<li>Lightweight structure allows for easier transportation and installation<\/li>\r\r\n<li>Customizable designs, colors, and profiles for doors and windows<\/li>\r\r\n<li>Eco-friendly alternative to natural wood materials<\/li>","product_chanpin_blog":"<ul>\r\r\n<li><a href=\"https:\/\/sinoextrud.com\/t-slot-v-slot-differences\/\" target=\"_blank\">t slot vs v slot<\/a><\/li>\r\r\n<li><a href=\"https:\/\/sinoextrud.com\/what-is-4040-aluminium-extrud\/\" target=\"_blank\">4040 aluminium extrusion<\/a><\/li>\r\r\n<li><a href=\"https:\/\/sinoextrud.com\/what-is-4040-aluminium-extrud\/\" target=\"_blank\">aluminum extrusions for industrial racks<\/a><\/li>\r\r\n<li><a href=\"https:\/\/sinoextrud.com\/powder-coating-aluminium-process\/\" target=\"_blank\">powder coating aluminium<\/a><\/li>\r\r\n<li><a href=\"https:\/\/sinoextrud.com\/what-is-an-aluminium-strip-ceiling\/\" target=\"_blank\">aluminium strip ceiling<\/a><\/li>\r\r\n<li><a href=\"https:\/\/sinoextrud.com\/what-is-a-heat-sink\/\" target=\"_blank\">what is a heat sink<\/a><\/li>\r\r\n<\/ul>","product_chanpin_chanpin":"<li><a href=\"https:\/\/sinoextrud.com\/product\/wardrobe-cabinet-sliding-aluminum-profile\/\" target=\"_blank\">Wardrobe Cabinet Sliding Aluminum Profile<\/a><\/li>\r\n<li><a href=\"https:\/\/sinoextrud.com\/product\/aluminum-cabinet-door-extrusion\/\" target=\"_blank\">Aluminum Cabinet Door Extrusion<\/a><\/li>\r\n<li><a href=\"https:\/\/sinoextrud.com\/product\/aluminum-structural-framing-system\/\" target=\"_blank\">Aluminum Structural Framing System<\/a><\/li>\r\n<li><a href=\"https:\/\/sinoextrud.com\/product\/standard-aluminum-shapes\/\" target=\"_blank\">Standard Aluminum Shapes<\/a><\/li>\r\n<li><a href=\"https:\/\/sinoextrud.com\/product\/aluminium-profiles-doors-windows-wood-imitation\/\" target=\"_blank\">Aluminium Profiles Doors Windows Wood Imitation<\/a><\/li>\r\n<li><a href=\"https:\/\/sinoextrud.com\/product\/extrusion-aluminum-handrails-profile-powder-coated-white\/\" target=\"_blank\">Extrusion Aluminum Handrails Profile Powder Coated White<\/a><\/li>\r\n<li><a href=\"https:\/\/sinoextrud.com\/product\/t-slot-aluminium-profile-extrusion-bulk-selling-98-pure-aluminum-price\/\" target=\"_blank\">t-slot aluminium profile extrusion bulk selling 98% pure aluminum price<\/a><\/li>\r\n<li><a href=\"https:\/\/sinoextrud.com\/product\/industrial-aluminium-extrusions-hollow-pipe-big-dimensions\/\" target=\"_blank\">Industrial Aluminium Extrusions Hollow Pipe Big Dimensions<\/a><\/li>\r\n<li><a href=\"https:\/\/sinoextrud.com\/product\/aluminium-profile-extrusion\/\" target=\"_blank\">Aluminium Profile Extrusion<\/a><\/li>\r\n<li><a href=\"https:\/\/sinoextrud.com\/product\/design-of-anodized-aluminum-handrail-price\/\" target=\"_blank\">design of anodized aluminum handrail price<\/a><\/li>\r\n<li><a href=\"https:\/\/sinoextrud.com\/product\/anodized-aluminum-trim-molding\/\" target=\"_blank\">Anodized Aluminum Trim Molding<\/a><\/li>"},"feature_list":[]},"_links":{"self":[{"href":"https:\/\/sinoextrud.com\/hu\/wp-json\/wp\/v2\/product\/7851","targetHints":{"allow":["GET"]}}],"collection":[{"href":"https:\/\/sinoextrud.com\/hu\/wp-json\/wp\/v2\/product"}],"about":[{"href":"https:\/\/sinoextrud.com\/hu\/wp-json\/wp\/v2\/types\/product"}],"wp:featuredmedia":[{"embeddable":true,"href":"https:\/\/sinoextrud.com\/hu\/wp-json\/wp\/v2\/media\/7850"}],"wp:attachment":[{"href":"https:\/\/sinoextrud.com\/hu\/wp-json\/wp\/v2\/media?parent=7851"}],"wp:term":[{"taxonomy":"category","embeddable":true,"href":"https:\/\/sinoextrud.com\/hu\/wp-json\/wp\/v2\/categories?post=7851"}],"curies":[{"name":"wp","href":"https:\/\/api.w.org\/{rel}","templated":true}]}}