{"id":7839,"date":"2025-06-11T02:36:36","date_gmt":"2025-06-11T02:36:36","guid":{"rendered":"https:\/\/sinoextrud.com\/product\/curtain-aluminum-profile-extrusion-for-window\/"},"modified":"2025-06-24T06:13:47","modified_gmt":"2025-06-24T06:13:47","slug":"fuggony-aluminium-profil-extrudalt-ablakhoz","status":"publish","type":"product","link":"https:\/\/sinoextrud.com\/hu\/product\/curtain-aluminum-profile-extrusion-for-window\/","title":{"rendered":"F\u00fcgg\u00f6ny alum\u00ednium profil extrud\u00e1l\u00e1s ablakhoz"},"content":{"rendered":"<h2>Term\u00e9kek r\u00e9szletei<\/h2>\n<table class=\"custom-table\">\n<tbody>\n<tr>\n<td> Term\u00e9k neve<\/td>\n<td> F\u00fcgg\u00f6ny alum\u00ednium profil extrud\u00e1l\u00e1s ablakhoz<\/td>\n<\/tr>\n<tr>\n<td> Anyag<\/td>\n<td> 6063-T5 alum\u00ednium \u00f6tv\u00f6zet<\/td>\n<\/tr>\n<tr>\n<td> K\u00e9sz<\/td>\n<td> Nemzetk\u00f6zi szabv\u00e1nyos elox\u00e1lt ez\u00fcst<\/td>\n<\/tr>\n<tr>\n<td> Standard<\/td>\n<td> GB5237-2008<\/td>\n<\/tr>\n<\/tbody>\n<\/table>\n<h2>Gy\u00e1rt\u00f3 b\u00e1zisunk<\/h2>\n<h3>Gy\u00e1ri panor\u00e1ma<\/h3>\n<p><img decoding=\"async\" src=\"\/wp-content\/uploads\/factory-01.webp\"\/><\/p>\n<h3>Alum\u00ednium r\u00fadgy\u00e1rt\u00f3 m\u0171hely<\/h3>\n<p><img decoding=\"async\" src=\"\/wp-content\/uploads\/factory-02.webp\"\/><\/p>\n<p><img decoding=\"async\" src=\"\/wp-content\/uploads\/factory-03.webp\"\/><\/p>\n<h3>Pen\u00e9sz rakt\u00e1r<\/h3>\n<p><img decoding=\"async\" src=\"\/wp-content\/uploads\/factory-04.webp\"\/><\/p>\n<h3>43 alum\u00ednium extrud\u00e1l\u00f3 vonal (500-5500 tonna)<\/h3>\n<p><img decoding=\"async\" src=\"\/wp-content\/uploads\/factory-05.webp\"\/><\/p>\n<p><img decoding=\"async\" src=\"\/wp-content\/uploads\/factory-06.webp\"\/><\/p>\n<p><img decoding=\"async\" src=\"\/wp-content\/uploads\/factory-07.webp\"\/><\/p>\n<h3>Porfest\u0151 m\u0171hely<\/h3>\n<p><img decoding=\"async\" src=\"\/wp-content\/uploads\/factory-09.webp\"\/><\/p>\n<h3>Anodiz\u00e1l\u00f3 m\u0171hely<\/h3>\n<p><img decoding=\"async\" src=\"\/wp-content\/uploads\/factory-10.webp\"\/><\/p>\n<h3>M\u00e9ly feldolgoz\u00e1si m\u0171hely<\/h3>\n<p><img decoding=\"async\" src=\"\/wp-content\/uploads\/factory-11.webp\"\/><\/p>\n<h3>CNC prec\u00edzi\u00f3s megmunk\u00e1l\u00f3 m\u0171hely<\/h3>\n<p><img decoding=\"async\" src=\"\/wp-content\/uploads\/factory-11.5.webp\"\/><\/p>\n<h3>K\u00e9szterm\u00e9k \u00e9s export rakt\u00e1r<\/h3>\n<p><img decoding=\"async\" src=\"\/wp-content\/uploads\/factory-12.webp\"\/><\/p>\n<p><img decoding=\"async\" src=\"\/wp-content\/uploads\/factory-13.webp\"\/><\/p>\n<p><img decoding=\"async\" src=\"\/wp-content\/uploads\/factory-14.webp\"\/><\/p>\n<h2>GYIK<\/h2>\n<p><p><b>1.Mi a f\u00fcgg\u00f6ny alum\u00ednium profil extrud\u00e1l\u00e1s ablakhoz?<\/b><\/p>\n<p>Ez egy speci\u00e1lisan az ablakokra t\u00f6rt\u00e9n\u0151 f\u00fcgg\u00f6nyszerel\u00e9s t\u00e1mogat\u00e1s\u00e1ra extrud\u00e1lt alum\u00edniumprofil, amely szerkezeti tart\u00e1st \u00e9s eszt\u00e9tikai integr\u00e1ci\u00f3t k\u00edn\u00e1l.<br \/>\n<\/p><br \/>\n<br \/>\n<p><b>2.Mik a legfontosabb el\u0151nyei a f\u00fcgg\u00f6ny alum\u00ednium profilok?<\/b><\/p>\n<p>K\u00f6nny\u0171ek, korr\u00f3zi\u00f3\u00e1ll\u00f3ak, tart\u00f3sak, \u00e9s minim\u00e1lis karbantart\u00e1s mellett z\u00f6kken\u0151mentes f\u00fcgg\u00f6nymozg\u00e1st biztos\u00edtanak.<br \/>\n<\/p><br \/>\n<br \/>\n<p><b>3.Haszn\u00e1lhat\u00f3-e ez a profil p\u00e1r\u00e1s k\u00f6rnyezetben?<\/b><\/p>\n<p>Igen, az elox\u00e1lt vagy porsz\u00f3rt fel\u00fclet ellen\u00e1ll a nedvess\u00e9gnek \u00e9s a korr\u00f3zi\u00f3nak, ide\u00e1lis konyh\u00e1kba \u00e9s f\u00fcrd\u0151szob\u00e1kba.<br \/>\n<\/p><br \/>\n<br \/>\n<p><b>4.A profil minden t\u00edpus\u00fa ablakf\u00fcgg\u00f6nnyel kompatibilis?<\/b><\/p>\n<p>Igen, t\u00e1mogatja a k\u00fcl\u00f6nb\u00f6z\u0151 f\u00fcgg\u00f6ny t\u00edpusokat, bele\u00e9rtve a plisz\u00edrozott, \u00e1ttetsz\u0151, s\u00f6t\u00e9t\u00edt\u0151 \u00e9s termikus f\u00fcgg\u00f6ny\u00f6ket.<br \/>\n<\/p><br \/>\n<br \/>\n<p><b>5.Egyedi hossz\u00fas\u00e1gok \u00e9s kivitelek \u00e1llnak rendelkez\u00e9sre?<\/b><\/p>\n<p>Igen, egyedi m\u00e9reteket, fel\u00fcletkezel\u00e9seket \u00e9s sz\u00edneket k\u00edn\u00e1lunk a k\u00fcl\u00f6nb\u00f6z\u0151 \u00e9p\u00edt\u00e9szeti \u00e9s bels\u0151\u00e9p\u00edt\u00e9szeti ig\u00e9nyek kiel\u00e9g\u00edt\u00e9s\u00e9re.<br \/>\n<\/p><br \/>\n<br \/>\n<p><b>6.A profil lehet\u0151v\u00e9 teszi a csendes m\u0171k\u00f6d\u00e9st?<\/b><\/p>\n<p>Igen, a prec\u00edzi\u00f3s p\u00e1lyakialak\u00edt\u00e1s biztos\u00edtja a sima, csendes sikl\u00e1st a nagyobb k\u00e9nyelem \u00e9rdek\u00e9ben a lak\u00f3- vagy munkater\u00fcleteken.<br \/>\n<\/p><br \/>\n<br \/>\n<p><b>7.Hol haszn\u00e1lj\u00e1k \u00e1ltal\u00e1ban ezt a profilt\u00edpust?<\/b><\/p>\n<p>Sz\u00e9les k\u00f6rben haszn\u00e1lj\u00e1k otthonokban, sz\u00e1llod\u00e1kban, k\u00f3rh\u00e1zakban \u00e9s irodah\u00e1zakban funkcion\u00e1lis \u00e9s dekorat\u00edv f\u00fcgg\u00f6nyrendszerekhez egyar\u00e1nt.<br \/>\n<\/p><br \/>\n<br \/>\n<p><b>8.A telep\u00edt\u00e9si folyamat egyszer\u0171?<\/b><\/p>\n<p>Igen, a mell\u00e9kelt konzolokkal \u00e9s szerel\u00e9si tartoz\u00e9kokkal k\u00f6nnyen felszerelhet\u0151, cs\u00f6kkentve a munkaid\u0151t \u00e9s a k\u00f6lts\u00e9geket.<br \/>\n<\/p><br \/><\/p>","protected":false},"featured_media":7838,"template":"","categories":[67],"class_list":["post-7839","product","type-product","status-publish","has-post-thumbnail","hentry","category-architectural-aluminium-profile"],"meta_box":{"hilight_text_group":{"product_hilight_text":"<li>High-strength aluminum extrusion ensures durability and long service life<\/li>\r\r\n<li>Lightweight design allows easy installation and handling<\/li>\r\r\n<li>Corrosion-resistant surface suitable for indoor and semi-outdoor use<\/li>\r\r\n<li>Smooth track design provides quiet and effortless curtain movement<\/li>\r\r\n<li>Compatible with most window curtain systems and accessories<\/li>\r\r\n<li>Customizable sizes, colors, and finishes to match window design<\/li>\r\r\n<li>Ideal for residential, hotel, office, and commercial window treatments<\/li>","product_chanpin_blog":"<ul>\r\r\n<li><a href=\"https:\/\/sinoextrud.com\/t-slot-v-slot-differences\/\" target=\"_blank\">t slot vs v slot<\/a><\/li>\r\r\n<li><a href=\"https:\/\/sinoextrud.com\/what-is-4040-aluminium-extrud\/\" target=\"_blank\">4040 aluminium extrusion<\/a><\/li>\r\r\n<li><a href=\"https:\/\/sinoextrud.com\/what-is-4040-aluminium-extrud\/\" target=\"_blank\">aluminum extrusions for industrial racks<\/a><\/li>\r\r\n<li><a href=\"https:\/\/sinoextrud.com\/powder-coating-aluminium-process\/\" target=\"_blank\">powder coating aluminium<\/a><\/li>\r\r\n<li><a href=\"https:\/\/sinoextrud.com\/what-is-an-aluminium-strip-ceiling\/\" target=\"_blank\">aluminium strip ceiling<\/a><\/li>\r\r\n<li><a href=\"https:\/\/sinoextrud.com\/what-is-a-heat-sink\/\" target=\"_blank\">what is a heat sink<\/a><\/li>\r\r\n<\/ul>","product_chanpin_chanpin":"<li><a href=\"https:\/\/sinoextrud.com\/product\/extrusions-aluminum-structural-framing-kitchen-cabinet-doors-oem-anodized-champagne-selling-in-pakistan\/\" target=\"_blank\">extrusions aluminum structural framing kitchen cabinet doors OEM Anodized champagne selling in pakistan<\/a><\/li>\r\n<li><a href=\"https:\/\/sinoextrud.com\/product\/aluminum-door-jamb-extrusion\/\" target=\"_blank\">Aluminum Door Jamb Extrusion<\/a><\/li>\r\n<li><a href=\"https:\/\/sinoextrud.com\/product\/sandblasted-aluminum-finish-profile\/\" target=\"_blank\">Sandblasted Aluminum Finish Profile<\/a><\/li>\r\n<li><a href=\"https:\/\/sinoextrud.com\/product\/aluminum-handrail-systems\/\" target=\"_blank\">Aluminum Handrail Systems<\/a><\/li>\r\n<li><a href=\"https:\/\/sinoextrud.com\/product\/curtain-aluminum-profile-extrusion-for-window\/\" target=\"_blank\">Curtain Aluminum Profile Extrusion For Window<\/a><\/li>\r\n<li><a href=\"https:\/\/sinoextrud.com\/product\/extrusion-of-aluminium-alloys-celing-aluminum-tube-wood-grain\/\" target=\"_blank\">Extrusion Of Aluminium Alloys Celing Aluminum Tube Wood Grain<\/a><\/li>\r\n<li><a href=\"https:\/\/sinoextrud.com\/product\/wardrobe-cabinet-sliding-aluminum-profile\/\" target=\"_blank\">Wardrobe Cabinet Sliding Aluminum Profile<\/a><\/li>\r\n<li><a href=\"https:\/\/sinoextrud.com\/product\/aluminum-cabinet-door-extrusion\/\" target=\"_blank\">Aluminum Cabinet Door Extrusion<\/a><\/li>\r\n<li><a href=\"https:\/\/sinoextrud.com\/product\/aluminum-structural-framing-system\/\" target=\"_blank\">Aluminum Structural Framing System<\/a><\/li>\r\n<li><a href=\"https:\/\/sinoextrud.com\/product\/quadrate-pipe-baffle-ceiling-system\/\" target=\"_blank\">Quadrate-pipe Baffle Ceiling System<\/a><\/li>\r\n<li><a href=\"https:\/\/sinoextrud.com\/product\/aluminium-extrusion-profiles-for-the-windows\/\" target=\"_blank\">Aluminium Extrusion Profiles For The Windows<\/a><\/li>"},"feature_list":[]},"_links":{"self":[{"href":"https:\/\/sinoextrud.com\/hu\/wp-json\/wp\/v2\/product\/7839","targetHints":{"allow":["GET"]}}],"collection":[{"href":"https:\/\/sinoextrud.com\/hu\/wp-json\/wp\/v2\/product"}],"about":[{"href":"https:\/\/sinoextrud.com\/hu\/wp-json\/wp\/v2\/types\/product"}],"wp:featuredmedia":[{"embeddable":true,"href":"https:\/\/sinoextrud.com\/hu\/wp-json\/wp\/v2\/media\/7838"}],"wp:attachment":[{"href":"https:\/\/sinoextrud.com\/hu\/wp-json\/wp\/v2\/media?parent=7839"}],"wp:term":[{"taxonomy":"category","embeddable":true,"href":"https:\/\/sinoextrud.com\/hu\/wp-json\/wp\/v2\/categories?post=7839"}],"curies":[{"name":"wp","href":"https:\/\/api.w.org\/{rel}","templated":true}]}}