{"id":7833,"date":"2025-06-11T02:30:53","date_gmt":"2025-06-11T02:30:53","guid":{"rendered":"https:\/\/sinoextrud.com\/product\/aluminum-door-jamb-extrusion\/"},"modified":"2025-06-24T06:13:46","modified_gmt":"2025-06-24T06:13:46","slug":"aluminium-ajtofelfa-extrudalas","status":"publish","type":"product","link":"https:\/\/sinoextrud.com\/hu\/product\/aluminum-door-jamb-extrusion\/","title":{"rendered":"Alum\u00ednium ajt\u00f3sz\u00e1rny extrud\u00e1l\u00e1s"},"content":{"rendered":"<h2>Term\u00e9kek r\u00e9szletei<\/h2>\n<table class=\"custom-table\">\n<tbody>\n<tr>\n<td> Term\u00e9k neve<\/td>\n<td> Alum\u00ednium ajt\u00f3sz\u00e1rny extrud\u00e1l\u00e1s<\/td>\n<\/tr>\n<tr>\n<td> Anyag<\/td>\n<td> Alum\u00ednium\u00f6tv\u00f6zet 6063 vagy 6061.<\/td>\n<\/tr>\n<tr>\n<td> Temper<\/td>\n<td> T3-T8<\/td>\n<\/tr>\n<tr>\n<td> Sz\u00ednes<\/td>\n<td> Elox\u00e1lt, fa szemcs\u00e9s vagy m\u00e1s testreszabott sz\u00edn\u0171<\/td>\n<\/tr>\n<tr>\n<td> Applycation<\/td>\n<td> Ablak \u00e9s ajt\u00f3<\/td>\n<\/tr>\n<tr>\n<td> M\u00e1rka<\/td>\n<td> Sinoextrud vagy OEM<\/td>\n<\/tr>\n<tr>\n<td> CNC folyamat<\/td>\n<td> CNC mar\u00e1s, lyukaszt\u00e1s, f\u00far\u00e1s, csapol\u00e1s, hajl\u00edt\u00e1s<\/td>\n<\/tr>\n<tr>\n<td> MOQ<\/td>\n<td> 200Kg a fa szemcs\u00e9s extrud\u00e1l\u00e1shoz, 200Kg m\u00e1s fel\u00fclethez<\/td>\n<\/tr>\n<tr>\n<td> Fel\u00fcletkezel\u00e9s<\/td>\n<td> Fa szemcs\u00e9s, elox\u00e1lt, porbevonat, elektrofor\u00e9zis, PVDF bevonat, csiszolt stb.<\/td>\n<\/tr>\n<tr>\n<td> Tan\u00fas\u00edtv\u00e1nyok<\/td>\n<td> ISO9001, ISO4001, CQM, SGS, CE, BV stb.<\/td>\n<\/tr>\n<tr>\n<td> \u00c1tfut\u00e1si id\u0151<\/td>\n<td> 1.Die-nyitott \u00e9s mintateszt 12-15 nap.<br \/>\n2.Mass production 25-30 nap.<\/td>\n<\/tr>\n<tr>\n<td> Sz\u00e1ll\u00edt\u00e1si hat\u00e1rid\u0151<\/td>\n<td> EXW vagy FOB Foshan\/Guangzhou\/Shenzhen<\/td>\n<\/tr>\n<tr>\n<td> Fizet\u00e9si hat\u00e1rid\u0151<\/td>\n<td> Alipay, LC vagy TT 30% bet\u00e9t, egyenleg a sz\u00e1ll\u00edt\u00e1s el\u0151tt<\/td>\n<\/tr>\n<tr>\n<td> Sz\u00e1rmaz\u00e1si hely<\/td>\n<td> Guangdong,K\u00edna<\/td>\n<\/tr>\n<\/tbody>\n<\/table>\n<h2>Gy\u00e1rt\u00f3 b\u00e1zisunk<\/h2>\n<h3>Gy\u00e1ri panor\u00e1ma<\/h3>\n<p><img decoding=\"async\" src=\"\/wp-content\/uploads\/factory-01.webp\"\/><\/p>\n<h3>Alum\u00ednium r\u00fadgy\u00e1rt\u00f3 m\u0171hely<\/h3>\n<p><img decoding=\"async\" src=\"\/wp-content\/uploads\/factory-02.webp\"\/><\/p>\n<\/p>\n<p><img decoding=\"async\" src=\"\/wp-content\/uploads\/factory-03.webp\"\/><\/p>\n<h3>Pen\u00e9sz rakt\u00e1r<\/h3>\n<p><img decoding=\"async\" src=\"\/wp-content\/uploads\/factory-04.webp\"\/><\/p>\n<h3>43 alum\u00ednium extrud\u00e1l\u00f3 vonal (500-5500 tonna)<\/h3>\n<p><img decoding=\"async\" src=\"\/wp-content\/uploads\/factory-05.webp\"\/><\/p>\n<p><img decoding=\"async\" src=\"\/wp-content\/uploads\/factory-06.webp\"\/><\/p>\n<p><img decoding=\"async\" src=\"\/wp-content\/uploads\/factory-07.webp\"\/><\/p>\n<h3>Porfest\u0151 m\u0171hely<\/h3>\n<p><img decoding=\"async\" src=\"\/wp-content\/uploads\/factory-09.webp\"\/><\/p>\n<h3>Anodiz\u00e1l\u00f3 m\u0171hely<\/h3>\n<p><img decoding=\"async\" src=\"\/wp-content\/uploads\/factory-10.webp\"\/><\/p>\n<h3>M\u00e9ly feldolgoz\u00e1si m\u0171hely<\/h3>\n<p><img decoding=\"async\" src=\"\/wp-content\/uploads\/factory-11.webp\"\/><\/p>\n<h3>CNC prec\u00edzi\u00f3s megmunk\u00e1l\u00f3 m\u0171hely<\/h3>\n<p><img decoding=\"async\" src=\"\/wp-content\/uploads\/factory-11.5.webp\"\/><\/p>\n<h3>K\u00e9szterm\u00e9k \u00e9s export rakt\u00e1r<\/h3>\n<p><img decoding=\"async\" src=\"\/wp-content\/uploads\/factory-12.webp\"\/><\/p>\n<p><img decoding=\"async\" src=\"\/wp-content\/uploads\/factory-13.webp\"\/><\/p>\n<p><img decoding=\"async\" src=\"\/wp-content\/uploads\/factory-14.webp\"\/><\/p>\n<h2>GYIK<\/h2>\n<p><b>1.Mi az alum\u00ednium ajt\u00f3f\u00e9lfa extrud\u00e1l\u00e1s? <\/b><\/p>\n<p> Az alum\u00ednium ajt\u00f3sz\u00e1rny extrud\u00e1lt alum\u00ednium profil, amelyet \u00fagy terveztek, hogy keretet vagy hat\u00e1rt k\u00e9pezzen az ajt\u00f3 k\u00f6r\u00fcl, szil\u00e1rds\u00e1got \u00e9s v\u00e9delmet ny\u00fajtva.\n<\/p>\n<p><\/p>\n<p><b>2.Mi\u00e9rt v\u00e1lassza az alum\u00edniumot az ajt\u00f3f\u00e9lfa extrud\u00e1l\u00e1shoz? <\/b><\/p>\n<p> Az alum\u00ednium tart\u00f3s, k\u00f6nny\u0171, korr\u00f3zi\u00f3\u00e1ll\u00f3 \u00e9s eleg\u00e1ns megjelen\u00e9s\u0171, \u00edgy ide\u00e1lis ajt\u00f3f\u00e9lf\u00e1khoz mind bels\u0151, mind k\u00fcls\u0151 alkalmaz\u00e1sokban.\n<\/p>\n<p><\/p>\n<p><b>3.Can ezek a extrud\u00e1l\u00e1sok testreszabhat\u00f3k? <\/b><\/p>\n<p> Igen, az alum\u00ednium ajt\u00f3sz\u00e1rnyprofilok m\u00e9retben, vastags\u00e1gban, alakban \u00e9s kivitelben testre szabhat\u00f3k, hogy megfeleljenek az \u00d6n ajt\u00f3rendszer\u00e9nek egyedi k\u00f6vetelm\u00e9nyeinek.\n<\/p>\n<p><\/p>\n<p><b>4.Alkalmasak-e ezek a profilok k\u00fclt\u00e9ri haszn\u00e1latra? <\/b><\/p>\n<p> Igen, megfelel\u0151 elox\u00e1l\u00e1ssal vagy porsz\u00f3r\u00e1ssal az alum\u00ednium ajt\u00f3sz\u00e1rnyprofilok rendk\u00edv\u00fcl ellen\u00e1ll\u00f3ak az id\u0151j\u00e1r\u00e1s viszontags\u00e1gaival szemben, \u00e9s ide\u00e1lisak k\u00fclt\u00e9ri ajt\u00f3khoz.\n<\/p>\n<p><\/p>\n<p><b>5.Milyen fel\u00fcletek \u00e1llnak rendelkez\u00e9sre az alum\u00ednium ajt\u00f3f\u00e9lf\u00e1khoz? <\/b><\/p>\n<p> A gyakori kivitelek k\u00f6z\u00e9 tartozik az elox\u00e1lt, a porsz\u00f3rt \u00e9s a csiszolt, funkcion\u00e1lis v\u00e9delmet \u00e9s eszt\u00e9tikai vonzer\u0151t egyar\u00e1nt biztos\u00edtva.\n<\/p>\n<p><\/p>\n<p><b>6.How k\u00f6nny\u0171 telep\u00edteni alum\u00ednium ajt\u00f3f\u00e9lfa extrud\u00e1l\u00e1sok? <\/b><\/p>\n<p> Az alum\u00ednium ajt\u00f3f\u00e9lf\u00e1kat \u00fagy tervezt\u00e9k, hogy k\u00f6nnyen felszerelhet\u0151ek legyenek a szabv\u00e1nyos szerel\u0151eszk\u00f6z\u00f6kkel \u00e9s minim\u00e1lis szersz\u00e1mmal.\n<\/p>\n<p><\/p>\n<p><b>7.Tart\u00f3sak-e ezek az extrud\u00e1l\u00e1sok nagy forgalm\u00fa k\u00f6rnyezetben? <\/b><\/p>\n<p> Igen, a nagy szil\u00e1rds\u00e1g\u00fa alum\u00ednium anyag el\u00e9g tart\u00f3s ahhoz, hogy ellen\u00e1lljon a nagy forgalm\u00fa ter\u00fcleteken, p\u00e9ld\u00e1ul kereskedelmi \u00e9p\u00fcletekben \u00e9s ipari l\u00e9tes\u00edtm\u00e9nyekben gyakori kop\u00e1snak.\n<\/p>\n<p><\/p>\n<p><b>8.A profilok k\u00fcl\u00f6nb\u00f6z\u0151 ajt\u00f3t\u00edpusokhoz alkalmazhat\u00f3k? <\/b><\/p>\n<p> Igen, ezeket a profilokat \u00fagy tervezt\u00e9k, hogy az ajt\u00f3anyagok sz\u00e9les sk\u00e1l\u00e1j\u00e1val, t\u00f6bbek k\u00f6z\u00f6tt f\u00e1val, f\u00e9mmel \u00e9s \u00fcveggel m\u0171k\u00f6djenek egy\u00fctt a sokoldal\u00fa be\u00e9p\u00edt\u00e9si lehet\u0151s\u00e9gek \u00e9rdek\u00e9ben.\n<\/p>\n<p><\/p>","protected":false},"featured_media":7832,"template":"","categories":[67],"class_list":["post-7833","product","type-product","status-publish","has-post-thumbnail","hentry","category-architectural-aluminium-profile"],"meta_box":{"hilight_text_group":{"product_hilight_text":"<li>High-strength aluminum construction provides long-lasting durability for door jambs.<\/li>\r\r\n<li>Corrosion-resistant finish ensures reliable performance in both interior and exterior environments.<\/li>\r\r\n<li>Lightweight yet strong, reducing the overall door frame weight while maintaining structural integrity.<\/li>\r\r\n<li>Customizable sizes, finishes, and designs to meet specific project needs.<\/li>\r\r\n<li>Easy to install with precise extruded dimensions for seamless integration with door systems.<\/li>\r\r\n<li>Perfect for commercial, residential, and industrial applications requiring durable and low-maintenance door frames.<\/li>","product_chanpin_blog":"<ul>\r\r\n<li><a href=\"https:\/\/sinoextrud.com\/t-slot-v-slot-differences\/\" target=\"_blank\">t slot vs v slot<\/a><\/li>\r\r\n<li><a href=\"https:\/\/sinoextrud.com\/what-is-4040-aluminium-extrud\/\" target=\"_blank\">4040 aluminium extrusion<\/a><\/li>\r\r\n<li><a href=\"https:\/\/sinoextrud.com\/what-is-4040-aluminium-extrud\/\" target=\"_blank\">aluminum extrusions for industrial racks<\/a><\/li>\r\r\n<li><a href=\"https:\/\/sinoextrud.com\/powder-coating-aluminium-process\/\" target=\"_blank\">powder coating aluminium<\/a><\/li>\r\r\n<li><a href=\"https:\/\/sinoextrud.com\/what-is-an-aluminium-strip-ceiling\/\" target=\"_blank\">aluminium strip ceiling<\/a><\/li>\r\r\n<li><a href=\"https:\/\/sinoextrud.com\/what-is-a-heat-sink\/\" target=\"_blank\">what is a heat sink<\/a><\/li>\r\r\n<\/ul>","product_chanpin_chanpin":"<li><a href=\"https:\/\/sinoextrud.com\/product\/l-shaped-aluminium-profile\/\" target=\"_blank\">L Shaped Aluminium Profile<\/a><\/li>\r\n<li><a href=\"https:\/\/sinoextrud.com\/product\/80-x-80-aluminum-extrusion\/\" target=\"_blank\">80 X 80 Aluminum Extrusion<\/a><\/li>\r\n<li><a href=\"https:\/\/sinoextrud.com\/product\/aluminum-profile-price-of-aluminium-partition-wall-studs-aluminum-manufacturer\/\" target=\"_blank\">aluminum profile price of aluminium partition wall studs aluminum manufacturer<\/a><\/li>\r\n<li><a href=\"https:\/\/sinoextrud.com\/product\/extrusions-aluminum-structural-framing-kitchen-cabinet-doors-oem-anodized-champagne-selling-in-pakistan\/\" target=\"_blank\">extrusions aluminum structural framing kitchen cabinet doors OEM Anodized champagne selling in pakistan<\/a><\/li>\r\n<li><a href=\"https:\/\/sinoextrud.com\/product\/aluminum-door-jamb-extrusion\/\" target=\"_blank\">Aluminum Door Jamb Extrusion<\/a><\/li>\r\n<li><a href=\"https:\/\/sinoextrud.com\/product\/sandblasted-aluminum-finish-profile\/\" target=\"_blank\">Sandblasted Aluminum Finish Profile<\/a><\/li>\r\n<li><a href=\"https:\/\/sinoextrud.com\/product\/aluminum-handrail-systems\/\" target=\"_blank\">Aluminum Handrail Systems<\/a><\/li>\r\n<li><a href=\"https:\/\/sinoextrud.com\/product\/curtain-aluminum-profile-extrusion-for-window\/\" target=\"_blank\">Curtain Aluminum Profile Extrusion For Window<\/a><\/li>\r\n<li><a href=\"https:\/\/sinoextrud.com\/product\/extrusion-of-aluminium-alloys-celing-aluminum-tube-wood-grain\/\" target=\"_blank\">Extrusion Of Aluminium Alloys Celing Aluminum Tube Wood Grain<\/a><\/li>\r\n<li><a href=\"https:\/\/sinoextrud.com\/product\/extrude-6000-series-aluminium-bar\/\" target=\"_blank\">Extrude 6000 Series Aluminium bar<\/a><\/li>\r\n<li><a href=\"https:\/\/sinoextrud.com\/product\/aluminum-extrusion-polished-square-tupe\/\" target=\"_blank\">Aluminum Extrusion Polished Square Tupe<\/a><\/li>"},"feature_list":[]},"_links":{"self":[{"href":"https:\/\/sinoextrud.com\/hu\/wp-json\/wp\/v2\/product\/7833","targetHints":{"allow":["GET"]}}],"collection":[{"href":"https:\/\/sinoextrud.com\/hu\/wp-json\/wp\/v2\/product"}],"about":[{"href":"https:\/\/sinoextrud.com\/hu\/wp-json\/wp\/v2\/types\/product"}],"wp:featuredmedia":[{"embeddable":true,"href":"https:\/\/sinoextrud.com\/hu\/wp-json\/wp\/v2\/media\/7832"}],"wp:attachment":[{"href":"https:\/\/sinoextrud.com\/hu\/wp-json\/wp\/v2\/media?parent=7833"}],"wp:term":[{"taxonomy":"category","embeddable":true,"href":"https:\/\/sinoextrud.com\/hu\/wp-json\/wp\/v2\/categories?post=7833"}],"curies":[{"name":"wp","href":"https:\/\/api.w.org\/{rel}","templated":true}]}}