{"id":7829,"date":"2025-06-11T02:27:20","date_gmt":"2025-06-11T02:27:20","guid":{"rendered":"https:\/\/sinoextrud.com\/product\/aluminum-profile-price-of-aluminium-partition-wall-studs-aluminum-manufacturer\/"},"modified":"2025-06-24T06:13:44","modified_gmt":"2025-06-24T06:13:44","slug":"aluminium-profil-ara-aluminium-valaszfal-szegecsek-aluminium-gyartoja","status":"publish","type":"product","link":"https:\/\/sinoextrud.com\/hu\/product\/aluminum-profile-price-of-aluminium-partition-wall-studs-aluminum-manufacturer\/","title":{"rendered":"alum\u00ednium profil \u00e1ra alum\u00ednium v\u00e1laszfal szegecsek alum\u00ednium gy\u00e1rt\u00f3ja"},"content":{"rendered":"<h2>Term\u00e9kek r\u00e9szletei<\/h2>\n<table class=\"custom-table\">\n<tbody>\n<tr>\n<td> \u00d6tv\u00f6z\u0151elem:<\/td>\n<td> 6063 alum\u00ednium profil \u00e1ra alum\u00ednium v\u00e1laszfal szegecsek alum\u00ednium gy\u00e1rt\u00f3ja<\/td>\n<\/tr>\n<tr>\n<td> alum\u00ednium profil:<\/td>\n<td> Mechanikai pol\u00edroz\u00e1s<\/td>\n<\/tr>\n<tr>\n<td> T\u00edpus:<\/td>\n<td> alum\u00ednium v\u00e1laszfal \u00e1ra<\/td>\n<\/tr>\n<tr>\n<td> Oszt\u00e1ly:<\/td>\n<td> 6000-es sorozat<\/td>\n<\/tr>\n<tr>\n<td> Fel\u00fcletkezel\u00e9s:<\/td>\n<td> Elox\u00e1lt, porfestett, fa szemcs\u00e9s, testreszabott<\/td>\n<\/tr>\n<tr>\n<td> Tan\u00fas\u00edt\u00e1s:<\/td>\n<td> CE, SONCAP, ISO, CIQ, RoHS, TUV, TUV<\/td>\n<\/tr>\n<tr>\n<td> Term\u00e9k:<\/td>\n<td> Alum\u00ednium profil<\/td>\n<\/tr>\n<tr>\n<td> Fel\u00fcletkezel\u00e9s:<\/td>\n<td> Elox\u00e1lt, elektrofor\u00e9zis, porsz\u00f3rt bevonat, fa szemcs\u00e9s<\/td>\n<\/tr>\n<tr>\n<td> Sz\u00edn:<\/td>\n<td> Testreszabott (sz\u00e9les sz\u00ednv\u00e1laszt\u00e9k \u00e1ll rendelkez\u00e9sre)<\/td>\n<\/tr>\n<tr>\n<td> Rakod\u00e1si kik\u00f6t\u0151:<\/td>\n<td> Shenzhen\/ Guangzhou\/ Foshan<\/td>\n<\/tr>\n<tr>\n<td> Garancia:<\/td>\n<td> A felsz\u00edni sz\u00edn 10-20 \u00e9vig stabil lehet belt\u00e9rben<\/td>\n<\/tr>\n<tr>\n<td> V\u00e9djegy:<\/td>\n<td> Sinoextrud (Sinoextrud) \/ OEM<\/td>\n<\/tr>\n<tr>\n<td> Specifik\u00e1ci\u00f3:<\/td>\n<td> testreszabott<\/td>\n<\/tr>\n<tr>\n<td> HS-k\u00f3d:<\/td>\n<td> 7604210000<\/td>\n<\/tr>\n<\/tbody>\n<\/table>\n<h2>Gy\u00e1rt\u00f3 b\u00e1zisunk<\/h2>\n<h3>Gy\u00e1ri panor\u00e1ma<\/h3>\n<p><img decoding=\"async\" src=\"\/wp-content\/uploads\/factory-01.webp\"\/><\/p>\n<h3>Alum\u00ednium r\u00fadgy\u00e1rt\u00f3 m\u0171hely<\/h3>\n<p><img decoding=\"async\" src=\"\/wp-content\/uploads\/factory-02.webp\"\/><\/p>\n<p><img decoding=\"async\" src=\"\/wp-content\/uploads\/factory-03.webp\"\/><\/p>\n<h3>Pen\u00e9sz rakt\u00e1r<\/h3>\n<p><img decoding=\"async\" src=\"\/wp-content\/uploads\/factory-04.webp\"\/><\/p>\n<h3>43 alum\u00ednium extrud\u00e1l\u00f3 vonal (500-5500 tonna)<\/h3>\n<p><img decoding=\"async\" src=\"\/wp-content\/uploads\/factory-05.webp\"\/><\/p>\n<p><img decoding=\"async\" src=\"\/wp-content\/uploads\/factory-06.webp\"\/><\/p>\n<p><img decoding=\"async\" src=\"\/wp-content\/uploads\/factory-07.webp\"\/><\/p>\n<h3>Porfest\u0151 m\u0171hely<\/h3>\n<p><img decoding=\"async\" src=\"\/wp-content\/uploads\/factory-09.webp\"\/><\/p>\n<h3>Anodiz\u00e1l\u00f3 m\u0171hely<\/h3>\n<p><img decoding=\"async\" src=\"\/wp-content\/uploads\/factory-10.webp\"\/><\/p>\n<h3>M\u00e9ly feldolgoz\u00e1si m\u0171hely<\/h3>\n<p><img decoding=\"async\" src=\"\/wp-content\/uploads\/factory-11.webp\"\/><\/p>\n<h3>CNC prec\u00edzi\u00f3s megmunk\u00e1l\u00f3 m\u0171hely<\/h3>\n<p><img decoding=\"async\" src=\"\/wp-content\/uploads\/factory-11.5.webp\"\/><\/p>\n<h3>K\u00e9szterm\u00e9k \u00e9s export rakt\u00e1r<\/h3>\n<p><img decoding=\"async\" src=\"\/wp-content\/uploads\/factory-12.webp\"\/><\/p>\n<p><img decoding=\"async\" src=\"\/wp-content\/uploads\/factory-13.webp\"\/><\/p>\n<p><img decoding=\"async\" src=\"\/wp-content\/uploads\/factory-14.webp\"\/><\/p>\n<h2>GYIK<\/h2>\n<p><p><b>1.Mi az alum\u00ednium v\u00e1laszfalcsapok?<\/b><\/p>\n<p>Az alum\u00ednium v\u00e1laszfalcsapok nem teherhord\u00f3 bels\u0151 falak \u00e9p\u00edt\u00e9s\u00e9hez haszn\u00e1lt szerkezeti profilok, amelyek k\u00f6nny\u0171 \u00e9s tart\u00f3s alternat\u00edv\u00e1t k\u00edn\u00e1lnak a hagyom\u00e1nyos anyagokhoz k\u00e9pest.<br \/>\n<\/p><br \/>\n<br \/>\n<p><b>2.Mi\u00e9rt v\u00e1lasszon alum\u00ednium profilokat v\u00e1laszfalakhoz?<\/b><\/p>\n<p>Az alum\u00edniumprofilok k\u00f6nny\u0171ek, korr\u00f3zi\u00f3\u00e1ll\u00f3ak \u00e9s k\u00f6nnyen telep\u00edthet\u0151k, \u00edgy ide\u00e1lisak a modul\u00e1ris irodai v\u00e1laszfalakhoz \u00e9s a kereskedelmi bels\u0151 terekhez.<br \/>\n<\/p><br \/>\n<br \/>\n<p><b>3.Az alum\u00ednium v\u00e1laszfalcsapok megfizethet\u0151bbek, mint az ac\u00e9l opci\u00f3k?<\/b><\/p>\n<p>Igen, ha k\u00f6zvetlen\u00fcl az alum\u00edniumgy\u00e1rt\u00f3kt\u00f3l szerzik be, a v\u00e1laszfalcsapok versenyk\u00e9pes \u00e1rakat \u00e9s az alacsonyabb karbantart\u00e1si ig\u00e9ny miatt hossz\u00fa t\u00e1v\u00fa k\u00f6lts\u00e9gmegtakar\u00edt\u00e1st k\u00edn\u00e1lnak.<br \/>\n<\/p><br \/>\n<br \/>\n<p><b>4.Mi az alum\u00ednium v\u00e1laszfalprofilok tipikus \u00e1rtartom\u00e1nya?<\/b><\/p>\n<p>Az \u00e1r a m\u00e9rett\u0151l, a kivitelez\u00e9st\u0151l \u00e9s a mennyis\u00e9gt\u0151l f\u00fcgg, de a gy\u00e1rt\u00f3k \u00e1ltal\u00e1ban k\u00f6lts\u00e9ghat\u00e9kony \u00e1rakat k\u00edn\u00e1lnak t\u00f6meges \u00e9s OEM megrendel\u00e9sek eset\u00e9n.<br \/>\n<\/p><br \/>\n<br \/>\n<p><b>5.Can alum\u00ednium v\u00e1laszfal profilok testre szabhat\u00f3?<\/b><\/p>\n<p>Az alum\u00edniumgy\u00e1rt\u00f3k term\u00e9szetesen egyedi extrud\u00e1l\u00e1si szolg\u00e1ltat\u00e1sokat ny\u00fajtanak, bele\u00e9rtve az egyedi projektk\u00f6vetelm\u00e9nyekhez igazod\u00f3 alak-, kivitel- \u00e9s m\u00e9retv\u00e1laszt\u00e9kot.<br \/>\n<\/p><br \/>\n<br \/>\n<p><b>6.T\u00e1mogatj\u00e1k az alum\u00ednium csapok a gyors telep\u00edt\u00e9st?<\/b><\/p>\n<p>Igen, k\u00f6nny\u0171 s\u00falyuk \u00e9s egys\u00e9ges m\u00e9reteik miatt az alum\u00edniumcsapokat k\u00f6nny\u0171 a helysz\u00ednen v\u00e1gni, igaz\u00edtani \u00e9s \u00f6sszeszerelni.<br \/>\n<\/p><br \/>\n<br \/>\n<p><b>7.Alkalmasak-e az alum\u00ednium v\u00e1laszfalprofilok nagy forgalm\u00fa helyis\u00e9gekbe?<\/b><\/p>\n<p>Igen, tart\u00f3ss\u00e1guk \u00e9s korr\u00f3zi\u00f3\u00e1ll\u00f3s\u00e1guk miatt ide\u00e1lisak irod\u00e1k, kiskereskedelmi \u00fczletek \u00e9s nyilv\u00e1nos bels\u0151 terek sz\u00e1m\u00e1ra, amelyek hossz\u00fa \u00e9lettartam\u00fa falrendszereket ig\u00e9nyelnek.<br \/>\n<\/p><br \/><\/p>","protected":false},"featured_media":7828,"template":"","categories":[67],"class_list":["post-7829","product","type-product","status-publish","has-post-thumbnail","hentry","category-architectural-aluminium-profile"],"meta_box":{"hilight_text_group":{"product_hilight_text":"<li>High-strength aluminum profiles engineered for partition wall applications<\/li>\r\r\n<li>Lightweight material reduces construction load and simplifies installation<\/li>\r\r\n<li>Corrosion-resistant surface ensures long-term indoor performance<\/li>\r\r\n<li>Consistent profile dimensions ensure easy assembly and alignment<\/li>\r\r\n<li>Cost-effective pricing from direct aluminum manufacturer<\/li>\r\r\n<li>Custom sizes and finishes available for commercial and office interiors<\/li>","product_chanpin_blog":"<ul>\r\r\n<li><a href=\"https:\/\/sinoextrud.com\/t-slot-v-slot-differences\/\" target=\"_blank\">t slot vs v slot<\/a><\/li>\r\r\n<li><a href=\"https:\/\/sinoextrud.com\/what-is-4040-aluminium-extrud\/\" target=\"_blank\">4040 aluminium extrusion<\/a><\/li>\r\r\n<li><a href=\"https:\/\/sinoextrud.com\/what-is-4040-aluminium-extrud\/\" target=\"_blank\">aluminum extrusions for industrial racks<\/a><\/li>\r\r\n<li><a href=\"https:\/\/sinoextrud.com\/powder-coating-aluminium-process\/\" target=\"_blank\">powder coating aluminium<\/a><\/li>\r\r\n<li><a href=\"https:\/\/sinoextrud.com\/what-is-an-aluminium-strip-ceiling\/\" target=\"_blank\">aluminium strip ceiling<\/a><\/li>\r\r\n<li><a href=\"https:\/\/sinoextrud.com\/what-is-a-heat-sink\/\" target=\"_blank\">what is a heat sink<\/a><\/li>\r\r\n<\/ul>","product_chanpin_chanpin":"<li><a href=\"https:\/\/sinoextrud.com\/product\/double-angle-aluminum-extrusion\/\" target=\"_blank\">Double Angle Aluminum Extrusion<\/a><\/li>\r\n<li><a href=\"https:\/\/sinoextrud.com\/product\/sructrual-aluminum-extrusion-profiles-ceiling-drop-ceiling\/\" target=\"_blank\">Sructrual Aluminum Extrusion Profiles Ceiling Drop Ceiling<\/a><\/li>\r\n<li><a href=\"https:\/\/sinoextrud.com\/product\/l-shaped-aluminium-profile\/\" target=\"_blank\">L Shaped Aluminium Profile<\/a><\/li>\r\n<li><a href=\"https:\/\/sinoextrud.com\/product\/80-x-80-aluminum-extrusion\/\" target=\"_blank\">80 X 80 Aluminum Extrusion<\/a><\/li>\r\n<li><a href=\"https:\/\/sinoextrud.com\/product\/aluminum-profile-price-of-aluminium-partition-wall-studs-aluminum-manufacturer\/\" target=\"_blank\">aluminum profile price of aluminium partition wall studs aluminum manufacturer<\/a><\/li>\r\n<li><a href=\"https:\/\/sinoextrud.com\/product\/extrusions-aluminum-structural-framing-kitchen-cabinet-doors-oem-anodized-champagne-selling-in-pakistan\/\" target=\"_blank\">extrusions aluminum structural framing kitchen cabinet doors OEM Anodized champagne selling in pakistan<\/a><\/li>\r\n<li><a href=\"https:\/\/sinoextrud.com\/product\/aluminum-door-jamb-extrusion\/\" target=\"_blank\">Aluminum Door Jamb Extrusion<\/a><\/li>\r\n<li><a href=\"https:\/\/sinoextrud.com\/product\/sandblasted-aluminum-finish-profile\/\" target=\"_blank\">Sandblasted Aluminum Finish Profile<\/a><\/li>\r\n<li><a href=\"https:\/\/sinoextrud.com\/product\/aluminum-handrail-systems\/\" target=\"_blank\">Aluminum Handrail Systems<\/a><\/li>\r\n<li><a href=\"https:\/\/sinoextrud.com\/product\/aluminium-extrusion-hinge\/\" target=\"_blank\">Aluminium Extrusion Hinge<\/a><\/li>\r\n<li><a href=\"https:\/\/sinoextrud.com\/product\/aluminum-wood-grain-handrail\/\" target=\"_blank\">Aluminum Wood Grain Handrail<\/a><\/li>"},"feature_list":[]},"_links":{"self":[{"href":"https:\/\/sinoextrud.com\/hu\/wp-json\/wp\/v2\/product\/7829","targetHints":{"allow":["GET"]}}],"collection":[{"href":"https:\/\/sinoextrud.com\/hu\/wp-json\/wp\/v2\/product"}],"about":[{"href":"https:\/\/sinoextrud.com\/hu\/wp-json\/wp\/v2\/types\/product"}],"wp:featuredmedia":[{"embeddable":true,"href":"https:\/\/sinoextrud.com\/hu\/wp-json\/wp\/v2\/media\/7828"}],"wp:attachment":[{"href":"https:\/\/sinoextrud.com\/hu\/wp-json\/wp\/v2\/media?parent=7829"}],"wp:term":[{"taxonomy":"category","embeddable":true,"href":"https:\/\/sinoextrud.com\/hu\/wp-json\/wp\/v2\/categories?post=7829"}],"curies":[{"name":"wp","href":"https:\/\/api.w.org\/{rel}","templated":true}]}}