{"id":7798,"date":"2025-06-10T07:49:34","date_gmt":"2025-06-10T07:49:34","guid":{"rendered":"https:\/\/sinoextrud.com\/product\/sructrual-aluminum-extrusion-profiles-ceiling-drop-ceiling\/"},"modified":"2025-06-24T06:13:43","modified_gmt":"2025-06-24T06:13:43","slug":"sructrual-aluminium-extrudalt-profilok-mennyezet-almennyezet","status":"publish","type":"product","link":"https:\/\/sinoextrud.com\/hu\/product\/sructrual-aluminum-extrusion-profiles-ceiling-drop-ceiling\/","title":{"rendered":"Sructrual alum\u00ednium extrud\u00e1lt profilok mennyezet csepp mennyezet"},"content":{"rendered":"<h2>Term\u00e9kek r\u00e9szletei<\/h2>\n<table class=\"custom-table\">\n<tbody>\n<tr>\n<td> Term\u00e9k neve<\/td>\n<td> Sructrual alum\u00ednium extrud\u00e1lt profilok mennyezet csepp mennyezet<\/td>\n<\/tr>\n<tr>\n<td> Anyag \u00f6tv\u00f6zet<\/td>\n<td> 6063-T5, 6061-T6, 6005, 6005A, 6463-T5, 6082, stb.<\/td>\n<\/tr>\n<tr>\n<td> M\u00e9ret<\/td>\n<td> 1-9m, vagy testreszab\u00e1s<\/td>\n<\/tr>\n<tr>\n<td> Fel\u00fcleti kezel\u00e9s<\/td>\n<td> Porsz\u00f3r\u00e1s, vagy testreszab\u00e1s<\/td>\n<\/tr>\n<tr>\n<td> Sz\u00ednes<\/td>\n<td> feh\u00e9r, vagy testreszab\u00e1s<\/td>\n<\/tr>\n<tr>\n<td> Alkalmaz\u00e1s<\/td>\n<td> Szerkezeti mennyezet, \u00e1lmennyezet, alum\u00ednium profil, dekor\u00e1ci\u00f3s alum\u00ednium profil,<\/td>\n<\/tr>\n<tr>\n<td> M\u00e1rka<\/td>\n<td> Sinoextrud \/ Sinoextrud \/ Sinoextrud Aluminium<\/td>\n<\/tr>\n<tr>\n<td> \u00dczleti st\u00edlus<\/td>\n<td> Gy\u00e1rt\u00f3, kereskedelem<\/td>\n<\/tr>\n<tr>\n<td> Eredet<\/td>\n<td> Foshan, K\u00edna<\/td>\n<\/tr>\n<\/tbody>\n<\/table>\n<h2>Gy\u00e1rt\u00f3 b\u00e1zisunk<\/h2>\n<h3>Gy\u00e1ri panor\u00e1ma<\/h3>\n<p><img decoding=\"async\" src=\"\/wp-content\/uploads\/factory-01.webp\"\/><\/p>\n<h3>Alum\u00ednium r\u00fadgy\u00e1rt\u00f3 m\u0171hely<\/h3>\n<p><img decoding=\"async\" src=\"\/wp-content\/uploads\/factory-02.webp\"\/><\/p>\n<p><img decoding=\"async\" src=\"\/wp-content\/uploads\/factory-03.webp\"\/><\/p>\n<h3>Pen\u00e9sz rakt\u00e1r<\/h3>\n<p><img decoding=\"async\" src=\"\/wp-content\/uploads\/factory-04.webp\"\/><\/p>\n<h3>43 alum\u00ednium extrud\u00e1l\u00f3 vonal (500-5500 tonna)<\/h3>\n<p><img decoding=\"async\" src=\"\/wp-content\/uploads\/factory-05.webp\"\/><\/p>\n<p><img decoding=\"async\" src=\"\/wp-content\/uploads\/factory-06.webp\"\/><\/p>\n<p><img decoding=\"async\" src=\"\/wp-content\/uploads\/factory-07.webp\"\/><\/p>\n<h3>Porfest\u0151 m\u0171hely<\/h3>\n<p><img decoding=\"async\" src=\"\/wp-content\/uploads\/factory-09.webp\"\/><\/p>\n<h3>Anodiz\u00e1l\u00f3 m\u0171hely<\/h3>\n<p><img decoding=\"async\" src=\"\/wp-content\/uploads\/factory-10.webp\"\/><\/p>\n<h3>M\u00e9ly feldolgoz\u00e1si m\u0171hely<\/h3>\n<p><img decoding=\"async\" src=\"\/wp-content\/uploads\/factory-11.webp\"\/><\/p>\n<h3>CNC prec\u00edzi\u00f3s megmunk\u00e1l\u00f3 m\u0171hely<\/h3>\n<p><img decoding=\"async\" src=\"\/wp-content\/uploads\/factory-11.5.webp\"\/><\/p>\n<h3>K\u00e9szterm\u00e9k \u00e9s export rakt\u00e1r<\/h3>\n<p><img decoding=\"async\" src=\"\/wp-content\/uploads\/factory-12.webp\"\/><\/p>\n<p><img decoding=\"async\" src=\"\/wp-content\/uploads\/factory-13.webp\"\/><\/p>\n<p><img decoding=\"async\" src=\"\/wp-content\/uploads\/factory-14.webp\"\/><\/p>\n<h2>GYIK<\/h2>\n<p><p><b>1.Mi a szerkezeti alum\u00ednium extrud\u00e1lt profilok a csepp mennyezetekhez? <\/b><\/p>\n<p> Ezek k\u00f6nny\u0171, tart\u00f3s alum\u00edniumkeretek, amelyeket \u00fagy terveztek, hogy t\u00e1mogass\u00e1k \u00e9s alak\u00edts\u00e1k az \u00e1lmennyezeti vagy \u00e1lmennyezeti rendszereket kereskedelmi \u00e9s lak\u00f3\u00e9p\u00fcletekben.<br \/>\n<\/p><br \/>\n<br \/>\n<p><b>2.Mi\u00e9rt haszn\u00e1ljon alum\u00ednium extrud\u00e1lt profilokat az \u00e1lmennyezetekhez? <\/b><\/p>\n<p> Az alum\u00ednium extrud\u00e1lt profilok kiv\u00e1l\u00f3 szil\u00e1rds\u00e1g\/t\u00f6meg ar\u00e1nyt, korr\u00f3zi\u00f3\u00e1ll\u00f3s\u00e1got \u00e9s tervez\u00e9si rugalmass\u00e1got k\u00edn\u00e1lnak, \u00edgy ide\u00e1lisak a modern mennyezeti rendszerekhez.<br \/>\n<\/p><br \/>\n<br \/>\n<p><b>3.Haszn\u00e1lhat\u00f3k-e ezek a profilok p\u00e1r\u00e1s k\u00f6rnyezetben? <\/b><\/p>\n<p> Igen, a korr\u00f3zi\u00f3\u00e1ll\u00f3 alum\u00edniumfel\u00fclet j\u00f3l haszn\u00e1lhat\u00f3 p\u00e1r\u00e1s vagy magas nedvess\u00e9gtartalm\u00fa helyis\u00e9gekben, p\u00e9ld\u00e1ul f\u00fcrd\u0151szob\u00e1kban \u00e9s konyh\u00e1kban.<br \/>\n<\/p><br \/>\n<br \/>\n<p><b>4.A profilok kompatibilisek a szabv\u00e1nyos mennyezeti lapokkal? <\/b><\/p>\n<p> Term\u00e9szetesen a szerkezeti alum\u00edniumprofilok testre szabhat\u00f3k, hogy illeszkedjenek a legt\u00f6bb ipari szabv\u00e1nyos mennyezeti csempe m\u00e9ret\u00e9hez \u00e9s rendszer\u00e9hez.<br \/>\n<\/p><br \/>\n<br \/>\n<p><b>5.A telep\u00edt\u00e9si folyamat egyszer\u0171? <\/b><\/p>\n<p> Igen, a modul\u00e1ris \u00e9s pontosan v\u00e1gott alum\u00edniumprofilok lehet\u0151v\u00e9 teszik a gyors \u00e9s egyszer\u0171 telep\u00edt\u00e9st minim\u00e1lis szersz\u00e1mmal.<br \/>\n<\/p><br \/>\n<br \/>\n<p><b>6.Integr\u00e1lhat\u00f3k-e a vil\u00e1g\u00edt\u00e1si \u00e9s szell\u0151ztet\u0151rendszerek? <\/b><\/p>\n<p> Igen, ezeket a profilokat \u00fagy tervezt\u00e9k, hogy t\u00e1mogass\u00e1k a vil\u00e1g\u00edt\u00f3testekkel, HVAC-elemekkel \u00e9s akusztikai lapokkal val\u00f3 integr\u00e1ci\u00f3t.<br \/>\n<\/p><br \/>\n<br \/>\n<p><b>7.Milyen fel\u00fcletkezel\u00e9s \u00e1ll rendelkez\u00e9sre? <\/b><\/p>\n<p> A lehet\u0151s\u00e9gek k\u00f6z\u00f6tt szerepel az elox\u00e1l\u00e1s, a porfest\u00e9s \u00e9s az ecsetel\u00e9s, amelyek fokozz\u00e1k a korr\u00f3zi\u00f3\u00e1ll\u00f3s\u00e1got \u00e9s illeszkednek a k\u00fcl\u00f6nb\u00f6z\u0151 bels\u0151\u00e9p\u00edt\u00e9szeti kialak\u00edt\u00e1sokhoz.<br \/>\n<\/p><br \/>\n<br \/>\n<p><b>8.T\u00e1mogatj\u00e1k ezek a profilok a nagy mennyezeti feszt\u00e1vokat? <\/b><\/p>\n<p> Igen, a szerkezeti szil\u00e1rds\u00e1guk lehet\u0151v\u00e9 teszi a biztons\u00e1gos telep\u00edt\u00e9st hosszabb feszt\u00e1vokon kereszt\u00fcl, megereszked\u00e9s vagy torzul\u00e1s n\u00e9lk\u00fcl.<br \/>\n<\/p><br \/><\/p>","protected":false},"featured_media":7797,"template":"","categories":[67],"class_list":["post-7798","product","type-product","status-publish","has-post-thumbnail","hentry","category-architectural-aluminium-profile"],"meta_box":{"hilight_text_group":{"product_hilight_text":"<li>Lightweight structural aluminum reduces ceiling load without compromising strength.<\/li>\r\r\n<li>Corrosion-resistant surface ideal for commercial and humid environments.<\/li>\r\r\n<li>Customizable extrusion profiles to fit diverse drop ceiling systems.<\/li>\r\r\n<li>Easy installation with precise dimensions and modular design.<\/li>\r\r\n<li>Provides a clean, modern finish for architectural and interior designs.<\/li>\r\r\n<li>Supports integration with lighting, HVAC, and acoustic panels.<\/li>","product_chanpin_blog":"<ul>\r\r\n<li><a href=\"https:\/\/sinoextrud.com\/t-slot-v-slot-differences\/\" target=\"_blank\">t slot vs v slot<\/a><\/li>\r\r\n<li><a href=\"https:\/\/sinoextrud.com\/what-is-4040-aluminium-extrud\/\" target=\"_blank\">4040 aluminium extrusion<\/a><\/li>\r\r\n<li><a href=\"https:\/\/sinoextrud.com\/what-is-4040-aluminium-extrud\/\" target=\"_blank\">aluminum extrusions for industrial racks<\/a><\/li>\r\r\n<li><a href=\"https:\/\/sinoextrud.com\/powder-coating-aluminium-process\/\" target=\"_blank\">powder coating aluminium<\/a><\/li>\r\r\n<li><a href=\"https:\/\/sinoextrud.com\/what-is-an-aluminium-strip-ceiling\/\" target=\"_blank\">aluminium strip ceiling<\/a><\/li>\r\r\n<li><a href=\"https:\/\/sinoextrud.com\/what-is-a-heat-sink\/\" target=\"_blank\">what is a heat sink<\/a><\/li>\r\r\n<\/ul>","product_chanpin_chanpin":"<li><a href=\"https:\/\/sinoextrud.com\/product\/extruded-aluminium-electronics-enclosures\/\" target=\"_blank\">Extruded aluminium electronics enclosures<\/a><\/li>\r\n<li><a href=\"https:\/\/sinoextrud.com\/product\/aluminum-curtain-wall-powder-coating-properties-prices-competitive-extrusion-uses-in-construction\/\" target=\"_blank\">aluminum curtain wall Powder Coating properties prices competitive Extrusion uses in construction<\/a><\/li>\r\n<li><a href=\"https:\/\/sinoextrud.com\/product\/large-custom-aluminum-extrusions\/\" target=\"_blank\">Large Custom Aluminum Extrusions<\/a><\/li>\r\n<li><a href=\"https:\/\/sinoextrud.com\/product\/double-angle-aluminum-extrusion\/\" target=\"_blank\">Double Angle Aluminum Extrusion<\/a><\/li>\r\n<li><a href=\"https:\/\/sinoextrud.com\/product\/sructrual-aluminum-extrusion-profiles-ceiling-drop-ceiling\/\" target=\"_blank\">Sructrual Aluminum Extrusion Profiles Ceiling Drop Ceiling<\/a><\/li>\r\n<li><a href=\"https:\/\/sinoextrud.com\/product\/l-shaped-aluminium-profile\/\" target=\"_blank\">L Shaped Aluminium Profile<\/a><\/li>\r\n<li><a href=\"https:\/\/sinoextrud.com\/product\/80-x-80-aluminum-extrusion\/\" target=\"_blank\">80 X 80 Aluminum Extrusion<\/a><\/li>\r\n<li><a href=\"https:\/\/sinoextrud.com\/product\/aluminum-profile-price-of-aluminium-partition-wall-studs-aluminum-manufacturer\/\" target=\"_blank\">aluminum profile price of aluminium partition wall studs aluminum manufacturer<\/a><\/li>\r\n<li><a href=\"https:\/\/sinoextrud.com\/product\/extrusions-aluminum-structural-framing-kitchen-cabinet-doors-oem-anodized-champagne-selling-in-pakistan\/\" target=\"_blank\">extrusions aluminum structural framing kitchen cabinet doors OEM Anodized champagne selling in pakistan<\/a><\/li>\r\n<li><a href=\"https:\/\/sinoextrud.com\/product\/anodized-aluminium-industrial-profile-aluminum-extrusion-2\/\" target=\"_blank\">Anodized Aluminium Industrial Profile  Aluminum Extrusion<\/a><\/li>\r\n<li><a href=\"https:\/\/sinoextrud.com\/product\/aluminum-tube-suppliers\/\" target=\"_blank\">Aluminum Tube Suppliers<\/a><\/li>"},"feature_list":[]},"_links":{"self":[{"href":"https:\/\/sinoextrud.com\/hu\/wp-json\/wp\/v2\/product\/7798","targetHints":{"allow":["GET"]}}],"collection":[{"href":"https:\/\/sinoextrud.com\/hu\/wp-json\/wp\/v2\/product"}],"about":[{"href":"https:\/\/sinoextrud.com\/hu\/wp-json\/wp\/v2\/types\/product"}],"wp:featuredmedia":[{"embeddable":true,"href":"https:\/\/sinoextrud.com\/hu\/wp-json\/wp\/v2\/media\/7797"}],"wp:attachment":[{"href":"https:\/\/sinoextrud.com\/hu\/wp-json\/wp\/v2\/media?parent=7798"}],"wp:term":[{"taxonomy":"category","embeddable":true,"href":"https:\/\/sinoextrud.com\/hu\/wp-json\/wp\/v2\/categories?post=7798"}],"curies":[{"name":"wp","href":"https:\/\/api.w.org\/{rel}","templated":true}]}}