{"id":7796,"date":"2025-06-10T07:48:15","date_gmt":"2025-06-10T07:48:15","guid":{"rendered":"https:\/\/sinoextrud.com\/product\/double-angle-aluminum-extrusion\/"},"modified":"2025-06-24T06:13:42","modified_gmt":"2025-06-24T06:13:42","slug":"kettos-szogu-aluminium-extrudalas-2","status":"publish","type":"product","link":"https:\/\/sinoextrud.com\/hu\/product\/double-angle-aluminum-extrusion\/","title":{"rendered":"Dupla sz\u00f6g\u0171 alum\u00ednium extrud\u00e1l\u00e1s"},"content":{"rendered":"<h2>Term\u00e9kek r\u00e9szletei<\/h2>\n<table class=\"custom-table\">\n<tr>\n<td class=\"label\">N\u00e9v<\/td>\n<td>Dupla sz\u00f6g\u0171 alum\u00ednium extrud\u00e1l\u00e1s<\/td>\n<\/tr>\n<tr>\n<td class=\"label\">M\u00e1rka<\/td>\n<td>Sinoextrud\/Sinoextrud<\/td>\n<\/tr>\n<tr>\n<td class=\"label\">Kateg\u00f3ria<\/td>\n<td>Alum\u00ednium extrud\u00e1l\u00e1s<\/td>\n<\/tr>\n<tr>\n<td class=\"label\">Anyag<\/td>\n<td>A 6061\/6063 sz\u00e9les k\u00f6rben haszn\u00e1latos. 6463, 6005, 6082 is rendelkez\u00e9sre \u00e1ll.<\/td>\n<\/tr>\n<tr>\n<td class=\"label\">Temper<\/td>\n<td>T5-T8<\/td>\n<\/tr>\n<tr>\n<td class=\"label\">Hossz\u00fas\u00e1g<\/td>\n<td>1-9m \/ testreszab\u00e1s \/ hossz alkalmas a 20GP \u00e9s 40GP sz\u00e1m\u00e1ra.<\/td>\n<\/tr>\n<tr>\n<td class=\"label\">M\u00e9ret (mm)<\/td>\n<td>K\u00fcl\u00f6nb\u00f6z\u0151 m\u00e9ret \u00e1ll rendelkez\u00e9sre, \u00fcgyf\u00e9l rajz \u00e1ll rendelkez\u00e9sre<\/td>\n<\/tr>\n<tr>\n<td class=\"label\">Shape<\/td>\n<td>Rajz szerint<\/td>\n<\/tr>\n<tr>\n<td class=\"label\">Fel\u00fcletkezel\u00e9s<\/td>\n<td>Er\u0151bevonat; Malom k\u00e9sz, elox\u00e1lt, homokf\u00fav\u00e1s, elektrofor\u00e9zis is rendelkez\u00e9sre \u00e1ll.<\/td>\n<\/tr>\n<tr>\n<td class=\"label\">Sz\u00ednes<\/td>\n<td>A sz\u00edneket az \u00fcgyfelek mint\u00e1i alapj\u00e1n testreszabhatjuk<\/td>\n<\/tr>\n<tr>\n<td class=\"label\">Garancia<\/td>\n<td>1. ISO9001-2008\/ISO 9001:2008<br \/>\n2. GB\/T24001-2004\/ISO 14001:2004\/ GB\/T28001-2001<br \/>\n3. GMC \/ TUV \/ SGS<\/td>\n<\/tr>\n<tr>\n<td class=\"label\">Standard<\/td>\n<td>K\u00f6zepes \u00e9s magas min\u0151s\u00e9g<\/td>\n<\/tr>\n<tr>\n<td class=\"label\">MOQ<\/td>\n<td>200KGS minden egyes t\u00e9telre<\/td>\n<\/tr>\n<tr>\n<td class=\"label\">A  c\u00edmr\u0151l<\/td>\n<td>Guangdong, K\u00edna<\/td>\n<\/tr>\n<tr>\n<td class=\"label\">Alkalmaz\u00e1s<\/td>\n<td>Ipar, \u00e9p\u00edt\u0151ipar, dekor\u00e1ci\u00f3<\/td>\n<\/tr>\n<\/table>\n<h2>Gy\u00e1rt\u00f3 b\u00e1zisunk<\/h2>\n<h3>Gy\u00e1ri panor\u00e1ma<\/h3>\n<p><img decoding=\"async\" src=\"\/wp-content\/uploads\/factory-01.webp\"\/><\/p>\n<h3>Alum\u00ednium r\u00fadgy\u00e1rt\u00f3 m\u0171hely<\/h3>\n<p><img decoding=\"async\" src=\"\/wp-content\/uploads\/factory-02.webp\"\/><\/p>\n<p><img decoding=\"async\" src=\"\/wp-content\/uploads\/factory-03.webp\"\/><\/p>\n<h3>Pen\u00e9sz rakt\u00e1r<\/h3>\n<p><img decoding=\"async\" src=\"\/wp-content\/uploads\/factory-04.webp\"\/><\/p>\n<h3>43 alum\u00ednium extrud\u00e1l\u00f3 vonal (500-5500 tonna)<\/h3>\n<p><img decoding=\"async\" src=\"\/wp-content\/uploads\/factory-05.webp\"\/><\/p>\n<p><img decoding=\"async\" src=\"\/wp-content\/uploads\/factory-06.webp\"\/><\/p>\n<p><img decoding=\"async\" src=\"\/wp-content\/uploads\/factory-07.webp\"\/><\/p>\n<h3>Porfest\u0151 m\u0171hely<\/h3>\n<p><img decoding=\"async\" src=\"\/wp-content\/uploads\/factory-09.webp\"\/><\/p>\n<h3>Anodiz\u00e1l\u00f3 m\u0171hely<\/h3>\n<p><img decoding=\"async\" src=\"\/wp-content\/uploads\/factory-10.webp\"\/><\/p>\n<h3>M\u00e9ly feldolgoz\u00e1si m\u0171hely<\/h3>\n<p><img decoding=\"async\" src=\"\/wp-content\/uploads\/factory-11.webp\"\/><\/p>\n<h3>CNC prec\u00edzi\u00f3s megmunk\u00e1l\u00f3 m\u0171hely<\/h3>\n<p><img decoding=\"async\" src=\"\/wp-content\/uploads\/factory-11.5.webp\"\/><\/p>\n<h3>K\u00e9szterm\u00e9k \u00e9s export rakt\u00e1r<\/h3>\n<p><img decoding=\"async\" src=\"\/wp-content\/uploads\/factory-12.webp\"\/><\/p>\n<p><img decoding=\"async\" src=\"\/wp-content\/uploads\/factory-13.webp\"\/><\/p>\n<p><img decoding=\"async\" src=\"\/wp-content\/uploads\/factory-14.webp\"\/><\/p>\n<h2>GYIK<\/h2>\n<p><p><b>1.Mi a Double Angle alum\u00ednium extrud\u00e1l\u00e1s?<\/b><\/p>\n<p>A Double Angle alum\u00ednium extrud\u00e1l\u00e1s egy speci\u00e1lisan kialak\u00edtott alum\u00edniumprofil, amely k\u00e9t sz\u00f6gletes peremmel rendelkezik, \u00e9s amelyet fokozott szerkezeti al\u00e1t\u00e1maszt\u00e1sra terveztek keretez\u00e9si \u00e9s sarokalkalmaz\u00e1sokban.<br \/>\n<\/p><br \/>\n<br \/>\n<p><b>2.Mik az el\u0151nyei a kett\u0151s sz\u00f6g\u0171 alum\u00ednium extrud\u00e1l\u00e1snak?<\/b><\/p>\n<p>A kett\u0151s sz\u00f6g\u0171 kialak\u00edt\u00e1s kiv\u00e1l\u00f3 meger\u0151s\u00edt\u00e9st, k\u00f6nny\u0171 szerelhet\u0151s\u00e9get, korr\u00f3zi\u00f3\u00e1ll\u00f3s\u00e1got \u00e9s k\u00f6nny\u0171 kezelhet\u0151s\u00e9get biztos\u00edt.<br \/>\n<\/p><br \/>\n<br \/>\n<p><b>3.Hol haszn\u00e1lj\u00e1k \u00e1ltal\u00e1ban a Double Angle alum\u00ednium extrud\u00e1l\u00e1st?<\/b><\/p>\n<p>Modul\u00e1ris keretez\u00e9shez, \u00e9p\u00edt\u0151ipari tart\u00f3szerkezetekhez, b\u00fatorokhoz, burkolatokhoz \u00e9s ipari berendez\u00e9sekhez haszn\u00e1lj\u00e1k, amelyek er\u0151s sarokk\u00f6t\u00e9seket ig\u00e9nyelnek.<br \/>\n<\/p><br \/>\n<br \/>\n<p><b>4.Is kett\u0151s sz\u00f6g alum\u00ednium extrud\u00e1l\u00e1s korr\u00f3zi\u00f3\u00e1ll\u00f3?<\/b><\/p>\n<p>Igen, korr\u00f3zi\u00f3\u00e1ll\u00f3 alum\u00edniumb\u00f3l k\u00e9sz\u00fclt, \u00edgy belt\u00e9ri \u00e9s k\u00fclt\u00e9ri k\u00f6rnyezetben egyar\u00e1nt haszn\u00e1lhat\u00f3.<br \/>\n<\/p><br \/>\n<br \/>\n<p><b>5.Can kaphatok egy\u00e9ni m\u00e9retek vagy befejezi a Double Angle alum\u00ednium extrud\u00e1l\u00e1s?<\/b><\/p>\n<p>Igen, egyedi v\u00e1g\u00e1sokat, elox\u00e1lt vagy porsz\u00f3rt fel\u00fcleteket \u00e9s k\u00fcl\u00f6nb\u00f6z\u0151 vastags\u00e1gokat k\u00edn\u00e1lunk a projekt k\u00f6vetelm\u00e9nyeinek megfelel\u0151en.<br \/>\n<\/p><br \/>\n<br \/>\n<p><b>6.A kett\u0151s sz\u00f6g\u0171 alum\u00ednium extrud\u00e1l\u00e1s kompatibilis a szabv\u00e1nyos csatlakoz\u00f3kkal?<\/b><\/p>\n<p>Igen, j\u00f3l integr\u00e1lhat\u00f3 a legt\u00f6bb alum\u00edniumprofil-kieg\u00e9sz\u00edt\u0151vel, konzollal \u00e9s k\u00f6t\u0151elemmel az \u00e1ramvonalas \u00f6sszeszerel\u00e9s \u00e9rdek\u00e9ben.<br \/>\n<\/p><br \/>\n<br \/>\n<p><b>7.Does kett\u0151s sz\u00f6g\u0171 alum\u00ednium extrud\u00e1l\u00e1s jobb terhel\u00e9st biztos\u00edt?<\/b><\/p>\n<p>Igen, a dupla sz\u00f6g\u0171 kialak\u00edt\u00e1s n\u00f6veli a teherb\u00edr\u00e1st, k\u00fcl\u00f6n\u00f6sen a szerkezeti \u00e9s sarokmeger\u0151s\u00edt\u00e9sekn\u00e9l.<br \/>\n<\/p><br \/>\n<br \/>\n<p><b>8.Ez az extrud\u00e1l\u00e1s k\u00f6nnyen gy\u00e1rthat\u00f3 \u00e9s telep\u00edthet\u0151?<\/b><\/p>\n<p>Abszol\u00fat, k\u00f6nny\u0171 kialak\u00edt\u00e1sa \u00e9s egys\u00e9ges m\u00e9retei miatt egyszer\u0171 a v\u00e1g\u00e1s, f\u00far\u00e1s \u00e9s \u00f6sszeszerel\u00e9s.<br \/>\n<\/p><br \/><\/p>","protected":false},"featured_media":7795,"template":"","categories":[67],"class_list":["post-7796","product","type-product","status-publish","has-post-thumbnail","hentry","category-architectural-aluminium-profile"],"meta_box":{"hilight_text_group":{"product_hilight_text":"<li>Unique double-angle design offers enhanced structural reinforcement<\/li>\r\r\n<li>Made from lightweight, high-strength aluminum for easy handling<\/li>\r\r\n<li>Corrosion-resistant surface suitable for indoor and outdoor use<\/li>\r\r\n<li>Ideal for corner connections and complex framing applications<\/li>\r\r\n<li>Custom lengths, cuts, and finishes available for specific project needs<\/li>\r\r\n<li>Compatible with standard aluminum extrusion systems and connectors<\/li>\r\r\n<li>Precision-extruded for consistent dimensions and stability<\/li>","product_chanpin_blog":"<ul>\r\r\n<li><a href=\"https:\/\/sinoextrud.com\/t-slot-v-slot-differences\/\" target=\"_blank\">t slot vs v slot<\/a><\/li>\r\r\n<li><a href=\"https:\/\/sinoextrud.com\/what-is-4040-aluminium-extrud\/\" target=\"_blank\">4040 aluminium extrusion<\/a><\/li>\r\r\n<li><a href=\"https:\/\/sinoextrud.com\/what-is-4040-aluminium-extrud\/\" target=\"_blank\">aluminum extrusions for industrial racks<\/a><\/li>\r\r\n<li><a href=\"https:\/\/sinoextrud.com\/powder-coating-aluminium-process\/\" target=\"_blank\">powder coating aluminium<\/a><\/li>\r\r\n<li><a href=\"https:\/\/sinoextrud.com\/what-is-an-aluminium-strip-ceiling\/\" target=\"_blank\">aluminium strip ceiling<\/a><\/li>\r\r\n<li><a href=\"https:\/\/sinoextrud.com\/what-is-a-heat-sink\/\" target=\"_blank\">what is a heat sink<\/a><\/li>\r\r\n<\/ul>","product_chanpin_chanpin":"<li><a href=\"https:\/\/sinoextrud.com\/product\/aluminium-extrusion-profile\/\" target=\"_blank\">Aluminium Extrusion Profile<\/a><\/li>\r\n<li><a href=\"https:\/\/sinoextrud.com\/product\/extruded-aluminium-electronics-enclosures\/\" target=\"_blank\">Extruded aluminium electronics enclosures<\/a><\/li>\r\n<li><a href=\"https:\/\/sinoextrud.com\/product\/aluminum-curtain-wall-powder-coating-properties-prices-competitive-extrusion-uses-in-construction\/\" target=\"_blank\">aluminum curtain wall Powder Coating properties prices competitive Extrusion uses in construction<\/a><\/li>\r\n<li><a href=\"https:\/\/sinoextrud.com\/product\/large-custom-aluminum-extrusions\/\" target=\"_blank\">Large Custom Aluminum Extrusions<\/a><\/li>\r\n<li><a href=\"https:\/\/sinoextrud.com\/product\/double-angle-aluminum-extrusion\/\" target=\"_blank\">Double Angle Aluminum Extrusion<\/a><\/li>\r\n<li><a href=\"https:\/\/sinoextrud.com\/product\/sructrual-aluminum-extrusion-profiles-ceiling-drop-ceiling\/\" target=\"_blank\">Sructrual Aluminum Extrusion Profiles Ceiling Drop Ceiling<\/a><\/li>\r\n<li><a href=\"https:\/\/sinoextrud.com\/product\/l-shaped-aluminium-profile\/\" target=\"_blank\">L Shaped Aluminium Profile<\/a><\/li>\r\n<li><a href=\"https:\/\/sinoextrud.com\/product\/80-x-80-aluminum-extrusion\/\" target=\"_blank\">80 X 80 Aluminum Extrusion<\/a><\/li>\r\n<li><a href=\"https:\/\/sinoextrud.com\/product\/aluminum-profile-price-of-aluminium-partition-wall-studs-aluminum-manufacturer\/\" target=\"_blank\">aluminum profile price of aluminium partition wall studs aluminum manufacturer<\/a><\/li>\r\n<li><a href=\"https:\/\/sinoextrud.com\/product\/anodise-aluminum-curtain-wall-profile-with-custom-shape-alloy-6063\/\" target=\"_blank\">Anodise Aluminum Curtain Wall Profile With Custom Shape Alloy 6063<\/a><\/li>\r\n<li><a href=\"https:\/\/sinoextrud.com\/product\/aluminium-frame-extrusion-profile-picture-frame-profile-for-interior-decoration\/\" target=\"_blank\">Aluminium Frame Extrusion Profile Picture Frame Profile For Interior Decoration<\/a><\/li>"},"feature_list":[]},"_links":{"self":[{"href":"https:\/\/sinoextrud.com\/hu\/wp-json\/wp\/v2\/product\/7796","targetHints":{"allow":["GET"]}}],"collection":[{"href":"https:\/\/sinoextrud.com\/hu\/wp-json\/wp\/v2\/product"}],"about":[{"href":"https:\/\/sinoextrud.com\/hu\/wp-json\/wp\/v2\/types\/product"}],"wp:featuredmedia":[{"embeddable":true,"href":"https:\/\/sinoextrud.com\/hu\/wp-json\/wp\/v2\/media\/7795"}],"wp:attachment":[{"href":"https:\/\/sinoextrud.com\/hu\/wp-json\/wp\/v2\/media?parent=7796"}],"wp:term":[{"taxonomy":"category","embeddable":true,"href":"https:\/\/sinoextrud.com\/hu\/wp-json\/wp\/v2\/categories?post=7796"}],"curies":[{"name":"wp","href":"https:\/\/api.w.org\/{rel}","templated":true}]}}