{"id":7781,"date":"2025-06-10T07:17:40","date_gmt":"2025-06-10T07:17:40","guid":{"rendered":"https:\/\/sinoextrud.com\/product\/anodizing-aluminium-alloy-wire-slot\/"},"modified":"2025-06-24T06:13:40","modified_gmt":"2025-06-24T06:13:40","slug":"eloxalo-aluminium-otvozetbol-keszult-huzal-res","status":"publish","type":"product","link":"https:\/\/sinoextrud.com\/hu\/product\/anodizing-aluminium-alloy-wire-slot\/","title":{"rendered":"Elox\u00e1l\u00e1s alum\u00ednium \u00f6tv\u00f6zetb\u0151l k\u00e9sz\u00fclt huzal Slot"},"content":{"rendered":"<h2>Term\u00e9kek r\u00e9szletei<\/h2>\n<table class=\"custom-table\">\n<tr>\n<td class=\"label\">T\u00e9tel<\/td>\n<td>Elox\u00e1l\u00e1s alum\u00ednium \u00f6tv\u00f6zetb\u0151l k\u00e9sz\u00fclt huzal Slot<\/td>\n<\/tr>\n<tr>\n<td class=\"label\">Anyag<\/td>\n<td>6000 sorozat, 6063<\/td>\n<\/tr>\n<tr>\n<td class=\"label\">Temper<\/td>\n<td>T4, T5, T6<\/td>\n<\/tr>\n<tr>\n<td class=\"label\">Sz\u00e1rmaz\u00e1si hely:<\/td>\n<td>Foshan, Guangdong<\/td>\n<\/tr>\n<tr>\n<td class=\"label\">Shape<\/td>\n<td>30*20 vagy testreszabott<\/td>\n<\/tr>\n<tr>\n<td class=\"label\">Alkalmaz\u00e1s<\/td>\n<td>K\u00f3rh\u00e1zak, gy\u00e1rak, iskol\u00e1k, irod\u00e1k, alulj\u00e1r\u00f3k, alagutak, alagutak, kommunik\u00e1ci\u00f3, villamosenergia-ell\u00e1t\u00e1s stb. k\u00e1belez\u00e9se.<\/td>\n<\/tr>\n<tr>\n<td class=\"label\">Fel\u00fcletkezel\u00e9s<\/td>\n<td>elox\u00e1ltelektrofor\u00e9zis\uff0cfaszemcs\u00e9k\uff0cf\u00e9nyez\u00e9s\uff0c csiszol\u00e1s\uff0c porsz\u00f3rtan\uff0c porsz\u00f3rt bevonat\uff0c<\/td>\n<\/tr>\n<tr>\n<td class=\"label\">Sz\u00ednek<\/td>\n<td>Elox\u00e1lt ez\u00fcst, elox\u00e1lt fekete, elox\u00e1lt sz\u00fcrke vagy testreszabott<\/td>\n<\/tr>\n<tr>\n<td class=\"label\">M\u00e9ly folyamat<\/td>\n<td>F\u0171r\u00e9szel\u00e9sF\u00far\u00e1sF\u00far\u00e1sFarag\u00e1sV\u00e1g\u00e1sHegeszt\u00e9sHajl\u00edt\u00e1s \u00d6sszeszerel\u00e9s<\/td>\n<\/tr>\n<tr>\n<td class=\"label\">Tan\u00fas\u00edtv\u00e1ny<\/td>\n<td>CQM, SGS, CE, BV, SONCAP \/ GB, ISO, JIS, AS, NZS, QUALICOAT, QUOLANOD<\/td>\n<\/tr>\n<\/table>\n<h2>Gy\u00e1rt\u00f3 b\u00e1zisunk<\/h2>\n<h3>Gy\u00e1ri panor\u00e1ma<\/h3>\n<p><img decoding=\"async\" src=\"\/wp-content\/uploads\/factory-01.webp\"\/><\/p>\n<h3>Alum\u00ednium r\u00fadgy\u00e1rt\u00f3 m\u0171hely<\/h3>\n<p><img decoding=\"async\" src=\"\/wp-content\/uploads\/factory-02.webp\"\/><\/p>\n<p><img decoding=\"async\" src=\"\/wp-content\/uploads\/factory-03.webp\"\/><\/p>\n<h3>Pen\u00e9sz rakt\u00e1r<\/h3>\n<p><img decoding=\"async\" src=\"\/wp-content\/uploads\/factory-04.webp\"\/><\/p>\n<h3>43 alum\u00ednium extrud\u00e1l\u00f3 vonal (500-5500 tonna)<\/h3>\n<p><img decoding=\"async\" src=\"\/wp-content\/uploads\/factory-05.webp\"\/><\/p>\n<p><img decoding=\"async\" src=\"\/wp-content\/uploads\/factory-06.webp\"\/><\/p>\n<p><img decoding=\"async\" src=\"\/wp-content\/uploads\/factory-07.webp\"\/><\/p>\n<h3>Porfest\u0151 m\u0171hely<\/h3>\n<p><img decoding=\"async\" src=\"\/wp-content\/uploads\/factory-09.webp\"\/><\/p>\n<h3>Anodiz\u00e1l\u00f3 m\u0171hely<\/h3>\n<p><img decoding=\"async\" src=\"\/wp-content\/uploads\/factory-10.webp\"\/><\/p>\n<h3>M\u00e9ly feldolgoz\u00e1si m\u0171hely<\/h3>\n<p><img decoding=\"async\" src=\"\/wp-content\/uploads\/factory-11.webp\"\/><\/p>\n<h3>CNC prec\u00edzi\u00f3s megmunk\u00e1l\u00f3 m\u0171hely<\/h3>\n<p><img decoding=\"async\" src=\"\/wp-content\/uploads\/factory-11.5.webp\"\/><\/p>\n<h3>K\u00e9szterm\u00e9k \u00e9s export rakt\u00e1r<\/h3>\n<p><img decoding=\"async\" src=\"\/wp-content\/uploads\/factory-12.webp\"\/><\/p>\n<p><img decoding=\"async\" src=\"\/wp-content\/uploads\/factory-13.webp\"\/><\/p>\n<p><img decoding=\"async\" src=\"\/wp-content\/uploads\/factory-14.webp\"\/><\/p>\n<h2>GYIK<\/h2>\n<p><p><b>1.Mi az elox\u00e1l\u00f3 alum\u00ednium \u00f6tv\u00f6zetb\u0151l k\u00e9sz\u00fclt huzalbet\u00e9t? <\/b><\/p>\n<p> Az elox\u00e1lt alum\u00ednium\u00f6tv\u00f6zetb\u0151l k\u00e9sz\u00fclt k\u00e1belny\u00edl\u00e1s egy elox\u00e1lt alum\u00ednium\u00f6tv\u00f6zetb\u0151l k\u00e9sz\u00fclt k\u00e1belkezel\u0151 csatorna, amelyet a vezet\u00e9kek hat\u00e9kony v\u00e9delm\u00e9re \u00e9s szervez\u00e9s\u00e9re terveztek.<br \/>\n<\/p><br \/>\n<br \/>\n<p><b>2.Mi\u00e9rt fontos az elox\u00e1l\u00e1s az alum\u00ednium huzalr\u00e9sekn\u00e9l? <\/b><\/p>\n<p> Az elox\u00e1l\u00e1s n\u00f6veli a korr\u00f3zi\u00f3\u00e1ll\u00f3s\u00e1got, az elektromos szigetel\u00e9st \u00e9s a fel\u00fclet tart\u00f3ss\u00e1g\u00e1t, \u00edgy a vezet\u00e9kny\u00edl\u00e1s alkalmas az ig\u00e9nyes k\u00f6rnyezetekben val\u00f3 haszn\u00e1latra.<br \/>\n<\/p><br \/>\n<br \/>\n<p><b>3.Mik az el\u0151nyei az alum\u00ednium\u00f6tv\u00f6zet haszn\u00e1lat\u00e1nak a huzalr\u00e9sekhez? <\/b><\/p>\n<p> Az alum\u00ednium\u00f6tv\u00f6zet k\u00f6nny\u0171 szil\u00e1rds\u00e1got, korr\u00f3zi\u00f3\u00e1ll\u00f3s\u00e1got \u00e9s kiv\u00e1l\u00f3 h\u0151teljes\u00edtm\u00e9nyt biztos\u00edt, ide\u00e1lis az ipari vezet\u00e9krendszerekhez.<br \/>\n<\/p><br \/>\n<br \/>\n<p><b>4.Lehet-e testre szabni a vezet\u00e9kny\u00edl\u00e1st? <\/b><\/p>\n<p> Igen, az elox\u00e1lt alum\u00ednium\u00f6tv\u00f6zetb\u0151l k\u00e9sz\u00fclt huzalny\u00edl\u00e1s m\u00e9ret\u00e9t, a ny\u00edl\u00e1sk\u00f6z\u00f6ket \u00e9s a kivitelez\u00e9st a konkr\u00e9t telep\u00edt\u00e9si ig\u00e9nyeknek megfelel\u0151en lehet testre szabni.<br \/>\n<\/p><br \/>\n<br \/>\n<p><b>5.Alkalmas ez a term\u00e9k elektromos vez\u00e9rl\u0151panelekhez? <\/b><\/p>\n<p> Abszol\u00fat nem vezet\u0151 elox\u00e1lt bevonata \u00e9s prec\u00edzi\u00f3s horonykialak\u00edt\u00e1sa t\u00f6k\u00e9letess\u00e9 teszi a vez\u00e9rl\u0151szekr\u00e9nyekhez \u00e9s automatiz\u00e1l\u00e1si rendszerekhez.<br \/>\n<\/p><br \/>\n<br \/>\n<p><b>6.Hogyan jav\u00edtja az elox\u00e1lt vezet\u00e9kny\u00edl\u00e1s a k\u00e1bel biztons\u00e1g\u00e1t? <\/b><\/p>\n<p> Az elox\u00e1lt fel\u00fclet cs\u00f6kkenti az \u00e9les \u00e9leket \u00e9s szigetel\u00e9st ad, seg\u00edt megel\u0151zni a vezet\u00e9k s\u00e9r\u00fcl\u00e9s\u00e9t \u00e9s a r\u00f6vidz\u00e1rlatokat.<br \/>\n<\/p><br \/>\n<br \/>\n<p><b>7.Is k\u00f6nnyen telep\u00edthet\u0151 \u00e9s karbantarthat\u00f3? <\/b><\/p>\n<p> Igen, az alum\u00ednium dr\u00f3tny\u00edl\u00e1s k\u00f6nny\u0171 szerkezete \u00e9s modul\u00e1ris fel\u00e9p\u00edt\u00e9se gyors telep\u00edt\u00e9st \u00e9s minim\u00e1lis karbantart\u00e1st tesz lehet\u0151v\u00e9.<br \/>\n<\/p><br \/>\n<br \/>\n<p><b>8.Milyen ipar\u00e1gak haszn\u00e1lj\u00e1k az elox\u00e1lt alum\u00ednium huzalr\u00e9seket? <\/b><\/p>\n<p> A leggyakoribb ipar\u00e1gak k\u00f6z\u00e9 tartozik az elektrotechnika, az automatiz\u00e1l\u00e1s, a t\u00e1vk\u00f6zl\u00e9s \u00e9s az ipari g\u00e9pgy\u00e1rt\u00e1s.<br \/>\n<\/p><br \/><\/p>","protected":false},"featured_media":7780,"template":"","categories":[67],"class_list":["post-7781","product","type-product","status-publish","has-post-thumbnail","hentry","category-architectural-aluminium-profile"],"meta_box":{"hilight_text_group":{"product_hilight_text":"<li>High-strength aluminum alloy ensures long-lasting structural integrity.<\/li>\r\r\n<li>Anodized surface enhances corrosion resistance and electrical insulation.<\/li>\r\r\n<li>Precision slots designed for efficient cable organization and protection.<\/li>\r\r\n<li>Lightweight yet rigid material simplifies installation and handling.<\/li>\r\r\n<li>Customizable dimensions and slot configurations for diverse applications.<\/li>\r\r\n<li>Ideal for industrial automation, control panels, and cable routing systems.<\/li>","product_chanpin_blog":"<ul>\r\r\n<li><a href=\"https:\/\/sinoextrud.com\/t-slot-v-slot-differences\/\" target=\"_blank\">t slot vs v slot<\/a><\/li>\r\r\n<li><a href=\"https:\/\/sinoextrud.com\/what-is-4040-aluminium-extrud\/\" target=\"_blank\">4040 aluminium extrusion<\/a><\/li>\r\r\n<li><a href=\"https:\/\/sinoextrud.com\/what-is-4040-aluminium-extrud\/\" target=\"_blank\">aluminum extrusions for industrial racks<\/a><\/li>\r\r\n<li><a href=\"https:\/\/sinoextrud.com\/powder-coating-aluminium-process\/\" target=\"_blank\">powder coating aluminium<\/a><\/li>\r\r\n<li><a href=\"https:\/\/sinoextrud.com\/what-is-an-aluminium-strip-ceiling\/\" target=\"_blank\">aluminium strip ceiling<\/a><\/li>\r\r\n<li><a href=\"https:\/\/sinoextrud.com\/what-is-a-heat-sink\/\" target=\"_blank\">what is a heat sink<\/a><\/li>\r\r\n<\/ul>","product_chanpin_chanpin":"<li><a href=\"https:\/\/sinoextrud.com\/product\/aluminum-profile-for-advertising-photo-frame\/\" target=\"_blank\">Aluminum Profile For Advertising Photo Frame<\/a><\/li>\r\n<li><a href=\"https:\/\/sinoextrud.com\/product\/aluminum-profile-for-curtain\/\" target=\"_blank\">Aluminum Profile for Curtain<\/a><\/li>\r\n<li><a href=\"https:\/\/sinoextrud.com\/product\/aluminum-profile-slider-for-window-curtain\/\" target=\"_blank\">Aluminum Profile Slider For Window Curtain<\/a><\/li>\r\n<li><a href=\"https:\/\/sinoextrud.com\/product\/aluminum-profile-wardrobe-hanging-rail\/\" target=\"_blank\">Aluminum Profile Wardrobe Hanging Rail<\/a><\/li>\r\n<li><a href=\"https:\/\/sinoextrud.com\/product\/anodizing-aluminium-alloy-wire-slot\/\" target=\"_blank\">Anodizing Aluminium Alloy Wire Slot<\/a><\/li>\r\n<li><a href=\"https:\/\/sinoextrud.com\/product\/window-extrusion-profiles\/\" target=\"_blank\">Window Extrusion Profiles<\/a><\/li>\r\n<li><a href=\"https:\/\/sinoextrud.com\/product\/aluminum-outdoor-louver\/\" target=\"_blank\">Aluminum Outdoor Louver<\/a><\/li>\r\n<li><a href=\"https:\/\/sinoextrud.com\/product\/aluminium-extrusion-profile\/\" target=\"_blank\">Aluminium Extrusion Profile<\/a><\/li>\r\n<li><a href=\"https:\/\/sinoextrud.com\/product\/extruded-aluminium-electronics-enclosures\/\" target=\"_blank\">Extruded aluminium electronics enclosures<\/a><\/li>\r\n<li><a href=\"https:\/\/sinoextrud.com\/product\/aluminum-profile-windows-extrusion-companies-in-china\/\" target=\"_blank\">aluminum profile windows extrusion companies in china<\/a><\/li>\r\n<li><a href=\"https:\/\/sinoextrud.com\/product\/custom-industrial-extruded-aluminum-alloy\/\" target=\"_blank\">Custom Industrial Extruded Aluminum Alloy<\/a><\/li>"},"feature_list":[]},"_links":{"self":[{"href":"https:\/\/sinoextrud.com\/hu\/wp-json\/wp\/v2\/product\/7781","targetHints":{"allow":["GET"]}}],"collection":[{"href":"https:\/\/sinoextrud.com\/hu\/wp-json\/wp\/v2\/product"}],"about":[{"href":"https:\/\/sinoextrud.com\/hu\/wp-json\/wp\/v2\/types\/product"}],"wp:featuredmedia":[{"embeddable":true,"href":"https:\/\/sinoextrud.com\/hu\/wp-json\/wp\/v2\/media\/7780"}],"wp:attachment":[{"href":"https:\/\/sinoextrud.com\/hu\/wp-json\/wp\/v2\/media?parent=7781"}],"wp:term":[{"taxonomy":"category","embeddable":true,"href":"https:\/\/sinoextrud.com\/hu\/wp-json\/wp\/v2\/categories?post=7781"}],"curies":[{"name":"wp","href":"https:\/\/api.w.org\/{rel}","templated":true}]}}