{"id":7773,"date":"2025-06-10T07:07:54","date_gmt":"2025-06-10T07:07:54","guid":{"rendered":"https:\/\/sinoextrud.com\/product\/aluminum-profile-for-advertising-photo-frame\/"},"modified":"2025-06-24T06:13:39","modified_gmt":"2025-06-24T06:13:39","slug":"aluminium-profil-reklam-fotokerethez","status":"publish","type":"product","link":"https:\/\/sinoextrud.com\/hu\/product\/aluminum-profile-for-advertising-photo-frame\/","title":{"rendered":"Alum\u00ednium profil rekl\u00e1m fot\u00f3kerethez"},"content":{"rendered":"<h2>Term\u00e9kek r\u00e9szletei<\/h2>\n<table class=\"custom-table\">\n<tr>\n<td class=\"label\">M\u00e1rkan\u00e9v<\/td>\n<td>K\u00edna Sinoextrud<\/td>\n<\/tr>\n<tr>\n<td class=\"label\">Term\u00e9k t\u00edpusa<\/td>\n<td>alum\u00ednium profil rekl\u00e1mfot\u00f3kerethez \u00e9s k\u00e9pkerethez<\/td>\n<\/tr>\n<tr>\n<td class=\"label\">Anyag<\/td>\n<td>100% alum\u00ednium\u00f6tv\u00f6zet<br \/>\nF\u0151 anyag: 6061,6463<br \/>\nEgy\u00e9b lehet\u0151s\u00e9gek: AA6082,6005,2024,2014,7075 etc.<\/td>\n<\/tr>\n<tr>\n<td class=\"label\">Temper<\/td>\n<td>T4,T5,T6<\/td>\n<\/tr>\n<tr>\n<td class=\"label\">Vastags\u00e1g<\/td>\n<td>\u00c1ltal\u00e1nos vastags\u00e1g: 0,8 - 5,0 mm<br \/>\nElox\u00e1lt v\u00e9delem Vastags\u00e1g: 8 - 25 um<br \/>\nPorbevonat vastags\u00e1ga:40 - 120 um<\/td>\n<\/tr>\n<tr>\n<td class=\"label\">Hossz\u00fas\u00e1g<\/td>\n<td>\u00c1ltal\u00e1nos rakod\u00e1si hossz: 3m\/6m.<br \/>\nEgyedi speci\u00e1lis hossz\u00fas\u00e1g\u00fa is lehet.<\/td>\n<\/tr>\n<tr>\n<td class=\"label\">Shape<\/td>\n<td>Egyedi k\u00e9sz\u00edt\u00e9s\u0171<\/td>\n<\/tr>\n<tr>\n<td class=\"label\">Tolerancia<\/td>\n<td>\u00b11%<\/td>\n<\/tr>\n<tr>\n<td class=\"label\">Fel\u00fcletkezel\u00e9s<\/td>\n<td>malom, elox\u00e1lt, porfestett, elektrofor\u00e9zis, faanyag, fa, PVDF fest\u00e9k, pol\u00edroz\u00e1s, csiszolt, stb.<\/td>\n<\/tr>\n<tr>\n<td class=\"label\">Sz\u00ednes<\/td>\n<td>f\u00e9m ez\u00fcst, pezsg\u0151, fekete, feh\u00e9r, t\u00fck\u00f6r, stb. (Egyedi megrendel\u00e9sek elfogad\u00e1sa)<\/td>\n<\/tr>\n<tr>\n<td class=\"label\">Megmunk\u00e1l\u00e1s<\/td>\n<td>CNC, f\u00far\u00e1s, mar\u00e1s, v\u00e1g\u00e1s, hegeszt\u00e9s, hajl\u00edt\u00e1s, \u00f6sszeszerel\u00e9s<\/td>\n<\/tr>\n<tr>\n<td class=\"label\">Termel\u00e9si kapacit\u00e1s<\/td>\n<td>5000 tonna havonta, 60000 tonna \u00e9vente.<\/td>\n<\/tr>\n<tr>\n<td class=\"label\">Tan\u00fas\u00edtv\u00e1ny \u00e9s szabv\u00e1ny<\/td>\n<td>(1) ISO9001-2008\/ISO 9001:2008;<br \/>\n(2) CQM tan\u00fas\u00edt\u00e1s;<br \/>\n(3) SGS, CE, BV, JIS, AS, NZS, QUALICOAT, QUOLANOD rendelkez\u00e9sre \u00e1ll<\/td>\n<\/tr>\n<tr>\n<td class=\"label\">Garancia<\/td>\n<td>15 \u00e9v a belt\u00e9ri fel\u00fcletkezel\u00e9sre<\/td>\n<\/tr>\n<tr>\n<td class=\"label\">Ingyenes minta<\/td>\n<td>Kevesebb mint 10 cm-es minta ingyenesen \u00e1ll rendelkez\u00e9sre.<\/td>\n<\/tr>\n<\/table>\n<h2>Gy\u00e1rt\u00f3 b\u00e1zisunk<\/h2>\n<h3>Gy\u00e1ri panor\u00e1ma<\/h3>\n<p><img decoding=\"async\" src=\"\/wp-content\/uploads\/factory-01.webp\"\/><\/p>\n<h3>Alum\u00ednium r\u00fadgy\u00e1rt\u00f3 m\u0171hely<\/h3>\n<p><img decoding=\"async\" src=\"\/wp-content\/uploads\/factory-02.webp\"\/><\/p>\n<p><img decoding=\"async\" src=\"\/wp-content\/uploads\/factory-03.webp\"\/><\/p>\n<h3>Pen\u00e9sz rakt\u00e1r<\/h3>\n<p><img decoding=\"async\" src=\"\/wp-content\/uploads\/factory-04.webp\"\/><\/p>\n<h3>43 alum\u00ednium extrud\u00e1l\u00f3 vonal (500-5500 tonna)<\/h3>\n<p><img decoding=\"async\" src=\"\/wp-content\/uploads\/factory-05.webp\"\/><\/p>\n<p><img decoding=\"async\" src=\"\/wp-content\/uploads\/factory-06.webp\"\/><\/p>\n<p><img decoding=\"async\" src=\"\/wp-content\/uploads\/factory-07.webp\"\/><\/p>\n<h3>Porfest\u0151 m\u0171hely<\/h3>\n<p><img decoding=\"async\" src=\"\/wp-content\/uploads\/factory-09.webp\"\/><\/p>\n<h3>Anodiz\u00e1l\u00f3 m\u0171hely<\/h3>\n<p><img decoding=\"async\" src=\"\/wp-content\/uploads\/factory-10.webp\"\/><\/p>\n<h3>M\u00e9ly feldolgoz\u00e1si m\u0171hely<\/h3>\n<p><img decoding=\"async\" src=\"\/wp-content\/uploads\/factory-11.webp\"\/><\/p>\n<h3>CNC prec\u00edzi\u00f3s megmunk\u00e1l\u00f3 m\u0171hely<\/h3>\n<p><img decoding=\"async\" src=\"\/wp-content\/uploads\/factory-11.5.webp\"\/><\/p>\n<h3>K\u00e9szterm\u00e9k \u00e9s export rakt\u00e1r<\/h3>\n<p><img decoding=\"async\" src=\"\/wp-content\/uploads\/factory-12.webp\"\/><\/p>\n<p><img decoding=\"async\" src=\"\/wp-content\/uploads\/factory-13.webp\"\/><\/p>\n<p><img decoding=\"async\" src=\"\/wp-content\/uploads\/factory-14.webp\"\/><\/p>\n<h2>GYIK<\/h2>\n<p><p><b>1.What egy alum\u00ednium profil rekl\u00e1m fot\u00f3keret?<\/b><\/p>\n<p>Ez egy speci\u00e1lisan kialak\u00edtott alum\u00ednium extrud\u00e1l\u00e1s, amelyet a rekl\u00e1mplak\u00e1tok \u00e9s f\u00e9nyk\u00e9pek eleg\u00e1ns, tart\u00f3s kereteinek l\u00e9trehoz\u00e1s\u00e1ra haszn\u00e1lnak kereskedelmi c\u00e9l\u00fa kijelz\u0151kben.<br \/>\n<\/p><br \/>\n<br \/>\n<p><b>2.Milyen el\u0151ny\u00f6kkel j\u00e1r az alum\u00edniumprofilok haszn\u00e1lata a rekl\u00e1mkeretekben?<\/b><\/p>\n<p>K\u00f6nny\u0171ek, korr\u00f3zi\u00f3\u00e1ll\u00f3ak, vizu\u00e1lisan tetszet\u0151sek, \u00e9s k\u00f6nnyen gy\u00e1rthat\u00f3k k\u00fcl\u00f6nb\u00f6z\u0151 keretm\u00e9retekbe.<br \/>\n<\/p><br \/>\n<br \/>\n<p><b>3.Haszn\u00e1lhat\u00f3k-e ezek a profilok k\u00fclt\u00e9ren?<\/b><\/p>\n<p>Igen, id\u0151j\u00e1r\u00e1s\u00e1ll\u00f3 kivitelben, p\u00e9ld\u00e1ul elox\u00e1l\u00e1ssal vagy porsz\u00f3r\u00e1ssal kaphat\u00f3k, amelyek alkalmasak k\u00fclt\u00e9ri feliratokhoz.<br \/>\n<\/p><br \/>\n<br \/>\n<p><b>4.Vannak egyedi m\u00e9retek \u00e9s sz\u00ednek?<\/b><\/p>\n<p>Igen, teljesen testreszabhat\u00f3 profilokat k\u00edn\u00e1lunk, hogy pontosan megfeleljenek az \u00d6n keretm\u00e9reteinek, sz\u00edneinek \u00e9s m\u00e1rka\u00e9p\u00edt\u00e9si ig\u00e9nyeinek.<br \/>\n<\/p><br \/>\n<br \/>\n<p><b>5. k\u00edn\u00e1lnak-e pattinthat\u00f3 keret\u0171 alum\u00ednium profilokat?<\/b><\/p>\n<p>Igen, biztos\u00edtunk pattinthat\u00f3 profilokat, amelyek gyors \u00e9s egyszer\u0171 plak\u00e1tcser\u00e9t tesznek lehet\u0151v\u00e9, ide\u00e1lis a gyakran friss\u00edtett rekl\u00e1mtartalomhoz.<br \/>\n<\/p><br \/>\n<br \/>\n<p><b>6.Hol haszn\u00e1lj\u00e1k ezeket az alum\u00ednium profilokat?<\/b><\/p>\n<p>Ezeket kiskereskedelmi \u00fczletekben, bev\u00e1s\u00e1rl\u00f3k\u00f6zpontokban, \u00e9ttermekben, irod\u00e1kban, ki\u00e1ll\u00edt\u00e1si standokon \u00e9s k\u00f6zleked\u00e9si termin\u00e1lokon haszn\u00e1lj\u00e1k.<br \/>\n<\/p><br \/>\n<br \/>\n<p><b>7.Mennyire egyszer\u0171 az alum\u00ednium rekl\u00e1mkeretek felszerel\u00e9se?<\/b><\/p>\n<p>Nagyon egyszer\u0171 - gyors \u00f6sszeszerel\u00e9sre \u00e9s r\u00f6gz\u00edt\u00e9sre tervezt\u00e9k \u0151ket szabv\u00e1nyos hardverrel vagy ragaszt\u00f3val.<br \/>\n<\/p><br \/>\n<br \/>\n<p><b>8.Ezek a keretek \u00fajrafelhaszn\u00e1lhat\u00f3k k\u00fcl\u00f6nb\u00f6z\u0151 kamp\u00e1nyokhoz?<\/b><\/p>\n<p>Igen, a tart\u00f3s szerkezetnek \u00e9s a k\u00f6nnyen hozz\u00e1f\u00e9rhet\u0151 kialak\u00edt\u00e1snak k\u00f6sz\u00f6nhet\u0151en \u00fajrafelhaszn\u00e1lhat\u00f3ak \u00e9s ide\u00e1lisak a prom\u00f3ci\u00f3s anyagok forgat\u00e1s\u00e1hoz.<br \/>\n<\/p><br \/><\/p>","protected":false},"featured_media":7772,"template":"","categories":[67],"class_list":["post-7773","product","type-product","status-publish","has-post-thumbnail","hentry","category-architectural-aluminium-profile"],"meta_box":{"hilight_text_group":{"product_hilight_text":"<li>Lightweight aluminum construction ensures easy mounting and transport<\/li>\r\r\n<li>Durable and corrosion-resistant for long-term indoor or outdoor display<\/li>\r\r\n<li>Precision-extruded for clean edges and a sleek appearance<\/li>\r\r\n<li>Customizable profiles to fit various poster and photo sizes<\/li>\r\r\n<li>Quick-open snap frame design available for fast graphic changes<\/li>\r\r\n<li>Available in multiple finishes and anodized colors<\/li>\r\r\n<li>Ideal for retail signage, exhibitions, and commercial advertising<\/li>","product_chanpin_blog":"<ul>\r\r\n<li><a href=\"https:\/\/sinoextrud.com\/t-slot-v-slot-differences\/\" target=\"_blank\">t slot vs v slot<\/a><\/li>\r\r\n<li><a href=\"https:\/\/sinoextrud.com\/what-is-4040-aluminium-extrud\/\" target=\"_blank\">4040 aluminium extrusion<\/a><\/li>\r\r\n<li><a href=\"https:\/\/sinoextrud.com\/what-is-4040-aluminium-extrud\/\" target=\"_blank\">aluminum extrusions for industrial racks<\/a><\/li>\r\r\n<li><a href=\"https:\/\/sinoextrud.com\/powder-coating-aluminium-process\/\" target=\"_blank\">powder coating aluminium<\/a><\/li>\r\r\n<li><a href=\"https:\/\/sinoextrud.com\/what-is-an-aluminium-strip-ceiling\/\" target=\"_blank\">aluminium strip ceiling<\/a><\/li>\r\r\n<li><a href=\"https:\/\/sinoextrud.com\/what-is-a-heat-sink\/\" target=\"_blank\">what is a heat sink<\/a><\/li>\r\r\n<\/ul>","product_chanpin_chanpin":"<li><a href=\"https:\/\/sinoextrud.com\/product\/triangular-extruded-aluminum-tube\/\" target=\"_blank\">Triangular Extruded Aluminum Tube<\/a><\/li>\r\n<li><a href=\"https:\/\/sinoextrud.com\/product\/aluminum-picture-photo-artware-frame-mirror-polished-gold\/\" target=\"_blank\">Aluminum Picture Photo Artware Frame Mirror Polished Gold<\/a><\/li>\r\n<li><a href=\"https:\/\/sinoextrud.com\/product\/aluminum-profile-for-glass-railings\/\" target=\"_blank\">Aluminum Profile For Glass Railings<\/a><\/li>\r\n<li><a href=\"https:\/\/sinoextrud.com\/product\/extruded-aluminum-slide\/\" target=\"_blank\">Extruded Aluminum Slide<\/a><\/li>\r\n<li><a href=\"https:\/\/sinoextrud.com\/product\/aluminum-profile-for-advertising-photo-frame\/\" target=\"_blank\">Aluminum Profile For Advertising Photo Frame<\/a><\/li>\r\n<li><a href=\"https:\/\/sinoextrud.com\/product\/aluminum-profile-for-curtain\/\" target=\"_blank\">Aluminum Profile for Curtain<\/a><\/li>\r\n<li><a href=\"https:\/\/sinoextrud.com\/product\/aluminum-profile-slider-for-window-curtain\/\" target=\"_blank\">Aluminum Profile Slider For Window Curtain<\/a><\/li>\r\n<li><a href=\"https:\/\/sinoextrud.com\/product\/aluminum-profile-wardrobe-hanging-rail\/\" target=\"_blank\">Aluminum Profile Wardrobe Hanging Rail<\/a><\/li>\r\n<li><a href=\"https:\/\/sinoextrud.com\/product\/anodizing-aluminium-alloy-wire-slot\/\" target=\"_blank\">Anodizing Aluminium Alloy Wire Slot<\/a><\/li>\r\n<li><a href=\"https:\/\/sinoextrud.com\/product\/easy-assembly-bi-slotted-production-line-anodized-aluminium-t-slot-extrusion\/\" target=\"_blank\">Easy Assembly Bi-Slotted Production Line Anodized Aluminium T Slot Extrusion<\/a><\/li>\r\n<li><a href=\"https:\/\/sinoextrud.com\/product\/extruded-aluminum-trim-shapes\/\" target=\"_blank\">Extruded Aluminum Trim Shapes<\/a><\/li>"},"feature_list":[]},"_links":{"self":[{"href":"https:\/\/sinoextrud.com\/hu\/wp-json\/wp\/v2\/product\/7773","targetHints":{"allow":["GET"]}}],"collection":[{"href":"https:\/\/sinoextrud.com\/hu\/wp-json\/wp\/v2\/product"}],"about":[{"href":"https:\/\/sinoextrud.com\/hu\/wp-json\/wp\/v2\/types\/product"}],"wp:featuredmedia":[{"embeddable":true,"href":"https:\/\/sinoextrud.com\/hu\/wp-json\/wp\/v2\/media\/7772"}],"wp:attachment":[{"href":"https:\/\/sinoextrud.com\/hu\/wp-json\/wp\/v2\/media?parent=7773"}],"wp:term":[{"taxonomy":"category","embeddable":true,"href":"https:\/\/sinoextrud.com\/hu\/wp-json\/wp\/v2\/categories?post=7773"}],"curies":[{"name":"wp","href":"https:\/\/api.w.org\/{rel}","templated":true}]}}