{"id":7771,"date":"2025-06-10T07:06:10","date_gmt":"2025-06-10T07:06:10","guid":{"rendered":"https:\/\/sinoextrud.com\/product\/extruded-aluminum-slide\/"},"modified":"2025-06-24T06:13:39","modified_gmt":"2025-06-24T06:13:39","slug":"extrudalt-aluminium-csuszda","status":"publish","type":"product","link":"https:\/\/sinoextrud.com\/hu\/product\/extruded-aluminum-slide\/","title":{"rendered":"Extrud\u00e1lt alum\u00ednium cs\u00faszda"},"content":{"rendered":"<h2>Term\u00e9kek r\u00e9szletei<\/h2>\n<table class=\"custom-table\">\n<tbody>\n<tr>\n<td> N\u00e9v<\/td>\n<td> Extrud\u00e1lt alum\u00ednium cs\u00faszda<\/td>\n<\/tr>\n<tr>\n<td> M\u00e1rka<\/td>\n<td> Sinoextrud\/<\/td>\n<\/tr>\n<tr>\n<td> Kateg\u00f3ria<\/td>\n<td> Alum\u00ednium extrud\u00e1l\u00e1s<\/td>\n<\/tr>\n<tr>\n<td> Anyag<\/td>\n<td> Alum\u00ednium \u00f6tv\u00f6zet (6063, 6061,6463,6005,6082)<\/td>\n<\/tr>\n<tr>\n<td> Temper<\/td>\n<td> T5-T8<\/td>\n<\/tr>\n<tr>\n<td> Hossz\u00fas\u00e1g<\/td>\n<td> A rajz szerint<\/td>\n<\/tr>\n<tr>\n<td> M\u00e9ret (mm)<\/td>\n<td> Testreszabott<\/td>\n<\/tr>\n<tr>\n<td> Shape<\/td>\n<td> Az \u00d6n k\u00e9r\u00e9s\u00e9nek megfelel\u0151en<\/td>\n<\/tr>\n<tr>\n<td> Fel\u00fcletkezel\u00e9s<\/td>\n<td> Er\u0151bevonat; Malom k\u00e9sz, elox\u00e1lt, homokf\u00fav\u00e1s, elektrofor\u00e9zis is rendelkez\u00e9sre \u00e1ll.<\/td>\n<\/tr>\n<tr>\n<td> Sz\u00ednes<\/td>\n<td> Ez\u00fcst, fekete, arany, Champange, bronz, piros. k\u00e9k \u00e9s testre szabhatjuk a sz\u00edneket az \u00fcgyfelek mint\u00e1i alapj\u00e1n.<\/td>\n<\/tr>\n<tr>\n<td> Garancia<\/td>\n<td> BV , TUV ,ISO<\/td>\n<\/tr>\n<tr>\n<td> Standard<\/td>\n<td> K\u00f6zepes \u00e9s magas min\u0151s\u00e9g<\/td>\n<\/tr>\n<tr>\n<td> MOQ<\/td>\n<td> 200KGS minden egyes t\u00e9telre<\/td>\n<\/tr>\n<tr>\n<td> A  c\u00edmr\u0151l<\/td>\n<td> Guangdong, K\u00edna<\/td>\n<\/tr>\n<tr>\n<td> Alkalmaz\u00e1s<\/td>\n<td> Ipar, \u00e9p\u00edt\u0151ipar, dekor\u00e1ci\u00f3<\/td>\n<\/tr>\n<tr>\n<td> M\u00e9lyrehat\u00f3 feldolgoz\u00e1s<\/td>\n<td> V\u00e1g\u00e1s, f\u00far\u00e1s, megmunk\u00e1l\u00e1s, lyukaszt\u00e1s, hajl\u00edt\u00e1s, csapol\u00e1s stb.<\/td>\n<\/tr>\n<tr>\n<td> Csomag<\/td>\n<td> Bel\u00fcl v\u00e9d\u0151f\u00f3li\u00e1val, zsugorf\u00f3li\u00e1val vagy PE-habbal. K\u00edv\u00fcl doboz, karton vagy fakeret, vagy testreszab\u00e1s.<\/td>\n<\/tr>\n<tr>\n<td> Sz\u00e1ll\u00edt\u00e1si id\u0151<\/td>\n<td> A forma fejleszt\u00e9se \u00e9s a minta kialak\u00edt\u00e1sa 12-18 nap, majd a gy\u00e1rt\u00e1s id\u0151tartama 25-30 nap a vev\u0151 let\u00e9tbe helyez\u00e9se ut\u00e1n.<\/td>\n<\/tr>\n<tr>\n<td> Term\u00e9kkapacit\u00e1s<\/td>\n<td> 15,000+ tonna\/h\u00f3<\/td>\n<\/tr>\n<\/tbody>\n<\/table>\n<h2>Gy\u00e1rt\u00f3 b\u00e1zisunk<\/h2>\n<h3>Gy\u00e1ri panor\u00e1ma<\/h3>\n<p><img decoding=\"async\" src=\"\/wp-content\/uploads\/factory-01.webp\"\/><\/p>\n<h3>Alum\u00ednium r\u00fadgy\u00e1rt\u00f3 m\u0171hely<\/h3>\n<p><img decoding=\"async\" src=\"\/wp-content\/uploads\/factory-02.webp\"\/><\/p>\n<p><img decoding=\"async\" src=\"\/wp-content\/uploads\/factory-03.webp\"\/><\/p>\n<h3>Pen\u00e9sz rakt\u00e1r<\/h3>\n<p><img decoding=\"async\" src=\"\/wp-content\/uploads\/factory-04.webp\"\/><\/p>\n<h3>43 alum\u00ednium extrud\u00e1l\u00f3 vonal (500-5500 tonna)<\/h3>\n<p><img decoding=\"async\" src=\"\/wp-content\/uploads\/factory-05.webp\"\/><\/p>\n<p><img decoding=\"async\" src=\"\/wp-content\/uploads\/factory-06.webp\"\/><\/p>\n<p><img decoding=\"async\" src=\"\/wp-content\/uploads\/factory-07.webp\"\/><\/p>\n<h3>Porfest\u0151 m\u0171hely<\/h3>\n<p><img decoding=\"async\" src=\"\/wp-content\/uploads\/factory-09.webp\"\/><\/p>\n<h3>Anodiz\u00e1l\u00f3 m\u0171hely<\/h3>\n<p><img decoding=\"async\" src=\"\/wp-content\/uploads\/factory-10.webp\"\/><\/p>\n<h3>M\u00e9ly feldolgoz\u00e1si m\u0171hely<\/h3>\n<p><img decoding=\"async\" src=\"\/wp-content\/uploads\/factory-11.webp\"\/><\/p>\n<h3>CNC prec\u00edzi\u00f3s megmunk\u00e1l\u00f3 m\u0171hely<\/h3>\n<p><img decoding=\"async\" src=\"\/wp-content\/uploads\/factory-11.5.webp\"\/><\/p>\n<h3>K\u00e9szterm\u00e9k \u00e9s export rakt\u00e1r<\/h3>\n<p><img decoding=\"async\" src=\"\/wp-content\/uploads\/factory-12.webp\"\/><\/p>\n<p><img decoding=\"async\" src=\"\/wp-content\/uploads\/factory-13.webp\"\/><\/p>\n<p><img decoding=\"async\" src=\"\/wp-content\/uploads\/factory-14.webp\"\/><\/p>\n<h2>GYIK<\/h2>\n<p><p><b>1.Mi az extrud\u00e1lt alum\u00ednium cs\u00faszda?<\/b><\/p>\n<p>Az extrud\u00e1lt alum\u00ednium cs\u00faszka egy prec\u00edzi\u00f3s megmunk\u00e1l\u00e1s\u00fa alum\u00ednium alkatr\u00e9sz, amelyet \u00fagy terveztek, hogy sima cs\u00fasz\u00f3 mozg\u00e1st tegyen lehet\u0151v\u00e9 k\u00fcl\u00f6nb\u00f6z\u0151 mechanikai vagy szerkezeti rendszerekben.<br \/>\n<\/p><br \/>\n<br \/>\n<p><b>2.Mik az extrud\u00e1lt alum\u00ednium cs\u00faszd\u00e1k haszn\u00e1lat\u00e1nak el\u0151nyei?<\/b><\/p>\n<p>K\u00f6nny\u0171 szil\u00e1rds\u00e1got, sima m\u0171k\u00f6d\u00e9st \u00e9s korr\u00f3zi\u00f3\u00e1ll\u00f3s\u00e1got k\u00edn\u00e1lnak, \u00e9s alkalmasak nagy ig\u00e9nybev\u00e9tel\u0171 vagy gyakori haszn\u00e1latra.<br \/>\n<\/p><br \/>\n<br \/>\n<p><b>3.Hol haszn\u00e1lj\u00e1k \u00e1ltal\u00e1ban az extrud\u00e1lt alum\u00ednium cs\u00faszd\u00e1kat?<\/b><\/p>\n<p>Tol\u00f3fi\u00f3kokban, ajt\u00f3kban, g\u00e9ph\u00e1zakban, automatiz\u00e1l\u00e1si rendszerekben \u00e9s ipari berendez\u00e9sekben haszn\u00e1lj\u00e1k.<br \/>\n<\/p><br \/>\n<br \/>\n<p><b>4.Can extrud\u00e1lt alum\u00ednium cs\u00faszd\u00e1k testreszabhat\u00f3?<\/b><\/p>\n<p>Igen, egyedi profilokat, hosszokat, kiviteleket \u00e9s szerel\u00e9si konfigur\u00e1ci\u00f3kat k\u00edn\u00e1lunk az egyedi alkalmaz\u00e1si k\u00f6vetelm\u00e9nyek teljes\u00edt\u00e9se \u00e9rdek\u00e9ben.<br \/>\n<\/p><br \/>\n<br \/>\n<p><b>5.Alkalmasak-e ezek a cs\u00faszd\u00e1k k\u00fclt\u00e9ri k\u00f6rnyezetbe?<\/b><\/p>\n<p>Igen, a korr\u00f3zi\u00f3\u00e1ll\u00f3 alum\u00ednium lehet\u0151v\u00e9 teszi a megb\u00edzhat\u00f3 haszn\u00e1latot belt\u00e9ri \u00e9s k\u00fclt\u00e9ri k\u00f6r\u00fclm\u00e9nyek k\u00f6z\u00f6tt egyar\u00e1nt.<br \/>\n<\/p><br \/>\n<br \/>\n<p><b>6.Do Extrud\u00e1lt alum\u00ednium cs\u00faszd\u00e1k t\u00e1mogatj\u00e1k a nagy terhelhet\u0151s\u00e9get?<\/b><\/p>\n<p>Igen, \u00fagy tervezt\u00e9k \u0151ket, hogy jelent\u0151s s\u00falyt kezeljenek, mik\u00f6zben egyenletes cs\u00fasz\u00e1si teljes\u00edtm\u00e9nyt ny\u00fajtanak.<br \/>\n<\/p><br \/>\n<br \/>\n<p><b>7.Ezek a cs\u00faszk\u00e1k kompatibilisek a szabv\u00e1nyos hardverrel?<\/b><\/p>\n<p>Igen, \u00fagy tervezt\u00e9k \u0151ket, hogy k\u00f6nnyen felszerelhet\u0151ek legyenek a sz\u00e9les k\u00f6rben el\u00e9rhet\u0151 szerel\u00e9si tartoz\u00e9kokkal \u00e9s s\u00ednrendszerekkel.<br \/>\n<\/p><br \/>\n<br \/>\n<p><b>8.Milyen fel\u00fcletek \u00e1llnak rendelkez\u00e9sre az extrud\u00e1lt alum\u00ednium cs\u00faszd\u00e1khoz?<\/b><\/p>\n<p>Az elox\u00e1lt, porsz\u00f3rt \u00e9s csiszolt fel\u00fcletek gyakori kivitelek a fokozott tart\u00f3ss\u00e1g \u00e9s a vizu\u00e1lis vonzer\u0151 \u00e9rdek\u00e9ben.<br \/>\n<\/p><br \/><\/p>","protected":false},"featured_media":7770,"template":"","categories":[67],"class_list":["post-7771","product","type-product","status-publish","has-post-thumbnail","hentry","category-architectural-aluminium-profile"],"meta_box":{"hilight_text_group":{"product_hilight_text":"<li>Precision-extruded aluminum ensures smooth and reliable sliding motion<\/li>\r\r\n<li>Lightweight yet strong construction for long-lasting performance<\/li>\r\r\n<li>Corrosion-resistant surface suitable for indoor and outdoor applications<\/li>\r\r\n<li>Available in custom lengths, profiles, and finishes<\/li>\r\r\n<li>Ideal for drawers, sliding doors, machine components, and enclosures<\/li>\r\r\n<li>Supports high load capacity while maintaining low friction<\/li>\r\r\n<li>Easy integration with standard mounting hardware and tracks<\/li>","product_chanpin_blog":"<ul>\r\r\n<li><a href=\"https:\/\/sinoextrud.com\/t-slot-v-slot-differences\/\" target=\"_blank\">t slot vs v slot<\/a><\/li>\r\r\n<li><a href=\"https:\/\/sinoextrud.com\/what-is-4040-aluminium-extrud\/\" target=\"_blank\">4040 aluminium extrusion<\/a><\/li>\r\r\n<li><a href=\"https:\/\/sinoextrud.com\/what-is-4040-aluminium-extrud\/\" target=\"_blank\">aluminum extrusions for industrial racks<\/a><\/li>\r\r\n<li><a href=\"https:\/\/sinoextrud.com\/powder-coating-aluminium-process\/\" target=\"_blank\">powder coating aluminium<\/a><\/li>\r\r\n<li><a href=\"https:\/\/sinoextrud.com\/what-is-an-aluminium-strip-ceiling\/\" target=\"_blank\">aluminium strip ceiling<\/a><\/li>\r\r\n<li><a href=\"https:\/\/sinoextrud.com\/what-is-a-heat-sink\/\" target=\"_blank\">what is a heat sink<\/a><\/li>\r\r\n<\/ul>","product_chanpin_chanpin":"<li><a href=\"https:\/\/sinoextrud.com\/product\/aluminum-picture-frame-extrusions\/\" target=\"_blank\">Aluminum Picture Frame Extrusions<\/a><\/li>\r\n<li><a href=\"https:\/\/sinoextrud.com\/product\/triangular-extruded-aluminum-tube\/\" target=\"_blank\">Triangular Extruded Aluminum Tube<\/a><\/li>\r\n<li><a href=\"https:\/\/sinoextrud.com\/product\/aluminum-picture-photo-artware-frame-mirror-polished-gold\/\" target=\"_blank\">Aluminum Picture Photo Artware Frame Mirror Polished Gold<\/a><\/li>\r\n<li><a href=\"https:\/\/sinoextrud.com\/product\/aluminum-profile-for-glass-railings\/\" target=\"_blank\">Aluminum Profile For Glass Railings<\/a><\/li>\r\n<li><a href=\"https:\/\/sinoextrud.com\/product\/extruded-aluminum-slide\/\" target=\"_blank\">Extruded Aluminum Slide<\/a><\/li>\r\n<li><a href=\"https:\/\/sinoextrud.com\/product\/aluminum-profile-for-advertising-photo-frame\/\" target=\"_blank\">Aluminum Profile For Advertising Photo Frame<\/a><\/li>\r\n<li><a href=\"https:\/\/sinoextrud.com\/product\/aluminum-profile-for-curtain\/\" target=\"_blank\">Aluminum Profile for Curtain<\/a><\/li>\r\n<li><a href=\"https:\/\/sinoextrud.com\/product\/aluminum-profile-slider-for-window-curtain\/\" target=\"_blank\">Aluminum Profile Slider For Window Curtain<\/a><\/li>\r\n<li><a href=\"https:\/\/sinoextrud.com\/product\/aluminum-profile-wardrobe-hanging-rail\/\" target=\"_blank\">Aluminum Profile Wardrobe Hanging Rail<\/a><\/li>\r\n<li><a href=\"https:\/\/sinoextrud.com\/product\/square-aluminum-extrusion\/\" target=\"_blank\">Square Aluminum Extrusion<\/a><\/li>\r\n<li><a href=\"https:\/\/sinoextrud.com\/product\/aluminum-corner-extrusion-profiles\/\" target=\"_blank\">Aluminum Corner Extrusion Profiles<\/a><\/li>"},"feature_list":[]},"_links":{"self":[{"href":"https:\/\/sinoextrud.com\/hu\/wp-json\/wp\/v2\/product\/7771","targetHints":{"allow":["GET"]}}],"collection":[{"href":"https:\/\/sinoextrud.com\/hu\/wp-json\/wp\/v2\/product"}],"about":[{"href":"https:\/\/sinoextrud.com\/hu\/wp-json\/wp\/v2\/types\/product"}],"wp:featuredmedia":[{"embeddable":true,"href":"https:\/\/sinoextrud.com\/hu\/wp-json\/wp\/v2\/media\/7770"}],"wp:attachment":[{"href":"https:\/\/sinoextrud.com\/hu\/wp-json\/wp\/v2\/media?parent=7771"}],"wp:term":[{"taxonomy":"category","embeddable":true,"href":"https:\/\/sinoextrud.com\/hu\/wp-json\/wp\/v2\/categories?post=7771"}],"curies":[{"name":"wp","href":"https:\/\/api.w.org\/{rel}","templated":true}]}}