{"id":7763,"date":"2025-06-10T06:58:08","date_gmt":"2025-06-10T06:58:08","guid":{"rendered":"https:\/\/sinoextrud.com\/product\/aluminum-picture-frame-extrusions\/"},"modified":"2025-06-24T06:13:38","modified_gmt":"2025-06-24T06:13:38","slug":"aluminium-kepkeret-extrudalasok","status":"publish","type":"product","link":"https:\/\/sinoextrud.com\/hu\/product\/aluminum-picture-frame-extrusions\/","title":{"rendered":"Alum\u00ednium k\u00e9pkeret extrud\u00e1l\u00e1s"},"content":{"rendered":"<h2>Term\u00e9kek r\u00e9szletei<\/h2>\n<table class=\"custom-table\">\n<tbody>\n<tr>\n<td> Term\u00e9k neve<\/td>\n<td> Alum\u00ednium k\u00e9pkeret extrud\u00e1l\u00e1sok<\/td>\n<\/tr>\n<tr>\n<td> Alum\u00ednium \u00f6tv\u00f6zet<\/td>\n<td> 6063-T5, vagy testreszab\u00e1s<\/td>\n<\/tr>\n<tr>\n<td> Fel\u00fcleti kezel\u00e9s<\/td>\n<td> Elox\u00e1lt vagy testreszab\u00e1s<\/td>\n<\/tr>\n<tr>\n<td> Sz\u00ednes<\/td>\n<td> Ez\u00fcst, feh\u00e9r, fekete, arany, sz\u00fcrke, pezsg\u0151, vagy testreszab\u00e1s szerint<\/td>\n<\/tr>\n<tr>\n<td> M\u00e9ret<\/td>\n<td> Testreszab\u00e1s<\/td>\n<\/tr>\n<tr>\n<td> Alkalmaz\u00e1s<\/td>\n<td> Szerel\u00e9s absztrakt fest\u00e9szet, akvarell fest\u00e9szet, sok kiv\u00e1l\u00f3 min\u0151s\u00e9g\u0171 festm\u00e9ny m\u0171alkot\u00e1sok.<\/td>\n<\/tr>\n<tr>\n<td> M\u00e1rka<\/td>\n<td> Sinoextrud \/ Sinoextrud \/ Sinoextrud Aluminium<\/td>\n<\/tr>\n<tr>\n<td> Eredet<\/td>\n<td> Foshan, K\u00edna<\/td>\n<\/tr>\n<\/tbody>\n<\/table>\n<h2>Gy\u00e1rt\u00f3 b\u00e1zisunk<\/h2>\n<h3>Gy\u00e1ri panor\u00e1ma<\/h3>\n<p><img decoding=\"async\" src=\"\/wp-content\/uploads\/factory-01.webp\"\/><\/p>\n<h3>Alum\u00ednium r\u00fadgy\u00e1rt\u00f3 m\u0171hely<\/h3>\n<p><img decoding=\"async\" src=\"\/wp-content\/uploads\/factory-02.webp\"\/><\/p>\n<p><img decoding=\"async\" src=\"\/wp-content\/uploads\/factory-03.webp\"\/><\/p>\n<h3>Pen\u00e9sz rakt\u00e1r<\/h3>\n<p><img decoding=\"async\" src=\"\/wp-content\/uploads\/factory-04.webp\"\/><\/p>\n<h3>43 alum\u00ednium extrud\u00e1l\u00f3 vonal (500-5500 tonna)<\/h3>\n<p><img decoding=\"async\" src=\"\/wp-content\/uploads\/factory-05.webp\"\/><\/p>\n<p><img decoding=\"async\" src=\"\/wp-content\/uploads\/factory-06.webp\"\/><\/p>\n<p><img decoding=\"async\" src=\"\/wp-content\/uploads\/factory-07.webp\"\/><\/p>\n<h3>Porfest\u0151 m\u0171hely<\/h3>\n<p><img decoding=\"async\" src=\"\/wp-content\/uploads\/factory-09.webp\"\/><\/p>\n<h3>Anodiz\u00e1l\u00f3 m\u0171hely<\/h3>\n<p><img decoding=\"async\" src=\"\/wp-content\/uploads\/factory-10.webp\"\/><\/p>\n<h3>M\u00e9ly feldolgoz\u00e1si m\u0171hely<\/h3>\n<p><img decoding=\"async\" src=\"\/wp-content\/uploads\/factory-11.webp\"\/><\/p>\n<h3>CNC prec\u00edzi\u00f3s megmunk\u00e1l\u00f3 m\u0171hely<\/h3>\n<p><img decoding=\"async\" src=\"\/wp-content\/uploads\/factory-11.5.webp\"\/><\/p>\n<h3>K\u00e9szterm\u00e9k \u00e9s export rakt\u00e1r<\/h3>\n<p><img decoding=\"async\" src=\"\/wp-content\/uploads\/factory-12.webp\"\/><\/p>\n<p><img decoding=\"async\" src=\"\/wp-content\/uploads\/factory-13.webp\"\/><\/p>\n<p><img decoding=\"async\" src=\"\/wp-content\/uploads\/factory-14.webp\"\/><\/p>\n<h2>GYIK<\/h2>\n<p><p><b>1.Mi az alum\u00ednium k\u00e9pkeret extrud\u00e1l\u00e1s?<\/b><\/p>\n<p>Az alum\u00ednium k\u00e9pkeret-sodr\u00f3profilok kifejezetten tart\u00f3s, k\u00f6nny\u0171 \u00e9s st\u00edlusos k\u00e9pkeretek \u00e9p\u00edt\u00e9s\u00e9re tervezett alum\u00edniumprofilok.<br \/>\n<\/p><br \/>\n<br \/>\n<p><b>2.Mik az alum\u00ednium k\u00e9pkeret extrud\u00e1l\u00e1s el\u0151nyei?<\/b><\/p>\n<p>K\u00f6nny\u0171ek, korr\u00f3zi\u00f3\u00e1ll\u00f3ak \u00e9s eleg\u00e1ns megjelen\u00e9s\u0171ek, \u00edgy ide\u00e1lisak mind a professzion\u00e1lis, mind az otthoni m\u0171v\u00e9szeti keretez\u00e9shez.<br \/>\n<\/p><br \/>\n<br \/>\n<p><b>3.Are alum\u00ednium Picture Frame Extrusions testreszabhat\u00f3?<\/b><\/p>\n<p>Igen, egyedi m\u00e9reteket, kiviteleket \u00e9s sz\u00edneket k\u00edn\u00e1lunk, hogy megfeleljenek az \u00d6n egyedi keretez\u00e9si ig\u00e9nyeinek \u00e9s eszt\u00e9tikai preferenci\u00e1inak.<br \/>\n<\/p><br \/>\n<br \/>\n<p><b>4.Do alum\u00ednium k\u00e9pkeret extrud\u00e1l\u00e1s t\u00e1mogatja a nagym\u00e9ret\u0171 m\u0171alkot\u00e1sokat?<\/b><\/p>\n<p>Igen, az er\u0151s \u00e9s merev alum\u00edniumszerkezet kis \u00e9s nagym\u00e9ret\u0171 m\u0171t\u00e1rgyakat egyar\u00e1nt megt\u00e1maszt, an\u00e9lk\u00fcl, hogy megvetemedne.<br \/>\n<\/p><br \/>\n<br \/>\n<p><b>5.Alkalmasak-e ezek az extrud\u00e1l\u00e1sok gal\u00e9ri\u00e1s \u00e9s kereskedelmi felhaszn\u00e1l\u00e1sra?<\/b><\/p>\n<p>Tiszta megjelen\u00e9s\u00fck, tart\u00f3ss\u00e1guk \u00e9s k\u00f6vetkezetes kivitelez\u00e9s\u00fck miatt a gal\u00e9ri\u00e1k \u00e9s a kereskedelmi c\u00e9l\u00fa ki\u00e1ll\u00edt\u00e1sok n\u00e9pszer\u0171 v\u00e1laszt\u00e1sa.<br \/>\n<\/p><br \/>\n<br \/>\n<p><b>6.Can alum\u00ednium k\u00e9pkeret extrud\u00e1l\u00e1s lehet elox\u00e1lt vagy porsz\u00f3rt?<\/b><\/p>\n<p>Igen, elox\u00e1lt vagy porsz\u00f3rt fel\u00fcletkezel\u00e9ssel kaphat\u00f3k a jobb megjelen\u00e9s \u00e9s a fel\u00fcletv\u00e9delem \u00e9rdek\u00e9ben.<br \/>\n<\/p><br \/>\n<br \/>\n<p><b>7.Mennyire k\u00f6nny\u0171 \u00f6sszeszerelni egy keretet ezekb\u0151l a profilokb\u00f3l?<\/b><\/p>\n<p>Az \u00f6sszeszerel\u00e9s egyszer\u0171 a szabv\u00e1nyos sarokcsatlakoz\u00f3k \u00e9s az extrud\u00e1lt profillal kompatibilis al\u00e1t\u00e9trendszerek haszn\u00e1lat\u00e1val.<br \/>\n<\/p><br \/>\n<br \/>\n<p><b>8.Hol haszn\u00e1lj\u00e1k az alum\u00ednium k\u00e9pkeret extrud\u00e1l\u00e1sokat?<\/b><\/p>\n<p>K\u00f6nny\u0171 szil\u00e1rds\u00e1guk \u00e9s modern kialak\u00edt\u00e1suk miatt sz\u00e9les k\u00f6rben haszn\u00e1lj\u00e1k \u0151ket m\u0171v\u00e9szeti gal\u00e9ri\u00e1kban, m\u00fazeumokban, kiskereskedelmi kirakatokban \u00e9s lakberendez\u00e9si t\u00e1rgyakban.<br \/>\n<\/p><br \/><\/p>","protected":false},"featured_media":7762,"template":"","categories":[67],"class_list":["post-7763","product","type-product","status-publish","has-post-thumbnail","hentry","category-architectural-aluminium-profile"],"meta_box":{"hilight_text_group":{"product_hilight_text":"<li>Lightweight aluminum ensures easy handling and wall mounting<\/li>\r\r\n<li>Corrosion-resistant and durable for long-term use<\/li>\r\r\n<li>Sleek and modern design enhances visual appeal of framed art<\/li>\r\r\n<li>Available in multiple sizes, finishes, and colors<\/li>\r\r\n<li>Precision-extruded for consistent quality and clean edges<\/li>\r\r\n<li>Supports custom frame dimensions for diverse artwork formats<\/li>\r\r\n<li>Simple assembly with compatible hardware and accessories<\/li>","product_chanpin_blog":"<ul>\r\r\n<li><a href=\"https:\/\/sinoextrud.com\/t-slot-v-slot-differences\/\" target=\"_blank\">t slot vs v slot<\/a><\/li>\r\r\n<li><a href=\"https:\/\/sinoextrud.com\/what-is-4040-aluminium-extrud\/\" target=\"_blank\">4040 aluminium extrusion<\/a><\/li>\r\r\n<li><a href=\"https:\/\/sinoextrud.com\/what-is-4040-aluminium-extrud\/\" target=\"_blank\">aluminum extrusions for industrial racks<\/a><\/li>\r\r\n<li><a href=\"https:\/\/sinoextrud.com\/powder-coating-aluminium-process\/\" target=\"_blank\">powder coating aluminium<\/a><\/li>\r\r\n<li><a href=\"https:\/\/sinoextrud.com\/what-is-an-aluminium-strip-ceiling\/\" target=\"_blank\">aluminium strip ceiling<\/a><\/li>\r\r\n<li><a href=\"https:\/\/sinoextrud.com\/what-is-a-heat-sink\/\" target=\"_blank\">what is a heat sink<\/a><\/li>\r\r\n<\/ul>","product_chanpin_chanpin":"<li><a href=\"https:\/\/sinoextrud.com\/product\/aluminum-extrusions-stock-shapes\/\" target=\"_blank\">Aluminum Extrusions Stock Shapes<\/a><\/li>\r\n<li><a href=\"https:\/\/sinoextrud.com\/product\/aluminum-profiles-for-glass\/\" target=\"_blank\">Aluminum Profiles For Glass<\/a><\/li>\r\n<li><a href=\"https:\/\/sinoextrud.com\/product\/aluminum-window-extrusion-profiles-2\/\" target=\"_blank\">Aluminum Window Extrusion Profiles<\/a><\/li>\r\n<li><a href=\"https:\/\/sinoextrud.com\/product\/glazing-channels-extrusions\/\" target=\"_blank\">Glazing Channels Extrusions<\/a><\/li>\r\n<li><a href=\"https:\/\/sinoextrud.com\/product\/aluminum-picture-frame-extrusions\/\" target=\"_blank\">Aluminum Picture Frame Extrusions<\/a><\/li>\r\n<li><a href=\"https:\/\/sinoextrud.com\/product\/triangular-extruded-aluminum-tube\/\" target=\"_blank\">Triangular Extruded Aluminum Tube<\/a><\/li>\r\n<li><a href=\"https:\/\/sinoextrud.com\/product\/aluminum-picture-photo-artware-frame-mirror-polished-gold\/\" target=\"_blank\">Aluminum Picture Photo Artware Frame Mirror Polished Gold<\/a><\/li>\r\n<li><a href=\"https:\/\/sinoextrud.com\/product\/aluminum-profile-for-glass-railings\/\" target=\"_blank\">Aluminum Profile For Glass Railings<\/a><\/li>\r\n<li><a href=\"https:\/\/sinoextrud.com\/product\/extruded-aluminum-slide\/\" target=\"_blank\">Extruded Aluminum Slide<\/a><\/li>\r\n<li><a href=\"https:\/\/sinoextrud.com\/product\/aluminum-photo-frame-profile\/\" target=\"_blank\">Aluminum Photo Frame Profile<\/a><\/li>\r\n<li><a href=\"https:\/\/sinoextrud.com\/product\/powder-coated-extrusions-aluminum-corrosion-resistant-for-10-years-in-door\/\" target=\"_blank\">Powder Coated Extrusions Aluminum Corrosion Resistant For 10 Years In Door<\/a><\/li>"},"feature_list":[]},"_links":{"self":[{"href":"https:\/\/sinoextrud.com\/hu\/wp-json\/wp\/v2\/product\/7763","targetHints":{"allow":["GET"]}}],"collection":[{"href":"https:\/\/sinoextrud.com\/hu\/wp-json\/wp\/v2\/product"}],"about":[{"href":"https:\/\/sinoextrud.com\/hu\/wp-json\/wp\/v2\/types\/product"}],"wp:featuredmedia":[{"embeddable":true,"href":"https:\/\/sinoextrud.com\/hu\/wp-json\/wp\/v2\/media\/7762"}],"wp:attachment":[{"href":"https:\/\/sinoextrud.com\/hu\/wp-json\/wp\/v2\/media?parent=7763"}],"wp:term":[{"taxonomy":"category","embeddable":true,"href":"https:\/\/sinoextrud.com\/hu\/wp-json\/wp\/v2\/categories?post=7763"}],"curies":[{"name":"wp","href":"https:\/\/api.w.org\/{rel}","templated":true}]}}