{"id":7761,"date":"2025-06-10T06:55:38","date_gmt":"2025-06-10T06:55:38","guid":{"rendered":"https:\/\/sinoextrud.com\/product\/glazing-channels-extrusions\/"},"modified":"2025-06-24T06:13:37","modified_gmt":"2025-06-24T06:13:37","slug":"uvegezesi-csatornak-extrudalt-reszei","status":"publish","type":"product","link":"https:\/\/sinoextrud.com\/hu\/product\/glazing-channels-extrusions\/","title":{"rendered":"\u00dcvegez\u00e9si csatorn\u00e1k extrud\u00e1l\u00e1s"},"content":{"rendered":"<h2>Term\u00e9kek r\u00e9szletei<\/h2>\n<table class=\"custom-table\">\n<tr>\n<td class=\"label\">Modell NO.:<\/td>\n<td> 6000 sorozat \uff08M\u00e1zcsatorn\u00e1k extrud\u00e1l\u00e1s\uff09<\/td>\n<\/tr>\n<tr>\n<td class=\"label\">Fel\u00fcletkezel\u00e9s:<\/td>\n<td> Elox\u00e1lt, fa szemcs\u00e9s, pol\u00edrozott, csiszolt, elektrofor\u00e1lt<\/td>\n<\/tr>\n<tr>\n<td class=\"label\">\u00d6tv\u00f6z\u0151 \u00f6sszetev\u0151:<\/td>\n<td> 6063-T5, 6061-T6, 6463-T5, 7075-T6, 6082<\/td>\n<\/tr>\n<tr>\n<td class=\"label\">Tan\u00fas\u00edt\u00e1s:<\/td>\n<td> CE, ISO, RoHS, TUV<\/td>\n<\/tr>\n<tr>\n<td class=\"label\">Pol\u00edrozott alum\u00ednium profil:<\/td>\n<td> Mechanikai pol\u00edroz\u00e1s<\/td>\n<\/tr>\n<tr>\n<td class=\"label\">Sz\u00e1ll\u00edt\u00e1si id\u0151:<\/td>\n<td> 20 nappal a befizet\u00e9s be\u00e9rkez\u00e9se ut\u00e1n<\/td>\n<\/tr>\n<tr>\n<td class=\"label\">Szabv\u00e1nyos:<\/td>\n<td> GB\/75237-2004, Q\/320281\/Pdwd-2008<\/td>\n<\/tr>\n<tr>\n<td class=\"label\">Fizet\u00e9si hat\u00e1rid\u0151:<\/td>\n<td> T \/ T, 30% el\u0151legfizet\u00e9s, m\u00edg a m\u00e9rleget ki kell fizetni<\/td>\n<\/tr>\n<tr>\n<td class=\"label\">Kik\u00f6t\u0151:<\/td>\n<td> Shenzhen, Guangzhou, Foshan<\/td>\n<\/tr>\n<tr>\n<td class=\"label\">Garancia:<\/td>\n<td> A fel\u00fcleti sz\u00edn k\u00e9pes fenntartani 10 ~ 20 \u00e9vig F<\/td>\n<\/tr>\n<tr>\n<td class=\"label\">Sz\u00ednek:<\/td>\n<td> Elox\u00e1lt, fa szemcs\u00e9s, porsz\u00f3rt bevonat<\/td>\n<\/tr>\n<tr>\n<td class=\"label\">T\u00e9tel:<\/td>\n<td> Alum\u00ednium extrud\u00e1l\u00e1s<\/td>\n<\/tr>\n<tr>\n<td class=\"label\">MOQ:<\/td>\n<td> 200KG minden egyes t\u00e9telhez<\/td>\n<\/tr>\n<tr>\n<td class=\"label\">M\u00e9ly folyamat:<\/td>\n<td> CNC, f\u00far\u00e1s, mar\u00e1s, v\u00e1g\u00e1s, hegeszt\u00e9s, hajl\u00edt\u00e1s<\/td>\n<\/tr>\n<tr>\n<td class=\"label\">V\u00e9djegy:<\/td>\n<td> OEM<\/td>\n<\/tr>\n<tr>\n<td class=\"label\">Sz\u00e1ll\u00edt\u00e1si csomag:<\/td>\n<td> M\u0171anyag f\u00f3lia vagy polizs\u00e1k, v\u00edz\u00e1ll\u00f3 k\u00e9zm\u0171ves pap\u00edr<\/td>\n<\/tr>\n<tr>\n<td class=\"label\">Specifik\u00e1ci\u00f3:<\/td>\n<td> 1m-9m vagy egyedi m\u00e9ret<\/td>\n<\/tr>\n<tr>\n<td class=\"label\">Eredet:<\/td>\n<td> Foshan, K\u00edna<\/td>\n<\/tr>\n<tr>\n<td class=\"label\">HS-k\u00f3d:<\/td>\n<td> 76042100<\/td>\n<\/tr>\n<\/table>\n<h2>Gy\u00e1rt\u00f3 b\u00e1zisunk<\/h2>\n<h3>Gy\u00e1ri panor\u00e1ma<\/h3>\n<p><img decoding=\"async\" src=\"\/wp-content\/uploads\/factory-01.webp\"\/><\/p>\n<h3>Alum\u00ednium r\u00fadgy\u00e1rt\u00f3 m\u0171hely<\/h3>\n<p><img decoding=\"async\" src=\"\/wp-content\/uploads\/factory-02.webp\"\/><\/p>\n<\/p>\n<p><img decoding=\"async\" src=\"\/wp-content\/uploads\/factory-03.webp\"\/><\/p>\n<h3>Pen\u00e9sz rakt\u00e1r<\/h3>\n<p><img decoding=\"async\" src=\"\/wp-content\/uploads\/factory-04.webp\"\/><\/p>\n<h3>43 alum\u00ednium extrud\u00e1l\u00f3 vonal (500-5500 tonna)<\/h3>\n<p><img decoding=\"async\" src=\"\/wp-content\/uploads\/factory-05.webp\"\/><\/p>\n<p><img decoding=\"async\" src=\"\/wp-content\/uploads\/factory-06.webp\"\/><\/p>\n<p><img decoding=\"async\" src=\"\/wp-content\/uploads\/factory-07.webp\"\/><\/p>\n<h3>Porfest\u0151 m\u0171hely<\/h3>\n<p><img decoding=\"async\" src=\"\/wp-content\/uploads\/factory-09.webp\"\/><\/p>\n<h3>Anodiz\u00e1l\u00f3 m\u0171hely<\/h3>\n<p><img decoding=\"async\" src=\"\/wp-content\/uploads\/factory-10.webp\"\/><\/p>\n<h3>M\u00e9ly feldolgoz\u00e1si m\u0171hely<\/h3>\n<p><img decoding=\"async\" src=\"\/wp-content\/uploads\/factory-11.webp\"\/><\/p>\n<h3>CNC prec\u00edzi\u00f3s megmunk\u00e1l\u00f3 m\u0171hely<\/h3>\n<p><img decoding=\"async\" src=\"\/wp-content\/uploads\/factory-11.5.webp\"\/><\/p>\n<h3>K\u00e9szterm\u00e9k \u00e9s export rakt\u00e1r<\/h3>\n<p><img decoding=\"async\" src=\"\/wp-content\/uploads\/factory-12.webp\"\/><\/p>\n<p><img decoding=\"async\" src=\"\/wp-content\/uploads\/factory-13.webp\"\/><\/p>\n<p><img decoding=\"async\" src=\"\/wp-content\/uploads\/factory-14.webp\"\/><\/p>\n<h2>GYIK<\/h2>\n<p><b>1.Mi az \u00fcvegez\u00e9si csatorn\u00e1k extrud\u00e1l\u00e1s?<\/b><\/p>\n<p>Az \u00fcvegez\u00e9si csatorn\u00e1k extrud\u00e1lt alum\u00ednium profilok, amelyeket arra terveztek, hogy biztons\u00e1gosan tarts\u00e1k \u00e9s megtarts\u00e1k az \u00fcvegt\u00e1bl\u00e1kat \u00e9p\u00edt\u00e9szeti \u00e9s szerkezeti alkalmaz\u00e1sokban.\n<\/p>\n<p><\/p>\n<p><b>2.Milyen el\u0151ny\u00f6kkel j\u00e1r az \u00fcvegez\u00e9si csatorn\u00e1k extrud\u00e1l\u00e1sa?<\/b><\/p>\n<p>Letisztult megjelen\u00e9st, k\u00f6nny\u0171 szerelhet\u0151s\u00e9get, korr\u00f3zi\u00f3\u00e1ll\u00f3s\u00e1got \u00e9s megb\u00edzhat\u00f3 illeszked\u00e9st biztos\u00edtanak a k\u00fcl\u00f6nb\u00f6z\u0151 vastags\u00e1g\u00fa \u00fcvegt\u00e1bl\u00e1khoz.\n<\/p>\n<p><\/p>\n<p><b>3.Alkalmasak-e az \u00fcvegez\u00e9si csatorn\u00e1k extrud\u00e1l\u00e1sai k\u00fclt\u00e9ri alkalmaz\u00e1sokhoz?<\/b><\/p>\n<p>Igen, korr\u00f3zi\u00f3\u00e1ll\u00f3 alum\u00edniumb\u00f3l k\u00e9sz\u00fclnek, \u00e9s ide\u00e1lisak mind bels\u0151, mind k\u00fcls\u0151 \u00fcvegfel\u00fcletekhez.\n<\/p>\n<p><\/p>\n<p><b>4.Az \u00fcvegez\u00e9si csatorn\u00e1k extrud\u00e1l\u00e1sai t\u00e1mogathatj\u00e1k a k\u00fcl\u00f6nb\u00f6z\u0151 \u00fcvegm\u00e9reteket?<\/b><\/p>\n<p>Igen, k\u00fcl\u00f6nb\u00f6z\u0151 m\u00e9retekben kaphat\u00f3k, \u00e9s k\u00fcl\u00f6nb\u00f6z\u0151 \u00fcvegvastags\u00e1gokat tudnak befogadni, hogy megfeleljenek a k\u00fcl\u00f6nb\u00f6z\u0151 projektig\u00e9nyeknek.\n<\/p>\n<p><\/p>\n<p><b>5.Az \u00fcvegez\u00e9si csatorn\u00e1k extrud\u00e1l\u00e1sai k\u00fcl\u00f6nb\u00f6z\u0151 kivitelben k\u00e9sz\u00fclnek?<\/b><\/p>\n<p>Igen, k\u00edn\u00e1lunk elox\u00e1lt, porsz\u00f3rt \u00e9s egyedi fel\u00fcleteket az \u00e9p\u00edt\u00e9szeti st\u00edlusoknak \u00e9s preferenci\u00e1knak megfelel\u0151en.\n<\/p>\n<p><\/p>\n<p><b>6.K\u00f6nny\u0171-e az \u00fcvegez\u00e9si csatorn\u00e1k extrud\u00e1l\u00e1s\u00e1t felszerelni?<\/b><\/p>\n<p>Igen, gyors \u00e9s biztons\u00e1gos felszerel\u00e9sre tervezt\u00e9k \u0151ket szabv\u00e1nyos szerelv\u00e9nyekkel \u00e9s minim\u00e1lis szersz\u00e1mmal.\n<\/p>\n<p><\/p>\n<p><b>7.Hol haszn\u00e1lj\u00e1k jellemz\u0151en az \u00fcvegez\u00e9si csatorn\u00e1k extrud\u00e1l\u00e1s\u00e1t?<\/b><\/p>\n<p>Sz\u00e9les k\u00f6rben haszn\u00e1lj\u00e1k \u0151ket irodai v\u00e1laszfalak, kirakatok, f\u00fcgg\u00f6nyfalak, \u00fcvegkorl\u00e1tok \u00e9s bels\u0151 \u00fcvegez\u00e9si rendszerek eset\u00e9ben.\n<\/p>\n<p><\/p>\n<p><b>8.Hogyan n\u00f6velik az \u00fcvegez\u00e9si csatorn\u00e1k extrud\u00e1l\u00e1sai a biztons\u00e1got?<\/b><\/p>\n<p>Er\u0151s \u00e9s stabil keretet biztos\u00edtanak az \u00fcvegt\u00e1bl\u00e1k sz\u00e1m\u00e1ra, cs\u00f6kkentve a terhel\u00e9s alatti elmozdul\u00e1s vagy t\u00f6r\u00e9s kock\u00e1zat\u00e1t.\n<\/p>\n<p><\/p>","protected":false},"featured_media":7760,"template":"","categories":[67],"class_list":["post-7761","product","type-product","status-publish","has-post-thumbnail","hentry","category-architectural-aluminium-profile"],"meta_box":{"hilight_text_group":{"product_hilight_text":"<li>Precision-fit channels ensure secure and stable glass installation<\/li>\r\r\n<li>Made from corrosion-resistant aluminum for long-term durability<\/li>\r\r\n<li>Sleek, minimal profile ideal for modern architectural glazing<\/li>\r\r\n<li>Supports various glass thicknesses for design flexibility<\/li>\r\r\n<li>Easy to install with compatible accessories and fittings<\/li>\r\r\n<li>Available in anodized, powder-coated, and custom finishes<\/li>\r\r\n<li>Suitable for both interior partitions and exterior facades<\/li>","product_chanpin_blog":"<ul>\r\r\n<li><a href=\"https:\/\/sinoextrud.com\/t-slot-v-slot-differences\/\" target=\"_blank\">t slot vs v slot<\/a><\/li>\r\r\n<li><a href=\"https:\/\/sinoextrud.com\/what-is-4040-aluminium-extrud\/\" target=\"_blank\">4040 aluminium extrusion<\/a><\/li>\r\r\n<li><a href=\"https:\/\/sinoextrud.com\/what-is-4040-aluminium-extrud\/\" target=\"_blank\">aluminum extrusions for industrial racks<\/a><\/li>\r\r\n<li><a href=\"https:\/\/sinoextrud.com\/powder-coating-aluminium-process\/\" target=\"_blank\">powder coating aluminium<\/a><\/li>\r\r\n<li><a href=\"https:\/\/sinoextrud.com\/what-is-an-aluminium-strip-ceiling\/\" target=\"_blank\">aluminium strip ceiling<\/a><\/li>\r\r\n<li><a href=\"https:\/\/sinoextrud.com\/what-is-a-heat-sink\/\" target=\"_blank\">what is a heat sink<\/a><\/li>\r\r\n<\/ul>","product_chanpin_chanpin":"<li><a href=\"https:\/\/sinoextrud.com\/product\/item-structural-aluminum-extrusions\/\" target=\"_blank\">Item Structural Aluminum Extrusions<\/a><\/li>\r\n<li><a href=\"https:\/\/sinoextrud.com\/product\/aluminum-extrusions-stock-shapes\/\" target=\"_blank\">Aluminum Extrusions Stock Shapes<\/a><\/li>\r\n<li><a href=\"https:\/\/sinoextrud.com\/product\/aluminum-profiles-for-glass\/\" target=\"_blank\">Aluminum Profiles For Glass<\/a><\/li>\r\n<li><a href=\"https:\/\/sinoextrud.com\/product\/aluminum-window-extrusion-profiles-2\/\" target=\"_blank\">Aluminum Window Extrusion Profiles<\/a><\/li>\r\n<li><a href=\"https:\/\/sinoextrud.com\/product\/glazing-channels-extrusions\/\" target=\"_blank\">Glazing Channels Extrusions<\/a><\/li>\r\n<li><a href=\"https:\/\/sinoextrud.com\/product\/aluminum-picture-frame-extrusions\/\" target=\"_blank\">Aluminum Picture Frame Extrusions<\/a><\/li>\r\n<li><a href=\"https:\/\/sinoextrud.com\/product\/triangular-extruded-aluminum-tube\/\" target=\"_blank\">Triangular Extruded Aluminum Tube<\/a><\/li>\r\n<li><a href=\"https:\/\/sinoextrud.com\/product\/aluminum-picture-photo-artware-frame-mirror-polished-gold\/\" target=\"_blank\">Aluminum Picture Photo Artware Frame Mirror Polished Gold<\/a><\/li>\r\n<li><a href=\"https:\/\/sinoextrud.com\/product\/aluminum-profile-for-glass-railings\/\" target=\"_blank\">Aluminum Profile For Glass Railings<\/a><\/li>\r\n<li><a href=\"https:\/\/sinoextrud.com\/product\/anodized-aluminium-industrial-profile-aluminum-extrusion\/\" target=\"_blank\">Anodized Aluminium Industrial Profile & Aluminum Extrusion<\/a><\/li>\r\n<li><a href=\"https:\/\/sinoextrud.com\/product\/t-aluminum-profile\/\" target=\"_blank\">T Aluminum Profile<\/a><\/li>"},"feature_list":[]},"_links":{"self":[{"href":"https:\/\/sinoextrud.com\/hu\/wp-json\/wp\/v2\/product\/7761","targetHints":{"allow":["GET"]}}],"collection":[{"href":"https:\/\/sinoextrud.com\/hu\/wp-json\/wp\/v2\/product"}],"about":[{"href":"https:\/\/sinoextrud.com\/hu\/wp-json\/wp\/v2\/types\/product"}],"wp:featuredmedia":[{"embeddable":true,"href":"https:\/\/sinoextrud.com\/hu\/wp-json\/wp\/v2\/media\/7760"}],"wp:attachment":[{"href":"https:\/\/sinoextrud.com\/hu\/wp-json\/wp\/v2\/media?parent=7761"}],"wp:term":[{"taxonomy":"category","embeddable":true,"href":"https:\/\/sinoextrud.com\/hu\/wp-json\/wp\/v2\/categories?post=7761"}],"curies":[{"name":"wp","href":"https:\/\/api.w.org\/{rel}","templated":true}]}}