{"id":7755,"date":"2025-06-10T06:36:37","date_gmt":"2025-06-10T06:36:37","guid":{"rendered":"https:\/\/sinoextrud.com\/product\/aluminum-extrusions-stock-shapes\/"},"modified":"2025-06-24T06:13:36","modified_gmt":"2025-06-24T06:13:36","slug":"aluminium-extrudalasok-keszletformak","status":"publish","type":"product","link":"https:\/\/sinoextrud.com\/hu\/product\/aluminum-extrusions-stock-shapes\/","title":{"rendered":"Alum\u00ednium extrud\u00e1l\u00e1s k\u00e9szlet form\u00e1k"},"content":{"rendered":"<h2>Term\u00e9kek r\u00e9szletei<\/h2>\n<table class=\"custom-table\">\n<tbody>\n<tr>\n<td> <\/td>\n<td>Alum\u00ednium extrud\u00e1l\u00e1s StockShapes<\/td>\n<\/tr>\n<tr>\n<td>Anyag<\/td>\n<td>alum\u00ednium\u00f6tv\u00f6zet, 6063-T5<\/td>\n<\/tr>\n<tr>\n<td>Shape<\/td>\n<td>N\u00e9gyzet, t\u00e9glalap, kerek, lapos, sz\u00f6gletes, T-profil stb.<br \/>\n,vagy az \u00fcgyf\u00e9l ig\u00e9nyei szerint.<\/td>\n<\/tr>\n<tr>\n<td>Fel\u00fcletkezel\u00e9s<\/td>\n<td>Malom, elox\u00e1lt, porfestett, elektrofor\u00e9zis, famint\u00e1zat, fa,<br \/>\nPVDFfest\u00e9k, pol\u00edrozott, csiszolt.Asclientsrequire.<\/td>\n<\/tr>\n<tr>\n<td>Sz\u00ednes<\/td>\n<td>F\u00e9mekez\u00fcst, pezsg\u0151, fekete, feh\u00e9r, t\u00fck\u00f6r, testreszabott mint\u00e1k.<\/td>\n<\/tr>\n<tr>\n<td>Alkalmaz\u00e1s<\/td>\n<td>Ablakok \u00e9s ajt\u00f3k, f\u00fcgg\u00f6nyfalak, \u00fcvegfalak, b\u00fatorok,<br \/>mennyezet, konyha, LED-cs\u00edk, sz\u00e1ll\u00edt\u00e1si s\u00edn, j\u00e1rm\u0171vek,<br \/>\nmotorh\u00e1z, g\u00e9p, s\u00e1tor, solar.Industrial profil, dekor\u00e1ci\u00f3s profil stb.<\/td>\n<\/tr>\n<tr>\n<td>DeepProcess<\/td>\n<td>CNC, f\u00far\u00e1s, mar\u00e1s, v\u00e1g\u00e1s, hegeszt\u00e9s, hajl\u00edt\u00e1s, \u00f6sszeszerel\u00e9s.<\/td>\n<\/tr>\n<tr>\n<td>OEMszerviz<\/td>\n<td>Minden alum\u00edniumprofilhoz el\u00e9rhet\u0151<\/td>\n<\/tr>\n<tr>\n<td>LeadTime<\/td>\n<td>25-30 munkanap a kifizet\u00e9s ut\u00e1n az alum\u00edniumprofilok kies\u00e9se ut\u00e1n<\/td>\n<\/tr>\n<\/tbody>\n<\/table>\n<h2>Gy\u00e1rt\u00f3 b\u00e1zisunk<\/h2>\n<h3>Gy\u00e1ri panor\u00e1ma<\/h3>\n<p><img decoding=\"async\" src=\"\/wp-content\/uploads\/factory-01.webp\"\/><\/p>\n<h3>Alum\u00ednium r\u00fadgy\u00e1rt\u00f3 m\u0171hely<\/h3>\n<p><img decoding=\"async\" src=\"\/wp-content\/uploads\/factory-02.webp\"\/><\/p>\n<\/p>\n<p><img decoding=\"async\" src=\"\/wp-content\/uploads\/factory-03.webp\"\/><\/p>\n<h3>Pen\u00e9sz rakt\u00e1r<\/h3>\n<p><img decoding=\"async\" src=\"\/wp-content\/uploads\/factory-04.webp\"\/><\/p>\n<h3>43 alum\u00ednium extrud\u00e1l\u00f3 vonal (500-5500 tonna)<\/h3>\n<p><img decoding=\"async\" src=\"\/wp-content\/uploads\/factory-05.webp\"\/><\/p>\n<p><img decoding=\"async\" src=\"\/wp-content\/uploads\/factory-06.webp\"\/><\/p>\n<p><img decoding=\"async\" src=\"\/wp-content\/uploads\/factory-07.webp\"\/><\/p>\n<h3>Porfest\u0151 m\u0171hely<\/h3>\n<p><img decoding=\"async\" src=\"\/wp-content\/uploads\/factory-09.webp\"\/><\/p>\n<h3>Anodiz\u00e1l\u00f3 m\u0171hely<\/h3>\n<p><img decoding=\"async\" src=\"\/wp-content\/uploads\/factory-10.webp\"\/><\/p>\n<h3>M\u00e9ly feldolgoz\u00e1si m\u0171hely<\/h3>\n<p><img decoding=\"async\" src=\"\/wp-content\/uploads\/factory-11.webp\"\/><\/p>\n<h3>CNC prec\u00edzi\u00f3s megmunk\u00e1l\u00f3 m\u0171hely<\/h3>\n<p><img decoding=\"async\" src=\"\/wp-content\/uploads\/factory-11.5.webp\"\/><\/p>\n<h3>K\u00e9szterm\u00e9k \u00e9s export rakt\u00e1r<\/h3>\n<p><img decoding=\"async\" src=\"\/wp-content\/uploads\/factory-12.webp\"\/><\/p>\n<p><img decoding=\"async\" src=\"\/wp-content\/uploads\/factory-13.webp\"\/><\/p>\n<p><img decoding=\"async\" src=\"\/wp-content\/uploads\/factory-14.webp\"\/><\/p>\n<h2>GYIK<\/h2>\n<p><b>1.What alum\u00ednium extrud\u00e1l\u00e1s Stock alakzatok?<\/b><\/p>\n<p>Az alum\u00ednium sajtolt term\u00e9kek k\u00e9szletform\u00e1i el\u0151re megtervezett, szabv\u00e1nyos alum\u00ednium profilok, amelyek olyan gyakori form\u00e1kban \u00e1llnak rendelkez\u00e9sre, mint a sz\u00f6gek, csatorn\u00e1k, cs\u00f6vek \u00e9s rudak.\n<\/p>\n<p><\/p>\n<p><b>2.Mik az el\u0151nyei az alum\u00ednium extrud\u00e1l\u00e1s k\u00e9szletform\u00e1k haszn\u00e1lat\u00e1nak?<\/b><\/p>\n<p>Gyors el\u00e9rhet\u0151s\u00e9get, k\u00f6lts\u00e9ghat\u00e9konys\u00e1got, korr\u00f3zi\u00f3\u00e1ll\u00f3s\u00e1got \u00e9s kompatibilit\u00e1st k\u00edn\u00e1lnak az ipari \u00e9s szerkezeti alkalmaz\u00e1sok sz\u00e9les sk\u00e1l\u00e1j\u00e1val.\n<\/p>\n<p><\/p>\n<p><b>3.Are alum\u00ednium Extrusions Stock Shapes k\u00fcl\u00f6nb\u00f6z\u0151 m\u00e9retekben kaphat\u00f3?<\/b><\/p>\n<p>Igen, sz\u00e1mos m\u00e9retet, vastags\u00e1got \u00e9s \u00f6tv\u00f6zetet k\u00edn\u00e1lunk, hogy t\u00f6bbf\u00e9le projekt k\u00f6vetelm\u00e9nyeinek megfeleljen.\n<\/p>\n<p><\/p>\n<p><b>4.Haszn\u00e1lhat\u00f3k-e a rakt\u00e1rform\u00e1k szerkezeti alkalmaz\u00e1sokhoz?<\/b><\/p>\n<p>Igen, sok rakt\u00e1rform\u00e1t szil\u00e1rds\u00e1gra \u00e9s stabilit\u00e1sra terveztek, \u00edgy alkalmasak keretez\u00e9shez, t\u00e1maszokhoz \u00e9s teherhord\u00f3 alkatr\u00e9szekhez.\n<\/p>\n<p><\/p>\n<p><b>5.Is egy\u00e9ni megmunk\u00e1l\u00e1s lehets\u00e9ges alum\u00ednium extrud\u00e1l\u00e1s Stock alakzatok?<\/b><\/p>\n<p>Igen, v\u00e1ghat\u00f3k, f\u00farhat\u00f3k, hegeszthet\u0151k \u00e9s elk\u00e9sz\u00edthet\u0151k, hogy megfeleljenek a k\u00fcl\u00f6nleges gy\u00e1rt\u00e1si ig\u00e9nyeknek.\n<\/p>\n<p><\/p>\n<p><b>6. k\u00edn\u00e1lnak-e k\u00fcl\u00f6nb\u00f6z\u0151 fel\u00fcletkezel\u00e9seket a rakt\u00e1rform\u00e1khoz?<\/b><\/p>\n<p>Igen, az alkalmaz\u00e1st\u00f3l f\u00fcgg\u0151en rendelkez\u00e9sre \u00e1llnak olyan kivitelek, mint a malom, az elox\u00e1lt \u00e9s a porsz\u00f3rt bevonat.\n<\/p>\n<p><\/p>\n<p><b>7.Are alum\u00ednium extrud\u00e1l\u00e1s Stock Shapes korr\u00f3zi\u00f3\u00e1ll\u00f3?<\/b><\/p>\n<p>Igen, az alum\u00ednium term\u00e9szetes korr\u00f3zi\u00f3\u00e1ll\u00f3s\u00e1ga miatt ezek a form\u00e1k belt\u00e9ri \u00e9s k\u00fclt\u00e9ri haszn\u00e1latra egyar\u00e1nt alkalmasak.\n<\/p>\n<p><\/p>\n<p><b>8.Where az alum\u00ednium extrud\u00e1l\u00e1sok Stock Shapes \u00e1ltal\u00e1nosan haszn\u00e1lt?<\/b><\/p>\n<p>Sokoldal\u00fas\u00e1guknak \u00e9s szil\u00e1rds\u00e1guknak k\u00f6sz\u00f6nhet\u0151en az \u00e9p\u00edt\u0151iparban, a gy\u00e1rt\u00e1sban, a sz\u00e1ll\u00edt\u00e1sban, az automatiz\u00e1l\u00e1sban \u00e9s a bark\u00e1csprojektekben haszn\u00e1lj\u00e1k \u0151ket.\n<\/p>\n<p><\/p>","protected":false},"featured_media":7754,"template":"","categories":[67],"class_list":["post-7755","product","type-product","status-publish","has-post-thumbnail","hentry","category-architectural-aluminium-profile"],"meta_box":{"hilight_text_group":{"product_hilight_text":"<li>Wide range of standard shapes available for immediate use<\/li>\r\r\n<li>Made from high-quality aluminum for strength and corrosion resistance<\/li>\r\r\n<li>Ideal for prototyping, structural support, and general fabrication<\/li>\r\r\n<li>Cost-effective solution for quick production without custom tooling<\/li>\r\r\n<li>Precision-extruded for consistent dimensions and surface finish<\/li>\r\r\n<li>Available in various sizes, alloys, and finishes to suit different needs<\/li>\r\r\n<li>Compatible with cutting, drilling, welding, and anodizing processes<\/li>","product_chanpin_blog":"<ul>\r\r\n<li><a href=\"https:\/\/sinoextrud.com\/t-slot-v-slot-differences\/\" target=\"_blank\">t slot vs v slot<\/a><\/li>\r\r\n<li><a href=\"https:\/\/sinoextrud.com\/what-is-4040-aluminium-extrud\/\" target=\"_blank\">4040 aluminium extrusion<\/a><\/li>\r\r\n<li><a href=\"https:\/\/sinoextrud.com\/what-is-4040-aluminium-extrud\/\" target=\"_blank\">aluminum extrusions for industrial racks<\/a><\/li>\r\r\n<li><a href=\"https:\/\/sinoextrud.com\/powder-coating-aluminium-process\/\" target=\"_blank\">powder coating aluminium<\/a><\/li>\r\r\n<li><a href=\"https:\/\/sinoextrud.com\/what-is-an-aluminium-strip-ceiling\/\" target=\"_blank\">aluminium strip ceiling<\/a><\/li>\r\r\n<li><a href=\"https:\/\/sinoextrud.com\/what-is-a-heat-sink\/\" target=\"_blank\">what is a heat sink<\/a><\/li>\r\r\n<\/ul>","product_chanpin_chanpin":"<li><a href=\"https:\/\/sinoextrud.com\/product\/aluminum-cabinet-extrusions\/\" target=\"_blank\">Aluminum Cabinet Extrusions<\/a><\/li>\r\n<li><a href=\"https:\/\/sinoextrud.com\/product\/aluminum-window-blinds-profiles\/\" target=\"_blank\">Aluminum Window Blinds Profiles<\/a><\/li>\r\n<li><a href=\"https:\/\/sinoextrud.com\/product\/extruded-aluminum-door-frame\/\" target=\"_blank\">Extruded Aluminum Door Frame<\/a><\/li>\r\n<li><a href=\"https:\/\/sinoextrud.com\/product\/item-structural-aluminum-extrusions\/\" target=\"_blank\">Item Structural Aluminum Extrusions<\/a><\/li>\r\n<li><a href=\"https:\/\/sinoextrud.com\/product\/aluminum-extrusions-stock-shapes\/\" target=\"_blank\">Aluminum Extrusions Stock Shapes<\/a><\/li>\r\n<li><a href=\"https:\/\/sinoextrud.com\/product\/aluminum-profiles-for-glass\/\" target=\"_blank\">Aluminum Profiles For Glass<\/a><\/li>\r\n<li><a href=\"https:\/\/sinoextrud.com\/product\/aluminum-window-extrusion-profiles-2\/\" target=\"_blank\">Aluminum Window Extrusion Profiles<\/a><\/li>\r\n<li><a href=\"https:\/\/sinoextrud.com\/product\/glazing-channels-extrusions\/\" target=\"_blank\">Glazing Channels Extrusions<\/a><\/li>\r\n<li><a href=\"https:\/\/sinoextrud.com\/product\/aluminum-picture-frame-extrusions\/\" target=\"_blank\">Aluminum Picture Frame Extrusions<\/a><\/li>\r\n<li><a href=\"https:\/\/sinoextrud.com\/product\/aluminum-profile-for-advertising-photo-frame\/\" target=\"_blank\">Aluminum Profile For Advertising Photo Frame<\/a><\/li>\r\n<li><a href=\"https:\/\/sinoextrud.com\/product\/wardrobe-cabinet-sliding-aluminum-profile\/\" target=\"_blank\">Wardrobe Cabinet Sliding Aluminum Profile<\/a><\/li>"},"feature_list":[]},"_links":{"self":[{"href":"https:\/\/sinoextrud.com\/hu\/wp-json\/wp\/v2\/product\/7755","targetHints":{"allow":["GET"]}}],"collection":[{"href":"https:\/\/sinoextrud.com\/hu\/wp-json\/wp\/v2\/product"}],"about":[{"href":"https:\/\/sinoextrud.com\/hu\/wp-json\/wp\/v2\/types\/product"}],"wp:featuredmedia":[{"embeddable":true,"href":"https:\/\/sinoextrud.com\/hu\/wp-json\/wp\/v2\/media\/7754"}],"wp:attachment":[{"href":"https:\/\/sinoextrud.com\/hu\/wp-json\/wp\/v2\/media?parent=7755"}],"wp:term":[{"taxonomy":"category","embeddable":true,"href":"https:\/\/sinoextrud.com\/hu\/wp-json\/wp\/v2\/categories?post=7755"}],"curies":[{"name":"wp","href":"https:\/\/api.w.org\/{rel}","templated":true}]}}