{"id":7739,"date":"2025-06-10T02:54:39","date_gmt":"2025-06-10T02:54:39","guid":{"rendered":"https:\/\/sinoextrud.com\/product\/double-angle-aluminium-extrusion\/"},"modified":"2025-06-24T06:13:33","modified_gmt":"2025-06-24T06:13:33","slug":"kettos-szogu-aluminium-extrudalas","status":"publish","type":"product","link":"https:\/\/sinoextrud.com\/hu\/product\/double-angle-aluminium-extrusion\/","title":{"rendered":"Dupla sz\u00f6g\u0171 alum\u00ednium extrud\u00e1l\u00e1s"},"content":{"rendered":"<h2>Term\u00e9kek r\u00e9szletei<\/h2>\n<table class=\"custom-table\">\n<tr>\n<td class=\"label\">T\u00e9tel<\/td>\n<td>Dupla sz\u00f6g\u0171 alum\u00ednium extrud\u00e1l\u00e1s<\/td>\n<\/tr>\n<tr>\n<td class=\"label\">Anyag<\/td>\n<td>Alum\u00ednium \u00f6tv\u00f6zet<\/td>\n<\/tr>\n<tr>\n<td class=\"label\">Fokozat<\/td>\n<td>6000-es sorozat: 6005, 6005A, 6060, 6063, 6061<\/td>\n<\/tr>\n<tr>\n<td class=\"label\">M\u00e9ret<\/td>\n<td>Falvastags\u00e1g: 0.5mm-10mm<br \/>\nHossz:testreszabott<\/td>\n<\/tr>\n<tr>\n<td class=\"label\">Fel\u00fcletkezel\u00e9s<\/td>\n<td>Elox\u00e1lt<br \/>\nElektrofor\u00e9zis<br \/>\nFa szemcs\u00e9k<br \/>\nPermetez\u00e9s<\/td>\n<\/tr>\n<tr>\n<td class=\"label\">Fel\u00fcleti sz\u00ednek<\/td>\n<td>Term\u00e9szet, ez\u00fcst, bronz, pezsg\u0151, fekete, gloden, stb.<br \/>\nTestre szabottan<\/td>\n<\/tr>\n<tr>\n<td class=\"label\">Temper<\/td>\n<td>T3-T8<\/td>\n<\/tr>\n<tr>\n<td class=\"label\">Alkalmaz\u00e1s<\/td>\n<td>1. Vil\u00e1g\u00edt\u00e1s, napelemes f\u00e9nyvisszaver\u0151 lemez.<br \/>\n2.\u00e9p\u00edt\u00e9szeti megjelen\u00e9s, bels\u0151\u00e9p\u00edt\u00e9szet: mennyezet, metope, b\u00fatorok, szekr\u00e9nyek \u00e9s \u00edgy tov\u00e1bb.<br \/>\n3.lift, n\u00e9vt\u00e1bla, t\u00e1sk\u00e1k.<br \/>\n4.automotive bels\u0151 \u00e9s k\u00fcls\u0151 dekor\u00e1ci\u00f3.<br \/>\n5. Bels\u0151\u00e9p\u00edt\u00e9szeti dekor\u00e1ci\u00f3: p\u00e9ld\u00e1ul fot\u00f3keret.<br \/>\n6.h\u00e1ztart\u00e1si g\u00e9pek, h\u0171t\u0151szekr\u00e9ny, mikrohull\u00e1m\u00fa s\u00fct\u0151, audioberendez\u00e9s.<br \/>\n7. L\u00e9gik\u00f6zleked\u00e9si \u00e9s katonai szempontok.<br \/>\n8, g\u00e9palkatr\u00e9szek feldolgoz\u00e1sa, pen\u00e9szgy\u00e1rt\u00e1s .<br \/>\n9. vegyszeres\/szigetel\u0151 cs\u0151vezet\u00e9k bevonat.<\/td>\n<\/tr>\n<\/table>\n<h2>Gy\u00e1rt\u00f3 b\u00e1zisunk<\/h2>\n<h3>Gy\u00e1ri panor\u00e1ma<\/h3>\n<p><img decoding=\"async\" src=\"\/wp-content\/uploads\/factory-01.webp\"\/><\/p>\n<h3>Alum\u00ednium r\u00fadgy\u00e1rt\u00f3 m\u0171hely<\/h3>\n<p><img decoding=\"async\" src=\"\/wp-content\/uploads\/factory-02.webp\"\/><\/p>\n<p><img decoding=\"async\" src=\"\/wp-content\/uploads\/factory-03.webp\"\/><\/p>\n<h3>Pen\u00e9sz rakt\u00e1r<\/h3>\n<p><img decoding=\"async\" src=\"\/wp-content\/uploads\/factory-04.webp\"\/><\/p>\n<h3>43 alum\u00ednium extrud\u00e1l\u00f3 vonal (500-5500 tonna)<\/h3>\n<p><img decoding=\"async\" src=\"\/wp-content\/uploads\/factory-05.webp\"\/><\/p>\n<p><img decoding=\"async\" src=\"\/wp-content\/uploads\/factory-06.webp\"\/><\/p>\n<p><img decoding=\"async\" src=\"\/wp-content\/uploads\/factory-07.webp\"\/><\/p>\n<h3>Porfest\u0151 m\u0171hely<\/h3>\n<p><img decoding=\"async\" src=\"\/wp-content\/uploads\/factory-09.webp\"\/><\/p>\n<h3>Anodiz\u00e1l\u00f3 m\u0171hely<\/h3>\n<p><img decoding=\"async\" src=\"\/wp-content\/uploads\/factory-10.webp\"\/><\/p>\n<h3>M\u00e9ly feldolgoz\u00e1si m\u0171hely<\/h3>\n<p><img decoding=\"async\" src=\"\/wp-content\/uploads\/factory-11.webp\"\/><\/p>\n<h3>CNC prec\u00edzi\u00f3s megmunk\u00e1l\u00f3 m\u0171hely<\/h3>\n<p><img decoding=\"async\" src=\"\/wp-content\/uploads\/factory-11.5.webp\"\/><\/p>\n<h3>K\u00e9szterm\u00e9k \u00e9s export rakt\u00e1r<\/h3>\n<p><img decoding=\"async\" src=\"\/wp-content\/uploads\/factory-12.webp\"\/><\/p>\n<p><img decoding=\"async\" src=\"\/wp-content\/uploads\/factory-13.webp\"\/><\/p>\n<p><img decoding=\"async\" src=\"\/wp-content\/uploads\/factory-14.webp\"\/><\/p>\n<h2>GYIK<\/h2>\n<p><p><b>1.Mi a kett\u0151s sz\u00f6g\u0171 alum\u00ednium extrud\u00e1l\u00e1s?<\/b><\/p>\n<p>A kett\u0151s sz\u00f6g\u0171 alum\u00ednium extrud\u00e1lt anyagot gyakran haszn\u00e1lj\u00e1k szerkezeti keretez\u00e9shez, g\u00e9pv\u00e9d\u0151kh\u00f6z \u00e9s egyedi burkolatokhoz, er\u0151s \u00e9s merev 90 fokos profilj\u00e1nak k\u00f6sz\u00f6nhet\u0151en.<br \/>\n<\/p><br \/>\n<br \/>\n<p><b>2.Is kett\u0151s sz\u00f6g alum\u00ednium extrud\u00e1l\u00e1s korr\u00f3zi\u00f3\u00e1ll\u00f3?<\/b><\/p>\n<p>Igen, az alum\u00ednium sajtolt anyagot \u00e1ltal\u00e1ban elox\u00e1lj\u00e1k vagy kezelik, hogy ellen\u00e1lljon a korr\u00f3zi\u00f3nak, \u00edgy alkalmas belt\u00e9ri \u00e9s k\u00fclt\u00e9ri k\u00f6rnyezetbe egyar\u00e1nt.<br \/>\n<\/p><br \/>\n<br \/>\n<p><b>3.Mik az el\u0151nyei a kett\u0151s sz\u00f6g\u0171 alum\u00ednium extrud\u00e1l\u00e1s haszn\u00e1lat\u00e1nak?<\/b><\/p>\n<p>Nagy tart\u00f3ss\u00e1got, k\u00f6nny\u0171 \u00e9p\u00edt\u00e9st, korr\u00f3zi\u00f3\u00e1ll\u00f3s\u00e1got \u00e9s a modul\u00e1ris T-ny\u00edl\u00e1s\u00fa rendszerekkel val\u00f3 kompatibilit\u00e1st k\u00edn\u00e1l.<br \/>\n<\/p><br \/>\n<br \/>\n<p><b>4.Can \u00e9n v\u00e1gni \u00e9s f\u00farni Double Angle alum\u00ednium extrud\u00e1l\u00e1s k\u00f6nnyen?<\/b><\/p>\n<p>Igen, az alum\u00ednium k\u00f6nnyen megmunk\u00e1lhat\u00f3, lehet\u0151v\u00e9 t\u00e9ve a felhaszn\u00e1l\u00f3k sz\u00e1m\u00e1ra, hogy szabv\u00e1nyos szersz\u00e1mokkal v\u00e1gj\u00e1k, f\u00farj\u00e1k \u00e9s szerelj\u00e9k \u00f6ssze az alkatr\u00e9szeket.<br \/>\n<\/p><br \/>\n<br \/>\n<p><b>5.A kett\u0151s sz\u00f6g\u0171 alum\u00ednium extrud\u00e1l\u00e1s kompatibilis a T-ny\u00edl\u00e1s\u00fa rendszerekkel?<\/b><\/p>\n<p>Abszol\u00fat \u00fagy tervezt\u00e9k, hogy z\u00f6kken\u0151mentesen illeszkedjen a legt\u00f6bb szabv\u00e1nyos alum\u00ednium T-ny\u00edl\u00e1s\u00fa keretrendszerhez.<br \/>\n<\/p><br \/>\n<br \/>\n<p><b>6.Does Double Angle Aluminium Extrusion fenntartja a pontoss\u00e1got az id\u0151 m\u00fal\u00e1s\u00e1val?<\/b><\/p>\n<p>Igen, a tervezett profil \u00e9s az elox\u00e1lt fel\u00fclet biztos\u00edtja a m\u00e9retstabilit\u00e1st \u00e9s a hossz\u00fa t\u00e1v\u00fa teljes\u00edtm\u00e9nyt.<br \/>\n<\/p><br \/>\n<br \/>\n<p><b>7.Milyen anyagokat haszn\u00e1lnak a kett\u0151s sz\u00f6g\u0171 alum\u00ednium extrud\u00e1l\u00e1sban?<\/b><\/p>\n<p>Az extrud\u00e1l\u00e1s kiv\u00e1l\u00f3 min\u0151s\u00e9g\u0171 alum\u00ednium\u00f6tv\u00f6zetb\u0151l k\u00e9sz\u00fcl, jellemz\u0151en 6061 vagy 6063, amely szil\u00e1rds\u00e1g\u00e1r\u00f3l \u00e9s megmunk\u00e1lhat\u00f3s\u00e1g\u00e1r\u00f3l ismert.<br \/>\n<\/p><br \/>\n<br \/>\n<p><b>8.Hogyan t\u00e1mogatja a kett\u0151s sz\u00f6g\u0171 alum\u00ednium extrud\u00e1l\u00e1s a neh\u00e9z terheket?<\/b><\/p>\n<p>Sz\u00f6gletes kialak\u00edt\u00e1sa hat\u00e9konyan osztja el a s\u00falyt, \u00edgy er\u0151s teherb\u00edr\u00e1st biztos\u00edt az ipari keretekben.<br \/>\n<\/p><br \/><\/p>","protected":false},"featured_media":7738,"template":"","categories":[67],"class_list":["post-7739","product","type-product","status-publish","has-post-thumbnail","hentry","category-architectural-aluminium-profile"],"meta_box":{"hilight_text_group":{"product_hilight_text":"<li>High strength-to-weight ratio ensures structural integrity in demanding applications<\/li>\r\r\n<li>Corrosion-resistant anodized finish suitable for indoor and outdoor use<\/li>\r\r\n<li>Precision-engineered 90-degree angle design for consistent alignment<\/li>\r\r\n<li>Compatible with most T-slot aluminium framing systems<\/li>\r\r\n<li>Lightweight yet durable, ideal for modular construction and assembly<\/li>","product_chanpin_blog":"<ul>\r\r\n<li><a href=\"https:\/\/sinoextrud.com\/t-slot-v-slot-differences\/\" target=\"_blank\">t slot vs v slot<\/a><\/li>\r\r\n<li><a href=\"https:\/\/sinoextrud.com\/what-is-4040-aluminium-extrud\/\" target=\"_blank\">4040 aluminium extrusion<\/a><\/li>\r\r\n<li><a href=\"https:\/\/sinoextrud.com\/what-is-4040-aluminium-extrud\/\" target=\"_blank\">aluminum extrusions for industrial racks<\/a><\/li>\r\r\n<li><a href=\"https:\/\/sinoextrud.com\/powder-coating-aluminium-process\/\" target=\"_blank\">powder coating aluminium<\/a><\/li>\r\r\n<li><a href=\"https:\/\/sinoextrud.com\/what-is-an-aluminium-strip-ceiling\/\" target=\"_blank\">aluminium strip ceiling<\/a><\/li>\r\r\n<li><a href=\"https:\/\/sinoextrud.com\/what-is-a-heat-sink\/\" target=\"_blank\">what is a heat sink<\/a><\/li>\r\r\n<\/ul>","product_chanpin_chanpin":"<li><a href=\"https:\/\/sinoextrud.com\/product\/aluminium-profile-to-make-doors-and-windows\/\" target=\"_blank\">Aluminium Profile to Make Doors And Windows<\/a><\/li>\r\n<li><a href=\"https:\/\/sinoextrud.com\/product\/structural-aluminium-profiles\/\" target=\"_blank\">Structural Aluminium Profiles<\/a><\/li>\r\n<li><a href=\"https:\/\/sinoextrud.com\/product\/aluminium-sliding-casement-window-profile\/\" target=\"_blank\">Aluminium Sliding Casement Window Profile<\/a><\/li>\r\n<li><a href=\"https:\/\/sinoextrud.com\/product\/industrial-aluminium-doors\/\" target=\"_blank\">Industrial Aluminium Doors<\/a><\/li>\r\n<li><a href=\"https:\/\/sinoextrud.com\/product\/double-angle-aluminium-extrusion\/\" target=\"_blank\">Double Angle Aluminium Extrusion<\/a><\/li>\r\n<li><a href=\"https:\/\/sinoextrud.com\/product\/aluminium-sections-for-doors-and-windows\/\" target=\"_blank\">Aluminium Sections For Doors And Windows<\/a><\/li>\r\n<li><a href=\"https:\/\/sinoextrud.com\/product\/extruded-aluminium-curtain-rails-profile-prices\/\" target=\"_blank\">Extruded Aluminium Curtain Rails Profile Prices<\/a><\/li>\r\n<li><a href=\"https:\/\/sinoextrud.com\/product\/h-section-aluminium-extrusion\/\" target=\"_blank\">H Section Aluminium Extrusion<\/a><\/li>\r\n<li><a href=\"https:\/\/sinoextrud.com\/product\/aluminum-cabinet-extrusions\/\" target=\"_blank\">Aluminum Cabinet Extrusions<\/a><\/li>\r\n<li><a href=\"https:\/\/sinoextrud.com\/product\/aluminium-louver-extrusions\/\" target=\"_blank\">Aluminium Louver Extrusions<\/a><\/li>\r\n<li><a href=\"https:\/\/sinoextrud.com\/product\/aluminum-extrusion-2024-aluminum-profile\/\" target=\"_blank\">Aluminum Extrusion 2024 Aluminum Profile<\/a><\/li>"},"feature_list":[]},"_links":{"self":[{"href":"https:\/\/sinoextrud.com\/hu\/wp-json\/wp\/v2\/product\/7739","targetHints":{"allow":["GET"]}}],"collection":[{"href":"https:\/\/sinoextrud.com\/hu\/wp-json\/wp\/v2\/product"}],"about":[{"href":"https:\/\/sinoextrud.com\/hu\/wp-json\/wp\/v2\/types\/product"}],"wp:featuredmedia":[{"embeddable":true,"href":"https:\/\/sinoextrud.com\/hu\/wp-json\/wp\/v2\/media\/7738"}],"wp:attachment":[{"href":"https:\/\/sinoextrud.com\/hu\/wp-json\/wp\/v2\/media?parent=7739"}],"wp:term":[{"taxonomy":"category","embeddable":true,"href":"https:\/\/sinoextrud.com\/hu\/wp-json\/wp\/v2\/categories?post=7739"}],"curies":[{"name":"wp","href":"https:\/\/api.w.org\/{rel}","templated":true}]}}