{"id":7731,"date":"2025-06-10T02:46:00","date_gmt":"2025-06-10T02:46:00","guid":{"rendered":"https:\/\/sinoextrud.com\/product\/aluminium-profile-to-make-doors-and-windows\/"},"modified":"2025-06-24T06:13:32","modified_gmt":"2025-06-24T06:13:32","slug":"aluminium-profil-ajtok-es-ablakok-keszitesehez","status":"publish","type":"product","link":"https:\/\/sinoextrud.com\/hu\/product\/aluminium-profile-to-make-doors-and-windows\/","title":{"rendered":"Alum\u00ednium profil ajt\u00f3k \u00e9s ablakok k\u00e9sz\u00edt\u00e9s\u00e9hez"},"content":{"rendered":"<h2>Term\u00e9kek r\u00e9szletei<\/h2>\n<table class=\"custom-table\">\n<tbody>\n<tr>\n<td> T\u00e9tel:<\/td>\n<td> Alum\u00ednium profil ajt\u00f3k \u00e9s ablakok k\u00e9sz\u00edt\u00e9s\u00e9hez<\/td>\n<td> Oszt\u00e1ly:<\/td>\n<td> 6000-es sorozat<\/td>\n<\/tr>\n<tr>\n<td> Anyag:<\/td>\n<td> 6063-T5, 6063-T6, 6061-T5, 6061-T6, 6463-T5<\/td>\n<td> T\u00edpus:<\/td>\n<td> Alum\u00ednium exturzi\u00f3s profilok<\/td>\n<\/tr>\n<tr>\n<td> Specifik\u00e1ci\u00f3:<\/td>\n<td> ISO9001, ISO14001<\/td>\n<td> \u00f6tv\u00f6zet:<\/td>\n<td> \u00d6tv\u00f6zet<\/td>\n<\/tr>\n<tr>\n<td> Fel\u00fcletkezel\u00e9s:<\/td>\n<td> Porsz\u00f3rt bevonat\u00fa, fa szemcs\u00e9s, elox\u00e1lt, stb.<\/td>\n<td> M\u00e9ret:<\/td>\n<td> Custom<\/td>\n<\/tr>\n<tr>\n<td> Min\u0151s\u00e9gellen\u0151rz\u00e9s:<\/td>\n<td> 100% Sz\u00e1ll\u00edt\u00e1s el\u0151tti ellen\u0151rz\u00e9s<\/td>\n<td> Havi teljes\u00edtm\u00e9ny:<\/td>\n<td> 15,000+ tonna<\/td>\n<\/tr>\n<tr>\n<td> V\u00e9djegy:<\/td>\n<td> Sinoextrud (Sinoextrud) \/ OEM<\/td>\n<td> Eredet:<\/td>\n<td> Foshan, K\u00edna<\/td>\n<\/tr>\n<\/tbody>\n<\/table>\n<h2>Gy\u00e1rt\u00f3 b\u00e1zisunk<\/h2>\n<h3>Gy\u00e1ri panor\u00e1ma<\/h3>\n<p><img decoding=\"async\" src=\"\/wp-content\/uploads\/factory-01.webp\"\/><\/p>\n<h3>Alum\u00ednium r\u00fadgy\u00e1rt\u00f3 m\u0171hely<\/h3>\n<p><img decoding=\"async\" src=\"\/wp-content\/uploads\/factory-02.webp\"\/><\/p>\n<p><img decoding=\"async\" src=\"\/wp-content\/uploads\/factory-03.webp\"\/><\/p>\n<h3>Pen\u00e9sz rakt\u00e1r<\/h3>\n<p><img decoding=\"async\" src=\"\/wp-content\/uploads\/factory-04.webp\"\/><\/p>\n<h3>43 alum\u00ednium extrud\u00e1l\u00f3 vonal (500-5500 tonna)<\/h3>\n<p><img decoding=\"async\" src=\"\/wp-content\/uploads\/factory-05.webp\"\/><\/p>\n<p><img decoding=\"async\" src=\"\/wp-content\/uploads\/factory-06.webp\"\/><\/p>\n<p><img decoding=\"async\" src=\"\/wp-content\/uploads\/factory-07.webp\"\/><\/p>\n<h3>Porfest\u0151 m\u0171hely<\/h3>\n<p><img decoding=\"async\" src=\"\/wp-content\/uploads\/factory-09.webp\"\/><\/p>\n<h3>Anodiz\u00e1l\u00f3 m\u0171hely<\/h3>\n<p><img decoding=\"async\" src=\"\/wp-content\/uploads\/factory-10.webp\"\/><\/p>\n<h3>M\u00e9ly feldolgoz\u00e1si m\u0171hely<\/h3>\n<p><img decoding=\"async\" src=\"\/wp-content\/uploads\/factory-11.webp\"\/><\/p>\n<h3>CNC prec\u00edzi\u00f3s megmunk\u00e1l\u00f3 m\u0171hely<\/h3>\n<p><img decoding=\"async\" src=\"\/wp-content\/uploads\/factory-11.5.webp\"\/><\/p>\n<h3>K\u00e9szterm\u00e9k \u00e9s export rakt\u00e1r<\/h3>\n<p><img decoding=\"async\" src=\"\/wp-content\/uploads\/factory-12.webp\"\/><\/p>\n<p><img decoding=\"async\" src=\"\/wp-content\/uploads\/factory-13.webp\"\/><\/p>\n<p><img decoding=\"async\" src=\"\/wp-content\/uploads\/factory-14.webp\"\/><\/p>\n<h2>GYIK<\/h2>\n<p><p><b>1.Mi az alum\u00ednium profil az ajt\u00f3k \u00e9s ablakok k\u00e9sz\u00edt\u00e9s\u00e9hez?<\/b><\/p>\n<p>Kifejezetten tart\u00f3s \u00e9s st\u00edlusos ablak- \u00e9s ajt\u00f3rendszerek \u00e9p\u00edt\u00e9s\u00e9re tervezett extrud\u00e1lt alum\u00edniumkeretekre utal.<br \/>\n<\/p><br \/>\n<br \/>\n<p><b>2.Mi\u00e9rt v\u00e1lasszunk alum\u00ednium profilokat ablakok \u00e9s ajt\u00f3k sz\u00e1m\u00e1ra?<\/b><\/p>\n<p>Az alum\u00ednium er\u0151s, k\u00f6nny\u0171 \u00e9s korr\u00f3zi\u00f3\u00e1ll\u00f3 megold\u00e1st k\u00edn\u00e1l, amely ide\u00e1lis a hossz\u00fa \u00e9lettartam\u00fa \u00e9s alacsony karbantart\u00e1si ig\u00e9ny\u0171 alkalmaz\u00e1sokhoz.<br \/>\n<\/p><br \/>\n<br \/>\n<p><b>3.Alkalmasak-e az alum\u00ednium ajt\u00f3- \u00e9s ablakprofilok k\u00fclt\u00e9ri haszn\u00e1latra?<\/b><\/p>\n<p>Igen, id\u0151j\u00e1r\u00e1s\u00e1ll\u00f3 bevonattal kezelik \u0151ket, hogy j\u00f3l teljes\u00edtsenek k\u00fclt\u00e9ri \u00e9s tengerparti k\u00f6rnyezetben.<br \/>\n<\/p><br \/>\n<br \/>\n<p><b>4.Lehet ezeket a profilokat testre szabni?<\/b><\/p>\n<p>Az alum\u00edniumprofilok alakja, m\u00e9rete, sz\u00edne \u00e9s fel\u00fclete term\u00e9szetesen testre szabhat\u00f3, hogy megfeleljen a k\u00fcl\u00f6nb\u00f6z\u0151 tervez\u00e9si k\u00f6vetelm\u00e9nyeknek.<br \/>\n<\/p><br \/>\n<br \/>\n<p><b>5.Milyen t\u00edpus\u00fa ablak- \u00e9s ajt\u00f3rendszerekben haszn\u00e1lnak alum\u00ednium profilokat?<\/b><\/p>\n<p>Tol\u00f3-, sz\u00e1rny-, napellenz\u0151-, billen\u0151- \u00e9s forg\u00f3-, valamint fix \u00fcvegrendszerekben haszn\u00e1lj\u00e1k \u0151ket.<br \/>\n<\/p><br \/>\n<br \/>\n<p><b>6.T\u00e1mogatj\u00e1k-e az alum\u00edniumprofilok a h\u0151szigetel\u00e9st?<\/b><\/p>\n<p>Igen, a h\u0151szigetel\u0151 technol\u00f3gi\u00e1val ell\u00e1tott profilok jobb szigetel\u00e9st \u00e9s energiahat\u00e9konys\u00e1got biztos\u00edtanak.<br \/>\n<\/p><br \/>\n<br \/>\n<p><b>7.K\u00f6nny\u0171-e az alum\u00ednium profilokat felszerelni?<\/b><\/p>\n<p>Igen, prec\u00edzi\u00f3s kialak\u00edt\u00e1suk \u00e9s k\u00f6nny\u0171 s\u00falyuk gyors \u00e9s hat\u00e9kony telep\u00edt\u00e9st tesz lehet\u0151v\u00e9.<br \/>\n<\/p><br \/>\n<br \/>\n<p><b>8.K\u00f6rnyezetbar\u00e1t-e az alum\u00ednium az ajt\u00f3k \u00e9s ablakok eset\u00e9ben?<\/b><\/p>\n<p>Igen, az alum\u00ednium 100% \u00fajrahasznos\u00edthat\u00f3, \u00e9s t\u00e1mogatja a fenntarthat\u00f3 \u00e9p\u00edt\u00e9si gyakorlatokat.<br \/>\n<\/p><br \/><\/p>","protected":false},"featured_media":7730,"template":"","categories":[67],"class_list":["post-7731","product","type-product","status-publish","has-post-thumbnail","hentry","category-architectural-aluminium-profile"],"meta_box":{"hilight_text_group":{"product_hilight_text":"<li>High-strength aluminum profiles ensure structural stability for doors and windows<\/li>\r\r\n<li>Corrosion-resistant finish ideal for outdoor and humid environments<\/li>\r\r\n<li>Lightweight material enables easy handling and installation<\/li>\r\r\n<li>Available in various designs for sliding, casement, and fixed systems<\/li>\r\r\n<li>Supports thermal break options for energy-efficient solutions<\/li>\r\r\n<li>Customizable colors and surface treatments to match architectural styles<\/li>\r\r\n<li>Low maintenance with long service life and aesthetic appeal<\/li>","product_chanpin_blog":"<ul>\r\r\n<li><a href=\"https:\/\/sinoextrud.com\/t-slot-v-slot-differences\/\" target=\"_blank\">t slot vs v slot<\/a><\/li>\r\r\n<li><a href=\"https:\/\/sinoextrud.com\/what-is-4040-aluminium-extrud\/\" target=\"_blank\">4040 aluminium extrusion<\/a><\/li>\r\r\n<li><a href=\"https:\/\/sinoextrud.com\/what-is-4040-aluminium-extrud\/\" target=\"_blank\">aluminum extrusions for industrial racks<\/a><\/li>\r\r\n<li><a href=\"https:\/\/sinoextrud.com\/powder-coating-aluminium-process\/\" target=\"_blank\">powder coating aluminium<\/a><\/li>\r\r\n<li><a href=\"https:\/\/sinoextrud.com\/what-is-an-aluminium-strip-ceiling\/\" target=\"_blank\">aluminium strip ceiling<\/a><\/li>\r\r\n<li><a href=\"https:\/\/sinoextrud.com\/what-is-a-heat-sink\/\" target=\"_blank\">what is a heat sink<\/a><\/li>\r\r\n<\/ul>","product_chanpin_chanpin":"<li><a href=\"https:\/\/sinoextrud.com\/product\/profiles-aluminum\/\" target=\"_blank\">Profiles aluminum<\/a><\/li>\r\n<li><a href=\"https:\/\/sinoextrud.com\/product\/aluminium-frame\/\" target=\"_blank\">Aluminium Frame<\/a><\/li>\r\n<li><a href=\"https:\/\/sinoextrud.com\/product\/bending-aluminium-tube\/\" target=\"_blank\">Bending Aluminium Tube<\/a><\/li>\r\n<li><a href=\"https:\/\/sinoextrud.com\/product\/anodised-aluminium\/\" target=\"_blank\">Anodised Aluminium<\/a><\/li>\r\n<li><a href=\"https:\/\/sinoextrud.com\/product\/aluminium-profile-to-make-doors-and-windows\/\" target=\"_blank\">Aluminium Profile to Make Doors And Windows<\/a><\/li>\r\n<li><a href=\"https:\/\/sinoextrud.com\/product\/structural-aluminium-profiles\/\" target=\"_blank\">Structural Aluminium Profiles<\/a><\/li>\r\n<li><a href=\"https:\/\/sinoextrud.com\/product\/aluminium-sliding-casement-window-profile\/\" target=\"_blank\">Aluminium Sliding Casement Window Profile<\/a><\/li>\r\n<li><a href=\"https:\/\/sinoextrud.com\/product\/industrial-aluminium-doors\/\" target=\"_blank\">Industrial Aluminium Doors<\/a><\/li>\r\n<li><a href=\"https:\/\/sinoextrud.com\/product\/double-angle-aluminium-extrusion\/\" target=\"_blank\">Double Angle Aluminium Extrusion<\/a><\/li>\r\n<li><a href=\"https:\/\/sinoextrud.com\/product\/aluminum-outdoor-louvers\/\" target=\"_blank\">Aluminum Outdoor Louvers<\/a><\/li>\r\n<li><a href=\"https:\/\/sinoextrud.com\/product\/aluminum-ceiling-system\/\" target=\"_blank\">Aluminum Ceiling System<\/a><\/li>"},"feature_list":[]},"_links":{"self":[{"href":"https:\/\/sinoextrud.com\/hu\/wp-json\/wp\/v2\/product\/7731","targetHints":{"allow":["GET"]}}],"collection":[{"href":"https:\/\/sinoextrud.com\/hu\/wp-json\/wp\/v2\/product"}],"about":[{"href":"https:\/\/sinoextrud.com\/hu\/wp-json\/wp\/v2\/types\/product"}],"wp:featuredmedia":[{"embeddable":true,"href":"https:\/\/sinoextrud.com\/hu\/wp-json\/wp\/v2\/media\/7730"}],"wp:attachment":[{"href":"https:\/\/sinoextrud.com\/hu\/wp-json\/wp\/v2\/media?parent=7731"}],"wp:term":[{"taxonomy":"category","embeddable":true,"href":"https:\/\/sinoextrud.com\/hu\/wp-json\/wp\/v2\/categories?post=7731"}],"curies":[{"name":"wp","href":"https:\/\/api.w.org\/{rel}","templated":true}]}}