{"id":7729,"date":"2025-06-10T02:43:40","date_gmt":"2025-06-10T02:43:40","guid":{"rendered":"https:\/\/sinoextrud.com\/product\/anodised-aluminium\/"},"modified":"2025-06-24T06:13:31","modified_gmt":"2025-06-24T06:13:31","slug":"eloxalt-aluminium-2","status":"publish","type":"product","link":"https:\/\/sinoextrud.com\/hu\/product\/anodised-aluminium\/","title":{"rendered":"Elox\u00e1lt alum\u00ednium"},"content":{"rendered":"<h2>Term\u00e9kek r\u00e9szletei<\/h2>\n<table class=\"custom-table\">\n<tbody>\n<tr>\n<td> M\u00e1rkan\u00e9v<\/td>\n<td> Sinoextrud\/Sinoextrud<\/td>\n<\/tr>\n<tr>\n<td> OEM vagy ODM<\/td>\n<td> El\u00e9rhet\u0151<br \/>\nElox\u00e1lt alum\u00ednium profilok<\/td>\n<\/tr>\n<tr>\n<td> \u00d6tv\u00f6zet<\/td>\n<td> 6063 T5, 6463 T5,6061<\/td>\n<\/tr>\n<tr>\n<td> Profil vastags\u00e1ga<\/td>\n<td> Minimum 0,5 mm.<\/td>\n<\/tr>\n<tr>\n<td> Elox\u00e1lt film<\/td>\n<td> Vastags\u00e1g 5-20\u03bcm<\/td>\n<\/tr>\n<tr>\n<td> Porsz\u00f3r\u00e1s<\/td>\n<td> Vastags\u00e1g 30-100\u03bcm<\/td>\n<\/tr>\n<tr>\n<td> Befejez\u00e9s<\/td>\n<td> Elox\u00e1lt, ecset, pol\u00edroz\u00e1s (t\u00fck\u00f6r), homokf\u00fav\u00e1s, porsz\u00f3r\u00e1s<\/td>\n<\/tr>\n<tr>\n<td> Sz\u00ednes<\/td>\n<td> Ez\u00fcst, pezsg\u0151, feh\u00e9r, s\u00e1rgar\u00e9z, fekete, tit\u00e1n, sz\u00fcrke, s\u00f6t\u00e9tk\u00e9k, lila arany, arany, r\u00f3zsaarany.<\/td>\n<\/tr>\n<tr>\n<td> Hossz\u00fas\u00e1g<\/td>\n<td> 3m vagy 6m, vagy az \u00fcgyf\u00e9l ig\u00e9nye szerint.<\/td>\n<\/tr>\n<tr>\n<td> Alkalmaz\u00e1s<\/td>\n<td> Konyh\u00e1k, tol\u00f3szekr\u00e9nyek, tol\u00f3ajt\u00f3k, zuhanyajt\u00f3k, ablakok \u00e9s ajt\u00f3k, padl\u00f3burkolatok, sz\u0151nyegl\u00e9cek, ipar.<\/td>\n<\/tr>\n<tr>\n<td> Csomagol\u00e1s<\/td>\n<td> Szelekt\u00edv: v\u00e9d\u0151f\u00f3lia, polizs\u00e1k, zsugorf\u00f3lia, v\u00edz\u00e1ll\u00f3 pap\u00edr, kartondoboz, EPE hab, sz\u0151tt szalag.<\/td>\n<\/tr>\n<tr>\n<td> Garancia<\/td>\n<td> A k\u00e9sz \u00e9s a sz\u00edn 10-20 \u00e9vig stabil lehet belt\u00e9ri haszn\u00e1latra.<\/td>\n<\/tr>\n<tr>\n<td> Termel\u00e9si kapacit\u00e1s<\/td>\n<td> 15 000 tonna\/h\u00f3<\/td>\n<\/tr>\n<tr>\n<td> Formak\u00e9sz\u00edt\u00e9s<\/td>\n<td> 7-10 nap<\/td>\n<\/tr>\n<tr>\n<td> Pen\u00e9sz k\u00f6lts\u00e9g<\/td>\n<td> Az \u00f6nt\u0151forma gy\u00e1rt\u00f3j\u00e1nak \u00e1ra szerint legfeljebb 5 tonna \u00f6nt\u0151forma k\u00f6lts\u00e9gei ingyenesek.<\/td>\n<\/tr>\n<tr>\n<td> Sz\u00e1ll\u00edt\u00e1s<\/td>\n<td> 20 nappal az el\u0151leg be\u00e9rkez\u00e9se ut\u00e1n vagy l\u00e1tra sz\u00f3l\u00f3 L\/C.<\/td>\n<\/tr>\n<tr>\n<td> MOQ<\/td>\n<td> 200 kg\/t\u00e9tel<\/td>\n<\/tr>\n<tr>\n<td> Fizet\u00e9si hat\u00e1rid\u0151<\/td>\n<td> T\/T, L\/C l\u00e1t\u00e1sra.<\/td>\n<\/tr>\n<tr>\n<td> Telep\u00fcl\u00e9s<\/td>\n<td> elm\u00e9leti s\u00faly vagy t\u00e9nyleges brutt\u00f3 s\u00faly szerint.<\/td>\n<\/tr>\n<tr>\n<td> Rakod\u00f3 kik\u00f6t\u0151<\/td>\n<td> Guangzhou\/FOSHAN<\/td>\n<\/tr>\n<\/tbody>\n<\/table>\n<h2>Gy\u00e1rt\u00f3 b\u00e1zisunk<\/h2>\n<h3>Gy\u00e1ri panor\u00e1ma<\/h3>\n<p><img decoding=\"async\" src=\"\/wp-content\/uploads\/factory-01.webp\"\/><\/p>\n<h3>Alum\u00ednium r\u00fadgy\u00e1rt\u00f3 m\u0171hely<\/h3>\n<p><img decoding=\"async\" src=\"\/wp-content\/uploads\/factory-02.webp\"\/><\/p>\n<\/p>\n<p><img decoding=\"async\" src=\"\/wp-content\/uploads\/factory-03.webp\"\/><\/p>\n<h3>Pen\u00e9sz rakt\u00e1r<\/h3>\n<p><img decoding=\"async\" src=\"\/wp-content\/uploads\/factory-04.webp\"\/><\/p>\n<h3>43 alum\u00ednium extrud\u00e1l\u00f3 vonal (500-5500 tonna)<\/h3>\n<p><img decoding=\"async\" src=\"\/wp-content\/uploads\/factory-05.webp\"\/><\/p>\n<p><img decoding=\"async\" src=\"\/wp-content\/uploads\/factory-06.webp\"\/><\/p>\n<p><img decoding=\"async\" src=\"\/wp-content\/uploads\/factory-07.webp\"\/><\/p>\n<h3>Porfest\u0151 m\u0171hely<\/h3>\n<p><img decoding=\"async\" src=\"\/wp-content\/uploads\/factory-09.webp\"\/><\/p>\n<h3>Anodiz\u00e1l\u00f3 m\u0171hely<\/h3>\n<p><img decoding=\"async\" src=\"\/wp-content\/uploads\/factory-10.webp\"\/><\/p>\n<h3>M\u00e9ly feldolgoz\u00e1si m\u0171hely<\/h3>\n<p><img decoding=\"async\" src=\"\/wp-content\/uploads\/factory-11.webp\"\/><\/p>\n<h3>CNC prec\u00edzi\u00f3s megmunk\u00e1l\u00f3 m\u0171hely<\/h3>\n<p><img decoding=\"async\" src=\"\/wp-content\/uploads\/factory-11.5.webp\"\/><\/p>\n<h3>K\u00e9szterm\u00e9k \u00e9s export rakt\u00e1r<\/h3>\n<p><img decoding=\"async\" src=\"\/wp-content\/uploads\/factory-12.webp\"\/><\/p>\n<p><img decoding=\"async\" src=\"\/wp-content\/uploads\/factory-13.webp\"\/><\/p>\n<p><img decoding=\"async\" src=\"\/wp-content\/uploads\/factory-14.webp\"\/><\/p>\n<h2>GYIK<\/h2>\n<p><b>1.Mi az elox\u00e1lt alum\u00ednium?<\/b><\/p>\n<p>Az elox\u00e1lt alum\u00ednium olyan alum\u00ednium, amely elektrok\u00e9miai elj\u00e1r\u00e1son ment kereszt\u00fcl, amelynek sor\u00e1n a fel\u00fclet\u00e9n tart\u00f3s, korr\u00f3zi\u00f3\u00e1ll\u00f3 \u00e9s dekorat\u00edv oxidr\u00e9teg keletkezik.\n<\/p>\n<p><\/p>\n<p><b>2.Mik az alum\u00ednium elox\u00e1l\u00e1s\u00e1nak el\u0151nyei?<\/b><\/p>\n<p>Az elox\u00e1l\u00e1s jav\u00edtja a korr\u00f3zi\u00f3\u00e1ll\u00f3s\u00e1got, a fel\u00fcleti kem\u00e9nys\u00e9get, a kop\u00e1s\u00e1ll\u00f3s\u00e1got, \u00e9s lehet\u0151v\u00e9 teszi a sz\u00ednkik\u00e9sz\u00edt\u00e9st, mik\u00f6zben meg\u0151rzi a f\u00e9mes megjelen\u00e9st.\n<\/p>\n<p><\/p>\n<p><b>3.Alkalmas-e az elox\u00e1lt alum\u00ednium k\u00fclt\u00e9ri haszn\u00e1latra?<\/b><\/p>\n<p>Igen, a v\u00e9d\u0151 oxidr\u00e9teg miatt ide\u00e1lis az id\u0151j\u00e1r\u00e1snak \u00e9s UV-sug\u00e1rz\u00e1snak kitett k\u00fcls\u0151 k\u00f6rnyezetekben.\n<\/p>\n<p><\/p>\n<p><b>4.Lehet-e sz\u00ednezni az elox\u00e1lt alum\u00edniumot?<\/b><\/p>\n<p>Abszol\u00fat, az elox\u00e1l\u00e1s lehet\u0151v\u00e9 teszi a sz\u00ednek sz\u00e9les sk\u00e1l\u00e1j\u00e1nak alkalmaz\u00e1s\u00e1t, mik\u00f6zben tart\u00f3s, fakul\u00e1s\u00e1ll\u00f3 fel\u00fcletet biztos\u00edt.\n<\/p>\n<p><\/p>\n<p><b>5.Az elox\u00e1lt alum\u00ednium karbantart\u00e1st ig\u00e9nyel?<\/b><\/p>\n<p>Nagyon kev\u00e9s - a rendszeres tiszt\u00edt\u00e1s \u00e1ltal\u00e1ban elegend\u0151 a megjelen\u00e9s \u00e9s a teljes\u00edtm\u00e9ny fenntart\u00e1s\u00e1hoz.\n<\/p>\n<p><\/p>\n<p><b>6.Az elox\u00e1l\u00e1s k\u00f6rnyezetbar\u00e1t?<\/b><\/p>\n<p>Igen, az elox\u00e1l\u00e1si folyamat nem m\u00e9rgez\u0151, minim\u00e1lis hullad\u00e9kot termel, \u00e9s t\u00e1mogatja az \u00fajrahasznos\u00edthat\u00f3 alum\u00ednium haszn\u00e1lat\u00e1t.\n<\/p>\n<p><\/p>\n<p><b>7.Milyen ipar\u00e1gak haszn\u00e1lj\u00e1k az elox\u00e1lt alum\u00edniumot?<\/b><\/p>\n<p>Az \u00e9p\u00edt\u00e9szetben, az aut\u00f3iparban, az elektronik\u00e1ban, a fogyaszt\u00e1si cikkekben, a rep\u00fcl\u0151g\u00e9piparban \u00e9s a haj\u00f3z\u00e1si iparban haszn\u00e1lj\u00e1k funkcion\u00e1lis \u00e9s eszt\u00e9tikai c\u00e9lokra egyar\u00e1nt.\n<\/p>\n<p><\/p>\n<p><b>8.Az elox\u00e1lt alum\u00ednium tart\u00f3sabb, mint a festett alum\u00ednium?<\/b><\/p>\n<p>Igen, az elox\u00e1lt r\u00e9teg szerves r\u00e9sze a f\u00e9mnek, \u00e9s a fel\u00fcleti bevonatokhoz k\u00e9pest nagyobb ellen\u00e1ll\u00e1st biztos\u00edt a karcol\u00f3d\u00e1ssal, lepattan\u00e1ssal \u00e9s fakul\u00e1ssal szemben.\n<\/p>\n<p><\/p>","protected":false},"featured_media":7728,"template":"","categories":[67],"class_list":["post-7729","product","type-product","status-publish","has-post-thumbnail","hentry","category-architectural-aluminium-profile"],"meta_box":{"hilight_text_group":{"product_hilight_text":"<li>Enhanced surface hardness and scratch resistance<\/li>\r\r\n<li>Excellent corrosion resistance for outdoor and industrial use<\/li>\r\r\n<li>Attractive metallic finish available in various colors<\/li>\r\r\n<li>Improved paint and adhesive bonding capabilities<\/li>\r\r\n<li>Long-lasting performance with minimal maintenance<\/li>\r\r\n<li>Environmentally friendly and non-toxic anodizing process<\/li>\r\r\n<li>Customizable thickness and finish for diverse applications<\/li>","product_chanpin_blog":"<ul>\r\r\n<li><a href=\"https:\/\/sinoextrud.com\/t-slot-v-slot-differences\/\" target=\"_blank\">t slot vs v slot<\/a><\/li>\r\r\n<li><a href=\"https:\/\/sinoextrud.com\/what-is-4040-aluminium-extrud\/\" target=\"_blank\">4040 aluminium extrusion<\/a><\/li>\r\r\n<li><a href=\"https:\/\/sinoextrud.com\/what-is-4040-aluminium-extrud\/\" target=\"_blank\">aluminum extrusions for industrial racks<\/a><\/li>\r\r\n<li><a href=\"https:\/\/sinoextrud.com\/powder-coating-aluminium-process\/\" target=\"_blank\">powder coating aluminium<\/a><\/li>\r\r\n<li><a href=\"https:\/\/sinoextrud.com\/what-is-an-aluminium-strip-ceiling\/\" target=\"_blank\">aluminium strip ceiling<\/a><\/li>\r\r\n<li><a href=\"https:\/\/sinoextrud.com\/what-is-a-heat-sink\/\" target=\"_blank\">what is a heat sink<\/a><\/li>\r\r\n<\/ul>","product_chanpin_chanpin":"<li><a href=\"https:\/\/sinoextrud.com\/product\/aluminum-profile-glass-curtain-wall-system\/\" target=\"_blank\">Aluminum Profile Glass Curtain Wall System<\/a><\/li>\r\n<li><a href=\"https:\/\/sinoextrud.com\/product\/profiles-aluminum\/\" target=\"_blank\">Profiles aluminum<\/a><\/li>\r\n<li><a href=\"https:\/\/sinoextrud.com\/product\/aluminium-frame\/\" target=\"_blank\">Aluminium Frame<\/a><\/li>\r\n<li><a href=\"https:\/\/sinoextrud.com\/product\/bending-aluminium-tube\/\" target=\"_blank\">Bending Aluminium Tube<\/a><\/li>\r\n<li><a href=\"https:\/\/sinoextrud.com\/product\/anodised-aluminium\/\" target=\"_blank\">Anodised Aluminium<\/a><\/li>\r\n<li><a href=\"https:\/\/sinoextrud.com\/product\/aluminium-profile-to-make-doors-and-windows\/\" target=\"_blank\">Aluminium Profile to Make Doors And Windows<\/a><\/li>\r\n<li><a href=\"https:\/\/sinoextrud.com\/product\/structural-aluminium-profiles\/\" target=\"_blank\">Structural Aluminium Profiles<\/a><\/li>\r\n<li><a href=\"https:\/\/sinoextrud.com\/product\/aluminium-sliding-casement-window-profile\/\" target=\"_blank\">Aluminium Sliding Casement Window Profile<\/a><\/li>\r\n<li><a href=\"https:\/\/sinoextrud.com\/product\/industrial-aluminium-doors\/\" target=\"_blank\">Industrial Aluminium Doors<\/a><\/li>\r\n<li><a href=\"https:\/\/sinoextrud.com\/product\/special-shaped-baffle-ceiling-system\/\" target=\"_blank\">Special Shaped Baffle Ceiling System<\/a><\/li>\r\n<li><a href=\"https:\/\/sinoextrud.com\/product\/cutting-bending-aluminum-led-strip-heatsink\/\" target=\"_blank\">Cutting Bending Aluminum LED Strip Heatsink<\/a><\/li>"},"feature_list":[]},"_links":{"self":[{"href":"https:\/\/sinoextrud.com\/hu\/wp-json\/wp\/v2\/product\/7729","targetHints":{"allow":["GET"]}}],"collection":[{"href":"https:\/\/sinoextrud.com\/hu\/wp-json\/wp\/v2\/product"}],"about":[{"href":"https:\/\/sinoextrud.com\/hu\/wp-json\/wp\/v2\/types\/product"}],"wp:featuredmedia":[{"embeddable":true,"href":"https:\/\/sinoextrud.com\/hu\/wp-json\/wp\/v2\/media\/7728"}],"wp:attachment":[{"href":"https:\/\/sinoextrud.com\/hu\/wp-json\/wp\/v2\/media?parent=7729"}],"wp:term":[{"taxonomy":"category","embeddable":true,"href":"https:\/\/sinoextrud.com\/hu\/wp-json\/wp\/v2\/categories?post=7729"}],"curies":[{"name":"wp","href":"https:\/\/api.w.org\/{rel}","templated":true}]}}