{"id":7725,"date":"2025-06-10T02:40:14","date_gmt":"2025-06-10T02:40:14","guid":{"rendered":"https:\/\/sinoextrud.com\/product\/aluminium-frame\/"},"modified":"2025-06-24T06:13:31","modified_gmt":"2025-06-24T06:13:31","slug":"aluminiumkeret","status":"publish","type":"product","link":"https:\/\/sinoextrud.com\/hu\/product\/aluminium-frame\/","title":{"rendered":"Alum\u00ednium keret"},"content":{"rendered":"<h2>Term\u00e9kek r\u00e9szletei<\/h2>\n<table class=\"custom-table\">\n<tr>\n<td class=\"label\">N\u00e9v<\/td>\n<td>Alum\u00ednium keret<\/td>\n<\/tr>\n<\/table>\n<h2>Gy\u00e1rt\u00f3 b\u00e1zisunk<\/h2>\n<h3>Gy\u00e1ri panor\u00e1ma<\/h3>\n<p><img decoding=\"async\" src=\"\/wp-content\/uploads\/factory-01.webp\"\/><\/p>\n<h3>Alum\u00ednium r\u00fadgy\u00e1rt\u00f3 m\u0171hely<\/h3>\n<p><img decoding=\"async\" src=\"\/wp-content\/uploads\/factory-02.webp\"\/><\/p>\n<p><img decoding=\"async\" src=\"\/wp-content\/uploads\/factory-03.webp\"\/><\/p>\n<h3>Pen\u00e9sz rakt\u00e1r<\/h3>\n<p><img decoding=\"async\" src=\"\/wp-content\/uploads\/factory-04.webp\"\/><\/p>\n<h3>43 alum\u00ednium extrud\u00e1l\u00f3 vonal (500-5500 tonna)<\/h3>\n<p><img decoding=\"async\" src=\"\/wp-content\/uploads\/factory-05.webp\"\/><\/p>\n<p><img decoding=\"async\" src=\"\/wp-content\/uploads\/factory-06.webp\"\/><\/p>\n<p><img decoding=\"async\" src=\"\/wp-content\/uploads\/factory-07.webp\"\/><\/p>\n<h3>Porfest\u0151 m\u0171hely<\/h3>\n<p><img decoding=\"async\" src=\"\/wp-content\/uploads\/factory-09.webp\"\/><\/p>\n<h3>Anodiz\u00e1l\u00f3 m\u0171hely<\/h3>\n<p><img decoding=\"async\" src=\"\/wp-content\/uploads\/factory-10.webp\"\/><\/p>\n<h3>M\u00e9ly feldolgoz\u00e1si m\u0171hely<\/h3>\n<p><img decoding=\"async\" src=\"\/wp-content\/uploads\/factory-11.webp\"\/><\/p>\n<h3>CNC prec\u00edzi\u00f3s megmunk\u00e1l\u00f3 m\u0171hely<\/h3>\n<p><img decoding=\"async\" src=\"\/wp-content\/uploads\/factory-11.5.webp\"\/><\/p>\n<h3>K\u00e9szterm\u00e9k \u00e9s export rakt\u00e1r<\/h3>\n<p><img decoding=\"async\" src=\"\/wp-content\/uploads\/factory-12.webp\"\/><\/p>\n<p><img decoding=\"async\" src=\"\/wp-content\/uploads\/factory-13.webp\"\/><\/p>\n<p><img decoding=\"async\" src=\"\/wp-content\/uploads\/factory-14.webp\"\/><\/p>\n<h2>GYIK<\/h2>\n<p><p><b>1.Mi az alum\u00ednium keret?<\/b><\/p>\n<p>Az alum\u00edniumkeret egy extrud\u00e1lt alum\u00edniumb\u00f3l k\u00e9sz\u00fclt szerkezeti elem, amelyet ablakokban, ajt\u00f3kban, burkolatokban \u00e9s tart\u00f3szerkezetekben haszn\u00e1lnak.<br \/>\n<\/p><br \/>\n<br \/>\n<p><b>2.Mi\u00e9rt v\u00e1lasszon alum\u00ednium keretet?<\/b><\/p>\n<p>Az alum\u00edniumkeretek k\u00f6nny\u0171ek, tart\u00f3sak \u00e9s korr\u00f3zi\u00f3\u00e1ll\u00f3ak, \u00edgy ide\u00e1lisak mind belt\u00e9ri, mind k\u00fclt\u00e9ri haszn\u00e1latra.<br \/>\n<\/p><br \/>\n<br \/>\n<p><b>3.Alkalmas-e az alum\u00edniumkeret k\u00fclt\u00e9ri haszn\u00e1latra?<\/b><\/p>\n<p>Igen, az elox\u00e1lt vagy porsz\u00f3rt fel\u00fclet\u0171 alum\u00edniumkeretek rendk\u00edv\u00fcl ellen\u00e1ll\u00f3ak az id\u0151j\u00e1r\u00e1ssal \u00e9s a korr\u00f3zi\u00f3val szemben.<br \/>\n<\/p><br \/>\n<br \/>\n<p><b>4.Az alum\u00edniumkeretek testre szabhat\u00f3k?<\/b><\/p>\n<p>Az alum\u00edniumkeretek m\u00e9retben, form\u00e1ban, sz\u00ednben \u00e9s kivitelben is testre szabhat\u00f3k, hogy megfeleljenek az egyedi tervez\u00e9si \u00e9s szerkezeti ig\u00e9nyeknek.<br \/>\n<\/p><br \/>\n<br \/>\n<p><b>5.Melyek az alum\u00edniumkeretek gyakori felhaszn\u00e1l\u00e1si ter\u00fcletei?<\/b><\/p>\n<p>Ezeket \u00e9p\u00edt\u00e9szeti \u00fcvegez\u00e9shez, b\u00fatorokhoz, napelemtart\u00f3khoz, g\u00e9ph\u00e1zakhoz \u00e9s m\u00e9g sok m\u00e1shoz haszn\u00e1lj\u00e1k.<br \/>\n<\/p><br \/>\n<br \/>\n<p><b>6.Az alum\u00edniumkeretek karbantart\u00e1st ig\u00e9nyelnek?<\/b><\/p>\n<p>Minim\u00e1lis karbantart\u00e1st ig\u00e9nyel - csak id\u0151nk\u00e9nti tiszt\u00edt\u00e1st a megjelen\u00e9s \u00e9s a teljes\u00edtm\u00e9ny fenntart\u00e1sa \u00e9rdek\u00e9ben.<br \/>\n<\/p><br \/>\n<br \/>\n<p><b>7.Milyen kivitelek \u00e1llnak rendelkez\u00e9sre az alum\u00edniumkeretekhez?<\/b><\/p>\n<p>A kivitelek k\u00f6z\u00e9 tartozik az elox\u00e1l\u00e1s, a porfest\u00e9s, az ecsetel\u00e9s, a pol\u00edroz\u00e1s \u00e9s a term\u00e9szetes malomipari kivitel.<br \/>\n<\/p><br \/>\n<br \/>\n<p><b>8.Az alum\u00ednium k\u00f6rnyezetbar\u00e1t v\u00e1laszt\u00e1s a keretekhez?<\/b><\/p>\n<p>Igen, az alum\u00ednium 100% \u00fajrahasznos\u00edthat\u00f3, \u00e9s t\u00e1mogatja a fenntarthat\u00f3 \u00e9p\u00edt\u00e9si \u00e9s gy\u00e1rt\u00e1si gyakorlatokat.<br \/>\n<\/p><br \/><\/p>","protected":false},"featured_media":7724,"template":"","categories":[67],"class_list":["post-7725","product","type-product","status-publish","has-post-thumbnail","hentry","category-architectural-aluminium-profile"],"meta_box":{"hilight_text_group":{"product_hilight_text":"<li>Lightweight yet strong structure suitable for various applications<\/li>\r\r\n<li>Corrosion-resistant aluminum ideal for long-term indoor and outdoor use<\/li>\r\r\n<li>Modern and clean appearance enhances product aesthetics<\/li>\r\r\n<li>Available in multiple finishes such as anodized and powder-coated<\/li>\r\r\n<li>Customizable dimensions and profiles for OEM and architectural needs<\/li>\r\r\n<li>Low maintenance and long service life<\/li>\r\r\n<li>Eco-friendly material with 100% recyclability<\/li>","product_chanpin_blog":"<ul>\r\r\n<li><a href=\"https:\/\/sinoextrud.com\/t-slot-v-slot-differences\/\" target=\"_blank\">t slot vs v slot<\/a><\/li>\r\r\n<li><a href=\"https:\/\/sinoextrud.com\/what-is-4040-aluminium-extrud\/\" target=\"_blank\">4040 aluminium extrusion<\/a><\/li>\r\r\n<li><a href=\"https:\/\/sinoextrud.com\/what-is-4040-aluminium-extrud\/\" target=\"_blank\">aluminum extrusions for industrial racks<\/a><\/li>\r\r\n<li><a href=\"https:\/\/sinoextrud.com\/powder-coating-aluminium-process\/\" target=\"_blank\">powder coating aluminium<\/a><\/li>\r\r\n<li><a href=\"https:\/\/sinoextrud.com\/what-is-an-aluminium-strip-ceiling\/\" target=\"_blank\">aluminium strip ceiling<\/a><\/li>\r\r\n<li><a href=\"https:\/\/sinoextrud.com\/what-is-a-heat-sink\/\" target=\"_blank\">what is a heat sink<\/a><\/li>\r\r\n<\/ul>","product_chanpin_chanpin":"<li><a href=\"https:\/\/sinoextrud.com\/product\/aluminium-door-window-fittings\/\" target=\"_blank\">Aluminium Door Window Fittings<\/a><\/li>\r\n<li><a href=\"https:\/\/sinoextrud.com\/product\/aluminium-extruded-products\/\" target=\"_blank\">Aluminium Extruded Products<\/a><\/li>\r\n<li><a href=\"https:\/\/sinoextrud.com\/product\/aluminum-profile-glass-curtain-wall-system\/\" target=\"_blank\">Aluminum Profile Glass Curtain Wall System<\/a><\/li>\r\n<li><a href=\"https:\/\/sinoextrud.com\/product\/profiles-aluminum\/\" target=\"_blank\">Profiles aluminum<\/a><\/li>\r\n<li><a href=\"https:\/\/sinoextrud.com\/product\/aluminium-frame\/\" target=\"_blank\">Aluminium Frame<\/a><\/li>\r\n<li><a href=\"https:\/\/sinoextrud.com\/product\/bending-aluminium-tube\/\" target=\"_blank\">Bending Aluminium Tube<\/a><\/li>\r\n<li><a href=\"https:\/\/sinoextrud.com\/product\/anodised-aluminium\/\" target=\"_blank\">Anodised Aluminium<\/a><\/li>\r\n<li><a href=\"https:\/\/sinoextrud.com\/product\/aluminium-profile-to-make-doors-and-windows\/\" target=\"_blank\">Aluminium Profile to Make Doors And Windows<\/a><\/li>\r\n<li><a href=\"https:\/\/sinoextrud.com\/product\/structural-aluminium-profiles\/\" target=\"_blank\">Structural Aluminium Profiles<\/a><\/li>\r\n<li><a href=\"https:\/\/sinoextrud.com\/product\/linear-sliding-modules-aluminum-profiles\/\" target=\"_blank\">Linear Sliding Modules Aluminum Profiles<\/a><\/li>\r\n<li><a href=\"https:\/\/sinoextrud.com\/product\/aluminum-profile-led-light-strip-bar\/\" target=\"_blank\">Aluminum Profile LED Light Strip Bar<\/a><\/li>"},"feature_list":[]},"_links":{"self":[{"href":"https:\/\/sinoextrud.com\/hu\/wp-json\/wp\/v2\/product\/7725","targetHints":{"allow":["GET"]}}],"collection":[{"href":"https:\/\/sinoextrud.com\/hu\/wp-json\/wp\/v2\/product"}],"about":[{"href":"https:\/\/sinoextrud.com\/hu\/wp-json\/wp\/v2\/types\/product"}],"wp:featuredmedia":[{"embeddable":true,"href":"https:\/\/sinoextrud.com\/hu\/wp-json\/wp\/v2\/media\/7724"}],"wp:attachment":[{"href":"https:\/\/sinoextrud.com\/hu\/wp-json\/wp\/v2\/media?parent=7725"}],"wp:term":[{"taxonomy":"category","embeddable":true,"href":"https:\/\/sinoextrud.com\/hu\/wp-json\/wp\/v2\/categories?post=7725"}],"curies":[{"name":"wp","href":"https:\/\/api.w.org\/{rel}","templated":true}]}}