{"id":7719,"date":"2025-06-10T02:23:54","date_gmt":"2025-06-10T02:23:54","guid":{"rendered":"https:\/\/sinoextrud.com\/product\/aluminium-extruded-products\/"},"modified":"2025-06-24T06:13:30","modified_gmt":"2025-06-24T06:13:30","slug":"extrudalt-aluminium-termekek","status":"publish","type":"product","link":"https:\/\/sinoextrud.com\/hu\/product\/aluminium-extruded-products\/","title":{"rendered":"Extrud\u00e1lt alum\u00ednium term\u00e9kek"},"content":{"rendered":"<h2>Term\u00e9kek r\u00e9szletei<\/h2>\n<table class=\"custom-table\">\n<tr>\n<td class=\"label\">T\u00e9tel<\/td>\n<td>Egyedi alum\u00ednium extrud\u00e1lt term\u00e9kek ipari felhaszn\u00e1l\u00e1sra<\/td>\n<\/tr>\n<tr>\n<td class=\"label\">Anyag<\/td>\n<td>Alum\u00ednium 6000-es sorozat\u00fa \u00f6tv\u00f6zet, p\u00e9ld\u00e1ul 6061, 6063, 6082, 6463 stb.<\/td>\n<\/tr>\n<tr>\n<td class=\"label\">Temper<\/td>\n<td>T4, T5, T6<\/td>\n<\/tr>\n<tr>\n<td class=\"label\">Vastags\u00e1g<\/td>\n<td>\u00c1ltal\u00e1nos profilvastags\u00e1g: 0,8-5,0 mm; Elox\u00e1lt v\u00e9delem vastags\u00e1ga: 8-25um; Porbevonat sz\u00ednvastags\u00e1g: 40-120um.<\/td>\n<\/tr>\n<tr>\n<td class=\"label\">M\u00e9ret<\/td>\n<td>1m-9m darabonk\u00e9nt, vagy testre szabva.<\/td>\n<\/tr>\n<tr>\n<td class=\"label\">Shape<\/td>\n<td>N\u00e9gyzet, lapos, kerek, \u00fcreges, ov\u00e1lis, h\u00e1romsz\u00f6g, U-profil, L-profil, T-profil, H-profil, testreszabottan.<\/td>\n<\/tr>\n<tr>\n<td class=\"label\">Fel\u00fcletkezel\u00e9s<\/td>\n<td>Malomf\u00e9nyez\u00e9s, elox\u00e1lt, porsz\u00f3rt, elektrofor\u00e9zis, faanyag, fa, PVDF fest\u00e9k, pol\u00edroz\u00e1s, csiszol\u00e1s.<\/td>\n<\/tr>\n<tr>\n<td class=\"label\">Sz\u00ednes<\/td>\n<td>Ez\u00fcst, pezsg\u0151, fekete, bronz, arany, feh\u00e9r vagy testreszabhat\u00f3<\/td>\n<\/tr>\n<tr>\n<td class=\"label\">Alkalmaz\u00e1s<\/td>\n<td>Ablak \u00e9s ajt\u00f3 h\u0151szigetel\u0151 szalagokkal, f\u00fcgg\u00f6nyfal, \u00fcvegfal, b\u00fator, mennyezet, konyha, LED szalag, k\u00f6zleked\u00e9si s\u00edn, j\u00e1rm\u0171, motorh\u00e1z, g\u00e9p, s\u00e1tor, napelem, ipari profil, dekor\u00e1ci\u00f3s profil stb.<\/td>\n<\/tr>\n<tr>\n<td class=\"label\">M\u00e9ly folyamat<\/td>\n<td>CNC, f\u00far\u00e1s, mar\u00e1s, v\u00e1g\u00e1s, csapol\u00e1s, hegeszt\u00e9s, hajl\u00edt\u00e1s, \u00f6sszeszerel\u00e9s.<\/td>\n<\/tr>\n<tr>\n<td class=\"label\">MOQ<\/td>\n<td>200 kg minden egyes t\u00e9telre, \u00e1ltal\u00e1ban 13-15 tonna egy 20GP, 25-28 tonna egy 40HQ eset\u00e9ben.<\/td>\n<\/tr>\n<tr>\n<td class=\"label\">OEM szolg\u00e1ltat\u00e1s<\/td>\n<td>Az \u00fcgyf\u00e9l \u00e1ltal k\u00edn\u00e1lt rajz, minta vagy tervez\u00e9si szolg\u00e1ltat\u00e1s.<\/td>\n<\/tr>\n<tr>\n<td class=\"label\">Termel\u00e9si kapacit\u00e1s<\/td>\n<td>7500 tonna havonta.<\/td>\n<\/tr>\n<tr>\n<td class=\"label\">M\u00e1rkan\u00e9v<\/td>\n<td>Sinoextrud (Sinoextrud alum\u00ednium)<\/td>\n<\/tr>\n<tr>\n<td class=\"label\">Tan\u00fas\u00edtv\u00e1nyok \u00e9s szabv\u00e1nyok<\/td>\n<td>1) ISO9001-2008\/ISO 9001:2008; 2) CQM TAN\u00daS\u00cdTV\u00c1NYOK; 3) SGS, CE, BV, JIS, AS, NZS, QUALICOAT, QUOLANOD EL\u00c9RHET\u0150.<\/td>\n<\/tr>\n<tr>\n<td class=\"label\">Garancia<\/td>\n<td>A fel\u00fclet sz\u00edne 10-20 \u00e9vig stabil lehet belt\u00e9ri haszn\u00e1latban.<\/td>\n<\/tr>\n<tr>\n<td class=\"label\">Csomagol\u00e1s r\u00e9szletei<\/td>\n<td>Bel\u00fcl: m\u0171anyag v\u00e9d\u0151f\u00f3li\u00e1val csomagolva az egyes darabok v\u00e9delme \u00e9rdek\u00e9ben.<br \/>\nK\u00edv\u00fcl: csomagolja a k\u00f6teget v\u00edz\u00e1ll\u00f3 k\u00e9zm\u0171ves pap\u00edrral vagy EPE-f\u00f3li\u00e1val, vagy testreszabottan<\/td>\n<\/tr>\n<tr>\n<td class=\"label\">Sz\u00e1ll\u00edt\u00e1si id\u0151<\/td>\n<td>Szersz\u00e1mfejleszt\u00e9s \u00e9s mintatesztel\u00e9s: 12-18 nap.<br \/>\nT\u00f6meggy\u00e1rt\u00e1s: 25-30 nap a minta vev\u0151 \u00e1ltali meger\u0151s\u00edt\u00e9se ut\u00e1n.<\/td>\n<\/tr>\n<tr>\n<td class=\"label\">FOB kik\u00f6t\u0151<\/td>\n<td>Shenzhen\/ Guangzhou\/ Foshan<\/td>\n<\/tr>\n<tr>\n<td class=\"label\">Fizet\u00e9si felt\u00e9telek<\/td>\n<td>T \/ T 30% let\u00e9tbe helyez\u00e9s, egyenleg a sz\u00e1ll\u00edt\u00e1s el\u0151tt.<\/td>\n<\/tr>\n<tr>\n<td class=\"label\">Elsz\u00e1mol\u00e1si felt\u00e9telek<\/td>\n<td>A v\u00e9gs\u0151 t\u00e9nyleges t\u00f6meg vagy az elm\u00e9leti s\u00faly alapj\u00e1n t\u00f6rt\u00e9n\u0151 sz\u00e1ml\u00e1z\u00e1s.<\/td>\n<\/tr>\n<\/table>\n<h2>Gy\u00e1rt\u00f3 b\u00e1zisunk<\/h2>\n<h3>Gy\u00e1ri panor\u00e1ma<\/h3>\n<p><img decoding=\"async\" src=\"\/wp-content\/uploads\/factory-01.webp\"\/><\/p>\n<h3>Alum\u00ednium r\u00fadgy\u00e1rt\u00f3 m\u0171hely<\/h3>\n<p><img decoding=\"async\" src=\"\/wp-content\/uploads\/factory-02.webp\"\/><\/p>\n<\/p>\n<p><img decoding=\"async\" src=\"\/wp-content\/uploads\/factory-03.webp\"\/><\/p>\n<h3>Pen\u00e9sz rakt\u00e1r<\/h3>\n<p><img decoding=\"async\" src=\"\/wp-content\/uploads\/factory-04.webp\"\/><\/p>\n<h3>43 alum\u00ednium extrud\u00e1l\u00f3 vonal (500-5500 tonna)<\/h3>\n<p><img decoding=\"async\" src=\"\/wp-content\/uploads\/factory-05.webp\"\/><\/p>\n<p><img decoding=\"async\" src=\"\/wp-content\/uploads\/factory-06.webp\"\/><\/p>\n<p><img decoding=\"async\" src=\"\/wp-content\/uploads\/factory-07.webp\"\/><\/p>\n<h3>Porfest\u0151 m\u0171hely<\/h3>\n<p><img decoding=\"async\" src=\"\/wp-content\/uploads\/factory-09.webp\"\/><\/p>\n<h3>Anodiz\u00e1l\u00f3 m\u0171hely<\/h3>\n<p><img decoding=\"async\" src=\"\/wp-content\/uploads\/factory-10.webp\"\/><\/p>\n<h3>M\u00e9ly feldolgoz\u00e1si m\u0171hely<\/h3>\n<p><img decoding=\"async\" src=\"\/wp-content\/uploads\/factory-11.webp\"\/><\/p>\n<h3>CNC prec\u00edzi\u00f3s megmunk\u00e1l\u00f3 m\u0171hely<\/h3>\n<p><img decoding=\"async\" src=\"\/wp-content\/uploads\/factory-11.5.webp\"\/><\/p>\n<h3>K\u00e9szterm\u00e9k \u00e9s export rakt\u00e1r<\/h3>\n<p><img decoding=\"async\" src=\"\/wp-content\/uploads\/factory-12.webp\"\/><\/p>\n<p><img decoding=\"async\" src=\"\/wp-content\/uploads\/factory-13.webp\"\/><\/p>\n<p><img decoding=\"async\" src=\"\/wp-content\/uploads\/factory-14.webp\"\/><\/p>\n<h2>GYIK<\/h2>\n<p><b>1.Mik az alum\u00ednium extrud\u00e1lt term\u00e9kek?<\/b><\/p>\n<p>Az extrud\u00e1lt alum\u00edniumterm\u00e9kek olyan form\u00e1k, amelyeket az alum\u00ednium szersz\u00e1mon kereszt\u00fcl t\u00f6rt\u00e9n\u0151 pr\u00e9sel\u00e9s\u00e9vel alak\u00edtanak ki, \u00e9s amelyeket az \u00e9p\u00edt\u0151iparban, a k\u00f6zleked\u00e9sben, az elektronik\u00e1ban \u00e9s m\u00e1s ter\u00fcleteken haszn\u00e1lnak.\n<\/p>\n<p><\/p>\n<p><b>2.Mi\u00e9rt v\u00e1lassza az alum\u00ednium extrud\u00e1l\u00e1st?<\/b><\/p>\n<p>K\u00f6nny\u0171 szil\u00e1rds\u00e1got, kiv\u00e1l\u00f3 korr\u00f3zi\u00f3\u00e1ll\u00f3s\u00e1got \u00e9s sokoldal\u00fa tervez\u00e9si lehet\u0151s\u00e9geket k\u00edn\u00e1lnak az alkalmaz\u00e1sok sz\u00e9les sk\u00e1l\u00e1j\u00e1hoz.\n<\/p>\n<p><\/p>\n<p><b>3.Az alum\u00ednium extrud\u00e1l\u00e1sok testre szabhat\u00f3k?<\/b><\/p>\n<p>Igen, k\u00fcl\u00f6nb\u00f6z\u0151 profilokban, hossz\u00fas\u00e1gokban \u00e9s \u00f6tv\u00f6zetekben egyedi ipari vagy kereskedelmi ig\u00e9nyekhez igazod\u00f3an, testre szabottan k\u00e9sz\u00edthet\u0151k.\n<\/p>\n<p><\/p>\n<p><b>4.Milyen ipar\u00e1gak haszn\u00e1lj\u00e1k az alum\u00ednium extrud\u00e1lt term\u00e9keket?<\/b><\/p>\n<p>Sz\u00e9les k\u00f6rben haszn\u00e1lj\u00e1k \u0151ket az aut\u00f3iparban, a rep\u00fcl\u0151g\u00e9piparban, az \u00e9p\u00edt\u0151iparban, a b\u00fatoriparban, az elektronik\u00e1ban \u00e9s a meg\u00fajul\u00f3 energiaforr\u00e1sok \u00e1gazat\u00e1ban.\n<\/p>\n<p><\/p>\n<p><b>5.Milyen kivitelben kaphat\u00f3k az alum\u00ednium extrud\u00e1lt term\u00e9kek?<\/b><\/p>\n<p>A tart\u00f3ss\u00e1g \u00e9s a megjelen\u00e9s jav\u00edt\u00e1sa \u00e9rdek\u00e9ben a k\u00f6z\u00f6s kivitelek k\u00f6z\u00e9 tartozik az elox\u00e1lt, porsz\u00f3rt, csiszolt \u00e9s maratott kivitel.\n<\/p>\n<p><\/p>\n<p><b>6.Alkalmasak-e az alum\u00ednium extrud\u00e1l\u00e1sok k\u00fclt\u00e9ri haszn\u00e1latra?<\/b><\/p>\n<p>Igen, megfelel\u0151 fel\u00fcletkezel\u00e9ssel az extrud\u00e1lt alum\u00ednium kiv\u00e1l\u00f3an teljes\u00edt k\u00fclt\u00e9ri k\u00f6rnyezetben.\n<\/p>\n<p><\/p>\n<p><b>7.Az alum\u00ednium extrud\u00e1l\u00e1s k\u00f6rnyezetbar\u00e1t?<\/b><\/p>\n<p>Igen, az alum\u00ednium 100% \u00fajrahasznos\u00edthat\u00f3, az extrud\u00e1l\u00e1si folyamat pedig energiahat\u00e9kony, ami t\u00e1mogatja a z\u00f6ld gy\u00e1rt\u00e1st.\n<\/p>\n<p><\/p>\n<p><b>8.Mennyire er\u0151sek az alum\u00ednium extrud\u00e1lt term\u00e9kek?<\/b><\/p>\n<p>Az extrud\u00e1lt alum\u00ednium nagy szil\u00e1rds\u00e1g\/t\u00f6meg ar\u00e1nyt k\u00edn\u00e1l, \u00e9s \u00fagy tervezhet\u0151, hogy megfeleljen a k\u00fcl\u00f6nb\u00f6z\u0151 ipar\u00e1gak szerkezeti terhel\u00e9si k\u00f6vetelm\u00e9nyeinek.\n<\/p>\n<p><\/p>","protected":false},"featured_media":7718,"template":"","categories":[67],"class_list":["post-7719","product","type-product","status-publish","has-post-thumbnail","hentry","category-architectural-aluminium-profile"],"meta_box":{"hilight_text_group":{"product_hilight_text":"<li>High precision aluminium extrusion for consistent quality and performance<\/li>\r\r\n<li>Lightweight yet strong, ideal for structural and architectural applications<\/li>\r\r\n<li>Corrosion-resistant surface suitable for indoor and outdoor environments<\/li>\r\r\n<li>Available in various shapes, sizes, and alloy grades<\/li>\r\r\n<li>Custom extrusion services support OEM and industrial applications<\/li>\r\r\n<li>Compatible with a wide range of surface finishes including anodizing and powder coating<\/li>\r\r\n<li>Eco-friendly and fully recyclable material for sustainable solutions<\/li>","product_chanpin_blog":"<ul>\r\r\n<li><a href=\"https:\/\/sinoextrud.com\/t-slot-v-slot-differences\/\" target=\"_blank\">t slot vs v slot<\/a><\/li>\r\r\n<li><a href=\"https:\/\/sinoextrud.com\/what-is-4040-aluminium-extrud\/\" target=\"_blank\">4040 aluminium extrusion<\/a><\/li>\r\r\n<li><a href=\"https:\/\/sinoextrud.com\/what-is-4040-aluminium-extrud\/\" target=\"_blank\">aluminum extrusions for industrial racks<\/a><\/li>\r\r\n<li><a href=\"https:\/\/sinoextrud.com\/powder-coating-aluminium-process\/\" target=\"_blank\">powder coating aluminium<\/a><\/li>\r\r\n<li><a href=\"https:\/\/sinoextrud.com\/what-is-an-aluminium-strip-ceiling\/\" target=\"_blank\">aluminium strip ceiling<\/a><\/li>\r\r\n<li><a href=\"https:\/\/sinoextrud.com\/what-is-a-heat-sink\/\" target=\"_blank\">what is a heat sink<\/a><\/li>\r\r\n<\/ul>","product_chanpin_chanpin":"<li><a href=\"https:\/\/sinoextrud.com\/product\/30-x-30-aluminum-extrusion-for-decoration\/\" target=\"_blank\">30 X 30 Aluminum Extrusion For Decoration<\/a><\/li>\r\n<li><a href=\"https:\/\/sinoextrud.com\/product\/30mm-aluminum-extrusion\/\" target=\"_blank\">30mm Aluminum Extrusion<\/a><\/li>\r\n<li><a href=\"https:\/\/sinoextrud.com\/product\/aluminium-rail-extrusions\/\" target=\"_blank\">Aluminium Rail Extrusions<\/a><\/li>\r\n<li><a href=\"https:\/\/sinoextrud.com\/product\/aluminium-door-window-fittings\/\" target=\"_blank\">Aluminium Door Window Fittings<\/a><\/li>\r\n<li><a href=\"https:\/\/sinoextrud.com\/product\/aluminium-extruded-products\/\" target=\"_blank\">Aluminium Extruded Products<\/a><\/li>\r\n<li><a href=\"https:\/\/sinoextrud.com\/product\/aluminum-profile-glass-curtain-wall-system\/\" target=\"_blank\">Aluminum Profile Glass Curtain Wall System<\/a><\/li>\r\n<li><a href=\"https:\/\/sinoextrud.com\/product\/profiles-aluminum\/\" target=\"_blank\">Profiles aluminum<\/a><\/li>\r\n<li><a href=\"https:\/\/sinoextrud.com\/product\/aluminium-frame\/\" target=\"_blank\">Aluminium Frame<\/a><\/li>\r\n<li><a href=\"https:\/\/sinoextrud.com\/product\/bending-aluminium-tube\/\" target=\"_blank\">Bending Aluminium Tube<\/a><\/li>\r\n<li><a href=\"https:\/\/sinoextrud.com\/product\/aluminium-precision-cnc-fabrication-milling-process-deep-processing-machining-company\/\" target=\"_blank\">Aluminium precision CNC fabrication milling process deep processing machining company<\/a><\/li>\r\n<li><a href=\"https:\/\/sinoextrud.com\/product\/aluminum-picture-photo-artware-frame-mirror-polished-gold\/\" target=\"_blank\">Aluminum Picture Photo Artware Frame Mirror Polished Gold<\/a><\/li>"},"feature_list":[]},"_links":{"self":[{"href":"https:\/\/sinoextrud.com\/hu\/wp-json\/wp\/v2\/product\/7719","targetHints":{"allow":["GET"]}}],"collection":[{"href":"https:\/\/sinoextrud.com\/hu\/wp-json\/wp\/v2\/product"}],"about":[{"href":"https:\/\/sinoextrud.com\/hu\/wp-json\/wp\/v2\/types\/product"}],"wp:featuredmedia":[{"embeddable":true,"href":"https:\/\/sinoextrud.com\/hu\/wp-json\/wp\/v2\/media\/7718"}],"wp:attachment":[{"href":"https:\/\/sinoextrud.com\/hu\/wp-json\/wp\/v2\/media?parent=7719"}],"wp:term":[{"taxonomy":"category","embeddable":true,"href":"https:\/\/sinoextrud.com\/hu\/wp-json\/wp\/v2\/categories?post=7719"}],"curies":[{"name":"wp","href":"https:\/\/api.w.org\/{rel}","templated":true}]}}