{"id":7713,"date":"2025-06-10T02:16:47","date_gmt":"2025-06-10T02:16:47","guid":{"rendered":"https:\/\/sinoextrud.com\/product\/30mm-aluminum-extrusion\/"},"modified":"2025-06-24T06:13:28","modified_gmt":"2025-06-24T06:13:28","slug":"30mm-aluminium-extrudalas","status":"publish","type":"product","link":"https:\/\/sinoextrud.com\/hu\/product\/30mm-aluminum-extrusion\/","title":{"rendered":"30mm alum\u00ednium extrud\u00e1l\u00e1s"},"content":{"rendered":"<h2>Term\u00e9kek r\u00e9szletei<\/h2>\n<table class=\"custom-table\">\n<tbody>\n<tr>\n<td> N\u00e9v<\/td>\n<td> 30mm alum\u00ednium extrud\u00e1l\u00e1s<\/td>\n<\/tr>\n<tr>\n<td> M\u00e1rka<\/td>\n<td> Sinoextrud\/Sinoextrud<\/td>\n<\/tr>\n<tr>\n<td> Kateg\u00f3ria<\/td>\n<td> Alum\u00ednium szelv\u00e9nyek<\/td>\n<\/tr>\n<tr>\n<td> T\u00edpus<\/td>\n<td> Neh\u00e9z vagy k\u00f6nny\u0171 t\u00edpus \u00e1ll rendelkez\u00e9sre<\/td>\n<\/tr>\n<tr>\n<td> Anyag<\/td>\n<td> A 6061 sz\u00e9les k\u00f6rben haszn\u00e1latos. A 6063, 6463, 6005, 6082 is rendelkez\u00e9sre \u00e1ll.<\/td>\n<\/tr>\n<tr>\n<td> Temper<\/td>\n<td> T5-T8<\/td>\n<\/tr>\n<tr>\n<td> Hossz\u00fas\u00e1g<\/td>\n<td> 1-9m vagy testreszab\u00e1s<\/td>\n<\/tr>\n<tr>\n<td> M\u00e9ret (mm)<\/td>\n<td> K\u00fcl\u00f6nb\u00f6z\u0151 m\u00e9ret\u0171, r\u00e9szletesen kapcsolatba l\u00e9phet.<\/td>\n<\/tr>\n<tr>\n<td> Vastags\u00e1g<\/td>\n<td> Az \u00d6n k\u00e9r\u00e9s\u00e9nek megfelel\u0151en<\/td>\n<\/tr>\n<tr>\n<td> Shape<\/td>\n<td> Testreszab\u00e1s<\/td>\n<\/tr>\n<tr>\n<td> Fel\u00fcletkezel\u00e9s<\/td>\n<td> Malom k\u00e9sz, elox\u00e1lt, homokf\u00fav\u00e1s, elektrofor\u00e9zis, Power bevonat stb.<\/td>\n<\/tr>\n<tr>\n<td> Sz\u00ednes<\/td>\n<td> Ez\u00fcst, fekete, feh\u00e9r, piros, s\u00e1rga, pezsg\u0151 vagy egyedi sz\u00ednben<\/td>\n<\/tr>\n<tr>\n<td> Standard<\/td>\n<td> ASTM, GB, DIN<\/td>\n<\/tr>\n<tr>\n<td> A  c\u00edmr\u0151l<\/td>\n<td> Guangdong, K\u00edna<\/td>\n<\/tr>\n<tr>\n<td> Alkalmaz\u00e1s<\/td>\n<td> Ipar, \u00e9p\u00edt\u0151ipar, \u00e9p\u00edt\u00e9szet, dekor\u00e1ci\u00f3<\/td>\n<\/tr>\n<\/tbody>\n<\/table>\n<h2>Gy\u00e1rt\u00f3 b\u00e1zisunk<\/h2>\n<h3>Gy\u00e1ri panor\u00e1ma<\/h3>\n<p><img decoding=\"async\" src=\"\/wp-content\/uploads\/factory-01.webp\"\/><\/p>\n<h3>Alum\u00ednium r\u00fadgy\u00e1rt\u00f3 m\u0171hely<\/h3>\n<p><img decoding=\"async\" src=\"\/wp-content\/uploads\/factory-02.webp\"\/><\/p>\n<p><img decoding=\"async\" src=\"\/wp-content\/uploads\/factory-03.webp\"\/><\/p>\n<h3>Pen\u00e9sz rakt\u00e1r<\/h3>\n<p><img decoding=\"async\" src=\"\/wp-content\/uploads\/factory-04.webp\"\/><\/p>\n<h3>43 alum\u00ednium extrud\u00e1l\u00f3 vonal (500-5500 tonna)<\/h3>\n<p><img decoding=\"async\" src=\"\/wp-content\/uploads\/factory-05.webp\"\/><\/p>\n<p><img decoding=\"async\" src=\"\/wp-content\/uploads\/factory-06.webp\"\/><\/p>\n<p><img decoding=\"async\" src=\"\/wp-content\/uploads\/factory-07.webp\"\/><\/p>\n<h3>Porfest\u0151 m\u0171hely<\/h3>\n<p><img decoding=\"async\" src=\"\/wp-content\/uploads\/factory-09.webp\"\/><\/p>\n<h3>Anodiz\u00e1l\u00f3 m\u0171hely<\/h3>\n<p><img decoding=\"async\" src=\"\/wp-content\/uploads\/factory-10.webp\"\/><\/p>\n<h3>M\u00e9ly feldolgoz\u00e1si m\u0171hely<\/h3>\n<p><img decoding=\"async\" src=\"\/wp-content\/uploads\/factory-11.webp\"\/><\/p>\n<h3>CNC prec\u00edzi\u00f3s megmunk\u00e1l\u00f3 m\u0171hely<\/h3>\n<p><img decoding=\"async\" src=\"\/wp-content\/uploads\/factory-11.5.webp\"\/><\/p>\n<h3>K\u00e9szterm\u00e9k \u00e9s export rakt\u00e1r<\/h3>\n<p><img decoding=\"async\" src=\"\/wp-content\/uploads\/factory-12.webp\"\/><\/p>\n<p><img decoding=\"async\" src=\"\/wp-content\/uploads\/factory-13.webp\"\/><\/p>\n<p><img decoding=\"async\" src=\"\/wp-content\/uploads\/factory-14.webp\"\/><\/p>\n<h2>GYIK<\/h2>\n<p><p><b>1.Mi az a 30 mm-es alum\u00ednium extrud\u00e1l\u00e1s?<\/b><\/p>\n<p>A 30 mm-es alum\u00ednium extrud\u00e1l\u00e1s egy 30 mm-es keresztmetszet\u0171 modul\u00e1ris profil, amelyet k\u00f6nny\u0171szerkezetes keretez\u00e9si, automatiz\u00e1l\u00e1si \u00e9s burkolati rendszerekben haszn\u00e1lnak.<br \/>\n<\/p><br \/>\n<br \/>\n<p><b>2.Mi\u00e9rt v\u00e1lasszon 30 mm-es alum\u00ednium extrud\u00e1lt profilt?<\/b><\/p>\n<p>A szil\u00e1rds\u00e1g \u00e9s a k\u00f6nny\u0171 s\u00faly t\u00f6k\u00e9letes egyens\u00faly\u00e1t biztos\u00edtja a kism\u00e9ret\u0171 szerkezetek \u00e9s felszerel\u00e9skeretek sz\u00e1m\u00e1ra.<br \/>\n<\/p><br \/>\n<br \/>\n<p><b>3.Mik a 30 mm-es alum\u00ednium extrud\u00e1l\u00e1sok tipikus felhaszn\u00e1l\u00e1si ter\u00fcletei?<\/b><\/p>\n<p>Gyakran haszn\u00e1lj\u00e1k \u0151ket elektronikai burkolatokban, munka\u00e1llom\u00e1sokon, 3D nyomtat\u00f3 keretekben, bark\u00e1csprojektekben \u00e9s kisebb ipari berendez\u00e9sekben.<br \/>\n<\/p><br \/>\n<br \/>\n<p><b>4.Can 30mm alum\u00ednium extrud\u00e1l\u00e1sok testreszabhat\u00f3?<\/b><\/p>\n<p>Igen, testre szabhat\u00f3k egyedi hossz\u00fas\u00e1ggal, lyukf\u00far\u00e1ssal, v\u00e1g\u00e1ssal \u00e9s k\u00fcl\u00f6nb\u00f6z\u0151 elox\u00e1lt vagy porsz\u00f3rt bevonatokkal.<br \/>\n<\/p><br \/>\n<br \/>\n<p><b>5.A 30 mm-es extrud\u00e1l\u00e1sok kompatibilisek a szabv\u00e1nyos T-ny\u00edl\u00e1s\u00fa hardverrel?<\/b><\/p>\n<p>Igen, t\u00e1mogatj\u00e1k a 30 mm-es T-ny\u00edl\u00e1s\u00fa rendszerekhez tervezett legt\u00f6bb szabv\u00e1nyos csatlakoz\u00f3t, konzolt \u00e9s tartoz\u00e9kot.<br \/>\n<\/p><br \/>\n<br \/>\n<p><b>6.El\u00e9g er\u0151s-e a 30 mm-es extrud\u00e1l\u00e1s szerkezeti alkalmaz\u00e1sokhoz?<\/b><\/p>\n<p>K\u00f6nny\u0171 s\u00falya ellen\u00e9re szerkezetileg szil\u00e1rd a k\u00f6zepes \u00e9s k\u00f6nny\u0171 ig\u00e9nybev\u00e9tel\u0171 alkalmaz\u00e1sokhoz, \u00e9s hat\u00e9konyan t\u00e1mogatja a modul\u00e1ris fel\u00e9p\u00edt\u00e9seket.<br \/>\n<\/p><br \/>\n<br \/>\n<p><b>7.Are OEM \u00e9s t\u00f6meges megrendel\u00e9sek \u00e1llnak rendelkez\u00e9sre?<\/b><\/p>\n<p>Igen, a gy\u00e1rt\u00f3k OEM testreszab\u00e1st, t\u00f6meg\u00e1rakat \u00e9s gyors gy\u00e1rt\u00e1st k\u00edn\u00e1lnak a kereskedelmi \u00e9s ipari \u00fcgyfelek sz\u00e1m\u00e1ra.<br \/>\n<\/p><br \/><\/p>","protected":false},"featured_media":7712,"template":"","categories":[67],"class_list":["post-7713","product","type-product","status-publish","has-post-thumbnail","hentry","category-architectural-aluminium-profile"],"meta_box":{"hilight_text_group":{"product_hilight_text":"<li>Compact 30mm profile suitable for lightweight framing and structural support<\/li>\r\r\n<li>T-slot design allows for easy connection and modular assembly<\/li>\r\r\n<li>Made from high-quality aluminum for strength and corrosion resistance<\/li>\r\r\n<li>Lightweight material simplifies transport and installation<\/li>\r\r\n<li>Customizable lengths, machining, and finishes for OEM applications<\/li>\r\r\n<li>Ideal for enclosures, 3D printer frames, robotics, and display systems<\/li>","product_chanpin_blog":"<ul>\r\r\n<li><a href=\"https:\/\/sinoextrud.com\/t-slot-v-slot-differences\/\" target=\"_blank\">t slot vs v slot<\/a><\/li>\r\r\n<li><a href=\"https:\/\/sinoextrud.com\/what-is-4040-aluminium-extrud\/\" target=\"_blank\">4040 aluminium extrusion<\/a><\/li>\r\r\n<li><a href=\"https:\/\/sinoextrud.com\/what-is-4040-aluminium-extrud\/\" target=\"_blank\">aluminum extrusions for industrial racks<\/a><\/li>\r\r\n<li><a href=\"https:\/\/sinoextrud.com\/powder-coating-aluminium-process\/\" target=\"_blank\">powder coating aluminium<\/a><\/li>\r\r\n<li><a href=\"https:\/\/sinoextrud.com\/what-is-an-aluminium-strip-ceiling\/\" target=\"_blank\">aluminium strip ceiling<\/a><\/li>\r\r\n<li><a href=\"https:\/\/sinoextrud.com\/what-is-a-heat-sink\/\" target=\"_blank\">what is a heat sink<\/a><\/li>\r\r\n<\/ul>","product_chanpin_chanpin":"<li><a href=\"https:\/\/sinoextrud.com\/product\/modular-aluminum-framing-system\/\" target=\"_blank\">Modular Aluminum Framing System<\/a><\/li>\r\n<li><a href=\"https:\/\/sinoextrud.com\/product\/greenhouse-aluminium-extrusions-aluminium-sunroom-profile\/\" target=\"_blank\">Greenhouse Aluminium Extrusions Aluminium Sunroom Profile<\/a><\/li>\r\n<li><a href=\"https:\/\/sinoextrud.com\/product\/aluminum-curtain-wall-extrusions\/\" target=\"_blank\">Aluminum Curtain Wall Extrusions<\/a><\/li>\r\n<li><a href=\"https:\/\/sinoextrud.com\/product\/30-x-30-aluminum-extrusion-for-decoration\/\" target=\"_blank\">30 X 30 Aluminum Extrusion For Decoration<\/a><\/li>\r\n<li><a href=\"https:\/\/sinoextrud.com\/product\/30mm-aluminum-extrusion\/\" target=\"_blank\">30mm Aluminum Extrusion<\/a><\/li>\r\n<li><a href=\"https:\/\/sinoextrud.com\/product\/aluminium-rail-extrusions\/\" target=\"_blank\">Aluminium Rail Extrusions<\/a><\/li>\r\n<li><a href=\"https:\/\/sinoextrud.com\/product\/aluminium-door-window-fittings\/\" target=\"_blank\">Aluminium Door Window Fittings<\/a><\/li>\r\n<li><a href=\"https:\/\/sinoextrud.com\/product\/aluminium-extruded-products\/\" target=\"_blank\">Aluminium Extruded Products<\/a><\/li>\r\n<li><a href=\"https:\/\/sinoextrud.com\/product\/aluminum-profile-glass-curtain-wall-system\/\" target=\"_blank\">Aluminum Profile Glass Curtain Wall System<\/a><\/li>\r\n<li><a href=\"https:\/\/sinoextrud.com\/product\/aluminum-rectangular-tubing-for-wooden-horizontal-aluminum-fence-panels-system\/\" target=\"_blank\">aluminum rectangular tubing for wooden horizontal aluminum fence panels system<\/a><\/li>\r\n<li><a href=\"https:\/\/sinoextrud.com\/product\/extude-aluminum-t-slot-and-v-slot-profile\/\" target=\"_blank\">Extude-Aluminum T Slot And V Slot Profile<\/a><\/li>"},"feature_list":[]},"_links":{"self":[{"href":"https:\/\/sinoextrud.com\/hu\/wp-json\/wp\/v2\/product\/7713","targetHints":{"allow":["GET"]}}],"collection":[{"href":"https:\/\/sinoextrud.com\/hu\/wp-json\/wp\/v2\/product"}],"about":[{"href":"https:\/\/sinoextrud.com\/hu\/wp-json\/wp\/v2\/types\/product"}],"wp:featuredmedia":[{"embeddable":true,"href":"https:\/\/sinoextrud.com\/hu\/wp-json\/wp\/v2\/media\/7712"}],"wp:attachment":[{"href":"https:\/\/sinoextrud.com\/hu\/wp-json\/wp\/v2\/media?parent=7713"}],"wp:term":[{"taxonomy":"category","embeddable":true,"href":"https:\/\/sinoextrud.com\/hu\/wp-json\/wp\/v2\/categories?post=7713"}],"curies":[{"name":"wp","href":"https:\/\/api.w.org\/{rel}","templated":true}]}}