{"id":7711,"date":"2025-06-10T02:15:15","date_gmt":"2025-06-10T02:15:15","guid":{"rendered":"https:\/\/sinoextrud.com\/product\/30-x-30-aluminum-extrusion-for-decoration\/"},"modified":"2025-06-24T06:13:28","modified_gmt":"2025-06-24T06:13:28","slug":"30-x-30-aluminium-extrudalas-dekoraciohoz","status":"publish","type":"product","link":"https:\/\/sinoextrud.com\/hu\/product\/30-x-30-aluminum-extrusion-for-decoration\/","title":{"rendered":"30 X 30 alum\u00ednium extrud\u00e1l\u00e1s dekor\u00e1ci\u00f3hoz"},"content":{"rendered":"<h2>Term\u00e9kek r\u00e9szletei<\/h2>\n<table class=\"custom-table\">\n<tbody>\n<tr>\n<td> Term\u00e9k neve<\/td>\n<td> 30 x 30 alum\u00ednium extrud\u00e1l\u00e1s dekor\u00e1ci\u00f3s mennyezet \u00e9s ajt\u00f3 d\u00edsz\u00edt\u00e9s\u00e9re<\/td>\n<\/tr>\n<tr>\n<td> Alum\u00ednium \u00f6tv\u00f6zet<\/td>\n<td> 6063-T5 vagy testreszab\u00e1s<\/td>\n<\/tr>\n<tr>\n<td> Fel\u00fcleti kezel\u00e9s<\/td>\n<td> Elox\u00e1lt ez\u00fcst, Pollished vagy testreszab\u00e1s<\/td>\n<\/tr>\n<tr>\n<td> M\u00e9ret<\/td>\n<td> 1m-9m, testreszab\u00e1s<\/td>\n<\/tr>\n<tr>\n<td> MOQ<\/td>\n<td> 200KGs \/ t\u00e9tel<\/td>\n<\/tr>\n<tr>\n<td> Alkalmaz\u00e1s<\/td>\n<td> Hotel, iroda, otthon, bev\u00e1s\u00e1rl\u00f3k\u00f6zpont, rep\u00fcl\u0151t\u00e9r, modern, egyszer\u0171 st\u00edlus\u00fa dekor\u00e1ci\u00f3 stb.<\/td>\n<\/tr>\n<tr>\n<td> M\u00e1rka<\/td>\n<td> Sinoextrud \/ Sinoextrud \/ Sinoextrud Aluminium<\/td>\n<\/tr>\n<tr>\n<td> Eredet<\/td>\n<td> Foshan, K\u00edna<\/td>\n<\/tr>\n<\/tbody>\n<\/table>\n<h2>Gy\u00e1rt\u00f3 b\u00e1zisunk<\/h2>\n<h3>Gy\u00e1ri panor\u00e1ma<\/h3>\n<p><img decoding=\"async\" src=\"\/wp-content\/uploads\/factory-01.webp\"\/><\/p>\n<h3>Alum\u00ednium r\u00fadgy\u00e1rt\u00f3 m\u0171hely<\/h3>\n<p><img decoding=\"async\" src=\"\/wp-content\/uploads\/factory-02.webp\"\/><\/p>\n<p><img decoding=\"async\" src=\"\/wp-content\/uploads\/factory-03.webp\"\/><\/p>\n<h3>Pen\u00e9sz rakt\u00e1r<\/h3>\n<p><img decoding=\"async\" src=\"\/wp-content\/uploads\/factory-04.webp\"\/><\/p>\n<h3>43 alum\u00ednium extrud\u00e1l\u00f3 vonal (500-5500 tonna)<\/h3>\n<p><img decoding=\"async\" src=\"\/wp-content\/uploads\/factory-05.webp\"\/><\/p>\n<p><img decoding=\"async\" src=\"\/wp-content\/uploads\/factory-06.webp\"\/><\/p>\n<p><img decoding=\"async\" src=\"\/wp-content\/uploads\/factory-07.webp\"\/><\/p>\n<h3>Porfest\u0151 m\u0171hely<\/h3>\n<p><img decoding=\"async\" src=\"\/wp-content\/uploads\/factory-09.webp\"\/><\/p>\n<h3>Anodiz\u00e1l\u00f3 m\u0171hely<\/h3>\n<p><img decoding=\"async\" src=\"\/wp-content\/uploads\/factory-10.webp\"\/><\/p>\n<h3>M\u00e9ly feldolgoz\u00e1si m\u0171hely<\/h3>\n<p><img decoding=\"async\" src=\"\/wp-content\/uploads\/factory-11.webp\"\/><\/p>\n<h3>CNC prec\u00edzi\u00f3s megmunk\u00e1l\u00f3 m\u0171hely<\/h3>\n<p><img decoding=\"async\" src=\"\/wp-content\/uploads\/factory-11.5.webp\"\/><\/p>\n<h3>K\u00e9szterm\u00e9k \u00e9s export rakt\u00e1r<\/h3>\n<p><img decoding=\"async\" src=\"\/wp-content\/uploads\/factory-12.webp\"\/><\/p>\n<p><img decoding=\"async\" src=\"\/wp-content\/uploads\/factory-13.webp\"\/><\/p>\n<p><img decoding=\"async\" src=\"\/wp-content\/uploads\/factory-14.webp\"\/><\/p>\n<h2>GYIK<\/h2>\n<p><p><b>1.Mi a 30 X 30 alum\u00ednium extrud\u00e1l\u00e1s a dekor\u00e1ci\u00f3hoz?<\/b><\/p>\n<p>A 30 X 30 alum\u00ednium extrud\u00e1l\u00e1s dekor\u00e1ci\u00f3hoz egy n\u00e9gyzet alak\u00fa alum\u00ednium profil, amelyet \u00e9p\u00edt\u00e9szeti \u00e9s dekorat\u00edv alkalmaz\u00e1sokhoz terveztek, modern megjelen\u00e9ssel.<br \/>\n<\/p><br \/>\n<br \/>\n<p><b>2.Mik az el\u0151nyei a 30 X 30 alum\u00ednium extrud\u00e1l\u00e1snak a d\u00edsz\u00edt\u00e9shez?<\/b><\/p>\n<p>K\u00f6nny\u0171 szil\u00e1rds\u00e1got, korr\u00f3zi\u00f3\u00e1ll\u00f3s\u00e1got, k\u00f6nny\u0171 szerelhet\u0151s\u00e9get \u00e9s eszt\u00e9tikai rugalmass\u00e1got k\u00edn\u00e1l mind kereskedelmi, mind lakoss\u00e1gi k\u00f6rnyezetben.<br \/>\n<\/p><br \/>\n<br \/>\n<p><b>3.Is 30 X 30 alum\u00ednium extrud\u00e1l\u00e1s alkalmas belt\u00e9ri dekor\u00e1ci\u00f3?<\/b><\/p>\n<p>Igen, tiszta fel\u00fclet\u00e9nek \u00e9s tart\u00f3ss\u00e1g\u00e1nak k\u00f6sz\u00f6nhet\u0151en ide\u00e1lis bels\u0151\u00e9p\u00edt\u00e9szeti elemekhez, p\u00e9ld\u00e1ul v\u00e1laszfalakhoz, keretekhez \u00e9s vitrinekhez.<br \/>\n<\/p><br \/>\n<br \/>\n<p><b>4.Can 30 X 30 alum\u00ednium extrud\u00e1l\u00e1s haszn\u00e1lhat\u00f3 k\u00fclt\u00e9ren?<\/b><\/p>\n<p>Alkalmas k\u00f6nny\u0171 k\u00fclt\u00e9ri haszn\u00e1latra, k\u00fcl\u00f6n\u00f6sen akkor, ha id\u0151j\u00e1r\u00e1s\u00e1ll\u00f3 bevonattal, p\u00e9ld\u00e1ul elox\u00e1l\u00e1ssal vagy porsz\u00f3r\u00e1ssal van bevonva.<br \/>\n<\/p><br \/>\n<br \/>\n<p><b>5.Is testreszab\u00e1s el\u00e9rhet\u0151 30 X 30 alum\u00ednium extrud\u00e1l\u00e1s?<\/b><\/p>\n<p>Igen, egyedi hossz\u00fas\u00e1gok, kivitelek \u00e9s fel\u00fcletkezel\u00e9sek \u00e1llnak rendelkez\u00e9sre, hogy megfeleljenek az \u00d6n tervez\u00e9si ig\u00e9nyeinek.<br \/>\n<\/p><br \/>\n<br \/>\n<p><b>6.Milyen alkalmaz\u00e1sok haszn\u00e1lj\u00e1k \u00e1ltal\u00e1ban a 30 X 30 alum\u00ednium extrud\u00e1l\u00e1st a d\u00edsz\u00edt\u00e9shez?<\/b><\/p>\n<p>Gyakori felhaszn\u00e1l\u00e1si ter\u00fcletei k\u00f6z\u00e9 tartoznak a ki\u00e1ll\u00edt\u00e1si displayek, dekorat\u00edv keretek, \u00e9p\u00edt\u00e9szeti hangs\u00falyok \u00e9s modul\u00e1ris b\u00fatorelemek.<br \/>\n<\/p><br \/>\n<br \/>\n<p><b>7.K\u00f6nnyen \u00f6sszeszerelhet\u0151ek ezek a profilok?<\/b><\/p>\n<p>Igen, a 30 X 30 alum\u00ednium extrud\u00e1l\u00e1sok kompatibilisek a szabv\u00e1nyos szerelv\u00e9nyekkel \u00e9s csatlakoz\u00f3kkal, \u00edgy az \u00f6sszeszerel\u00e9s gyors \u00e9s szersz\u00e1mbar\u00e1t.<br \/>\n<\/p><br \/>\n<br \/>\n<p><b>8.Do 30 X 30 alum\u00ednium extrud\u00e1l\u00e1sok meg\u0151rzik megjelen\u00e9s\u00fcket az id\u0151 m\u00fal\u00e1s\u00e1val?<\/b><\/p>\n<p>Igen, megfelel\u0151 fel\u00fcletkezel\u00e9ssel ellen\u00e1llnak a fakul\u00e1snak, a korr\u00f3zi\u00f3nak \u00e9s a karcol\u00e1soknak, \u00edgy biztos\u00edtva a hossz\u00fa t\u00e1v\u00fa dekorat\u00edv megjelen\u00e9st.<br \/>\n<\/p><br \/><\/p>","protected":false},"featured_media":7710,"template":"","categories":[67],"class_list":["post-7711","product","type-product","status-publish","has-post-thumbnail","hentry","category-architectural-aluminium-profile"],"meta_box":{"hilight_text_group":{"product_hilight_text":"<li>30x30 size provides balanced proportions for decorative structures<\/li>\r\r\n<li>Lightweight aluminum material ensures easy handling and installation<\/li>\r\r\n<li>Corrosion-resistant surface suitable for long-term indoor and light outdoor use<\/li>\r\r\n<li>Sleek appearance enhances modern and minimalist design aesthetics<\/li>\r\r\n<li>Custom finishes available to match various interior styles<\/li>\r\r\n<li>Precision extrusion guarantees clean edges and uniform shape<\/li>\r\r\n<li>Compatible with standard connectors for versatile applications<\/li>","product_chanpin_blog":"<ul>\r\r\n<li><a href=\"https:\/\/sinoextrud.com\/t-slot-v-slot-differences\/\" target=\"_blank\">t slot vs v slot<\/a><\/li>\r\r\n<li><a href=\"https:\/\/sinoextrud.com\/what-is-4040-aluminium-extrud\/\" target=\"_blank\">4040 aluminium extrusion<\/a><\/li>\r\r\n<li><a href=\"https:\/\/sinoextrud.com\/what-is-4040-aluminium-extrud\/\" target=\"_blank\">aluminum extrusions for industrial racks<\/a><\/li>\r\r\n<li><a href=\"https:\/\/sinoextrud.com\/powder-coating-aluminium-process\/\" target=\"_blank\">powder coating aluminium<\/a><\/li>\r\r\n<li><a href=\"https:\/\/sinoextrud.com\/what-is-an-aluminium-strip-ceiling\/\" target=\"_blank\">aluminium strip ceiling<\/a><\/li>\r\r\n<li><a href=\"https:\/\/sinoextrud.com\/what-is-a-heat-sink\/\" target=\"_blank\">what is a heat sink<\/a><\/li>\r\r\n<\/ul>","product_chanpin_chanpin":"<li><a href=\"https:\/\/sinoextrud.com\/product\/curved-aluminium-extrusion\/\" target=\"_blank\">Curved Aluminium Extrusion<\/a><\/li>\r\n<li><a href=\"https:\/\/sinoextrud.com\/product\/modular-aluminum-framing-system\/\" target=\"_blank\">Modular Aluminum Framing System<\/a><\/li>\r\n<li><a href=\"https:\/\/sinoextrud.com\/product\/greenhouse-aluminium-extrusions-aluminium-sunroom-profile\/\" target=\"_blank\">Greenhouse Aluminium Extrusions Aluminium Sunroom Profile<\/a><\/li>\r\n<li><a href=\"https:\/\/sinoextrud.com\/product\/aluminum-curtain-wall-extrusions\/\" target=\"_blank\">Aluminum Curtain Wall Extrusions<\/a><\/li>\r\n<li><a href=\"https:\/\/sinoextrud.com\/product\/30-x-30-aluminum-extrusion-for-decoration\/\" target=\"_blank\">30 X 30 Aluminum Extrusion For Decoration<\/a><\/li>\r\n<li><a href=\"https:\/\/sinoextrud.com\/product\/30mm-aluminum-extrusion\/\" target=\"_blank\">30mm Aluminum Extrusion<\/a><\/li>\r\n<li><a href=\"https:\/\/sinoextrud.com\/product\/aluminium-rail-extrusions\/\" target=\"_blank\">Aluminium Rail Extrusions<\/a><\/li>\r\n<li><a href=\"https:\/\/sinoextrud.com\/product\/aluminium-door-window-fittings\/\" target=\"_blank\">Aluminium Door Window Fittings<\/a><\/li>\r\n<li><a href=\"https:\/\/sinoextrud.com\/product\/aluminium-extruded-products\/\" target=\"_blank\">Aluminium Extruded Products<\/a><\/li>\r\n<li><a href=\"https:\/\/sinoextrud.com\/product\/aluminium-t-bar-extrusions\/\" target=\"_blank\">Aluminium T Bar Extrusions<\/a><\/li>\r\n<li><a href=\"https:\/\/sinoextrud.com\/product\/triangular-aluminum-extrusion\/\" target=\"_blank\">Triangular Aluminum Extrusion<\/a><\/li>"},"feature_list":[]},"_links":{"self":[{"href":"https:\/\/sinoextrud.com\/hu\/wp-json\/wp\/v2\/product\/7711","targetHints":{"allow":["GET"]}}],"collection":[{"href":"https:\/\/sinoextrud.com\/hu\/wp-json\/wp\/v2\/product"}],"about":[{"href":"https:\/\/sinoextrud.com\/hu\/wp-json\/wp\/v2\/types\/product"}],"wp:featuredmedia":[{"embeddable":true,"href":"https:\/\/sinoextrud.com\/hu\/wp-json\/wp\/v2\/media\/7710"}],"wp:attachment":[{"href":"https:\/\/sinoextrud.com\/hu\/wp-json\/wp\/v2\/media?parent=7711"}],"wp:term":[{"taxonomy":"category","embeddable":true,"href":"https:\/\/sinoextrud.com\/hu\/wp-json\/wp\/v2\/categories?post=7711"}],"curies":[{"name":"wp","href":"https:\/\/api.w.org\/{rel}","templated":true}]}}