{"id":7695,"date":"2025-06-10T01:50:24","date_gmt":"2025-06-10T01:50:24","guid":{"rendered":"https:\/\/sinoextrud.com\/product\/factory-offer-extrude-aluminium-track-profile\/"},"modified":"2025-06-24T06:13:25","modified_gmt":"2025-06-24T06:13:25","slug":"gyari-ajanlat-extrudalt-aluminium-sinprofil","status":"publish","type":"product","link":"https:\/\/sinoextrud.com\/hu\/product\/factory-offer-extrude-aluminium-track-profile\/","title":{"rendered":"Gy\u00e1ri aj\u00e1nlat Extrude alum\u00ednium s\u00ednprofil"},"content":{"rendered":"<h2>Term\u00e9kek r\u00e9szletei<\/h2>\n<table class=\"custom-table\">\n<tbody>\n<tr>\n<td> Oszt\u00e1ly:<\/td>\n<td> 6063 -t5<\/td>\n<\/tr>\n<tr>\n<td> Technika:<\/td>\n<td> Gy\u00e1ri aj\u00e1nlat Extrude alum\u00ednium s\u00ednprofil<\/td>\n<\/tr>\n<tr>\n<td> Lelkiismeretesen:<\/td>\n<td> T3 - T8<\/td>\n<\/tr>\n<tr>\n<td> Megmunk\u00e1l\u00e1si szolg\u00e1ltat\u00e1sok:<\/td>\n<td> F\u00far\u00e1s, csavaroz\u00e1s, szegecsel\u00e9s, \u00f6sszeszerel\u00e9s stb.<\/td>\n<\/tr>\n<tr>\n<td> V\u00e9djegy:<\/td>\n<td> Sinoextrud Sinoextrud Sinoextrud <\/td>\n<\/tr>\n<tr>\n<td> T\u00edpus:<\/td>\n<td> Gy\u00e1ri aj\u00e1nlat Extrude alum\u00ednium s\u00ednprofil<\/td>\n<\/tr>\n<tr>\n<td> Alak:<\/td>\n<td> K\u00e9sz\u00fclt az \u00fcgyfelek tervei szerint<\/td>\n<\/tr>\n<tr>\n<td> Fel\u00fcletkezel\u00e9s:<\/td>\n<td> Mill Finish elox\u00e1lt elektrofor\u00e9zis porbevonat fa szemcs\u00e9k<\/td>\n<\/tr>\n<tr>\n<td> Hossz\u00fas\u00e1g:<\/td>\n<td> 1m \u00e9s 9m k\u00f6z\u00f6tt hosszonk\u00e9nt<\/td>\n<\/tr>\n<tr>\n<td> Sz\u00ednek:<\/td>\n<td> Ez\u00fcst Fekete<\/td>\n<\/tr>\n<tr>\n<td> HS-k\u00f3d:<\/td>\n<td> 76042990<\/td>\n<\/tr>\n<\/tbody>\n<\/table>\n<h2>Gy\u00e1rt\u00f3 b\u00e1zisunk<\/h2>\n<h3>Gy\u00e1ri panor\u00e1ma<\/h3>\n<p><img decoding=\"async\" src=\"\/wp-content\/uploads\/factory-01.webp\"\/><\/p>\n<h3>Alum\u00ednium r\u00fadgy\u00e1rt\u00f3 m\u0171hely<\/h3>\n<p><img decoding=\"async\" src=\"\/wp-content\/uploads\/factory-02.webp\"\/><\/p>\n<p><img decoding=\"async\" src=\"\/wp-content\/uploads\/factory-03.webp\"\/><\/p>\n<h3>Pen\u00e9sz rakt\u00e1r<\/h3>\n<p><img decoding=\"async\" src=\"\/wp-content\/uploads\/factory-04.webp\"\/><\/p>\n<h3>43 alum\u00ednium extrud\u00e1l\u00f3 vonal (500-5500 tonna)<\/h3>\n<p><img decoding=\"async\" src=\"\/wp-content\/uploads\/factory-05.webp\"\/><\/p>\n<p><img decoding=\"async\" src=\"\/wp-content\/uploads\/factory-06.webp\"\/><\/p>\n<p><img decoding=\"async\" src=\"\/wp-content\/uploads\/factory-07.webp\"\/><\/p>\n<h3>Porfest\u0151 m\u0171hely<\/h3>\n<p><img decoding=\"async\" src=\"\/wp-content\/uploads\/factory-09.webp\"\/><\/p>\n<h3>Anodiz\u00e1l\u00f3 m\u0171hely<\/h3>\n<p><img decoding=\"async\" src=\"\/wp-content\/uploads\/factory-10.webp\"\/><\/p>\n<h3>M\u00e9ly feldolgoz\u00e1si m\u0171hely<\/h3>\n<p><img decoding=\"async\" src=\"\/wp-content\/uploads\/factory-11.webp\"\/><\/p>\n<h3>CNC prec\u00edzi\u00f3s megmunk\u00e1l\u00f3 m\u0171hely<\/h3>\n<p><img decoding=\"async\" src=\"\/wp-content\/uploads\/factory-11.5.webp\"\/><\/p>\n<h3>K\u00e9szterm\u00e9k \u00e9s export rakt\u00e1r<\/h3>\n<p><img decoding=\"async\" src=\"\/wp-content\/uploads\/factory-12.webp\"\/><\/p>\n<p><img decoding=\"async\" src=\"\/wp-content\/uploads\/factory-13.webp\"\/><\/p>\n<p><img decoding=\"async\" src=\"\/wp-content\/uploads\/factory-14.webp\"\/><\/p>\n<h2>GYIK<\/h2>\n<p><p><b>1.Mi a gy\u00e1ri aj\u00e1nlat Extrude alum\u00ednium s\u00ednprofil? <\/b><\/p>\n<p> Ez egy k\u00f6zvetlen\u00fcl a gy\u00e1rb\u00f3l k\u00edn\u00e1lt alum\u00ednium s\u00ednprofil, amelyet k\u00fcl\u00f6nb\u00f6z\u0151 ipari \u00e9s kereskedelmi alkalmaz\u00e1sokhoz, p\u00e9ld\u00e1ul cs\u00fasz\u00f3rendszerekhez \u00e9s automatiz\u00e1l\u00e1shoz terveztek.<br \/>\n<\/p><br \/>\n<br \/>\n<p><b>2.Mi\u00e9rt v\u00e1lassza a gy\u00e1ri k\u00f6zvetlen extrud\u00e1lt alum\u00ednium profilokat? <\/b><\/p>\n<p> A k\u00f6zvetlen gy\u00e1ri profilok kik\u00fcsz\u00f6b\u00f6lik a k\u00f6zvet\u00edt\u0151ket, k\u00f6lts\u00e9ghat\u00e9kony megold\u00e1sokat k\u00edn\u00e1lnak, mik\u00f6zben fenntartj\u00e1k a magas min\u0151s\u00e9get \u00e9s pontoss\u00e1got.<br \/>\n<\/p><br \/>\n<br \/>\n<p><b>3.Lehet ezeket az alum\u00ednium p\u00e1lya profilokat testre szabni? <\/b><\/p>\n<p> Igen, m\u00e9ret, alak, kivitel \u00e9s \u00f6tv\u00f6zet tekintet\u00e9ben testre szabhat\u00f3k, hogy megfeleljenek az adott alkalmaz\u00e1si k\u00f6vetelm\u00e9nyeknek.<br \/>\n<\/p><br \/>\n<br \/>\n<p><b>4.Ezek a s\u00ednek alkalmasak k\u00fclt\u00e9ri haszn\u00e1latra? <\/b><\/p>\n<p> Igen, a korr\u00f3zi\u00f3\u00e1ll\u00f3 fel\u00fcletekkel az alum\u00ednium s\u00ednprofilok j\u00f3l teljes\u00edtenek mind belt\u00e9ri, mind k\u00fclt\u00e9ri k\u00f6rnyezetben.<br \/>\n<\/p><br \/>\n<br \/>\n<p><b>5.Milyen ipar\u00e1gak haszn\u00e1lj\u00e1k az alum\u00ednium s\u00ednprofilokat? <\/b><\/p>\n<p> Sz\u00e9les k\u00f6rben haszn\u00e1lj\u00e1k \u0151ket olyan ipar\u00e1gakban, mint az \u00e9p\u00edt\u0151ipar, az automatiz\u00e1l\u00e1s, az anyagmozgat\u00e1s, a tol\u00f3ajt\u00f3rendszerek \u00e9s a g\u00e9pkeretek.<br \/>\n<\/p><br \/>\n<br \/>\n<p><b>6.Mennyire pontosak az extrud\u00e1l\u00e1sok? <\/b><\/p>\n<p> A prec\u00edzi\u00f3s extrud\u00e1l\u00e1si elj\u00e1r\u00e1s egyenletes min\u0151s\u00e9get \u00e9s szoros t\u0171r\u00e9seket biztos\u00edt, garant\u00e1lva a pontos illeszked\u00e9st \u00e9s teljes\u00edtm\u00e9nyt.<br \/>\n<\/p><br \/>\n<br \/>\n<p><b>7.Is alum\u00ednium k\u00f6rnyezetbar\u00e1t? <\/b><\/p>\n<p> Igen, az alum\u00ednium 100% \u00fajrahasznos\u00edthat\u00f3 \u00e9s fenntarthat\u00f3, \u00edgy k\u00f6rnyezetbar\u00e1t v\u00e1laszt\u00e1s az \u00e9p\u00edt\u0151ipari \u00e9s ipari alkalmaz\u00e1sokhoz.<br \/>\n<\/p><br \/>\n<br \/>\n<p><b>8.K\u00f6nny\u0171 ezeket a profilokat telep\u00edteni? <\/b><\/p>\n<p> Igen, az alum\u00ednium s\u00ednprofilokat gyors \u00e9s egyszer\u0171 telep\u00edt\u00e9sre tervezt\u00e9k, szabv\u00e1nyos r\u00f6gz\u00edt\u0151elemekkel \u00e9s minim\u00e1lis szersz\u00e1mmal.<br \/>\n<\/p><br \/><\/p>","protected":false},"featured_media":7694,"template":"","categories":[67],"class_list":["post-7695","product","type-product","status-publish","has-post-thumbnail","hentry","category-architectural-aluminium-profile"],"meta_box":{"hilight_text_group":{"product_hilight_text":"<li>Factory direct pricing offers cost-effective solutions for aluminum track profiles.<\/li>\r\r\n<li>High-strength aluminum construction ensures durability and long-lasting performance.<\/li>\r\r\n<li>Customizable profiles available in various sizes, shapes, and finishes to meet specific project needs.<\/li>\r\r\n<li>Corrosion-resistant surface ideal for both indoor and outdoor applications.<\/li>\r\r\n<li>Precision extrusion process ensures consistent quality and dimensional accuracy.<\/li>\r\r\n<li>Perfect for sliding doors, conveyors, automation systems, and other rail applications.<\/li>","product_chanpin_blog":"<ul>\r\r\n<li><a href=\"https:\/\/sinoextrud.com\/t-slot-v-slot-differences\/\" target=\"_blank\">t slot vs v slot<\/a><\/li>\r\r\n<li><a href=\"https:\/\/sinoextrud.com\/what-is-4040-aluminium-extrud\/\" target=\"_blank\">4040 aluminium extrusion<\/a><\/li>\r\r\n<li><a href=\"https:\/\/sinoextrud.com\/what-is-4040-aluminium-extrud\/\" target=\"_blank\">aluminum extrusions for industrial racks<\/a><\/li>\r\r\n<li><a href=\"https:\/\/sinoextrud.com\/powder-coating-aluminium-process\/\" target=\"_blank\">powder coating aluminium<\/a><\/li>\r\r\n<li><a href=\"https:\/\/sinoextrud.com\/what-is-an-aluminium-strip-ceiling\/\" target=\"_blank\">aluminium strip ceiling<\/a><\/li>\r\r\n<li><a href=\"https:\/\/sinoextrud.com\/what-is-a-heat-sink\/\" target=\"_blank\">what is a heat sink<\/a><\/li>\r\r\n<\/ul>","product_chanpin_chanpin":"<li><a href=\"https:\/\/sinoextrud.com\/product\/extruded-aluminium-channel\/\" target=\"_blank\">Extruded Aluminium Channel<\/a><\/li>\r\n<li><a href=\"https:\/\/sinoextrud.com\/product\/y-section-aluminium-extrusion\/\" target=\"_blank\">Y Section Aluminium Extrusion<\/a><\/li>\r\n<li><a href=\"https:\/\/sinoextrud.com\/product\/round-aluminum-extrusion-architeture-fabrication\/\" target=\"_blank\">Round Aluminum Extrusion Architeture Fabrication<\/a><\/li>\r\n<li><a href=\"https:\/\/sinoextrud.com\/product\/building-materials-aluminium-profile-curtain-rod\/\" target=\"_blank\">Building Materials Aluminium Profile Curtain Rod<\/a><\/li>\r\n<li><a href=\"https:\/\/sinoextrud.com\/product\/factory-offer-extrude-aluminium-track-profile\/\" target=\"_blank\">Factory Offer Extrude Aluminium Track Profile<\/a><\/li>\r\n<li><a href=\"https:\/\/sinoextrud.com\/product\/clip-on-aluminium-profiles\/\" target=\"_blank\">Clip On Aluminium Profiles<\/a><\/li>\r\n<li><a href=\"https:\/\/sinoextrud.com\/product\/extruded-aluminum-connectors-for-door\/\" target=\"_blank\">Extruded Aluminum Connectors For Door<\/a><\/li>\r\n<li><a href=\"https:\/\/sinoextrud.com\/product\/t-shaped-aluminum-extrusion\/\" target=\"_blank\">T Shaped Aluminum Extrusion<\/a><\/li>\r\n<li><a href=\"https:\/\/sinoextrud.com\/product\/curved-aluminium-extrusion\/\" target=\"_blank\">Curved Aluminium Extrusion<\/a><\/li>\r\n<li><a href=\"https:\/\/sinoextrud.com\/product\/aluminum-sunshading-profile\/\" target=\"_blank\">Aluminum Sunshading Profile<\/a><\/li>\r\n<li><a href=\"https:\/\/sinoextrud.com\/product\/aluminum-windows-and-doors-for-nigeria\/\" target=\"_blank\">Aluminum windows And Doors For Nigeria<\/a><\/li>"},"feature_list":[]},"_links":{"self":[{"href":"https:\/\/sinoextrud.com\/hu\/wp-json\/wp\/v2\/product\/7695","targetHints":{"allow":["GET"]}}],"collection":[{"href":"https:\/\/sinoextrud.com\/hu\/wp-json\/wp\/v2\/product"}],"about":[{"href":"https:\/\/sinoextrud.com\/hu\/wp-json\/wp\/v2\/types\/product"}],"wp:featuredmedia":[{"embeddable":true,"href":"https:\/\/sinoextrud.com\/hu\/wp-json\/wp\/v2\/media\/7694"}],"wp:attachment":[{"href":"https:\/\/sinoextrud.com\/hu\/wp-json\/wp\/v2\/media?parent=7695"}],"wp:term":[{"taxonomy":"category","embeddable":true,"href":"https:\/\/sinoextrud.com\/hu\/wp-json\/wp\/v2\/categories?post=7695"}],"curies":[{"name":"wp","href":"https:\/\/api.w.org\/{rel}","templated":true}]}}