{"id":7693,"date":"2025-06-10T01:46:31","date_gmt":"2025-06-10T01:46:31","guid":{"rendered":"https:\/\/sinoextrud.com\/product\/building-materials-aluminium-profile-curtain-rod\/"},"modified":"2025-06-24T06:13:25","modified_gmt":"2025-06-24T06:13:25","slug":"epitoanyagok-aluminium-profil-fuggonyrud","status":"publish","type":"product","link":"https:\/\/sinoextrud.com\/hu\/product\/building-materials-aluminium-profile-curtain-rod\/","title":{"rendered":"\u00c9p\u00edt\u0151anyagok Alum\u00ednium profil f\u00fcgg\u00f6nyr\u00fad"},"content":{"rendered":"<h2>Term\u00e9kek r\u00e9szletei<\/h2>\n<table class=\"custom-table\">\n<tr>\n<td class=\"label\">T\u00e9tel<\/td>\n<td>\u00c9p\u00edt\u0151anyagok Alum\u00ednium profil f\u00fcgg\u00f6nyr\u00fad<\/td>\n<\/tr>\n<tr>\n<td class=\"label\">Anyag<\/td>\n<td>\u00f6tv\u00f6zet 6063, 6061, 6005 line\u00e1ris m\u0171k\u00f6dtet\u0151 alum\u00ednium ipari profil o<\/td>\n<\/tr>\n<tr>\n<td class=\"label\">Temper<\/td>\n<td>T3, T4, T5, T6 line\u00e1ris hajt\u00e1s Alum\u00ednium ipari profil<\/td>\n<\/tr>\n<tr>\n<td class=\"label\">Fel\u00fclet<\/td>\n<td>Elox\u00e1l\u00e1s (\u00e1tl\u00e1tsz\u00f3, szat\u00e9n, bronz, fekete, arany, ez\u00fcst, egy\u00e9b t\u00f6bbsz\u00edn\u0171)<\/td>\n<\/tr>\n<tr>\n<td class=\"label\">MOQ<\/td>\n<td>200kg<br \/>\n\u00c1ltal\u00e1ban 12 tonna egy 20 l\u00e1bas kont\u00e9ner eset\u00e9ben; 24 tonna egy 40 l\u00e1bas kont\u00e9ner eset\u00e9ben.Line\u00e1ris m\u0171k\u00f6dtet\u0151 alum\u00ednium ipari profil<\/td>\n<\/tr>\n<tr>\n<td class=\"label\">Profil t\u00edpusa<\/td>\n<td>Ipar Alum\u00ednium profil haszn\u00e1lt aut\u00f3k, vonatok g\u00e9pek, p\u00f3tkocsik, elektronika, orvosi \u00e9s egy\u00e9b ipari iktatott<\/td>\n<\/tr>\n<tr>\n<td class=\"label\">Megmunk\u00e1l\u00e1s<\/td>\n<td>Nagy pontoss\u00e1g\u00fa megmunk\u00e1l\u00e1s 1. mar\u00e1s; 2. f\u00far\u00e1s; 3. hajl\u00edt\u00e1s; 4. v\u00e1g\u00e1s<\/td>\n<\/tr>\n<tr>\n<td class=\"label\">Szersz\u00e1m\/form\u00e1z\u00e1s<\/td>\n<td>1. line\u00e1ris m\u0171k\u00f6dtet\u0151 alum\u00ednium ipari profil a mi form\u00e1ink seg\u00edts\u00e9g\u00e9vel, ingyenes;<br \/>\n2. Az \u00fcgyf\u00e9l rajz\u00e1nak haszn\u00e1lata<\/td>\n<\/tr>\n<tr>\n<td class=\"label\">Standard<\/td>\n<td>Ipari alum\u00ednium profilunk megfelel a k\u00ednai nemzeti<br \/>\nGB\/T5237-2004 szabv\u00e1ny<\/td>\n<\/tr>\n<tr>\n<td class=\"label\">FOB kik\u00f6t\u0151<\/td>\n<td>FOSHAN <\/td>\n<\/tr>\n<\/table>\n<h2>Gy\u00e1rt\u00f3 b\u00e1zisunk<\/h2>\n<h3>Gy\u00e1ri panor\u00e1ma<\/h3>\n<p><img decoding=\"async\" src=\"\/wp-content\/uploads\/factory-01.webp\"\/><\/p>\n<h3>Alum\u00ednium r\u00fadgy\u00e1rt\u00f3 m\u0171hely<\/h3>\n<p><img decoding=\"async\" src=\"\/wp-content\/uploads\/factory-02.webp\"\/><\/p>\n<\/p>\n<p><img decoding=\"async\" src=\"\/wp-content\/uploads\/factory-03.webp\"\/><\/p>\n<h3>Pen\u00e9sz rakt\u00e1r<\/h3>\n<p><img decoding=\"async\" src=\"\/wp-content\/uploads\/factory-04.webp\"\/><\/p>\n<h3>43 alum\u00ednium extrud\u00e1l\u00f3 vonal (500-5500 tonna)<\/h3>\n<p><img decoding=\"async\" src=\"\/wp-content\/uploads\/factory-05.webp\"\/><\/p>\n<p><img decoding=\"async\" src=\"\/wp-content\/uploads\/factory-06.webp\"\/><\/p>\n<p><img decoding=\"async\" src=\"\/wp-content\/uploads\/factory-07.webp\"\/><\/p>\n<h3>Porfest\u0151 m\u0171hely<\/h3>\n<p><img decoding=\"async\" src=\"\/wp-content\/uploads\/factory-09.webp\"\/><\/p>\n<h3>Anodiz\u00e1l\u00f3 m\u0171hely<\/h3>\n<p><img decoding=\"async\" src=\"\/wp-content\/uploads\/factory-10.webp\"\/><\/p>\n<h3>M\u00e9ly feldolgoz\u00e1si m\u0171hely<\/h3>\n<p><img decoding=\"async\" src=\"\/wp-content\/uploads\/factory-11.webp\"\/><\/p>\n<h3>CNC prec\u00edzi\u00f3s megmunk\u00e1l\u00f3 m\u0171hely<\/h3>\n<p><img decoding=\"async\" src=\"\/wp-content\/uploads\/factory-11.5.webp\"\/><\/p>\n<h3>K\u00e9szterm\u00e9k \u00e9s export rakt\u00e1r<\/h3>\n<p><img decoding=\"async\" src=\"\/wp-content\/uploads\/factory-12.webp\"\/><\/p>\n<p><img decoding=\"async\" src=\"\/wp-content\/uploads\/factory-13.webp\"\/><\/p>\n<p><img decoding=\"async\" src=\"\/wp-content\/uploads\/factory-14.webp\"\/><\/p>\n<h2>GYIK<\/h2>\n<p><b>1.Mi az \u00e9p\u00edt\u0151anyagok alum\u00ednium profil f\u00fcgg\u00f6nyr\u00fad? <\/b><\/p>\n<p> Az \u00e9p\u00edt\u0151anyagok alum\u00ednium profil\u00fa f\u00fcgg\u00f6nyr\u00fadja egy f\u00fcgg\u00f6ny\u00f6k felakaszt\u00e1s\u00e1ra tervezett alum\u00ednium r\u00fadrendszer, amely funkcion\u00e1lis t\u00e1mogat\u00e1st \u00e9s eszt\u00e9tikai megjelen\u00e9st egyar\u00e1nt k\u00edn\u00e1l.\n<\/p>\n<p><\/p>\n<p><b>2.Mi\u00e9rt v\u00e1lassza az alum\u00edniumot a f\u00fcgg\u00f6nyrudakhoz? <\/b><\/p>\n<p> Az alum\u00ednium k\u00f6nny\u0171, tart\u00f3s \u00e9s korr\u00f3zi\u00f3\u00e1ll\u00f3, \u00edgy ide\u00e1lis olyan f\u00fcgg\u00f6nyrudakhoz, amelyeknek gyakori haszn\u00e1latot kell kib\u00edrniuk, \u00e9s k\u00fcl\u00f6nb\u00f6z\u0151 k\u00f6rnyezetben is tart\u00f3snak kell lenni\u00fck.\n<\/p>\n<p><\/p>\n<p><b>3.Can a f\u00fcgg\u00f6nyrudak testre szabhat\u00f3ak? <\/b><\/p>\n<p> Igen, az alum\u00ednium profil\u00fa f\u00fcgg\u00f6nyrudak testre szabhat\u00f3k a hossz, a kivitel \u00e9s a kialak\u00edt\u00e1s tekintet\u00e9ben, hogy megfeleljenek a k\u00fcl\u00f6nb\u00f6z\u0151 f\u00fcgg\u00f6ny- \u00e9s szobast\u00edlusoknak.\n<\/p>\n<p><\/p>\n<p><b>4.Milyen fel\u00fcletek \u00e1llnak rendelkez\u00e9sre az alum\u00ednium f\u00fcgg\u00f6nyrudakhoz? <\/b><\/p>\n<p> Az elox\u00e1lt, porsz\u00f3rt \u00e9s csiszolt kivitel\u0171 opci\u00f3k egyar\u00e1nt biztos\u00edtj\u00e1k a tart\u00f3ss\u00e1got \u00e9s az eszt\u00e9tikai sokoldal\u00fas\u00e1got.\n<\/p>\n<p><\/p>\n<p><b>5.Ezek a f\u00fcgg\u00f6nyrudak alkalmasak k\u00fclt\u00e9ri haszn\u00e1latra? <\/b><\/p>\n<p> Igen, megfelel\u0151 bevonatokkal az alum\u00ednium f\u00fcgg\u00f6nyrudak ellen\u00e1llnak a k\u00fclt\u00e9ri k\u00f6r\u00fclm\u00e9nyeknek, korr\u00f3zi\u00f3\u00e1ll\u00f3s\u00e1got \u00e9s hossz\u00fa \u00e9lettartamot biztos\u00edtva.\n<\/p>\n<p><\/p>\n<p><b>6.Mennyire k\u00f6nny\u0171 felszerelni ezeket a f\u00fcgg\u00f6nyrudakat? <\/b><\/p>\n<p> A modul\u00e1ris fel\u00e9p\u00edt\u00e9s lehet\u0151v\u00e9 teszi a gyors \u00e9s egyszer\u0171 telep\u00edt\u00e9st, amely \u00e1ltal\u00e1ban csak szabv\u00e1nyos szersz\u00e1mokat \u00e9s minim\u00e1lis er\u0151fesz\u00edt\u00e9st ig\u00e9nyel.\n<\/p>\n<p><\/p>\n<p><b>7.Milyen ipar\u00e1gak haszn\u00e1lj\u00e1k az alum\u00ednium profil f\u00fcgg\u00f6nyrudakat? <\/b><\/p>\n<p> Ezeket a f\u00fcgg\u00f6nyrudakat sz\u00e9les k\u00f6rben haszn\u00e1lj\u00e1k lak\u00f3-, kereskedelmi, irodai helyis\u00e9gekben, sz\u00e1llod\u00e1kban \u00e9s m\u00e1s, robusztus \u00e9s vizu\u00e1lisan vonz\u00f3 ablakkezel\u00e9st ig\u00e9nyl\u0151 k\u00f6rnyezetekben.\n<\/p>\n<p><\/p>\n<p><b>8.Is alum\u00ednium k\u00f6rnyezetbar\u00e1t? <\/b><\/p>\n<p> Igen, az alum\u00ednium 100% \u00fajrahasznos\u00edthat\u00f3, \u00edgy k\u00f6rnyezetbar\u00e1t v\u00e1laszt\u00e1s az \u00e9p\u00edt\u00e9si \u00e9s bels\u0151\u00e9p\u00edt\u00e9szeti projektekhez.\n<\/p>\n<p><\/p>","protected":false},"featured_media":7692,"template":"","categories":[67],"class_list":["post-7693","product","type-product","status-publish","has-post-thumbnail","hentry","category-architectural-aluminium-profile"],"meta_box":{"hilight_text_group":{"product_hilight_text":"<li>Durable aluminum construction ensures long-lasting performance for curtain rods.<\/li>\r\r\n<li>Lightweight yet strong, providing easy handling and smooth curtain movement.<\/li>\r\r\n<li>Corrosion-resistant finish suitable for both indoor and outdoor use.<\/li>\r\r\n<li>Customizable sizes and finishes to match any interior design or architectural style.<\/li>\r\r\n<li>Easy to install with a modular design for seamless integration into curtain systems.<\/li>\r\r\n<li>Perfect for residential, commercial, and industrial applications with high aesthetic appeal.<\/li>","product_chanpin_blog":"<ul>\r\r\n<li><a href=\"https:\/\/sinoextrud.com\/t-slot-v-slot-differences\/\" target=\"_blank\">t slot vs v slot<\/a><\/li>\r\r\n<li><a href=\"https:\/\/sinoextrud.com\/what-is-4040-aluminium-extrud\/\" target=\"_blank\">4040 aluminium extrusion<\/a><\/li>\r\r\n<li><a href=\"https:\/\/sinoextrud.com\/what-is-4040-aluminium-extrud\/\" target=\"_blank\">aluminum extrusions for industrial racks<\/a><\/li>\r\r\n<li><a href=\"https:\/\/sinoextrud.com\/powder-coating-aluminium-process\/\" target=\"_blank\">powder coating aluminium<\/a><\/li>\r\r\n<li><a href=\"https:\/\/sinoextrud.com\/what-is-an-aluminium-strip-ceiling\/\" target=\"_blank\">aluminium strip ceiling<\/a><\/li>\r\r\n<li><a href=\"https:\/\/sinoextrud.com\/what-is-a-heat-sink\/\" target=\"_blank\">what is a heat sink<\/a><\/li>\r\r\n<\/ul>","product_chanpin_chanpin":"<li><a href=\"https:\/\/sinoextrud.com\/product\/slotted-extruded-aluminum-u-shaped-bending-punching\/\" target=\"_blank\">Slotted Extruded Aluminum U Shaped Bending Punching<\/a><\/li>\r\n<li><a href=\"https:\/\/sinoextrud.com\/product\/extruded-aluminium-channel\/\" target=\"_blank\">Extruded Aluminium Channel<\/a><\/li>\r\n<li><a href=\"https:\/\/sinoextrud.com\/product\/y-section-aluminium-extrusion\/\" target=\"_blank\">Y Section Aluminium Extrusion<\/a><\/li>\r\n<li><a href=\"https:\/\/sinoextrud.com\/product\/round-aluminum-extrusion-architeture-fabrication\/\" target=\"_blank\">Round Aluminum Extrusion Architeture Fabrication<\/a><\/li>\r\n<li><a href=\"https:\/\/sinoextrud.com\/product\/building-materials-aluminium-profile-curtain-rod\/\" target=\"_blank\">Building Materials Aluminium Profile Curtain Rod<\/a><\/li>\r\n<li><a href=\"https:\/\/sinoextrud.com\/product\/factory-offer-extrude-aluminium-track-profile\/\" target=\"_blank\">Factory Offer Extrude Aluminium Track Profile<\/a><\/li>\r\n<li><a href=\"https:\/\/sinoextrud.com\/product\/clip-on-aluminium-profiles\/\" target=\"_blank\">Clip On Aluminium Profiles<\/a><\/li>\r\n<li><a href=\"https:\/\/sinoextrud.com\/product\/extruded-aluminum-connectors-for-door\/\" target=\"_blank\">Extruded Aluminum Connectors For Door<\/a><\/li>\r\n<li><a href=\"https:\/\/sinoextrud.com\/product\/t-shaped-aluminum-extrusion\/\" target=\"_blank\">T Shaped Aluminum Extrusion<\/a><\/li>\r\n<li><a href=\"https:\/\/sinoextrud.com\/product\/aluminum-profile-windows-and-door-powder-coated-sliding-way\/\" target=\"_blank\">aluminum profile windows and door powder coated sliding way<\/a><\/li>\r\n<li><a href=\"https:\/\/sinoextrud.com\/product\/sliver-anodized-aluminum-extrusions-kitchen-cabinets-profiles-frame\/\" target=\"_blank\">Sliver Anodized Aluminum Extrusions Kitchen Cabinets Profiles Frame<\/a><\/li>"},"feature_list":[]},"_links":{"self":[{"href":"https:\/\/sinoextrud.com\/hu\/wp-json\/wp\/v2\/product\/7693","targetHints":{"allow":["GET"]}}],"collection":[{"href":"https:\/\/sinoextrud.com\/hu\/wp-json\/wp\/v2\/product"}],"about":[{"href":"https:\/\/sinoextrud.com\/hu\/wp-json\/wp\/v2\/types\/product"}],"wp:featuredmedia":[{"embeddable":true,"href":"https:\/\/sinoextrud.com\/hu\/wp-json\/wp\/v2\/media\/7692"}],"wp:attachment":[{"href":"https:\/\/sinoextrud.com\/hu\/wp-json\/wp\/v2\/media?parent=7693"}],"wp:term":[{"taxonomy":"category","embeddable":true,"href":"https:\/\/sinoextrud.com\/hu\/wp-json\/wp\/v2\/categories?post=7693"}],"curies":[{"name":"wp","href":"https:\/\/api.w.org\/{rel}","templated":true}]}}