{"id":7691,"date":"2025-06-10T01:44:33","date_gmt":"2025-06-10T01:44:33","guid":{"rendered":"https:\/\/sinoextrud.com\/product\/round-aluminum-extrusion-architeture-fabrication\/"},"modified":"2025-06-24T06:13:25","modified_gmt":"2025-06-24T06:13:25","slug":"kerek-aluminium-extrudalas-architeture-gyartas","status":"publish","type":"product","link":"https:\/\/sinoextrud.com\/hu\/product\/round-aluminum-extrusion-architeture-fabrication\/","title":{"rendered":"Kerek alum\u00ednium extrud\u00e1l\u00e1s Architeture gy\u00e1rt\u00e1s"},"content":{"rendered":"<h2>Term\u00e9kek r\u00e9szletei<\/h2>\n<table class=\"custom-table\">\n<tbody>\n<tr>\n<td> Term\u00e9k neve<\/td>\n<td> Kerek alum\u00ednium extrud\u00e1l\u00e1s Architeture gy\u00e1rt\u00e1s<\/td>\n<\/tr>\n<tr>\n<td> Fel\u00fcleti kezel\u00e9s<\/td>\n<td> Malom k\u00e9sz<\/td>\n<\/tr>\n<tr>\n<td> Alum\u00ednium \u00f6tv\u00f6zet<\/td>\n<td> 6063-T5<\/td>\n<\/tr>\n<tr>\n<td> Sz\u00ednes<\/td>\n<td> Gy\u00e1rban k\u00e9sz, vagy testreszab\u00e1s<\/td>\n<\/tr>\n<tr>\n<td> Alkalmaz\u00e1s<\/td>\n<td> alum\u00ednium extrud\u00e1l\u00e1s az ipar, \u00e9p\u00edt\u00e9szet, gy\u00e1rt\u00e1s sz\u00e1m\u00e1ra<\/td>\n<\/tr>\n<tr>\n<td> M\u00e1rka<\/td>\n<td> Sinoextrud \/ Sinoextrud \/ Sinoextrud Aluminium<\/td>\n<\/tr>\n<tr>\n<td> Eredet<\/td>\n<td> Foshan, K\u00edna<\/td>\n<\/tr>\n<\/tbody>\n<\/table>\n<h2>Gy\u00e1rt\u00f3 b\u00e1zisunk<\/h2>\n<h3>Gy\u00e1ri panor\u00e1ma<\/h3>\n<p><img decoding=\"async\" src=\"\/wp-content\/uploads\/factory-01.webp\"\/><\/p>\n<h3>Alum\u00ednium r\u00fadgy\u00e1rt\u00f3 m\u0171hely<\/h3>\n<p><img decoding=\"async\" src=\"\/wp-content\/uploads\/factory-02.webp\"\/><\/p>\n<p><img decoding=\"async\" src=\"\/wp-content\/uploads\/factory-03.webp\"\/><\/p>\n<h3>Pen\u00e9sz rakt\u00e1r<\/h3>\n<p><img decoding=\"async\" src=\"\/wp-content\/uploads\/factory-04.webp\"\/><\/p>\n<h3>43 alum\u00ednium extrud\u00e1l\u00f3 vonal (500-5500 tonna)<\/h3>\n<p><img decoding=\"async\" src=\"\/wp-content\/uploads\/factory-05.webp\"\/><\/p>\n<p><img decoding=\"async\" src=\"\/wp-content\/uploads\/factory-06.webp\"\/><\/p>\n<p><img decoding=\"async\" src=\"\/wp-content\/uploads\/factory-07.webp\"\/><\/p>\n<h3>Porfest\u0151 m\u0171hely<\/h3>\n<p><img decoding=\"async\" src=\"\/wp-content\/uploads\/factory-09.webp\"\/><\/p>\n<h3>Anodiz\u00e1l\u00f3 m\u0171hely<\/h3>\n<p><img decoding=\"async\" src=\"\/wp-content\/uploads\/factory-10.webp\"\/><\/p>\n<h3>M\u00e9ly feldolgoz\u00e1si m\u0171hely<\/h3>\n<p><img decoding=\"async\" src=\"\/wp-content\/uploads\/factory-11.webp\"\/><\/p>\n<h3>CNC prec\u00edzi\u00f3s megmunk\u00e1l\u00f3 m\u0171hely<\/h3>\n<p><img decoding=\"async\" src=\"\/wp-content\/uploads\/factory-11.5.webp\"\/><\/p>\n<h3>K\u00e9szterm\u00e9k \u00e9s export rakt\u00e1r<\/h3>\n<p><img decoding=\"async\" src=\"\/wp-content\/uploads\/factory-12.webp\"\/><\/p>\n<p><img decoding=\"async\" src=\"\/wp-content\/uploads\/factory-13.webp\"\/><\/p>\n<p><img decoding=\"async\" src=\"\/wp-content\/uploads\/factory-14.webp\"\/><\/p>\n<h2>GYIK<\/h2>\n<p><p><b>1.Mi a kerek alum\u00ednium extrud\u00e1l\u00e1s az \u00e9p\u00edt\u00e9szeti gy\u00e1rt\u00e1shoz? <\/b><\/p>\n<p> Ez egy k\u00f6r alak\u00fa alum\u00edniumprofil, amelyet az \u00e9p\u00edt\u00e9szeti gy\u00e1rt\u00e1sban haszn\u00e1lnak szerkezeti vagy dekorat\u00edv alkalmaz\u00e1sokhoz, p\u00e9ld\u00e1ul oszlopokhoz, korl\u00e1tokhoz \u00e9s keretekhez.<br \/>\n<\/p><br \/>\n<br \/>\n<p><b>2.Mi\u00e9rt v\u00e1lassza a kerek alum\u00ednium extrud\u00e1l\u00e1sokat az \u00e9p\u00edt\u00e9szetben? <\/b><\/p>\n<p> A kerek alum\u00ednium extrud\u00e1l\u00e1sok a tiszta eszt\u00e9tik\u00e1t szil\u00e1rds\u00e1ggal, korr\u00f3zi\u00f3\u00e1ll\u00f3s\u00e1ggal \u00e9s egyszer\u0171 gy\u00e1rthat\u00f3s\u00e1ggal \u00f6tv\u00f6zik \u00e9p\u00edt\u00e9szeti felhaszn\u00e1l\u00e1sra.<br \/>\n<\/p><br \/>\n<br \/>\n<p><b>3.Az \u00e1tm\u00e9r\u0151 \u00e9s a vastags\u00e1g testre szabhat\u00f3? <\/b><\/p>\n<p> Igen, a kerek alum\u00ednium extrud\u00e1l\u00e1s teljes m\u00e9rt\u00e9kben testre szabhat\u00f3 a m\u00e9ret, a vastags\u00e1g, az \u00f6tv\u00f6zet \u00e9s a kivitelez\u00e9s tekintet\u00e9ben, hogy megfeleljen a projekt specifik\u00e1ci\u00f3inak.<br \/>\n<\/p><br \/>\n<br \/>\n<p><b>4.Alkalmasak-e ezek az extrud\u00e1lt term\u00e9kek k\u00fclt\u00e9ri telep\u00edt\u00e9sre? <\/b><\/p>\n<p> Abszol\u00fat, elox\u00e1lt vagy porsz\u00f3rt bevonattal ell\u00e1tott kivitelben, k\u00fclt\u00e9ri k\u00f6rnyezetben is kiv\u00e1l\u00f3an teljes\u00edtenek.<br \/>\n<\/p><br \/>\n<br \/>\n<p><b>5.Mik a kerek alum\u00ednium extrud\u00e1l\u00e1sok tipikus alkalmaz\u00e1sai? <\/b><\/p>\n<p> Gyakori felhaszn\u00e1l\u00e1si ter\u00fcletei k\u00f6z\u00e9 tartoznak a korl\u00e1tok, korl\u00e1tok, f\u00fcgg\u00f6nyfal-keretek, jelz\u0151szerkezetek \u00e9s modern homlokzati elemek.<br \/>\n<\/p><br \/>\n<br \/>\n<p><b>6.K\u00f6nny\u0171 az anyaggal dolgozni a gy\u00e1rt\u00e1s sor\u00e1n? <\/b><\/p>\n<p> Igen, az alum\u00ednium k\u00f6nny\u0171 \u00e9s k\u00f6nnyen v\u00e1ghat\u00f3, hegeszthet\u0151, f\u00farhat\u00f3 \u00e9s alak\u00edthat\u00f3, ide\u00e1lis az \u00e9p\u00edt\u00e9szeti testreszab\u00e1shoz.<br \/>\n<\/p><br \/>\n<br \/>\n<p><b>7.T\u00e1mogatja-e az extrud\u00e1l\u00e1s a fel\u00fcletkezel\u00e9seket? <\/b><\/p>\n<p> Igen, elox\u00e1lhat\u00f3, csiszolhat\u00f3, porsz\u00f3rtan bevonhat\u00f3 vagy festhet\u0151, hogy k\u00fcl\u00f6nb\u00f6z\u0151 text\u00far\u00e1kat, sz\u00edneket \u00e9s v\u00e9delmi szinteket \u00e9rjen el.<br \/>\n<\/p><br \/>\n<br \/>\n<p><b>8.Az alum\u00ednium k\u00f6rnyezetbar\u00e1t az \u00e9p\u00edt\u00e9szeti projektekn\u00e9l? <\/b><\/p>\n<p> Igen, az alum\u00ednium 100% \u00fajrahasznos\u00edthat\u00f3, \u00e9s hozz\u00e1j\u00e1rul az olyan z\u00f6ld \u00e9p\u00fcletek min\u0151s\u00edt\u00e9s\u00e9hez, mint a LEED.<br \/>\n<\/p><br \/><\/p>","protected":false},"featured_media":7690,"template":"","categories":[67],"class_list":["post-7691","product","type-product","status-publish","has-post-thumbnail","hentry","category-architectural-aluminium-profile"],"meta_box":{"hilight_text_group":{"product_hilight_text":"<li>Round aluminum extrusion provides smooth aesthetics for architectural applications.<\/li>\r\r\n<li>Lightweight yet strong material simplifies fabrication and installation.<\/li>\r\r\n<li>Corrosion-resistant finish ensures long-term performance in indoor and outdoor use.<\/li>\r\r\n<li>Customizable in diameter, wall thickness, and alloy to suit design needs.<\/li>\r\r\n<li>Ideal for railings, columns, curtain wall systems, and structural detailing.<\/li>\r\r\n<li>Supports various surface treatments including anodizing and powder coating.<\/li>","product_chanpin_blog":"<ul>\r\r\n<li><a href=\"https:\/\/sinoextrud.com\/t-slot-v-slot-differences\/\" target=\"_blank\">t slot vs v slot<\/a><\/li>\r\r\n<li><a href=\"https:\/\/sinoextrud.com\/what-is-4040-aluminium-extrud\/\" target=\"_blank\">4040 aluminium extrusion<\/a><\/li>\r\r\n<li><a href=\"https:\/\/sinoextrud.com\/what-is-4040-aluminium-extrud\/\" target=\"_blank\">aluminum extrusions for industrial racks<\/a><\/li>\r\r\n<li><a href=\"https:\/\/sinoextrud.com\/powder-coating-aluminium-process\/\" target=\"_blank\">powder coating aluminium<\/a><\/li>\r\r\n<li><a href=\"https:\/\/sinoextrud.com\/what-is-an-aluminium-strip-ceiling\/\" target=\"_blank\">aluminium strip ceiling<\/a><\/li>\r\r\n<li><a href=\"https:\/\/sinoextrud.com\/what-is-a-heat-sink\/\" target=\"_blank\">what is a heat sink<\/a><\/li>\r\r\n<\/ul>","product_chanpin_chanpin":"<li><a href=\"https:\/\/sinoextrud.com\/product\/extruded-aluminum-sections\/\" target=\"_blank\">Extruded Aluminum Sections<\/a><\/li>\r\n<li><a href=\"https:\/\/sinoextrud.com\/product\/slotted-extruded-aluminum-u-shaped-bending-punching\/\" target=\"_blank\">Slotted Extruded Aluminum U Shaped Bending Punching<\/a><\/li>\r\n<li><a href=\"https:\/\/sinoextrud.com\/product\/extruded-aluminium-channel\/\" target=\"_blank\">Extruded Aluminium Channel<\/a><\/li>\r\n<li><a href=\"https:\/\/sinoextrud.com\/product\/y-section-aluminium-extrusion\/\" target=\"_blank\">Y Section Aluminium Extrusion<\/a><\/li>\r\n<li><a href=\"https:\/\/sinoextrud.com\/product\/round-aluminum-extrusion-architeture-fabrication\/\" target=\"_blank\">Round Aluminum Extrusion Architeture Fabrication<\/a><\/li>\r\n<li><a href=\"https:\/\/sinoextrud.com\/product\/building-materials-aluminium-profile-curtain-rod\/\" target=\"_blank\">Building Materials Aluminium Profile Curtain Rod<\/a><\/li>\r\n<li><a href=\"https:\/\/sinoextrud.com\/product\/factory-offer-extrude-aluminium-track-profile\/\" target=\"_blank\">Factory Offer Extrude Aluminium Track Profile<\/a><\/li>\r\n<li><a href=\"https:\/\/sinoextrud.com\/product\/clip-on-aluminium-profiles\/\" target=\"_blank\">Clip On Aluminium Profiles<\/a><\/li>\r\n<li><a href=\"https:\/\/sinoextrud.com\/product\/extruded-aluminum-connectors-for-door\/\" target=\"_blank\">Extruded Aluminum Connectors For Door<\/a><\/li>\r\n<li><a href=\"https:\/\/sinoextrud.com\/product\/color-polishing-aluminium-for-sliding-door\/\" target=\"_blank\">Color Polishing Aluminium For Sliding Door<\/a><\/li>\r\n<li><a href=\"https:\/\/sinoextrud.com\/product\/anodized-small-aluminum-extrusions\/\" target=\"_blank\">Anodized Small Aluminum Extrusions<\/a><\/li>"},"feature_list":[]},"_links":{"self":[{"href":"https:\/\/sinoextrud.com\/hu\/wp-json\/wp\/v2\/product\/7691","targetHints":{"allow":["GET"]}}],"collection":[{"href":"https:\/\/sinoextrud.com\/hu\/wp-json\/wp\/v2\/product"}],"about":[{"href":"https:\/\/sinoextrud.com\/hu\/wp-json\/wp\/v2\/types\/product"}],"wp:featuredmedia":[{"embeddable":true,"href":"https:\/\/sinoextrud.com\/hu\/wp-json\/wp\/v2\/media\/7690"}],"wp:attachment":[{"href":"https:\/\/sinoextrud.com\/hu\/wp-json\/wp\/v2\/media?parent=7691"}],"wp:term":[{"taxonomy":"category","embeddable":true,"href":"https:\/\/sinoextrud.com\/hu\/wp-json\/wp\/v2\/categories?post=7691"}],"curies":[{"name":"wp","href":"https:\/\/api.w.org\/{rel}","templated":true}]}}