{"id":7689,"date":"2025-06-10T01:43:12","date_gmt":"2025-06-10T01:43:12","guid":{"rendered":"https:\/\/sinoextrud.com\/product\/y-section-aluminium-extrusion\/"},"modified":"2025-06-24T06:13:24","modified_gmt":"2025-06-24T06:13:24","slug":"y-profilu-aluminium-extrudalas","status":"publish","type":"product","link":"https:\/\/sinoextrud.com\/hu\/product\/y-section-aluminium-extrusion\/","title":{"rendered":"Y szelv\u00e9ny Alum\u00ednium extrud\u00e1l\u00e1s"},"content":{"rendered":"<h2>Term\u00e9kek r\u00e9szletei<\/h2>\n<table class=\"custom-table\">\n<tbody>\n<tr>\n<td> N\u00e9v<\/td>\n<td> Y szelv\u00e9ny\u0171 alum\u00ednium extrud\u00e1l\u00e1s<\/td>\n<\/tr>\n<tr>\n<td> M\u00e1rka<\/td>\n<td> Sinoextrud<\/td>\n<\/tr>\n<tr>\n<td> Kateg\u00f3ria<\/td>\n<td> Alum\u00ednium profilok<\/td>\n<\/tr>\n<tr>\n<td> Anyag<\/td>\n<td> A 6061 sz\u00e9les k\u00f6rben haszn\u00e1latos. A 6063, 6463, 6005, 6082 is rendelkez\u00e9sre \u00e1ll.<\/td>\n<\/tr>\n<tr>\n<td> Temper<\/td>\n<td> T5-T8<\/td>\n<\/tr>\n<tr>\n<td> Hossz\u00fas\u00e1g<\/td>\n<td> 1-9m vagy testreszabott v\u00e1g\u00e1s<\/td>\n<\/tr>\n<tr>\n<td> M\u00e9ret (mm)<\/td>\n<td> testreszab\u00e1s<\/td>\n<\/tr>\n<tr>\n<td> Shape<\/td>\n<td> Y alak\/szab\u00e1s<\/td>\n<\/tr>\n<tr>\n<td> Fel\u00fcletkezel\u00e9s<\/td>\n<td> Malomf\u00e9nyez\u00e9s, elox\u00e1lt, homokf\u00fav\u00e1s, pol\u00edroz\u00e1s, elektrofor\u00e9zis, elektromos bevonat, stb.<\/td>\n<\/tr>\n<tr>\n<td> Sz\u00ednes<\/td>\n<td> M\u00edg, fekete, ez\u00fcst, bronz, arany, pezsg\u0151, s\u00f6t\u00e9t, r\u00e9z , stb.<\/td>\n<\/tr>\n<tr>\n<td> Standard<\/td>\n<td> ASTM, GB, DIN<\/td>\n<\/tr>\n<tr>\n<td> A  c\u00edmr\u0151l<\/td>\n<td> Guangdong, K\u00edna<\/td>\n<\/tr>\n<tr>\n<td> Alkalmaz\u00e1s<\/td>\n<td> \u00c9p\u00fclet, dekor\u00e1ci\u00f3 (p\u00e9ld\u00e1ul t\u00fck\u00f6rkeret, k\u00e9pkeret stb.)<\/td>\n<\/tr>\n<\/tbody>\n<\/table>\n<h2>Gy\u00e1rt\u00f3 b\u00e1zisunk<\/h2>\n<h3>Gy\u00e1ri panor\u00e1ma<\/h3>\n<p><img decoding=\"async\" src=\"\/wp-content\/uploads\/factory-01.webp\"\/><\/p>\n<h3>Alum\u00ednium r\u00fadgy\u00e1rt\u00f3 m\u0171hely<\/h3>\n<p><img decoding=\"async\" src=\"\/wp-content\/uploads\/factory-02.webp\"\/><\/p>\n<p><img decoding=\"async\" src=\"\/wp-content\/uploads\/factory-03.webp\"\/><\/p>\n<h3>Pen\u00e9sz rakt\u00e1r<\/h3>\n<p><img decoding=\"async\" src=\"\/wp-content\/uploads\/factory-04.webp\"\/><\/p>\n<h3>43 alum\u00ednium extrud\u00e1l\u00f3 vonal (500-5500 tonna)<\/h3>\n<p><img decoding=\"async\" src=\"\/wp-content\/uploads\/factory-05.webp\"\/><\/p>\n<p><img decoding=\"async\" src=\"\/wp-content\/uploads\/factory-06.webp\"\/><\/p>\n<p><img decoding=\"async\" src=\"\/wp-content\/uploads\/factory-07.webp\"\/><\/p>\n<h3>Porfest\u0151 m\u0171hely<\/h3>\n<p><img decoding=\"async\" src=\"\/wp-content\/uploads\/factory-09.webp\"\/><\/p>\n<h3>Anodiz\u00e1l\u00f3 m\u0171hely<\/h3>\n<p><img decoding=\"async\" src=\"\/wp-content\/uploads\/factory-10.webp\"\/><\/p>\n<h3>M\u00e9ly feldolgoz\u00e1si m\u0171hely<\/h3>\n<p><img decoding=\"async\" src=\"\/wp-content\/uploads\/factory-11.webp\"\/><\/p>\n<h3>CNC prec\u00edzi\u00f3s megmunk\u00e1l\u00f3 m\u0171hely<\/h3>\n<p><img decoding=\"async\" src=\"\/wp-content\/uploads\/factory-11.5.webp\"\/><\/p>\n<h3>K\u00e9szterm\u00e9k \u00e9s export rakt\u00e1r<\/h3>\n<p><img decoding=\"async\" src=\"\/wp-content\/uploads\/factory-12.webp\"\/><\/p>\n<p><img decoding=\"async\" src=\"\/wp-content\/uploads\/factory-13.webp\"\/><\/p>\n<p><img decoding=\"async\" src=\"\/wp-content\/uploads\/factory-14.webp\"\/><\/p>\n<h2>GYIK<\/h2>\n<p><p><b>1.Mi az Y szelv\u00e9ny\u0171 alum\u00ednium extrud\u00e1l\u00e1s? <\/b><\/p>\n<p> Az Y szelv\u00e9ny\u0171 alum\u00ednium extrud\u00e1l\u00e1s egy speci\u00e1lisan kialak\u00edtott alum\u00edniumprofil, amely h\u00e1rom \"Y\"-t alkot\u00f3 karral rendelkezik a szerkezeti al\u00e1t\u00e1maszt\u00e1s \u00e9s a t\u00f6bbpontos csatlakoz\u00e1sok \u00e9rdek\u00e9ben.<br \/>\n<\/p><br \/>\n<br \/>\n<p><b>2.Mik az Y-alak\u00fa kialak\u00edt\u00e1s el\u0151nyei? <\/b><\/p>\n<p> Az Y-szelv\u00e9ny lehet\u0151v\u00e9 teszi a t\u00f6bbir\u00e1ny\u00fa kapcsolatokat, a jobb tehereloszt\u00e1st \u00e9s a nagyobb tervez\u00e9si rugalmass\u00e1got \u00f6sszetett keretekben.<br \/>\n<\/p><br \/>\n<br \/>\n<p><b>3.Is Y szekci\u00f3 alum\u00ednium extrud\u00e1l\u00e1s er\u0151s? <\/b><\/p>\n<p> Igen, kiv\u00e1l\u00f3 szil\u00e1rds\u00e1g\/t\u00f6meg ar\u00e1nyt k\u00edn\u00e1l, \u00edgy alkalmas szerkezeti \u00e9s ipari alkalmaz\u00e1sokhoz.<br \/>\n<\/p><br \/>\n<br \/>\n<p><b>4.Can az Y extrud\u00e1l\u00e1s testre szabhat\u00f3? <\/b><\/p>\n<p> Az Y szelv\u00e9ny\u0171 alum\u00ednium extrud\u00e1l\u00e1sok m\u00e9retben, vastags\u00e1gban \u00e9s kivitelben is testre szabhat\u00f3k, hogy megfeleljenek az egyedi alkalmaz\u00e1si ig\u00e9nyeknek.<br \/>\n<\/p><br \/>\n<br \/>\n<p><b>5.Milyen ipar\u00e1gak haszn\u00e1lj\u00e1k \u00e1ltal\u00e1ban az Y szelv\u00e9ny\u0171 extrud\u00e1l\u00e1st? <\/b><\/p>\n<p> Ezeket \u00e9p\u00edt\u00e9szeti keretekben, automatiz\u00e1l\u00e1si berendez\u00e9sekben, kijelz\u0151szerkezetekben \u00e9s v\u00e1laszfalrendszerekben haszn\u00e1lj\u00e1k.<br \/>\n<\/p><br \/>\n<br \/>\n<p><b>6.Az anyag korr\u00f3zi\u00f3\u00e1ll\u00f3? <\/b><\/p>\n<p> Igen, az alum\u00ednium fel\u00fclet elox\u00e1lhat\u00f3 vagy porsz\u00f3rtan bevonhat\u00f3 a kiv\u00e1l\u00f3 korr\u00f3zi\u00f3\u00e1ll\u00f3s\u00e1g \u00e9rdek\u00e9ben a zord k\u00f6rnyezetben.<br \/>\n<\/p><br \/>\n<br \/>\n<p><b>7.Hogyan szerelik be az Y-szekci\u00f3t? <\/b><\/p>\n<p> Kompatibilis a szabv\u00e1nyos alum\u00ednium keretes csatlakoz\u00f3kkal, \u00e9s hagyom\u00e1nyos szersz\u00e1mokkal v\u00e1ghat\u00f3, f\u00farhat\u00f3 \u00e9s szerelhet\u0151.<br \/>\n<\/p><br \/>\n<br \/>\n<p><b>8.Alkalmas ez az extrud\u00e1l\u00e1s k\u00fclt\u00e9ri alkalmaz\u00e1sra? <\/b><\/p>\n<p> Igen, megfelel\u0151 befejez\u00e9ssel az Y profil\u00fa alum\u00ednium extrud\u00e1l\u00e1sok j\u00f3l teljes\u00edtenek k\u00fclt\u00e9ri \u00e9s id\u0151j\u00e1r\u00e1snak kitett k\u00f6rnyezetben.<br \/>\n<\/p><br \/><\/p>","protected":false},"featured_media":7688,"template":"","categories":[67],"class_list":["post-7689","product","type-product","status-publish","has-post-thumbnail","hentry","category-architectural-aluminium-profile"],"meta_box":{"hilight_text_group":{"product_hilight_text":"<li>Unique Y-shaped design offers structural stability and multi-directional support.<\/li>\r\r\n<li>Lightweight yet high-strength aluminum ensures easy handling and durability.<\/li>\r\r\n<li>Corrosion-resistant finish ideal for both indoor and outdoor environments.<\/li>\r\r\n<li>Customizable dimensions and alloys to meet diverse engineering requirements.<\/li>\r\r\n<li>Compatible with various assembly systems and industrial frameworks.<\/li>\r\r\n<li>Excellent for architectural structures, framing systems, and partition walls.<\/li>","product_chanpin_blog":"<ul>\r\r\n<li><a href=\"https:\/\/sinoextrud.com\/t-slot-v-slot-differences\/\" target=\"_blank\">t slot vs v slot<\/a><\/li>\r\r\n<li><a href=\"https:\/\/sinoextrud.com\/what-is-4040-aluminium-extrud\/\" target=\"_blank\">4040 aluminium extrusion<\/a><\/li>\r\r\n<li><a href=\"https:\/\/sinoextrud.com\/what-is-4040-aluminium-extrud\/\" target=\"_blank\">aluminum extrusions for industrial racks<\/a><\/li>\r\r\n<li><a href=\"https:\/\/sinoextrud.com\/powder-coating-aluminium-process\/\" target=\"_blank\">powder coating aluminium<\/a><\/li>\r\r\n<li><a href=\"https:\/\/sinoextrud.com\/what-is-an-aluminium-strip-ceiling\/\" target=\"_blank\">aluminium strip ceiling<\/a><\/li>\r\r\n<li><a href=\"https:\/\/sinoextrud.com\/what-is-a-heat-sink\/\" target=\"_blank\">what is a heat sink<\/a><\/li>\r\r\n<\/ul>","product_chanpin_chanpin":"<li><a href=\"https:\/\/sinoextrud.com\/product\/three-acid-oxidation-aluminium-u-shaped-channel\/\" target=\"_blank\">Three Acid Oxidation Aluminium U Shaped Channel<\/a><\/li>\r\n<li><a href=\"https:\/\/sinoextrud.com\/product\/extruded-aluminum-sections\/\" target=\"_blank\">Extruded Aluminum Sections<\/a><\/li>\r\n<li><a href=\"https:\/\/sinoextrud.com\/product\/slotted-extruded-aluminum-u-shaped-bending-punching\/\" target=\"_blank\">Slotted Extruded Aluminum U Shaped Bending Punching<\/a><\/li>\r\n<li><a href=\"https:\/\/sinoextrud.com\/product\/extruded-aluminium-channel\/\" target=\"_blank\">Extruded Aluminium Channel<\/a><\/li>\r\n<li><a href=\"https:\/\/sinoextrud.com\/product\/y-section-aluminium-extrusion\/\" target=\"_blank\">Y Section Aluminium Extrusion<\/a><\/li>\r\n<li><a href=\"https:\/\/sinoextrud.com\/product\/round-aluminum-extrusion-architeture-fabrication\/\" target=\"_blank\">Round Aluminum Extrusion Architeture Fabrication<\/a><\/li>\r\n<li><a href=\"https:\/\/sinoextrud.com\/product\/building-materials-aluminium-profile-curtain-rod\/\" target=\"_blank\">Building Materials Aluminium Profile Curtain Rod<\/a><\/li>\r\n<li><a href=\"https:\/\/sinoextrud.com\/product\/factory-offer-extrude-aluminium-track-profile\/\" target=\"_blank\">Factory Offer Extrude Aluminium Track Profile<\/a><\/li>\r\n<li><a href=\"https:\/\/sinoextrud.com\/product\/clip-on-aluminium-profiles\/\" target=\"_blank\">Clip On Aluminium Profiles<\/a><\/li>\r\n<li><a href=\"https:\/\/sinoextrud.com\/product\/aluminium-handrail-profiles\/\" target=\"_blank\">Aluminium Handrail Profiles<\/a><\/li>\r\n<li><a href=\"https:\/\/sinoextrud.com\/product\/triangle-ceiling-system\/\" target=\"_blank\">Triangle Ceiling System (Triangle Ceiling)<\/a><\/li>"},"feature_list":[]},"_links":{"self":[{"href":"https:\/\/sinoextrud.com\/hu\/wp-json\/wp\/v2\/product\/7689","targetHints":{"allow":["GET"]}}],"collection":[{"href":"https:\/\/sinoextrud.com\/hu\/wp-json\/wp\/v2\/product"}],"about":[{"href":"https:\/\/sinoextrud.com\/hu\/wp-json\/wp\/v2\/types\/product"}],"wp:featuredmedia":[{"embeddable":true,"href":"https:\/\/sinoextrud.com\/hu\/wp-json\/wp\/v2\/media\/7688"}],"wp:attachment":[{"href":"https:\/\/sinoextrud.com\/hu\/wp-json\/wp\/v2\/media?parent=7689"}],"wp:term":[{"taxonomy":"category","embeddable":true,"href":"https:\/\/sinoextrud.com\/hu\/wp-json\/wp\/v2\/categories?post=7689"}],"curies":[{"name":"wp","href":"https:\/\/api.w.org\/{rel}","templated":true}]}}