{"id":7672,"date":"2025-06-09T08:10:53","date_gmt":"2025-06-09T08:10:53","guid":{"rendered":"https:\/\/sinoextrud.com\/product\/aluminum-trailer-decking\/"},"modified":"2025-06-24T06:13:23","modified_gmt":"2025-06-24T06:13:23","slug":"aluminium-potkocsi-burkolat","status":"publish","type":"product","link":"https:\/\/sinoextrud.com\/hu\/product\/aluminum-trailer-decking\/","title":{"rendered":"Alum\u00ednium p\u00f3tkocsi burkolat"},"content":{"rendered":"<h2>Term\u00e9kek r\u00e9szletei<\/h2>\n<table class=\"custom-table\">\n<tbody>\n<tr>\n<td> Term\u00e9k neve<\/td>\n<td> alum\u00ednium p\u00f3tkocsi burkolat, alum\u00ednium p\u00f3tkocsi padl\u00f3, extrud\u00e1lt alum\u00ednium p\u00f3tkocsi padl\u00f3zat<\/td>\n<\/tr>\n<tr>\n<td> Anyag<\/td>\n<td> 6063, 6005, 6061, 6082<\/td>\n<\/tr>\n<tr>\n<td> Sz\u00ednes<\/td>\n<td> Malom, ez\u00fcst, pol\u00edroz\u00e1s vagy testreszab\u00e1s<\/td>\n<\/tr>\n<tr>\n<td> Temper<\/td>\n<td> T5 \u00c9S T6.<\/td>\n<\/tr>\n<tr>\n<td> Hossz\u00fas\u00e1g<\/td>\n<td> Testreszabhat\u00f3, pontos v\u00e1g\u00e1si fel\u00fcletet lehet k\u00edn\u00e1lni<\/td>\n<\/tr>\n<tr>\n<td> MOQ<\/td>\n<td> 200kg<\/td>\n<\/tr>\n<tr>\n<td> Alkalmaz\u00e1s<\/td>\n<td> Teheraut\u00f3, kont\u00e9ner, p\u00f3tkocsi<\/td>\n<\/tr>\n<tr>\n<td> Csomagol\u00e1s<\/td>\n<td> Gy\u00f6ngyh\u00e1zf\u00f3li\u00e1ba csomagolva, barna pap\u00edrral \u00e1tk\u00f6tve. Vagy testreszabhat\u00f3<\/td>\n<\/tr>\n<\/tbody>\n<\/table>\n<h2>Gy\u00e1rt\u00f3 b\u00e1zisunk<\/h2>\n<h3>Gy\u00e1ri panor\u00e1ma<\/h3>\n<p><img decoding=\"async\" src=\"\/wp-content\/uploads\/factory-01.webp\"\/><\/p>\n<h3>Alum\u00ednium r\u00fadgy\u00e1rt\u00f3 m\u0171hely<\/h3>\n<p><img decoding=\"async\" src=\"\/wp-content\/uploads\/factory-02.webp\"\/><\/p>\n<\/p>\n<p><img decoding=\"async\" src=\"\/wp-content\/uploads\/factory-03.webp\"\/><\/p>\n<h3>Pen\u00e9sz rakt\u00e1r<\/h3>\n<p><img decoding=\"async\" src=\"\/wp-content\/uploads\/factory-04.webp\"\/><\/p>\n<h3>43 alum\u00ednium extrud\u00e1l\u00f3 vonal (500-5500 tonna)<\/h3>\n<p><img decoding=\"async\" src=\"\/wp-content\/uploads\/factory-05.webp\"\/><\/p>\n<p><img decoding=\"async\" src=\"\/wp-content\/uploads\/factory-06.webp\"\/><\/p>\n<p><img decoding=\"async\" src=\"\/wp-content\/uploads\/factory-07.webp\"\/><\/p>\n<h3>Porfest\u0151 m\u0171hely<\/h3>\n<p><img decoding=\"async\" src=\"\/wp-content\/uploads\/factory-09.webp\"\/><\/p>\n<h3>Anodiz\u00e1l\u00f3 m\u0171hely<\/h3>\n<p><img decoding=\"async\" src=\"\/wp-content\/uploads\/factory-10.webp\"\/><\/p>\n<h3>M\u00e9ly feldolgoz\u00e1si m\u0171hely<\/h3>\n<p><img decoding=\"async\" src=\"\/wp-content\/uploads\/factory-11.webp\"\/><\/p>\n<h3>CNC prec\u00edzi\u00f3s megmunk\u00e1l\u00f3 m\u0171hely<\/h3>\n<p><img decoding=\"async\" src=\"\/wp-content\/uploads\/factory-11.5.webp\"\/><\/p>\n<h3>K\u00e9szterm\u00e9k \u00e9s export rakt\u00e1r<\/h3>\n<p><img decoding=\"async\" src=\"\/wp-content\/uploads\/factory-12.webp\"\/><\/p>\n<p><img decoding=\"async\" src=\"\/wp-content\/uploads\/factory-13.webp\"\/><\/p>\n<p><img decoding=\"async\" src=\"\/wp-content\/uploads\/factory-14.webp\"\/><\/p>\n<h2>GYIK<\/h2>\n<p><b>1.Mi az alum\u00ednium p\u00f3tkocsi burkolat? <\/b><\/p>\n<p> Az alum\u00ednium p\u00f3tkocsi burkolat egy tart\u00f3s, k\u00f6nny\u0171, extrud\u00e1lt alum\u00edniumb\u00f3l k\u00e9sz\u00fclt padl\u00f3burkolati megold\u00e1s, amelyet p\u00f3tkocsikhoz haszn\u00e1lnak a neh\u00e9z rakom\u00e1ny hordoz\u00e1s\u00e1ra \u00e9s a korr\u00f3zi\u00f3nak val\u00f3 ellen\u00e1ll\u00e1sra.\n<\/p>\n<p><\/p>\n<p><b>2.Mi\u00e9rt v\u00e1lassza az alum\u00ednium burkolatot a p\u00f3tkocsikhoz? <\/b><\/p>\n<p> Az alum\u00ednium p\u00f3tkocsi burkolat nagy szil\u00e1rds\u00e1got, rozsda\u00e1ll\u00f3s\u00e1got \u00e9s az ac\u00e9lhoz vagy f\u00e1hoz k\u00e9pest cs\u00f6kkentett s\u00falyt k\u00edn\u00e1l, jav\u00edtva az \u00fczemanyag-takar\u00e9koss\u00e1got \u00e9s a tart\u00f3ss\u00e1got.\n<\/p>\n<p><\/p>\n<p><b>3.Az alum\u00ednium p\u00f3tkocsi burkolat id\u0151j\u00e1r\u00e1s\u00e1ll\u00f3? <\/b><\/p>\n<p> Igen, az alum\u00ednium korr\u00f3zi\u00f3\u00e1ll\u00f3 tulajdons\u00e1gai miatt ide\u00e1lis k\u00fclt\u00e9ri, tengeri \u00e9s terepj\u00e1r\u00f3 k\u00f6r\u00fclm\u00e9nyek k\u00f6z\u00f6tt.\n<\/p>\n<p><\/p>\n<p><b>4.Does alum\u00ednium fed\u00e9lzet jav\u00edtja a p\u00f3tkocsi teljes\u00edtm\u00e9ny\u00e9t? <\/b><\/p>\n<p> Abszol\u00fat, a k\u00f6nny\u0171szerkezetes kialak\u00edt\u00e1s n\u00f6veli a hasznos teherb\u00edr\u00e1st \u00e9s az \u00fczemanyag-hat\u00e9konys\u00e1got, mik\u00f6zben meg\u0151rzi a szerkezeti integrit\u00e1st.\n<\/p>\n<p><\/p>\n<p><b>5.Az alum\u00ednium deszk\u00e1zat fel\u00fclete cs\u00fasz\u00e1smentes? <\/b><\/p>\n<p> Igen, sok alum\u00ednium p\u00f3tkocsi burkol\u00f3lap bord\u00e1zott vagy textur\u00e1lt fel\u00fclettel rendelkezik a tapad\u00e1s \u00e9s a biztons\u00e1g fokoz\u00e1sa \u00e9rdek\u00e9ben.\n<\/p>\n<p><\/p>\n<p><b>6.K\u00f6nnyen telep\u00edthet\u0151 vagy cser\u00e9lhet\u0151 a burkolat? <\/b><\/p>\n<p> Igen, az alum\u00ednium ut\u00e1nfut\u00f3 burkolat a gyors telep\u00edt\u00e9s \u00e9s karbantart\u00e1s \u00e9rdek\u00e9ben \u00f6sszeilleszthet\u0151 vagy csavarozhat\u00f3 kivitelben kaphat\u00f3.\n<\/p>\n<p><\/p>\n<p><b>7.Milyen terhelhet\u0151s\u00e9get b\u00edr el az alum\u00ednium p\u00f3tkocsi burkolat? <\/b><\/p>\n<p> Az alum\u00ednium deszk\u00e1zatot \u00fagy tervezt\u00e9k, hogy nagy teherb\u00edr\u00e1s\u00fa terhel\u00e9st b\u00edrjon el, \u00edgy alkalmas kereskedelmi, k\u00f6z\u00fczemi \u00e9s sz\u00e1ll\u00edt\u00f3 p\u00f3tkocsikhoz.\n<\/p>\n<p><\/p>\n<p><b>8.Alkalmas-e egyedi p\u00f3tkocsi\u00e9p\u00edt\u00e9sre? <\/b><\/p>\n<p> Igen, az alum\u00ednium p\u00f3tkocsi burkolat m\u00e9retben, vastags\u00e1gban \u00e9s kivitelben testre szabhat\u00f3, hogy illeszkedjen az adott p\u00f3tkocsi-konfigur\u00e1ci\u00f3khoz \u00e9s a m\u00e1rka\u00e9p\u00edt\u00e9si k\u00f6vetelm\u00e9nyekhez.\n<\/p>\n<p><\/p>","protected":false},"featured_media":7671,"template":"","categories":[67],"class_list":["post-7672","product","type-product","status-publish","has-post-thumbnail","hentry","category-architectural-aluminium-profile"],"meta_box":{"hilight_text_group":{"product_hilight_text":"<li>High-strength aluminum construction supports heavy loads with reduced weight.<\/li>\r\r\n<li>Corrosion-resistant surface ideal for all-weather and off-road use.<\/li>\r\r\n<li>Non-slip texture enhances safety during loading and transport.<\/li>\r\r\n<li>Low maintenance and long lifespan lower total cost of ownership.<\/li>\r\r\n<li>Lightweight material improves fuel efficiency and payload capacity.<\/li>\r\r\n<li>Easy to install with interlocking or bolt-on configurations.<\/li>","product_chanpin_blog":"<ul>\r\r\n<li><a href=\"https:\/\/sinoextrud.com\/t-slot-v-slot-differences\/\" target=\"_blank\">t slot vs v slot<\/a><\/li>\r\r\n<li><a href=\"https:\/\/sinoextrud.com\/what-is-4040-aluminium-extrud\/\" target=\"_blank\">4040 aluminium extrusion<\/a><\/li>\r\r\n<li><a href=\"https:\/\/sinoextrud.com\/what-is-4040-aluminium-extrud\/\" target=\"_blank\">aluminum extrusions for industrial racks<\/a><\/li>\r\r\n<li><a href=\"https:\/\/sinoextrud.com\/powder-coating-aluminium-process\/\" target=\"_blank\">powder coating aluminium<\/a><\/li>\r\r\n<li><a href=\"https:\/\/sinoextrud.com\/what-is-an-aluminium-strip-ceiling\/\" target=\"_blank\">aluminium strip ceiling<\/a><\/li>\r\r\n<li><a href=\"https:\/\/sinoextrud.com\/what-is-a-heat-sink\/\" target=\"_blank\">what is a heat sink<\/a><\/li>\r\r\n<\/ul>","product_chanpin_chanpin":"<li><a href=\"https:\/\/sinoextrud.com\/product\/roller-shutter-profiles-aluminum\/\" target=\"_blank\">Roller Shutter Profiles Aluminum<\/a><\/li>\r\n<li><a href=\"https:\/\/sinoextrud.com\/product\/modular-extruded-aluminum-framing\/\" target=\"_blank\">Modular Extruded Aluminum Framing<\/a><\/li>\r\n<li><a href=\"https:\/\/sinoextrud.com\/product\/anodized-aluminium-profile-value-frame-extrusion\/\" target=\"_blank\">Anodized Aluminium Profile Value Frame Extrusion<\/a><\/li>\r\n<li><a href=\"https:\/\/sinoextrud.com\/product\/aluminum-track-extrusion\/\" target=\"_blank\">Aluminum Track Extrusion<\/a><\/li>\r\n<li><a href=\"https:\/\/sinoextrud.com\/product\/aluminum-trailer-decking\/\" target=\"_blank\">Aluminum Trailer Decking<\/a><\/li>\r\n<li><a href=\"https:\/\/sinoextrud.com\/product\/three-acid-oxidation-aluminium-u-shaped-channel\/\" target=\"_blank\">Three Acid Oxidation Aluminium U Shaped Channel<\/a><\/li>\r\n<li><a href=\"https:\/\/sinoextrud.com\/product\/extruded-aluminum-sections\/\" target=\"_blank\">Extruded Aluminum Sections<\/a><\/li>\r\n<li><a href=\"https:\/\/sinoextrud.com\/product\/slotted-extruded-aluminum-u-shaped-bending-punching\/\" target=\"_blank\">Slotted Extruded Aluminum U Shaped Bending Punching<\/a><\/li>\r\n<li><a href=\"https:\/\/sinoextrud.com\/product\/extruded-aluminium-channel\/\" target=\"_blank\">Extruded Aluminium Channel<\/a><\/li>\r\n<li><a href=\"https:\/\/sinoextrud.com\/product\/vertical-type-screen-ceiling-system\/\" target=\"_blank\">Vertical Type Screen Ceiling System<\/a><\/li>\r\n<li><a href=\"https:\/\/sinoextrud.com\/product\/colorful-brushed-aluminium-photo-frame-manufacturer\/\" target=\"_blank\">Colorful Brushed Aluminium Photo Frame Manufacturer<\/a><\/li>"},"feature_list":[]},"_links":{"self":[{"href":"https:\/\/sinoextrud.com\/hu\/wp-json\/wp\/v2\/product\/7672","targetHints":{"allow":["GET"]}}],"collection":[{"href":"https:\/\/sinoextrud.com\/hu\/wp-json\/wp\/v2\/product"}],"about":[{"href":"https:\/\/sinoextrud.com\/hu\/wp-json\/wp\/v2\/types\/product"}],"wp:featuredmedia":[{"embeddable":true,"href":"https:\/\/sinoextrud.com\/hu\/wp-json\/wp\/v2\/media\/7671"}],"wp:attachment":[{"href":"https:\/\/sinoextrud.com\/hu\/wp-json\/wp\/v2\/media?parent=7672"}],"wp:term":[{"taxonomy":"category","embeddable":true,"href":"https:\/\/sinoextrud.com\/hu\/wp-json\/wp\/v2\/categories?post=7672"}],"curies":[{"name":"wp","href":"https:\/\/api.w.org\/{rel}","templated":true}]}}