{"id":7664,"date":"2025-06-09T08:03:47","date_gmt":"2025-06-09T08:03:47","guid":{"rendered":"https:\/\/sinoextrud.com\/product\/roller-shutter-profiles-aluminum\/"},"modified":"2025-06-24T06:13:22","modified_gmt":"2025-06-24T06:13:22","slug":"redonyprofilok-aluminium","status":"publish","type":"product","link":"https:\/\/sinoextrud.com\/hu\/product\/roller-shutter-profiles-aluminum\/","title":{"rendered":"Roller Shutter profilok alum\u00ednium"},"content":{"rendered":"<h2>Term\u00e9kek r\u00e9szletei<\/h2>\n<table class=\"custom-table\">\n<tbody>\n<tr>\n<td> Term\u00e9k neve<\/td>\n<td> Roller Shutter profilok alum\u00ednium<\/td>\n<\/tr>\n<tr>\n<td> Anyag<\/td>\n<td> 6063-T5, m\u00e1s egyedi anyagok is rendelkez\u00e9sre \u00e1llnak<\/td>\n<\/tr>\n<tr>\n<td> Alak&amp;m\u00e9ret<\/td>\n<td> Az \u00fcgyfelek ig\u00e9nyei szerint<\/td>\n<\/tr>\n<tr>\n<td> Vastags\u00e1g<\/td>\n<td> 0.7mm-10mm<\/td>\n<\/tr>\n<tr>\n<td> Hossz\u00fas\u00e1g<\/td>\n<td> \u00c1ltal\u00e1ban 1-9M, m\u00e1s hossz\u00fas\u00e1g is el\u00e9rhet\u0151<\/td>\n<\/tr>\n<tr>\n<td> Tipikus alkalmaz\u00e1sok<\/td>\n<td> \u00c9p\u00edt\u00e9szet, dekor\u00e1ci\u00f3 stb.<\/td>\n<\/tr>\n<tr>\n<td> Egy\u00e9ni t\u00edpus<\/td>\n<td> Az \u00fcgyf\u00e9l \u00e1ltal biztos\u00edtott rajz vagy minta<\/td>\n<\/tr>\n<tr>\n<td> M\u00e9ly folyamat<\/td>\n<td> CNC mar\u00e1s, f\u00far\u00e1s, lyukaszt\u00e1s, f\u00far\u00e1s, csapol\u00e1s, hajl\u00edt\u00e1s, hegeszt\u00e9s stb.<\/td>\n<\/tr>\n<tr>\n<td> M\u00e1rka<\/td>\n<td> Sinoextrud, Sinoextrud,, egyedi v\u00e9djegy avalaible<\/td>\n<\/tr>\n<tr>\n<td> Fel\u00fcletkezel\u00e9s<\/td>\n<td> Malom k\u00e9sz, fa szemcs\u00e9s, elox\u00e1lt, porsz\u00f3rt stb.<\/td>\n<\/tr>\n<tr>\n<td> Sz\u00ednes<\/td>\n<td> Ez\u00fcst, fekete, pezsg\u0151 stb.<\/td>\n<\/tr>\n<tr>\n<td> MOQ<\/td>\n<td> 500-1000Kgs a k\u00fcl\u00f6nb\u00f6z\u0151 fel\u00fcletkezel\u00e9st\u0151l f\u00fcgg\u0151en<\/td>\n<\/tr>\n<tr>\n<td> Min\u0151s\u00e9gi szabv\u00e1ny<\/td>\n<td> Magas min\u0151s\u00e9gi szint<\/td>\n<\/tr>\n<tr>\n<td> Tan\u00fas\u00edtv\u00e1nyok<\/td>\n<td> ISO9001, ISO4001, CQM, SGS, CE, BV stb.<\/td>\n<\/tr>\n<tr>\n<td> Kapacit\u00e1s<\/td>\n<td> 15 000 tonna havonta<\/td>\n<\/tr>\n<tr>\n<td> Sz\u00e1rmaz\u00e1si hely<\/td>\n<td> Guangdong, K\u00edna<\/td>\n<\/tr>\n<\/tbody>\n<\/table>\n<h2>Gy\u00e1rt\u00f3 b\u00e1zisunk<\/h2>\n<h3>Gy\u00e1ri panor\u00e1ma<\/h3>\n<p><img decoding=\"async\" src=\"\/wp-content\/uploads\/factory-01.webp\"\/><\/p>\n<h3>Alum\u00ednium r\u00fadgy\u00e1rt\u00f3 m\u0171hely<\/h3>\n<p><img decoding=\"async\" src=\"\/wp-content\/uploads\/factory-02.webp\"\/><\/p>\n<p><img decoding=\"async\" src=\"\/wp-content\/uploads\/factory-03.webp\"\/><\/p>\n<h3>Pen\u00e9sz rakt\u00e1r<\/h3>\n<p><img decoding=\"async\" src=\"\/wp-content\/uploads\/factory-04.webp\"\/><\/p>\n<h3>43 alum\u00ednium extrud\u00e1l\u00f3 vonal (500-5500 tonna)<\/h3>\n<p><img decoding=\"async\" src=\"\/wp-content\/uploads\/factory-05.webp\"\/><\/p>\n<p><img decoding=\"async\" src=\"\/wp-content\/uploads\/factory-06.webp\"\/><\/p>\n<p><img decoding=\"async\" src=\"\/wp-content\/uploads\/factory-07.webp\"\/><\/p>\n<h3>Porfest\u0151 m\u0171hely<\/h3>\n<p><img decoding=\"async\" src=\"\/wp-content\/uploads\/factory-09.webp\"\/><\/p>\n<h3>Anodiz\u00e1l\u00f3 m\u0171hely<\/h3>\n<p><img decoding=\"async\" src=\"\/wp-content\/uploads\/factory-10.webp\"\/><\/p>\n<h3>M\u00e9ly feldolgoz\u00e1si m\u0171hely<\/h3>\n<p><img decoding=\"async\" src=\"\/wp-content\/uploads\/factory-11.webp\"\/><\/p>\n<h3>CNC prec\u00edzi\u00f3s megmunk\u00e1l\u00f3 m\u0171hely<\/h3>\n<p><img decoding=\"async\" src=\"\/wp-content\/uploads\/factory-11.5.webp\"\/><\/p>\n<h3>K\u00e9szterm\u00e9k \u00e9s export rakt\u00e1r<\/h3>\n<p><img decoding=\"async\" src=\"\/wp-content\/uploads\/factory-12.webp\"\/><\/p>\n<p><img decoding=\"async\" src=\"\/wp-content\/uploads\/factory-13.webp\"\/><\/p>\n<p><img decoding=\"async\" src=\"\/wp-content\/uploads\/factory-14.webp\"\/><\/p>\n<h2>GYIK<\/h2>\n<p><p><b>1.Mi a Roller Shutter Profilok alum\u00ednium?<\/b><\/p>\n<p>Ezek extrud\u00e1lt alum\u00edniumprofilok, amelyeket a red\u0151ny\u00f6k \u00e9p\u00edt\u00e9s\u00e9hez haszn\u00e1lnak, \u00e9s amelyek tart\u00f3ss\u00e1got, szil\u00e1rds\u00e1got \u00e9s z\u00f6kken\u0151mentes m\u0171k\u00f6d\u00e9st biztos\u00edtanak.<br \/>\n<\/p><br \/>\n<br \/>\n<p><b>2.Mi\u00e9rt ide\u00e1lis az alum\u00ednium a red\u0151nyprofilokhoz?<\/b><\/p>\n<p>Az alum\u00ednium k\u00f6nny\u0171, rozsda\u00e1ll\u00f3 \u00e9s er\u0151s, \u00edgy t\u00f6k\u00e9letesen alkalmas mind a bels\u0151, mind a k\u00fcls\u0151 red\u0151ny\u00f6s alkalmaz\u00e1sokhoz.<br \/>\n<\/p><br \/>\n<br \/>\n<p><b>3.Haszn\u00e1lhat\u00f3k-e ezek a profilok motoriz\u00e1lt rendszerekben?<\/b><\/p>\n<p>Igen, az alum\u00ednium red\u0151nyprofilok teljes m\u00e9rt\u00e9kben kompatibilisek mind a k\u00e9zi, mind a motoros red\u0151nyrendszerekkel.<br \/>\n<\/p><br \/>\n<br \/>\n<p><b>4.Vannak egyedi m\u00e9retek \u00e9s sz\u00ednek?<\/b><\/p>\n<p>Igen, m\u00e9retek, sz\u00ednek \u00e9s fel\u00fcletek sz\u00e9les v\u00e1laszt\u00e9k\u00e1t k\u00edn\u00e1ljuk az egyedi \u00e9p\u00edt\u00e9szeti \u00e9s projektig\u00e9nyeknek megfelel\u0151en.<br \/>\n<\/p><br \/>\n<br \/>\n<p><b>5.Milyen kivitelez\u00e9si lehet\u0151s\u00e9geket k\u00edn\u00e1lnak?<\/b><\/p>\n<p>Az eszt\u00e9tikai \u00e9s v\u00e9delmi c\u00e9lokat szolg\u00e1l\u00f3 kivitelek k\u00f6z\u00f6tt szerepel az elox\u00e1lt, a porsz\u00f3rt, a fa szemcs\u00e9s \u00e9s a matt.<br \/>\n<\/p><br \/>\n<br \/>\n<p><b>6.Az alum\u00ednium red\u0151ny\u00f6k szigetel\u00e9st biztos\u00edtanak?<\/b><\/p>\n<p>Igen, h\u0151- \u00e9s hangszigetel\u00e9st biztos\u00edtanak, seg\u00edtik a belt\u00e9ri h\u0151m\u00e9rs\u00e9klet szab\u00e1lyoz\u00e1s\u00e1t \u00e9s cs\u00f6kkentik a zajt.<br \/>\n<\/p><br \/>\n<br \/>\n<p><b>7.Alkalmas-e a term\u00e9k kereskedelmi \u00e9s lakoss\u00e1gi haszn\u00e1latra?<\/b><\/p>\n<p>Az alum\u00ednium red\u0151nyprofilokat sz\u00e9les k\u00f6rben haszn\u00e1lj\u00e1k lak\u00e1sok, \u00fczletek, irod\u00e1k \u00e9s rakt\u00e1rak eset\u00e9ben.<br \/>\n<\/p><br \/>\n<br \/>\n<p><b>8.Mennyire tart\u00f3sak ezek a profilok a zord \u00e9ghajlaton?<\/b><\/p>\n<p>\u00dagy tervezt\u00e9k \u0151ket, hogy ellen\u00e1lljanak az UV-sug\u00e1rz\u00e1snak, az es\u0151nek \u00e9s a p\u00e1ratartalomnak, \u00edgy hossz\u00fa t\u00e1v\u00fa teljes\u00edtm\u00e9nyt biztos\u00edtanak minim\u00e1lis karbantart\u00e1s mellett.<br \/>\n<\/p><br \/><\/p>","protected":false},"featured_media":7663,"template":"","categories":[67],"class_list":["post-7664","product","type-product","status-publish","has-post-thumbnail","hentry","category-architectural-aluminium-profile"],"meta_box":{"hilight_text_group":{"product_hilight_text":"<li>Lightweight aluminum profiles enable smooth and quiet roller shutter operation<\/li>\r\r\n<li>High corrosion resistance for long-term outdoor performance<\/li>\r\r\n<li>Available in various slat designs and finishes for aesthetic flexibility<\/li>\r\r\n<li>Provides security, insulation, and privacy for residential and commercial use<\/li>\r\r\n<li>Supports both manual and motorized roller shutter systems<\/li>\r\r\n<li>Custom lengths and profiles available to match project requirements<\/li>\r\r\n<li>Low maintenance and weatherproof for year-round reliability<\/li>","product_chanpin_blog":"<ul>\r\r\n<li><a href=\"https:\/\/sinoextrud.com\/t-slot-v-slot-differences\/\" target=\"_blank\">t slot vs v slot<\/a><\/li>\r\r\n<li><a href=\"https:\/\/sinoextrud.com\/what-is-4040-aluminium-extrud\/\" target=\"_blank\">4040 aluminium extrusion<\/a><\/li>\r\r\n<li><a href=\"https:\/\/sinoextrud.com\/what-is-4040-aluminium-extrud\/\" target=\"_blank\">aluminum extrusions for industrial racks<\/a><\/li>\r\r\n<li><a href=\"https:\/\/sinoextrud.com\/powder-coating-aluminium-process\/\" target=\"_blank\">powder coating aluminium<\/a><\/li>\r\r\n<li><a href=\"https:\/\/sinoextrud.com\/what-is-an-aluminium-strip-ceiling\/\" target=\"_blank\">aluminium strip ceiling<\/a><\/li>\r\r\n<li><a href=\"https:\/\/sinoextrud.com\/what-is-a-heat-sink\/\" target=\"_blank\">what is a heat sink<\/a><\/li>\r\r\n<\/ul>","product_chanpin_chanpin":"<li><a href=\"https:\/\/sinoextrud.com\/product\/aluminum-profiles-anodized-for-cabinet-furniture-protection\/\" target=\"_blank\">Aluminum Profiles Anodized For Cabinet Furniture Protection<\/a><\/li>\r\n<li><a href=\"https:\/\/sinoextrud.com\/product\/extruded-aluminium-track\/\" target=\"_blank\">Extruded Aluminium Track<\/a><\/li>\r\n<li><a href=\"https:\/\/sinoextrud.com\/product\/aluminum-quarter-round-trim\/\" target=\"_blank\">Aluminum Quarter Round Trim<\/a><\/li>\r\n<li><a href=\"https:\/\/sinoextrud.com\/product\/aluminum-rail-profile-precision\/\" target=\"_blank\">Aluminum Rail Profile Precision<\/a><\/li>\r\n<li><a href=\"https:\/\/sinoextrud.com\/product\/roller-shutter-profiles-aluminum\/\" target=\"_blank\">Roller Shutter Profiles Aluminum<\/a><\/li>\r\n<li><a href=\"https:\/\/sinoextrud.com\/product\/modular-extruded-aluminum-framing\/\" target=\"_blank\">Modular Extruded Aluminum Framing<\/a><\/li>\r\n<li><a href=\"https:\/\/sinoextrud.com\/product\/anodized-aluminium-profile-value-frame-extrusion\/\" target=\"_blank\">Anodized Aluminium Profile Value Frame Extrusion<\/a><\/li>\r\n<li><a href=\"https:\/\/sinoextrud.com\/product\/aluminum-track-extrusion\/\" target=\"_blank\">Aluminum Track Extrusion<\/a><\/li>\r\n<li><a href=\"https:\/\/sinoextrud.com\/product\/aluminum-trailer-decking\/\" target=\"_blank\">Aluminum Trailer Decking<\/a><\/li>\r\n<li><a href=\"https:\/\/sinoextrud.com\/product\/aluminium-extrusion-press-line-profile-wooden-grained-coating-color-oem\/\" target=\"_blank\">Aluminium Extrusion Press Line profile wooden grained coating color OEM for Door Curtain Wall Ceiling<\/a><\/li>\r\n<li><a href=\"https:\/\/sinoextrud.com\/product\/extruded-aluminium-profile-with-sand-blasted-treatment\/\" target=\"_blank\">Extruded Aluminium Profile With Sand Blasted Treatment<\/a><\/li>"},"feature_list":[]},"_links":{"self":[{"href":"https:\/\/sinoextrud.com\/hu\/wp-json\/wp\/v2\/product\/7664","targetHints":{"allow":["GET"]}}],"collection":[{"href":"https:\/\/sinoextrud.com\/hu\/wp-json\/wp\/v2\/product"}],"about":[{"href":"https:\/\/sinoextrud.com\/hu\/wp-json\/wp\/v2\/types\/product"}],"wp:featuredmedia":[{"embeddable":true,"href":"https:\/\/sinoextrud.com\/hu\/wp-json\/wp\/v2\/media\/7663"}],"wp:attachment":[{"href":"https:\/\/sinoextrud.com\/hu\/wp-json\/wp\/v2\/media?parent=7664"}],"wp:term":[{"taxonomy":"category","embeddable":true,"href":"https:\/\/sinoextrud.com\/hu\/wp-json\/wp\/v2\/categories?post=7664"}],"curies":[{"name":"wp","href":"https:\/\/api.w.org\/{rel}","templated":true}]}}