{"id":7662,"date":"2025-06-09T08:01:29","date_gmt":"2025-06-09T08:01:29","guid":{"rendered":"https:\/\/sinoextrud.com\/product\/aluminum-rail-profile-precision\/"},"modified":"2025-06-24T06:13:22","modified_gmt":"2025-06-24T06:13:22","slug":"aluminium-sinprofil-pontossag","status":"publish","type":"product","link":"https:\/\/sinoextrud.com\/hu\/product\/aluminum-rail-profile-precision\/","title":{"rendered":"Alum\u00ednium s\u00ednprofil precizit\u00e1s"},"content":{"rendered":"<h2>Term\u00e9kek r\u00e9szletei<\/h2>\n<table class=\"custom-table\">\n<tbody>\n<tr>\n<td> Term\u00e9k neve<\/td>\n<td> Alum\u00ednium s\u00ednprofil precizit\u00e1s<\/td>\n<\/tr>\n<tr>\n<td> Anyag<\/td>\n<td> 6063-T5 vagy m\u00e1s egyedi anyag<\/td>\n<\/tr>\n<tr>\n<td> Shape<\/td>\n<td> U H I T V vagy m\u00e1s egyedi form\u00e1k<\/td>\n<\/tr>\n<tr>\n<td> Vastags\u00e1g<\/td>\n<td> 0.7mm-10mm<\/td>\n<\/tr>\n<tr>\n<td> M\u00e9ret<\/td>\n<td> Az \u00fcgyf\u00e9l \u00e1ltal biztos\u00edtott rajz vagy minta szerint<\/td>\n<\/tr>\n<tr>\n<td> Hossz\u00fas\u00e1g<\/td>\n<td> \u00c1ltal\u00e1ban 1-9M, m\u00e1s hossz t\u00e1rgyalhat\u00f3<\/td>\n<\/tr>\n<tr>\n<td> Tipikus alkalmaz\u00e1sok<\/td>\n<td> Ipar, \u00e9p\u00edt\u00e9szet, dekor\u00e1ci\u00f3 stb.<\/td>\n<\/tr>\n<tr>\n<td> Egy\u00e9ni t\u00edpus<\/td>\n<td> Az \u00fcgyf\u00e9l \u00e1ltal biztos\u00edtott rajz vagy minta<\/td>\n<\/tr>\n<tr>\n<td> M\u00e9ly folyamat<\/td>\n<td> CNC mar\u00e1s, f\u00far\u00e1s, lyukaszt\u00e1s, f\u00far\u00e1s, csapol\u00e1s, hajl\u00edt\u00e1s, hegeszt\u00e9s stb.<\/td>\n<\/tr>\n<tr>\n<td> M\u00e1rka<\/td>\n<td> Sinoextrud, Sinoextrud, , egyedi v\u00e9djegy el\u00e9rhet\u0151<\/td>\n<\/tr>\n<tr>\n<td> Fel\u00fcletkezel\u00e9s<\/td>\n<td> Malomipari kivitelben, elox\u00e1lva, porsz\u00f3rtan stb.<\/td>\n<\/tr>\n<tr>\n<td> Sz\u00ednes<\/td>\n<td> Ez\u00fcst, fekete, pezsg\u0151 stb.<\/td>\n<\/tr>\n<tr>\n<td> MOQ<\/td>\n<td> 200KG<\/td>\n<\/tr>\n<tr>\n<td> Min\u0151s\u00e9gi szabv\u00e1ny<\/td>\n<td> Magas min\u0151s\u00e9gi szint<\/td>\n<\/tr>\n<tr>\n<td> Tan\u00fas\u00edtv\u00e1nyok<\/td>\n<td> ISO9001, ISO4001, CQM, SGS, CE, BV stb.<\/td>\n<\/tr>\n<tr>\n<td> Ell\u00e1t\u00e1si k\u00e9pess\u00e9g<\/td>\n<td> 3000 tonna havonta<\/td>\n<\/tr>\n<tr>\n<td> Sz\u00e1rmaz\u00e1si hely<\/td>\n<td> Guangdong, K\u00edna<\/td>\n<\/tr>\n<tr>\n<td> \u00c1tfut\u00e1si id\u0151<\/td>\n<td> 1.Formanyit\u00e1s \u00e9s a minta meger\u0151s\u00edt\u00e9se 13-18 nap.<br \/>\n2.Mass production 25-30 nap.<\/td>\n<\/tr>\n<tr>\n<td> Sz\u00e1ll\u00edt\u00e1si felt\u00e9telek<\/td>\n<td> EXW vagy FOB Foshan\/Guangzhou\/Shenzhen<\/td>\n<\/tr>\n<tr>\n<td> Fizet\u00e9si felt\u00e9telek<\/td>\n<td> LC vagy TT 30% let\u00e9t,70% egyenleg berakod\u00e1s el\u0151tt<\/td>\n<\/tr>\n<\/tbody>\n<\/table>\n<h2>Gy\u00e1rt\u00f3 b\u00e1zisunk<\/h2>\n<h3>Gy\u00e1ri panor\u00e1ma<\/h3>\n<p><img decoding=\"async\" src=\"\/wp-content\/uploads\/factory-01.webp\"\/><\/p>\n<h3>Alum\u00ednium r\u00fadgy\u00e1rt\u00f3 m\u0171hely<\/h3>\n<p><img decoding=\"async\" src=\"\/wp-content\/uploads\/factory-02.webp\"\/><\/p>\n<p><img decoding=\"async\" src=\"\/wp-content\/uploads\/factory-03.webp\"\/><\/p>\n<h3>Pen\u00e9sz rakt\u00e1r<\/h3>\n<p><img decoding=\"async\" src=\"\/wp-content\/uploads\/factory-04.webp\"\/><\/p>\n<h3>43 alum\u00ednium extrud\u00e1l\u00f3 vonal (500-5500 tonna)<\/h3>\n<p><img decoding=\"async\" src=\"\/wp-content\/uploads\/factory-05.webp\"\/><\/p>\n<p><img decoding=\"async\" src=\"\/wp-content\/uploads\/factory-06.webp\"\/><\/p>\n<p><img decoding=\"async\" src=\"\/wp-content\/uploads\/factory-07.webp\"\/><\/p>\n<h3>Porfest\u0151 m\u0171hely<\/h3>\n<p><img decoding=\"async\" src=\"\/wp-content\/uploads\/factory-09.webp\"\/><\/p>\n<h3>Anodiz\u00e1l\u00f3 m\u0171hely<\/h3>\n<p><img decoding=\"async\" src=\"\/wp-content\/uploads\/factory-10.webp\"\/><\/p>\n<h3>M\u00e9ly feldolgoz\u00e1si m\u0171hely<\/h3>\n<p><img decoding=\"async\" src=\"\/wp-content\/uploads\/factory-11.webp\"\/><\/p>\n<h3>CNC prec\u00edzi\u00f3s megmunk\u00e1l\u00f3 m\u0171hely<\/h3>\n<p><img decoding=\"async\" src=\"\/wp-content\/uploads\/factory-11.5.webp\"\/><\/p>\n<h3>K\u00e9szterm\u00e9k \u00e9s export rakt\u00e1r<\/h3>\n<p><img decoding=\"async\" src=\"\/wp-content\/uploads\/factory-12.webp\"\/><\/p>\n<p><img decoding=\"async\" src=\"\/wp-content\/uploads\/factory-13.webp\"\/><\/p>\n<p><img decoding=\"async\" src=\"\/wp-content\/uploads\/factory-14.webp\"\/><\/p>\n<h2>GYIK<\/h2>\n<p><p><b>1.Mi az alum\u00ednium s\u00ednprofil precizit\u00e1sa?<\/b><\/p>\n<p>Ez egy nagy t\u0171r\u0151k\u00e9pess\u00e9g\u0171 alum\u00ednium sajtolt term\u00e9k, amelyet line\u00e1ris mozg\u00e1srendszerekhez \u00e9s prec\u00edz mechanikai alkalmaz\u00e1sokhoz terveztek.<br \/>\n<\/p><br \/>\n<br \/>\n<p><b>2.Mi\u00e9rt v\u00e1lasszon prec\u00edzi\u00f3s alum\u00ednium s\u00ednprofilt?<\/b><\/p>\n<p>Kiv\u00e1l\u00f3 m\u00e9retpontoss\u00e1got, k\u00f6vetkezetes igaz\u00edt\u00e1st \u00e9s sima mozg\u00e1st biztos\u00edt az automatiz\u00e1l\u00e1si \u00e9s g\u00e9palkatr\u00e9szekhez.<br \/>\n<\/p><br \/>\n<br \/>\n<p><b>3.Milyen ipar\u00e1gak haszn\u00e1lj\u00e1k a prec\u00edzi\u00f3s alum\u00ednium s\u00ednprofilokat?<\/b><\/p>\n<p>A leggyakoribb ipar\u00e1gak k\u00f6z\u00e9 tartozik a robotika, a CNC-g\u00e9pek, a csomagol\u00e1s, az orvosi eszk\u00f6z\u00f6k \u00e9s a f\u00e9lvezet\u0151gy\u00e1rt\u00e1s.<br \/>\n<\/p><br \/>\n<br \/>\n<p><b>4.A fel\u00fcletkezel\u00e9s korr\u00f3zi\u00f3\u00e1ll\u00f3?<\/b><\/p>\n<p>Igen, a profilok elox\u00e1l\u00e1ssal vagy m\u00e1s bevonatokkal kaphat\u00f3k a kop\u00e1s \u00e9s a korr\u00f3zi\u00f3 elleni v\u00e9delem \u00e9rdek\u00e9ben.<br \/>\n<\/p><br \/>\n<br \/>\n<p><b>5.Can alum\u00ednium s\u00ednprofilok testre szabhat\u00f3?<\/b><\/p>\n<p>Igen, az \u00d6n m\u0171szaki rajzai vagy alkalmaz\u00e1si ig\u00e9nyei alapj\u00e1n egyedi megmunk\u00e1l\u00e1st, f\u00far\u00e1st, csapol\u00e1st \u00e9s befejez\u00e9st k\u00edn\u00e1lunk.<br \/>\n<\/p><br \/>\n<br \/>\n<p><b>6.Ezek a s\u00ednek kompatibilisek a line\u00e1ris csap\u00e1gyakkal vagy vezet\u0151kkel?<\/b><\/p>\n<p>Igen, alum\u00ednium s\u00ednprofiljainkat a szabv\u00e1nyos line\u00e1ris csap\u00e1gyrendszerekkel val\u00f3 haszn\u00e1latra tervezt\u00fck az egyszer\u0171 integr\u00e1ci\u00f3 \u00e9rdek\u00e9ben.<br \/>\n<\/p><br \/>\n<br \/>\n<p><b>7.Mi a t\u0171r\u00e9shat\u00e1r a prec\u00edzi\u00f3s s\u00ednek eset\u00e9ben?<\/b><\/p>\n<p>A tipikus t\u0171r\u00e9sek a profilt\u00f3l \u00e9s a megmunk\u00e1l\u00e1si k\u00f6vetelm\u00e9nyekt\u0151l f\u00fcgg\u0151en \u00b10,05 mm \u00e9s \u00b10,1 mm k\u00f6z\u00f6tt mozognak.<br \/>\n<\/p><br \/>\n<br \/>\n<p><b>8.Do t\u00e1mogatj\u00e1k az \u00f6mlesztett \u00e9s OEM megrendel\u00e9seket?<\/b><\/p>\n<p>Term\u00e9szetesen OEM-megold\u00e1sokat \u00e9s t\u00f6megtermel\u00e9seket k\u00edn\u00e1lunk a glob\u00e1lis \u00fcgyfelek sz\u00e1m\u00e1ra stabil min\u0151s\u00e9ggel \u00e9s id\u0151ben t\u00f6rt\u00e9n\u0151 sz\u00e1ll\u00edt\u00e1ssal.<br \/>\n<\/p><br \/><\/p>","protected":false},"featured_media":7661,"template":"","categories":[67],"class_list":["post-7662","product","type-product","status-publish","has-post-thumbnail","hentry","category-architectural-aluminium-profile"],"meta_box":{"hilight_text_group":{"product_hilight_text":"<li>High precision aluminum rail profile ensures tight dimensional tolerances<\/li>\r\r\n<li>Ideal for automation, linear motion systems, and precision assemblies<\/li>\r\r\n<li>Lightweight yet strong, reducing system load and enhancing performance<\/li>\r\r\n<li>Corrosion-resistant finish suitable for industrial and cleanroom environments<\/li>\r\r\n<li>Customizable length, shape, and surface treatments for diverse applications<\/li>\r\r\n<li>Supports high repeatability and smooth motion for mechanical systems<\/li>\r\r\n<li>Compatible with various fastening and mounting accessories<\/li>","product_chanpin_blog":"<ul>\r\r\n<li><a href=\"https:\/\/sinoextrud.com\/t-slot-v-slot-differences\/\" target=\"_blank\">t slot vs v slot<\/a><\/li>\r\r\n<li><a href=\"https:\/\/sinoextrud.com\/what-is-4040-aluminium-extrud\/\" target=\"_blank\">4040 aluminium extrusion<\/a><\/li>\r\r\n<li><a href=\"https:\/\/sinoextrud.com\/what-is-4040-aluminium-extrud\/\" target=\"_blank\">aluminum extrusions for industrial racks<\/a><\/li>\r\r\n<li><a href=\"https:\/\/sinoextrud.com\/powder-coating-aluminium-process\/\" target=\"_blank\">powder coating aluminium<\/a><\/li>\r\r\n<li><a href=\"https:\/\/sinoextrud.com\/what-is-an-aluminium-strip-ceiling\/\" target=\"_blank\">aluminium strip ceiling<\/a><\/li>\r\r\n<li><a href=\"https:\/\/sinoextrud.com\/what-is-a-heat-sink\/\" target=\"_blank\">what is a heat sink<\/a><\/li>\r\r\n<\/ul>","product_chanpin_chanpin":"<li><a href=\"https:\/\/sinoextrud.com\/product\/indoor-and-outdoor-aluminium-louver-profile\/\" target=\"_blank\">Indoor and Outdoor Aluminium Louver Profile<\/a><\/li>\r\n<li><a href=\"https:\/\/sinoextrud.com\/product\/aluminum-profiles-anodized-for-cabinet-furniture-protection\/\" target=\"_blank\">Aluminum Profiles Anodized For Cabinet Furniture Protection<\/a><\/li>\r\n<li><a href=\"https:\/\/sinoextrud.com\/product\/extruded-aluminium-track\/\" target=\"_blank\">Extruded Aluminium Track<\/a><\/li>\r\n<li><a href=\"https:\/\/sinoextrud.com\/product\/aluminum-quarter-round-trim\/\" target=\"_blank\">Aluminum Quarter Round Trim<\/a><\/li>\r\n<li><a href=\"https:\/\/sinoextrud.com\/product\/aluminum-rail-profile-precision\/\" target=\"_blank\">Aluminum Rail Profile Precision<\/a><\/li>\r\n<li><a href=\"https:\/\/sinoextrud.com\/product\/roller-shutter-profiles-aluminum\/\" target=\"_blank\">Roller Shutter Profiles Aluminum<\/a><\/li>\r\n<li><a href=\"https:\/\/sinoextrud.com\/product\/modular-extruded-aluminum-framing\/\" target=\"_blank\">Modular Extruded Aluminum Framing<\/a><\/li>\r\n<li><a href=\"https:\/\/sinoextrud.com\/product\/anodized-aluminium-profile-value-frame-extrusion\/\" target=\"_blank\">Anodized Aluminium Profile Value Frame Extrusion<\/a><\/li>\r\n<li><a href=\"https:\/\/sinoextrud.com\/product\/aluminum-track-extrusion\/\" target=\"_blank\">Aluminum Track Extrusion<\/a><\/li>\r\n<li><a href=\"https:\/\/sinoextrud.com\/product\/extruded-aluminum-rail-system\/\" target=\"_blank\">Extruded Aluminum Rail System<\/a><\/li>\r\n<li><a href=\"https:\/\/sinoextrud.com\/product\/aluminum-cnc-machining\/\" target=\"_blank\">Aluminum cnc machining<\/a><\/li>"},"feature_list":[]},"_links":{"self":[{"href":"https:\/\/sinoextrud.com\/hu\/wp-json\/wp\/v2\/product\/7662","targetHints":{"allow":["GET"]}}],"collection":[{"href":"https:\/\/sinoextrud.com\/hu\/wp-json\/wp\/v2\/product"}],"about":[{"href":"https:\/\/sinoextrud.com\/hu\/wp-json\/wp\/v2\/types\/product"}],"wp:featuredmedia":[{"embeddable":true,"href":"https:\/\/sinoextrud.com\/hu\/wp-json\/wp\/v2\/media\/7661"}],"wp:attachment":[{"href":"https:\/\/sinoextrud.com\/hu\/wp-json\/wp\/v2\/media?parent=7662"}],"wp:term":[{"taxonomy":"category","embeddable":true,"href":"https:\/\/sinoextrud.com\/hu\/wp-json\/wp\/v2\/categories?post=7662"}],"curies":[{"name":"wp","href":"https:\/\/api.w.org\/{rel}","templated":true}]}}