{"id":7658,"date":"2025-06-09T07:58:16","date_gmt":"2025-06-09T07:58:16","guid":{"rendered":"https:\/\/sinoextrud.com\/product\/extruded-aluminium-track\/"},"modified":"2025-06-24T06:13:21","modified_gmt":"2025-06-24T06:13:21","slug":"extrudalt-aluminium-sin","status":"publish","type":"product","link":"https:\/\/sinoextrud.com\/hu\/product\/extruded-aluminium-track\/","title":{"rendered":"Extrud\u00e1lt alum\u00ednium s\u00edn"},"content":{"rendered":"<h2>Term\u00e9kek r\u00e9szletei<\/h2>\n<table class=\"custom-table\">\n<tbody>\n<tr>\n<td> C\u00edm<\/td>\n<td> Extrud\u00e1lt alum\u00ednium s\u00edn<\/td>\n<\/tr>\n<tr>\n<td> Kateg\u00f3ria<\/td>\n<td> Alum\u00ednium profil<\/td>\n<\/tr>\n<tr>\n<td> Anyag<\/td>\n<td> Alum\u00ednium \u00f6tv\u00f6zet (6063, 6061,6463,6005,6082)<\/td>\n<\/tr>\n<tr>\n<td> Temper<\/td>\n<td> T5<\/td>\n<\/tr>\n<tr>\n<td> M\u00e9ret<\/td>\n<td> P\u00e1lyat\u00edpus, a rajz szerint<\/td>\n<\/tr>\n<tr>\n<td> Shape<\/td>\n<td> T\u00e9glalap alak\u00fa, kerek, extrud\u00e1lt, az \u00fcgyf\u00e9l rajza szerint<\/td>\n<\/tr>\n<tr>\n<td> Fel\u00fcletkezel\u00e9s<\/td>\n<td> Elox\u00e1lt, homokf\u00favott, pol\u00edroz\u00e1s, elektrofor\u00e9zis, Power bevonat<\/td>\n<\/tr>\n<tr>\n<td> Sz\u00ednes<\/td>\n<td> Testreszabott el\u00e9rhet\u0151<\/td>\n<\/tr>\n<tr>\n<td> Tan\u00fas\u00edtv\u00e1ny<\/td>\n<td> TUV, ASTM, GB<\/td>\n<\/tr>\n<tr>\n<td> A  c\u00edmr\u0151l<\/td>\n<td> Guangdong, K\u00edna<\/td>\n<\/tr>\n<\/tbody>\n<\/table>\n<h2>Gy\u00e1rt\u00f3 b\u00e1zisunk<\/h2>\n<h3>Gy\u00e1ri panor\u00e1ma<\/h3>\n<p><img decoding=\"async\" src=\"\/wp-content\/uploads\/factory-01.webp\"\/><\/p>\n<h3>Alum\u00ednium r\u00fadgy\u00e1rt\u00f3 m\u0171hely<\/h3>\n<p><img decoding=\"async\" src=\"\/wp-content\/uploads\/factory-02.webp\"\/><\/p>\n<p><img decoding=\"async\" src=\"\/wp-content\/uploads\/factory-03.webp\"\/><\/p>\n<h3>Pen\u00e9sz rakt\u00e1r<\/h3>\n<p><img decoding=\"async\" src=\"\/wp-content\/uploads\/factory-04.webp\"\/><\/p>\n<h3>43 alum\u00ednium extrud\u00e1l\u00f3 vonal (500-5500 tonna)<\/h3>\n<p><img decoding=\"async\" src=\"\/wp-content\/uploads\/factory-05.webp\"\/><\/p>\n<p><img decoding=\"async\" src=\"\/wp-content\/uploads\/factory-06.webp\"\/><\/p>\n<p><img decoding=\"async\" src=\"\/wp-content\/uploads\/factory-07.webp\"\/><\/p>\n<h3>Porfest\u0151 m\u0171hely<\/h3>\n<p><img decoding=\"async\" src=\"\/wp-content\/uploads\/factory-09.webp\"\/><\/p>\n<h3>Anodiz\u00e1l\u00f3 m\u0171hely<\/h3>\n<p><img decoding=\"async\" src=\"\/wp-content\/uploads\/factory-10.webp\"\/><\/p>\n<h3>M\u00e9ly feldolgoz\u00e1si m\u0171hely<\/h3>\n<p><img decoding=\"async\" src=\"\/wp-content\/uploads\/factory-11.webp\"\/><\/p>\n<h3>CNC prec\u00edzi\u00f3s megmunk\u00e1l\u00f3 m\u0171hely<\/h3>\n<p><img decoding=\"async\" src=\"\/wp-content\/uploads\/factory-11.5.webp\"\/><\/p>\n<h3>K\u00e9szterm\u00e9k \u00e9s export rakt\u00e1r<\/h3>\n<p><img decoding=\"async\" src=\"\/wp-content\/uploads\/factory-12.webp\"\/><\/p>\n<p><img decoding=\"async\" src=\"\/wp-content\/uploads\/factory-13.webp\"\/><\/p>\n<p><img decoding=\"async\" src=\"\/wp-content\/uploads\/factory-14.webp\"\/><\/p>\n<h2>GYIK<\/h2>\n<p><p><b>1.Mi az extrud\u00e1lt alum\u00ednium p\u00e1lya?<\/b><\/p>\n<p>Ez egy line\u00e1ris alum\u00edniumprofil, amelyet cs\u00fasz\u00f3 rendszerek, p\u00e9ld\u00e1ul ajt\u00f3k, f\u00fcgg\u00f6ny\u00f6k \u00e9s mechanikus alkatr\u00e9szek vezet\u00e9s\u00e9re vagy al\u00e1t\u00e1maszt\u00e1s\u00e1ra haszn\u00e1lnak.<br \/>\n<\/p><br \/>\n<br \/>\n<p><b>2.Milyen el\u0151ny\u00f6kkel j\u00e1r az alum\u00ednium haszn\u00e1lata a p\u00e1ly\u00e1khoz?<\/b><\/p>\n<p>Az alum\u00ednium k\u00f6nny\u0171, korr\u00f3zi\u00f3\u00e1ll\u00f3, tart\u00f3s \u00e9s k\u00f6nnyen gy\u00e1rthat\u00f3, \u00edgy ide\u00e1lis hossz\u00fa t\u00e1v\u00fa haszn\u00e1latra.<br \/>\n<\/p><br \/>\n<br \/>\n<p><b>3.Haszn\u00e1lhat\u00f3-e a p\u00e1lya k\u00fclt\u00e9ren?<\/b><\/p>\n<p>Igen, az elox\u00e1lt vagy porsz\u00f3rt fel\u00fclet\u0171, extrud\u00e1lt alum\u00ednium s\u00ednek ellen\u00e1llnak az id\u0151j\u00e1r\u00e1s viszontags\u00e1gainak \u00e9s a korr\u00f3zi\u00f3nak a k\u00fclt\u00e9ri haszn\u00e1latra.<br \/>\n<\/p><br \/>\n<br \/>\n<p><b>4.Milyen alkalmaz\u00e1sok alkalmasak az extrud\u00e1lt alum\u00ednium s\u00ednp\u00e1ly\u00e1khoz?<\/b><\/p>\n<p>Sz\u00e9les k\u00f6rben haszn\u00e1lj\u00e1k \u0151ket f\u00fcgg\u00f6nys\u00ednekben, tol\u00f3ajt\u00f3rendszerekben, szekr\u00e9nys\u00ednekben \u00e9s automatiz\u00e1l\u00e1si berendez\u00e9sekben.<br \/>\n<\/p><br \/>\n<br \/>\n<p><b>5.Vannak-e egyedi m\u00e9retek \u00e9s kivitelek?<\/b><\/p>\n<p>Igen, egyedi hossz\u00fas\u00e1gokat, keresztmetszeteket \u00e9s fel\u00fcletkezel\u00e9st k\u00edn\u00e1lunk az egyedi tervez\u00e9si \u00e9s be\u00e9p\u00edt\u00e9si ig\u00e9nyeknek megfelel\u0151en.<br \/>\n<\/p><br \/>\n<br \/>\n<p><b>6.K\u00f6nny\u0171-e alum\u00ednium p\u00e1ly\u00e1t felszerelni?<\/b><\/p>\n<p>Igen, a s\u00edneket \u00fagy tervezt\u00e9k, hogy gyorsan felszerelhet\u0151k legyenek szabv\u00e1nyos csavarok, konzolok vagy ragaszt\u00f3rendszerek seg\u00edts\u00e9g\u00e9vel.<br \/>\n<\/p><br \/>\n<br \/>\n<p><b>7.M\u0171k\u00f6dik a p\u00e1lya k\u00fcl\u00f6nb\u00f6z\u0151 t\u00edpus\u00fa g\u00f6rg\u0151kkel vagy sikl\u00f3kkal?<\/b><\/p>\n<p>Igen, s\u00ednjeink a kereskedelmi forgalomban kaphat\u00f3 g\u00f6rg\u0151k, cs\u00fasz\u00f3k \u00e9s hardveres kieg\u00e9sz\u00edt\u0151k sz\u00e9les v\u00e1laszt\u00e9k\u00e1val kompatibilisek.<br \/>\n<\/p><br \/>\n<br \/>\n<p><b>8.Mit\u0151l jobbak az alum\u00ednium p\u00e1ly\u00e1k az ac\u00e9l p\u00e1ly\u00e1kn\u00e1l?<\/b><\/p>\n<p>Az alum\u00ednium s\u00ednek k\u00f6nnyebbek, korr\u00f3zi\u00f3\u00e1ll\u00f3ak, k\u00f6nnyebben kezelhet\u0151k \u00e9s eszt\u00e9tikailag sokoldal\u00fabbak, mint az ac\u00e9l opci\u00f3k.<br \/>\n<\/p><br \/><\/p>","protected":false},"featured_media":7657,"template":"","categories":[67],"class_list":["post-7658","product","type-product","status-publish","has-post-thumbnail","hentry","category-architectural-aluminium-profile"],"meta_box":{"hilight_text_group":{"product_hilight_text":"<li>High-strength extruded aluminum ensures long-lasting track performance<\/li>\r\r\n<li>Lightweight and corrosion-resistant for both indoor and outdoor use<\/li>\r\r\n<li>Smooth surface for low-friction and quiet sliding operation<\/li>\r\r\n<li>Customizable in length, profile shape, and finish to suit different applications<\/li>\r\r\n<li>Supports various applications such as curtain systems, sliding doors, and industrial automation<\/li>\r\r\n<li>Easy to install with standard mounting hardware<\/li>\r\r\n<li>Compatible with multiple rollers, brackets, and accessories<\/li>","product_chanpin_blog":"<ul>\r\r\n<li><a href=\"https:\/\/sinoextrud.com\/t-slot-v-slot-differences\/\" target=\"_blank\">t slot vs v slot<\/a><\/li>\r\r\n<li><a href=\"https:\/\/sinoextrud.com\/what-is-4040-aluminium-extrud\/\" target=\"_blank\">4040 aluminium extrusion<\/a><\/li>\r\r\n<li><a href=\"https:\/\/sinoextrud.com\/what-is-4040-aluminium-extrud\/\" target=\"_blank\">aluminum extrusions for industrial racks<\/a><\/li>\r\r\n<li><a href=\"https:\/\/sinoextrud.com\/powder-coating-aluminium-process\/\" target=\"_blank\">powder coating aluminium<\/a><\/li>\r\r\n<li><a href=\"https:\/\/sinoextrud.com\/what-is-an-aluminium-strip-ceiling\/\" target=\"_blank\">aluminium strip ceiling<\/a><\/li>\r\r\n<li><a href=\"https:\/\/sinoextrud.com\/what-is-a-heat-sink\/\" target=\"_blank\">what is a heat sink<\/a><\/li>\r\r\n<\/ul>","product_chanpin_chanpin":"<li><a href=\"https:\/\/sinoextrud.com\/product\/aluminum-profile-shutter\/\" target=\"_blank\">Aluminum Profile Shutter<\/a><\/li>\r\n<li><a href=\"https:\/\/sinoextrud.com\/product\/gb-matt-anodized-aluminium\/\" target=\"_blank\">GB Matt Anodized Aluminium<\/a><\/li>\r\n<li><a href=\"https:\/\/sinoextrud.com\/product\/indoor-and-outdoor-aluminium-louver-profile\/\" target=\"_blank\">Indoor and Outdoor Aluminium Louver Profile<\/a><\/li>\r\n<li><a href=\"https:\/\/sinoextrud.com\/product\/aluminum-profiles-anodized-for-cabinet-furniture-protection\/\" target=\"_blank\">Aluminum Profiles Anodized For Cabinet Furniture Protection<\/a><\/li>\r\n<li><a href=\"https:\/\/sinoextrud.com\/product\/extruded-aluminium-track\/\" target=\"_blank\">Extruded Aluminium Track<\/a><\/li>\r\n<li><a href=\"https:\/\/sinoextrud.com\/product\/aluminum-quarter-round-trim\/\" target=\"_blank\">Aluminum Quarter Round Trim<\/a><\/li>\r\n<li><a href=\"https:\/\/sinoextrud.com\/product\/aluminum-rail-profile-precision\/\" target=\"_blank\">Aluminum Rail Profile Precision<\/a><\/li>\r\n<li><a href=\"https:\/\/sinoextrud.com\/product\/roller-shutter-profiles-aluminum\/\" target=\"_blank\">Roller Shutter Profiles Aluminum<\/a><\/li>\r\n<li><a href=\"https:\/\/sinoextrud.com\/product\/modular-extruded-aluminum-framing\/\" target=\"_blank\">Modular Extruded Aluminum Framing<\/a><\/li>\r\n<li><a href=\"https:\/\/sinoextrud.com\/product\/extruded-aluminum-handrail\/\" target=\"_blank\">Extruded Aluminum Handrail<\/a><\/li>\r\n<li><a href=\"https:\/\/sinoextrud.com\/product\/aluminium-square-tubes\/\" target=\"_blank\">Aluminium Square tubes<\/a><\/li>"},"feature_list":[]},"_links":{"self":[{"href":"https:\/\/sinoextrud.com\/hu\/wp-json\/wp\/v2\/product\/7658","targetHints":{"allow":["GET"]}}],"collection":[{"href":"https:\/\/sinoextrud.com\/hu\/wp-json\/wp\/v2\/product"}],"about":[{"href":"https:\/\/sinoextrud.com\/hu\/wp-json\/wp\/v2\/types\/product"}],"wp:featuredmedia":[{"embeddable":true,"href":"https:\/\/sinoextrud.com\/hu\/wp-json\/wp\/v2\/media\/7657"}],"wp:attachment":[{"href":"https:\/\/sinoextrud.com\/hu\/wp-json\/wp\/v2\/media?parent=7658"}],"wp:term":[{"taxonomy":"category","embeddable":true,"href":"https:\/\/sinoextrud.com\/hu\/wp-json\/wp\/v2\/categories?post=7658"}],"curies":[{"name":"wp","href":"https:\/\/api.w.org\/{rel}","templated":true}]}}