{"id":7654,"date":"2025-06-09T07:53:44","date_gmt":"2025-06-09T07:53:44","guid":{"rendered":"https:\/\/sinoextrud.com\/product\/indoor-and-outdoor-aluminium-louver-profile\/"},"modified":"2025-06-24T06:13:20","modified_gmt":"2025-06-24T06:13:20","slug":"belteri-es-kulteri-aluminium-lamellas-profil","status":"publish","type":"product","link":"https:\/\/sinoextrud.com\/hu\/product\/indoor-and-outdoor-aluminium-louver-profile\/","title":{"rendered":"Belt\u00e9ri \u00e9s k\u00fclt\u00e9ri alum\u00ednium lamell\u00e1s profil"},"content":{"rendered":"<h2>Term\u00e9kek r\u00e9szletei<\/h2>\n<table class=\"custom-table\">\n<tr>\n<td class=\"label\">M\u00e1rka<\/td>\n<td>K\u00edna Sinoextrud alum\u00ednium profil<\/td>\n<\/tr>\n<tr>\n<td class=\"label\">Term\u00e9k t\u00edpusa<\/td>\n<td>belt\u00e9ri \u00e9s k\u00fclt\u00e9ri alum\u00ednium lamell\u00e1s profil<\/td>\n<\/tr>\n<tr>\n<td class=\"label\">Fokozat<\/td>\n<td>6000-es sorozat\u00fa alum\u00ednium\u00f6tv\u00f6zet<\/td>\n<\/tr>\n<tr>\n<td class=\"label\">Temper<\/td>\n<td>T3-T8<\/td>\n<\/tr>\n<tr>\n<td class=\"label\">Szolg\u00e1ltat\u00e1sok<\/td>\n<td>nagykereskedelem\/OEM\/ODM. CNC nagy pontoss\u00e1g\u00fa egyedi gy\u00e1rt\u00e1s<\/td>\n<\/tr>\n<tr>\n<td class=\"label\">M\u00e9ret<\/td>\n<td>a mi ig\u00e9nyeinknek megfelel\u0151en<\/td>\n<\/tr>\n<tr>\n<td class=\"label\">Tolerancia<\/td>\n<td>k\u00f6z\u00f6s alum\u00ednium profil: \u00b10,1 mm<br \/>\nnagy pontoss\u00e1g\u00fa alum\u00ednium profil: \u00b10,03 mm<br \/>\nMint\u00e1t kaphat, hogy ellen\u0151rizze a pontoss\u00e1g\u00e1t.<\/td>\n<\/tr>\n<tr>\n<td class=\"label\">Fel\u00fcletkezel\u00e9s<\/td>\n<td>elox\u00e1lt, porsz\u00f3r\u00e1s, pol\u00edroz\u00e1s, csiszol\u00e1s, homokf\u00fav\u00e1s, fa szemcs\u00e9k, PVDF bevonat, fluorkarbon bevonat, elektrofor\u00e9zis stb.<\/td>\n<\/tr>\n<tr>\n<td class=\"label\">Hivatalos tan\u00fas\u00edtv\u00e1nyok<\/td>\n<td>ISO 9001, ISO 14001, CE , TUV , SGS, ROHS; BV anyagtan\u00fas\u00edt\u00e1s; nemzeti GB5237-2017 szabv\u00e1ny \u00e1tad\u00e1sa<\/td>\n<\/tr>\n<tr>\n<td class=\"label\">Professzion\u00e1lis felszerel\u00e9s<\/td>\n<td>(1) egy 100 000 n\u00e9gyzetm\u00e9tern\u00e9l nagyobb alapter\u00fclet\u0171 gy\u00e1rat<br \/>\n(2) huszon\u00f6t fejlett alum\u00ednium extrud\u00e1l\u00f3 berendez\u00e9s (600 tonna \u00e9s 2500 tonna k\u00f6z\u00f6tt)<br \/>\n(3) k\u00e9t homokf\u00fav\u00f3 berendez\u00e9s<br \/>\n(4) k\u00e9t elox\u00e1l\u00f3 gy\u00e1rt\u00f3sor (Jap\u00e1n)<br \/>\n(5) k\u00e9t elektroforetikus bevonat gy\u00e1rt\u00f3sor (Korea)<br \/>\n(6) k\u00e9t porbevonat gy\u00e1rt\u00f3sor (N\u00e9metorsz\u00e1g)<br \/>\n(7) egy fa szemcs\u00e9s gy\u00e1rt\u00f3sor (Korea)<br \/>\n(8) hat professzion\u00e1lis CNC megmunk\u00e1l\u00f3 berendez\u00e9s<br \/>\n(9) nyolc energiatakar\u00e9kos \u00e9s h\u0151szigetel\u0151 gy\u00e1rt\u00f3sor (Sv\u00e1jc)<br \/>\n(10) k\u00e9t alum\u00ednium r\u00fadolvaszt\u00f3 \u00e9s \u00f6nt\u0151 m\u0171hely 80 000 tonna termel\u00e9si \u00e9rt\u00e9kkel<\/td>\n<\/tr>\n<tr>\n<td class=\"label\">Term\u00e9kel\u0151ny\u00f6k<\/td>\n<td>k\u00e9pes 500 mm feletti szuper nagy alum\u00ednium profilok gy\u00e1rt\u00e1s\u00e1ra.<\/td>\n<\/tr>\n<tr>\n<td class=\"label\">Pen\u00e9sz<\/td>\n<td>t\u00f6bb mint 30.000 szersz\u00e1m van rakt\u00e1ron<\/td>\n<\/tr>\n<tr>\n<td class=\"label\">Termel\u00e9si kapacit\u00e1s<\/td>\n<td>termel\u00e9s 200.000 tonna alum\u00ednium profil \u00e9vente<\/td>\n<\/tr>\n<\/table>\n<h2>Gy\u00e1rt\u00f3 b\u00e1zisunk<\/h2>\n<h3>Gy\u00e1ri panor\u00e1ma<\/h3>\n<p><img decoding=\"async\" src=\"\/wp-content\/uploads\/factory-01.webp\"\/><\/p>\n<h3>Alum\u00ednium r\u00fadgy\u00e1rt\u00f3 m\u0171hely<\/h3>\n<p><img decoding=\"async\" src=\"\/wp-content\/uploads\/factory-02.webp\"\/><\/p>\n<\/p>\n<p><img decoding=\"async\" src=\"\/wp-content\/uploads\/factory-03.webp\"\/><\/p>\n<h3>Pen\u00e9sz rakt\u00e1r<\/h3>\n<p><img decoding=\"async\" src=\"\/wp-content\/uploads\/factory-04.webp\"\/><\/p>\n<h3>43 alum\u00ednium extrud\u00e1l\u00f3 vonal (500-5500 tonna)<\/h3>\n<p><img decoding=\"async\" src=\"\/wp-content\/uploads\/factory-05.webp\"\/><\/p>\n<p><img decoding=\"async\" src=\"\/wp-content\/uploads\/factory-06.webp\"\/><\/p>\n<p><img decoding=\"async\" src=\"\/wp-content\/uploads\/factory-07.webp\"\/><\/p>\n<h3>Porfest\u0151 m\u0171hely<\/h3>\n<p><img decoding=\"async\" src=\"\/wp-content\/uploads\/factory-09.webp\"\/><\/p>\n<h3>Anodiz\u00e1l\u00f3 m\u0171hely<\/h3>\n<p><img decoding=\"async\" src=\"\/wp-content\/uploads\/factory-10.webp\"\/><\/p>\n<h3>M\u00e9ly feldolgoz\u00e1si m\u0171hely<\/h3>\n<p><img decoding=\"async\" src=\"\/wp-content\/uploads\/factory-11.webp\"\/><\/p>\n<h3>CNC prec\u00edzi\u00f3s megmunk\u00e1l\u00f3 m\u0171hely<\/h3>\n<p><img decoding=\"async\" src=\"\/wp-content\/uploads\/factory-11.5.webp\"\/><\/p>\n<h3>K\u00e9szterm\u00e9k \u00e9s export rakt\u00e1r<\/h3>\n<p><img decoding=\"async\" src=\"\/wp-content\/uploads\/factory-12.webp\"\/><\/p>\n<p><img decoding=\"async\" src=\"\/wp-content\/uploads\/factory-13.webp\"\/><\/p>\n<p><img decoding=\"async\" src=\"\/wp-content\/uploads\/factory-14.webp\"\/><\/p>\n<h2>GYIK<\/h2>\n<p><b>1.Mi az a belt\u00e9ri \u00e9s k\u00fclt\u00e9ri alum\u00ednium lamell\u00e1s profil?<\/b><\/p>\n<p>Ez egy sokoldal\u00fa alum\u00ednium sajtolt term\u00e9k, amelyet olyan lamell\u00e1s rendszerek l\u00e9trehoz\u00e1s\u00e1ra haszn\u00e1lnak, amelyek szell\u0151z\u00e9st, \u00e1rny\u00e9kol\u00e1st \u00e9s mag\u00e1n\u00e9letet biztos\u00edtanak mind bels\u0151, mind k\u00fcls\u0151 alkalmaz\u00e1sokban.\n<\/p>\n<p><\/p>\n<p><b>2.Mik az alum\u00ednium lamell\u00e1s profilok el\u0151nyei?<\/b><\/p>\n<p>K\u00f6nny\u0171 szil\u00e1rds\u00e1got, korr\u00f3zi\u00f3\u00e1ll\u00f3s\u00e1got, tervez\u00e9si rugalmass\u00e1got \u00e9s alacsony karbantart\u00e1si ig\u00e9nyt k\u00edn\u00e1lnak a hossz\u00fa t\u00e1v\u00fa haszn\u00e1lathoz.\n<\/p>\n<p><\/p>\n<p><b>3.Haszn\u00e1lhat\u00f3k-e ezek a lamell\u00e1k minden id\u0151j\u00e1r\u00e1si k\u00f6r\u00fclm\u00e9nyek k\u00f6z\u00f6tt?<\/b><\/p>\n<p>Igen, a korr\u00f3zi\u00f3\u00e1ll\u00f3 alum\u00ednium kivitelnek k\u00f6sz\u00f6nhet\u0151en ide\u00e1lis az es\u0151nek, napnak \u00e9s nedvess\u00e9gnek val\u00f3 kitetts\u00e9ghez.\n<\/p>\n<p><\/p>\n<p><b>4.Rendelkez\u00e9sre \u00e1llnak egyedi kialak\u00edt\u00e1s\u00fa lamell\u00e1k?<\/b><\/p>\n<p>Igen, az \u00e9p\u00edt\u00e9szeti \u00e9s funkcion\u00e1lis ig\u00e9nyeknek megfelel\u0151, testreszabott pengesz\u00f6geket, m\u00e9reteket, sz\u00edneket \u00e9s kiviteleket k\u00edn\u00e1lunk.\n<\/p>\n<p><\/p>\n<p><b>5.Milyen alkalmaz\u00e1sok alkalmasak belt\u00e9ri \u00e9s k\u00fclt\u00e9ri lamell\u00e1khoz?<\/b><\/p>\n<p>Gyakori felhaszn\u00e1l\u00e1si ter\u00fcletei k\u00f6z\u00e9 tartoznak az \u00e9p\u00fcletek homlokzatai, a mag\u00e1n\u00e9letet v\u00e9d\u0151 parav\u00e1nok, mennyezeti elemek, naperny\u0151k \u00e9s HVAC-burkolatok.\n<\/p>\n<p><\/p>\n<p><b>6.K\u00edn\u00e1lnak fix \u00e9s \u00e1ll\u00edthat\u00f3 lamell\u00e1kat is?<\/b><\/p>\n<p>Igen, a l\u00e9g\u00e1raml\u00e1si \u00e9s \u00e1rny\u00e9kol\u00e1si k\u00f6vetelm\u00e9nyekt\u0151l f\u00fcgg\u0151en fix \u00e9s \u00e1ll\u00edthat\u00f3 lamell\u00e1s lamell\u00e1kat is gy\u00e1rtunk.\n<\/p>\n<p><\/p>\n<p><b>7.Is alum\u00ednium k\u00f6nnyen telep\u00edthet\u0151 \u00e9s karbantarthat\u00f3?<\/b><\/p>\n<p>Igen, az alum\u00ednium k\u00f6nny\u0171 \u00e9s k\u00f6nnyen \u00f6sszeszerelhet\u0151, \u00e9s minim\u00e1lis tiszt\u00edt\u00e1st vagy karbantart\u00e1st ig\u00e9nyel.\n<\/p>\n<p><\/p>\n<p><b>8.Milyen kivitelben kaphat\u00f3k az alum\u00ednium lamell\u00e1s profilok?<\/b><\/p>\n<p>A kivitelek k\u00f6z\u00f6tt szerepelnek elox\u00e1lt, porsz\u00f3rt, csiszolt \u00e9s egyedi RAL-sz\u00ednek az eszt\u00e9tikai \u00e9s k\u00f6rnyezetv\u00e9delmi szempontok miatt.\n<\/p>\n<p><\/p>","protected":false},"featured_media":7653,"template":"","categories":[67],"class_list":["post-7654","product","type-product","status-publish","has-post-thumbnail","hentry","category-architectural-aluminium-profile"],"meta_box":{"hilight_text_group":{"product_hilight_text":"<li>Durable aluminum construction suitable for both indoor and outdoor environments<\/li>\r\r\n<li>Corrosion-resistant finish ensures long-term weather protection<\/li>\r\r\n<li>Provides effective ventilation, sun shading, and privacy<\/li>\r\r\n<li>Available in fixed and adjustable louver designs<\/li>\r\r\n<li>Lightweight for easy installation and structural flexibility<\/li>\r\r\n<li>Custom sizes, blade shapes, and finishes available<\/li>\r\r\n<li>Ideal for fa?ades, partitions, ceilings, and decorative screens<\/li>","product_chanpin_blog":"<ul>\r\r\n<li><a href=\"https:\/\/sinoextrud.com\/t-slot-v-slot-differences\/\" target=\"_blank\">t slot vs v slot<\/a><\/li>\r\r\n<li><a href=\"https:\/\/sinoextrud.com\/what-is-4040-aluminium-extrud\/\" target=\"_blank\">4040 aluminium extrusion<\/a><\/li>\r\r\n<li><a href=\"https:\/\/sinoextrud.com\/what-is-4040-aluminium-extrud\/\" target=\"_blank\">aluminum extrusions for industrial racks<\/a><\/li>\r\r\n<li><a href=\"https:\/\/sinoextrud.com\/powder-coating-aluminium-process\/\" target=\"_blank\">powder coating aluminium<\/a><\/li>\r\r\n<li><a href=\"https:\/\/sinoextrud.com\/what-is-an-aluminium-strip-ceiling\/\" target=\"_blank\">aluminium strip ceiling<\/a><\/li>\r\r\n<li><a href=\"https:\/\/sinoextrud.com\/what-is-a-heat-sink\/\" target=\"_blank\">what is a heat sink<\/a><\/li>\r\r\n<\/ul>","product_chanpin_chanpin":"<li><a href=\"https:\/\/sinoextrud.com\/product\/colorful-brushed-aluminium-photo-frame-manufacturer\/\" target=\"_blank\">Colorful Brushed Aluminium Photo Frame Manufacturer<\/a><\/li>\r\n<li><a href=\"https:\/\/sinoextrud.com\/product\/aluminum-shutter-extrusion-profiles\/\" target=\"_blank\">Aluminum Shutter Extrusion Profiles<\/a><\/li>\r\n<li><a href=\"https:\/\/sinoextrud.com\/product\/aluminum-profile-shutter\/\" target=\"_blank\">Aluminum Profile Shutter<\/a><\/li>\r\n<li><a href=\"https:\/\/sinoextrud.com\/product\/gb-matt-anodized-aluminium\/\" target=\"_blank\">GB Matt Anodized Aluminium<\/a><\/li>\r\n<li><a href=\"https:\/\/sinoextrud.com\/product\/indoor-and-outdoor-aluminium-louver-profile\/\" target=\"_blank\">Indoor and Outdoor Aluminium Louver Profile<\/a><\/li>\r\n<li><a href=\"https:\/\/sinoextrud.com\/product\/aluminum-profiles-anodized-for-cabinet-furniture-protection\/\" target=\"_blank\">Aluminum Profiles Anodized For Cabinet Furniture Protection<\/a><\/li>\r\n<li><a href=\"https:\/\/sinoextrud.com\/product\/extruded-aluminium-track\/\" target=\"_blank\">Extruded Aluminium Track<\/a><\/li>\r\n<li><a href=\"https:\/\/sinoextrud.com\/product\/aluminum-quarter-round-trim\/\" target=\"_blank\">Aluminum Quarter Round Trim<\/a><\/li>\r\n<li><a href=\"https:\/\/sinoextrud.com\/product\/aluminum-rail-profile-precision\/\" target=\"_blank\">Aluminum Rail Profile Precision<\/a><\/li>\r\n<li><a href=\"https:\/\/sinoextrud.com\/product\/extruded-aluminum-louver-blade-profile\/\" target=\"_blank\">Extruded Aluminum Louver Blade Profile<\/a><\/li>\r\n<li><a href=\"https:\/\/sinoextrud.com\/product\/solar-aluminium-profiles\/\" target=\"_blank\">Solar Aluminium Profiles<\/a><\/li>"},"feature_list":[]},"_links":{"self":[{"href":"https:\/\/sinoextrud.com\/hu\/wp-json\/wp\/v2\/product\/7654","targetHints":{"allow":["GET"]}}],"collection":[{"href":"https:\/\/sinoextrud.com\/hu\/wp-json\/wp\/v2\/product"}],"about":[{"href":"https:\/\/sinoextrud.com\/hu\/wp-json\/wp\/v2\/types\/product"}],"wp:featuredmedia":[{"embeddable":true,"href":"https:\/\/sinoextrud.com\/hu\/wp-json\/wp\/v2\/media\/7653"}],"wp:attachment":[{"href":"https:\/\/sinoextrud.com\/hu\/wp-json\/wp\/v2\/media?parent=7654"}],"wp:term":[{"taxonomy":"category","embeddable":true,"href":"https:\/\/sinoextrud.com\/hu\/wp-json\/wp\/v2\/categories?post=7654"}],"curies":[{"name":"wp","href":"https:\/\/api.w.org\/{rel}","templated":true}]}}