{"id":7652,"date":"2025-06-09T07:27:46","date_gmt":"2025-06-09T07:27:46","guid":{"rendered":"https:\/\/sinoextrud.com\/product\/gb-matt-anodized-aluminium\/"},"modified":"2025-06-24T06:13:20","modified_gmt":"2025-06-24T06:13:20","slug":"gb-matt-eloxalt-aluminium","status":"publish","type":"product","link":"https:\/\/sinoextrud.com\/hu\/product\/gb-matt-anodized-aluminium\/","title":{"rendered":"GB Matt elox\u00e1lt alum\u00ednium"},"content":{"rendered":"<h2>Term\u00e9kek r\u00e9szletei<\/h2>\n<table class=\"custom-table\">\n<tr>\n<td class=\"label\">N\u00e9v<\/td>\n<td>GB Matt elox\u00e1lt alum\u00ednium<\/td>\n<\/tr>\n<\/table>\n<h2>Gy\u00e1rt\u00f3 b\u00e1zisunk<\/h2>\n<h3>Gy\u00e1ri panor\u00e1ma<\/h3>\n<p><img decoding=\"async\" src=\"\/wp-content\/uploads\/factory-01.webp\"\/><\/p>\n<h3>Alum\u00ednium r\u00fadgy\u00e1rt\u00f3 m\u0171hely<\/h3>\n<p><img decoding=\"async\" src=\"\/wp-content\/uploads\/factory-02.webp\"\/><\/p>\n<\/p>\n<p><img decoding=\"async\" src=\"\/wp-content\/uploads\/factory-03.webp\"\/><\/p>\n<h3>Pen\u00e9sz rakt\u00e1r<\/h3>\n<p><img decoding=\"async\" src=\"\/wp-content\/uploads\/factory-04.webp\"\/><\/p>\n<h3>43 alum\u00ednium extrud\u00e1l\u00f3 vonal (500-5500 tonna)<\/h3>\n<p><img decoding=\"async\" src=\"\/wp-content\/uploads\/factory-05.webp\"\/><\/p>\n<p><img decoding=\"async\" src=\"\/wp-content\/uploads\/factory-06.webp\"\/><\/p>\n<p><img decoding=\"async\" src=\"\/wp-content\/uploads\/factory-07.webp\"\/><\/p>\n<h3>Porfest\u0151 m\u0171hely<\/h3>\n<p><img decoding=\"async\" src=\"\/wp-content\/uploads\/factory-09.webp\"\/><\/p>\n<h3>Anodiz\u00e1l\u00f3 m\u0171hely<\/h3>\n<p><img decoding=\"async\" src=\"\/wp-content\/uploads\/factory-10.webp\"\/><\/p>\n<h3>M\u00e9ly feldolgoz\u00e1si m\u0171hely<\/h3>\n<p><img decoding=\"async\" src=\"\/wp-content\/uploads\/factory-11.webp\"\/><\/p>\n<h3>CNC prec\u00edzi\u00f3s megmunk\u00e1l\u00f3 m\u0171hely<\/h3>\n<p><img decoding=\"async\" src=\"\/wp-content\/uploads\/factory-11.5.webp\"\/><\/p>\n<h3>K\u00e9szterm\u00e9k \u00e9s export rakt\u00e1r<\/h3>\n<p><img decoding=\"async\" src=\"\/wp-content\/uploads\/factory-12.webp\"\/><\/p>\n<p><img decoding=\"async\" src=\"\/wp-content\/uploads\/factory-13.webp\"\/><\/p>\n<p><img decoding=\"async\" src=\"\/wp-content\/uploads\/factory-14.webp\"\/><\/p>\n<h2>GYIK<\/h2>\n<p><b>1.Mi az a GB matt elox\u00e1lt alum\u00ednium?<\/b><\/p>\n<p>A GB matt elox\u00e1lt alum\u00ednium olyan alum\u00ednium, amelyet mattra elox\u00e1ltak, \u00e9s megfelel a k\u00ednai GB min\u0151s\u00e9gi szabv\u00e1nyoknak a szil\u00e1rds\u00e1g \u00e9s a fel\u00fcletkezel\u00e9s tekintet\u00e9ben.\n<\/p>\n<p><\/p>\n<p><b>2.Mik a matt elox\u00e1lt alum\u00ednium el\u0151nyei?<\/b><\/p>\n<p>Sima, t\u00fckr\u00f6z\u0151d\u00e9smentes fel\u00fcletet biztos\u00edt, fokozott korr\u00f3zi\u00f3\u00e1ll\u00f3s\u00e1ggal, fel\u00fcleti kem\u00e9nys\u00e9ggel \u00e9s kifinomult eszt\u00e9tikai megjelen\u00e9ssel.\n<\/p>\n<p><\/p>\n<p><b>3.Mit jelent a \"GB\" a GB Matt elox\u00e1lt alum\u00edniumban?<\/b><\/p>\n<p>A \"GB\" a Guobiao szabv\u00e1nyokra, K\u00edna nemzeti min\u0151s\u00e9gi \u00e9s teljes\u00edtm\u00e9nyszabv\u00e1nyaira utal, amelyek biztos\u00edtj\u00e1k az anyag \u00e9s a kivitel konzisztens min\u0151s\u00e9g\u00e9t.\n<\/p>\n<p><\/p>\n<p><b>4.Hol haszn\u00e1lj\u00e1k \u00e1ltal\u00e1ban a matt elox\u00e1lt alum\u00edniumot?<\/b><\/p>\n<p>Sz\u00e9les k\u00f6rben haszn\u00e1lj\u00e1k az \u00e9p\u00fcletek homlokzatain, ablakkeretekben, elektronikai burkolatokban, jelz\u00e9sekben \u00e9s bels\u0151 dekor\u00e1ci\u00f3ban.\n<\/p>\n<p><\/p>\n<p><b>5.A matt elox\u00e1lt fel\u00fclet ellen\u00e1ll az ujjlenyomatoknak \u00e9s foltoknak?<\/b><\/p>\n<p>Igen, a matt fel\u00fclet seg\u00edt cs\u00f6kkenteni a l\u00e1that\u00f3 ujjlenyomatokat \u00e9s foltokat, \u00edgy ide\u00e1lis a nagy \u00e9rint\u00e9sig\u00e9ny\u0171 vagy kijelz\u0151s ter\u00fcleteken.\n<\/p>\n<p><\/p>\n<p><b>6.A GB matt elox\u00e1lt alum\u00ednium alkalmas k\u00fclt\u00e9ri haszn\u00e1latra?<\/b><\/p>\n<p>Igen, az elox\u00e1lt bevonat kiv\u00e1l\u00f3 UV- \u00e9s id\u0151j\u00e1r\u00e1s\u00e1ll\u00f3s\u00e1got biztos\u00edt, ide\u00e1lis belt\u00e9ri \u00e9s k\u00fclt\u00e9ri k\u00f6rnyezetbe egyar\u00e1nt.\n<\/p>\n<p><\/p>\n<p><b>7.Lehet-e testre szabni a GB matt elox\u00e1lt profilokat?<\/b><\/p>\n<p>Igen, egyedi profilokat, hossz\u00fas\u00e1gokat, \u00f6tv\u00f6z\u00e9si opci\u00f3kat \u00e9s sz\u00edn\u00e1rnyalatokat k\u00edn\u00e1lunk, hogy megfeleljenek a projekt egyedi k\u00f6vetelm\u00e9nyeinek.\n<\/p>\n<p><\/p>\n<p><b>8.Milyen \u00f6tv\u00f6zeteket haszn\u00e1lnak \u00e1ltal\u00e1ban matt elox\u00e1lt alum\u00edniumhoz?<\/b><\/p>\n<p>Gyakori v\u00e1laszt\u00e1s a 6063 \u00e9s 6060 alum\u00ednium a kiv\u00e1l\u00f3 fel\u00fcleti min\u0151s\u00e9g \u00e9s az elox\u00e1l\u00e1si teljes\u00edtm\u00e9ny miatt.\n<\/p>\n<p><\/p>","protected":false},"featured_media":7651,"template":"","categories":[67],"class_list":["post-7652","product","type-product","status-publish","has-post-thumbnail","hentry","category-architectural-aluminium-profile"],"meta_box":{"hilight_text_group":{"product_hilight_text":"<li>Matt anodized surface offers a modern, non-reflective finish<\/li>\r\r\n<li>Conforms to GB (Guobiao) national quality standards<\/li>\r\r\n<li>Excellent corrosion and wear resistance for long-term use<\/li>\r\r\n<li>Ideal for architectural, decorative, and industrial applications<\/li>\r\r\n<li>Uniform color and texture suitable for high-end visual consistency<\/li>\r\r\n<li>Available in various profiles, thicknesses, and alloy grades<\/li>\r\r\n<li>Low maintenance and fingerprint-resistant surface<\/li>","product_chanpin_blog":"<ul>\r\r\n<li><a href=\"https:\/\/sinoextrud.com\/t-slot-v-slot-differences\/\" target=\"_blank\">t slot vs v slot<\/a><\/li>\r\r\n<li><a href=\"https:\/\/sinoextrud.com\/what-is-4040-aluminium-extrud\/\" target=\"_blank\">4040 aluminium extrusion<\/a><\/li>\r\r\n<li><a href=\"https:\/\/sinoextrud.com\/what-is-4040-aluminium-extrud\/\" target=\"_blank\">aluminum extrusions for industrial racks<\/a><\/li>\r\r\n<li><a href=\"https:\/\/sinoextrud.com\/powder-coating-aluminium-process\/\" target=\"_blank\">powder coating aluminium<\/a><\/li>\r\r\n<li><a href=\"https:\/\/sinoextrud.com\/what-is-an-aluminium-strip-ceiling\/\" target=\"_blank\">aluminium strip ceiling<\/a><\/li>\r\r\n<li><a href=\"https:\/\/sinoextrud.com\/what-is-a-heat-sink\/\" target=\"_blank\">what is a heat sink<\/a><\/li>\r\r\n<\/ul>","product_chanpin_chanpin":"<li><a href=\"https:\/\/sinoextrud.com\/product\/wall-aluminum-profile-decoration-t-shaped-edge-trim\/\" target=\"_blank\">Wall Aluminum Profile Decoration T Shaped Edge Trim<\/a><\/li>\r\n<li><a href=\"https:\/\/sinoextrud.com\/product\/colorful-brushed-aluminium-photo-frame-manufacturer\/\" target=\"_blank\">Colorful Brushed Aluminium Photo Frame Manufacturer<\/a><\/li>\r\n<li><a href=\"https:\/\/sinoextrud.com\/product\/aluminum-shutter-extrusion-profiles\/\" target=\"_blank\">Aluminum Shutter Extrusion Profiles<\/a><\/li>\r\n<li><a href=\"https:\/\/sinoextrud.com\/product\/aluminum-profile-shutter\/\" target=\"_blank\">Aluminum Profile Shutter<\/a><\/li>\r\n<li><a href=\"https:\/\/sinoextrud.com\/product\/gb-matt-anodized-aluminium\/\" target=\"_blank\">GB Matt Anodized Aluminium<\/a><\/li>\r\n<li><a href=\"https:\/\/sinoextrud.com\/product\/indoor-and-outdoor-aluminium-louver-profile\/\" target=\"_blank\">Indoor and Outdoor Aluminium Louver Profile<\/a><\/li>\r\n<li><a href=\"https:\/\/sinoextrud.com\/product\/aluminum-profiles-anodized-for-cabinet-furniture-protection\/\" target=\"_blank\">Aluminum Profiles Anodized For Cabinet Furniture Protection<\/a><\/li>\r\n<li><a href=\"https:\/\/sinoextrud.com\/product\/extruded-aluminium-track\/\" target=\"_blank\">Extruded Aluminium Track<\/a><\/li>\r\n<li><a href=\"https:\/\/sinoextrud.com\/product\/aluminum-quarter-round-trim\/\" target=\"_blank\">Aluminum Quarter Round Trim<\/a><\/li>\r\n<li><a href=\"https:\/\/sinoextrud.com\/product\/round-t-slot-extrusion\/\" target=\"_blank\">Round T Slot Extrusion<\/a><\/li>\r\n<li><a href=\"https:\/\/sinoextrud.com\/product\/aluminum-extrusion-cable-clamp-profile-cnc-custom-cable-cleat-aluminum-profile\/\" target=\"_blank\">Aluminum Extrusion Cable Clamp Profile CNC Custom Cable Cleat Aluminum Profile<\/a><\/li>"},"feature_list":[]},"_links":{"self":[{"href":"https:\/\/sinoextrud.com\/hu\/wp-json\/wp\/v2\/product\/7652","targetHints":{"allow":["GET"]}}],"collection":[{"href":"https:\/\/sinoextrud.com\/hu\/wp-json\/wp\/v2\/product"}],"about":[{"href":"https:\/\/sinoextrud.com\/hu\/wp-json\/wp\/v2\/types\/product"}],"wp:featuredmedia":[{"embeddable":true,"href":"https:\/\/sinoextrud.com\/hu\/wp-json\/wp\/v2\/media\/7651"}],"wp:attachment":[{"href":"https:\/\/sinoextrud.com\/hu\/wp-json\/wp\/v2\/media?parent=7652"}],"wp:term":[{"taxonomy":"category","embeddable":true,"href":"https:\/\/sinoextrud.com\/hu\/wp-json\/wp\/v2\/categories?post=7652"}],"curies":[{"name":"wp","href":"https:\/\/api.w.org\/{rel}","templated":true}]}}