{"id":7650,"date":"2025-06-09T07:24:33","date_gmt":"2025-06-09T07:24:33","guid":{"rendered":"https:\/\/sinoextrud.com\/product\/aluminum-profile-shutter\/"},"modified":"2025-06-24T06:13:19","modified_gmt":"2025-06-24T06:13:19","slug":"aluminium-profil-zsalu","status":"publish","type":"product","link":"https:\/\/sinoextrud.com\/hu\/product\/aluminum-profile-shutter\/","title":{"rendered":"Alum\u00ednium profil zsalu"},"content":{"rendered":"<h2>Term\u00e9kek r\u00e9szletei<\/h2>\n<table class=\"custom-table\">\n<tbody>\n<tr>\n<td> N\u00e9v<\/td>\n<td> Alum\u00ednium profil red\u0151ny<\/td>\n<\/tr>\n<tr>\n<td> M\u00e1rka<\/td>\n<td> Sinoextrud\/Sinoextrud<\/td>\n<\/tr>\n<tr>\n<td> Kateg\u00f3ria<\/td>\n<td> Alum\u00ednium szelv\u00e9nyek<\/td>\n<\/tr>\n<tr>\n<td> Anyag<\/td>\n<td> A 6063 sz\u00e9les k\u00f6rben haszn\u00e1latos. A 6061, 6463, 6005, 6082 is rendelkez\u00e9sre \u00e1ll.<\/td>\n<\/tr>\n<tr>\n<td> Temper<\/td>\n<td> T5-T8<\/td>\n<\/tr>\n<tr>\n<td> Hossz\u00fas\u00e1g<\/td>\n<td> 1-9m vagy 5.8M, egyedi k\u00e9r\u00e9s elfogadva.<\/td>\n<\/tr>\n<tr>\n<td> M\u00e9ret (mm)<\/td>\n<td> K\u00fcl\u00f6nb\u00f6z\u0151 m\u00e9ret\u0171, r\u00e9szletesen kapcsolatba l\u00e9phet.<\/td>\n<\/tr>\n<tr>\n<td> Vastags\u00e1g<\/td>\n<td> Az \u00d6n k\u00e9r\u00e9s\u00e9nek megfelel\u0151en<\/td>\n<\/tr>\n<tr>\n<td> Shape<\/td>\n<td> Testreszab\u00e1s<\/td>\n<\/tr>\n<tr>\n<td> Fel\u00fcletkezel\u00e9s<\/td>\n<td> Malom k\u00e9sz, elox\u00e1lt, homokf\u00fav\u00e1s, elektrofor\u00e9zis, Power bevonat stb.<\/td>\n<\/tr>\n<tr>\n<td> Sz\u00ednes<\/td>\n<td> Ez\u00fcst, fekete, feh\u00e9r, piros, s\u00e1rga, pezsg\u0151 vagy egyedi sz\u00ednben<\/td>\n<\/tr>\n<tr>\n<td> Standard<\/td>\n<td> ASTM, GB, DIN<\/td>\n<\/tr>\n<tr>\n<td> A  c\u00edmr\u0151l<\/td>\n<td> Guangdong, K\u00edna<\/td>\n<\/tr>\n<tr>\n<td> Alkalmaz\u00e1s<\/td>\n<td> Dekor\u00e1ci\u00f3, ablak \u00e9s ajt\u00f3.<\/td>\n<\/tr>\n<\/tbody>\n<\/table>\n<h2>Gy\u00e1rt\u00f3 b\u00e1zisunk<\/h2>\n<h3>Gy\u00e1ri panor\u00e1ma<\/h3>\n<p><img decoding=\"async\" src=\"\/wp-content\/uploads\/factory-01.webp\"\/><\/p>\n<h3>Alum\u00ednium r\u00fadgy\u00e1rt\u00f3 m\u0171hely<\/h3>\n<p><img decoding=\"async\" src=\"\/wp-content\/uploads\/factory-02.webp\"\/><\/p>\n<p><img decoding=\"async\" src=\"\/wp-content\/uploads\/factory-03.webp\"\/><\/p>\n<h3>Pen\u00e9sz rakt\u00e1r<\/h3>\n<p><img decoding=\"async\" src=\"\/wp-content\/uploads\/factory-04.webp\"\/><\/p>\n<h3>43 alum\u00ednium extrud\u00e1l\u00f3 vonal (500-5500 tonna)<\/h3>\n<p><img decoding=\"async\" src=\"\/wp-content\/uploads\/factory-05.webp\"\/><\/p>\n<p><img decoding=\"async\" src=\"\/wp-content\/uploads\/factory-06.webp\"\/><\/p>\n<p><img decoding=\"async\" src=\"\/wp-content\/uploads\/factory-07.webp\"\/><\/p>\n<h3>Porfest\u0151 m\u0171hely<\/h3>\n<p><img decoding=\"async\" src=\"\/wp-content\/uploads\/factory-09.webp\"\/><\/p>\n<h3>Anodiz\u00e1l\u00f3 m\u0171hely<\/h3>\n<p><img decoding=\"async\" src=\"\/wp-content\/uploads\/factory-10.webp\"\/><\/p>\n<h3>M\u00e9ly feldolgoz\u00e1si m\u0171hely<\/h3>\n<p><img decoding=\"async\" src=\"\/wp-content\/uploads\/factory-11.webp\"\/><\/p>\n<h3>CNC prec\u00edzi\u00f3s megmunk\u00e1l\u00f3 m\u0171hely<\/h3>\n<p><img decoding=\"async\" src=\"\/wp-content\/uploads\/factory-11.5.webp\"\/><\/p>\n<h3>K\u00e9szterm\u00e9k \u00e9s export rakt\u00e1r<\/h3>\n<p><img decoding=\"async\" src=\"\/wp-content\/uploads\/factory-12.webp\"\/><\/p>\n<p><img decoding=\"async\" src=\"\/wp-content\/uploads\/factory-13.webp\"\/><\/p>\n<p><img decoding=\"async\" src=\"\/wp-content\/uploads\/factory-14.webp\"\/><\/p>\n<h2>GYIK<\/h2>\n<p><p><b>1.Mi az alum\u00ednium profil zsalu? <\/b><\/p>\n<p> Az alum\u00ednium profilos red\u0151ny egy tart\u00f3s \u00e9s k\u00f6nny\u0171, extrud\u00e1lt alum\u00edniumprofilokb\u00f3l k\u00e9sz\u00fclt red\u0151nyrendszer, amelyet biztons\u00e1gos \u00e9s st\u00edlusos ny\u00edl\u00e1sz\u00e1r\u00f3khoz terveztek.<br \/>\n<\/p><br \/>\n<br \/>\n<p><b>2.Mi\u00e9rt v\u00e1lassza az alum\u00ednium red\u0151ny\u00f6ket a hagyom\u00e1nyos anyagokkal szemben? <\/b><\/p>\n<p> Az alum\u00ednium red\u0151ny\u00f6k kiv\u00e1l\u00f3 korr\u00f3zi\u00f3\u00e1ll\u00f3s\u00e1got, k\u00f6nny\u0171 kezelhet\u0151s\u00e9get \u00e9s modern megjelen\u00e9st k\u00edn\u00e1lnak, ide\u00e1lis kereskedelmi \u00e9s lakoss\u00e1gi alkalmaz\u00e1sokhoz.<br \/>\n<\/p><br \/>\n<br \/>\n<p><b>3.Az alum\u00ednium profil\u00fa red\u0151ny\u00f6k id\u0151j\u00e1r\u00e1s\u00e1ll\u00f3ak? <\/b><\/p>\n<p> Igen, a korr\u00f3zi\u00f3\u00e1ll\u00f3 kivitel kiv\u00e1l\u00f3 teljes\u00edtm\u00e9nyt biztos\u00edt k\u00fclt\u00e9ri k\u00f6rnyezetben, bele\u00e9rtve a magas p\u00e1ratartalm\u00fa \u00e9s csapad\u00e9kos ter\u00fcleteket is.<br \/>\n<\/p><br \/>\n<br \/>\n<p><b>4.Can alum\u00ednium profil red\u0151ny\u00f6k testreszabhat\u00f3? <\/b><\/p>\n<p> Term\u00e9szetesen a m\u00e9retek, sz\u00ednek \u00e9s a fel\u00fcletkezel\u00e9s tekintet\u00e9ben a projekt egyedi ig\u00e9nyeihez igazodva testre szabhat\u00f3k.<br \/>\n<\/p><br \/>\n<br \/>\n<p><b>5.Mennyire egyszer\u0171 az alum\u00ednium profil\u00fa red\u0151ny\u00f6k felszerel\u00e9se? <\/b><\/p>\n<p> A k\u00f6nny\u0171 kialak\u00edt\u00e1s \u00e9s a modul\u00e1ris profilszerkezet gyors \u00e9s egyszer\u0171 telep\u00edt\u00e9st tesz lehet\u0151v\u00e9, cs\u00f6kkentve a munkaid\u0151t \u00e9s a k\u00f6lts\u00e9geket.<br \/>\n<\/p><br \/>\n<br \/>\n<p><b>6.Sz\u00fcks\u00e9g van-e karbantart\u00e1sra az alum\u00ednium red\u0151ny\u00f6k eset\u00e9ben? <\/b><\/p>\n<p> Minim\u00e1lis karbantart\u00e1st ig\u00e9nyel; az elox\u00e1lt vagy porsz\u00f3rt fel\u00fcletnek k\u00f6sz\u00f6nhet\u0151en elegend\u0151 az alkalmi tiszt\u00edt\u00e1s.<br \/>\n<\/p><br \/>\n<br \/>\n<p><b>7.Az alum\u00ednium red\u0151ny\u00f6k jav\u00edtj\u00e1k az \u00e9p\u00fclet eszt\u00e9tik\u00e1j\u00e1t? <\/b><\/p>\n<p> Igen, eleg\u00e1ns \u00e9s modern megjelen\u00e9s\u00fck kieg\u00e9sz\u00edti a kort\u00e1rs \u00e9p\u00edt\u00e9szetet, mik\u00f6zben meg\u0151rzi a funkcionalit\u00e1st.<br \/>\n<\/p><br \/>\n<br \/>\n<p><b>8.Alkalmasak-e ezek a red\u0151ny\u00f6k biztons\u00e1gi alkalmaz\u00e1sokhoz? <\/b><\/p>\n<p> Igen, az alum\u00ednium profil\u00fa red\u0151ny\u00f6k szil\u00e1rd v\u00e9delmet ny\u00fajtanak az ablakok \u00e9s ajt\u00f3k sz\u00e1m\u00e1ra, seg\u00edtve a biztons\u00e1g n\u00f6vel\u00e9s\u00e9t mind a lak\u00f3-, mind a kereskedelmi k\u00f6rnyezetben.<br \/>\n<\/p><br \/><\/p>","protected":false},"featured_media":7649,"template":"","categories":[67],"class_list":["post-7650","product","type-product","status-publish","has-post-thumbnail","hentry","category-architectural-aluminium-profile"],"meta_box":{"hilight_text_group":{"product_hilight_text":"<li>High-strength aluminum profile offers excellent durability and security.<\/li>\r\r\n<li>Lightweight structure allows for easy installation and smooth operation.<\/li>\r\r\n<li>Corrosion-resistant surface ideal for both indoor and outdoor applications.<\/li>\r\r\n<li>Modern, sleek design enhances building aesthetics.<\/li>\r\r\n<li>Customizable sizes and finishes to fit various architectural requirements.<\/li>\r\r\n<li>Low maintenance and long service life reduce operational costs.<\/li>","product_chanpin_blog":"<ul>\r\r\n<li><a href=\"https:\/\/sinoextrud.com\/t-slot-v-slot-differences\/\" target=\"_blank\">t slot vs v slot<\/a><\/li>\r\r\n<li><a href=\"https:\/\/sinoextrud.com\/what-is-4040-aluminium-extrud\/\" target=\"_blank\">4040 aluminium extrusion<\/a><\/li>\r\r\n<li><a href=\"https:\/\/sinoextrud.com\/what-is-4040-aluminium-extrud\/\" target=\"_blank\">aluminum extrusions for industrial racks<\/a><\/li>\r\r\n<li><a href=\"https:\/\/sinoextrud.com\/powder-coating-aluminium-process\/\" target=\"_blank\">powder coating aluminium<\/a><\/li>\r\r\n<li><a href=\"https:\/\/sinoextrud.com\/what-is-an-aluminium-strip-ceiling\/\" target=\"_blank\">aluminium strip ceiling<\/a><\/li>\r\r\n<li><a href=\"https:\/\/sinoextrud.com\/what-is-a-heat-sink\/\" target=\"_blank\">what is a heat sink<\/a><\/li>\r\r\n<\/ul>","product_chanpin_chanpin":"<li><a href=\"https:\/\/sinoextrud.com\/product\/aluminum-profile-for-shower-enclosure\/\" target=\"_blank\">Aluminum Profile For Shower Enclosure<\/a><\/li>\r\n<li><a href=\"https:\/\/sinoextrud.com\/product\/wall-aluminum-profile-decoration-t-shaped-edge-trim\/\" target=\"_blank\">Wall Aluminum Profile Decoration T Shaped Edge Trim<\/a><\/li>\r\n<li><a href=\"https:\/\/sinoextrud.com\/product\/colorful-brushed-aluminium-photo-frame-manufacturer\/\" target=\"_blank\">Colorful Brushed Aluminium Photo Frame Manufacturer<\/a><\/li>\r\n<li><a href=\"https:\/\/sinoextrud.com\/product\/aluminum-shutter-extrusion-profiles\/\" target=\"_blank\">Aluminum Shutter Extrusion Profiles<\/a><\/li>\r\n<li><a href=\"https:\/\/sinoextrud.com\/product\/aluminum-profile-shutter\/\" target=\"_blank\">Aluminum Profile Shutter<\/a><\/li>\r\n<li><a href=\"https:\/\/sinoextrud.com\/product\/gb-matt-anodized-aluminium\/\" target=\"_blank\">GB Matt Anodized Aluminium<\/a><\/li>\r\n<li><a href=\"https:\/\/sinoextrud.com\/product\/indoor-and-outdoor-aluminium-louver-profile\/\" target=\"_blank\">Indoor and Outdoor Aluminium Louver Profile<\/a><\/li>\r\n<li><a href=\"https:\/\/sinoextrud.com\/product\/aluminum-profiles-anodized-for-cabinet-furniture-protection\/\" target=\"_blank\">Aluminum Profiles Anodized For Cabinet Furniture Protection<\/a><\/li>\r\n<li><a href=\"https:\/\/sinoextrud.com\/product\/extruded-aluminium-track\/\" target=\"_blank\">Extruded Aluminium Track<\/a><\/li>\r\n<li><a href=\"https:\/\/sinoextrud.com\/product\/aluminum-price-per-pound\/\" target=\"_blank\">Aluminum Price Per Pound<\/a><\/li>\r\n<li><a href=\"https:\/\/sinoextrud.com\/product\/elictrophoresis-matte-gold-aluminium-profile-cad\/\" target=\"_blank\">Elictrophoresis matte gold aluminium profile cad download section price per ton extrusions for windows and doors construction<\/a><\/li>"},"feature_list":[]},"_links":{"self":[{"href":"https:\/\/sinoextrud.com\/hu\/wp-json\/wp\/v2\/product\/7650","targetHints":{"allow":["GET"]}}],"collection":[{"href":"https:\/\/sinoextrud.com\/hu\/wp-json\/wp\/v2\/product"}],"about":[{"href":"https:\/\/sinoextrud.com\/hu\/wp-json\/wp\/v2\/types\/product"}],"wp:featuredmedia":[{"embeddable":true,"href":"https:\/\/sinoextrud.com\/hu\/wp-json\/wp\/v2\/media\/7649"}],"wp:attachment":[{"href":"https:\/\/sinoextrud.com\/hu\/wp-json\/wp\/v2\/media?parent=7650"}],"wp:term":[{"taxonomy":"category","embeddable":true,"href":"https:\/\/sinoextrud.com\/hu\/wp-json\/wp\/v2\/categories?post=7650"}],"curies":[{"name":"wp","href":"https:\/\/api.w.org\/{rel}","templated":true}]}}