{"id":7642,"date":"2025-06-09T07:13:43","date_gmt":"2025-06-09T07:13:43","guid":{"rendered":"https:\/\/sinoextrud.com\/product\/aluminum-profile-for-shower-enclosure\/"},"modified":"2025-06-24T06:13:18","modified_gmt":"2025-06-24T06:13:18","slug":"aluminium-profil-zuhanykabinhoz","status":"publish","type":"product","link":"https:\/\/sinoextrud.com\/hu\/product\/aluminum-profile-for-shower-enclosure\/","title":{"rendered":"Alum\u00ednium profil a zuhanykabinhoz"},"content":{"rendered":"<h2>Term\u00e9kek r\u00e9szletei<\/h2>\n<table class=\"custom-table\">\n<tbody>\n<tr>\n<td> Term\u00e9k neve<\/td>\n<td> Alum\u00ednium profil a zuhanykabinhoz<\/td>\n<\/tr>\n<tr>\n<td> Term\u00e9kv\u00e1laszt\u00e9k<\/td>\n<td> alum\u00ednium extrud\u00e1lt zuhanykabinhoz, pol\u00edroz\u00f3 alum\u00ednium profil, alum\u00ednium \u00fcvegprofil, alum\u00ednium profil kilogrammonk\u00e9nt, k\u00e9miai pol\u00edroz\u00f3 alum\u00ednium extrud\u00e1lt, stb.<\/td>\n<\/tr>\n<tr>\n<td> Term\u00e9k t\u00edpusa<\/td>\n<td> alum\u00ednium U-csatorna, pol\u00edroz\u00f3 alum\u00ednium profil, alum\u00ednium \u00fcvegprofil, krist\u00e1ly borosty\u00e1n profilok, stb.<\/td>\n<\/tr>\n<tr>\n<td> Alum\u00ednium \u00f6tv\u00f6zet<\/td>\n<td> 6000-es sorozat\u00fa alum\u00ednium<\/td>\n<\/tr>\n<tr>\n<td> Temper<\/td>\n<td> T3-T8<\/td>\n<\/tr>\n<tr>\n<td> Shape<\/td>\n<td> U-alak\u00fa, vagy testreszab\u00e1s<\/td>\n<\/tr>\n<tr>\n<td> Sz\u00ednes<\/td>\n<td> Pol\u00edroz\u00e1s, vagy testreszab\u00e1s<\/td>\n<\/tr>\n<tr>\n<td> M\u00e9ret<\/td>\n<td> 1-9m, vagy testreszab\u00e1s<\/td>\n<\/tr>\n<tr>\n<td> Alkalmaz\u00e1s<\/td>\n<td> B\u00fator, ablakok \u00e9s ajt\u00f3k, dekor\u00e1ci\u00f3, ipar, \u00e9p\u00edt\u0151ipar stb.<\/td>\n<\/tr>\n<tr>\n<td> Fel\u00fcletkezel\u00e9s<\/td>\n<td> malomra k\u00e9sz, elox\u00e1lt, fa szemcs\u00e9s, er\u0151 bevonat, homokf\u00fav\u00e1s, elektrofor\u00e9zis, csiszolt, pol\u00edroz\u00e1s, stb.<\/td>\n<\/tr>\n<tr>\n<td> CNC m\u00e9lyfeldolgoz\u00e1s<\/td>\n<td> v\u00e1g\u00e1s, f\u00far\u00e1s, megmunk\u00e1l\u00e1s, lyukaszt\u00e1s, hajl\u00edt\u00e1s, csapol\u00e1s stb.<\/td>\n<\/tr>\n<tr>\n<td> Tan\u00fas\u00edtv\u00e1nyok<\/td>\n<td> CE, ISO, SGS, TUV, ROHS<\/td>\n<\/tr>\n<tr>\n<td> Mint\u00e1k<\/td>\n<td> ingyenes minta. 1-3 nap alatt sz\u00e1ll\u00edtjuk \u00d6nnek.<\/td>\n<\/tr>\n<tr>\n<td> MOQ<\/td>\n<td> 200KG minden egyes profilhoz<\/td>\n<\/tr>\n<tr>\n<td> Standard<\/td>\n<td> k\u00f6zepes \u00e9s kiv\u00e1l\u00f3 min\u0151s\u00e9g\u0171 alum\u00ednium profil<\/td>\n<\/tr>\n<tr>\n<td> Sz\u00e1ll\u00edt\u00e1si id\u0151<\/td>\n<td> A pen\u00e9sz kifejleszt\u00e9se \u00e9s a minta kialak\u00edt\u00e1sa 12-15 nap, majd a gy\u00e1rt\u00e1s id\u0151tartama 15-25 nap a vev\u0151 let\u00e9tbe helyez\u00e9se ut\u00e1n.<\/td>\n<\/tr>\n<tr>\n<td> Fizet\u00e9si felt\u00e9telek<\/td>\n<td> 30% bet\u00e9t a gy\u00e1rt\u00e1s el\u0151tt, \u00e9s a sz\u00e1ll\u00edt\u00e1s el\u0151tti egyenleg.<\/td>\n<\/tr>\n<tr>\n<td> Port<\/td>\n<td> FOB Shenzhen, Guangzhou, Foshan<\/td>\n<\/tr>\n<\/tbody>\n<\/table>\n<h2>Gy\u00e1rt\u00f3 b\u00e1zisunk<\/h2>\n<h3>Gy\u00e1ri panor\u00e1ma<\/h3>\n<p><img decoding=\"async\" src=\"\/wp-content\/uploads\/factory-01.webp\"\/><\/p>\n<h3>Alum\u00ednium r\u00fadgy\u00e1rt\u00f3 m\u0171hely<\/h3>\n<p><img decoding=\"async\" src=\"\/wp-content\/uploads\/factory-02.webp\"\/><\/p>\n<p><img decoding=\"async\" src=\"\/wp-content\/uploads\/factory-03.webp\"\/><\/p>\n<h3>Pen\u00e9sz rakt\u00e1r<\/h3>\n<p><img decoding=\"async\" src=\"\/wp-content\/uploads\/factory-04.webp\"\/><\/p>\n<h3>43 alum\u00ednium extrud\u00e1l\u00f3 vonal (500-5500 tonna)<\/h3>\n<p><img decoding=\"async\" src=\"\/wp-content\/uploads\/factory-05.webp\"\/><\/p>\n<p><img decoding=\"async\" src=\"\/wp-content\/uploads\/factory-06.webp\"\/><\/p>\n<p><img decoding=\"async\" src=\"\/wp-content\/uploads\/factory-07.webp\"\/><\/p>\n<h3>Porfest\u0151 m\u0171hely<\/h3>\n<p><img decoding=\"async\" src=\"\/wp-content\/uploads\/factory-09.webp\"\/><\/p>\n<h3>Anodiz\u00e1l\u00f3 m\u0171hely<\/h3>\n<p><img decoding=\"async\" src=\"\/wp-content\/uploads\/factory-10.webp\"\/><\/p>\n<h3>M\u00e9ly feldolgoz\u00e1si m\u0171hely<\/h3>\n<p><img decoding=\"async\" src=\"\/wp-content\/uploads\/factory-11.webp\"\/><\/p>\n<h3>CNC prec\u00edzi\u00f3s megmunk\u00e1l\u00f3 m\u0171hely<\/h3>\n<p><img decoding=\"async\" src=\"\/wp-content\/uploads\/factory-11.5.webp\"\/><\/p>\n<h3>K\u00e9szterm\u00e9k \u00e9s export rakt\u00e1r<\/h3>\n<p><img decoding=\"async\" src=\"\/wp-content\/uploads\/factory-12.webp\"\/><\/p>\n<p><img decoding=\"async\" src=\"\/wp-content\/uploads\/factory-13.webp\"\/><\/p>\n<p><img decoding=\"async\" src=\"\/wp-content\/uploads\/factory-14.webp\"\/><\/p>\n<h2>GYIK<\/h2>\n<p><p><b>1.Mi az alum\u00ednium profil a zuhanykabinhoz?<\/b><\/p>\n<p>Ez egy extrud\u00e1lt alum\u00ednium alkatr\u00e9sz, amelyet a zuhanykabinok \u00fcveglapjainak keretez\u00e9s\u00e9re \u00e9s al\u00e1t\u00e1maszt\u00e1s\u00e1ra haszn\u00e1lnak, biztos\u00edtva a stabilit\u00e1st \u00e9s a v\u00edzszigetel\u00e9st.<br \/>\n<\/p><br \/>\n<br \/>\n<p><b>2.Milyen el\u0151ny\u00f6kkel j\u00e1r az alum\u00edniumprofilok haszn\u00e1lata a zuhanykabinokban?<\/b><\/p>\n<p>Korr\u00f3zi\u00f3\u00e1ll\u00f3s\u00e1got, k\u00f6nny\u0171 szil\u00e1rds\u00e1got \u00e9s kompatibilit\u00e1st biztos\u00edtanak a k\u00fcl\u00f6nb\u00f6z\u0151 burkolati st\u00edlusokkal.<br \/>\n<\/p><br \/>\n<br \/>\n<p><b>3.Ezek az alum\u00ednium profilok alkalmasak nedves k\u00f6rnyezetben?<\/b><\/p>\n<p>Igen, a korr\u00f3zi\u00f3\u00e1ll\u00f3 fel\u00fcletet nedves helyis\u00e9gekbe, p\u00e9ld\u00e1ul f\u00fcrd\u0151szob\u00e1kba \u00e9s wellnessl\u00e9tes\u00edtm\u00e9nyekbe tervezt\u00e9k.<br \/>\n<\/p><br \/>\n<br \/>\n<p><b>4.Testreszabhatom az alum\u00ednium profil kivitel\u00e9t \u00e9s m\u00e9ret\u00e9t?<\/b><\/p>\n<p>Igen, egyedi m\u00e9reteket, sz\u00edneket \u00e9s fel\u00fcletkezel\u00e9seket k\u00edn\u00e1lunk a k\u00fcl\u00f6nb\u00f6z\u0151 f\u00fcrd\u0151szobai kialak\u00edt\u00e1sokhoz.<br \/>\n<\/p><br \/>\n<br \/>\n<p><b>5.Milyen t\u00edpus\u00fa zuhanykabinokban haszn\u00e1lhat\u00f3k alum\u00ednium profilok?<\/b><\/p>\n<p>Alkalmasak keretes, f\u00e9lig keret n\u00e9lk\u00fcli \u00e9s teljesen keret n\u00e9lk\u00fcli zuhanykabinokhoz.<br \/>\n<\/p><br \/>\n<br \/>\n<p><b>6.Az alum\u00ednium profil k\u00f6nnyen telep\u00edthet\u0151?<\/b><\/p>\n<p>Igen, k\u00f6nny\u0171, \u00e9s \u00fagy tervezt\u00e9k, hogy egyszer\u0171en felszerelhet\u0151 legyen a szabv\u00e1nyos zuhany\u00fcveggel \u00e9s szerel\u00e9si rendszerekkel.<br \/>\n<\/p><br \/>\n<br \/>\n<p><b>7.Ezek a profilok kompatibilisek az edzett \u00fcveglapokkal?<\/b><\/p>\n<p>Igen, a biztons\u00e1g \u00e9s a tart\u00f3ss\u00e1g \u00e9rdek\u00e9ben \u00e1ltal\u00e1ban 6-10 mm-es edzett \u00fcveggel haszn\u00e1lj\u00e1k.<br \/>\n<\/p><br \/>\n<br \/>\n<p><b>8.Seg\u00edtenek-e a profilok a v\u00edzsziv\u00e1rg\u00e1s megakad\u00e1lyoz\u00e1s\u00e1ban?<\/b><\/p>\n<p>Igen, a prec\u00edzi\u00f3s extrud\u00e1l\u00e1s \u00e9s a t\u00f6m\u00edt\u00e9si funkci\u00f3k biztos\u00edtj\u00e1k a v\u00edzz\u00e1r\u00f3 burkolat fenntart\u00e1s\u00e1t seg\u00edt\u0151, szoros illeszked\u00e9st.<br \/>\n<\/p><br \/><\/p>","protected":false},"featured_media":7641,"template":"","categories":[67],"class_list":["post-7642","product","type-product","status-publish","has-post-thumbnail","hentry","category-architectural-aluminium-profile"],"meta_box":{"hilight_text_group":{"product_hilight_text":"<li>High-strength aluminum ensures structural support for shower enclosures<\/li>\r\r\n<li>Corrosion-resistant finish ideal for humid and wet environments<\/li>\r\r\n<li>Available in various profiles for framed, semi-frameless, and frameless designs<\/li>\r\r\n<li>Sleek appearance enhances modern bathroom aesthetics<\/li>\r\r\n<li>Lightweight and easy to install with standard shower glass panels<\/li>\r\r\n<li>Custom lengths, finishes, and colors available to match bathroom styles<\/li>\r\r\n<li>Precision-extruded for a seamless and watertight fit<\/li>","product_chanpin_blog":"<ul>\r\r\n<li><a href=\"https:\/\/sinoextrud.com\/t-slot-v-slot-differences\/\" target=\"_blank\">t slot vs v slot<\/a><\/li>\r\r\n<li><a href=\"https:\/\/sinoextrud.com\/what-is-4040-aluminium-extrud\/\" target=\"_blank\">4040 aluminium extrusion<\/a><\/li>\r\r\n<li><a href=\"https:\/\/sinoextrud.com\/what-is-4040-aluminium-extrud\/\" target=\"_blank\">aluminum extrusions for industrial racks<\/a><\/li>\r\r\n<li><a href=\"https:\/\/sinoextrud.com\/powder-coating-aluminium-process\/\" target=\"_blank\">powder coating aluminium<\/a><\/li>\r\r\n<li><a href=\"https:\/\/sinoextrud.com\/what-is-an-aluminium-strip-ceiling\/\" target=\"_blank\">aluminium strip ceiling<\/a><\/li>\r\r\n<li><a href=\"https:\/\/sinoextrud.com\/what-is-a-heat-sink\/\" target=\"_blank\">what is a heat sink<\/a><\/li>\r\r\n<\/ul>","product_chanpin_chanpin":"<li><a href=\"https:\/\/sinoextrud.com\/product\/aluminum-profile-connector\/\" target=\"_blank\">Aluminum Profile Connector<\/a><\/li>\r\n<li><a href=\"https:\/\/sinoextrud.com\/product\/anodized-powder-coated-window-louver-extrusion-shutter-aluminum-profiles\/\" target=\"_blank\">Anodized Powder Coated Window Louver Extrusion Shutter Aluminum Profiles<\/a><\/li>\r\n<li><a href=\"https:\/\/sinoextrud.com\/product\/newest-stable-extruded-aluminum-u-channel-profile-frameless-glass-railing-system-with-balustrade-handrail-fittings\/\" target=\"_blank\">Newest Stable Extruded Aluminum U Channel Profile Frameless Glass Railing System With Balustrade Handrail Fittings<\/a><\/li>\r\n<li><a href=\"https:\/\/sinoextrud.com\/product\/powder-coated-wooden-grain-aluminium-shutter-profile\/\" target=\"_blank\">Powder Coated Wooden Grain Aluminium Shutter Profile<\/a><\/li>\r\n<li><a href=\"https:\/\/sinoextrud.com\/product\/aluminum-profile-for-shower-enclosure\/\" target=\"_blank\">Aluminum Profile For Shower Enclosure<\/a><\/li>\r\n<li><a href=\"https:\/\/sinoextrud.com\/product\/wall-aluminum-profile-decoration-t-shaped-edge-trim\/\" target=\"_blank\">Wall Aluminum Profile Decoration T Shaped Edge Trim<\/a><\/li>\r\n<li><a href=\"https:\/\/sinoextrud.com\/product\/colorful-brushed-aluminium-photo-frame-manufacturer\/\" target=\"_blank\">Colorful Brushed Aluminium Photo Frame Manufacturer<\/a><\/li>\r\n<li><a href=\"https:\/\/sinoextrud.com\/product\/aluminum-shutter-extrusion-profiles\/\" target=\"_blank\">Aluminum Shutter Extrusion Profiles<\/a><\/li>\r\n<li><a href=\"https:\/\/sinoextrud.com\/product\/aluminum-profile-shutter\/\" target=\"_blank\">Aluminum Profile Shutter<\/a><\/li>\r\n<li><a href=\"https:\/\/sinoextrud.com\/product\/extruded-aluminum-hex-tube\/\" target=\"_blank\">Extruded Aluminum Hex Tube<\/a><\/li>\r\n<li><a href=\"https:\/\/sinoextrud.com\/product\/aluminium-extrusion-sections\/\" target=\"_blank\">Aluminium Extrusion Sections<\/a><\/li>"},"feature_list":[]},"_links":{"self":[{"href":"https:\/\/sinoextrud.com\/hu\/wp-json\/wp\/v2\/product\/7642","targetHints":{"allow":["GET"]}}],"collection":[{"href":"https:\/\/sinoextrud.com\/hu\/wp-json\/wp\/v2\/product"}],"about":[{"href":"https:\/\/sinoextrud.com\/hu\/wp-json\/wp\/v2\/types\/product"}],"wp:featuredmedia":[{"embeddable":true,"href":"https:\/\/sinoextrud.com\/hu\/wp-json\/wp\/v2\/media\/7641"}],"wp:attachment":[{"href":"https:\/\/sinoextrud.com\/hu\/wp-json\/wp\/v2\/media?parent=7642"}],"wp:term":[{"taxonomy":"category","embeddable":true,"href":"https:\/\/sinoextrud.com\/hu\/wp-json\/wp\/v2\/categories?post=7642"}],"curies":[{"name":"wp","href":"https:\/\/api.w.org\/{rel}","templated":true}]}}