{"id":7626,"date":"2025-06-09T06:54:53","date_gmt":"2025-06-09T06:54:53","guid":{"rendered":"https:\/\/sinoextrud.com\/product\/architectural-aluminum-extrusion-profiles\/"},"modified":"2025-06-24T06:13:16","modified_gmt":"2025-06-24T06:13:16","slug":"epiteszeti-aluminium-extrudalt-profilok","status":"publish","type":"product","link":"https:\/\/sinoextrud.com\/hu\/product\/architectural-aluminum-extrusion-profiles\/","title":{"rendered":"\u00c9p\u00edt\u00e9szeti alum\u00ednium extrud\u00e1lt profilok"},"content":{"rendered":"<h2>Term\u00e9kek r\u00e9szletei<\/h2>\n<table class=\"custom-table\">\n<tbody>\n<tr>\n<td> Term\u00e9k neve<\/td>\n<td> \u00c9p\u00edt\u00e9szeti alum\u00ednium extrud\u00e1lt profilok<\/td>\n<\/tr>\n<tr>\n<td> Anyagmin\u0151s\u00e9g<\/td>\n<td> 6000-es sorozat<\/td>\n<\/tr>\n<tr>\n<td> Shape<\/td>\n<td> N\u00e9gyzet, kerek, t\u00e9glalap alak\u00fa \u00e9s egy\u00e9b testreszabott alak\u00fa<\/td>\n<\/tr>\n<tr>\n<td> Vastags\u00e1g<\/td>\n<td> 0.7mm-10mm vagy az \u00fcgyf\u00e9l k\u00e9r\u00e9s\u00e9re<\/td>\n<\/tr>\n<tr>\n<td> M\u00e9ret<\/td>\n<td> Testre szabottan<\/td>\n<\/tr>\n<tr>\n<td> Tipikus alkalmaz\u00e1sok<\/td>\n<td> \u00c9p\u00edt\u00e9szet, mint p\u00e9ld\u00e1ul f\u00fcgg\u00f6nyfal, irodai r\u00e9sz, tet\u0151 mennyezet, ablak \u00e9s ajt\u00f3<\/td>\n<\/tr>\n<tr>\n<td> M\u00e1rka<\/td>\n<td> Sinoextrud, Sinoextrud, vagy OEM v\u00e9djegy<\/td>\n<\/tr>\n<tr>\n<td> CNC folyamat<\/td>\n<td> CNC mar\u00e1s, f\u00far\u00e1s, lyukaszt\u00e1s, f\u00far\u00e1s, menetf\u00far\u00e1s, menetv\u00e1g\u00e1s, hajl\u00edt\u00e1s<\/td>\n<\/tr>\n<tr>\n<td> Fel\u00fcletkezel\u00e9s<\/td>\n<td> Malom k\u00e9sz, fa szemcs\u00e9s, elox\u00e1lt, porsz\u00f3rt bevonat, elektrofor\u00e9zis, PVDF bevonat stb.<\/td>\n<\/tr>\n<tr>\n<td> Garancia<\/td>\n<td> ISO9001, ISO4001, CQM, SGS, CE, BV stb.<\/td>\n<\/tr>\n<tr>\n<td> Sz\u00e1rmaz\u00e1si hely<\/td>\n<td> Guangdong, K\u00edna<\/td>\n<\/tr>\n<\/tbody>\n<\/table>\n<h2>Gy\u00e1rt\u00f3 b\u00e1zisunk<\/h2>\n<h3>Gy\u00e1ri panor\u00e1ma<\/h3>\n<p><img decoding=\"async\" src=\"\/wp-content\/uploads\/factory-01.webp\"\/><\/p>\n<h3>Alum\u00ednium r\u00fadgy\u00e1rt\u00f3 m\u0171hely<\/h3>\n<p><img decoding=\"async\" src=\"\/wp-content\/uploads\/factory-02.webp\"\/><\/p>\n<p><img decoding=\"async\" src=\"\/wp-content\/uploads\/factory-03.webp\"\/><\/p>\n<h3>Pen\u00e9sz rakt\u00e1r<\/h3>\n<p><img decoding=\"async\" src=\"\/wp-content\/uploads\/factory-04.webp\"\/><\/p>\n<h3>43 alum\u00ednium extrud\u00e1l\u00f3 vonal (500-5500 tonna)<\/h3>\n<p><img decoding=\"async\" src=\"\/wp-content\/uploads\/factory-05.webp\"\/><\/p>\n<p><img decoding=\"async\" src=\"\/wp-content\/uploads\/factory-06.webp\"\/><\/p>\n<p><img decoding=\"async\" src=\"\/wp-content\/uploads\/factory-07.webp\"\/><\/p>\n<h3>Porfest\u0151 m\u0171hely<\/h3>\n<p><img decoding=\"async\" src=\"\/wp-content\/uploads\/factory-09.webp\"\/><\/p>\n<h3>Anodiz\u00e1l\u00f3 m\u0171hely<\/h3>\n<p><img decoding=\"async\" src=\"\/wp-content\/uploads\/factory-10.webp\"\/><\/p>\n<h3>M\u00e9ly feldolgoz\u00e1si m\u0171hely<\/h3>\n<p><img decoding=\"async\" src=\"\/wp-content\/uploads\/factory-11.webp\"\/><\/p>\n<h3>CNC prec\u00edzi\u00f3s megmunk\u00e1l\u00f3 m\u0171hely<\/h3>\n<p><img decoding=\"async\" src=\"\/wp-content\/uploads\/factory-11.5.webp\"\/><\/p>\n<h3>K\u00e9szterm\u00e9k \u00e9s export rakt\u00e1r<\/h3>\n<p><img decoding=\"async\" src=\"\/wp-content\/uploads\/factory-12.webp\"\/><\/p>\n<p><img decoding=\"async\" src=\"\/wp-content\/uploads\/factory-13.webp\"\/><\/p>\n<p><img decoding=\"async\" src=\"\/wp-content\/uploads\/factory-14.webp\"\/><\/p>\n<h2>GYIK<\/h2>\n<p><p><b>1.What \u00e9p\u00edt\u00e9szeti alum\u00ednium extrud\u00e1l\u00e1s profilok?<\/b><\/p>\n<p>Az \u00e9p\u00edt\u00e9szeti alum\u00ednium extrud\u00e1lt profilok speci\u00e1lisan tervezett alum\u00edniumform\u00e1k, amelyeket olyan \u00e9p\u00fcletelemek, mint a homlokzatok, f\u00fcgg\u00f6nyfalak, ablakok \u00e9s ajt\u00f3k \u00e9p\u00edt\u00e9s\u00e9hez haszn\u00e1lnak.<br \/>\n<\/p><br \/>\n<br \/>\n<p><b>2.Mik az el\u0151nyei az \u00e9p\u00edt\u00e9szeti alum\u00ednium extrud\u00e1lt profilok haszn\u00e1lat\u00e1nak?<\/b><\/p>\n<p>Nagy szil\u00e1rds\u00e1got, k\u00f6nny\u0171 s\u00falyt, korr\u00f3zi\u00f3\u00e1ll\u00f3s\u00e1got \u00e9s tervez\u00e9si rugalmass\u00e1got k\u00edn\u00e1lnak, \u00edgy ide\u00e1lisak a modern \u00e9p\u00edt\u00e9szet sz\u00e1m\u00e1ra.<br \/>\n<\/p><br \/>\n<br \/>\n<p><b>3.Ezek az alum\u00ednium profilok alkalmasak k\u00fcls\u0151 \u00e9p\u00edt\u00e9si c\u00e9lokra?<\/b><\/p>\n<p>Igen, az \u00e9p\u00edt\u00e9szeti alum\u00ednium extrud\u00e1lt profilokat id\u0151j\u00e1r\u00e1s\u00e1ll\u00f3 bevonatokkal kezelik, hogy ellen\u00e1lljanak a zord k\u00f6rnyezeti k\u00f6r\u00fclm\u00e9nyeknek.<br \/>\n<\/p><br \/>\n<br \/>\n<p><b>4.Can \u00e9p\u00edt\u00e9szeti alum\u00ednium extrud\u00e1l\u00e1s profilok testreszabhat\u00f3?<\/b><\/p>\n<p>Igen, egyedi form\u00e1kat, m\u00e9reteket, sz\u00edneket \u00e9s kiviteleket k\u00edn\u00e1lunk az egyedi \u00e9p\u00edt\u00e9szeti \u00e9s szerkezeti k\u00f6vetelm\u00e9nyek teljes\u00edt\u00e9s\u00e9hez.<br \/>\n<\/p><br \/>\n<br \/>\n<p><b>5.T\u00e1mogatj\u00e1k ezek a profilok a h\u0151szigetel\u0151 rendszereket?<\/b><\/p>\n<p>Igen, a h\u0151szigetel\u00e9s jav\u00edt\u00e1s\u00e1ra \u00e9s az \u00e9p\u00fcletek energiafogyaszt\u00e1s\u00e1nak cs\u00f6kkent\u00e9s\u00e9re rendelkez\u00e9sre \u00e1llnak h\u0151szigetel\u00e9si lehet\u0151s\u00e9gek.<br \/>\n<\/p><br \/>\n<br \/>\n<p><b>6.Hol haszn\u00e1lj\u00e1k \u00e1ltal\u00e1ban az \u00e9p\u00edt\u00e9szeti alum\u00ednium extrud\u00e1lt profilokat?<\/b><\/p>\n<p>Ezeket kereskedelmi \u00e9p\u00fcletekben, lak\u00f3\u00e9p\u00fcletekben, felh\u0151karcol\u00f3kban, kirakatokban \u00e9s z\u00f6ld \u00e9p\u00fcletekben haszn\u00e1lj\u00e1k.<br \/>\n<\/p><br \/>\n<br \/>\n<p><b>7.Kompatibilisek-e ezek az extrud\u00e1l\u00e1sok m\u00e1s \u00e9p\u00edt\u00e9si rendszerekkel?<\/b><\/p>\n<p>Igen, \u00fagy tervezt\u00e9k \u0151ket, hogy z\u00f6kken\u0151mentesen illeszkedjenek az \u00fcveg-, k\u0151- \u00e9s kompozit panelrendszerekhez az \u00e9p\u00edt\u00e9szeti kivitelez\u00e9sben.<br \/>\n<\/p><br \/>\n<br \/>\n<p><b>8.Milyen fel\u00fcletkezel\u00e9s \u00e1ll rendelkez\u00e9sre ezekhez a profilokhoz?<\/b><\/p>\n<p>A rendelkez\u00e9sre \u00e1ll\u00f3 kivitelek k\u00f6z\u00f6tt szerepelnek elox\u00e1lt, porsz\u00f3rt, csiszolt \u00e9s egyedi text\u00far\u00e1k az eszt\u00e9tikai \u00e9s funkcion\u00e1lis ig\u00e9nyeknek megfelel\u0151en.<br \/>\n<\/p><br \/><\/p>","protected":false},"featured_media":7625,"template":"","categories":[67],"class_list":["post-7626","product","type-product","status-publish","has-post-thumbnail","hentry","category-architectural-aluminium-profile"],"meta_box":{"hilight_text_group":{"product_hilight_text":"<li>High precision extrusion ensures consistent quality for architectural applications<\/li>\r\r\n<li>Lightweight and strong aluminum ideal for modern building structures<\/li>\r\r\n<li>Corrosion-resistant finishes suitable for exterior environments<\/li>\r\r\n<li>Available in a wide range of shapes, sizes, and custom designs<\/li>\r\r\n<li>Supports thermal break technology for energy-efficient buildings<\/li>\r\r\n<li>Compatible with curtain walls, fa?ades, windows, and door systems<\/li>\r\r\n<li>Enhances building aesthetics with sleek and contemporary profiles<\/li>","product_chanpin_blog":"<ul>\r\r\n<li><a href=\"https:\/\/sinoextrud.com\/t-slot-v-slot-differences\/\" target=\"_blank\">t slot vs v slot<\/a><\/li>\r\r\n<li><a href=\"https:\/\/sinoextrud.com\/what-is-4040-aluminium-extrud\/\" target=\"_blank\">4040 aluminium extrusion<\/a><\/li>\r\r\n<li><a href=\"https:\/\/sinoextrud.com\/what-is-4040-aluminium-extrud\/\" target=\"_blank\">aluminum extrusions for industrial racks<\/a><\/li>\r\r\n<li><a href=\"https:\/\/sinoextrud.com\/powder-coating-aluminium-process\/\" target=\"_blank\">powder coating aluminium<\/a><\/li>\r\r\n<li><a href=\"https:\/\/sinoextrud.com\/what-is-an-aluminium-strip-ceiling\/\" target=\"_blank\">aluminium strip ceiling<\/a><\/li>\r\r\n<li><a href=\"https:\/\/sinoextrud.com\/what-is-a-heat-sink\/\" target=\"_blank\">what is a heat sink<\/a><\/li>\r\r\n<\/ul>","product_chanpin_chanpin":"<li><a href=\"https:\/\/sinoextrud.com\/product\/profile-aluminium-extrusion-used-for-door\/\" target=\"_blank\">Profile Aluminium Extrusion Used For Door<\/a><\/li>\r\n<li><a href=\"https:\/\/sinoextrud.com\/product\/square-aluminum-extrusion\/\" target=\"_blank\">Square Aluminum Extrusion<\/a><\/li>\r\n<li><a href=\"https:\/\/sinoextrud.com\/product\/extruded-aluminum-drawer-pulls\/\" target=\"_blank\">Extruded Aluminum Drawer Pulls<\/a><\/li>\r\n<li><a href=\"https:\/\/sinoextrud.com\/product\/picture-frame-extrusions\/\" target=\"_blank\">Picture Frame Extrusions<\/a><\/li>\r\n<li><a href=\"https:\/\/sinoextrud.com\/product\/architectural-aluminum-extrusion-profiles\/\" target=\"_blank\">Architectural Aluminum Extrusion Profiles<\/a><\/li>\r\n<li><a href=\"https:\/\/sinoextrud.com\/product\/aluminum-outdoor-louvers\/\" target=\"_blank\">Aluminum Outdoor Louvers<\/a><\/li>\r\n<li><a href=\"https:\/\/sinoextrud.com\/product\/anodized-aluminum-frame-profile-brushed-photo-aluminum-frame-modern-decorative-industrial-frame-profile\/\" target=\"_blank\">Anodized Aluminum Frame Profile Brushed Photo Aluminum Frame Modern Decorative Industrial Frame Profile<\/a><\/li>\r\n<li><a href=\"https:\/\/sinoextrud.com\/product\/aluminum-profil-louver-roof\/\" target=\"_blank\">Aluminum Profil Louver Roof<\/a><\/li>\r\n<li><a href=\"https:\/\/sinoextrud.com\/product\/aluminum-profile-connector\/\" target=\"_blank\">Aluminum Profile Connector<\/a><\/li>\r\n<li><a href=\"https:\/\/sinoextrud.com\/product\/u-shaped-aluminum-extrusion\/\" target=\"_blank\">U Shaped Aluminum Extrusion<\/a><\/li>\r\n<li><a href=\"https:\/\/sinoextrud.com\/product\/aluminium-sliding-door-pictures-new-update-sliding-wardrobe-doors-profile-manufacturers-oem-value-frame-extrusion\/\" target=\"_blank\">aluminium sliding door pictures new update sliding wardrobe doors profile manufacturers OEM value frame extrusion<\/a><\/li>"},"feature_list":[]},"_links":{"self":[{"href":"https:\/\/sinoextrud.com\/hu\/wp-json\/wp\/v2\/product\/7626","targetHints":{"allow":["GET"]}}],"collection":[{"href":"https:\/\/sinoextrud.com\/hu\/wp-json\/wp\/v2\/product"}],"about":[{"href":"https:\/\/sinoextrud.com\/hu\/wp-json\/wp\/v2\/types\/product"}],"wp:featuredmedia":[{"embeddable":true,"href":"https:\/\/sinoextrud.com\/hu\/wp-json\/wp\/v2\/media\/7625"}],"wp:attachment":[{"href":"https:\/\/sinoextrud.com\/hu\/wp-json\/wp\/v2\/media?parent=7626"}],"wp:term":[{"taxonomy":"category","embeddable":true,"href":"https:\/\/sinoextrud.com\/hu\/wp-json\/wp\/v2\/categories?post=7626"}],"curies":[{"name":"wp","href":"https:\/\/api.w.org\/{rel}","templated":true}]}}