{"id":7613,"date":"2025-06-09T06:22:41","date_gmt":"2025-06-09T06:22:41","guid":{"rendered":"https:\/\/sinoextrud.com\/product\/aluminum-window-extrusion-profiles\/"},"modified":"2025-06-24T06:13:14","modified_gmt":"2025-06-24T06:13:14","slug":"aluminium-ablak-extrudalt-profilok","status":"publish","type":"product","link":"https:\/\/sinoextrud.com\/hu\/product\/aluminum-window-extrusion-profiles\/","title":{"rendered":"Alum\u00ednium ablak extrud\u00e1lt profilok"},"content":{"rendered":"<h2>Term\u00e9kek r\u00e9szletei<\/h2>\n<table class=\"custom-table\">\n<tr>\n<td class=\"label\">N\u00e9v<\/td>\n<td>Alum\u00ednium ablak extrud\u00e1lt profilok<\/td>\n<\/tr>\n<tr>\n<td class=\"label\">M\u00e1rka<\/td>\n<td>Sinoextrud<\/td>\n<\/tr>\n<tr>\n<td class=\"label\">Kateg\u00f3ria<\/td>\n<td>Alum\u00ednium profil<\/td>\n<\/tr>\n<tr>\n<td class=\"label\">Anyag<\/td>\n<td>6061 \u00f6tv\u00f6zet gy\u00e1rt\u00e1s\u00e1ra szakosodott. Azt is tudjuk, hogy \u00f6tv\u00f6zet 6063, 6463, 6005, 6082<\/td>\n<\/tr>\n<tr>\n<td class=\"label\">Temper<\/td>\n<td>T5-T8<\/td>\n<\/tr>\n<tr>\n<td class=\"label\">Hossz\u00fas\u00e1g<\/td>\n<td>1-9m vagy m\u00e1sok is rendelkez\u00e9sre \u00e1llnak<\/td>\n<\/tr>\n<tr>\n<td class=\"label\">M\u00e9ret (mm)<\/td>\n<td>Aj\u00e1nlati rajz alapj\u00e1n<\/td>\n<\/tr>\n<tr>\n<td class=\"label\">Shape<\/td>\n<td>N\u00e9gyzet \/ t\u00e9glalap \/ testreszab\u00e1s<\/td>\n<\/tr>\n<tr>\n<td class=\"label\">Fel\u00fcletkezel\u00e9s<\/td>\n<td>Malomf\u00e9nyez\u00e9s, elox\u00e1lt, homokf\u00fav\u00e1s, pol\u00edroz\u00e1s, elektrofor\u00e9zis, Power bevonat, faanyag stb.<\/td>\n<\/tr>\n<tr>\n<td class=\"label\">Sz\u00ednes<\/td>\n<td>M\u00edg, fekete, ez\u00fcst, bronz, arany, pezsg\u0151, s\u00f6t\u00e9t, r\u00e9z , stb.<\/td>\n<\/tr>\n<tr>\n<td class=\"label\">Tan\u00fas\u00edtv\u00e1ny<\/td>\n<td>TUV, ASTM, GB<\/td>\n<\/tr>\n<tr>\n<td class=\"label\">A  c\u00edmr\u0151l<\/td>\n<td>Guangdong, K\u00edna<\/td>\n<\/tr>\n<tr>\n<td class=\"label\">Alkalmaz\u00e1s<\/td>\n<td>Ajt\u00f3 \u00e9s ablak<\/td>\n<\/tr>\n<tr>\n<td class=\"label\">An\u00f3dos oxid\u00e1ci\u00f3s vonal<\/td>\n<td>Teljes\u00edtm\u00e9ny bevon\u00f3 vonal\uff0c<\/td>\n<\/tr>\n<\/table>\n<h2>Gy\u00e1rt\u00f3 b\u00e1zisunk<\/h2>\n<h3>Gy\u00e1ri panor\u00e1ma<\/h3>\n<p><img decoding=\"async\" src=\"\/wp-content\/uploads\/factory-01.webp\"\/><\/p>\n<h3>Alum\u00ednium r\u00fadgy\u00e1rt\u00f3 m\u0171hely<\/h3>\n<p><img decoding=\"async\" src=\"\/wp-content\/uploads\/factory-02.webp\"\/><\/p>\n<\/p>\n<p><img decoding=\"async\" src=\"\/wp-content\/uploads\/factory-03.webp\"\/><\/p>\n<h3>Pen\u00e9sz rakt\u00e1r<\/h3>\n<p><img decoding=\"async\" src=\"\/wp-content\/uploads\/factory-04.webp\"\/><\/p>\n<h3>43 alum\u00ednium extrud\u00e1l\u00f3 vonal (500-5500 tonna)<\/h3>\n<p><img decoding=\"async\" src=\"\/wp-content\/uploads\/factory-05.webp\"\/><\/p>\n<p><img decoding=\"async\" src=\"\/wp-content\/uploads\/factory-06.webp\"\/><\/p>\n<p><img decoding=\"async\" src=\"\/wp-content\/uploads\/factory-07.webp\"\/><\/p>\n<h3>Porfest\u0151 m\u0171hely<\/h3>\n<p><img decoding=\"async\" src=\"\/wp-content\/uploads\/factory-09.webp\"\/><\/p>\n<h3>Anodiz\u00e1l\u00f3 m\u0171hely<\/h3>\n<p><img decoding=\"async\" src=\"\/wp-content\/uploads\/factory-10.webp\"\/><\/p>\n<h3>M\u00e9ly feldolgoz\u00e1si m\u0171hely<\/h3>\n<p><img decoding=\"async\" src=\"\/wp-content\/uploads\/factory-11.webp\"\/><\/p>\n<h3>CNC prec\u00edzi\u00f3s megmunk\u00e1l\u00f3 m\u0171hely<\/h3>\n<p><img decoding=\"async\" src=\"\/wp-content\/uploads\/factory-11.5.webp\"\/><\/p>\n<h3>K\u00e9szterm\u00e9k \u00e9s export rakt\u00e1r<\/h3>\n<p><img decoding=\"async\" src=\"\/wp-content\/uploads\/factory-12.webp\"\/><\/p>\n<p><img decoding=\"async\" src=\"\/wp-content\/uploads\/factory-13.webp\"\/><\/p>\n<p><img decoding=\"async\" src=\"\/wp-content\/uploads\/factory-14.webp\"\/><\/p>\n<h2>GYIK<\/h2>\n<p><b>1.Mi az alum\u00ednium ablak extrud\u00e1l\u00e1s profilok?<\/b><\/p>\n<p>Az alum\u00ednium ablakprofilok speci\u00e1lisan tervezett alum\u00edniumprofilok, amelyeket a lak\u00f3- \u00e9s kereskedelmi \u00e9p\u00fcletek tart\u00f3s \u00e9s hat\u00e9kony ablakkereteinek \u00e9p\u00edt\u00e9s\u00e9hez haszn\u00e1lnak.\n<\/p>\n<p><\/p>\n<p><b>2.Mi\u00e9rt v\u00e1lassza az alum\u00ednium ablak extrud\u00e1lt profilokat?<\/b><\/p>\n<p>Kiv\u00e1l\u00f3 szil\u00e1rds\u00e1got, korr\u00f3zi\u00f3\u00e1ll\u00f3s\u00e1got \u00e9s testreszab\u00e1si lehet\u0151s\u00e9geket k\u00edn\u00e1lnak, \u00edgy ide\u00e1lisak a hossz\u00fa \u00e9lettartam\u00fa ablakmegold\u00e1sokhoz.\n<\/p>\n<p><\/p>\n<p><b>3.Vannak h\u0151szigetel\u00e9si lehet\u0151s\u00e9gek az alum\u00ednium ablak extrud\u00e1lt profilok sz\u00e1m\u00e1ra?<\/b><\/p>\n<p>Igen, az energiahat\u00e9konys\u00e1g n\u00f6vel\u00e9se \u00e9s az ablakkereten kereszt\u00fcl t\u00f6rt\u00e9n\u0151 h\u0151\u00e1tad\u00e1s cs\u00f6kkent\u00e9se \u00e9rdek\u00e9ben rendelkez\u00e9sre \u00e1llnak h\u0151szigetel\u0151 kialak\u00edt\u00e1sok.\n<\/p>\n<p><\/p>\n<p><b>4.Can alum\u00ednium ablak extrud\u00e1l\u00e1s profilok testreszabhat\u00f3?<\/b><\/p>\n<p>Igen, egyedi profilokat k\u00edn\u00e1lunk k\u00fcl\u00f6nb\u00f6z\u0151 m\u00e9retekben, form\u00e1kban \u00e9s kivitelben, hogy megfeleljenek az \u00d6n egyedi ablakrendszer-k\u00f6vetelm\u00e9nyeinek.\n<\/p>\n<p><\/p>\n<p><b>5.Milyen ablakt\u00edpusok haszn\u00e1lhatj\u00e1k az alum\u00ednium ablak extrud\u00e1l\u00e1si profilokat?<\/b><\/p>\n<p>Ezek a profilok alkalmasak tol\u00f3-, sz\u00e1rny-, napellenz\u0151s \u00e9s fix ablakokhoz.\n<\/p>\n<p><\/p>\n<p><b>6.Are alum\u00ednium ablak extrud\u00e1lt profilok id\u0151j\u00e1r\u00e1s\u00e1ll\u00f3?<\/b><\/p>\n<p>Igen, korr\u00f3zi\u00f3\u00e1ll\u00f3 alum\u00edniumb\u00f3l k\u00e9sz\u00fclnek, \u00e9s \u00fagy vannak kialak\u00edtva, hogy ellen\u00e1lljanak a k\u00fcl\u00f6nb\u00f6z\u0151 k\u00f6rnyezeti k\u00f6r\u00fclm\u00e9nyeknek.\n<\/p>\n<p><\/p>\n<p><b>7.Do alum\u00ednium ablak extrud\u00e1lt profilok t\u00e1mogatj\u00e1k a nagy \u00fcvegfel\u00fcleteket?<\/b><\/p>\n<p>Igen, szerkezeti szil\u00e1rds\u00e1guk lehet\u0151v\u00e9 teszi a nagyobb \u00fcvegt\u00e1bl\u00e1k t\u00e1mogat\u00e1s\u00e1t, mik\u00f6zben meg\u0151rzik a keret integrit\u00e1s\u00e1t \u00e9s teljes\u00edtm\u00e9ny\u00e9t.\n<\/p>\n<p><\/p>\n<p><b>8.Hol haszn\u00e1lj\u00e1k \u00e1ltal\u00e1ban az alum\u00ednium ablak extrud\u00e1lt profilokat?<\/b><\/p>\n<p>Ezeket sz\u00e9les k\u00f6rben haszn\u00e1lj\u00e1k lak\u00f3h\u00e1zakban, kereskedelmi \u00e9p\u00fcletekben, f\u00fcgg\u00f6nyfalrendszerekben \u00e9s magas\u00e9p\u00fcletekben.\n<\/p>\n<p><\/p>","protected":false},"featured_media":7612,"template":"","categories":[67],"class_list":["post-7613","product","type-product","status-publish","has-post-thumbnail","hentry","category-architectural-aluminium-profile"],"meta_box":{"hilight_text_group":{"product_hilight_text":"<li>High-strength aluminum profiles ensure window frame durability<\/li>\r\r\n<li>Excellent thermal insulation options available with thermal breaks<\/li>\r\r\n<li>Corrosion-resistant for long-term outdoor performance<\/li>\r\r\n<li>Supports various window styles including sliding, casement, and fixed<\/li>\r\r\n<li>Smooth surface finish enhances aesthetic appeal<\/li>\r\r\n<li>Available in custom sizes, colors, and finishes<\/li>\r\r\n<li>Lightweight material makes installation faster and easier<\/li>","product_chanpin_blog":"<ul>\r\r\n<li><a href=\"https:\/\/sinoextrud.com\/t-slot-v-slot-differences\/\" target=\"_blank\">t slot vs v slot<\/a><\/li>\r\r\n<li><a href=\"https:\/\/sinoextrud.com\/what-is-4040-aluminium-extrud\/\" target=\"_blank\">4040 aluminium extrusion<\/a><\/li>\r\r\n<li><a href=\"https:\/\/sinoextrud.com\/what-is-4040-aluminium-extrud\/\" target=\"_blank\">aluminum extrusions for industrial racks<\/a><\/li>\r\r\n<li><a href=\"https:\/\/sinoextrud.com\/powder-coating-aluminium-process\/\" target=\"_blank\">powder coating aluminium<\/a><\/li>\r\r\n<li><a href=\"https:\/\/sinoextrud.com\/what-is-an-aluminium-strip-ceiling\/\" target=\"_blank\">aluminium strip ceiling<\/a><\/li>\r\r\n<li><a href=\"https:\/\/sinoextrud.com\/what-is-a-heat-sink\/\" target=\"_blank\">what is a heat sink<\/a><\/li>\r\r\n<\/ul>","product_chanpin_chanpin":"<li><a href=\"https:\/\/sinoextrud.com\/product\/aluminum-extrusion-profile-rolling-shutter\/\" target=\"_blank\">Aluminum Extrusion Profile Rolling Shutter<\/a><\/li>\r\n<li><a href=\"https:\/\/sinoextrud.com\/product\/aluminum-fireproof-outdoor-terracce-decking-floor\/\" target=\"_blank\">Aluminum Fireproof Outdoor Terracce Decking Floor<\/a><\/li>\r\n<li><a href=\"https:\/\/sinoextrud.com\/product\/aluminium-profiles-for-bedroom-doors\/\" target=\"_blank\">Aluminium Profiles For Bedroom Doors<\/a><\/li>\r\n<li><a href=\"https:\/\/sinoextrud.com\/product\/extruded-aluminum-framing\/\" target=\"_blank\">Extruded Aluminum Framing<\/a><\/li>\r\n<li><a href=\"https:\/\/sinoextrud.com\/product\/aluminum-window-extrusion-profiles\/\" target=\"_blank\">Aluminum Window Extrusion Profiles<\/a><\/li>\r\n<li><a href=\"https:\/\/sinoextrud.com\/product\/extruded-aluminium-window-frames\/\" target=\"_blank\">Extruded Aluminium Window Frames<\/a><\/li>\r\n<li><a href=\"https:\/\/sinoextrud.com\/product\/profile-aluminium-extrusion-used-for-door\/\" target=\"_blank\">Profile Aluminium Extrusion Used For Door<\/a><\/li>\r\n<li><a href=\"https:\/\/sinoextrud.com\/product\/square-aluminum-extrusion\/\" target=\"_blank\">Square Aluminum Extrusion<\/a><\/li>\r\n<li><a href=\"https:\/\/sinoextrud.com\/product\/extruded-aluminum-drawer-pulls\/\" target=\"_blank\">Extruded Aluminum Drawer Pulls<\/a><\/li>\r\n<li><a href=\"https:\/\/sinoextrud.com\/product\/extruded-aluminium-channel\/\" target=\"_blank\">Extruded Aluminium Channel<\/a><\/li>\r\n<li><a href=\"https:\/\/sinoextrud.com\/product\/aluminium-profiles-doors-windows-wood-imitation\/\" target=\"_blank\">Aluminium Profiles Doors Windows Wood Imitation<\/a><\/li>"},"feature_list":[]},"_links":{"self":[{"href":"https:\/\/sinoextrud.com\/hu\/wp-json\/wp\/v2\/product\/7613","targetHints":{"allow":["GET"]}}],"collection":[{"href":"https:\/\/sinoextrud.com\/hu\/wp-json\/wp\/v2\/product"}],"about":[{"href":"https:\/\/sinoextrud.com\/hu\/wp-json\/wp\/v2\/types\/product"}],"wp:featuredmedia":[{"embeddable":true,"href":"https:\/\/sinoextrud.com\/hu\/wp-json\/wp\/v2\/media\/7612"}],"wp:attachment":[{"href":"https:\/\/sinoextrud.com\/hu\/wp-json\/wp\/v2\/media?parent=7613"}],"wp:term":[{"taxonomy":"category","embeddable":true,"href":"https:\/\/sinoextrud.com\/hu\/wp-json\/wp\/v2\/categories?post=7613"}],"curies":[{"name":"wp","href":"https:\/\/api.w.org\/{rel}","templated":true}]}}