{"id":7602,"date":"2025-06-09T02:53:20","date_gmt":"2025-06-09T02:53:20","guid":{"rendered":"https:\/\/sinoextrud.com\/product\/aluminum-extrusion-profile-rolling-shutter\/"},"modified":"2025-06-24T06:13:13","modified_gmt":"2025-06-24T06:13:13","slug":"aluminium-extrudalt-profil-gordulo-redony","status":"publish","type":"product","link":"https:\/\/sinoextrud.com\/hu\/product\/aluminum-extrusion-profile-rolling-shutter\/","title":{"rendered":"Alum\u00ednium extrud\u00e1l\u00e1s profil Rolling Shutter"},"content":{"rendered":"<h2>Term\u00e9kek r\u00e9szletei<\/h2>\n<table class=\"custom-table\">\n<tbody>\n<tr>\n<td> N\u00e9v<\/td>\n<td> Alum\u00ednium extrud\u00e1lt profil g\u00f6rd\u00fcl\u0151 red\u0151ny<\/td>\n<\/tr>\n<tr>\n<td> M\u00e1rka<\/td>\n<td> Sinoextrud\/Sinoextrud<\/td>\n<\/tr>\n<tr>\n<td> Kateg\u00f3ria<\/td>\n<td> Alum\u00ednium extrud\u00e1l\u00e1s<\/td>\n<\/tr>\n<tr>\n<td> Anyag<\/td>\n<td> Alum\u00ednium \u00f6tv\u00f6zet (6063, 6061, 6464, 6082), 1000 \u00e9s 3000 sorozat \u00e1ll rendelkez\u00e9sre.<\/td>\n<\/tr>\n<tr>\n<td> Temper<\/td>\n<td> T5-T8<\/td>\n<\/tr>\n<tr>\n<td> Hossz\u00fas\u00e1g<\/td>\n<td> A rajz szerint<\/td>\n<\/tr>\n<tr>\n<td> M\u00e9ret (mm)<\/td>\n<td> K\u00fcl\u00f6nb\u00f6z\u0151 m\u00e9ret \u00e1ll rendelkez\u00e9sre, \u00fcgyf\u00e9l rajz \u00e1ll rendelkez\u00e9sre<\/td>\n<\/tr>\n<tr>\n<td> Shape<\/td>\n<td> Testreszab\u00e1s<\/td>\n<\/tr>\n<tr>\n<td> Fel\u00fcletkezel\u00e9s<\/td>\n<td> Er\u0151bevonat; Malom k\u00e9sz, elox\u00e1lt, homokf\u00fav\u00e1s, elektrofor\u00e9zis is rendelkez\u00e9sre \u00e1ll.<\/td>\n<\/tr>\n<tr>\n<td> Sz\u00ednes<\/td>\n<td> Ez\u00fcst, fekete, arany, Champange, bronz, piros. k\u00e9k \u00e9s testre szabhatjuk a sz\u00edneket az \u00fcgyfelek mint\u00e1i alapj\u00e1n.<\/td>\n<\/tr>\n<tr>\n<td> Garancia<\/td>\n<td> BV , TUV ,ISO<\/td>\n<\/tr>\n<tr>\n<td> Standard<\/td>\n<td> K\u00f6zepes \u00e9s magas min\u0151s\u00e9g<\/td>\n<\/tr>\n<tr>\n<td> MOQ<\/td>\n<td> 200KGS minden egyes t\u00e9telre<\/td>\n<\/tr>\n<tr>\n<td> A  c\u00edmr\u0151l<\/td>\n<td> Guangdong, K\u00edna<\/td>\n<\/tr>\n<tr>\n<td> Alkalmaz\u00e1s<\/td>\n<td> Ipar, \u00e9p\u00edt\u0151ipar, dekor\u00e1ci\u00f3<\/td>\n<\/tr>\n<tr>\n<td> M\u00e9lyrehat\u00f3 feldolgoz\u00e1s<\/td>\n<td> V\u00e1g\u00e1s, f\u00far\u00e1s, megmunk\u00e1l\u00e1s, lyukaszt\u00e1s, hajl\u00edt\u00e1s, csapol\u00e1s stb.<\/td>\n<\/tr>\n<tr>\n<td> Csomag<\/td>\n<td> Bel\u00fcl v\u00e9d\u0151f\u00f3li\u00e1val, zsugorf\u00f3li\u00e1val vagy PE-habbal. K\u00edv\u00fcl doboz, karton vagy fakeret, vagy testreszab\u00e1s.<\/td>\n<\/tr>\n<tr>\n<td> Sz\u00e1ll\u00edt\u00e1si id\u0151<\/td>\n<td> A forma fejleszt\u00e9se \u00e9s a minta kialak\u00edt\u00e1sa 12-18 nap, majd a gy\u00e1rt\u00e1s id\u0151tartama 25-30 nap a vev\u0151 let\u00e9tbe helyez\u00e9se ut\u00e1n.<\/td>\n<\/tr>\n<tr>\n<td> Term\u00e9kkapacit\u00e1s<\/td>\n<td> 15 000 tonna\/h\u00f3<\/td>\n<\/tr>\n<\/tbody>\n<\/table>\n<h2>Gy\u00e1rt\u00f3 b\u00e1zisunk<\/h2>\n<h3>Gy\u00e1ri panor\u00e1ma<\/h3>\n<p><img decoding=\"async\" src=\"\/wp-content\/uploads\/factory-01.webp\"\/><\/p>\n<h3>Alum\u00ednium r\u00fadgy\u00e1rt\u00f3 m\u0171hely<\/h3>\n<p><img decoding=\"async\" src=\"\/wp-content\/uploads\/factory-02.webp\"\/><\/p>\n<\/p>\n<p><img decoding=\"async\" src=\"\/wp-content\/uploads\/factory-03.webp\"\/><\/p>\n<h3>Pen\u00e9sz rakt\u00e1r<\/h3>\n<p><img decoding=\"async\" src=\"\/wp-content\/uploads\/factory-04.webp\"\/><\/p>\n<h3>43 alum\u00ednium extrud\u00e1l\u00f3 vonal (500-5500 tonna)<\/h3>\n<p><img decoding=\"async\" src=\"\/wp-content\/uploads\/factory-05.webp\"\/><\/p>\n<p><img decoding=\"async\" src=\"\/wp-content\/uploads\/factory-06.webp\"\/><\/p>\n<p><img decoding=\"async\" src=\"\/wp-content\/uploads\/factory-07.webp\"\/><\/p>\n<h3>Porfest\u0151 m\u0171hely<\/h3>\n<p><img decoding=\"async\" src=\"\/wp-content\/uploads\/factory-09.webp\"\/><\/p>\n<h3>Anodiz\u00e1l\u00f3 m\u0171hely<\/h3>\n<p><img decoding=\"async\" src=\"\/wp-content\/uploads\/factory-10.webp\"\/><\/p>\n<h3>M\u00e9ly feldolgoz\u00e1si m\u0171hely<\/h3>\n<p><img decoding=\"async\" src=\"\/wp-content\/uploads\/factory-11.webp\"\/><\/p>\n<h3>CNC prec\u00edzi\u00f3s megmunk\u00e1l\u00f3 m\u0171hely<\/h3>\n<p><img decoding=\"async\" src=\"\/wp-content\/uploads\/factory-11.5.webp\"\/><\/p>\n<h3>K\u00e9szterm\u00e9k \u00e9s export rakt\u00e1r<\/h3>\n<p><img decoding=\"async\" src=\"\/wp-content\/uploads\/factory-12.webp\"\/><\/p>\n<p><img decoding=\"async\" src=\"\/wp-content\/uploads\/factory-13.webp\"\/><\/p>\n<p><img decoding=\"async\" src=\"\/wp-content\/uploads\/factory-14.webp\"\/><\/p>\n<h2>GYIK<\/h2>\n<p><b>1.Mi az alum\u00ednium extrud\u00e1l\u00e1s profil Rolling Shutter?<\/b><\/p>\n<p>Ez egy olyan t\u00edpus\u00fa red\u0151nyrendszer, amely extrud\u00e1lt alum\u00edniumprofilokb\u00f3l k\u00e9sz\u00fcl, szil\u00e1rds\u00e1got, id\u0151j\u00e1r\u00e1s\u00e1ll\u00f3s\u00e1got \u00e9s k\u00f6nny\u0171 kezelhet\u0151s\u00e9get k\u00edn\u00e1l.\n<\/p>\n<p><\/p>\n<p><b>2.Mi\u00e9rt v\u00e1lassza az alum\u00ednium extrud\u00e1l\u00e1st a red\u0151ny\u00f6kh\u00f6z?<\/b><\/p>\n<p>Az alum\u00ednium k\u00f6nny\u0171, korr\u00f3zi\u00f3\u00e1ll\u00f3 \u00e9s tart\u00f3s, \u00edgy ide\u00e1lis a hossz\u00fa t\u00e1v\u00fa haszn\u00e1latra mind bels\u0151, mind k\u00fcls\u0151 k\u00f6rnyezetben.\n<\/p>\n<p><\/p>\n<p><b>3.Can az alum\u00ednium red\u0151nyprofil testre szabhat\u00f3?<\/b><\/p>\n<p>Igen, egyedi hossz\u00fas\u00e1gokat, sz\u00edneket, l\u00e9cprofilokat \u00e9s fel\u00fcletkezel\u00e9seket k\u00edn\u00e1lunk a projektspecifikus ig\u00e9nyeknek megfelel\u0151en.\n<\/p>\n<p><\/p>\n<p><b>4.Alkalmasak-e ezek a profilok motoros red\u0151nyrendszerekhez?<\/b><\/p>\n<p>Igen, extrud\u00e1lt profiljaink kompatibilisek mind a k\u00e9zi, mind az automatikus red\u0151nymechanizmusokkal.\n<\/p>\n<p><\/p>\n<p><b>5.Milyen alkalmaz\u00e1sok gyakoriak az alum\u00ednium red\u0151ny\u00f6k sz\u00e1m\u00e1ra?<\/b><\/p>\n<p>Sz\u00e9les k\u00f6rben haszn\u00e1lj\u00e1k kereskedelmi \u00e9p\u00fcletekben, gar\u00e1zsokban, kirakatokban, rakt\u00e1rakban \u00e9s lak\u00f3h\u00e1zak ablakaiban.\n<\/p>\n<p><\/p>\n<p><b>6.Az alum\u00ednium red\u0151ny\u00f6k szigetel\u00e9st k\u00edn\u00e1lnak?<\/b><\/p>\n<p>Igen, h\u0151- \u00e9s hangszigetel\u00e9si el\u0151ny\u00f6ket biztos\u00edtanak, jav\u00edtj\u00e1k az energiahat\u00e9konys\u00e1got \u00e9s a zajcs\u00f6kkent\u00e9st.\n<\/p>\n<p><\/p>\n<p><b>7.A kivitel id\u0151j\u00e1r\u00e1s\u00e1ll\u00f3?<\/b><\/p>\n<p>Igen, az elox\u00e1lt vagy porsz\u00f3rt bevonat v\u00e9d a rozsda, az UV sug\u00e1rz\u00e1s \u00e9s a zord id\u0151j\u00e1r\u00e1si k\u00f6r\u00fclm\u00e9nyek ellen.\n<\/p>\n<p><\/p>\n<p><b>8.Megrendelhetem nagy t\u00e9telben nagy \u00e9p\u00edt\u00e9si projektekhez?<\/b><\/p>\n<p>Term\u00e9szetesen t\u00e1mogatjuk a t\u00f6meges megrendel\u00e9seket, egyenletes min\u0151s\u00e9ggel \u00e9s id\u0151ben t\u00f6rt\u00e9n\u0151 sz\u00e1ll\u00edt\u00e1ssal a kivitelez\u0151k \u00e9s a fejleszt\u0151k sz\u00e1m\u00e1ra.\n<\/p>\n<p><\/p>","protected":false},"featured_media":7601,"template":"","categories":[67],"class_list":["post-7602","product","type-product","status-publish","has-post-thumbnail","hentry","category-architectural-aluminium-profile"],"meta_box":{"hilight_text_group":{"product_hilight_text":"<li>High-strength aluminum extrusion provides enhanced security and durability<\/li>\r\r\n<li>Corrosion-resistant finish ideal for outdoor and coastal environments<\/li>\r\r\n<li>Lightweight design allows for smooth and quiet shutter operation<\/li>\r\r\n<li>Customizable sizes and finishes to match architectural requirements<\/li>\r\r\n<li>Efficient insulation properties for thermal and noise control<\/li>\r\r\n<li>Low maintenance and long service life for commercial and residential use<\/li>\r\r\n<li>Compatible with manual and motorized rolling shutter systems<\/li>","product_chanpin_blog":"<ul>\r\r\n<li><a href=\"https:\/\/sinoextrud.com\/t-slot-v-slot-differences\/\" target=\"_blank\">t slot vs v slot<\/a><\/li>\r\r\n<li><a href=\"https:\/\/sinoextrud.com\/what-is-4040-aluminium-extrud\/\" target=\"_blank\">4040 aluminium extrusion<\/a><\/li>\r\r\n<li><a href=\"https:\/\/sinoextrud.com\/what-is-4040-aluminium-extrud\/\" target=\"_blank\">aluminum extrusions for industrial racks<\/a><\/li>\r\r\n<li><a href=\"https:\/\/sinoextrud.com\/powder-coating-aluminium-process\/\" target=\"_blank\">powder coating aluminium<\/a><\/li>\r\r\n<li><a href=\"https:\/\/sinoextrud.com\/what-is-an-aluminium-strip-ceiling\/\" target=\"_blank\">aluminium strip ceiling<\/a><\/li>\r\r\n<li><a href=\"https:\/\/sinoextrud.com\/what-is-a-heat-sink\/\" target=\"_blank\">what is a heat sink<\/a><\/li>\r\r\n<\/ul>","product_chanpin_chanpin":"<li><a href=\"https:\/\/sinoextrud.com\/product\/aluminum-extrusion-alloys\/\" target=\"_blank\">Aluminum Extrusion Alloys<\/a><\/li>\r\n<li><a href=\"https:\/\/sinoextrud.com\/product\/aluminum-extrusion-frame\/\" target=\"_blank\">Aluminum Extrusion Frame<\/a><\/li>\r\n<li><a href=\"https:\/\/sinoextrud.com\/product\/aluminum-mirror-frame-extrusions\/\" target=\"_blank\">Aluminum Mirror Frame Extrusions<\/a><\/li>\r\n<li><a href=\"https:\/\/sinoextrud.com\/product\/aluminum-extrusion-profile-for-clean-room\/\" target=\"_blank\">Aluminum Extrusion Profile For Clean Room<\/a><\/li>\r\n<li><a href=\"https:\/\/sinoextrud.com\/product\/aluminum-extrusion-profile-rolling-shutter\/\" target=\"_blank\">Aluminum Extrusion Profile Rolling Shutter<\/a><\/li>\r\n<li><a href=\"https:\/\/sinoextrud.com\/product\/aluminum-fireproof-outdoor-terracce-decking-floor\/\" target=\"_blank\">Aluminum Fireproof Outdoor Terracce Decking Floor<\/a><\/li>\r\n<li><a href=\"https:\/\/sinoextrud.com\/product\/aluminium-profiles-for-bedroom-doors\/\" target=\"_blank\">Aluminium Profiles For Bedroom Doors<\/a><\/li>\r\n<li><a href=\"https:\/\/sinoextrud.com\/product\/extruded-aluminum-framing\/\" target=\"_blank\">Extruded Aluminum Framing<\/a><\/li>\r\n<li><a href=\"https:\/\/sinoextrud.com\/product\/aluminum-window-extrusion-profiles\/\" target=\"_blank\">Aluminum Window Extrusion Profiles<\/a><\/li>\r\n<li><a href=\"https:\/\/sinoextrud.com\/product\/aluminum-z-extrusion\/\" target=\"_blank\">Aluminum Z Extrusion<\/a><\/li>\r\n<li><a href=\"https:\/\/sinoextrud.com\/product\/aluminium-window-and-door-profiles\/\" target=\"_blank\">Aluminium Window And Door Profiles<\/a><\/li>"},"feature_list":[]},"_links":{"self":[{"href":"https:\/\/sinoextrud.com\/hu\/wp-json\/wp\/v2\/product\/7602","targetHints":{"allow":["GET"]}}],"collection":[{"href":"https:\/\/sinoextrud.com\/hu\/wp-json\/wp\/v2\/product"}],"about":[{"href":"https:\/\/sinoextrud.com\/hu\/wp-json\/wp\/v2\/types\/product"}],"wp:featuredmedia":[{"embeddable":true,"href":"https:\/\/sinoextrud.com\/hu\/wp-json\/wp\/v2\/media\/7601"}],"wp:attachment":[{"href":"https:\/\/sinoextrud.com\/hu\/wp-json\/wp\/v2\/media?parent=7602"}],"wp:term":[{"taxonomy":"category","embeddable":true,"href":"https:\/\/sinoextrud.com\/hu\/wp-json\/wp\/v2\/categories?post=7602"}],"curies":[{"name":"wp","href":"https:\/\/api.w.org\/{rel}","templated":true}]}}