{"id":7600,"date":"2025-06-09T02:51:03","date_gmt":"2025-06-09T02:51:03","guid":{"rendered":"https:\/\/sinoextrud.com\/product\/aluminum-extrusion-profile-for-clean-room\/"},"modified":"2025-06-24T06:13:13","modified_gmt":"2025-06-24T06:13:13","slug":"aluminium-extrudalt-profil-tiszta-helyiseghez","status":"publish","type":"product","link":"https:\/\/sinoextrud.com\/hu\/product\/aluminum-extrusion-profile-for-clean-room\/","title":{"rendered":"Alum\u00ednium extrud\u00e1l\u00e1s profil a tiszta helyis\u00e9ghez"},"content":{"rendered":"<h2>Term\u00e9kek r\u00e9szletei<\/h2>\n<table class=\"custom-table\">\n<tbody>\n<tr>\n<td> Term\u00e9k neve<\/td>\n<td> Alum\u00ednium extrud\u00e1l\u00e1s profil a tiszta helyis\u00e9ghez<\/td>\n<\/tr>\n<tr>\n<td> Anyag<\/td>\n<td> 6063-T5 vagy m\u00e1s k\u00e9rt anyag<\/td>\n<\/tr>\n<tr>\n<td> Shape<\/td>\n<td> Testreszab\u00e1s<\/td>\n<\/tr>\n<tr>\n<td> Vastags\u00e1g<\/td>\n<td> 0.7mm-10mm<\/td>\n<\/tr>\n<tr>\n<td> M\u00e9ret<\/td>\n<td> Az \u00fcgyf\u00e9l rajza vagy mint\u00e1ja szerint<\/td>\n<\/tr>\n<tr>\n<td> Hossz\u00fas\u00e1g<\/td>\n<td> Standard hossz\u00fas\u00e1g 1-9M, k\u00fcl\u00f6nleges hossz\u00fas\u00e1g el\u00e9rhet\u0151<\/td>\n<\/tr>\n<tr>\n<td> Tipikus alkalmaz\u00e1sok<\/td>\n<td> Tiszta szoba, pormentes \u00fczem stb.<\/td>\n<\/tr>\n<tr>\n<td> Egy\u00e9ni t\u00edpus<\/td>\n<td> Megl\u00e9v\u0151 \u00f6nt\u0151forma m\u00e9rete\/rajz vagy az \u00fcgyf\u00e9l \u00e1ltal biztos\u00edtott minta<\/td>\n<\/tr>\n<tr>\n<td> M\u00e9ly folyamat<\/td>\n<td> CNC mar\u00e1s, f\u00far\u00e1s, lyukaszt\u00e1s, f\u00far\u00e1s, csapol\u00e1s, hajl\u00edt\u00e1s, hegeszt\u00e9s stb.<\/td>\n<\/tr>\n<tr>\n<td> M\u00e1rka<\/td>\n<td> Sinoextrud, Sinoextrud,, egyedi v\u00e9djegy avalaible<\/td>\n<\/tr>\n<tr>\n<td> Fel\u00fcletkezel\u00e9s<\/td>\n<td> Malom k\u00e9sz, elox\u00e1lt, porsz\u00f3rt stb.<\/td>\n<\/tr>\n<tr>\n<td> Sz\u00ednes<\/td>\n<td> Ez\u00fcst vagy m\u00e1s egyedi sz\u00edn<\/td>\n<\/tr>\n<tr>\n<td> MOQ<\/td>\n<td> 200KG<\/td>\n<\/tr>\n<tr>\n<td> Min\u0151s\u00e9gi szabv\u00e1ny<\/td>\n<td> K\u00f6z\u00e9p- \u00e9s magas min\u0151s\u00e9gi szint<\/td>\n<\/tr>\n<tr>\n<td> Tan\u00fas\u00edtv\u00e1nyok<\/td>\n<td> ISO9001, ISO4001, CQM, SGS, CE, BV stb.<\/td>\n<\/tr>\n<tr>\n<td> Gy\u00e1ri termel\u00e9si k\u00e9pess\u00e9g<\/td>\n<td> T\u00f6bb mint 15 000 tonna havonta<\/td>\n<\/tr>\n<tr>\n<td> Csomagol\u00e1s<\/td>\n<td> Bel\u00fcl v\u00e9d\u0151f\u00f3li\u00e1val vagy m\u0171anyag zacsk\u00f3val, PE-habbal.K\u00edv\u00fcl kartonnal, f\u00e1b\u00f3l k\u00e9sz\u00fclt kerettel vagy m\u00e1s egyedi csomagol\u00e1si m\u00f3dszerrel.<\/td>\n<\/tr>\n<\/tbody>\n<\/table>\n<h2>Gy\u00e1rt\u00f3 b\u00e1zisunk<\/h2>\n<h3>Gy\u00e1ri panor\u00e1ma<\/h3>\n<p><img decoding=\"async\" src=\"\/wp-content\/uploads\/factory-01.webp\"\/><\/p>\n<h3>Alum\u00ednium r\u00fadgy\u00e1rt\u00f3 m\u0171hely<\/h3>\n<p><img decoding=\"async\" src=\"\/wp-content\/uploads\/factory-02.webp\"\/><\/p>\n<\/p>\n<p><img decoding=\"async\" src=\"\/wp-content\/uploads\/factory-03.webp\"\/><\/p>\n<h3>Pen\u00e9sz rakt\u00e1r<\/h3>\n<p><img decoding=\"async\" src=\"\/wp-content\/uploads\/factory-04.webp\"\/><\/p>\n<h3>43 alum\u00ednium extrud\u00e1l\u00f3 vonal (500-5500 tonna)<\/h3>\n<p><img decoding=\"async\" src=\"\/wp-content\/uploads\/factory-05.webp\"\/><\/p>\n<p><img decoding=\"async\" src=\"\/wp-content\/uploads\/factory-06.webp\"\/><\/p>\n<p><img decoding=\"async\" src=\"\/wp-content\/uploads\/factory-07.webp\"\/><\/p>\n<h3>Porfest\u0151 m\u0171hely<\/h3>\n<p><img decoding=\"async\" src=\"\/wp-content\/uploads\/factory-09.webp\"\/><\/p>\n<h3>Anodiz\u00e1l\u00f3 m\u0171hely<\/h3>\n<p><img decoding=\"async\" src=\"\/wp-content\/uploads\/factory-10.webp\"\/><\/p>\n<h3>M\u00e9ly feldolgoz\u00e1si m\u0171hely<\/h3>\n<p><img decoding=\"async\" src=\"\/wp-content\/uploads\/factory-11.webp\"\/><\/p>\n<h3>CNC prec\u00edzi\u00f3s megmunk\u00e1l\u00f3 m\u0171hely<\/h3>\n<p><img decoding=\"async\" src=\"\/wp-content\/uploads\/factory-11.5.webp\"\/><\/p>\n<h3>K\u00e9szterm\u00e9k \u00e9s export rakt\u00e1r<\/h3>\n<p><img decoding=\"async\" src=\"\/wp-content\/uploads\/factory-12.webp\"\/><\/p>\n<p><img decoding=\"async\" src=\"\/wp-content\/uploads\/factory-13.webp\"\/><\/p>\n<p><img decoding=\"async\" src=\"\/wp-content\/uploads\/factory-14.webp\"\/><\/p>\n<h2>GYIK<\/h2>\n<p><b>1.Mi az alum\u00ednium extrud\u00e1l\u00e1si profil a tiszta helyis\u00e9ghez?<\/b><\/p>\n<p>Ez egy prec\u00edzi\u00f3san megtervezett alum\u00edniumprofil, amelyet steril tisztaszobai k\u00f6rnyezetekben keretrendszerek, v\u00e1laszfalak \u00e9s berendez\u00e9start\u00f3k \u00e9p\u00edt\u00e9s\u00e9re haszn\u00e1lnak.\n<\/p>\n<p><\/p>\n<p><b>2.Mi\u00e9rt ide\u00e1lis az alum\u00ednium extrud\u00e1l\u00e1s a tisztatermekhez?<\/b><\/p>\n<p>Az alum\u00ednium k\u00f6nny\u0171, korr\u00f3zi\u00f3\u00e1ll\u00f3 \u00e9s k\u00f6nnyen tiszt\u00edthat\u00f3, \u00edgy t\u00f6k\u00e9letes a szennyez\u0151d\u00e9sre \u00e9rz\u00e9keny k\u00f6rnyezetekben, p\u00e9ld\u00e1ul tisztatermekben.\n<\/p>\n<p><\/p>\n<p><b>3.T\u00e1mogathatj\u00e1k-e ezek a profilok a modul\u00e1ris fel\u00e9p\u00edt\u00e9st?<\/b><\/p>\n<p>Igen, a legt\u00f6bb tisztat\u00e9ri alum\u00ednium profil T-ny\u00edl\u00e1sokkal rendelkezik a modul\u00e1ris \u00f6sszeszerel\u00e9shez, ami leegyszer\u0171s\u00edti a tervez\u00e9si v\u00e1ltoztat\u00e1sokat \u00e9s b\u0151v\u00edt\u00e9seket.\n<\/p>\n<p><\/p>\n<p><b>4.Milyen fel\u00fcletkezel\u00e9sek \u00e1llnak rendelkez\u00e9sre a tisztat\u00e9ri alum\u00ednium profilokhoz?<\/b><\/p>\n<p>A gyakori kezel\u00e9sek k\u00f6z\u00e9 tartozik az elox\u00e1l\u00e1s \u00e9s a porfest\u00e9s, amelyek jav\u00edtj\u00e1k a tart\u00f3ss\u00e1got \u00e9s a k\u00e9miai ellen\u00e1ll\u00e1st steril k\u00f6rnyezetben.\n<\/p>\n<p><\/p>\n<p><b>5.Ezek a profilok kompatibilisek a tisztat\u00e9ri panelekkel \u00e9s sz\u0171r\u0151kkel?<\/b><\/p>\n<p>Igen, \u00fagy tervezt\u00e9k \u0151ket, hogy z\u00f6kken\u0151mentesen integr\u00e1l\u00f3djanak a tisztaterek paneleivel, mennyezeteivel, HEPA-sz\u0171r\u0151ivel \u00e9s \u00e1tj\u00e1r\u00f3ablakokkal.\n<\/p>\n<p><\/p>\n<p><b>6.K\u00edn\u00e1l egyedi profilm\u00e9reteket speci\u00e1lis tisztat\u00e9r-projektekhez?<\/b><\/p>\n<p>Igen, az \u00d6n \u00e9p\u00edt\u00e9szeti \u00e9s m\u0171szaki k\u00f6vetelm\u00e9nyei alapj\u00e1n egyedi m\u00e9reteket, form\u00e1kat \u00e9s el\u0151munk\u00e1latokat tudunk k\u00e9sz\u00edteni.\n<\/p>\n<p><\/p>\n<p><b>7.Hol haszn\u00e1lj\u00e1k ezeket az alum\u00ednium profilokat?<\/b><\/p>\n<p>Sz\u00e9les k\u00f6rben haszn\u00e1lj\u00e1k \u0151ket a gy\u00f3gyszeripari, f\u00e9lvezet\u0151ipari, biotechnol\u00f3giai, \u00e9lelmiszer-feldolgoz\u00f3 \u00e9s orvosi gy\u00e1rt\u00e1si tisztatermekben.\n<\/p>\n<p><\/p>\n<p><b>8.K\u00f6nnyen tiszt\u00edthat\u00f3 \u00e9s karbantarthat\u00f3 a profil?<\/b><\/p>\n<p>Igen, a sima elox\u00e1lt fel\u00fclet ellen\u00e1ll a bakt\u00e9riumok felhalmoz\u00f3d\u00e1s\u00e1nak, \u00e9s k\u00f6nnyen fert\u0151tlen\u00edthet\u0151 a szok\u00e1sos tisztat\u00e9ri tiszt\u00edt\u00f3szerekkel.\n<\/p>\n<p><\/p>","protected":false},"featured_media":7599,"template":"","categories":[67],"class_list":["post-7600","product","type-product","status-publish","has-post-thumbnail","hentry","category-architectural-aluminium-profile"],"meta_box":{"hilight_text_group":{"product_hilight_text":"<li>High-precision aluminum extrusion ensures cleanroom-grade assembly<\/li>\r\r\n<li>Corrosion-resistant and easy-to-clean surface ideal for sterile environments<\/li>\r\r\n<li>Modular T-slot design allows flexible and tool-free installation<\/li>\r\r\n<li>Lightweight yet strong, reducing structural load while maintaining stability<\/li>\r\r\n<li>Compatible with cleanroom panels, doors, and air filtration systems<\/li>\r\r\n<li>Available in anodized or powder-coated finishes for added protection<\/li>\r\r\n<li>Custom profiles, sizes, and machining available for specific cleanroom layouts<\/li>","product_chanpin_blog":"<ul>\r\r\n<li><a href=\"https:\/\/sinoextrud.com\/t-slot-v-slot-differences\/\" target=\"_blank\">t slot vs v slot<\/a><\/li>\r\r\n<li><a href=\"https:\/\/sinoextrud.com\/what-is-4040-aluminium-extrud\/\" target=\"_blank\">4040 aluminium extrusion<\/a><\/li>\r\r\n<li><a href=\"https:\/\/sinoextrud.com\/what-is-4040-aluminium-extrud\/\" target=\"_blank\">aluminum extrusions for industrial racks<\/a><\/li>\r\r\n<li><a href=\"https:\/\/sinoextrud.com\/powder-coating-aluminium-process\/\" target=\"_blank\">powder coating aluminium<\/a><\/li>\r\r\n<li><a href=\"https:\/\/sinoextrud.com\/what-is-an-aluminium-strip-ceiling\/\" target=\"_blank\">aluminium strip ceiling<\/a><\/li>\r\r\n<li><a href=\"https:\/\/sinoextrud.com\/what-is-a-heat-sink\/\" target=\"_blank\">what is a heat sink<\/a><\/li>\r\r\n<\/ul>","product_chanpin_chanpin":"<li><a href=\"https:\/\/sinoextrud.com\/product\/triangular-aluminium-extrusion\/\" target=\"_blank\">Triangular Aluminium Extrusion<\/a><\/li>\r\n<li><a href=\"https:\/\/sinoextrud.com\/product\/aluminum-extrusion-alloys\/\" target=\"_blank\">Aluminum Extrusion Alloys<\/a><\/li>\r\n<li><a href=\"https:\/\/sinoextrud.com\/product\/aluminum-extrusion-frame\/\" target=\"_blank\">Aluminum Extrusion Frame<\/a><\/li>\r\n<li><a href=\"https:\/\/sinoextrud.com\/product\/aluminum-mirror-frame-extrusions\/\" target=\"_blank\">Aluminum Mirror Frame Extrusions<\/a><\/li>\r\n<li><a href=\"https:\/\/sinoextrud.com\/product\/aluminum-extrusion-profile-for-clean-room\/\" target=\"_blank\">Aluminum Extrusion Profile For Clean Room<\/a><\/li>\r\n<li><a href=\"https:\/\/sinoextrud.com\/product\/aluminum-extrusion-profile-rolling-shutter\/\" target=\"_blank\">Aluminum Extrusion Profile Rolling Shutter<\/a><\/li>\r\n<li><a href=\"https:\/\/sinoextrud.com\/product\/aluminum-fireproof-outdoor-terracce-decking-floor\/\" target=\"_blank\">Aluminum Fireproof Outdoor Terracce Decking Floor<\/a><\/li>\r\n<li><a href=\"https:\/\/sinoextrud.com\/product\/aluminium-profiles-for-bedroom-doors\/\" target=\"_blank\">Aluminium Profiles For Bedroom Doors<\/a><\/li>\r\n<li><a href=\"https:\/\/sinoextrud.com\/product\/extruded-aluminum-framing\/\" target=\"_blank\">Extruded Aluminum Framing<\/a><\/li>\r\n<li><a href=\"https:\/\/sinoextrud.com\/product\/anodized-aluminium-extrusion-profile-for-frame-construction-system\/\" target=\"_blank\">Anodized aluminium extrusion profile for frame construction system<\/a><\/li>\r\n<li><a href=\"https:\/\/sinoextrud.com\/product\/anodizing-aluminium-alloy-wire-slot\/\" target=\"_blank\">Anodizing Aluminium Alloy Wire Slot<\/a><\/li>"},"feature_list":[]},"_links":{"self":[{"href":"https:\/\/sinoextrud.com\/hu\/wp-json\/wp\/v2\/product\/7600","targetHints":{"allow":["GET"]}}],"collection":[{"href":"https:\/\/sinoextrud.com\/hu\/wp-json\/wp\/v2\/product"}],"about":[{"href":"https:\/\/sinoextrud.com\/hu\/wp-json\/wp\/v2\/types\/product"}],"wp:featuredmedia":[{"embeddable":true,"href":"https:\/\/sinoextrud.com\/hu\/wp-json\/wp\/v2\/media\/7599"}],"wp:attachment":[{"href":"https:\/\/sinoextrud.com\/hu\/wp-json\/wp\/v2\/media?parent=7600"}],"wp:term":[{"taxonomy":"category","embeddable":true,"href":"https:\/\/sinoextrud.com\/hu\/wp-json\/wp\/v2\/categories?post=7600"}],"curies":[{"name":"wp","href":"https:\/\/api.w.org\/{rel}","templated":true}]}}