{"id":7582,"date":"2025-06-09T02:31:34","date_gmt":"2025-06-09T02:31:34","guid":{"rendered":"https:\/\/sinoextrud.com\/product\/aluminum-alloy-6061-h-beams-aluminum-for-medical-clean-room-aluminum-extrusion-t-slot-i-beams-profile-dust-free-frame\/"},"modified":"2025-06-24T06:13:10","modified_gmt":"2025-06-24T06:13:10","slug":"aluminium-otvozet-6061-h-gerendak-aluminium-orvosi-tiszta-szoba-aluminium-extrudalas-t-slot-i-gerendak-profil-pormentes-keret","status":"publish","type":"product","link":"https:\/\/sinoextrud.com\/hu\/product\/aluminum-alloy-6061-h-beams-aluminum-for-medical-clean-room-aluminum-extrusion-t-slot-i-beams-profile-dust-free-frame\/","title":{"rendered":"Alum\u00ednium \u00f6tv\u00f6zet 6061 H gerend\u00e1k alum\u00ednium orvosi tiszta szoba alum\u00ednium extrud\u00e1l\u00e1s T slot I gerend\u00e1k profil pormentes keret"},"content":{"rendered":"<h2>Term\u00e9kek r\u00e9szletei<\/h2>\n<table class=\"custom-table\">\n<tbody>\n<tr>\n<td> T\u00e9tel:<\/td>\n<td> Alum\u00ednium \u00f6tv\u00f6zet 6061 H gerend\u00e1k alum\u00ednium orvosi tiszta szoba alum\u00ednium extrud\u00e1l\u00e1s T slot I gerend\u00e1k profil pormentes keret<\/td>\n<td> Oszt\u00e1ly:<\/td>\n<td> 6000-es sorozat<\/td>\n<\/tr>\n<tr>\n<td> Lelkiismeretesen:<\/td>\n<td> T5, T6<\/td>\n<td> Sz\u00e1rmaz\u00e1si hely:<\/td>\n<td> Foshan, Guangdong<\/td>\n<\/tr>\n<tr>\n<td> Alak:<\/td>\n<td> I gerenda, H gerenda, T r\u00e9s<\/td>\n<td> \u00d6tv\u00f6zet vagy sem:<\/td>\n<td> Az \u00f6tv\u00f6zet<\/td>\n<\/tr>\n<tr>\n<td> Anyag:<\/td>\n<td> 6061, 6063, 7075<\/td>\n<td> M\u00e1rka:<\/td>\n<td> Sinoextrud<\/td>\n<\/tr>\n<tr>\n<td> Sz\u00edn:<\/td>\n<td> Testreszabott Clolor<\/td>\n<td> Fel\u00fcletkezel\u00e9s:<\/td>\n<td> Malom k\u00e9sz, elox\u00e1lt, porsz\u00f3r\u00e1s, csiszolt, homokf\u00fav\u00e1s, faanyag\u00fa<\/td>\n<\/tr>\n<tr>\n<td> Sz\u00e1ll\u00edt\u00e1si id\u0151:<\/td>\n<td> 25-30 nappal a let\u00e9t elfogad\u00e1sa ut\u00e1n<\/td>\n<td> MOQ:<\/td>\n<td> 200KG minden egyes t\u00e9telre<\/td>\n<\/tr>\n<tr>\n<td> Fizet\u00e9si hat\u00e1rid\u0151:<\/td>\n<td> 30% let\u00e9t, 70% egyenleg sz\u00e1ll\u00edt\u00e1s el\u0151tt<\/td>\n<td> Feldolgoz\u00f3 szolg\u00e1ltat\u00e1s:<\/td>\n<td> Hajl\u00edt\u00e1s, tekercsel\u00e9s, hegeszt\u00e9s, lyukaszt\u00e1s, v\u00e1g\u00e1s<\/td>\n<\/tr>\n<tr>\n<td> Kik\u00f6t\u0151:<\/td>\n<td> Guangzhou, Shenzhen<\/td>\n<td> Garancia:<\/td>\n<td> \u00fcgyf\u00e9ltan\u00fas\u00edtv\u00e1ny, mint p\u00e9ld\u00e1ul BV, Soncap, ISO<\/td>\n<\/tr>\n<tr>\n<td> Hossz\u00fas\u00e1g:<\/td>\n<td> 1-9m vagy testreszabott<\/td>\n<td> Haszn\u00e1lat:<\/td>\n<td> Belt\u00e9ri haszn\u00e1latra<\/td>\n<\/tr>\n<\/tbody>\n<\/table>\n<h2>Gy\u00e1rt\u00f3 b\u00e1zisunk<\/h2>\n<h3>Gy\u00e1ri panor\u00e1ma<\/h3>\n<p><img decoding=\"async\" src=\"\/wp-content\/uploads\/factory-01.webp\"\/><\/p>\n<h3>Alum\u00ednium r\u00fadgy\u00e1rt\u00f3 m\u0171hely<\/h3>\n<p><img decoding=\"async\" src=\"\/wp-content\/uploads\/factory-02.webp\"\/><\/p>\n<p><img decoding=\"async\" src=\"\/wp-content\/uploads\/factory-03.webp\"\/><\/p>\n<h3>Pen\u00e9sz rakt\u00e1r<\/h3>\n<p><img decoding=\"async\" src=\"\/wp-content\/uploads\/factory-04.webp\"\/><\/p>\n<h3>43 alum\u00ednium extrud\u00e1l\u00f3 vonal (500-5500 tonna)<\/h3>\n<p><img decoding=\"async\" src=\"\/wp-content\/uploads\/factory-05.webp\"\/><\/p>\n<p><img decoding=\"async\" src=\"\/wp-content\/uploads\/factory-06.webp\"\/><\/p>\n<p><img decoding=\"async\" src=\"\/wp-content\/uploads\/factory-07.webp\"\/><\/p>\n<h3>Porfest\u0151 m\u0171hely<\/h3>\n<p><img decoding=\"async\" src=\"\/wp-content\/uploads\/factory-09.webp\"\/><\/p>\n<h3>Anodiz\u00e1l\u00f3 m\u0171hely<\/h3>\n<p><img decoding=\"async\" src=\"\/wp-content\/uploads\/factory-10.webp\"\/><\/p>\n<h3>M\u00e9ly feldolgoz\u00e1si m\u0171hely<\/h3>\n<p><img decoding=\"async\" src=\"\/wp-content\/uploads\/factory-11.webp\"\/><\/p>\n<h3>CNC prec\u00edzi\u00f3s megmunk\u00e1l\u00f3 m\u0171hely<\/h3>\n<p><img decoding=\"async\" src=\"\/wp-content\/uploads\/factory-11.5.webp\"\/><\/p>\n<h3>K\u00e9szterm\u00e9k \u00e9s export rakt\u00e1r<\/h3>\n<p><img decoding=\"async\" src=\"\/wp-content\/uploads\/factory-12.webp\"\/><\/p>\n<p><img decoding=\"async\" src=\"\/wp-content\/uploads\/factory-13.webp\"\/><\/p>\n<p><img decoding=\"async\" src=\"\/wp-content\/uploads\/factory-14.webp\"\/><\/p>\n<h2>GYIK<\/h2>\n<p><p><b>1.Mi az alum\u00ednium \u00f6tv\u00f6zet 6061 H Beam haszn\u00e1lt tiszta helyis\u00e9gekben?<\/b><\/p>\n<p>A 6061 alum\u00ednium H gerend\u00e1kat szil\u00e1rds\u00e1guk, korr\u00f3zi\u00f3\u00e1ll\u00f3s\u00e1guk \u00e9s tisztas\u00e1guk miatt pormentes keretek \u00e9p\u00edt\u00e9s\u00e9re haszn\u00e1lj\u00e1k orvosi tisztaszob\u00e1kban.<br \/>\n<\/p><br \/>\n<br \/>\n<p><b>2.Mi\u00e9rt v\u00e1lassza a 6061 alum\u00edniumot az orvosi tisztaszobai szerkezetekhez?<\/b><\/p>\n<p>A 6061 alum\u00ednium kiv\u00e1l\u00f3 mechanikai szil\u00e1rds\u00e1got \u00e9s korr\u00f3zi\u00f3\u00e1ll\u00f3s\u00e1got biztos\u00edt, \u00e9s nem m\u00e1gneses, \u00edgy ide\u00e1lis a tisztaszobai k\u00f6rnyezethez.<br \/>\n<\/p><br \/>\n<br \/>\n<p><b>3.Mik a T Slot \u00e9s I Beam profilok el\u0151nyei?<\/b><\/p>\n<p>A T Slot \u00e9s I Beam profilok modul\u00e1ris fel\u00e9p\u00edt\u00e9st, k\u00f6nny\u0171 \u00f6sszeszerel\u00e9st \u00e9s a k\u00fcl\u00f6nb\u00f6z\u0151 tisztaszobai panelekkel \u00e9s berendez\u00e9sekkel val\u00f3 integr\u00e1ci\u00f3t tesznek lehet\u0151v\u00e9.<br \/>\n<\/p><br \/>\n<br \/>\n<p><b>4.Ez az alum\u00ednium extrud\u00e1l\u00e1s alkalmas pormentes k\u00f6rnyezetre?<\/b><\/p>\n<p>Igen, sima, elox\u00e1lt fel\u00fcletekkel rendelkezik, amelyek megakad\u00e1lyozz\u00e1k a r\u00e9szecsk\u00e9k felhalmoz\u00f3d\u00e1s\u00e1t, \u00e9s megfelelnek a tisztaszobai higi\u00e9niai el\u0151\u00edr\u00e1soknak.<br \/>\n<\/p><br \/>\n<br \/>\n<p><b>5.Lehet ezeket a profilokat testre szabni?<\/b><\/p>\n<p>Igen, egyedi m\u00e9reteket, fel\u00fcletkezel\u00e9st \u00e9s megmunk\u00e1l\u00e1st k\u00edn\u00e1lunk, hogy megfeleljen a projekt vagy a tisztaterem elrendez\u00e9s\u00e9nek egyedi k\u00f6vetelm\u00e9nyeinek.<br \/>\n<\/p><br \/>\n<br \/>\n<p><b>6.K\u00f6nny\u0171 ezeket a profilokat telep\u00edteni?<\/b><\/p>\n<p>Igen, a szabv\u00e1nyos\u00edtott ny\u00edl\u00e1sokkal ell\u00e1tott modul\u00e1ris kialak\u00edt\u00e1s gyors \u00e9s szersz\u00e1mbar\u00e1t \u00f6sszeszerel\u00e9st tesz lehet\u0151v\u00e9, minim\u00e1lis karbantart\u00e1s mellett.<br \/>\n<\/p><br \/>\n<br \/>\n<p><b>7.Milyen ipar\u00e1gak haszn\u00e1lj\u00e1k ezt a fajta extrud\u00e1l\u00e1st?<\/b><\/p>\n<p>Gyakori alkalmaz\u00e1sok k\u00f6z\u00e9 tartoznak a gy\u00f3gyszeripar, a biotechnol\u00f3gia, az elektronikai gy\u00e1rt\u00e1s \u00e9s az orvosi berendez\u00e9sek burkolatai.<br \/>\n<\/p><br \/>\n<br \/>\n<p><b>8.Ellen\u00e1ll-e az anyag a korr\u00f3zi\u00f3nak steriliz\u00e1lt k\u00f6rnyezetben?<\/b><\/p>\n<p>Igen, az elox\u00e1lt 6061-es alum\u00ednium rendk\u00edv\u00fcl ellen\u00e1ll\u00f3 a korr\u00f3zi\u00f3val, a fert\u0151tlen\u00edt\u0151szerekkel \u00e9s a steril k\u00f6rnyezetben haszn\u00e1lt tiszt\u00edt\u00f3szerekkel szemben.<br \/>\n<\/p><br \/><\/p>","protected":false},"featured_media":7581,"template":"","categories":[67],"class_list":["post-7582","product","type-product","status-publish","has-post-thumbnail","hentry","category-architectural-aluminium-profile"],"meta_box":{"hilight_text_group":{"product_hilight_text":"<li>Made from high-strength 6061 aluminum alloy for structural reliability<\/li>\r\r\n<li>Ideal for medical clean rooms requiring dust-free, non-corrosive framing<\/li>\r\r\n<li>T Slot and I Beam profiles enable modular and flexible assembly<\/li>\r\r\n<li>Corrosion-resistant and easy to clean for hygienic environments<\/li>\r\r\n<li>Lightweight yet rigid structure reduces installation complexity<\/li>\r\r\n<li>Precision extrusion ensures compatibility with industrial connectors and panels<\/li>\r\r\n<li>Customizable sizes and finishes for specific clean room applications<\/li>","product_chanpin_blog":"<ul>\r\r\n<li><a href=\"https:\/\/sinoextrud.com\/t-slot-v-slot-differences\/\" target=\"_blank\">t slot vs v slot<\/a><\/li>\r\r\n<li><a href=\"https:\/\/sinoextrud.com\/what-is-4040-aluminium-extrud\/\" target=\"_blank\">4040 aluminium extrusion<\/a><\/li>\r\r\n<li><a href=\"https:\/\/sinoextrud.com\/what-is-4040-aluminium-extrud\/\" target=\"_blank\">aluminum extrusions for industrial racks<\/a><\/li>\r\r\n<li><a href=\"https:\/\/sinoextrud.com\/powder-coating-aluminium-process\/\" target=\"_blank\">powder coating aluminium<\/a><\/li>\r\r\n<li><a href=\"https:\/\/sinoextrud.com\/what-is-an-aluminium-strip-ceiling\/\" target=\"_blank\">aluminium strip ceiling<\/a><\/li>\r\r\n<li><a href=\"https:\/\/sinoextrud.com\/what-is-a-heat-sink\/\" target=\"_blank\">what is a heat sink<\/a><\/li>\r\r\n<\/ul>","product_chanpin_chanpin":"<li><a href=\"https:\/\/sinoextrud.com\/product\/extruded-aluminum-louver-blade-profile\/\" target=\"_blank\">Extruded Aluminum Louver Blade Profile<\/a><\/li>\r\n<li><a href=\"https:\/\/sinoextrud.com\/product\/aluminum-curtain-wall-extrusion\/\" target=\"_blank\">Aluminum Curtain Wall Extrusion<\/a><\/li>\r\n<li><a href=\"https:\/\/sinoextrud.com\/product\/aluminium-v-slot-extrusion\/\" target=\"_blank\">Aluminium V Slot Extrusion<\/a><\/li>\r\n<li><a href=\"https:\/\/sinoextrud.com\/product\/aluminium-windows-with-mosquito-net-profile-catalog-uses-best-factory-price-per-pound\/\" target=\"_blank\">aluminium windows with mosquito net profile catalog uses best Factory Price per pound<\/a><\/li>\r\n<li><a href=\"https:\/\/sinoextrud.com\/product\/aluminum-alloy-6061-h-beams-aluminum-for-medical-clean-room-aluminum-extrusion-t-slot-i-beams-profile-dust-free-frame\/\" target=\"_blank\">Aluminum Alloy 6061 H Beams Aluminum For Medical Clean Room Aluminum Extrusion T Slot I Beams Profile Dust-free Frame<\/a><\/li>\r\n<li><a href=\"https:\/\/sinoextrud.com\/product\/extruded-profiles-aluminium\/\" target=\"_blank\">Extruded Profiles Aluminium<\/a><\/li>\r\n<li><a href=\"https:\/\/sinoextrud.com\/product\/customized-extruded-aluminum-flat-bar-profile\/\" target=\"_blank\">Customized Extruded Aluminum Flat Bar Profile<\/a><\/li>\r\n<li><a href=\"https:\/\/sinoextrud.com\/product\/aluminum-window-frames-mosquito-netting-suppliers\/\" target=\"_blank\">Aluminum Window Frames Mosquito Netting Suppliers<\/a><\/li>\r\n<li><a href=\"https:\/\/sinoextrud.com\/product\/anodized-aluminum-kitchen-profile-for-handle-price\/\" target=\"_blank\">Anodized Aluminum Kitchen Profile For Handle Price<\/a><\/li>\r\n<li><a href=\"https:\/\/sinoextrud.com\/product\/aluminium-solar-panel-frame-profile\/\" target=\"_blank\">Aluminium Solar Panel Frame Profile<\/a><\/li>\r\n<li><a href=\"https:\/\/sinoextrud.com\/product\/aluminum-alloy-wall-decoration-edge-trim-strip\/\" target=\"_blank\">Aluminum Alloy Wall Decoration Edge Trim Strip<\/a><\/li>"},"feature_list":[]},"_links":{"self":[{"href":"https:\/\/sinoextrud.com\/hu\/wp-json\/wp\/v2\/product\/7582","targetHints":{"allow":["GET"]}}],"collection":[{"href":"https:\/\/sinoextrud.com\/hu\/wp-json\/wp\/v2\/product"}],"about":[{"href":"https:\/\/sinoextrud.com\/hu\/wp-json\/wp\/v2\/types\/product"}],"wp:featuredmedia":[{"embeddable":true,"href":"https:\/\/sinoextrud.com\/hu\/wp-json\/wp\/v2\/media\/7581"}],"wp:attachment":[{"href":"https:\/\/sinoextrud.com\/hu\/wp-json\/wp\/v2\/media?parent=7582"}],"wp:term":[{"taxonomy":"category","embeddable":true,"href":"https:\/\/sinoextrud.com\/hu\/wp-json\/wp\/v2\/categories?post=7582"}],"curies":[{"name":"wp","href":"https:\/\/api.w.org\/{rel}","templated":true}]}}