{"id":7574,"date":"2025-06-09T02:01:22","date_gmt":"2025-06-09T02:01:22","guid":{"rendered":"https:\/\/sinoextrud.com\/product\/extruded-aluminum-louver-blade-profile\/"},"modified":"2025-06-24T06:13:08","modified_gmt":"2025-06-24T06:13:08","slug":"extrudalt-aluminium-lamellas-profil","status":"publish","type":"product","link":"https:\/\/sinoextrud.com\/hu\/product\/extruded-aluminum-louver-blade-profile\/","title":{"rendered":"Extrud\u00e1lt alum\u00ednium lamell\u00e1s profil"},"content":{"rendered":"<h2>Term\u00e9kek r\u00e9szletei<\/h2>\n<table class=\"custom-table\">\n<tr>\n<td class=\"label\">T\u00e9tel neve<\/td>\n<td>Extrud\u00e1lt alum\u00ednium lamellaprofil<\/td>\n<\/tr>\n<tr>\n<td class=\"label\">Anyagmin\u0151s\u00e9g<\/td>\n<td>6000-es sorozat\u00fa \u00f6tv\u00f6zet (6061,6063,6463,6082)<\/td>\n<\/tr>\n<tr>\n<td class=\"label\">Temper<\/td>\n<td>T5-T6<\/td>\n<\/tr>\n<tr>\n<td class=\"label\">Technol\u00f3gia<\/td>\n<td>Alum\u00ednium extrud\u00e1l\u00e1s<\/td>\n<\/tr>\n<tr>\n<td class=\"label\">Fel\u00fcletkezel\u00e9s<\/td>\n<td>Elox\u00e1l\u00e1s, porsz\u00f3r\u00e1s, homokf\u00fav\u00e1s, elektrofor\u00e9zis, fluorocarbon stb.<\/td>\n<\/tr>\n<tr>\n<td class=\"label\">Sz\u00ednes<\/td>\n<td>Testreszabott<\/td>\n<\/tr>\n<tr>\n<td class=\"label\">Anodiz\u00e1l\u00e1s vastags\u00e1ga<\/td>\n<td>8-25 um<\/td>\n<\/tr>\n<tr>\n<td class=\"label\">Teljes\u00edtm\u00e9ny Bevonat vastags\u00e1ga<\/td>\n<td>40-120 um<\/td>\n<\/tr>\n<tr>\n<td class=\"label\">Shape<\/td>\n<td>A rajzokt\u00f3l f\u00fcgg<\/td>\n<\/tr>\n<tr>\n<td class=\"label\">Hossz\u00fas\u00e1g<\/td>\n<td>A szabv\u00e1nyos hossz 1m-9m, vagy testreszabhat\u00f3<\/td>\n<\/tr>\n<tr>\n<td class=\"label\">M\u00e9lyrehat\u00f3 feldolgoz\u00e1s<\/td>\n<td>v\u00e1g\u00e1s, f\u00far\u00e1s, lyukaszt\u00e1s, hajl\u00edt\u00e1s stb.<\/td>\n<\/tr>\n<tr>\n<td class=\"label\">2D&amp;3D tervez\u00e9s<\/td>\n<td>Auto CAD, 3D, AI, SLD, PRT. IGS, PDF, JPEG stb.<\/td>\n<\/tr>\n<tr>\n<td class=\"label\">Min\u0151s\u00e9gellen\u0151rz\u00e9s<\/td>\n<td>1.SO J\u00f3v\u00e1hagyva.<br \/>\n2.CE j\u00f3v\u00e1hagyott<br \/>\n3.Helysz\u00edni ellen\u0151rz\u00e9s.<br \/>\n4.Sz\u00e1ll\u00edt\u00e1s el\u0151tti ellen\u0151rz\u00e9s.<br \/>\n5.<\/td>\n<\/tr>\n<tr>\n<td class=\"label\">Csomagol\u00e1si r\u00e9szletek<\/td>\n<td>(1) Bel\u00fcl: m\u0171anyag v\u00e9d\u0151f\u00f3li\u00e1val csomagolva az egyes darabok v\u00e9delme \u00e9rdek\u00e9ben<br \/>\n(2) K\u00edv\u00fcl: V\u00edz\u00e1ll\u00f3 k\u00e9zm\u0171ves pap\u00edrral csomagolva.<\/td>\n<\/tr>\n<tr>\n<td class=\"label\">Sz\u00e1ll\u00edt\u00e1s<\/td>\n<td>(1) Szersz\u00e1mfejleszt\u00e9s \u00e9s mintatesztel\u00e9s: 12-18 nap.<br \/>\n(2) A t\u00f6megtermel\u00e9s befejez\u0151d\u00f6tt: 20-30 nap, miut\u00e1n a mint\u00e1t a vev\u0151 meger\u0151s\u00edtette.<\/td>\n<\/tr>\n<tr>\n<td class=\"label\">Fizet\u00e9si hat\u00e1rid\u0151<\/td>\n<td>T \/ T 30% let\u00e9tbe helyez\u00e9s, egyenleg a sz\u00e1ll\u00edt\u00e1s el\u0151tt.<\/td>\n<\/tr>\n<\/table>\n<h2>Gy\u00e1rt\u00f3 b\u00e1zisunk<\/h2>\n<h3>Gy\u00e1ri panor\u00e1ma<\/h3>\n<p><img decoding=\"async\" src=\"\/wp-content\/uploads\/factory-01.webp\"\/><\/p>\n<h3>Alum\u00ednium r\u00fadgy\u00e1rt\u00f3 m\u0171hely<\/h3>\n<p><img decoding=\"async\" src=\"\/wp-content\/uploads\/factory-02.webp\"\/><\/p>\n<\/p>\n<p><img decoding=\"async\" src=\"\/wp-content\/uploads\/factory-03.webp\"\/><\/p>\n<h3>Pen\u00e9sz rakt\u00e1r<\/h3>\n<p><img decoding=\"async\" src=\"\/wp-content\/uploads\/factory-04.webp\"\/><\/p>\n<h3>43 alum\u00ednium extrud\u00e1l\u00f3 vonal (500-5500 tonna)<\/h3>\n<p><img decoding=\"async\" src=\"\/wp-content\/uploads\/factory-05.webp\"\/><\/p>\n<p><img decoding=\"async\" src=\"\/wp-content\/uploads\/factory-06.webp\"\/><\/p>\n<p><img decoding=\"async\" src=\"\/wp-content\/uploads\/factory-07.webp\"\/><\/p>\n<h3>Porfest\u0151 m\u0171hely<\/h3>\n<p><img decoding=\"async\" src=\"\/wp-content\/uploads\/factory-09.webp\"\/><\/p>\n<h3>Anodiz\u00e1l\u00f3 m\u0171hely<\/h3>\n<p><img decoding=\"async\" src=\"\/wp-content\/uploads\/factory-10.webp\"\/><\/p>\n<h3>M\u00e9ly feldolgoz\u00e1si m\u0171hely<\/h3>\n<p><img decoding=\"async\" src=\"\/wp-content\/uploads\/factory-11.webp\"\/><\/p>\n<h3>CNC prec\u00edzi\u00f3s megmunk\u00e1l\u00f3 m\u0171hely<\/h3>\n<p><img decoding=\"async\" src=\"\/wp-content\/uploads\/factory-11.5.webp\"\/><\/p>\n<h3>K\u00e9szterm\u00e9k \u00e9s export rakt\u00e1r<\/h3>\n<p><img decoding=\"async\" src=\"\/wp-content\/uploads\/factory-12.webp\"\/><\/p>\n<p><img decoding=\"async\" src=\"\/wp-content\/uploads\/factory-13.webp\"\/><\/p>\n<p><img decoding=\"async\" src=\"\/wp-content\/uploads\/factory-14.webp\"\/><\/p>\n<h2>GYIK<\/h2>\n<p><b>1.What egy extrud\u00e1lt alum\u00ednium Louver Blade profil?<\/b><\/p>\n<p>Ez egy speci\u00e1lisan tervezett alum\u00ednium sajtolt lemez, amelyet a l\u00e9g\u00e1raml\u00e1s, a f\u00e9ny \u00e9s a mag\u00e1nszf\u00e9ra szab\u00e1lyoz\u00e1s\u00e1ra haszn\u00e1lt lamellarendszerekben haszn\u00e1lnak \u00e9p\u00edt\u00e9szeti vagy ipari alkalmaz\u00e1sokban.\n<\/p>\n<p><\/p>\n<p><b>2.Mi\u00e9rt v\u00e1lassza az alum\u00edniumot a lamell\u00e1s profilokhoz?<\/b><\/p>\n<p>Az alum\u00ednium kiv\u00e1l\u00f3 szil\u00e1rds\u00e1g\/t\u00f6meg ar\u00e1nyt, korr\u00f3zi\u00f3\u00e1ll\u00f3s\u00e1got \u00e9s tart\u00f3ss\u00e1got k\u00edn\u00e1l, \u00edgy ide\u00e1lis belt\u00e9ri \u00e9s k\u00fclt\u00e9ri lamell\u00e1khoz egyar\u00e1nt.\n<\/p>\n<p><\/p>\n<p><b>3.Can alum\u00ednium lamell\u00e1k testre szabhat\u00f3ak?<\/b><\/p>\n<p>Igen, az extrud\u00e1lt alum\u00ednium lamell\u00e1k testre szabhat\u00f3k a hossz, az alak, a sz\u00f6g \u00e9s a kivitel tekintet\u00e9ben, hogy megfeleljenek az egyedi tervez\u00e9si \u00e9s teljes\u00edtm\u00e9nyig\u00e9nyeknek.\n<\/p>\n<p><\/p>\n<p><b>4.Mik az extrud\u00e1lt alum\u00ednium lamell\u00e1k f\u0151 alkalmaz\u00e1sai?<\/b><\/p>\n<p>Nap\u00e1rny\u00e9kol\u00f3 rendszerekben, \u00e9p\u00fcletfalakban, szell\u0151ztet\u0151panelekben, szell\u0151z\u0151kben \u00e9s HVAC-rendszerekben haszn\u00e1lj\u00e1k \u0151ket.\n<\/p>\n<p><\/p>\n<p><b>5.Az alum\u00ednium lamell\u00e1k id\u0151j\u00e1r\u00e1s\u00e1ll\u00f3ak?<\/b><\/p>\n<p>Az alum\u00ednium lamell\u00e1k rendk\u00edv\u00fcl ellen\u00e1ll\u00f3ak a rozsd\u00e1val, az UV-sugarakkal \u00e9s a sz\u00e9ls\u0151s\u00e9ges id\u0151j\u00e1r\u00e1si k\u00f6r\u00fclm\u00e9nyekkel szemben.\n<\/p>\n<p><\/p>\n<p><b>6.Az alum\u00ednium lamell\u00e1s profilok jav\u00edtj\u00e1k az energiahat\u00e9konys\u00e1got?<\/b><\/p>\n<p>Igen, a napf\u00e9ny \u00e9s a l\u00e9g\u00e1raml\u00e1s szab\u00e1lyoz\u00e1s\u00e1val hozz\u00e1j\u00e1rulnak a belt\u00e9ri h\u0171t\u00e9si terhek cs\u00f6kkent\u00e9s\u00e9hez \u00e9s az \u00e9p\u00fclet energiateljes\u00edtm\u00e9ny\u00e9nek jav\u00edt\u00e1s\u00e1hoz.\n<\/p>\n<p><\/p>\n<p><b>7.Milyen fel\u00fcletkezel\u00e9s \u00e9rhet\u0151 el az alum\u00ednium lamell\u00e1khoz?<\/b><\/p>\n<p>A rendelkez\u00e9sre \u00e1ll\u00f3 kivitelek k\u00f6z\u00e9 tartozik az elox\u00e1l\u00e1s, a porfest\u00e9s \u00e9s a PVDF-bevonat a fokozott v\u00e9delem \u00e9s az eszt\u00e9tikai megjelen\u00e9s \u00e9rdek\u00e9ben.\n<\/p>\n<p><\/p>","protected":false},"featured_media":7573,"template":"","categories":[67],"class_list":["post-7574","product","type-product","status-publish","has-post-thumbnail","hentry","category-architectural-aluminium-profile"],"meta_box":{"hilight_text_group":{"product_hilight_text":"<li>High-strength aluminum extrusion ensures long-lasting structural integrity<\/li>\r\r\n<li>Lightweight design allows for easy installation and reduced load<\/li>\r\r\n<li>Excellent corrosion resistance for outdoor and architectural use<\/li>\r\r\n<li>Aerodynamic louver blade design enhances airflow and sun shading<\/li>\r\r\n<li>Customizable sizes, shapes, and finishes for diverse applications<\/li>\r\r\n<li>Ideal for ventilation systems, fa?ades, sunshades, and privacy screens<\/li>","product_chanpin_blog":"<ul>\r\r\n<li><a href=\"https:\/\/sinoextrud.com\/t-slot-v-slot-differences\/\" target=\"_blank\">t slot vs v slot<\/a><\/li>\r\r\n<li><a href=\"https:\/\/sinoextrud.com\/what-is-4040-aluminium-extrud\/\" target=\"_blank\">4040 aluminium extrusion<\/a><\/li>\r\r\n<li><a href=\"https:\/\/sinoextrud.com\/what-is-4040-aluminium-extrud\/\" target=\"_blank\">aluminum extrusions for industrial racks<\/a><\/li>\r\r\n<li><a href=\"https:\/\/sinoextrud.com\/powder-coating-aluminium-process\/\" target=\"_blank\">powder coating aluminium<\/a><\/li>\r\r\n<li><a href=\"https:\/\/sinoextrud.com\/what-is-an-aluminium-strip-ceiling\/\" target=\"_blank\">aluminium strip ceiling<\/a><\/li>\r\r\n<li><a href=\"https:\/\/sinoextrud.com\/what-is-a-heat-sink\/\" target=\"_blank\">what is a heat sink<\/a><\/li>\r\r\n<\/ul>","product_chanpin_chanpin":"<li><a href=\"https:\/\/sinoextrud.com\/product\/aluminium-screen-door-extrusions\/\" target=\"_blank\">Aluminium Screen Door Extrusions<\/a><\/li>\r\n<li><a href=\"https:\/\/sinoextrud.com\/product\/anodized-colorful-oem-aluminium-profile-for-decoration-furniture-accessory-price\/\" target=\"_blank\">Anodized Colorful OEM Aluminium Profile For Decoration Furniture Accessory price<\/a><\/li>\r\n<li><a href=\"https:\/\/sinoextrud.com\/product\/sliver-anodized-aluminum-extrusions-kitchen-cabinets-profiles-frame\/\" target=\"_blank\">Sliver Anodized Aluminum Extrusions Kitchen Cabinets Profiles Frame<\/a><\/li>\r\n<li><a href=\"https:\/\/sinoextrud.com\/product\/oem-aluminum-manufacturing-processes-cnc-machining\/\" target=\"_blank\">OEM Aluminum Manufacturing Processes CNC Machining<\/a><\/li>\r\n<li><a href=\"https:\/\/sinoextrud.com\/product\/extruded-aluminum-louver-blade-profile\/\" target=\"_blank\">Extruded Aluminum Louver Blade Profile<\/a><\/li>\r\n<li><a href=\"https:\/\/sinoextrud.com\/product\/aluminum-curtain-wall-extrusion\/\" target=\"_blank\">Aluminum Curtain Wall Extrusion<\/a><\/li>\r\n<li><a href=\"https:\/\/sinoextrud.com\/product\/aluminium-v-slot-extrusion\/\" target=\"_blank\">Aluminium V Slot Extrusion<\/a><\/li>\r\n<li><a href=\"https:\/\/sinoextrud.com\/product\/aluminium-windows-with-mosquito-net-profile-catalog-uses-best-factory-price-per-pound\/\" target=\"_blank\">aluminium windows with mosquito net profile catalog uses best Factory Price per pound<\/a><\/li>\r\n<li><a href=\"https:\/\/sinoextrud.com\/product\/aluminum-alloy-6061-h-beams-aluminum-for-medical-clean-room-aluminum-extrusion-t-slot-i-beams-profile-dust-free-frame\/\" target=\"_blank\">Aluminum Alloy 6061 H Beams Aluminum For Medical Clean Room Aluminum Extrusion T Slot I Beams Profile Dust-free Frame<\/a><\/li>\r\n<li><a href=\"https:\/\/sinoextrud.com\/product\/c-shaped-wind-resistant-linear-ceiling-system\/\" target=\"_blank\">C-Shaped Wind-Resistant Linear Ceiling System<\/a><\/li>\r\n<li><a href=\"https:\/\/sinoextrud.com\/product\/aluminum-profile-for-solar-panel\/\" target=\"_blank\">Aluminum Profile For Solar Panel<\/a><\/li>"},"feature_list":[]},"_links":{"self":[{"href":"https:\/\/sinoextrud.com\/hu\/wp-json\/wp\/v2\/product\/7574","targetHints":{"allow":["GET"]}}],"collection":[{"href":"https:\/\/sinoextrud.com\/hu\/wp-json\/wp\/v2\/product"}],"about":[{"href":"https:\/\/sinoextrud.com\/hu\/wp-json\/wp\/v2\/types\/product"}],"wp:featuredmedia":[{"embeddable":true,"href":"https:\/\/sinoextrud.com\/hu\/wp-json\/wp\/v2\/media\/7573"}],"wp:attachment":[{"href":"https:\/\/sinoextrud.com\/hu\/wp-json\/wp\/v2\/media?parent=7574"}],"wp:term":[{"taxonomy":"category","embeddable":true,"href":"https:\/\/sinoextrud.com\/hu\/wp-json\/wp\/v2\/categories?post=7574"}],"curies":[{"name":"wp","href":"https:\/\/api.w.org\/{rel}","templated":true}]}}