{"id":7570,"date":"2025-06-09T01:55:09","date_gmt":"2025-06-09T01:55:09","guid":{"rendered":"https:\/\/sinoextrud.com\/product\/sliver-anodized-aluminum-extrusions-kitchen-cabinets-profiles-frame\/"},"modified":"2025-06-24T06:13:08","modified_gmt":"2025-06-24T06:13:08","slug":"szurke-eloxalt-aluminium-extrudalt-konyhaszekrenyek-profilok-kerete","status":"publish","type":"product","link":"https:\/\/sinoextrud.com\/hu\/product\/sliver-anodized-aluminum-extrusions-kitchen-cabinets-profiles-frame\/","title":{"rendered":"Sliver elox\u00e1lt alum\u00ednium extrud\u00e1l\u00e1s konyhaszekr\u00e9nyek profilok keret"},"content":{"rendered":"<h2>Term\u00e9kek r\u00e9szletei<\/h2>\n<table class=\"custom-table\">\n<tr>\n<td class=\"label\">M\u00e1rkan\u00e9v<\/td>\n<td>Sliver elox\u00e1lt alum\u00ednium extrud\u00e1l\u00e1s konyhaszekr\u00e9nyek profilok keret<\/td>\n<\/tr>\n<tr>\n<td class=\"label\">Anyag<\/td>\n<td>6063 T5 \u00f6tv\u00f6zet<\/td>\n<\/tr>\n<tr>\n<td class=\"label\">Alkalmaz\u00e1s<\/td>\n<td>Nagy \u00e1tm\u00e9r\u0151j\u0171 alum\u00ednium cs\u0151<\/td>\n<\/tr>\n<tr>\n<td class=\"label\">Tan\u00fas\u00edtv\u00e1ny<\/td>\n<td>ISO9001, ISO14001<\/td>\n<\/tr>\n<tr>\n<td class=\"label\">K\u00e9pess\u00e9g<\/td>\n<td>\u00c9ves termel\u00e9s t\u00f6bb mint 200 000 tonna<\/td>\n<\/tr>\n<tr>\n<td class=\"label\">Sz\u00ednes<\/td>\n<td>Testreszabott el\u00e9rhet\u0151<\/td>\n<\/tr>\n<tr>\n<td class=\"label\">Hossz\u00fas\u00e1g<\/td>\n<td>1-9 m\u00e9ter vagy testreszabott<\/td>\n<\/tr>\n<tr>\n<td class=\"label\">Vastags\u00e1g<\/td>\n<td>Testreszabott<\/td>\n<\/tr>\n<tr>\n<td class=\"label\">Fel\u00fcletkezel\u00e9s<\/td>\n<td>malom kivitel, elox\u00e1l\u00e1s, porsz\u00f3r\u00e1s, fa szemcs\u00e9s \u00e1tvitel, bevonat stb.<\/td>\n<\/tr>\n<tr>\n<td class=\"label\">Alkalmaz\u00e1s<\/td>\n<td>ablak- \u00e9s ajt\u00f3szakasz, korl\u00e1t, f\u00fcgg\u00f6nyfal<br \/>\nRakod\u00e1s , Foshan kik\u00f6t\u0151<\/td>\n<\/tr>\n<tr>\n<td class=\"label\">Fizet\u00e9s<\/td>\n<td>T \/ T, 30% el\u0151leg, m\u00edg az egyenleget a sz\u00e1ll\u00edt\u00e1s el\u0151tt kell kifizetni<\/td>\n<\/tr>\n<tr>\n<td class=\"label\">Csomag<\/td>\n<td>1.Inside: m\u0171anyag v\u00e9d\u0151f\u00f3li\u00e1val csomagolva az egyes profilok v\u00e9delme \u00e9rdek\u00e9ben<\/td>\n<\/tr>\n<tr>\n<td class=\"label\"><\/td>\n<td>2.Outside: v\u00edz\u00e1ll\u00f3 k\u00e9zm\u0171ves pap\u00edrral csomagolva<\/td>\n<\/tr>\n<tr>\n<td class=\"label\">Sz\u00e1ll\u00edt\u00e1s<\/td>\n<td>25-30 nappal az el\u0151leg befizet\u00e9se ut\u00e1n<\/td>\n<\/tr>\n<tr>\n<td class=\"label\">Rendez\u00e9si sorrend<\/td>\n<td>1. Er\u0151s\u00edtse meg a rajzokat, a fel\u00fcletkezel\u00e9st \u00e9s az \u00e1rat;<\/td>\n<\/tr>\n<tr>\n<td class=\"label\"><\/td>\n<td>2. Fizesse ki a formad\u00edjat, \u00e9s elkezdj\u00fck a form\u00e1k elk\u00e9sz\u00edt\u00e9s\u00e9t;<\/td>\n<\/tr>\n<tr>\n<td class=\"label\"><\/td>\n<td>3. Mint\u00e1kat k\u00fcld\u00fcnk \u00d6nnek a meger\u0151s\u00edt\u00e9shez;<\/td>\n<\/tr>\n<tr>\n<td class=\"label\"><\/td>\n<td>4. Tegye meg a 30% let\u00e9t kifizet\u00e9s\u00e9t, kezdje meg a gy\u00e1rt\u00e1st;<\/td>\n<\/tr>\n<\/table>\n<h2>Gy\u00e1rt\u00f3 b\u00e1zisunk<\/h2>\n<h3>Gy\u00e1ri panor\u00e1ma<\/h3>\n<p><img decoding=\"async\" src=\"\/wp-content\/uploads\/factory-01.webp\"\/><\/p>\n<h3>Alum\u00ednium r\u00fadgy\u00e1rt\u00f3 m\u0171hely<\/h3>\n<p><img decoding=\"async\" src=\"\/wp-content\/uploads\/factory-02.webp\"\/><\/p>\n<\/p>\n<p><img decoding=\"async\" src=\"\/wp-content\/uploads\/factory-03.webp\"\/><\/p>\n<h3>Pen\u00e9sz rakt\u00e1r<\/h3>\n<p><img decoding=\"async\" src=\"\/wp-content\/uploads\/factory-04.webp\"\/><\/p>\n<h3>43 alum\u00ednium extrud\u00e1l\u00f3 vonal (500-5500 tonna)<\/h3>\n<p><img decoding=\"async\" src=\"\/wp-content\/uploads\/factory-05.webp\"\/><\/p>\n<p><img decoding=\"async\" src=\"\/wp-content\/uploads\/factory-06.webp\"\/><\/p>\n<p><img decoding=\"async\" src=\"\/wp-content\/uploads\/factory-07.webp\"\/><\/p>\n<h3>Porfest\u0151 m\u0171hely<\/h3>\n<p><img decoding=\"async\" src=\"\/wp-content\/uploads\/factory-09.webp\"\/><\/p>\n<h3>Anodiz\u00e1l\u00f3 m\u0171hely<\/h3>\n<p><img decoding=\"async\" src=\"\/wp-content\/uploads\/factory-10.webp\"\/><\/p>\n<h3>M\u00e9ly feldolgoz\u00e1si m\u0171hely<\/h3>\n<p><img decoding=\"async\" src=\"\/wp-content\/uploads\/factory-11.webp\"\/><\/p>\n<h3>CNC prec\u00edzi\u00f3s megmunk\u00e1l\u00f3 m\u0171hely<\/h3>\n<p><img decoding=\"async\" src=\"\/wp-content\/uploads\/factory-11.5.webp\"\/><\/p>\n<h3>K\u00e9szterm\u00e9k \u00e9s export rakt\u00e1r<\/h3>\n<p><img decoding=\"async\" src=\"\/wp-content\/uploads\/factory-12.webp\"\/><\/p>\n<p><img decoding=\"async\" src=\"\/wp-content\/uploads\/factory-13.webp\"\/><\/p>\n<p><img decoding=\"async\" src=\"\/wp-content\/uploads\/factory-14.webp\"\/><\/p>\n<h2>GYIK<\/h2>\n<p><b>1.Mi az ez\u00fcst elox\u00e1lt alum\u00ednium extrud\u00e1l\u00e1s a konyhaszekr\u00e9ny keretekhez?<\/b><\/p>\n<p>Ezek ez\u00fcst elox\u00e1lt alum\u00edniumprofilok, amelyeket szerkezeti \u00e9s dekorat\u00edv keretk\u00e9nt haszn\u00e1lnak konyhaszekr\u00e9nyrendszerekben.\n<\/p>\n<p><\/p>\n<p><b>2.Mi\u00e9rt v\u00e1lassza az ez\u00fcst elox\u00e1lt alum\u00ednium profilokat a konyhaszekr\u00e9nyekhez?<\/b><\/p>\n<p>Az ez\u00fcst elox\u00e1lt profilok modern megjelen\u00e9st, korr\u00f3zi\u00f3\u00e1ll\u00f3s\u00e1got \u00e9s hossz\u00fa \u00e9lettartamot biztos\u00edtanak - ide\u00e1lis konyhai k\u00f6rnyezetbe.\n<\/p>\n<p><\/p>\n<p><b>3.Ezek az alum\u00ednium szekr\u00e9nyprofilok tart\u00f3sak?<\/b><\/p>\n<p>Igen, az elox\u00e1lt fel\u00fclet v\u00e9d a karcol\u00e1sok, a nedvess\u00e9g \u00e9s a kop\u00e1s ellen, \u00edgy hossz\u00fa t\u00e1v\u00fa haszn\u00e1latot biztos\u00edt a nagy forgalm\u00fa konyhai ter\u00fcleteken.\n<\/p>\n<p><\/p>\n<p><b>4.Can alum\u00ednium extrud\u00e1lt profilok testreszabhat\u00f3 konyhai projektekhez?<\/b><\/p>\n<p>Term\u00e9szetesen a profilok m\u00e9retben, keresztmetszetben \u00e9s kivitelben testre szabhat\u00f3k, hogy megfeleljenek a k\u00fcl\u00f6nb\u00f6z\u0151 szekr\u00e9nyst\u00edlusoknak \u00e9s elrendez\u00e9si k\u00f6vetelm\u00e9nyeknek.\n<\/p>\n<p><\/p>\n<p><b>5.Milyen anyagok kompatibilisek ezekkel az alum\u00ednium szekr\u00e9nykeretekkel?<\/b><\/p>\n<p>Ezek a keretek j\u00f3l illeszkednek az \u00fcveg, fa, akril \u00e9s kompozit panelekhez, \u00e9s rugalmass\u00e1got biztos\u00edtanak a szekr\u00e9nyek kialak\u00edt\u00e1s\u00e1ban.\n<\/p>\n<p><\/p>\n<p><b>6.Az elox\u00e1lt fel\u00fclet k\u00f6nnyen tiszt\u00edthat\u00f3 \u00e9s karbantarthat\u00f3?<\/b><\/p>\n<p>Igen, a sima elox\u00e1lt fel\u00fclet k\u00f6nnyen let\u00f6r\u00f6lhet\u0151 \u00e9s minim\u00e1lis karbantart\u00e1st ig\u00e9nyel - ide\u00e1lis az elfoglalt konyh\u00e1ban.\n<\/p>\n<p><\/p>\n<p><b>7.Alkalmasak-e az ez\u00fcst elox\u00e1lt profilok mind a lakoss\u00e1gi, mind a kereskedelmi konyh\u00e1khoz?<\/b><\/p>\n<p>Igen, eleg\u00e1ns kialak\u00edt\u00e1suk \u00e9s tart\u00f3ss\u00e1guk miatt t\u00f6k\u00e9letesek otthoni \u00e9s kereskedelmi konyhai alkalmaz\u00e1sokhoz egyar\u00e1nt.\n<\/p>\n<p><\/p>","protected":false},"featured_media":7569,"template":"","categories":[67],"class_list":["post-7570","product","type-product","status-publish","has-post-thumbnail","hentry","category-architectural-aluminium-profile"],"meta_box":{"hilight_text_group":{"product_hilight_text":"<li>Silver anodized finish provides a sleek, modern appearance<\/li>\r\r\n<li>Corrosion-resistant surface ideal for humid kitchen environments<\/li>\r\r\n<li>Lightweight yet durable aluminum for long-term cabinet structure<\/li>\r\r\n<li>Precision extrusions ensure tight fit and easy assembly<\/li>\r\r\n<li>Compatible with various panel materials like glass and wood<\/li>\r\r\n<li>Customizable profiles to match different kitchen design needs<\/li>","product_chanpin_blog":"<ul>\r\r\n<li><a href=\"https:\/\/sinoextrud.com\/t-slot-v-slot-differences\/\" target=\"_blank\">t slot vs v slot<\/a><\/li>\r\r\n<li><a href=\"https:\/\/sinoextrud.com\/what-is-4040-aluminium-extrud\/\" target=\"_blank\">4040 aluminium extrusion<\/a><\/li>\r\r\n<li><a href=\"https:\/\/sinoextrud.com\/what-is-4040-aluminium-extrud\/\" target=\"_blank\">aluminum extrusions for industrial racks<\/a><\/li>\r\r\n<li><a href=\"https:\/\/sinoextrud.com\/powder-coating-aluminium-process\/\" target=\"_blank\">powder coating aluminium<\/a><\/li>\r\r\n<li><a href=\"https:\/\/sinoextrud.com\/what-is-an-aluminium-strip-ceiling\/\" target=\"_blank\">aluminium strip ceiling<\/a><\/li>\r\r\n<li><a href=\"https:\/\/sinoextrud.com\/what-is-a-heat-sink\/\" target=\"_blank\">what is a heat sink<\/a><\/li>\r\r\n<\/ul>","product_chanpin_chanpin":"<li><a href=\"https:\/\/sinoextrud.com\/product\/aluminum-section-window\/\" target=\"_blank\">Aluminum Section Window<\/a><\/li>\r\n<li><a href=\"https:\/\/sinoextrud.com\/product\/aluminum-u-profile-glass-railing\/\" target=\"_blank\">Aluminum U profile Glass Railing<\/a><\/li>\r\n<li><a href=\"https:\/\/sinoextrud.com\/product\/aluminium-screen-door-extrusions\/\" target=\"_blank\">Aluminium Screen Door Extrusions<\/a><\/li>\r\n<li><a href=\"https:\/\/sinoextrud.com\/product\/anodized-colorful-oem-aluminium-profile-for-decoration-furniture-accessory-price\/\" target=\"_blank\">Anodized Colorful OEM Aluminium Profile For Decoration Furniture Accessory price<\/a><\/li>\r\n<li><a href=\"https:\/\/sinoextrud.com\/product\/sliver-anodized-aluminum-extrusions-kitchen-cabinets-profiles-frame\/\" target=\"_blank\">Sliver Anodized Aluminum Extrusions Kitchen Cabinets Profiles Frame<\/a><\/li>\r\n<li><a href=\"https:\/\/sinoextrud.com\/product\/oem-aluminum-manufacturing-processes-cnc-machining\/\" target=\"_blank\">OEM Aluminum Manufacturing Processes CNC Machining<\/a><\/li>\r\n<li><a href=\"https:\/\/sinoextrud.com\/product\/extruded-aluminum-louver-blade-profile\/\" target=\"_blank\">Extruded Aluminum Louver Blade Profile<\/a><\/li>\r\n<li><a href=\"https:\/\/sinoextrud.com\/product\/aluminum-curtain-wall-extrusion\/\" target=\"_blank\">Aluminum Curtain Wall Extrusion<\/a><\/li>\r\n<li><a href=\"https:\/\/sinoextrud.com\/product\/aluminium-v-slot-extrusion\/\" target=\"_blank\">Aluminium V Slot Extrusion<\/a><\/li>\r\n<li><a href=\"https:\/\/sinoextrud.com\/product\/40x40-aluminium-profile\/\" target=\"_blank\">40\u00c3\u201440 Aluminium Profile<\/a><\/li>\r\n<li><a href=\"https:\/\/sinoextrud.com\/product\/indoor-and-outdoor-aluminium-louver-profile\/\" target=\"_blank\">Indoor and Outdoor Aluminium Louver Profile<\/a><\/li>"},"feature_list":[]},"_links":{"self":[{"href":"https:\/\/sinoextrud.com\/hu\/wp-json\/wp\/v2\/product\/7570","targetHints":{"allow":["GET"]}}],"collection":[{"href":"https:\/\/sinoextrud.com\/hu\/wp-json\/wp\/v2\/product"}],"about":[{"href":"https:\/\/sinoextrud.com\/hu\/wp-json\/wp\/v2\/types\/product"}],"wp:featuredmedia":[{"embeddable":true,"href":"https:\/\/sinoextrud.com\/hu\/wp-json\/wp\/v2\/media\/7569"}],"wp:attachment":[{"href":"https:\/\/sinoextrud.com\/hu\/wp-json\/wp\/v2\/media?parent=7570"}],"wp:term":[{"taxonomy":"category","embeddable":true,"href":"https:\/\/sinoextrud.com\/hu\/wp-json\/wp\/v2\/categories?post=7570"}],"curies":[{"name":"wp","href":"https:\/\/api.w.org\/{rel}","templated":true}]}}